{"id":945,"date":"2026-01-30T15:56:22","date_gmt":"2026-01-30T07:56:22","guid":{"rendered":"https:\/\/www.gkcpro.com\/?post_type=product&#038;p=945"},"modified":"2026-03-02T11:26:24","modified_gmt":"2026-03-02T03:26:24","slug":"10x8-shipping-container","status":"publish","type":"product","link":"https:\/\/www.gkcpro.com\/pt\/product\/10x8-shipping-container\/","title":{"rendered":"Cont\u00eainer de transporte 10\u00d78 - Fabricante de cont\u00eaineres"},"content":{"rendered":"<h1 data-start=\"363\" data-end=\"430\">Contentor de Carga 10\u00d78: A Solu\u00e7\u00e3o Ideal de Armazenamento e Transporte<\/h1>\n<p data-start=\"432\" data-end=\"817\">Se procura uma solu\u00e7\u00e3o de armazenamento vers\u00e1til e dur\u00e1vel, o nosso <strong data-start=\"500\" data-end=\"527\">contentor de carga 10\u00d78<\/strong> \u00e9 a escolha perfeita. Fabricado pela <strong data-start=\"567\" data-end=\"595\">Container House Co., Ltd<\/strong>, este contentor foi concebido para empresas e particulares que necessitam de op\u00e7\u00f5es de armazenamento seguras, fi\u00e1veis e acess\u00edveis. Quer seja para armazenamento, expedi\u00e7\u00e3o ou transporte, os nossos <strong data-start=\"768\" data-end=\"796\">contentores de carga 10\u00d78<\/strong> satisfazem todas as suas necessidades.<\/p>\n<p data-start=\"432\" data-end=\"817\"><img loading=\"lazy\" decoding=\"async\" class=\"alignnone size-full wp-image-1139\" src=\"https:\/\/www.gkcpro.com\/wp-content\/uploads\/2026\/02\/evaluate.jpg\" alt=\"Meus containers s\u00e3o exportados para muitos pa\u00edses; esta \u00e9 uma mostra dos depoimentos de nossos clientes.\" width=\"1000\" height=\"474\" srcset=\"https:\/\/www.gkcpro.com\/wp-content\/uploads\/2026\/02\/evaluate.jpg 1000w, https:\/\/www.gkcpro.com\/wp-content\/uploads\/2026\/02\/evaluate-300x142.jpg 300w, https:\/\/www.gkcpro.com\/wp-content\/uploads\/2026\/02\/evaluate-768x364.jpg 768w, https:\/\/www.gkcpro.com\/wp-content\/uploads\/2026\/02\/evaluate-18x9.jpg 18w, https:\/\/www.gkcpro.com\/wp-content\/uploads\/2026\/02\/evaluate-624x296.jpg 624w, https:\/\/www.gkcpro.com\/wp-content\/uploads\/2026\/02\/evaluate-800x379.jpg 800w\" sizes=\"auto, (max-width: 1000px) 100vw, 1000px\" \/><\/p>\n<h2 data-start=\"819\" data-end=\"856\">O que \u00e9 um Contentor de Carga 10\u00d78?<\/h2>\n<p data-start=\"858\" data-end=\"1230\">O nosso contentor \u00e9 uma unidade compacta, mas espa\u00e7osa, que pode ser utilizada para diversos fins. Com um comprimento de 10 p\u00e9s e uma largura de 8 p\u00e9s, oferece amplo espa\u00e7o para armazenar equipamentos, invent\u00e1rio ou objetos pessoais. Constru\u00eddos com materiais de alta qualidade, estes contentores s\u00e3o concebidos para resistir aos ambientes mais adversos, garantindo uma excelente seguran\u00e7a.<\/p>\n<p data-start=\"1232\" data-end=\"1386\">Na <strong data-start=\"1235\" data-end=\"1263\">Container House Co., Ltd<\/strong>, fabricamos cada contentor com precis\u00e3o, assegurando que cumpre todas as normas da ind\u00fastria em termos de qualidade e durabilidade.<\/p>\n<h2 data-start=\"1388\" data-end=\"1434\">Caracter\u00edsticas Principais do Contentor de Carga 10\u00d78<\/h2>\n<h3 data-start=\"1436\" data-end=\"1472\">1. <strong data-start=\"1443\" data-end=\"1472\">Constru\u00e7\u00e3o de Alta Qualidade<\/strong><\/h3>\n<p data-start=\"1473\" data-end=\"1674\">As nossas <strong data-start=\"1477\" data-end=\"1505\">contentores de carga 10\u00d78<\/strong> s\u00e3o constru\u00eddos em a\u00e7o de alta resist\u00eancia, oferecendo durabilidade de longa dura\u00e7\u00e3o. Estes contentores foram concebidos para proteger os seus itens contra roubo, condi\u00e7\u00f5es atmosf\u00e9ricas e desgaste ao longo do tempo.<\/p>\n<h3 data-start=\"1676\" data-end=\"1707\">2. <strong data-start=\"1683\" data-end=\"1707\">Compacto, mas Espa\u00e7oso<\/strong><\/h3>\n<p data-start=\"1708\" data-end=\"1923\">Apesar do seu tamanho compacto, o <strong data-start=\"1740\" data-end=\"1767\">\u00a0contentor de carga<\/strong> oferece espa\u00e7o de armazenamento suficiente para mercadorias de pequeno a m\u00e9dio porte. O seu design eficiente permite armazenar uma variedade de itens ocupando um espa\u00e7o m\u00ednimo.<\/p>\n<h3 data-start=\"1925\" data-end=\"1959\">3. <strong data-start=\"1932\" data-end=\"1959\">Seguran\u00e7a e Prote\u00e7\u00e3o<\/strong><\/h3>\n<p data-start=\"1960\" data-end=\"2131\">Cada <strong data-start=\"1965\" data-end=\"1992\">contentor de carga 10\u00d78<\/strong> est\u00e1 equipado com mecanismos de bloqueio seguros e veda\u00e7\u00f5es estanques, garantindo que os seus itens permane\u00e7am seguros e protegidos contra amea\u00e7as externas.<\/p>\n<h3 data-start=\"2133\" data-end=\"2171\">4. <strong data-start=\"2140\" data-end=\"2171\">Solu\u00e7\u00e3o de Armazenamento Acess\u00edvel<\/strong><\/h3>\n<p data-start=\"2172\" data-end=\"2377\">As nossas <strong data-start=\"2176\" data-end=\"2204\">contentores de carga 10\u00d78<\/strong> oferecem uma alternativa econ\u00f3mica aos m\u00e9todos de armazenamento tradicionais. Com um custo inicial acess\u00edvel e baixos requisitos de manuten\u00e7\u00e3o, proporcionam uma excelente rela\u00e7\u00e3o qualidade-pre\u00e7o.<\/p>\n<h3 data-start=\"2379\" data-end=\"2410\">5. <strong data-start=\"2386\" data-end=\"2410\">Op\u00e7\u00f5es Personaliz\u00e1veis<\/strong><\/h3>\n<p data-start=\"2411\" data-end=\"2611\">Oferecemos personaliza\u00e7\u00f5es para atender a necessidades espec\u00edficas de armazenamento, incluindo prateleiras adicionais, op\u00e7\u00f5es de ventila\u00e7\u00e3o e cores personalizadas. Pode adaptar o <strong data-start=\"2557\" data-end=\"2584\">contentores de carga 10\u00d78<\/strong> de acordo com os seus requisitos.<\/p>\n<h3 data-start=\"2613\" data-end=\"2641\">6. <strong data-start=\"2620\" data-end=\"2641\">F\u00e1cil de Transportar<\/strong><\/h3>\n<p data-start=\"2642\" data-end=\"2844\">O design padr\u00e3o do <strong data-start=\"2669\" data-end=\"2696\">contentor de carga 10\u00d78<\/strong> facilita o transporte por cami\u00e3o, navio ou ferrovia. O seu tamanho compacto permite uma f\u00e1cil manuseamento e movimenta\u00e7\u00e3o, tanto a n\u00edvel nacional como internacional.<\/p>\n<h2 data-start=\"3383\" data-end=\"3429\">Aplica\u00e7\u00f5es do Contentor 10\u00d78<\/h2>\n<p data-start=\"3431\" data-end=\"3524\">As nossas <strong data-start=\"3435\" data-end=\"3463\">Contentores de 10 p\u00e9s<\/strong> s\u00e3o amplamente utilizados em v\u00e1rias ind\u00fastrias para m\u00faltiplos fins:<\/p>\n<ul data-start=\"3526\" data-end=\"3911\">\n<li data-start=\"3526\" data-end=\"3622\">\n<p data-start=\"3528\" data-end=\"3622\"><strong data-start=\"3528\" data-end=\"3549\">Solu\u00e7\u00f5es de Armazenamento<\/strong>: Ideais para armazenamento pessoal, invent\u00e1rio empresarial e canteiros de obras.<\/p>\n<\/li>\n<li data-start=\"3623\" data-end=\"3711\">\n<p data-start=\"3625\" data-end=\"3711\"><strong data-start=\"3625\" data-end=\"3651\">Expedi\u00e7\u00e3o e Log\u00edstica<\/strong>: Perfeitos para transportar mercadorias por terra, mar e ferrovia.<\/p>\n<\/li>\n<li data-start=\"3712\" data-end=\"3789\">\n<p data-start=\"3714\" data-end=\"3789\"><strong data-start=\"3714\" data-end=\"3733\">Unidades de Armaz\u00e9m<\/strong>: Podem ser utilizados como espa\u00e7o de armaz\u00e9m tempor\u00e1rio ou permanente.<\/p>\n<\/li>\n<li data-start=\"3790\" data-end=\"3911\">\n<p data-start=\"3792\" data-end=\"3911\"><strong data-start=\"3792\" data-end=\"3810\">Escrit\u00f3rios M\u00f3veis<\/strong>: Podem ser personalizados para funcionar como escrit\u00f3rios m\u00f3veis para trabalhadores em canteiros de obras ou locais remotos.<\/p>\n<\/li>\n<\/ul>\n<h2 data-start=\"3913\" data-end=\"3944\">FAQ<\/h2>\n<p data-start=\"3946\" data-end=\"4127\"><strong data-start=\"3946\" data-end=\"3995\">1. Posso personalizar um contentor de carga?<\/strong><br data-start=\"3995\" data-end=\"3998\" \/>Sim, oferecemos op\u00e7\u00f5es de personaliza\u00e7\u00e3o, como prateleiras adicionais, ventila\u00e7\u00e3o, fechaduras e escolha de cores, para atender \u00e0s suas necessidades de armazenamento.<\/p>\n<p data-start=\"4129\" data-end=\"4331\"><strong data-start=\"4129\" data-end=\"4186\">2. Qual \u00e9 a vida \u00fatil de um contentor de carga?<\/strong><br data-start=\"4186\" data-end=\"4189\" \/>Com os devidos cuidados, um <strong data-start=\"4209\" data-end=\"4236\">\u00a0contentor de carga<\/strong> pode durar at\u00e9 15-20 anos. A limpeza e inspe\u00e7\u00e3o regulares ajudar\u00e3o a manter a sua durabilidade.<\/p>\n<p data-start=\"4333\" data-end=\"4524\"><strong data-start=\"4333\" data-end=\"4386\">3. Como posso transport\u00e1-lo?<\/strong><br data-start=\"4386\" data-end=\"4389\" \/>A <strong data-start=\"4393\" data-end=\"4420\">contentor de carga<\/strong> pode ser facilmente transportado por cami\u00e3o, ferrovia ou navio, gra\u00e7as \u00e0s suas dimens\u00f5es padr\u00e3o e design robusto.<\/p>\n<p data-start=\"4526\" data-end=\"4715\"><strong data-start=\"4526\" data-end=\"4579\">4. Qual \u00e9 o custo de um contentor 10\u00d78?<\/strong><br data-start=\"4579\" data-end=\"4582\" \/>O pre\u00e7o varia consoante a personaliza\u00e7\u00e3o, localiza\u00e7\u00e3o e transporte. Contacte-nos para obter um or\u00e7amento gratuito com base nos seus requisitos espec\u00edficos.<\/p>\n<p data-start=\"4717\" data-end=\"4913\"><strong data-start=\"4717\" data-end=\"4764\">5. Como posso garantir que o contentor est\u00e1 seguro?<\/strong><br data-start=\"4764\" data-end=\"4767\" \/>Cada <strong data-start=\"4772\" data-end=\"4799\">cont\u00eainer<\/strong> est\u00e1 equipado com fechaduras de alta qualidade e veda\u00e7\u00f5es estanques para manter os seus itens seguros contra roubo e danos ambientais.<\/p>\n<h2 data-start=\"4915\" data-end=\"4928\">**Conclus\u00e3o**<\/h2>\n<p data-start=\"4930\" data-end=\"5264\">Na <strong data-start=\"4933\" data-end=\"4961\">Container House Co., Ltd<\/strong>, somos especializados na fabrica\u00e7\u00e3o de <strong data-start=\"5034\" data-end=\"5062\">contentores de 10 p\u00e9s<\/strong>\u00a0de alta qualidade, dur\u00e1veis e personaliz\u00e1veis, que respondem a diversas necessidades. Quer procure uma solu\u00e7\u00e3o de armazenamento, um contentor de expedi\u00e7\u00e3o ou um escrit\u00f3rio m\u00f3vel, os nossos contentores s\u00e3o constru\u00eddos para durar e concebidos para oferecer op\u00e7\u00f5es seguras e acess\u00edveis.<\/p>\n<p data-start=\"5266\" data-end=\"5383\">\ud83d\udc49 <strong data-start=\"5269\" data-end=\"5289\">para obter um or\u00e7amento gratuito para a sua<\/strong> para saber mais sobre as nossas <strong data-start=\"5314\" data-end=\"5341\">contentor de carga 10\u00d78<\/strong> solu\u00e7\u00f5es e obter um or\u00e7amento para as suas necessidades.<\/p>","protected":false},"excerpt":{"rendered":"<p><img loading=\"lazy\" decoding=\"async\" class=\"alignnone size-full wp-image-1137\" src=\"https:\/\/www.gkcpro.com\/wp-content\/uploads\/2026\/02\/container-house-certificates.jpg\" alt=\"\" width=\"1470\" height=\"2000\" srcset=\"https:\/\/www.gkcpro.com\/wp-content\/uploads\/2026\/02\/container-house-certificates.jpg 1470w, https:\/\/www.gkcpro.com\/wp-content\/uploads\/2026\/02\/container-house-certificates-221x300.jpg 221w, https:\/\/www.gkcpro.com\/wp-content\/uploads\/2026\/02\/container-house-certificates-753x1024.jpg 753w, https:\/\/www.gkcpro.com\/wp-content\/uploads\/2026\/02\/container-house-certificates-768x1045.jpg 768w, https:\/\/www.gkcpro.com\/wp-content\/uploads\/2026\/02\/container-house-certificates-1129x1536.jpg 1129w, https:\/\/www.gkcpro.com\/wp-content\/uploads\/2026\/02\/container-house-certificates-9x12.jpg 9w, https:\/\/www.gkcpro.com\/wp-content\/uploads\/2026\/02\/container-house-certificates-624x849.jpg 624w, https:\/\/www.gkcpro.com\/wp-content\/uploads\/2026\/02\/container-house-certificates-800x1088.jpg 800w\" sizes=\"auto, (max-width: 1470px) 100vw, 1470px\" \/><\/p>","protected":false},"featured_media":947,"template":"","meta":[],"product_brand":[],"product_cat":[54],"product_tag":[],"class_list":{"0":"post-945","1":"product","2":"type-product","3":"status-publish","4":"has-post-thumbnail","6":"product_cat-special-container","8":"first","9":"instock","10":"shipping-taxable","11":"product-type-simple"},"yoast_head":"<!-- This site is optimized with the Yoast SEO plugin v26.6 - https:\/\/yoast.com\/wordpress\/plugins\/seo\/ -->\n<title>10x8 shipping container\u200b-Container manufacturer<\/title>\n<meta name=\"robots\" content=\"index, follow, max-snippet:-1, max-image-preview:large, max-video-preview:-1\" \/>\n<link rel=\"canonical\" href=\"https:\/\/www.gkcpro.com\/pt\/product\/10x8-shipping-container\/\" \/>\n<meta property=\"og:locale\" content=\"pt_BR\" \/>\n<meta property=\"og:type\" content=\"article\" \/>\n<meta property=\"og:title\" content=\"10x8 shipping container\u200b-Container manufacturer\" \/>\n<meta property=\"og:url\" content=\"https:\/\/www.gkcpro.com\/pt\/product\/10x8-shipping-container\/\" \/>\n<meta property=\"og:site_name\" content=\"Container House Co., Ltd.\" \/>\n<meta property=\"article:modified_time\" content=\"2026-03-02T03:26:24+00:00\" \/>\n<meta property=\"og:image\" content=\"https:\/\/www.gkcpro.com\/wp-content\/uploads\/2026\/01\/10ft-container.jpg\" \/>\n\t<meta property=\"og:image:width\" content=\"1000\" \/>\n\t<meta property=\"og:image:height\" content=\"665\" \/>\n\t<meta property=\"og:image:type\" content=\"image\/jpeg\" \/>\n<meta name=\"twitter:card\" content=\"summary_large_image\" \/>\n<meta name=\"twitter:label1\" content=\"Est. tempo de leitura\" \/>\n\t<meta name=\"twitter:data1\" content=\"4 minutos\" \/>\n<script type=\"application\/ld+json\" class=\"yoast-schema-graph\">{\"@context\":\"https:\/\/schema.org\",\"@graph\":[{\"@type\":\"WebPage\",\"@id\":\"https:\/\/www.gkcpro.com\/product\/10x8-shipping-container\/\",\"url\":\"https:\/\/www.gkcpro.com\/product\/10x8-shipping-container\/\",\"name\":\"10x8 shipping container\u200b-Container manufacturer\",\"isPartOf\":{\"@id\":\"https:\/\/www.gkcpro.com\/#website\"},\"primaryImageOfPage\":{\"@id\":\"https:\/\/www.gkcpro.com\/product\/10x8-shipping-container\/#primaryimage\"},\"image\":{\"@id\":\"https:\/\/www.gkcpro.com\/product\/10x8-shipping-container\/#primaryimage\"},\"thumbnailUrl\":\"https:\/\/www.gkcpro.com\/wp-content\/uploads\/2026\/01\/10ft-container.jpg\",\"datePublished\":\"2026-01-30T07:56:22+00:00\",\"dateModified\":\"2026-03-02T03:26:24+00:00\",\"breadcrumb\":{\"@id\":\"https:\/\/www.gkcpro.com\/product\/10x8-shipping-container\/#breadcrumb\"},\"inLanguage\":\"pt-BR\",\"potentialAction\":[{\"@type\":\"ReadAction\",\"target\":[\"https:\/\/www.gkcpro.com\/product\/10x8-shipping-container\/\"]}]},{\"@type\":\"ImageObject\",\"inLanguage\":\"pt-BR\",\"@id\":\"https:\/\/www.gkcpro.com\/product\/10x8-shipping-container\/#primaryimage\",\"url\":\"https:\/\/www.gkcpro.com\/wp-content\/uploads\/2026\/01\/10ft-container.jpg\",\"contentUrl\":\"https:\/\/www.gkcpro.com\/wp-content\/uploads\/2026\/01\/10ft-container.jpg\",\"width\":1000,\"height\":665,\"caption\":\"10x8 shipping container external dimensions 10 ft length by 8 ft width, robust build suited to enterprise temporary offices and material storage applications\"},{\"@type\":\"BreadcrumbList\",\"@id\":\"https:\/\/www.gkcpro.com\/product\/10x8-shipping-container\/#breadcrumb\",\"itemListElement\":[{\"@type\":\"ListItem\",\"position\":1,\"name\":\"\u9996\u9875\",\"item\":\"https:\/\/www.gkcpro.com\/\"},{\"@type\":\"ListItem\",\"position\":2,\"name\":\"Products\",\"item\":\"https:\/\/www.gkcpro.com\/shop\/\"},{\"@type\":\"ListItem\",\"position\":3,\"name\":\"10&#215;8 shipping container\u200b-Container manufacturer\"}]},{\"@type\":\"WebSite\",\"@id\":\"https:\/\/www.gkcpro.com\/#website\",\"url\":\"https:\/\/www.gkcpro.com\/\",\"name\":\"Container House Co., Ltd.\",\"description\":\"Container House factory\",\"potentialAction\":[{\"@type\":\"SearchAction\",\"target\":{\"@type\":\"EntryPoint\",\"urlTemplate\":\"https:\/\/www.gkcpro.com\/?s={search_term_string}\"},\"query-input\":{\"@type\":\"PropertyValueSpecification\",\"valueRequired\":true,\"valueName\":\"search_term_string\"}}],\"inLanguage\":\"pt-BR\"}]}<\/script>\n<!-- \/ Yoast SEO plugin. -->","yoast_head_json":{"title":"Contentor de transporte 10x8 - Fabricante de contentores","robots":{"index":"index","follow":"follow","max-snippet":"max-snippet:-1","max-image-preview":"max-image-preview:large","max-video-preview":"max-video-preview:-1"},"canonical":"https:\/\/www.gkcpro.com\/pt\/product\/10x8-shipping-container\/","og_locale":"pt_BR","og_type":"article","og_title":"10x8 shipping container\u200b-Container manufacturer","og_url":"https:\/\/www.gkcpro.com\/pt\/product\/10x8-shipping-container\/","og_site_name":"Container House Co., Ltd.","article_modified_time":"2026-03-02T03:26:24+00:00","og_image":[{"width":1000,"height":665,"url":"https:\/\/www.gkcpro.com\/wp-content\/uploads\/2026\/01\/10ft-container.jpg","type":"image\/jpeg"}],"twitter_card":"summary_large_image","twitter_misc":{"Est. tempo de leitura":"4 minutos"},"schema":{"@context":"https:\/\/schema.org","@graph":[{"@type":"WebPage","@id":"https:\/\/www.gkcpro.com\/product\/10x8-shipping-container\/","url":"https:\/\/www.gkcpro.com\/product\/10x8-shipping-container\/","name":"Contentor de transporte 10x8 - Fabricante de contentores","isPartOf":{"@id":"https:\/\/www.gkcpro.com\/#website"},"primaryImageOfPage":{"@id":"https:\/\/www.gkcpro.com\/product\/10x8-shipping-container\/#primaryimage"},"image":{"@id":"https:\/\/www.gkcpro.com\/product\/10x8-shipping-container\/#primaryimage"},"thumbnailUrl":"https:\/\/www.gkcpro.com\/wp-content\/uploads\/2026\/01\/10ft-container.jpg","datePublished":"2026-01-30T07:56:22+00:00","dateModified":"2026-03-02T03:26:24+00:00","breadcrumb":{"@id":"https:\/\/www.gkcpro.com\/product\/10x8-shipping-container\/#breadcrumb"},"inLanguage":"pt-BR","potentialAction":[{"@type":"ReadAction","target":["https:\/\/www.gkcpro.com\/product\/10x8-shipping-container\/"]}]},{"@type":"ImageObject","inLanguage":"pt-BR","@id":"https:\/\/www.gkcpro.com\/product\/10x8-shipping-container\/#primaryimage","url":"https:\/\/www.gkcpro.com\/wp-content\/uploads\/2026\/01\/10ft-container.jpg","contentUrl":"https:\/\/www.gkcpro.com\/wp-content\/uploads\/2026\/01\/10ft-container.jpg","width":1000,"height":665,"caption":"10x8 shipping container external dimensions 10 ft length by 8 ft width, robust build suited to enterprise temporary offices and material storage applications"},{"@type":"BreadcrumbList","@id":"https:\/\/www.gkcpro.com\/product\/10x8-shipping-container\/#breadcrumb","itemListElement":[{"@type":"ListItem","position":1,"name":"\u9996\u9875","item":"https:\/\/www.gkcpro.com\/"},{"@type":"ListItem","position":2,"name":"Products","item":"https:\/\/www.gkcpro.com\/shop\/"},{"@type":"ListItem","position":3,"name":"10&#215;8 shipping container\u200b-Container manufacturer"}]},{"@type":"WebSite","@id":"https:\/\/www.gkcpro.com\/#website","url":"https:\/\/www.gkcpro.com\/","name":"Container House Co., Ltd.","description":"F\u00e1brica de Casas de Cont\u00eainer","potentialAction":[{"@type":"SearchAction","target":{"@type":"EntryPoint","urlTemplate":"https:\/\/www.gkcpro.com\/?s={search_term_string}"},"query-input":{"@type":"PropertyValueSpecification","valueRequired":true,"valueName":"search_term_string"}}],"inLanguage":"pt-BR"}]}},"_links":{"self":[{"href":"https:\/\/www.gkcpro.com\/pt\/wp-json\/wp\/v2\/product\/945","targetHints":{"allow":["GET"]}}],"collection":[{"href":"https:\/\/www.gkcpro.com\/pt\/wp-json\/wp\/v2\/product"}],"about":[{"href":"https:\/\/www.gkcpro.com\/pt\/wp-json\/wp\/v2\/types\/product"}],"wp:featuredmedia":[{"embeddable":true,"href":"https:\/\/www.gkcpro.com\/pt\/wp-json\/wp\/v2\/media\/947"}],"wp:attachment":[{"href":"https:\/\/www.gkcpro.com\/pt\/wp-json\/wp\/v2\/media?parent=945"}],"wp:term":[{"taxonomy":"product_brand","embeddable":true,"href":"https:\/\/www.gkcpro.com\/pt\/wp-json\/wp\/v2\/product_brand?post=945"},{"taxonomy":"product_cat","embeddable":true,"href":"https:\/\/www.gkcpro.com\/pt\/wp-json\/wp\/v2\/product_cat?post=945"},{"taxonomy":"product_tag","embeddable":true,"href":"https:\/\/www.gkcpro.com\/pt\/wp-json\/wp\/v2\/product_tag?post=945"}],"curies":[{"name":"wp","href":"https:\/\/api.w.org\/{rel}","templated":true}]}}