{"id":938,"date":"2026-01-30T15:07:23","date_gmt":"2026-01-30T07:07:23","guid":{"rendered":"https:\/\/www.gkcpro.com\/?post_type=product&#038;p=938"},"modified":"2026-01-30T15:07:23","modified_gmt":"2026-01-30T07:07:23","slug":"home-sauna-steam-room","status":"publish","type":"product","link":"https:\/\/www.gkcpro.com\/pt\/product\/home-sauna-steam-room\/","title":{"rendered":"Sala de Vapor Sauna Dom\u00e9stica"},"content":{"rendered":"<h1 data-start=\"180\" data-end=\"239\">Sauna a Vapor Dom\u00e9stica: A Experi\u00eancia Definitiva de Relaxamento<\/h1>\n<p data-start=\"241\" data-end=\"654\">Se procura uma forma de descontrair e relaxar em casa, uma <strong data-start=\"300\" data-end=\"325\">sauna a vapor dom\u00e9stica<\/strong> \u00e9 a escolha ideal. Na <strong data-start=\"349\" data-end=\"377\">Container House Co., Ltd<\/strong>, especializamo-nos na fabrica\u00e7\u00e3o de <strong data-start=\"423\" data-end=\"449\">saunas a vapor dom\u00e9sticas<\/strong> de alta qualidade que trazem o luxo de uma experi\u00eancia de spa diretamente para sua casa. Quer procure al\u00edvio do stresse, relaxamento muscular ou apenas um local para descontrair, a nossa <strong data-start=\"602\" data-end=\"627\">sauna a vapor dom\u00e9stica<\/strong> oferece a solu\u00e7\u00e3o perfeita.<\/p>\n<h2 data-start=\"656\" data-end=\"691\">O que \u00e9 a nossa Sauna a Vapor?<\/h2>\n<p data-start=\"693\" data-end=\"1021\">A <strong data-start=\"695\" data-end=\"720\">sauna a vapor dom\u00e9stica<\/strong> \u00e9 um espa\u00e7o especialmente concebido que utiliza vapor para promover o relaxamento e melhorar a sa\u00fade. Ao gerar calor e humidade, ajuda a abrir os poros, a desintoxicar o corpo e a aliviar a tens\u00e3o. As nossas <strong data-start=\"907\" data-end=\"933\">saunas a vapor dom\u00e9sticas<\/strong> s\u00e3o fabricadas com materiais dur\u00e1veis e de alta qualidade para garantir seguran\u00e7a, conforto e longevidade.<\/p>\n<p data-start=\"1023\" data-end=\"1300\"><strong data-start=\"1023\" data-end=\"1051\">Container House Co., Ltd<\/strong> fabrica <strong data-start=\"1065\" data-end=\"1091\">saunas a vapor<\/strong> com foco na efici\u00eancia energ\u00e9tica, facilidade de utiliza\u00e7\u00e3o e desempenho a longo prazo. Estas saunas a vapor s\u00e3o concebidas para se integrarem perfeitamente em qualquer casa, oferecendo uma experi\u00eancia de spa profissional no conforto do seu pr\u00f3prio espa\u00e7o.<\/p>\n<h2 data-start=\"1302\" data-end=\"1343\">Por que Escolher as Nossas Saunas a Vapor Dom\u00e9sticas?<\/h2>\n<h3 data-start=\"1345\" data-end=\"1377\">1. Materiais de Qualidade Premium<\/h3>\n<p data-start=\"1379\" data-end=\"1701\">As nossas <strong data-start=\"1383\" data-end=\"1409\">saunas a vapor<\/strong> s\u00e3o fabricadas com os materiais da mais alta qualidade. A estrutura \u00e9 feita de a\u00e7o resistente ao calor, enquanto o interior apresenta madeira resistente \u00e0 humidade e elementos de aquecimento eficientes. O design garante a m\u00e1xima durabilidade, para que possa desfrutar de uma experi\u00eancia de alto n\u00edvel durante muitos anos.<\/p>\n<h3 data-start=\"1703\" data-end=\"1729\">2. Design Personaliz\u00e1vel<\/h3>\n<p data-start=\"1731\" data-end=\"2002\">Compreendemos que cada casa \u00e9 diferente. Por isso, oferecemos <strong data-start=\"1814\" data-end=\"1840\">saunas a vapor dom\u00e9sticas <\/strong>\u00a0totalmente personaliz\u00e1veis para atender \u00e0s suas necessidades espec\u00edficas. Desde o tamanho da sala at\u00e9 ao tipo de madeira utilizada, podemos adaptar a sua <strong data-start=\"1941\" data-end=\"1961\">sauna a vapor<\/strong> para se integrar perfeitamente na decora\u00e7\u00e3o da sua casa.<\/p>\n<h3 data-start=\"2004\" data-end=\"2026\">3. Benef\u00edcios para a Sa\u00fade<\/h3>\n<p data-start=\"2028\" data-end=\"2307\">Utilizar uma <strong data-start=\"2036\" data-end=\"2061\">sauna a vapor dom\u00e9stica<\/strong> oferece in\u00fameros benef\u00edcios para a sa\u00fade, incluindo melhoria da circula\u00e7\u00e3o, al\u00edvio do stresse, relaxamento muscular e purifica\u00e7\u00e3o da pele. O vapor ajuda a limpar a pele e a desintoxicar o corpo, deixando-o revigorado e renovado ap\u00f3s cada sess\u00e3o.<\/p>\n<h3 data-start=\"2309\" data-end=\"2333\">4. Instala\u00e7\u00e3o F\u00e1cil<\/h3>\n<p data-start=\"2335\" data-end=\"2610\">As nossas <strong data-start=\"2339\" data-end=\"2365\">saunas a vapor<\/strong> s\u00e3o concebidas para uma instala\u00e7\u00e3o f\u00e1cil. Com instru\u00e7\u00f5es claras e apoio especializado, montar a sua sauna em casa \u00e9 um processo simples e sem complica\u00e7\u00f5es. Quer escolha uma unidade compacta ou um design personalizado maior, poder\u00e1 desfrutar da sua sauna em pouco tempo.<\/p>\n<h3 data-start=\"2612\" data-end=\"2654\">5. Eficiente em Energia e Rent\u00e1vel<\/h3>\n<p data-start=\"2656\" data-end=\"2906\">Na <strong data-start=\"2659\" data-end=\"2687\">Container House Co., Ltd<\/strong>, priorizamos a efici\u00eancia energ\u00e9tica em todos os nossos projetos. As nossas <strong data-start=\"2745\" data-end=\"2771\">saunas dom\u00e9sticas<\/strong> utilizam tecnologia de aquecimento avan\u00e7ada que aquece rapidamente e mant\u00e9m temperaturas consistentes, ajudando-o a poupar energia e a reduzir custos.<\/p>\n<h2 data-start=\"3538\" data-end=\"3586\">Avalia\u00e7\u00f5es de Clientes sobre a Nossa Sauna a Vapor Dom\u00e9stica<\/h2>\n<p data-start=\"3588\" data-end=\"3800\">\u201cNunca experimentei um banho mais relaxante do que na minha nova <strong data-start=\"3648\" data-end=\"3673\">sauna a vapor dom\u00e9stica<\/strong>. \u201dO design \u00e9 exatamente o que eu queria para a minha casa. Adoro o facto de ser personaliz\u00e1vel e de n\u00e3o ocupar muito espa\u00e7o. Recomendo vivamente a quem procura um spa dom\u00e9stico!\" \u2013 Mark, Reino Unido<\/p>\n<p data-start=\"3802\" data-end=\"3995\">\u201cTenho usado a sauna h\u00e1 algumas semanas e tem ajudado na recupera\u00e7\u00e3o muscular e no al\u00edvio do stresse. Estou muito satisfeito com o produto.\u201d \u2013 James, Canad\u00e1<\/p>\n<p data-start=\"3997\" data-end=\"4157\">\u201cComo Encomendar a Sua Sauna a Vapor Dom\u00e9stica<\/p>\n<h2 data-start=\"4159\" data-end=\"4201\">, proporcionamos uma experi\u00eancia perfeita desde o design at\u00e9 \u00e0 instala\u00e7\u00e3o. A nossa equipa trabalhar\u00e1 consigo para personalizar a sua<\/h2>\n<p data-start=\"4203\" data-end=\"4535\">Na <strong data-start=\"4206\" data-end=\"4234\">Container House Co., Ltd<\/strong>, de acordo com as suas especifica\u00e7\u00f5es. Desde a consulta inicial at\u00e9 \u00e0 entrega e montagem, estamos aqui para garantir que recebe um produto da mais alta qualidade que atende \u00e0s suas necessidades. <strong data-start=\"4344\" data-end=\"4369\">sauna a vapor dom\u00e9stica<\/strong> Perguntas Frequentes: Sauna a Vapor Dom\u00e9stica.<\/p>\n<h2 data-start=\"4537\" data-end=\"4566\">1. Quanto tempo demora a instalar uma sauna dom\u00e9stica?<\/h2>\n<p data-start=\"4568\" data-end=\"4727\"><strong data-start=\"4568\" data-end=\"4632\">A instala\u00e7\u00e3o demora normalmente 1-2 dias, dependendo do tamanho e personaliza\u00e7\u00e3o da sua unidade.<\/strong><br data-start=\"4632\" data-end=\"4635\" \/>2. \u00c9 eficiente em termos energ\u00e9ticos?.<\/p>\n<p data-start=\"4729\" data-end=\"4909\"><strong data-start=\"4729\" data-end=\"4759\">Sim, as nossas<\/strong><br data-start=\"4759\" data-end=\"4762\" \/>s\u00e3o concebidas com funcionalidades de poupan\u00e7a de energia, garantindo um consumo m\u00ednimo de energia enquanto proporcionam o m\u00e1ximo conforto. <strong data-start=\"4771\" data-end=\"4797\">saunas dom\u00e9sticas<\/strong> 3. Posso personalizar o tamanho e o design da sauna?.<\/p>\n<p data-start=\"4911\" data-end=\"5106\"><strong data-start=\"4911\" data-end=\"4967\">Sim! As nossas<\/strong><br data-start=\"4967\" data-end=\"4970\" \/>s\u00e3o totalmente personaliz\u00e1veis em termos de tamanho, tipo de madeira e disposi\u00e7\u00e3o interior para se adaptarem perfeitamente ao seu espa\u00e7o. <strong data-start=\"4979\" data-end=\"5005\">saunas dom\u00e9sticas<\/strong> 4. Quais s\u00e3o os benef\u00edcios para a sa\u00fade de usar uma sauna a vapor?.<\/p>\n<p data-start=\"5108\" data-end=\"5290\"><strong data-start=\"5108\" data-end=\"5172\">Usar uma sauna a vapor promove uma melhor circula\u00e7\u00e3o, relaxamento muscular, redu\u00e7\u00e3o do stresse e desintoxica\u00e7\u00e3o da pele.<\/strong><br data-start=\"5172\" data-end=\"5175\" \/>sauna.<\/p>\n<h2 data-start=\"5292\" data-end=\"5305\">**Conclus\u00e3o**<\/h2>\n<p data-start=\"5307\" data-end=\"5622\">A <strong data-start=\"5309\" data-end=\"5334\">\u00e9 mais do que um luxo; \u00e9 um investimento no seu bem-estar. Na<\/strong> , fabricamos saunas a vapor de alta qualidade e personaliz\u00e1veis, concebidas para atender \u00e0s suas necessidades. Quer procure relaxamento ou benef\u00edcios para a sa\u00fade, as nossas saunas oferecem a solu\u00e7\u00e3o perfeita. <strong data-start=\"5405\" data-end=\"5433\">Container House Co., Ltd<\/strong>, Contacte-nos hoje.<\/p>\n<p data-start=\"5624\" data-end=\"5781\">\ud83d\udc49 <strong data-start=\"5627\" data-end=\"5647\">para obter um or\u00e7amento gratuito para a sua<\/strong> e descubra como podemos ajud\u00e1-lo a criar uma experi\u00eancia de spa personalizada em casa. <strong data-start=\"5677\" data-end=\"5702\">sauna a vapor dom\u00e9stica<\/strong> Sauna a Vapor Dom\u00e9stica Contempor\u00e2nea com Encerramento em Vidro Interior de Fornecedor Confi\u00e1vel da China F\u00e1brica de Produ\u00e7\u00e3o Personalizada.<\/p>","protected":false},"excerpt":{"rendered":"<p>Home Sauna Steam Room: The Ultimate Relaxation Experience If you&#8217;re looking for a way to unwind and relax at home, a Home sauna steam room is an ideal choice. At Container House Co., Ltd, we specialize in manufacturing high-quality home sauna steam rooms that bring the luxury of a spa experience right into your home. [&hellip;]<\/p>","protected":false},"featured_media":944,"template":"","meta":[],"product_brand":[],"product_cat":[19],"product_tag":[],"class_list":{"0":"post-938","1":"product","2":"type-product","3":"status-publish","4":"has-post-thumbnail","6":"product_cat-sauna-room","8":"first","9":"instock","10":"shipping-taxable","11":"product-type-simple"},"yoast_head":"<!-- This site is optimized with the Yoast SEO plugin v26.6 - https:\/\/yoast.com\/wordpress\/plugins\/seo\/ -->\n<title>Home Sauna Steam Room - china container house manufacturer<\/title>\n<meta name=\"description\" content=\"Home Sauna Steam Room manufacturer in China offering wholesale custom OEM ODM solutions for distributors exporters and dealers.\" \/>\n<meta name=\"robots\" content=\"index, follow, max-snippet:-1, max-image-preview:large, max-video-preview:-1\" \/>\n<link rel=\"canonical\" href=\"https:\/\/www.gkcpro.com\/pt\/product\/home-sauna-steam-room\/\" \/>\n<meta property=\"og:locale\" content=\"pt_BR\" \/>\n<meta property=\"og:type\" content=\"article\" \/>\n<meta property=\"og:title\" content=\"Home Sauna Steam Room - china container house manufacturer\" \/>\n<meta property=\"og:description\" content=\"Home Sauna Steam Room manufacturer in China offering wholesale custom OEM ODM solutions for distributors exporters and dealers.\" \/>\n<meta property=\"og:url\" content=\"https:\/\/www.gkcpro.com\/pt\/product\/home-sauna-steam-room\/\" \/>\n<meta property=\"og:site_name\" content=\"Container House Co., Ltd.\" \/>\n<meta property=\"og:image\" content=\"https:\/\/www.gkcpro.com\/wp-content\/uploads\/2026\/01\/outdoor-sauna.jpg\" \/>\n\t<meta property=\"og:image:width\" content=\"800\" \/>\n\t<meta property=\"og:image:height\" content=\"800\" \/>\n\t<meta property=\"og:image:type\" content=\"image\/jpeg\" \/>\n<meta name=\"twitter:card\" content=\"summary_large_image\" \/>\n<meta name=\"twitter:label1\" content=\"Est. tempo de leitura\" \/>\n\t<meta name=\"twitter:data1\" content=\"4 minutos\" \/>\n<script type=\"application\/ld+json\" class=\"yoast-schema-graph\">{\"@context\":\"https:\/\/schema.org\",\"@graph\":[{\"@type\":\"WebPage\",\"@id\":\"https:\/\/www.gkcpro.com\/product\/home-sauna-steam-room\/\",\"url\":\"https:\/\/www.gkcpro.com\/product\/home-sauna-steam-room\/\",\"name\":\"Home Sauna Steam Room - china container house manufacturer\",\"isPartOf\":{\"@id\":\"https:\/\/www.gkcpro.com\/#website\"},\"primaryImageOfPage\":{\"@id\":\"https:\/\/www.gkcpro.com\/product\/home-sauna-steam-room\/#primaryimage\"},\"image\":{\"@id\":\"https:\/\/www.gkcpro.com\/product\/home-sauna-steam-room\/#primaryimage\"},\"thumbnailUrl\":\"https:\/\/www.gkcpro.com\/wp-content\/uploads\/2026\/01\/outdoor-sauna.jpg\",\"datePublished\":\"2026-01-30T07:07:23+00:00\",\"description\":\"Home Sauna Steam Room manufacturer in China offering wholesale custom OEM ODM solutions for distributors exporters and dealers.\",\"breadcrumb\":{\"@id\":\"https:\/\/www.gkcpro.com\/product\/home-sauna-steam-room\/#breadcrumb\"},\"inLanguage\":\"pt-BR\",\"potentialAction\":[{\"@type\":\"ReadAction\",\"target\":[\"https:\/\/www.gkcpro.com\/product\/home-sauna-steam-room\/\"]}]},{\"@type\":\"ImageObject\",\"inLanguage\":\"pt-BR\",\"@id\":\"https:\/\/www.gkcpro.com\/product\/home-sauna-steam-room\/#primaryimage\",\"url\":\"https:\/\/www.gkcpro.com\/wp-content\/uploads\/2026\/01\/outdoor-sauna.jpg\",\"contentUrl\":\"https:\/\/www.gkcpro.com\/wp-content\/uploads\/2026\/01\/outdoor-sauna.jpg\",\"width\":800,\"height\":800,\"caption\":\"Modern stylish Home Sauna Steam Room with glass panels produced by dedicated manufacturing factory China wholesaler\"},{\"@type\":\"BreadcrumbList\",\"@id\":\"https:\/\/www.gkcpro.com\/product\/home-sauna-steam-room\/#breadcrumb\",\"itemListElement\":[{\"@type\":\"ListItem\",\"position\":1,\"name\":\"\u9996\u9875\",\"item\":\"https:\/\/www.gkcpro.com\/\"},{\"@type\":\"ListItem\",\"position\":2,\"name\":\"Products\",\"item\":\"https:\/\/www.gkcpro.com\/shop\/\"},{\"@type\":\"ListItem\",\"position\":3,\"name\":\"Home Sauna Steam Room\"}]},{\"@type\":\"WebSite\",\"@id\":\"https:\/\/www.gkcpro.com\/#website\",\"url\":\"https:\/\/www.gkcpro.com\/\",\"name\":\"Container House Co., Ltd.\",\"description\":\"Container House factory\",\"potentialAction\":[{\"@type\":\"SearchAction\",\"target\":{\"@type\":\"EntryPoint\",\"urlTemplate\":\"https:\/\/www.gkcpro.com\/?s={search_term_string}\"},\"query-input\":{\"@type\":\"PropertyValueSpecification\",\"valueRequired\":true,\"valueName\":\"search_term_string\"}}],\"inLanguage\":\"pt-BR\"}]}<\/script>\n<!-- \/ Yoast SEO plugin. -->","yoast_head_json":{"title":"Sauna a Vapor Dom\u00e9stica - fabricante chin\u00eas de casas cont\u00eainer","description":"Fabricante chin\u00eas de Sauna a Vapor Dom\u00e9stica, oferecendo solu\u00e7\u00f5es personalizadas por atacado OEM e ODM para distribuidores, exportadores e revendedores.","robots":{"index":"index","follow":"follow","max-snippet":"max-snippet:-1","max-image-preview":"max-image-preview:large","max-video-preview":"max-video-preview:-1"},"canonical":"https:\/\/www.gkcpro.com\/pt\/product\/home-sauna-steam-room\/","og_locale":"pt_BR","og_type":"article","og_title":"Home Sauna Steam Room - china container house manufacturer","og_description":"Home Sauna Steam Room manufacturer in China offering wholesale custom OEM ODM solutions for distributors exporters and dealers.","og_url":"https:\/\/www.gkcpro.com\/pt\/product\/home-sauna-steam-room\/","og_site_name":"Container House Co., Ltd.","og_image":[{"width":800,"height":800,"url":"https:\/\/www.gkcpro.com\/wp-content\/uploads\/2026\/01\/outdoor-sauna.jpg","type":"image\/jpeg"}],"twitter_card":"summary_large_image","twitter_misc":{"Est. tempo de leitura":"4 minutos"},"schema":{"@context":"https:\/\/schema.org","@graph":[{"@type":"WebPage","@id":"https:\/\/www.gkcpro.com\/product\/home-sauna-steam-room\/","url":"https:\/\/www.gkcpro.com\/product\/home-sauna-steam-room\/","name":"Sauna a Vapor Dom\u00e9stica - fabricante chin\u00eas de casas cont\u00eainer","isPartOf":{"@id":"https:\/\/www.gkcpro.com\/#website"},"primaryImageOfPage":{"@id":"https:\/\/www.gkcpro.com\/product\/home-sauna-steam-room\/#primaryimage"},"image":{"@id":"https:\/\/www.gkcpro.com\/product\/home-sauna-steam-room\/#primaryimage"},"thumbnailUrl":"https:\/\/www.gkcpro.com\/wp-content\/uploads\/2026\/01\/outdoor-sauna.jpg","datePublished":"2026-01-30T07:07:23+00:00","description":"Fabricante chin\u00eas de Sauna a Vapor Dom\u00e9stica, oferecendo solu\u00e7\u00f5es personalizadas por atacado OEM e ODM para distribuidores, exportadores e revendedores.","breadcrumb":{"@id":"https:\/\/www.gkcpro.com\/product\/home-sauna-steam-room\/#breadcrumb"},"inLanguage":"pt-BR","potentialAction":[{"@type":"ReadAction","target":["https:\/\/www.gkcpro.com\/product\/home-sauna-steam-room\/"]}]},{"@type":"ImageObject","inLanguage":"pt-BR","@id":"https:\/\/www.gkcpro.com\/product\/home-sauna-steam-room\/#primaryimage","url":"https:\/\/www.gkcpro.com\/wp-content\/uploads\/2026\/01\/outdoor-sauna.jpg","contentUrl":"https:\/\/www.gkcpro.com\/wp-content\/uploads\/2026\/01\/outdoor-sauna.jpg","width":800,"height":800,"caption":"Modern stylish Home Sauna Steam Room with glass panels produced by dedicated manufacturing factory China wholesaler"},{"@type":"BreadcrumbList","@id":"https:\/\/www.gkcpro.com\/product\/home-sauna-steam-room\/#breadcrumb","itemListElement":[{"@type":"ListItem","position":1,"name":"\u9996\u9875","item":"https:\/\/www.gkcpro.com\/"},{"@type":"ListItem","position":2,"name":"Products","item":"https:\/\/www.gkcpro.com\/shop\/"},{"@type":"ListItem","position":3,"name":"Home Sauna Steam Room"}]},{"@type":"WebSite","@id":"https:\/\/www.gkcpro.com\/#website","url":"https:\/\/www.gkcpro.com\/","name":"Container House Co., Ltd.","description":"F\u00e1brica de Casas de Cont\u00eainer","potentialAction":[{"@type":"SearchAction","target":{"@type":"EntryPoint","urlTemplate":"https:\/\/www.gkcpro.com\/?s={search_term_string}"},"query-input":{"@type":"PropertyValueSpecification","valueRequired":true,"valueName":"search_term_string"}}],"inLanguage":"pt-BR"}]}},"_links":{"self":[{"href":"https:\/\/www.gkcpro.com\/pt\/wp-json\/wp\/v2\/product\/938","targetHints":{"allow":["GET"]}}],"collection":[{"href":"https:\/\/www.gkcpro.com\/pt\/wp-json\/wp\/v2\/product"}],"about":[{"href":"https:\/\/www.gkcpro.com\/pt\/wp-json\/wp\/v2\/types\/product"}],"wp:featuredmedia":[{"embeddable":true,"href":"https:\/\/www.gkcpro.com\/pt\/wp-json\/wp\/v2\/media\/944"}],"wp:attachment":[{"href":"https:\/\/www.gkcpro.com\/pt\/wp-json\/wp\/v2\/media?parent=938"}],"wp:term":[{"taxonomy":"product_brand","embeddable":true,"href":"https:\/\/www.gkcpro.com\/pt\/wp-json\/wp\/v2\/product_brand?post=938"},{"taxonomy":"product_cat","embeddable":true,"href":"https:\/\/www.gkcpro.com\/pt\/wp-json\/wp\/v2\/product_cat?post=938"},{"taxonomy":"product_tag","embeddable":true,"href":"https:\/\/www.gkcpro.com\/pt\/wp-json\/wp\/v2\/product_tag?post=938"}],"curies":[{"name":"wp","href":"https:\/\/api.w.org\/{rel}","templated":true}]}}