{"id":922,"date":"2026-01-30T11:44:16","date_gmt":"2026-01-30T03:44:16","guid":{"rendered":"https:\/\/www.gkcpro.com\/?post_type=product&#038;p=922"},"modified":"2026-03-02T11:06:08","modified_gmt":"2026-03-02T03:06:08","slug":"40ft-used-shipping-container","status":"publish","type":"product","link":"https:\/\/www.gkcpro.com\/pt\/product\/40ft-used-shipping-container\/","title":{"rendered":"Contentor de transporte usado de 40 p\u00e9s"},"content":{"rendered":"<h1 data-start=\"213\" data-end=\"284\">Contentor Mar\u00edtimo Usado de 40 p\u00e9s: Solu\u00e7\u00f5es Confi\u00e1veis de Armazenamento e Transporte<\/h1>\n<p data-start=\"286\" data-end=\"663\">Procura uma solu\u00e7\u00e3o de armazenamento acess\u00edvel e dur\u00e1vel? Um <strong data-start=\"344\" data-end=\"376\">contentor mar\u00edtimo usado de 40 p\u00e9s<\/strong> \u00e9 a escolha perfeita. Na <strong data-start=\"403\" data-end=\"431\">Container House Co., Ltd<\/strong>, especializamo-nos na fabrica\u00e7\u00e3o e recondicionamento de <strong data-start=\"494\" data-end=\"522\">contentores mar\u00edtimos de 40 p\u00e9s<\/strong> de alta qualidade para necessidades de armazenamento e transporte. Estes contentores s\u00e3o projetados para resistir \u00e0s condi\u00e7\u00f5es mais adversas, garantindo que as suas mercadorias permane\u00e7am seguras e secas.<\/p>\n<h2 data-start=\"665\" data-end=\"707\">O que \u00e9 um Contentor Mar\u00edtimo Usado de 40 p\u00e9s?<\/h2>\n<p data-start=\"709\" data-end=\"999\">A <strong data-start=\"711\" data-end=\"743\">cont\u00eainer mar\u00edtimo usado<\/strong> \u00e9 um grande contentor de a\u00e7o comumente usado para transportar mercadorias por mar, ferrovia ou estrada. Fabricados de acordo com padr\u00f5es globais, estes contentores s\u00e3o ideais tanto para armazenamento como para transporte, oferecendo uma solu\u00e7\u00e3o econ\u00f3mica sem comprometer a durabilidade.<\/p>\n<p data-start=\"1001\" data-end=\"1157\">Na <strong data-start=\"1004\" data-end=\"1032\">Container House Co., Ltd<\/strong>, os nossos contentores s\u00e3o recondicionados para atender aos mais altos padr\u00f5es, garantindo que est\u00e3o prontos para uso imediato em qualquer ambiente.<\/p>\n<hr data-start=\"1159\" data-end=\"1162\" \/>\n<h2 data-start=\"1164\" data-end=\"1218\">Como \u00e9 Fabricado um Contentor Mar\u00edtimo Usado de 40 p\u00e9s?<\/h2>\n<p data-start=\"1220\" data-end=\"1390\">As nossas <strong data-start=\"1224\" data-end=\"1257\">Os contentores mar\u00edtimos usados de 40 p\u00e9s<\/strong> passam por um processo detalhado de fabrica\u00e7\u00e3o e recondicionamento, garantindo que cada contentor seja resistente, seguro e constru\u00eddo para durar.<\/p>\n<h3 data-start=\"1392\" data-end=\"1418\">1. Prepara\u00e7\u00e3o do A\u00e7o<\/h3>\n<p data-start=\"1419\" data-end=\"1526\">O processo come\u00e7a com bobinas de a\u00e7o de alta qualidade que s\u00e3o aplanadas e limpas para remover qualquer ferrugem ou poeira.<\/p>\n<h3 data-start=\"1528\" data-end=\"1557\">2. Montagem e Soldagem<\/h3>\n<p data-start=\"1558\" data-end=\"1723\">As chapas de a\u00e7o s\u00e3o cortadas e montadas em pain\u00e9is para o contentor, que s\u00e3o soldados para formar a estrutura do contentor. Este processo garante resist\u00eancia e estabilidade.<\/p>\n<h3 data-start=\"1725\" data-end=\"1761\">3. Inspe\u00e7\u00e3o e Recondicionamento<\/h3>\n<p data-start=\"1762\" data-end=\"1887\">Cada <strong data-start=\"1767\" data-end=\"1794\">Cada contentor mar\u00edtimo de 40 p\u00e9s<\/strong> passa por uma inspe\u00e7\u00e3o minuciosa. Quaisquer pe\u00e7as danificadas s\u00e3o substitu\u00eddas para cumprir os nossos padr\u00f5es de qualidade.<\/p>\n<h3 data-start=\"1889\" data-end=\"1918\">4. Pintura e Veda\u00e7\u00e3o<\/h3>\n<p data-start=\"1919\" data-end=\"2065\">\u00c9 aplicada uma camada protetora de tinta no a\u00e7o para prevenir a corros\u00e3o. As veda\u00e7\u00f5es das portas e as juntas s\u00e3o verificadas para garantir que o contentor \u00e9 estanque.<\/p>\n<hr data-start=\"2067\" data-end=\"2070\" \/>\n<h2 data-start=\"2072\" data-end=\"2126\">Especifica\u00e7\u00f5es do Contentor Mar\u00edtimo Usado de 40 p\u00e9s<\/h2>\n<p data-start=\"2128\" data-end=\"2253\">As nossas <strong data-start=\"2132\" data-end=\"2165\">Os contentores mar\u00edtimos usados de 40 p\u00e9s<\/strong> Os nossos contentores s\u00e3o fabricados de acordo com padr\u00f5es internacionais. Aqui est\u00e3o as especifica\u00e7\u00f5es principais:<\/p>\n<p data-start=\"2128\" data-end=\"2253\">\n<table id=\"tablepress-21\" class=\"tablepress tablepress-id-21\">\n<thead>\n<tr class=\"row-1\">\n\t<th class=\"column-1\"><strong>Especifica\u00e7\u00e3o<\/strong><\/th><th class=\"column-2\"><strong>Contentor Mar\u00edtimo Usado de 40 p\u00e9s<\/strong><\/th>\n<\/tr>\n<\/thead>\n<tbody class=\"row-striping row-hover\">\n<tr class=\"row-2\">\n\t<td class=\"column-1\"><strong>Comprimento Externo<\/strong><\/td><td class=\"column-2\">12.03 metros (40 p\u00e9s)<\/td>\n<\/tr>\n<tr class=\"row-3\">\n\t<td class=\"column-1\"><strong>Largura Externa<\/strong><\/td><td class=\"column-2\">Largura Externa: 2,44 metros (8 p\u00e9s)<\/td>\n<\/tr>\n<tr class=\"row-4\">\n\t<td class=\"column-1\"><strong>Altura Externa<\/strong><\/td><td class=\"column-2\">Altura Externa: 2,59 metros (8,5 p\u00e9s)<\/td>\n<\/tr>\n<tr class=\"row-5\">\n\t<td class=\"column-1\"><strong>Comprimento Interno<\/strong><\/td><td class=\"column-2\">11.58 metros<\/td>\n<\/tr>\n<tr class=\"row-6\">\n\t<td class=\"column-1\"><strong>Largura Interna<\/strong><\/td><td class=\"column-2\">Largura Interna: 2,35 metros<\/td>\n<\/tr>\n<tr class=\"row-7\">\n\t<td class=\"column-1\"><strong>Altura Interna<\/strong><\/td><td class=\"column-2\">Altura Interna: 2,39 metros<\/td>\n<\/tr>\n<tr class=\"row-8\">\n\t<td class=\"column-1\"><strong>Peso<\/strong><\/td><td class=\"column-2\">Aprox. 3,800 kg<\/td>\n<\/tr>\n<tr class=\"row-9\">\n\t<td class=\"column-1\"><strong>Capacidade<\/strong><\/td><td class=\"column-2\">67.5 metros c\u00fabicos<\/td>\n<\/tr>\n<tr class=\"row-10\">\n\t<td class=\"column-1\"><strong>Carga \u00datil M\u00e1xima<\/strong><\/td><td class=\"column-2\">26,000 kg<\/td>\n<\/tr>\n<\/tbody>\n<\/table>\n<!-- #tablepress-21 from cache --><\/p>\n<h2 data-start=\"2880\" data-end=\"2928\">Porqu\u00ea Escolher os Nossos Contentores Mar\u00edtimos Usados de 40 p\u00e9s?<\/h2>\n<ul data-start=\"2930\" data-end=\"3493\">\n<li data-start=\"2930\" data-end=\"3068\">\n<p data-start=\"2932\" data-end=\"3068\"><strong data-start=\"2932\" data-end=\"2950\">Econ\u00f3mico<\/strong>: Nossas <strong data-start=\"2956\" data-end=\"2989\">Os contentores mar\u00edtimos usados de 40 p\u00e9s<\/strong> Os contentores usados s\u00e3o uma op\u00e7\u00e3o amiga do or\u00e7amento, oferecendo excelente valor comparado com contentores novos.<\/p>\n<\/li>\n<li data-start=\"3069\" data-end=\"3234\">\n<p data-start=\"3071\" data-end=\"3234\"><strong data-start=\"3071\" data-end=\"3082\">Dur\u00e1vel<\/strong>Prontos para Utiliza\u00e7\u00e3o: Recondicionamos cada contentor para garantir que est\u00e1 pronto para uso em v\u00e1rios ambientes, seja para transporte, armazenamento ou convers\u00e3o noutras estruturas.<\/p>\n<\/li>\n<li data-start=\"3235\" data-end=\"3393\">\n<p data-start=\"3237\" data-end=\"3393\"><strong data-start=\"3237\" data-end=\"3250\">Vers\u00e1til<\/strong>Vers\u00e1til: Perfeito para armazenamento, constru\u00e7\u00e3o ou at\u00e9 projetos personalizados. O <strong data-start=\"3316\" data-end=\"3348\">contentor mar\u00edtimo usado de 40 p\u00e9s<\/strong> contentor de 40 p\u00e9s oferece amplo espa\u00e7o para uma vasta gama de utiliza\u00e7\u00f5es.<\/p>\n<\/li>\n<li data-start=\"3394\" data-end=\"3493\">\n<p data-start=\"3396\" data-end=\"3493\"><strong data-start=\"3396\" data-end=\"3412\">Ecol\u00f3gico<\/strong>Sustent\u00e1vel: Ao escolher um contentor usado, ajuda a reduzir res\u00edduos e promove a sustentabilidade.<\/p>\n<\/li>\n<\/ul>\n<hr data-start=\"3495\" data-end=\"3498\" \/>\n<h2 data-start=\"3500\" data-end=\"3577\">Porqu\u00ea Escolher a Container House Co., Ltd para o Seu Contentor Mar\u00edtimo Usado?<\/h2>\n<p data-start=\"3579\" data-end=\"3775\">Somos um dos principais <strong data-start=\"3596\" data-end=\"3612\">fabricantes<\/strong> de <strong data-start=\"3616\" data-end=\"3649\">Os contentores mar\u00edtimos usados de 40 p\u00e9s<\/strong>, contentores mar\u00edtimos, especializando-nos em qualidade e personaliza\u00e7\u00e3o. Os nossos contentores s\u00e3o totalmente inspecionados e recondicionados para atender aos mais altos padr\u00f5es.<\/p>\n<ul data-start=\"3777\" data-end=\"4156\">\n<li data-start=\"3777\" data-end=\"3932\">\n<p data-start=\"3779\" data-end=\"3932\"><strong data-start=\"3779\" data-end=\"3796\">Personaliza\u00e7\u00e3o<\/strong>Personaliza\u00e7\u00e3o: Oferecemos modifica\u00e7\u00f5es personalizadas para o seu <strong data-start=\"3837\" data-end=\"3864\">Cada contentor mar\u00edtimo de 40 p\u00e9s<\/strong>, contentor, incluindo portas adicionais, prateleiras, isolamento e ventila\u00e7\u00e3o.<\/p>\n<\/li>\n<li data-start=\"3933\" data-end=\"4017\">\n<p data-start=\"3935\" data-end=\"4017\"><strong data-start=\"3935\" data-end=\"3955\">Entrega Pontual<\/strong>: Garantimos a entrega atempada tanto de encomendas \u00fanicas como em volume.<\/p>\n<\/li>\n<li data-start=\"4018\" data-end=\"4156\">\n<p data-start=\"4020\" data-end=\"4156\"><strong data-start=\"4020\" data-end=\"4047\">Acess\u00edvel e Confi\u00e1vel<\/strong>: Com pre\u00e7os competitivos e garantia de qualidade, oferecemos o melhor valor para as suas necessidades de transporte ou armazenamento.<\/p>\n<\/li>\n<\/ul>\n<hr data-start=\"4158\" data-end=\"4161\" \/>\n<h2 data-start=\"4163\" data-end=\"4200\">Perguntas Frequentes \u2013 Contentor Mar\u00edtimo Usado de 40 p\u00e9s<\/h2>\n<p data-start=\"4202\" data-end=\"4385\"><strong data-start=\"4202\" data-end=\"4257\">1. Posso usar um contentor mar\u00edtimo de 40 p\u00e9s para armazenamento?<\/strong><br data-start=\"4257\" data-end=\"4260\" \/>s\u00e3o concebidas com funcionalidades de poupan\u00e7a de energia, garantindo um consumo m\u00ednimo de energia enquanto proporcionam o m\u00e1ximo conforto. <strong data-start=\"4269\" data-end=\"4302\">Os contentores mar\u00edtimos usados de 40 p\u00e9s<\/strong> Os contentores de 40 p\u00e9s s\u00e3o ideais para armazenamento e podem ser usados para guardar mercadorias, equipamentos e materiais.<\/p>\n<p data-start=\"4387\" data-end=\"4552\"><strong data-start=\"4387\" data-end=\"4445\">2. Como posso garantir que o contentor est\u00e1 em boas condi\u00e7\u00f5es?<\/strong><br data-start=\"4445\" data-end=\"4448\" \/>Inspecionamos e recondicionamos cada contentor para garantir que cumpre os nossos elevados padr\u00f5es de seguran\u00e7a e durabilidade.<\/p>\n<p data-start=\"4554\" data-end=\"4727\"><strong data-start=\"4554\" data-end=\"4609\">3. Posso personalizar o meu contentor mar\u00edtimo usado?<\/strong><br data-start=\"4609\" data-end=\"4612\" \/>Sim, oferecemos modifica\u00e7\u00f5es personalizadas para atender \u00e0s suas necessidades espec\u00edficas, como prateleiras adicionais, isolamento e ventila\u00e7\u00e3o.<\/p>\n<p data-start=\"4729\" data-end=\"4923\"><strong data-start=\"4729\" data-end=\"4785\">4. Quanto tempo pode durar um contentor usado de 40 p\u00e9s?<\/strong><br data-start=\"4785\" data-end=\"4788\" \/>Com a manuten\u00e7\u00e3o adequada, um <strong data-start=\"4815\" data-end=\"4847\">cont\u00eainer mar\u00edtimo usado<\/strong> contentor usado de 40 p\u00e9s pode durar muitos anos, fornecendo solu\u00e7\u00f5es confi\u00e1veis de armazenamento e transporte.<\/p>\n<hr data-start=\"4925\" data-end=\"4928\" \/>\n<h2 data-start=\"4930\" data-end=\"5000\">Conclus\u00e3o: Escolha os Nossos Contentores Mar\u00edtimos Usados de 40 p\u00e9s para as Suas Necessidades<\/h2>\n<p data-start=\"5002\" data-end=\"5264\">A <strong data-start=\"5004\" data-end=\"5036\">Os contentores mar\u00edtimos usados de 40 p\u00e9s <\/strong>O contentor usado de 40 p\u00e9s oferece uma solu\u00e7\u00e3o vers\u00e1til e econ\u00f3mica para armazenamento e transporte. Na <strong data-start=\"5113\" data-end=\"5141\">Container House Co., Ltd<\/strong>, fabricamos e recondicionamos contentores para garantir que cumprem os mais altos padr\u00f5es, prontos para uso em v\u00e1rios ambientes.<\/p>\n<p data-start=\"5266\" data-end=\"5399\" data-is-last-node=\"\" data-is-only-node=\"\">\ud83d\udc49 <strong data-start=\"5269\" data-end=\"5289\">para obter um or\u00e7amento gratuito para a sua<\/strong> Contacte-nos para obter um or\u00e7amento ou saber mais sobre os nossos <strong data-start=\"5329\" data-end=\"5362\">Os contentores mar\u00edtimos usados de 40 p\u00e9s<\/strong> contentores usados de 40 p\u00e9s e como podem ajudar o seu neg\u00f3cio.<\/p>","protected":false},"excerpt":{"rendered":"<p><img loading=\"lazy\" decoding=\"async\" class=\"alignnone size-full wp-image-1139\" src=\"https:\/\/www.gkcpro.com\/wp-content\/uploads\/2026\/02\/evaluate.jpg\" alt=\"Meus containers s\u00e3o exportados para muitos pa\u00edses; esta \u00e9 uma mostra dos depoimentos de nossos clientes.\" width=\"1000\" height=\"474\" srcset=\"https:\/\/www.gkcpro.com\/wp-content\/uploads\/2026\/02\/evaluate.jpg 1000w, https:\/\/www.gkcpro.com\/wp-content\/uploads\/2026\/02\/evaluate-300x142.jpg 300w, https:\/\/www.gkcpro.com\/wp-content\/uploads\/2026\/02\/evaluate-768x364.jpg 768w, https:\/\/www.gkcpro.com\/wp-content\/uploads\/2026\/02\/evaluate-18x9.jpg 18w, https:\/\/www.gkcpro.com\/wp-content\/uploads\/2026\/02\/evaluate-624x296.jpg 624w, https:\/\/www.gkcpro.com\/wp-content\/uploads\/2026\/02\/evaluate-800x379.jpg 800w\" sizes=\"auto, (max-width: 1000px) 100vw, 1000px\" \/><img loading=\"lazy\" decoding=\"async\" class=\"alignnone size-full wp-image-1137\" src=\"https:\/\/www.gkcpro.com\/wp-content\/uploads\/2026\/02\/container-house-certificates.jpg\" alt=\"\" width=\"1470\" height=\"2000\" srcset=\"https:\/\/www.gkcpro.com\/wp-content\/uploads\/2026\/02\/container-house-certificates.jpg 1470w, https:\/\/www.gkcpro.com\/wp-content\/uploads\/2026\/02\/container-house-certificates-221x300.jpg 221w, https:\/\/www.gkcpro.com\/wp-content\/uploads\/2026\/02\/container-house-certificates-753x1024.jpg 753w, https:\/\/www.gkcpro.com\/wp-content\/uploads\/2026\/02\/container-house-certificates-768x1045.jpg 768w, https:\/\/www.gkcpro.com\/wp-content\/uploads\/2026\/02\/container-house-certificates-1129x1536.jpg 1129w, https:\/\/www.gkcpro.com\/wp-content\/uploads\/2026\/02\/container-house-certificates-9x12.jpg 9w, https:\/\/www.gkcpro.com\/wp-content\/uploads\/2026\/02\/container-house-certificates-624x849.jpg 624w, https:\/\/www.gkcpro.com\/wp-content\/uploads\/2026\/02\/container-house-certificates-800x1088.jpg 800w\" sizes=\"auto, (max-width: 1470px) 100vw, 1470px\" \/><\/p>","protected":false},"featured_media":925,"template":"","meta":[],"product_brand":[],"product_cat":[49],"product_tag":[],"class_list":{"0":"post-922","1":"product","2":"type-product","3":"status-publish","4":"has-post-thumbnail","6":"product_cat-reefer-container-and-dry-container","8":"first","9":"instock","10":"shipping-taxable","11":"product-type-simple"},"yoast_head":"<!-- This site is optimized with the Yoast SEO plugin v26.6 - https:\/\/yoast.com\/wordpress\/plugins\/seo\/ -->\n<title>40ft used shipping container\u200b - china container manufacturer<\/title>\n<meta name=\"robots\" content=\"index, follow, max-snippet:-1, max-image-preview:large, max-video-preview:-1\" \/>\n<link rel=\"canonical\" href=\"https:\/\/www.gkcpro.com\/pt\/product\/40ft-used-shipping-container\/\" \/>\n<meta property=\"og:locale\" content=\"pt_BR\" \/>\n<meta property=\"og:type\" content=\"article\" \/>\n<meta property=\"og:title\" content=\"40ft used shipping container\u200b - china container manufacturer\" \/>\n<meta property=\"og:url\" content=\"https:\/\/www.gkcpro.com\/pt\/product\/40ft-used-shipping-container\/\" \/>\n<meta property=\"og:site_name\" content=\"Container House Co., Ltd.\" \/>\n<meta property=\"article:modified_time\" content=\"2026-03-02T03:06:08+00:00\" \/>\n<meta property=\"og:image\" content=\"https:\/\/www.gkcpro.com\/wp-content\/uploads\/2026\/01\/used-container.jpg\" \/>\n\t<meta property=\"og:image:width\" content=\"800\" \/>\n\t<meta property=\"og:image:height\" content=\"800\" \/>\n\t<meta property=\"og:image:type\" content=\"image\/jpeg\" \/>\n<meta name=\"twitter:card\" content=\"summary_large_image\" \/>\n<meta name=\"twitter:label1\" content=\"Est. tempo de leitura\" \/>\n\t<meta name=\"twitter:data1\" content=\"4 minutos\" \/>\n<script type=\"application\/ld+json\" class=\"yoast-schema-graph\">{\"@context\":\"https:\/\/schema.org\",\"@graph\":[{\"@type\":\"WebPage\",\"@id\":\"https:\/\/www.gkcpro.com\/product\/40ft-used-shipping-container\/\",\"url\":\"https:\/\/www.gkcpro.com\/product\/40ft-used-shipping-container\/\",\"name\":\"40ft used shipping container\u200b - china container manufacturer\",\"isPartOf\":{\"@id\":\"https:\/\/www.gkcpro.com\/#website\"},\"primaryImageOfPage\":{\"@id\":\"https:\/\/www.gkcpro.com\/product\/40ft-used-shipping-container\/#primaryimage\"},\"image\":{\"@id\":\"https:\/\/www.gkcpro.com\/product\/40ft-used-shipping-container\/#primaryimage\"},\"thumbnailUrl\":\"https:\/\/www.gkcpro.com\/wp-content\/uploads\/2026\/01\/used-container.jpg\",\"datePublished\":\"2026-01-30T03:44:16+00:00\",\"dateModified\":\"2026-03-02T03:06:08+00:00\",\"breadcrumb\":{\"@id\":\"https:\/\/www.gkcpro.com\/product\/40ft-used-shipping-container\/#breadcrumb\"},\"inLanguage\":\"pt-BR\",\"potentialAction\":[{\"@type\":\"ReadAction\",\"target\":[\"https:\/\/www.gkcpro.com\/product\/40ft-used-shipping-container\/\"]}]},{\"@type\":\"ImageObject\",\"inLanguage\":\"pt-BR\",\"@id\":\"https:\/\/www.gkcpro.com\/product\/40ft-used-shipping-container\/#primaryimage\",\"url\":\"https:\/\/www.gkcpro.com\/wp-content\/uploads\/2026\/01\/used-container.jpg\",\"contentUrl\":\"https:\/\/www.gkcpro.com\/wp-content\/uploads\/2026\/01\/used-container.jpg\",\"width\":800,\"height\":800,\"caption\":\"Enhanced storage 40ft Used Shipping Container high cube model manufactured by leading China company for export markets\"},{\"@type\":\"BreadcrumbList\",\"@id\":\"https:\/\/www.gkcpro.com\/product\/40ft-used-shipping-container\/#breadcrumb\",\"itemListElement\":[{\"@type\":\"ListItem\",\"position\":1,\"name\":\"\u9996\u9875\",\"item\":\"https:\/\/www.gkcpro.com\/\"},{\"@type\":\"ListItem\",\"position\":2,\"name\":\"Products\",\"item\":\"https:\/\/www.gkcpro.com\/shop\/\"},{\"@type\":\"ListItem\",\"position\":3,\"name\":\"40ft used shipping container\u200b\"}]},{\"@type\":\"WebSite\",\"@id\":\"https:\/\/www.gkcpro.com\/#website\",\"url\":\"https:\/\/www.gkcpro.com\/\",\"name\":\"Container House Co., Ltd.\",\"description\":\"Container House factory\",\"potentialAction\":[{\"@type\":\"SearchAction\",\"target\":{\"@type\":\"EntryPoint\",\"urlTemplate\":\"https:\/\/www.gkcpro.com\/?s={search_term_string}\"},\"query-input\":{\"@type\":\"PropertyValueSpecification\",\"valueRequired\":true,\"valueName\":\"search_term_string\"}}],\"inLanguage\":\"pt-BR\"}]}<\/script>\n<!-- \/ Yoast SEO plugin. -->","yoast_head_json":{"title":"Cont\u00eainer mar\u00edtimo usado de 40 p\u00e9s - fabricante chin\u00eas de cont\u00eaineres","robots":{"index":"index","follow":"follow","max-snippet":"max-snippet:-1","max-image-preview":"max-image-preview:large","max-video-preview":"max-video-preview:-1"},"canonical":"https:\/\/www.gkcpro.com\/pt\/product\/40ft-used-shipping-container\/","og_locale":"pt_BR","og_type":"article","og_title":"40ft used shipping container\u200b - china container manufacturer","og_url":"https:\/\/www.gkcpro.com\/pt\/product\/40ft-used-shipping-container\/","og_site_name":"Container House Co., Ltd.","article_modified_time":"2026-03-02T03:06:08+00:00","og_image":[{"width":800,"height":800,"url":"https:\/\/www.gkcpro.com\/wp-content\/uploads\/2026\/01\/used-container.jpg","type":"image\/jpeg"}],"twitter_card":"summary_large_image","twitter_misc":{"Est. tempo de leitura":"4 minutos"},"schema":{"@context":"https:\/\/schema.org","@graph":[{"@type":"WebPage","@id":"https:\/\/www.gkcpro.com\/product\/40ft-used-shipping-container\/","url":"https:\/\/www.gkcpro.com\/product\/40ft-used-shipping-container\/","name":"Cont\u00eainer mar\u00edtimo usado de 40 p\u00e9s - fabricante chin\u00eas de cont\u00eaineres","isPartOf":{"@id":"https:\/\/www.gkcpro.com\/#website"},"primaryImageOfPage":{"@id":"https:\/\/www.gkcpro.com\/product\/40ft-used-shipping-container\/#primaryimage"},"image":{"@id":"https:\/\/www.gkcpro.com\/product\/40ft-used-shipping-container\/#primaryimage"},"thumbnailUrl":"https:\/\/www.gkcpro.com\/wp-content\/uploads\/2026\/01\/used-container.jpg","datePublished":"2026-01-30T03:44:16+00:00","dateModified":"2026-03-02T03:06:08+00:00","breadcrumb":{"@id":"https:\/\/www.gkcpro.com\/product\/40ft-used-shipping-container\/#breadcrumb"},"inLanguage":"pt-BR","potentialAction":[{"@type":"ReadAction","target":["https:\/\/www.gkcpro.com\/product\/40ft-used-shipping-container\/"]}]},{"@type":"ImageObject","inLanguage":"pt-BR","@id":"https:\/\/www.gkcpro.com\/product\/40ft-used-shipping-container\/#primaryimage","url":"https:\/\/www.gkcpro.com\/wp-content\/uploads\/2026\/01\/used-container.jpg","contentUrl":"https:\/\/www.gkcpro.com\/wp-content\/uploads\/2026\/01\/used-container.jpg","width":800,"height":800,"caption":"Enhanced storage 40ft Used Shipping Container high cube model manufactured by leading China company for export markets"},{"@type":"BreadcrumbList","@id":"https:\/\/www.gkcpro.com\/product\/40ft-used-shipping-container\/#breadcrumb","itemListElement":[{"@type":"ListItem","position":1,"name":"\u9996\u9875","item":"https:\/\/www.gkcpro.com\/"},{"@type":"ListItem","position":2,"name":"Products","item":"https:\/\/www.gkcpro.com\/shop\/"},{"@type":"ListItem","position":3,"name":"40ft used shipping container\u200b"}]},{"@type":"WebSite","@id":"https:\/\/www.gkcpro.com\/#website","url":"https:\/\/www.gkcpro.com\/","name":"Container House Co., Ltd.","description":"F\u00e1brica de Casas de Cont\u00eainer","potentialAction":[{"@type":"SearchAction","target":{"@type":"EntryPoint","urlTemplate":"https:\/\/www.gkcpro.com\/?s={search_term_string}"},"query-input":{"@type":"PropertyValueSpecification","valueRequired":true,"valueName":"search_term_string"}}],"inLanguage":"pt-BR"}]}},"_links":{"self":[{"href":"https:\/\/www.gkcpro.com\/pt\/wp-json\/wp\/v2\/product\/922","targetHints":{"allow":["GET"]}}],"collection":[{"href":"https:\/\/www.gkcpro.com\/pt\/wp-json\/wp\/v2\/product"}],"about":[{"href":"https:\/\/www.gkcpro.com\/pt\/wp-json\/wp\/v2\/types\/product"}],"wp:featuredmedia":[{"embeddable":true,"href":"https:\/\/www.gkcpro.com\/pt\/wp-json\/wp\/v2\/media\/925"}],"wp:attachment":[{"href":"https:\/\/www.gkcpro.com\/pt\/wp-json\/wp\/v2\/media?parent=922"}],"wp:term":[{"taxonomy":"product_brand","embeddable":true,"href":"https:\/\/www.gkcpro.com\/pt\/wp-json\/wp\/v2\/product_brand?post=922"},{"taxonomy":"product_cat","embeddable":true,"href":"https:\/\/www.gkcpro.com\/pt\/wp-json\/wp\/v2\/product_cat?post=922"},{"taxonomy":"product_tag","embeddable":true,"href":"https:\/\/www.gkcpro.com\/pt\/wp-json\/wp\/v2\/product_tag?post=922"}],"curies":[{"name":"wp","href":"https:\/\/api.w.org\/{rel}","templated":true}]}}