{"id":919,"date":"2026-01-30T11:49:17","date_gmt":"2026-01-30T03:49:17","guid":{"rendered":"https:\/\/www.gkcpro.com\/?post_type=product&#038;p=919"},"modified":"2026-03-02T11:05:27","modified_gmt":"2026-03-02T03:05:27","slug":"20ft-shipping-container-used","status":"publish","type":"product","link":"https:\/\/www.gkcpro.com\/pt\/product\/20ft-shipping-container-used\/","title":{"rendered":"Contentor de transporte usado de 20 p\u00e9s"},"content":{"rendered":"<h1 data-start=\"260\" data-end=\"334\">Cont\u00eainer Mar\u00edtimo de 20 p\u00e9s Usado: Uma Solu\u00e7\u00e3o Confi\u00e1vel para Suas Necessidades de Armazenamento<\/h1>\n<p data-start=\"336\" data-end=\"690\">Voc\u00ea est\u00e1 procurando por um <strong data-start=\"358\" data-end=\"390\">Contentor de transporte usado de 20 p\u00e9s<\/strong> para armazenamento ou transporte? Na <strong data-start=\"419\" data-end=\"447\">Container House Co., Ltd<\/strong>, somos especializados na fabrica\u00e7\u00e3o de cont\u00eaineres mar\u00edtimos usados de alta qualidade e confi\u00e1veis que atendem \u00e0s suas necessidades. Seja para espa\u00e7o extra de armazenamento, um escrit\u00f3rio port\u00e1til ou uma solu\u00e7\u00e3o de transporte, nossos <strong data-start=\"635\" data-end=\"668\">cont\u00eaineres mar\u00edtimos usados de 20 p\u00e9s<\/strong> s\u00e3o a escolha perfeita.<\/p>\n<h2 data-start=\"692\" data-end=\"738\">Para que serve um Cont\u00eainer Mar\u00edtimo de 20 p\u00e9s Usado?<\/h2>\n<p data-start=\"740\" data-end=\"797\">Um cont\u00eainer usado de 20 p\u00e9s<strong data-start=\"742\" data-end=\"774\">\u00a0contentor de carga <\/strong>\u00e9 tipicamente utilizado para:<\/p>\n<ul data-start=\"799\" data-end=\"1022\">\n<li data-start=\"799\" data-end=\"853\">\n<p data-start=\"801\" data-end=\"853\"><strong data-start=\"801\" data-end=\"822\">Solu\u00e7\u00f5es de armazenamento<\/strong> para uso empresarial ou pessoal<\/p>\n<\/li>\n<li data-start=\"854\" data-end=\"903\">\n<p data-start=\"856\" data-end=\"903\"><strong data-start=\"856\" data-end=\"874\">Transporte de mercadorias<\/strong> entre pa\u00edses e regi\u00f5es<\/p>\n<\/li>\n<li data-start=\"904\" data-end=\"958\">\n<p data-start=\"906\" data-end=\"958\"><strong data-start=\"906\" data-end=\"932\">Escrit\u00f3rios tempor\u00e1rios em canteiros de obras<\/strong> para projetos de constru\u00e7\u00e3o<\/p>\n<\/li>\n<li data-start=\"959\" data-end=\"1022\">\n<p data-start=\"961\" data-end=\"1022\"><strong data-start=\"961\" data-end=\"985\">Modifica\u00e7\u00f5es personalizadas<\/strong> como casas, escrit\u00f3rios ou lojas pop-up<\/p>\n<\/li>\n<\/ul>\n<p data-start=\"1024\" data-end=\"1170\">As nossas <strong data-start=\"1028\" data-end=\"1052\">Os cont\u00eaineres usados de 20 p\u00e9s<\/strong> s\u00e3o perfeitos para pequenas empresas, empresas de log\u00edstica ou qualquer pessoa que precise de espa\u00e7o extra para seus produtos ou equipamentos.<\/p>\n<hr data-start=\"1172\" data-end=\"1175\" \/>\n<h2 data-start=\"1177\" data-end=\"1231\">Como um Cont\u00eainer Mar\u00edtimo de 20 p\u00e9s Usado \u00e9 Fabricado?<\/h2>\n<p data-start=\"1233\" data-end=\"1398\">Na <strong data-start=\"1236\" data-end=\"1264\">Container House Co., Ltd<\/strong>, Na nossa empresa, fabricamos cada <strong data-start=\"1286\" data-end=\"1318\">cont\u00eainer mar\u00edtimo usado de 20 p\u00e9s<\/strong> com cuidado, seguindo um processo detalhado para garantir durabilidade e funcionalidade.<\/p>\n<h3 data-start=\"1400\" data-end=\"1426\">1. Prepara\u00e7\u00e3o do A\u00e7o<\/h3>\n<p data-start=\"1427\" data-end=\"1580\">Come\u00e7amos com a\u00e7o de alta qualidade, que \u00e9 aplainado e limpo para remover qualquer ferrugem ou poeira. O a\u00e7o \u00e9 ent\u00e3o processado em pain\u00e9is e pe\u00e7as do cont\u00eainer.<\/p>\n<h3 data-start=\"1582\" data-end=\"1611\">2. Montagem e Soldagem<\/h3>\n<p data-start=\"1612\" data-end=\"1714\">Os pain\u00e9is do cont\u00eainer s\u00e3o soldados, criando uma estrutura forte e segura para transporte e armazenamento.<\/p>\n<h3 data-start=\"1716\" data-end=\"1740\">3. Controle de Qualidade<\/h3>\n<p data-start=\"1741\" data-end=\"1885\">Cada <strong data-start=\"1746\" data-end=\"1778\">cont\u00eainer mar\u00edtimo usado de 20 p\u00e9s<\/strong> Cada cont\u00eainer passa por uma inspe\u00e7\u00e3o minuciosa, garantindo que atenda aos altos padr\u00f5es de seguran\u00e7a, durabilidade e desempenho.<\/p>\n<h3 data-start=\"1887\" data-end=\"1916\">4. Pintura e Veda\u00e7\u00e3o<\/h3>\n<p data-start=\"1917\" data-end=\"2123\">Aplicamos tinta anti-ferrugem para proteger o cont\u00eainer contra corros\u00e3o, especialmente durante longos per\u00edodos de transporte mar\u00edtimo. As veda\u00e7\u00f5es das portas e juntas s\u00e3o verificadas para garantir que o cont\u00eainer seja imperme\u00e1vel.<\/p>\n<h3 data-start=\"2125\" data-end=\"2147\">5. Teste Final<\/h3>\n<p data-start=\"2148\" data-end=\"2264\">Testamos a integridade estrutural e a estanqueidade do <strong data-start=\"2208\" data-end=\"2235\">cont\u00eainer mar\u00edtimo usado<\/strong> para garantir que esteja apto para uso.<\/p>\n<hr data-start=\"2266\" data-end=\"2269\" \/>\n<h2 data-start=\"2271\" data-end=\"2325\">Benef\u00edcios de Escolher um Cont\u00eainer Mar\u00edtimo de 20 p\u00e9s Usado<\/h2>\n<ul data-start=\"2327\" data-end=\"2791\">\n<li data-start=\"2327\" data-end=\"2443\">\n<p data-start=\"2329\" data-end=\"2443\"><strong data-start=\"2329\" data-end=\"2343\">Acess\u00edvel<\/strong>: A compra de um <strong data-start=\"2358\" data-end=\"2390\">cont\u00eainer usado de 20 p\u00e9s <\/strong>\u00e9 mais econ\u00f4mica do que a compra de cont\u00eaineres novos.<\/p>\n<\/li>\n<li data-start=\"2444\" data-end=\"2563\">\n<p data-start=\"2446\" data-end=\"2563\"><strong data-start=\"2446\" data-end=\"2457\">Dur\u00e1vel<\/strong>: Apesar de serem usados, nossos cont\u00eaineres s\u00e3o minuciosamente inspecionados e reformados para atender aos padr\u00f5es de qualidade.<\/p>\n<\/li>\n<li data-start=\"2564\" data-end=\"2671\">\n<p data-start=\"2566\" data-end=\"2671\"><strong data-start=\"2566\" data-end=\"2579\">Vers\u00e1til<\/strong>: Adequado para diversos usos, desde armazenamento at\u00e9 modifica\u00e7\u00f5es personalizadas para resid\u00eancias ou empresas.<\/p>\n<\/li>\n<li data-start=\"2672\" data-end=\"2791\">\n<p data-start=\"2674\" data-end=\"2791\"><strong data-start=\"2674\" data-end=\"2690\">Ecol\u00f3gico<\/strong>: Usar um <strong data-start=\"2700\" data-end=\"2727\">cont\u00eainer mar\u00edtimo usado<\/strong> cont\u00eainer usado \u00e9 uma escolha sustent\u00e1vel, reduzindo a demanda por novos materiais.<\/p>\n<\/li>\n<\/ul>\n<hr data-start=\"2793\" data-end=\"2796\" \/>\n<h2 data-start=\"2798\" data-end=\"2845\">Cont\u00eainer de 20 p\u00e9s Usado: Especifica\u00e7\u00f5es<\/h2>\n<p data-start=\"2847\" data-end=\"2942\">Aqui est\u00e3o as medidas e especifica\u00e7\u00f5es padr\u00e3o do nosso <strong data-start=\"2909\" data-end=\"2941\">cont\u00eainer usado de 20 p\u00e9s<\/strong>:<\/p>\n<p data-start=\"2847\" data-end=\"2942\">\n<table id=\"tablepress-20\" class=\"tablepress tablepress-id-20\">\n<thead>\n<tr class=\"row-1\">\n\t<th class=\"column-1\"><strong>Especifica\u00e7\u00e3o<\/strong><\/th><th class=\"column-2\"><strong>Cont\u00eainer Mar\u00edtimo de 20 p\u00e9s Usado<\/strong><\/th>\n<\/tr>\n<\/thead>\n<tbody class=\"row-striping row-hover\">\n<tr class=\"row-2\">\n\t<td class=\"column-1\"><strong>Comprimento Externo<\/strong><\/td><td class=\"column-2\">Comprimento Externo: 6,06 metros (20 p\u00e9s)<\/td>\n<\/tr>\n<tr class=\"row-3\">\n\t<td class=\"column-1\"><strong>Largura Externa<\/strong><\/td><td class=\"column-2\">Largura Externa: 2,44 metros (8 p\u00e9s)<\/td>\n<\/tr>\n<tr class=\"row-4\">\n\t<td class=\"column-1\"><strong>Altura Externa<\/strong><\/td><td class=\"column-2\">Altura Externa: 2,59 metros (8,5 p\u00e9s)<\/td>\n<\/tr>\n<tr class=\"row-5\">\n\t<td class=\"column-1\"><strong>Comprimento Interno<\/strong><\/td><td class=\"column-2\">Comprimento Interno: 5,90 metros<\/td>\n<\/tr>\n<tr class=\"row-6\">\n\t<td class=\"column-1\"><strong>Largura Interna<\/strong><\/td><td class=\"column-2\">Largura Interna: 2,35 metros<\/td>\n<\/tr>\n<tr class=\"row-7\">\n\t<td class=\"column-1\"><strong>Altura Interna<\/strong><\/td><td class=\"column-2\">Altura Interna: 2,39 metros<\/td>\n<\/tr>\n<tr class=\"row-8\">\n\t<td class=\"column-1\"><strong>Carga M\u00e1xima<\/strong><\/td><td class=\"column-2\">25.000 kg<\/td>\n<\/tr>\n<tr class=\"row-9\">\n\t<td class=\"column-1\"><strong>Capacidade<\/strong><\/td><td class=\"column-2\">33 metros c\u00fabicos<\/td>\n<\/tr>\n<tr class=\"row-10\">\n\t<td class=\"column-1\"><strong>Peso<\/strong><\/td><td class=\"column-2\">Tara<\/td>\n<\/tr>\n<\/tbody>\n<\/table>\n<!-- #tablepress-20 from cache --><\/p>\n<h2 data-start=\"3411\" data-end=\"3488\">2.300 kg (aproximadamente)<\/h2>\n<p data-start=\"3490\" data-end=\"3748\">Na <strong data-start=\"3493\" data-end=\"3521\">Container House Co., Ltd<\/strong>, Por que Escolher a Container House Co., Ltd para seu Cont\u00eainer Mar\u00edtimo de 20 p\u00e9s Usado? <strong data-start=\"3671\" data-end=\"3699\">Na nossa empresa, somos mais do que simples fornecedores. Somos fabricantes comprometidos em entregar produtos de alta qualidade, e temos orgulho em produzir<\/strong> que atendem empresas e indiv\u00edduos em todo o mundo.<\/p>\n<ul data-start=\"3750\" data-end=\"4082\">\n<li data-start=\"3750\" data-end=\"3857\">\n<p data-start=\"3752\" data-end=\"3857\"><strong data-start=\"3752\" data-end=\"3772\">Solu\u00e7\u00f5es Personalizadas<\/strong>: Oferecemos modifica\u00e7\u00f5es para todos os tipos de necessidades, desde portas extras at\u00e9 pisos personalizados.<\/p>\n<\/li>\n<li data-start=\"3858\" data-end=\"3957\">\n<p data-start=\"3860\" data-end=\"3957\"><strong data-start=\"3860\" data-end=\"3881\">Entrega Confi\u00e1vel<\/strong>: Garantimos entrega pontual e cuidamos de toda a log\u00edstica para o seu pedido em grande volume.<\/p>\n<\/li>\n<li data-start=\"3958\" data-end=\"4082\">\n<p data-start=\"3960\" data-end=\"4082\"><strong data-start=\"3960\" data-end=\"3978\">Sustentabilidade<\/strong>: Utilizar <strong data-start=\"3986\" data-end=\"4019\">cont\u00eaineres mar\u00edtimos usados de 20 p\u00e9s<\/strong> \u00e9 uma solu\u00e7\u00e3o ecol\u00f3gica e econ\u00f4mica para empresas.<\/p>\n<\/li>\n<\/ul>\n<hr data-start=\"4084\" data-end=\"4087\" \/>\n<h2 data-start=\"4089\" data-end=\"4126\">Perguntas Frequentes \u2013 Sobre Cont\u00eaineres Mar\u00edtimos Usados<\/h2>\n<p data-start=\"4128\" data-end=\"4373\"><strong data-start=\"4128\" data-end=\"4204\">1. Como sei se um cont\u00eainer mar\u00edtimo usado est\u00e1 em boas condi\u00e7\u00f5es?<\/strong><br data-start=\"4204\" data-end=\"4207\" \/>Inspecionamos minuciosamente cada cont\u00eainer quanto \u00e0 integridade estrutural, ferrugem e estanqueidade \u00e0 \u00e1gua. Apenas cont\u00eaineres que passam em nossos rigorosos controles de qualidade s\u00e3o entregues a voc\u00ea.<\/p>\n<p data-start=\"4375\" data-end=\"4540\"><strong data-start=\"4375\" data-end=\"4430\">2. Posso usar um cont\u00eainer mar\u00edtimo usado para armazenamento?<\/strong><br data-start=\"4430\" data-end=\"4433\" \/>Sim! Um <strong data-start=\"4440\" data-end=\"4472\">cont\u00eainer usado de 20 p\u00e9s<\/strong> \u00e9 perfeito para armazenar mercadorias ou itens pessoais de forma segura e protegida.<\/p>\n<p data-start=\"4542\" data-end=\"4704\"><strong data-start=\"4542\" data-end=\"4591\">3. Posso personalizar um cont\u00eainer mar\u00edtimo usado?<\/strong><br data-start=\"4591\" data-end=\"4594\" \/>Sim, oferecemos personaliza\u00e7\u00f5es como portas adicionais, prateleiras, ventila\u00e7\u00e3o e pisos para atender \u00e0s suas necessidades.<\/p>\n<p data-start=\"4706\" data-end=\"4858\"><strong data-start=\"4706\" data-end=\"4763\">4. Quanto tempo dura um cont\u00eainer mar\u00edtimo usado de 20 p\u00e9s?<\/strong><br data-start=\"4763\" data-end=\"4766\" \/>Com a manuten\u00e7\u00e3o adequada, nosso<strong data-start=\"4793\" data-end=\"4825\">\u00a0cont\u00eainer mar\u00edtimo usado<\/strong> pode durar at\u00e9 15 anos ou mais.<\/p>\n<hr data-start=\"4860\" data-end=\"4863\" \/>\n<h2 data-start=\"4865\" data-end=\"4923\">Conclus\u00e3o: Adquira Seu Cont\u00eainer Mar\u00edtimo Usado de 20 P\u00e9s Hoje<\/h2>\n<p data-start=\"4925\" data-end=\"5254\">Escolher um cont\u00eainer mar\u00edtimo usado de <strong data-start=\"4936\" data-end=\"4968\">20 p\u00e9s <\/strong>\u00a0\u00e9 uma excelente op\u00e7\u00e3o para empresas, empresas de log\u00edstica e indiv\u00edduos que necessitam de solu\u00e7\u00f5es de armazenamento acess\u00edveis, seguras e confi\u00e1veis. Seja para transportar mercadorias, armazenar equipamentos ou criar um espa\u00e7o personalizado, nossos <strong data-start=\"5190\" data-end=\"5223\">cont\u00eaineres mar\u00edtimos usados de 20 p\u00e9s<\/strong> s\u00e3o dur\u00e1veis e constru\u00eddos para durar.<\/p>\n<p data-start=\"5256\" data-end=\"5380\" data-is-only-node=\"\">\ud83d\udc49 <strong data-start=\"5259\" data-end=\"5279\">para obter um or\u00e7amento gratuito para a sua<\/strong> para um or\u00e7amento ou para saber mais sobre como nossos <strong data-start=\"5323\" data-end=\"5356\">cont\u00eaineres mar\u00edtimos usados de 20 p\u00e9s<\/strong> podem ajudar o seu neg\u00f3cio.<\/p>","protected":false},"excerpt":{"rendered":"<p><img loading=\"lazy\" decoding=\"async\" class=\"alignnone size-full wp-image-1139\" src=\"https:\/\/www.gkcpro.com\/wp-content\/uploads\/2026\/02\/evaluate.jpg\" alt=\"Meus containers s\u00e3o exportados para muitos pa\u00edses; esta \u00e9 uma mostra dos depoimentos de nossos clientes.\" width=\"1000\" height=\"474\" srcset=\"https:\/\/www.gkcpro.com\/wp-content\/uploads\/2026\/02\/evaluate.jpg 1000w, https:\/\/www.gkcpro.com\/wp-content\/uploads\/2026\/02\/evaluate-300x142.jpg 300w, https:\/\/www.gkcpro.com\/wp-content\/uploads\/2026\/02\/evaluate-768x364.jpg 768w, https:\/\/www.gkcpro.com\/wp-content\/uploads\/2026\/02\/evaluate-18x9.jpg 18w, https:\/\/www.gkcpro.com\/wp-content\/uploads\/2026\/02\/evaluate-624x296.jpg 624w, https:\/\/www.gkcpro.com\/wp-content\/uploads\/2026\/02\/evaluate-800x379.jpg 800w\" sizes=\"auto, (max-width: 1000px) 100vw, 1000px\" \/><\/p>\n<p><img loading=\"lazy\" decoding=\"async\" class=\"alignnone size-full wp-image-1137\" src=\"https:\/\/www.gkcpro.com\/wp-content\/uploads\/2026\/02\/container-house-certificates.jpg\" alt=\"\" width=\"1470\" height=\"2000\" srcset=\"https:\/\/www.gkcpro.com\/wp-content\/uploads\/2026\/02\/container-house-certificates.jpg 1470w, https:\/\/www.gkcpro.com\/wp-content\/uploads\/2026\/02\/container-house-certificates-221x300.jpg 221w, https:\/\/www.gkcpro.com\/wp-content\/uploads\/2026\/02\/container-house-certificates-753x1024.jpg 753w, https:\/\/www.gkcpro.com\/wp-content\/uploads\/2026\/02\/container-house-certificates-768x1045.jpg 768w, https:\/\/www.gkcpro.com\/wp-content\/uploads\/2026\/02\/container-house-certificates-1129x1536.jpg 1129w, https:\/\/www.gkcpro.com\/wp-content\/uploads\/2026\/02\/container-house-certificates-9x12.jpg 9w, https:\/\/www.gkcpro.com\/wp-content\/uploads\/2026\/02\/container-house-certificates-624x849.jpg 624w, https:\/\/www.gkcpro.com\/wp-content\/uploads\/2026\/02\/container-house-certificates-800x1088.jpg 800w\" sizes=\"auto, (max-width: 1470px) 100vw, 1470px\" \/><\/p>","protected":false},"featured_media":928,"template":"","meta":[],"product_brand":[],"product_cat":[49],"product_tag":[],"class_list":{"0":"post-919","1":"product","2":"type-product","3":"status-publish","4":"has-post-thumbnail","6":"product_cat-reefer-container-and-dry-container","8":"first","9":"instock","10":"shipping-taxable","11":"product-type-simple"},"yoast_head":"<!-- This site is optimized with the Yoast SEO plugin v26.6 - https:\/\/yoast.com\/wordpress\/plugins\/seo\/ -->\n<title>20ft shipping container used - china container manufacturer<\/title>\n<meta name=\"description\" content=\"Used 20ft containers for sale: durable, high quality,perfect for B2B storage &amp; shipping. Bulk discounts and nationwide delivery.\" \/>\n<meta name=\"robots\" content=\"index, follow, max-snippet:-1, max-image-preview:large, max-video-preview:-1\" \/>\n<link rel=\"canonical\" href=\"https:\/\/www.gkcpro.com\/pt\/product\/20ft-shipping-container-used\/\" \/>\n<meta property=\"og:locale\" content=\"pt_BR\" \/>\n<meta property=\"og:type\" content=\"article\" \/>\n<meta property=\"og:title\" content=\"20ft shipping container used - china container manufacturer\" \/>\n<meta property=\"og:description\" content=\"Used 20ft containers for sale: durable, high quality,perfect for B2B storage &amp; shipping. Bulk discounts and nationwide delivery.\" \/>\n<meta property=\"og:url\" content=\"https:\/\/www.gkcpro.com\/pt\/product\/20ft-shipping-container-used\/\" \/>\n<meta property=\"og:site_name\" content=\"Container House Co., Ltd.\" \/>\n<meta property=\"article:modified_time\" content=\"2026-03-02T03:05:27+00:00\" \/>\n<meta property=\"og:image\" content=\"https:\/\/www.gkcpro.com\/wp-content\/uploads\/2026\/01\/used-container-1.jpg\" \/>\n\t<meta property=\"og:image:width\" content=\"800\" \/>\n\t<meta property=\"og:image:height\" content=\"800\" \/>\n\t<meta property=\"og:image:type\" content=\"image\/jpeg\" \/>\n<meta name=\"twitter:card\" content=\"summary_large_image\" \/>\n<meta name=\"twitter:label1\" content=\"Est. tempo de leitura\" \/>\n\t<meta name=\"twitter:data1\" content=\"4 minutos\" \/>\n<script type=\"application\/ld+json\" class=\"yoast-schema-graph\">{\"@context\":\"https:\/\/schema.org\",\"@graph\":[{\"@type\":\"WebPage\",\"@id\":\"https:\/\/www.gkcpro.com\/product\/20ft-shipping-container-used\/\",\"url\":\"https:\/\/www.gkcpro.com\/product\/20ft-shipping-container-used\/\",\"name\":\"20ft shipping container used - china container manufacturer\",\"isPartOf\":{\"@id\":\"https:\/\/www.gkcpro.com\/#website\"},\"primaryImageOfPage\":{\"@id\":\"https:\/\/www.gkcpro.com\/product\/20ft-shipping-container-used\/#primaryimage\"},\"image\":{\"@id\":\"https:\/\/www.gkcpro.com\/product\/20ft-shipping-container-used\/#primaryimage\"},\"thumbnailUrl\":\"https:\/\/www.gkcpro.com\/wp-content\/uploads\/2026\/01\/used-container-1.jpg\",\"datePublished\":\"2026-01-30T03:49:17+00:00\",\"dateModified\":\"2026-03-02T03:05:27+00:00\",\"description\":\"Used 20ft containers for sale: durable, high quality,perfect for B2B storage & shipping. Bulk discounts and nationwide delivery.\",\"breadcrumb\":{\"@id\":\"https:\/\/www.gkcpro.com\/product\/20ft-shipping-container-used\/#breadcrumb\"},\"inLanguage\":\"pt-BR\",\"potentialAction\":[{\"@type\":\"ReadAction\",\"target\":[\"https:\/\/www.gkcpro.com\/product\/20ft-shipping-container-used\/\"]}]},{\"@type\":\"ImageObject\",\"inLanguage\":\"pt-BR\",\"@id\":\"https:\/\/www.gkcpro.com\/product\/20ft-shipping-container-used\/#primaryimage\",\"url\":\"https:\/\/www.gkcpro.com\/wp-content\/uploads\/2026\/01\/used-container-1.jpg\",\"contentUrl\":\"https:\/\/www.gkcpro.com\/wp-content\/uploads\/2026\/01\/used-container-1.jpg\",\"width\":800,\"height\":800,\"caption\":\"High-grade 20ft Used Shipping Container provided by established factory China maker perfect for secure storage and logistics\"},{\"@type\":\"BreadcrumbList\",\"@id\":\"https:\/\/www.gkcpro.com\/product\/20ft-shipping-container-used\/#breadcrumb\",\"itemListElement\":[{\"@type\":\"ListItem\",\"position\":1,\"name\":\"\u9996\u9875\",\"item\":\"https:\/\/www.gkcpro.com\/\"},{\"@type\":\"ListItem\",\"position\":2,\"name\":\"Products\",\"item\":\"https:\/\/www.gkcpro.com\/shop\/\"},{\"@type\":\"ListItem\",\"position\":3,\"name\":\"20ft shipping container used\"}]},{\"@type\":\"WebSite\",\"@id\":\"https:\/\/www.gkcpro.com\/#website\",\"url\":\"https:\/\/www.gkcpro.com\/\",\"name\":\"Container House Co., Ltd.\",\"description\":\"Container House factory\",\"potentialAction\":[{\"@type\":\"SearchAction\",\"target\":{\"@type\":\"EntryPoint\",\"urlTemplate\":\"https:\/\/www.gkcpro.com\/?s={search_term_string}\"},\"query-input\":{\"@type\":\"PropertyValueSpecification\",\"valueRequired\":true,\"valueName\":\"search_term_string\"}}],\"inLanguage\":\"pt-BR\"}]}<\/script>\n<!-- \/ Yoast SEO plugin. -->","yoast_head_json":{"title":"Cont\u00eainer de transporte de 20 p\u00e9s usado - fabricante chin\u00eas de cont\u00eaineres","description":"Cont\u00eaineres de 20 p\u00e9s usados \u00e0 venda: dur\u00e1veis, de alta qualidade, perfeitos para armazenamento e transporte B2B. Descontos para compras em grande quantidade e entrega em todo o pa\u00eds.","robots":{"index":"index","follow":"follow","max-snippet":"max-snippet:-1","max-image-preview":"max-image-preview:large","max-video-preview":"max-video-preview:-1"},"canonical":"https:\/\/www.gkcpro.com\/pt\/product\/20ft-shipping-container-used\/","og_locale":"pt_BR","og_type":"article","og_title":"20ft shipping container used - china container manufacturer","og_description":"Used 20ft containers for sale: durable, high quality,perfect for B2B storage & shipping. Bulk discounts and nationwide delivery.","og_url":"https:\/\/www.gkcpro.com\/pt\/product\/20ft-shipping-container-used\/","og_site_name":"Container House Co., Ltd.","article_modified_time":"2026-03-02T03:05:27+00:00","og_image":[{"width":800,"height":800,"url":"https:\/\/www.gkcpro.com\/wp-content\/uploads\/2026\/01\/used-container-1.jpg","type":"image\/jpeg"}],"twitter_card":"summary_large_image","twitter_misc":{"Est. tempo de leitura":"4 minutos"},"schema":{"@context":"https:\/\/schema.org","@graph":[{"@type":"WebPage","@id":"https:\/\/www.gkcpro.com\/product\/20ft-shipping-container-used\/","url":"https:\/\/www.gkcpro.com\/product\/20ft-shipping-container-used\/","name":"Cont\u00eainer de transporte de 20 p\u00e9s usado - fabricante chin\u00eas de cont\u00eaineres","isPartOf":{"@id":"https:\/\/www.gkcpro.com\/#website"},"primaryImageOfPage":{"@id":"https:\/\/www.gkcpro.com\/product\/20ft-shipping-container-used\/#primaryimage"},"image":{"@id":"https:\/\/www.gkcpro.com\/product\/20ft-shipping-container-used\/#primaryimage"},"thumbnailUrl":"https:\/\/www.gkcpro.com\/wp-content\/uploads\/2026\/01\/used-container-1.jpg","datePublished":"2026-01-30T03:49:17+00:00","dateModified":"2026-03-02T03:05:27+00:00","description":"Cont\u00eaineres de 20 p\u00e9s usados \u00e0 venda: dur\u00e1veis, de alta qualidade, perfeitos para armazenamento e transporte B2B. Descontos para compras em grande quantidade e entrega em todo o pa\u00eds.","breadcrumb":{"@id":"https:\/\/www.gkcpro.com\/product\/20ft-shipping-container-used\/#breadcrumb"},"inLanguage":"pt-BR","potentialAction":[{"@type":"ReadAction","target":["https:\/\/www.gkcpro.com\/product\/20ft-shipping-container-used\/"]}]},{"@type":"ImageObject","inLanguage":"pt-BR","@id":"https:\/\/www.gkcpro.com\/product\/20ft-shipping-container-used\/#primaryimage","url":"https:\/\/www.gkcpro.com\/wp-content\/uploads\/2026\/01\/used-container-1.jpg","contentUrl":"https:\/\/www.gkcpro.com\/wp-content\/uploads\/2026\/01\/used-container-1.jpg","width":800,"height":800,"caption":"High-grade 20ft Used Shipping Container provided by established factory China maker perfect for secure storage and logistics"},{"@type":"BreadcrumbList","@id":"https:\/\/www.gkcpro.com\/product\/20ft-shipping-container-used\/#breadcrumb","itemListElement":[{"@type":"ListItem","position":1,"name":"\u9996\u9875","item":"https:\/\/www.gkcpro.com\/"},{"@type":"ListItem","position":2,"name":"Products","item":"https:\/\/www.gkcpro.com\/shop\/"},{"@type":"ListItem","position":3,"name":"20ft shipping container used"}]},{"@type":"WebSite","@id":"https:\/\/www.gkcpro.com\/#website","url":"https:\/\/www.gkcpro.com\/","name":"Container House Co., Ltd.","description":"F\u00e1brica de Casas de Cont\u00eainer","potentialAction":[{"@type":"SearchAction","target":{"@type":"EntryPoint","urlTemplate":"https:\/\/www.gkcpro.com\/?s={search_term_string}"},"query-input":{"@type":"PropertyValueSpecification","valueRequired":true,"valueName":"search_term_string"}}],"inLanguage":"pt-BR"}]}},"_links":{"self":[{"href":"https:\/\/www.gkcpro.com\/pt\/wp-json\/wp\/v2\/product\/919","targetHints":{"allow":["GET"]}}],"collection":[{"href":"https:\/\/www.gkcpro.com\/pt\/wp-json\/wp\/v2\/product"}],"about":[{"href":"https:\/\/www.gkcpro.com\/pt\/wp-json\/wp\/v2\/types\/product"}],"wp:featuredmedia":[{"embeddable":true,"href":"https:\/\/www.gkcpro.com\/pt\/wp-json\/wp\/v2\/media\/928"}],"wp:attachment":[{"href":"https:\/\/www.gkcpro.com\/pt\/wp-json\/wp\/v2\/media?parent=919"}],"wp:term":[{"taxonomy":"product_brand","embeddable":true,"href":"https:\/\/www.gkcpro.com\/pt\/wp-json\/wp\/v2\/product_brand?post=919"},{"taxonomy":"product_cat","embeddable":true,"href":"https:\/\/www.gkcpro.com\/pt\/wp-json\/wp\/v2\/product_cat?post=919"},{"taxonomy":"product_tag","embeddable":true,"href":"https:\/\/www.gkcpro.com\/pt\/wp-json\/wp\/v2\/product_tag?post=919"}],"curies":[{"name":"wp","href":"https:\/\/api.w.org\/{rel}","templated":true}]}}