{"id":907,"date":"2026-01-29T17:28:12","date_gmt":"2026-01-29T09:28:12","guid":{"rendered":"https:\/\/www.gkcpro.com\/?post_type=product&#038;p=907"},"modified":"2026-03-02T11:06:40","modified_gmt":"2026-03-02T03:06:40","slug":"side-opening-shipping-container","status":"publish","type":"product","link":"https:\/\/www.gkcpro.com\/pt\/product\/side-opening-shipping-container\/","title":{"rendered":"contentor de transporte com abertura lateral"},"content":{"rendered":"<h1 data-start=\"0\" data-end=\"72\">Contentor de Carga com Abertura Lateral \u2013 Fabricado por um Verdadeiro Fabricante na China<\/h1>\n<p data-start=\"74\" data-end=\"366\">A <strong data-start=\"76\" data-end=\"111\">contentor de transporte com abertura lateral<\/strong> \u00c9 uma grande caixa de a\u00e7o que abre pelo lado comprido, n\u00e3o apenas pela extremidade. Isso torna o carregamento e descarregamento muito f\u00e1ceis. Como fabricante direto na China, projetamos e constru\u00edmos esses contentores em nossa pr\u00f3pria f\u00e1brica, utilizando a\u00e7o resistente e padr\u00f5es de produ\u00e7\u00e3o claros.<\/p>\n<hr data-start=\"368\" data-end=\"371\" \/>\n<h2 data-start=\"373\" data-end=\"418\">O Que \u00c9 um Contentor de Carga com Abertura Lateral?<\/h2>\n<p data-start=\"420\" data-end=\"589\">Pense em um contentor normal como uma caixa comprida com uma porta na extremidade.<br data-start=\"489\" data-end=\"492\" \/>Agora imagine que todo o lado pode abrir como um livro.<br data-start=\"540\" data-end=\"543\" \/>Isso \u00e9 um <strong data-start=\"553\" data-end=\"588\">contentor de transporte com abertura lateral<\/strong>.<\/p>\n<p data-start=\"591\" data-end=\"715\">Como o lado se abre completamente, voc\u00ea pode ver todo o interior de uma vez. N\u00e3o \u00e9 necess\u00e1rio escavar ou puxar itens pela frente.<\/p>\n<hr data-start=\"717\" data-end=\"720\" \/>\n<h2 data-start=\"558\" data-end=\"617\">Vis\u00e3o Geral das Dimens\u00f5es e Capacidade do Contentor com Abertura Lateral<\/h2>\n<p data-start=\"619\" data-end=\"762\">Todos os contentores s\u00e3o fabricados com base nos <strong data-start=\"660\" data-end=\"687\">padr\u00f5es ISO para contentores<\/strong>, garantindo compatibilidade global para transporte, armazenamento e compra em volume.<\/p>\n<p data-start=\"764\" data-end=\"816\">A <strong data-start=\"766\" data-end=\"806\">Contentor com abertura lateral de 40 p\u00e9s<\/strong> pode acomodar:<\/p>\n<ul data-start=\"817\" data-end=\"910\">\n<li data-start=\"817\" data-end=\"856\">\n<p data-start=\"819\" data-end=\"856\">Aproximadamente <strong data-start=\"826\" data-end=\"850\">600 caixas padr\u00e3o<\/strong>, ou<\/p>\n<\/li>\n<li data-start=\"857\" data-end=\"910\">\n<p data-start=\"859\" data-end=\"910\">Os bens dom\u00e9sticos de <strong data-start=\"882\" data-end=\"910\">8 apartamentos de um quarto<\/strong><\/p>\n<\/li>\n<\/ul>\n<p data-start=\"912\" data-end=\"965\">A <strong data-start=\"914\" data-end=\"955\">Contentor com abertura lateral High Cube de 40 p\u00e9s<\/strong> pode carregar:<\/p>\n<ul data-start=\"966\" data-end=\"1047\">\n<li data-start=\"966\" data-end=\"1009\">\n<p data-start=\"968\" data-end=\"1009\"><strong data-start=\"968\" data-end=\"987\">30 paletes europeus<\/strong> (1,2 m \u00d7 0,8 m), ou<\/p>\n<\/li>\n<li data-start=\"1010\" data-end=\"1047\">\n<p data-start=\"1012\" data-end=\"1047\"><strong data-start=\"1012\" data-end=\"1029\">25 paletes americanos<\/strong> (1,01 m \u00d7 1,21 m)<\/p>\n<\/li>\n<\/ul>\n<p data-start=\"1049\" data-end=\"1195\">Isso torna os contentores com abertura lateral ideais para operadores de armaz\u00e9ns, empresas de log\u00edstica e empreiteiros de projetos que necessitam de carregamento r\u00e1pido com acesso lateral.<\/p>\n<p data-start=\"1049\" data-end=\"1195\">\n<table id=\"tablepress-19\" class=\"tablepress tablepress-id-19\">\n<thead>\n<tr class=\"row-1\">\n\t<th class=\"column-1\"><strong>Especifica\u00e7\u00e3o<\/strong><\/th><th class=\"column-2\"><strong>Contentor com Abertura Lateral de 20 p\u00e9s<\/strong><\/th><th class=\"column-3\"><strong>Contentor com Abertura Lateral de 40 p\u00e9s<\/strong><\/th><th class=\"column-4\"><strong>Contentor com Abertura Lateral High Cube de 40 p\u00e9s<\/strong><\/th>\n<\/tr>\n<\/thead>\n<tbody class=\"row-striping row-hover\">\n<tr class=\"row-2\">\n\t<td class=\"column-1\">Comprimento Interno<\/td><td class=\"column-2\">5,89 m<\/td><td class=\"column-3\">12,03 m<\/td><td class=\"column-4\">12,03 m<\/td>\n<\/tr>\n<tr class=\"row-3\">\n\t<td class=\"column-1\">Largura Interna<\/td><td class=\"column-2\">2,34 m<\/td><td class=\"column-3\">2,34 m<\/td><td class=\"column-4\">2,34 m<\/td>\n<\/tr>\n<tr class=\"row-4\">\n\t<td class=\"column-1\">Altura Interna<\/td><td class=\"column-2\">2,38 m<\/td><td class=\"column-3\">2,38 m<\/td><td class=\"column-4\">2,69 m<\/td>\n<\/tr>\n<tr class=\"row-5\">\n\t<td class=\"column-1\">Tara<\/td><td class=\"column-2\">2.700 kg<\/td><td class=\"column-3\">4.700 kg<\/td><td class=\"column-4\">5.200 kg<\/td>\n<\/tr>\n<tr class=\"row-6\">\n\t<td class=\"column-1\">Carga \u00datil<\/td><td class=\"column-2\">27.780 kg<\/td><td class=\"column-3\">27.300 kg<\/td><td class=\"column-4\">28.600 kg<\/td>\n<\/tr>\n<tr class=\"row-7\">\n\t<td class=\"column-1\">Capacidade<\/td><td class=\"column-2\">33,0 m\u00b3<\/td><td class=\"column-3\">65,3 m\u00b3<\/td><td class=\"column-4\">76,3 m\u00b3<\/td>\n<\/tr>\n<\/tbody>\n<\/table>\n<!-- #tablepress-19 from cache --><\/p>\n<h2 data-start=\"722\" data-end=\"766\">Por Que Muitas Empresas Escolhem Este Contentor<\/h2>\n<p data-start=\"768\" data-end=\"798\">Eis por que os compradores B2B o adoram:<\/p>\n<ul data-start=\"800\" data-end=\"1042\">\n<li data-start=\"800\" data-end=\"866\">\n<p data-start=\"802\" data-end=\"866\"><strong data-start=\"802\" data-end=\"818\">Carregamento f\u00e1cil<\/strong>: As empilhadoras podem carregar pelo lado em uma \u00fanica opera\u00e7\u00e3o<\/p>\n<\/li>\n<li data-start=\"867\" data-end=\"931\">\n<p data-start=\"869\" data-end=\"931\"><strong data-start=\"869\" data-end=\"884\">Acesso r\u00e1pido<\/strong>: Abra a porta, pegue o que precisa, feche-a<\/p>\n<\/li>\n<li data-start=\"932\" data-end=\"986\">\n<p data-start=\"934\" data-end=\"986\"><strong data-start=\"934\" data-end=\"954\">Melhor aproveitamento do espa\u00e7o<\/strong>: 100% do comprimento \u00e9 utiliz\u00e1vel<\/p>\n<\/li>\n<li data-start=\"987\" data-end=\"1042\">\n<p data-start=\"989\" data-end=\"1042\"><strong data-start=\"989\" data-end=\"1004\">Menos danos<\/strong>: As mercadorias n\u00e3o s\u00e3o riscadas ou esmagadas<\/p>\n<\/li>\n<\/ul>\n<p data-start=\"1044\" data-end=\"1129\">Para armaz\u00e9ns, canteiros de obras e armazenamento de equipamentos, isso economiza tempo e dinheiro.<\/p>\n<hr data-start=\"1131\" data-end=\"1134\" \/>\n<h2 data-start=\"1136\" data-end=\"1187\">Fabricado em Nossa Pr\u00f3pria F\u00e1brica<\/h2>\n<p data-start=\"1189\" data-end=\"1243\">Somos um verdadeiro fabricante de contentores, n\u00e3o um intermedi\u00e1rio.<\/p>\n<p data-start=\"1245\" data-end=\"1260\">Na nossa f\u00e1brica:<\/p>\n<ul data-start=\"1261\" data-end=\"1459\">\n<li data-start=\"1261\" data-end=\"1313\">\n<p data-start=\"1263\" data-end=\"1313\">As chapas de a\u00e7o s\u00e3o <strong data-start=\"1280\" data-end=\"1298\">cortadas por m\u00e1quina<\/strong> para precis\u00e3o<\/p>\n<\/li>\n<li data-start=\"1314\" data-end=\"1357\">\n<p data-start=\"1316\" data-end=\"1357\">As estruturas s\u00e3o <strong data-start=\"1327\" data-end=\"1343\">totalmente soldadas<\/strong>, n\u00e3o parafusadas<\/p>\n<\/li>\n<li data-start=\"1358\" data-end=\"1415\">\n<p data-start=\"1360\" data-end=\"1415\">As portas s\u00e3o testadas <strong data-start=\"1377\" data-end=\"1413\">em mais de 5.000 ciclos de abertura e fechamento<\/strong><\/p>\n<\/li>\n<li data-start=\"1416\" data-end=\"1459\">\n<p data-start=\"1418\" data-end=\"1459\">Cada contentor \u00e9 verificado antes do envio<\/p>\n<\/li>\n<\/ul>\n<p data-start=\"1461\" data-end=\"1476\">Dimens\u00f5es padr\u00e3o:<\/p>\n<ul data-start=\"1477\" data-end=\"1546\">\n<li data-start=\"1477\" data-end=\"1511\">\n<p data-start=\"1479\" data-end=\"1511\">20 p\u00e9s: aproximadamente <strong data-start=\"1491\" data-end=\"1500\">33 m\u00b3<\/strong> de espa\u00e7o<\/p>\n<\/li>\n<li data-start=\"1512\" data-end=\"1546\">\n<p data-start=\"1514\" data-end=\"1546\">40 p\u00e9s: aproximadamente <strong data-start=\"1526\" data-end=\"1535\">67 m\u00b3<\/strong> de espa\u00e7o<\/p>\n<\/li>\n<\/ul>\n<p data-start=\"1548\" data-end=\"1597\">Espessura do a\u00e7o: <strong data-start=\"1565\" data-end=\"1579\">1,6\u20132,0 mm<\/strong>, dependendo do uso<\/p>\n<hr data-start=\"1599\" data-end=\"1602\" \/>\n<h2 data-start=\"1604\" data-end=\"1638\">Op\u00e7\u00f5es Personalizadas para o Seu Projeto<\/h2>\n<p data-start=\"1640\" data-end=\"1698\">Cada projeto \u00e9 diferente. Oferecemos suporte \u00e0 personaliza\u00e7\u00e3o completa:<\/p>\n<ul data-start=\"1700\" data-end=\"1874\">\n<li data-start=\"1700\" data-end=\"1742\">\n<p data-start=\"1702\" data-end=\"1742\">Abertura da porta em um lado ou em ambos os lados<\/p>\n<\/li>\n<li data-start=\"1743\" data-end=\"1778\">\n<p data-start=\"1745\" data-end=\"1778\">Cores personalizadas e logotipos da empresa<\/p>\n<\/li>\n<li data-start=\"1779\" data-end=\"1811\">\n<p data-start=\"1781\" data-end=\"1811\">Barras de fechadura extras para seguran\u00e7a<\/p>\n<\/li>\n<li data-start=\"1812\" data-end=\"1840\">\n<p data-start=\"1814\" data-end=\"1840\">Piso de madeira ou a\u00e7o<\/p>\n<\/li>\n<li data-start=\"1841\" data-end=\"1874\">\n<p data-start=\"1843\" data-end=\"1874\">Orif\u00edcios de ventila\u00e7\u00e3o ou isolamento<\/p>\n<\/li>\n<\/ul>\n<p data-start=\"1876\" data-end=\"1985\">Isso torna o cont\u00eainer perfeito para <strong data-start=\"1913\" data-end=\"1933\">compradores atacadistas<\/strong>, <strong data-start=\"1935\" data-end=\"1958\">empreiteiros de projetos<\/strong>, e <strong data-start=\"1964\" data-end=\"1984\">empresas de aluguel<\/strong>.<\/p>\n<hr data-start=\"1987\" data-end=\"1990\" \/>\n<h2 data-start=\"1992\" data-end=\"2026\">Onde Esses Cont\u00eaineres S\u00e3o Usados<\/h2>\n<p data-start=\"2028\" data-end=\"2053\">Nossos clientes os utilizam para:<\/p>\n<ul data-start=\"2054\" data-end=\"2215\">\n<li data-start=\"2054\" data-end=\"2083\">\n<p data-start=\"2056\" data-end=\"2083\">Armazenamento em estaleiros de constru\u00e7\u00e3o<\/p>\n<\/li>\n<li data-start=\"2084\" data-end=\"2117\">\n<p data-start=\"2086\" data-end=\"2117\">Armaz\u00e9ns de ferramentas e equipamentos<\/p>\n<\/li>\n<li data-start=\"2118\" data-end=\"2143\">\n<p data-start=\"2120\" data-end=\"2143\">Armazenamento tempor\u00e1rio para varejo<\/p>\n<\/li>\n<li data-start=\"2144\" data-end=\"2176\">\n<p data-start=\"2146\" data-end=\"2176\">Manuseio de materiais industriais<\/p>\n<\/li>\n<li data-start=\"2177\" data-end=\"2215\">\n<p data-start=\"2179\" data-end=\"2215\">Projetos de exporta\u00e7\u00e3o e log\u00edstica de granel<\/p>\n<\/li>\n<\/ul>\n<p data-start=\"2217\" data-end=\"2269\">Eles s\u00e3o robustos, simples e feitos para funcionar todos os dias.<\/p>\n<h2 data-start=\"2300\" data-end=\"2335\">Perguntas Frequentes (FAQ)<\/h2>\n<h3 data-start=\"2337\" data-end=\"2395\">1. O cont\u00eainer com abertura lateral \u00e9 certificado pela ISO?<\/h3>\n<p data-start=\"2396\" data-end=\"2550\">Sim. Todos os nossos cont\u00eaineres com abertura lateral s\u00e3o fabricados de acordo com as normas ISO, tornando-os adequados para transporte internacional e armazenamento comercial.<\/p>\n<h3 data-start=\"2552\" data-end=\"2598\">2. Posso personalizar as portas de abertura lateral?<\/h3>\n<p data-start=\"2599\" data-end=\"2724\">Sim. Oferecemos suporte \u00e0 personaliza\u00e7\u00e3o completa, incluindo portas unilaterais, portas bilaterais, fechaduras refor\u00e7adas e sistemas antifurto.<\/p>\n<h3 data-start=\"2726\" data-end=\"2785\">3. Esses cont\u00eaineres s\u00e3o adequados para armazenamento em dep\u00f3sitos?<\/h3>\n<p data-start=\"2786\" data-end=\"2930\">Absolutamente. Os cont\u00eaineres com abertura lateral s\u00e3o amplamente utilizados como unidades de armazenamento em dep\u00f3sitos, pois permitem acesso r\u00e1pido \u00e0s mercadorias em todo o comprimento.<\/p>\n<h3 data-start=\"2932\" data-end=\"2988\">4. Voc\u00eas oferecem suporte a pedidos em grande volume e pre\u00e7os atacadistas?<\/h3>\n<p data-start=\"2989\" data-end=\"3128\">Sim. Como fabricante, oferecemos <strong data-start=\"3022\" data-end=\"3048\">pre\u00e7os diretos da f\u00e1brica<\/strong>, prazos de entrega est\u00e1veis e solu\u00e7\u00f5es personalizadas para pedidos em grande volume e baseados em projetos.<\/p>\n<hr data-start=\"2271\" data-end=\"2274\" \/>\n<h2 data-start=\"2276\" data-end=\"2290\">Palavras Finais<\/h2>\n<p data-start=\"2292\" data-end=\"2541\">A <strong data-start=\"2294\" data-end=\"2329\">contentor de transporte com abertura lateral<\/strong> \u00e9 simples, robusto e inteligente.<br data-start=\"2359\" data-end=\"2362\" \/>Como fabricante, controlamos qualidade, custo e entrega.<br data-start=\"2420\" data-end=\"2423\" \/>Se voc\u00ea precisa de cont\u00eaineres confi\u00e1veis para seu pr\u00f3ximo projeto, um <strong data-start=\"2480\" data-end=\"2515\">contentor de transporte com abertura lateral<\/strong> \u00e9 uma solu\u00e7\u00e3o que funciona.<\/p>","protected":false},"excerpt":{"rendered":"<p><img loading=\"lazy\" decoding=\"async\" class=\"alignnone size-full wp-image-1139\" src=\"https:\/\/www.gkcpro.com\/wp-content\/uploads\/2026\/02\/evaluate.jpg\" alt=\"Meus containers s\u00e3o exportados para muitos pa\u00edses; esta \u00e9 uma mostra dos depoimentos de nossos clientes.\" width=\"1000\" height=\"474\" srcset=\"https:\/\/www.gkcpro.com\/wp-content\/uploads\/2026\/02\/evaluate.jpg 1000w, https:\/\/www.gkcpro.com\/wp-content\/uploads\/2026\/02\/evaluate-300x142.jpg 300w, https:\/\/www.gkcpro.com\/wp-content\/uploads\/2026\/02\/evaluate-768x364.jpg 768w, https:\/\/www.gkcpro.com\/wp-content\/uploads\/2026\/02\/evaluate-18x9.jpg 18w, https:\/\/www.gkcpro.com\/wp-content\/uploads\/2026\/02\/evaluate-624x296.jpg 624w, https:\/\/www.gkcpro.com\/wp-content\/uploads\/2026\/02\/evaluate-800x379.jpg 800w\" sizes=\"auto, (max-width: 1000px) 100vw, 1000px\" \/><img loading=\"lazy\" decoding=\"async\" class=\"alignnone size-full wp-image-1137\" src=\"https:\/\/www.gkcpro.com\/wp-content\/uploads\/2026\/02\/container-house-certificates.jpg\" alt=\"\" width=\"1470\" height=\"2000\" srcset=\"https:\/\/www.gkcpro.com\/wp-content\/uploads\/2026\/02\/container-house-certificates.jpg 1470w, https:\/\/www.gkcpro.com\/wp-content\/uploads\/2026\/02\/container-house-certificates-221x300.jpg 221w, https:\/\/www.gkcpro.com\/wp-content\/uploads\/2026\/02\/container-house-certificates-753x1024.jpg 753w, https:\/\/www.gkcpro.com\/wp-content\/uploads\/2026\/02\/container-house-certificates-768x1045.jpg 768w, https:\/\/www.gkcpro.com\/wp-content\/uploads\/2026\/02\/container-house-certificates-1129x1536.jpg 1129w, https:\/\/www.gkcpro.com\/wp-content\/uploads\/2026\/02\/container-house-certificates-9x12.jpg 9w, https:\/\/www.gkcpro.com\/wp-content\/uploads\/2026\/02\/container-house-certificates-624x849.jpg 624w, https:\/\/www.gkcpro.com\/wp-content\/uploads\/2026\/02\/container-house-certificates-800x1088.jpg 800w\" sizes=\"auto, (max-width: 1470px) 100vw, 1470px\" \/><\/p>","protected":false},"featured_media":916,"template":"","meta":[],"product_brand":[],"product_cat":[49],"product_tag":[],"class_list":{"0":"post-907","1":"product","2":"type-product","3":"status-publish","4":"has-post-thumbnail","6":"product_cat-reefer-container-and-dry-container","8":"first","9":"instock","10":"shipping-taxable","11":"product-type-simple"},"yoast_head":"<!-- This site is optimized with the Yoast SEO plugin v26.6 - https:\/\/yoast.com\/wordpress\/plugins\/seo\/ -->\n<title>side opening shipping container - china container house manufacturer<\/title>\n<meta name=\"description\" content=\"Our side-opening shipping container have more certifications. You can communicate with our sales team and we will provide you with a free quote.\" \/>\n<meta name=\"robots\" content=\"index, follow, max-snippet:-1, max-image-preview:large, max-video-preview:-1\" \/>\n<link rel=\"canonical\" href=\"https:\/\/www.gkcpro.com\/pt\/product\/side-opening-shipping-container\/\" \/>\n<meta property=\"og:locale\" content=\"pt_BR\" \/>\n<meta property=\"og:type\" content=\"article\" \/>\n<meta property=\"og:title\" content=\"side opening shipping container - china container house manufacturer\" \/>\n<meta property=\"og:description\" content=\"Our side-opening shipping container have more certifications. You can communicate with our sales team and we will provide you with a free quote.\" \/>\n<meta property=\"og:url\" content=\"https:\/\/www.gkcpro.com\/pt\/product\/side-opening-shipping-container\/\" \/>\n<meta property=\"og:site_name\" content=\"Container House Co., Ltd.\" \/>\n<meta property=\"article:modified_time\" content=\"2026-03-02T03:06:40+00:00\" \/>\n<meta property=\"og:image\" content=\"https:\/\/www.gkcpro.com\/wp-content\/uploads\/2026\/01\/open-container-1.jpg\" \/>\n\t<meta property=\"og:image:width\" content=\"1024\" \/>\n\t<meta property=\"og:image:height\" content=\"952\" \/>\n\t<meta property=\"og:image:type\" content=\"image\/jpeg\" \/>\n<meta name=\"twitter:card\" content=\"summary_large_image\" \/>\n<meta name=\"twitter:label1\" content=\"Est. tempo de leitura\" \/>\n\t<meta name=\"twitter:data1\" content=\"3 minutos\" \/>\n<script type=\"application\/ld+json\" class=\"yoast-schema-graph\">{\"@context\":\"https:\/\/schema.org\",\"@graph\":[{\"@type\":\"WebPage\",\"@id\":\"https:\/\/www.gkcpro.com\/product\/side-opening-shipping-container\/\",\"url\":\"https:\/\/www.gkcpro.com\/product\/side-opening-shipping-container\/\",\"name\":\"side opening shipping container - china container house manufacturer\",\"isPartOf\":{\"@id\":\"https:\/\/www.gkcpro.com\/#website\"},\"primaryImageOfPage\":{\"@id\":\"https:\/\/www.gkcpro.com\/product\/side-opening-shipping-container\/#primaryimage\"},\"image\":{\"@id\":\"https:\/\/www.gkcpro.com\/product\/side-opening-shipping-container\/#primaryimage\"},\"thumbnailUrl\":\"https:\/\/www.gkcpro.com\/wp-content\/uploads\/2026\/01\/open-container-1.jpg\",\"datePublished\":\"2026-01-29T09:28:12+00:00\",\"dateModified\":\"2026-03-02T03:06:40+00:00\",\"description\":\"Our side-opening shipping container have more certifications. You can communicate with our sales team and we will provide you with a free quote.\",\"breadcrumb\":{\"@id\":\"https:\/\/www.gkcpro.com\/product\/side-opening-shipping-container\/#breadcrumb\"},\"inLanguage\":\"pt-BR\",\"potentialAction\":[{\"@type\":\"ReadAction\",\"target\":[\"https:\/\/www.gkcpro.com\/product\/side-opening-shipping-container\/\"]}]},{\"@type\":\"ImageObject\",\"inLanguage\":\"pt-BR\",\"@id\":\"https:\/\/www.gkcpro.com\/product\/side-opening-shipping-container\/#primaryimage\",\"url\":\"https:\/\/www.gkcpro.com\/wp-content\/uploads\/2026\/01\/open-container-1.jpg\",\"contentUrl\":\"https:\/\/www.gkcpro.com\/wp-content\/uploads\/2026\/01\/open-container-1.jpg\",\"width\":1024,\"height\":952,\"caption\":\"Discover this impressive side opening shipping container home engineered by our China factory renowned as a leading supplier and exporter delivering reliable modular structures to wholesaler and distributor networks worldwide.\"},{\"@type\":\"BreadcrumbList\",\"@id\":\"https:\/\/www.gkcpro.com\/product\/side-opening-shipping-container\/#breadcrumb\",\"itemListElement\":[{\"@type\":\"ListItem\",\"position\":1,\"name\":\"\u9996\u9875\",\"item\":\"https:\/\/www.gkcpro.com\/\"},{\"@type\":\"ListItem\",\"position\":2,\"name\":\"Products\",\"item\":\"https:\/\/www.gkcpro.com\/shop\/\"},{\"@type\":\"ListItem\",\"position\":3,\"name\":\"side opening shipping container\"}]},{\"@type\":\"WebSite\",\"@id\":\"https:\/\/www.gkcpro.com\/#website\",\"url\":\"https:\/\/www.gkcpro.com\/\",\"name\":\"Container House Co., Ltd.\",\"description\":\"Container House factory\",\"potentialAction\":[{\"@type\":\"SearchAction\",\"target\":{\"@type\":\"EntryPoint\",\"urlTemplate\":\"https:\/\/www.gkcpro.com\/?s={search_term_string}\"},\"query-input\":{\"@type\":\"PropertyValueSpecification\",\"valueRequired\":true,\"valueName\":\"search_term_string\"}}],\"inLanguage\":\"pt-BR\"}]}<\/script>\n<!-- \/ Yoast SEO plugin. -->","yoast_head_json":{"title":"contentor de transporte com abertura lateral - fabricante chin\u00eas de casas contentor","description":"Nossos cont\u00eaineres de transporte com abertura lateral possuem mais certifica\u00e7\u00f5es. Voc\u00ea pode entrar em contato com nossa equipe de vendas e forneceremos um or\u00e7amento gratuito.","robots":{"index":"index","follow":"follow","max-snippet":"max-snippet:-1","max-image-preview":"max-image-preview:large","max-video-preview":"max-video-preview:-1"},"canonical":"https:\/\/www.gkcpro.com\/pt\/product\/side-opening-shipping-container\/","og_locale":"pt_BR","og_type":"article","og_title":"side opening shipping container - china container house manufacturer","og_description":"Our side-opening shipping container have more certifications. You can communicate with our sales team and we will provide you with a free quote.","og_url":"https:\/\/www.gkcpro.com\/pt\/product\/side-opening-shipping-container\/","og_site_name":"Container House Co., Ltd.","article_modified_time":"2026-03-02T03:06:40+00:00","og_image":[{"width":1024,"height":952,"url":"https:\/\/www.gkcpro.com\/wp-content\/uploads\/2026\/01\/open-container-1.jpg","type":"image\/jpeg"}],"twitter_card":"summary_large_image","twitter_misc":{"Est. tempo de leitura":"3 minutos"},"schema":{"@context":"https:\/\/schema.org","@graph":[{"@type":"WebPage","@id":"https:\/\/www.gkcpro.com\/product\/side-opening-shipping-container\/","url":"https:\/\/www.gkcpro.com\/product\/side-opening-shipping-container\/","name":"contentor de transporte com abertura lateral - fabricante chin\u00eas de casas contentor","isPartOf":{"@id":"https:\/\/www.gkcpro.com\/#website"},"primaryImageOfPage":{"@id":"https:\/\/www.gkcpro.com\/product\/side-opening-shipping-container\/#primaryimage"},"image":{"@id":"https:\/\/www.gkcpro.com\/product\/side-opening-shipping-container\/#primaryimage"},"thumbnailUrl":"https:\/\/www.gkcpro.com\/wp-content\/uploads\/2026\/01\/open-container-1.jpg","datePublished":"2026-01-29T09:28:12+00:00","dateModified":"2026-03-02T03:06:40+00:00","description":"Nossos cont\u00eaineres de transporte com abertura lateral possuem mais certifica\u00e7\u00f5es. Voc\u00ea pode entrar em contato com nossa equipe de vendas e forneceremos um or\u00e7amento gratuito.","breadcrumb":{"@id":"https:\/\/www.gkcpro.com\/product\/side-opening-shipping-container\/#breadcrumb"},"inLanguage":"pt-BR","potentialAction":[{"@type":"ReadAction","target":["https:\/\/www.gkcpro.com\/product\/side-opening-shipping-container\/"]}]},{"@type":"ImageObject","inLanguage":"pt-BR","@id":"https:\/\/www.gkcpro.com\/product\/side-opening-shipping-container\/#primaryimage","url":"https:\/\/www.gkcpro.com\/wp-content\/uploads\/2026\/01\/open-container-1.jpg","contentUrl":"https:\/\/www.gkcpro.com\/wp-content\/uploads\/2026\/01\/open-container-1.jpg","width":1024,"height":952,"caption":"Discover this impressive side opening shipping container home engineered by our China factory renowned as a leading supplier and exporter delivering reliable modular structures to wholesaler and distributor networks worldwide."},{"@type":"BreadcrumbList","@id":"https:\/\/www.gkcpro.com\/product\/side-opening-shipping-container\/#breadcrumb","itemListElement":[{"@type":"ListItem","position":1,"name":"\u9996\u9875","item":"https:\/\/www.gkcpro.com\/"},{"@type":"ListItem","position":2,"name":"Products","item":"https:\/\/www.gkcpro.com\/shop\/"},{"@type":"ListItem","position":3,"name":"side opening shipping container"}]},{"@type":"WebSite","@id":"https:\/\/www.gkcpro.com\/#website","url":"https:\/\/www.gkcpro.com\/","name":"Container House Co., Ltd.","description":"F\u00e1brica de Casas de Cont\u00eainer","potentialAction":[{"@type":"SearchAction","target":{"@type":"EntryPoint","urlTemplate":"https:\/\/www.gkcpro.com\/?s={search_term_string}"},"query-input":{"@type":"PropertyValueSpecification","valueRequired":true,"valueName":"search_term_string"}}],"inLanguage":"pt-BR"}]}},"_links":{"self":[{"href":"https:\/\/www.gkcpro.com\/pt\/wp-json\/wp\/v2\/product\/907","targetHints":{"allow":["GET"]}}],"collection":[{"href":"https:\/\/www.gkcpro.com\/pt\/wp-json\/wp\/v2\/product"}],"about":[{"href":"https:\/\/www.gkcpro.com\/pt\/wp-json\/wp\/v2\/types\/product"}],"wp:featuredmedia":[{"embeddable":true,"href":"https:\/\/www.gkcpro.com\/pt\/wp-json\/wp\/v2\/media\/916"}],"wp:attachment":[{"href":"https:\/\/www.gkcpro.com\/pt\/wp-json\/wp\/v2\/media?parent=907"}],"wp:term":[{"taxonomy":"product_brand","embeddable":true,"href":"https:\/\/www.gkcpro.com\/pt\/wp-json\/wp\/v2\/product_brand?post=907"},{"taxonomy":"product_cat","embeddable":true,"href":"https:\/\/www.gkcpro.com\/pt\/wp-json\/wp\/v2\/product_cat?post=907"},{"taxonomy":"product_tag","embeddable":true,"href":"https:\/\/www.gkcpro.com\/pt\/wp-json\/wp\/v2\/product_tag?post=907"}],"curies":[{"name":"wp","href":"https:\/\/api.w.org\/{rel}","templated":true}]}}