{"id":387,"date":"2025-11-24T17:18:59","date_gmt":"2025-11-24T09:18:59","guid":{"rendered":"http:\/\/jizhuangxiang.webqd.net\/?post_type=product&#038;p=387"},"modified":"2026-03-06T10:02:02","modified_gmt":"2026-03-06T02:02:02","slug":"used-reefer-container-20ft-40ft","status":"publish","type":"product","link":"https:\/\/www.gkcpro.com\/pt\/product\/used-reefer-container-20ft-40ft\/","title":{"rendered":"Contentor Frigor\u00edfico Usado 20 p\u00e9s 40 p\u00e9s"},"content":{"rendered":"<h1>Introdu\u00e7\u00e3o do Produto de Cont\u00eaineres Reefer Usados<\/h1>\n<p>A Container House Co., Ltd exporta Cont\u00eaineres Reefer Usados, projetados para o armazenamento e transporte de mercadorias sens\u00edveis \u00e0 temperatura. Esses cont\u00eaineres apresentam excelente isolamento t\u00e9rmico, um sistema de refrigera\u00e7\u00e3o confi\u00e1vel e configura\u00e7\u00f5es de temperatura ajust\u00e1veis. S\u00e3o constru\u00eddos para durabilidade e podem ser usados tanto para armazenamento de curto prazo quanto para transporte de longa dist\u00e2ncia. <span data-markdown-start-index=\"235\">Os cont\u00eaineres est\u00e3o equipados com m\u00e1quinas das marcas Thermo King, Carrier e outras. Exportamos cont\u00eaineres reefer usados e novos para qualquer porto do mundo.<\/span><\/p>\n<p>Utilizados em ind\u00fastrias como aliment\u00edcia, farmac\u00eautica e qu\u00edmica, garantem o transporte e armazenamento seguro de produtos perec\u00edveis. Aplica\u00e7\u00f5es comuns incluem log\u00edstica de cadeia fria, distribui\u00e7\u00e3o de alimentos e transporte farmac\u00eautico.<\/p>\n<p>A Container House Co., Ltd possui anos de experi\u00eancia na exporta\u00e7\u00e3o de cont\u00eaineres reefer usados de alta qualidade. Garantimos que os cont\u00eaineres sejam totalmente inspecionados e recondicionados para atender aos padr\u00f5es de desempenho. Com vantagens em produ\u00e7\u00e3o, controle de qualidade e gest\u00e3o de suprimentos, fornecemos solu\u00e7\u00f5es personalizadas, entrega pontual e excelente servi\u00e7o p\u00f3s-venda para nossos clientes globais.<\/p>\n<h2>Vantagens dos Cont\u00eaineres Reefer Usados<\/h2>\n<p><strong>Integra\u00e7\u00e3o Perfeita entre Padroniza\u00e7\u00e3o e Transporte Multimodal<\/strong><\/p>\n<p>Dimens\u00f5es e estrutura em conformidade com padr\u00f5es internacionais, combinando perfeitamente com navios porta-cont\u00eaineres, caminh\u00f5es porta-cont\u00eaineres e vag\u00f5es plataforma ferrovi\u00e1rios, permitindo r\u00e1pida convers\u00e3o entre transporte mar\u00edtimo, terrestre e ferrovi\u00e1rio sem carga e descarga intermedi\u00e1rias, melhorando significativamente a efici\u00eancia.<\/p>\n<p><strong>Servi\u00e7o Completo de Cadeia Frio Porta a Porta<\/strong><\/p>\n<p>Esta \u00e9 sua vantagem central. Desde o carregamento no armaz\u00e9m frigor\u00edfico do expedidor at\u00e9 a descarga no armaz\u00e9m frigor\u00edfico do destinat\u00e1rio, as mercadorias permanecem no mesmo ambiente com temperatura controlada durante todo o percurso, evitando efetivamente flutua\u00e7\u00f5es de temperatura e riscos de danos \u00e0 carga causados por transbordo.<\/p>\n<p><strong>Controle de Temperatura Preciso<\/strong><\/p>\n<p>Cont\u00eaineres refrigerados modernos est\u00e3o equipados com sistemas avan\u00e7ados de controle por microprocessador para atender aos rigorosos requisitos de temperatura de diferentes mercadorias.<\/p>\n<p><strong>Alta Confiabilidade e Adaptabilidade<\/strong><\/p>\n<p>Projeto robusto capaz de suportar os ambientes adversos do transporte mar\u00edtimo de longa dist\u00e2ncia. Equipado com grupo gerador independente ou conect\u00e1vel a uma fonte de energia externa, garantindo opera\u00e7\u00e3o cont\u00ednua e est\u00e1vel do sistema de refrigera\u00e7\u00e3o.<\/p>\n\n<table id=\"tablepress-6\" class=\"tablepress tablepress-id-6 tbody-has-connected-cells\">\n<thead>\n<tr class=\"row-1\">\n\t<td class=\"column-1\"><\/td><td class=\"column-2\"><\/td><td class=\"column-3\"><\/td><td class=\"column-4\"><\/td><td class=\"column-5\"><\/td><td class=\"column-6\"><\/td><td class=\"column-7\"><\/td><td class=\"column-8\"><\/td><td class=\"column-9\"><\/td>\n<\/tr>\n<\/thead>\n<tbody class=\"row-striping row-hover\">\n<tr class=\"row-2\">\n\t<td rowspan=\"3\" class=\"column-1\">Tipo<\/td><td colspan=\"3\" class=\"column-2\">Dimens\u00f5es Externas<\/td><td colspan=\"3\" class=\"column-5\">Dimens\u00f5es Internas<\/td><td class=\"column-8\">Capacidade C\u00fabica Interna<\/td><td class=\"column-9\">Tara<\/td>\n<\/tr>\n<tr class=\"row-3\">\n\t<td colspan=\"3\" class=\"column-2\">(mm)<\/td><td colspan=\"3\" class=\"column-5\">(mm)<\/td><td rowspan=\"2\" class=\"column-8\">(m\u00b3)<\/td><td rowspan=\"2\" class=\"column-9\">(kg)<\/td>\n<\/tr>\n<tr class=\"row-4\">\n\t<td class=\"column-2\">Comprimento<\/td><td class=\"column-3\">Largura<\/td><td class=\"column-4\">Altura<\/td><td class=\"column-5\">Comprimento<\/td><td class=\"column-6\">Largura<\/td><td class=\"column-7\">Altura<\/td>\n<\/tr>\n<tr class=\"row-5\">\n\t<td class=\"column-1\">20'<\/td><td class=\"column-2\">6058<\/td><td class=\"column-3\">2438<\/td><td class=\"column-4\">2591<\/td><td class=\"column-5\">5898<\/td><td class=\"column-6\">2352<\/td><td class=\"column-7\">2363<\/td><td class=\"column-8\">33.2<\/td><td class=\"column-9\">2270<\/td>\n<\/tr>\n<tr class=\"row-6\">\n\t<td class=\"column-1\">20HC<\/td><td class=\"column-2\">6058<\/td><td class=\"column-3\">2438<\/td><td class=\"column-4\">2896<\/td><td class=\"column-5\">5898<\/td><td class=\"column-6\">2352<\/td><td class=\"column-7\">2673<\/td><td class=\"column-8\">37<\/td><td class=\"column-9\">2515<\/td>\n<\/tr>\n<tr class=\"row-7\">\n\t<td class=\"column-1\">40'<\/td><td class=\"column-2\">12192<\/td><td class=\"column-3\">2438<\/td><td class=\"column-4\">2591<\/td><td class=\"column-5\">12031<\/td><td class=\"column-6\">2352<\/td><td class=\"column-7\">2384<\/td><td class=\"column-8\">67.7<\/td><td class=\"column-9\">3720<\/td>\n<\/tr>\n<tr class=\"row-8\">\n\t<td class=\"column-1\">40HC<\/td><td class=\"column-2\">12192<\/td><td class=\"column-3\">2438<\/td><td class=\"column-4\">2896<\/td><td class=\"column-5\">12031<\/td><td class=\"column-6\">2352<\/td><td class=\"column-7\">2673<\/td><td class=\"column-8\">76.4<\/td><td class=\"column-9\">3900<\/td>\n<\/tr>\n<\/tbody>\n<\/table>\n<!-- #tablepress-6 from cache -->\n<h3>FAQ<\/h3>\n<h3 data-start=\"93\" data-end=\"136\">1. <strong data-start=\"100\" data-end=\"136\">O que \u00e9 um Cont\u00eainer Reefer Usado?<\/strong><\/h3>\n<p data-start=\"137\" data-end=\"455\">Um Cont\u00eainer Reefer Usado \u00e9 um cont\u00eainer refrigerado de segunda m\u00e3o projetado para o transporte e armazenamento de mercadorias sens\u00edveis \u00e0 temperatura. Esses cont\u00eaineres s\u00e3o constru\u00eddos com isolamento e uma unidade de refrigera\u00e7\u00e3o, permitindo que mantenham uma temperatura consistente para itens perec\u00edveis como alimentos, produtos farmac\u00eauticos e qu\u00edmicos.<\/p>\n<hr data-start=\"457\" data-end=\"460\" \/>\n<h3 data-start=\"462\" data-end=\"530\">2. <strong data-start=\"469\" data-end=\"530\">Quais s\u00e3o as vantagens de usar um Cont\u00eainer Reefer Usado?<\/strong><\/h3>\n<p data-start=\"531\" data-end=\"915\">Cont\u00eaineres Reefer Usados oferecem uma solu\u00e7\u00e3o econ\u00f4mica para empresas que necessitam de armazenamento ou transporte refrigerado. Esses cont\u00eaineres s\u00e3o dur\u00e1veis, vers\u00e1teis e ainda mant\u00eam desempenho de refrigera\u00e7\u00e3o confi\u00e1vel. Por serem usados, s\u00e3o mais acess\u00edveis do que unidades novas, tornando-os uma escolha ideal para empresas que buscam economizar em custos de equipamento sem comprometer a qualidade.<\/p>\n<hr data-start=\"917\" data-end=\"920\" \/>\n<h3 data-start=\"922\" data-end=\"997\">3. <strong data-start=\"929\" data-end=\"997\">Que tipos de produtos podem ser armazenados em um Cont\u00eainer Reefer Usado?<\/strong><\/h3>\n<p data-start=\"998\" data-end=\"1363\">Cont\u00eaineres Reefer Usados s\u00e3o ideais para armazenar ou transportar uma ampla gama de produtos sens\u00edveis \u00e0 temperatura, incluindo produtos agr\u00edcolas frescos, latic\u00ednios, carnes, produtos farmac\u00eauticos, flores e at\u00e9 produtos qu\u00edmicos que exigem controle rigoroso de temperatura. A unidade de refrigera\u00e7\u00e3o garante que suas mercadorias permane\u00e7am dentro da faixa de temperatura necess\u00e1ria, seja para armazenamento de curto ou longo prazo.<\/p>\n<hr data-start=\"1365\" data-end=\"1368\" \/>\n<h3 data-start=\"1370\" data-end=\"1421\">4. <strong data-start=\"1377\" data-end=\"1421\">Quanto tempo duram os Cont\u00eaineres Reefer Usados?<\/strong><\/h3>\n<p data-start=\"1422\" data-end=\"1746\">Cont\u00eaineres Reefer Usados podem durar muitos anos com manuten\u00e7\u00e3o adequada. A vida \u00fatil depende de fatores como a idade do cont\u00eainer, uso e condi\u00e7\u00e3o no momento da compra. Servi\u00e7os regulares e cuidados, especialmente com a unidade de refrigera\u00e7\u00e3o, podem estender a vida do cont\u00eainer e garantir que ele opere com efici\u00eancia por muitos anos.<\/p>\n<hr data-start=\"1748\" data-end=\"1751\" \/>\n<h3 data-start=\"1753\" data-end=\"1841\">5. <strong data-start=\"1760\" data-end=\"1841\">Por que escolher a Qingdao Guoke Container House Co., Ltd para Cont\u00eaineres Reefer Usados?<\/strong><\/h3>\n<p data-start=\"1842\" data-end=\"2221\">Na <strong data-start=\"1845\" data-end=\"1887\">Qingdao Guoke Container House Co., Ltd<\/strong>, Oferecemos cont\u00eaineres reefer usados de alta qualidade, totalmente inspecionados e recondicionados. Com anos de expertise e foco na satisfa\u00e7\u00e3o do cliente, fornecemos solu\u00e7\u00f5es confi\u00e1veis e acess\u00edveis para suas necessidades de armazenamento refrigerado. Nossos cont\u00eaineres s\u00e3o garantidos para atender aos padr\u00f5es exigidos para suas opera\u00e7\u00f5es comerciais.<\/p>\n<h4>6. Valorizo muito a certifica\u00e7\u00e3o do produto, pois representa sua qualidade. Voc\u00eas podem me informar sobre a certifica\u00e7\u00e3o do seu produto?<\/h4>\n<p>Sim, oferecemos suporte a esses servi\u00e7os relacionados \u00e0 certifica\u00e7\u00e3o.<span style=\"color: #0000ff;\"><strong> <a style=\"color: #0000ff;\" href=\"https:\/\/www.gkcpro.com\/container-house-factory-ce-certification\/\" target=\"_blank\" rel=\"noopener\">Por favor, consulte nosso certificado CE.<\/a><\/strong>.<\/span> Ao preencher nosso formul\u00e1rio, enviarei a voc\u00ea uma certifica\u00e7\u00e3o completa e um cat\u00e1logo da empresa.<img loading=\"lazy\" decoding=\"async\" class=\"alignnone size-full wp-image-1139\" src=\"https:\/\/www.gkcpro.com\/wp-content\/uploads\/2026\/02\/evaluate.jpg\" alt=\"Meus containers s\u00e3o exportados para muitos pa\u00edses; esta \u00e9 uma mostra dos depoimentos de nossos clientes.\" width=\"1000\" height=\"474\" srcset=\"https:\/\/www.gkcpro.com\/wp-content\/uploads\/2026\/02\/evaluate.jpg 1000w, https:\/\/www.gkcpro.com\/wp-content\/uploads\/2026\/02\/evaluate-300x142.jpg 300w, https:\/\/www.gkcpro.com\/wp-content\/uploads\/2026\/02\/evaluate-768x364.jpg 768w, https:\/\/www.gkcpro.com\/wp-content\/uploads\/2026\/02\/evaluate-18x9.jpg 18w, https:\/\/www.gkcpro.com\/wp-content\/uploads\/2026\/02\/evaluate-624x296.jpg 624w, https:\/\/www.gkcpro.com\/wp-content\/uploads\/2026\/02\/evaluate-800x379.jpg 800w\" sizes=\"auto, (max-width: 1000px) 100vw, 1000px\" \/><\/p>","protected":false},"excerpt":{"rendered":"<p>&nbsp;<\/p>\n<p><img loading=\"lazy\" decoding=\"async\" class=\"alignnone size-full wp-image-1137\" src=\"https:\/\/www.gkcpro.com\/wp-content\/uploads\/2026\/02\/container-house-certificates.jpg\" alt=\"\" width=\"1470\" height=\"2000\" srcset=\"https:\/\/www.gkcpro.com\/wp-content\/uploads\/2026\/02\/container-house-certificates.jpg 1470w, https:\/\/www.gkcpro.com\/wp-content\/uploads\/2026\/02\/container-house-certificates-221x300.jpg 221w, https:\/\/www.gkcpro.com\/wp-content\/uploads\/2026\/02\/container-house-certificates-753x1024.jpg 753w, https:\/\/www.gkcpro.com\/wp-content\/uploads\/2026\/02\/container-house-certificates-768x1045.jpg 768w, https:\/\/www.gkcpro.com\/wp-content\/uploads\/2026\/02\/container-house-certificates-1129x1536.jpg 1129w, https:\/\/www.gkcpro.com\/wp-content\/uploads\/2026\/02\/container-house-certificates-9x12.jpg 9w, https:\/\/www.gkcpro.com\/wp-content\/uploads\/2026\/02\/container-house-certificates-624x849.jpg 624w, https:\/\/www.gkcpro.com\/wp-content\/uploads\/2026\/02\/container-house-certificates-800x1088.jpg 800w\" sizes=\"auto, (max-width: 1470px) 100vw, 1470px\" \/><\/p>","protected":false},"featured_media":843,"template":"","meta":[],"product_brand":[],"product_cat":[49],"product_tag":[],"class_list":{"0":"post-387","1":"product","2":"type-product","3":"status-publish","4":"has-post-thumbnail","6":"product_cat-reefer-container-and-dry-container","8":"first","9":"instock","10":"shipping-taxable","11":"product-type-simple"},"yoast_head":"<!-- This site is optimized with the Yoast SEO plugin v26.6 - https:\/\/yoast.com\/wordpress\/plugins\/seo\/ -->\n<title>Used Reefer Container 20ft 40ft - China Reefer Container Factory<\/title>\n<meta name=\"description\" content=\"Used Reefer Container for Sale \u2013 Reliable, cost-effective solution for storage and transport. Bulk orders available for wholesalers and distributors.\" \/>\n<meta name=\"robots\" content=\"index, follow, max-snippet:-1, max-image-preview:large, max-video-preview:-1\" \/>\n<link rel=\"canonical\" href=\"https:\/\/www.gkcpro.com\/pt\/product\/used-reefer-container-20ft-40ft\/\" \/>\n<meta property=\"og:locale\" content=\"pt_BR\" \/>\n<meta property=\"og:type\" content=\"article\" \/>\n<meta property=\"og:title\" content=\"Used Reefer Container 20ft 40ft - China Reefer Container Factory\" \/>\n<meta property=\"og:description\" content=\"Used Reefer Container for Sale \u2013 Reliable, cost-effective solution for storage and transport. Bulk orders available for wholesalers and distributors.\" \/>\n<meta property=\"og:url\" content=\"https:\/\/www.gkcpro.com\/pt\/product\/used-reefer-container-20ft-40ft\/\" \/>\n<meta property=\"og:site_name\" content=\"Container House Co., Ltd.\" \/>\n<meta property=\"article:modified_time\" content=\"2026-03-06T02:02:02+00:00\" \/>\n<meta property=\"og:image\" content=\"https:\/\/www.gkcpro.com\/wp-content\/uploads\/2025\/11\/reefer-container-1.jpg\" \/>\n\t<meta property=\"og:image:width\" content=\"800\" \/>\n\t<meta property=\"og:image:height\" content=\"800\" \/>\n\t<meta property=\"og:image:type\" content=\"image\/jpeg\" \/>\n<meta name=\"twitter:card\" content=\"summary_large_image\" \/>\n<meta name=\"twitter:label1\" content=\"Est. tempo de leitura\" \/>\n\t<meta name=\"twitter:data1\" content=\"4 minutos\" \/>\n<script type=\"application\/ld+json\" class=\"yoast-schema-graph\">{\"@context\":\"https:\/\/schema.org\",\"@graph\":[{\"@type\":\"WebPage\",\"@id\":\"https:\/\/www.gkcpro.com\/product\/used-reefer-container-20ft-40ft\/\",\"url\":\"https:\/\/www.gkcpro.com\/product\/used-reefer-container-20ft-40ft\/\",\"name\":\"Used Reefer Container 20ft 40ft - China Reefer Container Factory\",\"isPartOf\":{\"@id\":\"https:\/\/www.gkcpro.com\/#website\"},\"primaryImageOfPage\":{\"@id\":\"https:\/\/www.gkcpro.com\/product\/used-reefer-container-20ft-40ft\/#primaryimage\"},\"image\":{\"@id\":\"https:\/\/www.gkcpro.com\/product\/used-reefer-container-20ft-40ft\/#primaryimage\"},\"thumbnailUrl\":\"https:\/\/www.gkcpro.com\/wp-content\/uploads\/2025\/11\/reefer-container-1.jpg\",\"datePublished\":\"2025-11-24T09:18:59+00:00\",\"dateModified\":\"2026-03-06T02:02:02+00:00\",\"description\":\"Used Reefer Container for Sale \u2013 Reliable, cost-effective solution for storage and transport. Bulk orders available for wholesalers and distributors.\",\"breadcrumb\":{\"@id\":\"https:\/\/www.gkcpro.com\/product\/used-reefer-container-20ft-40ft\/#breadcrumb\"},\"inLanguage\":\"pt-BR\",\"potentialAction\":[{\"@type\":\"ReadAction\",\"target\":[\"https:\/\/www.gkcpro.com\/product\/used-reefer-container-20ft-40ft\/\"]}]},{\"@type\":\"ImageObject\",\"inLanguage\":\"pt-BR\",\"@id\":\"https:\/\/www.gkcpro.com\/product\/used-reefer-container-20ft-40ft\/#primaryimage\",\"url\":\"https:\/\/www.gkcpro.com\/wp-content\/uploads\/2025\/11\/reefer-container-1.jpg\",\"contentUrl\":\"https:\/\/www.gkcpro.com\/wp-content\/uploads\/2025\/11\/reefer-container-1.jpg\",\"width\":800,\"height\":800,\"caption\":\"The 20ft and 40ft reefer containers are designed for safe transport of perishable goods offering temperature control and durability for long-distance shipping\"},{\"@type\":\"BreadcrumbList\",\"@id\":\"https:\/\/www.gkcpro.com\/product\/used-reefer-container-20ft-40ft\/#breadcrumb\",\"itemListElement\":[{\"@type\":\"ListItem\",\"position\":1,\"name\":\"\u9996\u9875\",\"item\":\"https:\/\/www.gkcpro.com\/\"},{\"@type\":\"ListItem\",\"position\":2,\"name\":\"Products\",\"item\":\"https:\/\/www.gkcpro.com\/shop\/\"},{\"@type\":\"ListItem\",\"position\":3,\"name\":\"Used Reefer Container 20ft 40ft\"}]},{\"@type\":\"WebSite\",\"@id\":\"https:\/\/www.gkcpro.com\/#website\",\"url\":\"https:\/\/www.gkcpro.com\/\",\"name\":\"Container House Co., Ltd.\",\"description\":\"Container House factory\",\"potentialAction\":[{\"@type\":\"SearchAction\",\"target\":{\"@type\":\"EntryPoint\",\"urlTemplate\":\"https:\/\/www.gkcpro.com\/?s={search_term_string}\"},\"query-input\":{\"@type\":\"PropertyValueSpecification\",\"valueRequired\":true,\"valueName\":\"search_term_string\"}}],\"inLanguage\":\"pt-BR\"}]}<\/script>\n<!-- \/ Yoast SEO plugin. -->","yoast_head_json":{"title":"Cont\u00eainer Frigor\u00edfico Usado 20 p\u00e9s 40 p\u00e9s - F\u00e1brica Chinesa de Cont\u00eaineres Frigor\u00edficos","description":"Cont\u00eainer Reefer Usado \u00e0 Venda \u2013 Solu\u00e7\u00e3o confi\u00e1vel e econ\u00f4mica para armazenamento e transporte. Pedidos em atacado dispon\u00edveis para atacadistas e distribuidores.","robots":{"index":"index","follow":"follow","max-snippet":"max-snippet:-1","max-image-preview":"max-image-preview:large","max-video-preview":"max-video-preview:-1"},"canonical":"https:\/\/www.gkcpro.com\/pt\/product\/used-reefer-container-20ft-40ft\/","og_locale":"pt_BR","og_type":"article","og_title":"Used Reefer Container 20ft 40ft - China Reefer Container Factory","og_description":"Used Reefer Container for Sale \u2013 Reliable, cost-effective solution for storage and transport. Bulk orders available for wholesalers and distributors.","og_url":"https:\/\/www.gkcpro.com\/pt\/product\/used-reefer-container-20ft-40ft\/","og_site_name":"Container House Co., Ltd.","article_modified_time":"2026-03-06T02:02:02+00:00","og_image":[{"width":800,"height":800,"url":"https:\/\/www.gkcpro.com\/wp-content\/uploads\/2025\/11\/reefer-container-1.jpg","type":"image\/jpeg"}],"twitter_card":"summary_large_image","twitter_misc":{"Est. tempo de leitura":"4 minutos"},"schema":{"@context":"https:\/\/schema.org","@graph":[{"@type":"WebPage","@id":"https:\/\/www.gkcpro.com\/product\/used-reefer-container-20ft-40ft\/","url":"https:\/\/www.gkcpro.com\/product\/used-reefer-container-20ft-40ft\/","name":"Cont\u00eainer Frigor\u00edfico Usado 20 p\u00e9s 40 p\u00e9s - F\u00e1brica Chinesa de Cont\u00eaineres Frigor\u00edficos","isPartOf":{"@id":"https:\/\/www.gkcpro.com\/#website"},"primaryImageOfPage":{"@id":"https:\/\/www.gkcpro.com\/product\/used-reefer-container-20ft-40ft\/#primaryimage"},"image":{"@id":"https:\/\/www.gkcpro.com\/product\/used-reefer-container-20ft-40ft\/#primaryimage"},"thumbnailUrl":"https:\/\/www.gkcpro.com\/wp-content\/uploads\/2025\/11\/reefer-container-1.jpg","datePublished":"2025-11-24T09:18:59+00:00","dateModified":"2026-03-06T02:02:02+00:00","description":"Cont\u00eainer Reefer Usado \u00e0 Venda \u2013 Solu\u00e7\u00e3o confi\u00e1vel e econ\u00f4mica para armazenamento e transporte. Pedidos em atacado dispon\u00edveis para atacadistas e distribuidores.","breadcrumb":{"@id":"https:\/\/www.gkcpro.com\/product\/used-reefer-container-20ft-40ft\/#breadcrumb"},"inLanguage":"pt-BR","potentialAction":[{"@type":"ReadAction","target":["https:\/\/www.gkcpro.com\/product\/used-reefer-container-20ft-40ft\/"]}]},{"@type":"ImageObject","inLanguage":"pt-BR","@id":"https:\/\/www.gkcpro.com\/product\/used-reefer-container-20ft-40ft\/#primaryimage","url":"https:\/\/www.gkcpro.com\/wp-content\/uploads\/2025\/11\/reefer-container-1.jpg","contentUrl":"https:\/\/www.gkcpro.com\/wp-content\/uploads\/2025\/11\/reefer-container-1.jpg","width":800,"height":800,"caption":"The 20ft and 40ft reefer containers are designed for safe transport of perishable goods offering temperature control and durability for long-distance shipping"},{"@type":"BreadcrumbList","@id":"https:\/\/www.gkcpro.com\/product\/used-reefer-container-20ft-40ft\/#breadcrumb","itemListElement":[{"@type":"ListItem","position":1,"name":"\u9996\u9875","item":"https:\/\/www.gkcpro.com\/"},{"@type":"ListItem","position":2,"name":"Products","item":"https:\/\/www.gkcpro.com\/shop\/"},{"@type":"ListItem","position":3,"name":"Used Reefer Container 20ft 40ft"}]},{"@type":"WebSite","@id":"https:\/\/www.gkcpro.com\/#website","url":"https:\/\/www.gkcpro.com\/","name":"Container House Co., Ltd.","description":"F\u00e1brica de Casas de Cont\u00eainer","potentialAction":[{"@type":"SearchAction","target":{"@type":"EntryPoint","urlTemplate":"https:\/\/www.gkcpro.com\/?s={search_term_string}"},"query-input":{"@type":"PropertyValueSpecification","valueRequired":true,"valueName":"search_term_string"}}],"inLanguage":"pt-BR"}]}},"_links":{"self":[{"href":"https:\/\/www.gkcpro.com\/pt\/wp-json\/wp\/v2\/product\/387","targetHints":{"allow":["GET"]}}],"collection":[{"href":"https:\/\/www.gkcpro.com\/pt\/wp-json\/wp\/v2\/product"}],"about":[{"href":"https:\/\/www.gkcpro.com\/pt\/wp-json\/wp\/v2\/types\/product"}],"wp:featuredmedia":[{"embeddable":true,"href":"https:\/\/www.gkcpro.com\/pt\/wp-json\/wp\/v2\/media\/843"}],"wp:attachment":[{"href":"https:\/\/www.gkcpro.com\/pt\/wp-json\/wp\/v2\/media?parent=387"}],"wp:term":[{"taxonomy":"product_brand","embeddable":true,"href":"https:\/\/www.gkcpro.com\/pt\/wp-json\/wp\/v2\/product_brand?post=387"},{"taxonomy":"product_cat","embeddable":true,"href":"https:\/\/www.gkcpro.com\/pt\/wp-json\/wp\/v2\/product_cat?post=387"},{"taxonomy":"product_tag","embeddable":true,"href":"https:\/\/www.gkcpro.com\/pt\/wp-json\/wp\/v2\/product_tag?post=387"}],"curies":[{"name":"wp","href":"https:\/\/api.w.org\/{rel}","templated":true}]}}