{"id":305,"date":"2025-11-18T09:19:15","date_gmt":"2025-11-18T01:19:15","guid":{"rendered":"http:\/\/jizhuangxiang.webqd.net\/?post_type=product&#038;p=305"},"modified":"2026-02-03T17:37:32","modified_gmt":"2026-02-03T09:37:32","slug":"storage-shed-shipping-container-for-commercial","status":"publish","type":"product","link":"https:\/\/www.gkcpro.com\/pt\/product\/storage-shed-shipping-container-for-commercial\/","title":{"rendered":"Cont\u00eainer de armazenamento para uso comercial"},"content":{"rendered":"<h1>Descri\u00e7\u00e3o do Produto - Contentor de Armazenamento<\/h1>\n<p><strong><span data-markdown-start-index=\"99\">Qingdao Guoke Container House Co., Ltd<\/span><\/strong><span data-markdown-start-index=\"139\">\u00a0fabrica ativamente produtos de alta qualidade\u00a0<\/span><strong><span data-markdown-start-index=\"177\">Contentores de Armazenamento<\/span><\/strong><span data-markdown-start-index=\"211\">\u00a0que oferecem estilo e seguran\u00e7a.\u00a0<\/span><strong><span data-markdown-start-index=\"250\">Especificamente<\/span><\/strong><span data-markdown-start-index=\"264\">, constru\u00edmo-los com a\u00e7o refor\u00e7ado, protegendo eficazmente os seus itens contra roubo e danos clim\u00e1ticos.\u00a0<\/span><strong><span data-markdown-start-index=\"379\">Adicionalmente<\/span><\/strong><span data-markdown-start-index=\"392\">, pode personalizar as unidades com fechaduras seguras, ventila\u00e7\u00e3o e portas para atender a diversas necessidades de armazenamento.<\/span><\/p>\n<p><strong><span data-markdown-start-index=\"496\">Consequentemente<\/span><\/strong><span data-markdown-start-index=\"510\">, os nossos\u00a0<\/span><strong><span data-markdown-start-index=\"518\">Contentores de Armazenamento<\/span><\/strong><span data-markdown-start-index=\"552\">\u00a0tornaram-se populares nos EUA, Alemanha e Espanha.\u00a0<\/span><strong><span data-markdown-start-index=\"608\">Por exemplo<\/span><\/strong><span data-markdown-start-index=\"621\">, empresas de constru\u00e7\u00e3o dos EUA utilizam-nos para armazenar materiais, enquanto empresas em Espanha dependem deles para armazenamento de invent\u00e1rio.\u00a0<\/span><strong><span data-markdown-start-index=\"747\">Em \u00faltima an\u00e1lise<\/span><\/strong><span data-markdown-start-index=\"759\">, constru\u00edmos cada contentor desde o in\u00edcio, garantindo durabilidade e desempenho duradouro atrav\u00e9s de controlo de qualidade rigoroso.<\/span><\/p>\n<h2>Vantagem do Contentor de Armazenamento<\/h2>\n<p><strong>Flexibilidade e mobilidade extremamente altas<\/strong><\/p>\n<ul>\n<li><strong>Pronto a usar:<\/strong> Uma solu\u00e7\u00e3o perfeita para armazenamento tempor\u00e1rio ou sazonal. O espa\u00e7o de armazenamento pode ser rapidamente aumentado durante per\u00edodos de pico de neg\u00f3cio (como promo\u00e7\u00f5es de com\u00e9rcio eletr\u00f3nico e \u00e9pocas de colheita).<\/li>\n<li><strong>Localiza\u00e7\u00e3o flex\u00edvel:<\/strong> Pode ser colocado em praticamente qualquer local com terreno plano, maximizando a proximidade com o local de trabalho e reduzindo custos de manuseamento secund\u00e1rio.<\/li>\n<li><strong>F\u00e1cil de realocar:<\/strong> Quando os locais de neg\u00f3cio mudam, todo o conte\u00fado pode ser transportado para o novo local utilizando reboques padr\u00e3o.<\/li>\n<\/ul>\n<p><strong>Vantagens Econ\u00f3micas Significativas<\/strong><\/p>\n<ul>\n<li><strong>Custos Control\u00e1veis:<\/strong> Custos de constru\u00e7\u00e3o\/arrendamento s\u00e3o inferiores aos de armaz\u00e9ns tradicionais, n\u00e3o requerendo engenharia civil complexa e resultando em baixos custos de manuten\u00e7\u00e3o.<\/li>\n<li><strong>Custos de Constru\u00e7\u00e3o Zero:<\/strong> N\u00e3o \u00e9 necess\u00e1rio trabalho de funda\u00e7\u00e3o ou constru\u00e7\u00e3o, poupando tempo significativo e custos de constru\u00e7\u00e3o.<\/li>\n<li><strong>Op\u00e7\u00f5es de Arrendamento Flex\u00edveis:<\/strong> Arrendamentos de longo ou curto prazo est\u00e3o dispon\u00edveis, minimizando o capital imobilizado e reduzindo a press\u00e3o financeira.\n<table id=\"tablepress-5\" class=\"tablepress tablepress-id-5\">\n<thead>\n<tr class=\"row-1\">\n\t<th class=\"column-1\">Tipo<\/th><th class=\"column-2\">Dimens\u00f5es Externas<br \/>\n( comprimento * largura * altura) mm<\/th><th class=\"column-3\">Dimens\u00e3o Interna <br \/>\n( comprimento * largura * altura) mm<\/th><th class=\"column-4\">Capacidade C\u00fabica Interna<br \/>\nm\u00b3<\/th><th class=\"column-5\">Tara<br \/>\nkg<\/th>\n<\/tr>\n<\/thead>\n<tbody class=\"row-striping row-hover\">\n<tr class=\"row-2\">\n\t<td class=\"column-1\">20'GP<\/td><td class=\"column-2\">6058 * 2438 * 2591<\/td><td class=\"column-3\">5910 * 2352 * 2363<\/td><td class=\"column-4\">28.8<\/td><td class=\"column-5\">2400<\/td>\n<\/tr>\n<tr class=\"row-3\">\n\t<td class=\"column-1\">20'HC<\/td><td class=\"column-2\">6058 * 2438 * 2896<\/td><td class=\"column-3\">5898 * 2352 * 2373<\/td><td class=\"column-4\">37<\/td><td class=\"column-5\">2515<\/td>\n<\/tr>\n<tr class=\"row-4\">\n\t<td class=\"column-1\">40'GP<\/td><td class=\"column-2\">12192 * 2438 * 2591<\/td><td class=\"column-3\">12031 * 2346 * 2384<\/td><td class=\"column-4\">67<\/td><td class=\"column-5\">3950<\/td>\n<\/tr>\n<tr class=\"row-5\">\n\t<td class=\"column-1\">40'HC<\/td><td class=\"column-2\">12192 * 2438 * 2896<\/td><td class=\"column-3\">12031 * 2346 * 2673<\/td><td class=\"column-4\">75<\/td><td class=\"column-5\">4100<\/td>\n<\/tr>\n<\/tbody>\n<\/table>\n<!-- #tablepress-5 from cache --><img loading=\"lazy\" decoding=\"async\" class=\"aligncenter wp-image-306 size-full\" src=\"https:\/\/www.gkcpro.com\/wp-content\/uploads\/2025\/11\/3.webp\" alt=\"\" width=\"1000\" height=\"1500\" srcset=\"https:\/\/www.gkcpro.com\/wp-content\/uploads\/2025\/11\/3.webp 1000w, https:\/\/www.gkcpro.com\/wp-content\/uploads\/2025\/11\/3-800x1200.webp 800w, https:\/\/www.gkcpro.com\/wp-content\/uploads\/2025\/11\/3-200x300.webp 200w, https:\/\/www.gkcpro.com\/wp-content\/uploads\/2025\/11\/3-683x1024.webp 683w, https:\/\/www.gkcpro.com\/wp-content\/uploads\/2025\/11\/3-768x1152.webp 768w, https:\/\/www.gkcpro.com\/wp-content\/uploads\/2025\/11\/3-624x936.webp 624w\" sizes=\"auto, (max-width: 1000px) 100vw, 1000px\" \/><\/li>\n<\/ul>\n<h2>Perguntas Frequentes sobre contentores de armazenamento<\/h2>\n<h3 data-start=\"132\" data-end=\"198\">1. <strong data-start=\"139\" data-end=\"196\">O que \u00e9 uma Unidade de Armazenamento Feita a Partir de Contentores?<\/strong><\/h3>\n<p data-start=\"199\" data-end=\"457\">A <strong data-start=\"201\" data-end=\"247\">Unidade de Armazenamento Feita a Partir de Contentores<\/strong> \u00e9 uma estrutura segura e dur\u00e1vel feita de a\u00e7o de alta qualidade. Oferece op\u00e7\u00f5es de personaliza\u00e7\u00e3o, incluindo fechaduras e ventila\u00e7\u00e3o. Este tipo de contentor \u00e9 perfeito para fins de armazenamento pessoal e empresarial.<\/p>\n<hr data-start=\"459\" data-end=\"462\" \/>\n<h3 data-start=\"464\" data-end=\"543\">2. <strong data-start=\"471\" data-end=\"541\">Quais s\u00e3o as vantagens de usar um Contentor para Armazenamento?<\/strong><\/h3>\n<p data-start=\"544\" data-end=\"804\">Estes <strong data-start=\"550\" data-end=\"585\">contentores para armazenamento<\/strong> fornecem forte prote\u00e7\u00e3o contra roubo e condi\u00e7\u00f5es clim\u00e1ticas. S\u00e3o acess\u00edveis, port\u00e1teis e podem ser personalizados para atender a diferentes necessidades. Ideais para armazenar ferramentas, equipamentos ou materiais, oferecem seguran\u00e7a e conveni\u00eancia.<\/p>\n<hr data-start=\"806\" data-end=\"809\" \/>\n<h3 data-start=\"811\" data-end=\"876\">3. <strong data-start=\"818\" data-end=\"874\">Onde pode ser usada uma Unidade de Armazenamento em Contentor?<\/strong><\/h3>\n<p data-start=\"877\" data-end=\"1169\"><strong data-start=\"877\" data-end=\"913\">Unidades de Armazenamento em Contentor<\/strong> s\u00e3o ideais para canteiros de obras, ambientes agr\u00edcolas e empresas que necessitam de armazenamento seguro. Tamb\u00e9m s\u00e3o excelentes para uso residencial, como armazenamento de equipamento exterior ou itens sazonais. Estas unidades s\u00e3o vers\u00e1teis e pr\u00e1ticas em v\u00e1rios ambientes.<\/p>\n<hr data-start=\"1171\" data-end=\"1174\" \/>\n<h3 data-start=\"1176\" data-end=\"1241\">4. <strong data-start=\"1183\" data-end=\"1239\">Quanto tempo dura um Contentor para Armazenamento?<\/strong><\/h3>\n<p data-start=\"1242\" data-end=\"1447\">A <strong data-start=\"1244\" data-end=\"1278\">Contentor para Armazenamento<\/strong> pode durar muitos anos se devidamente mantido. Feito de a\u00e7o robusto, resiste \u00e0 ferrugem e outros danos ambientais, garantindo fiabilidade e seguran\u00e7a ao longo do tempo.<\/p>\n<hr data-start=\"1449\" data-end=\"1452\" \/>\n<h3 data-start=\"1454\" data-end=\"1558\">5. <strong data-start=\"1461\" data-end=\"1556\">Por que escolher a Qingdao Guoke Container House Co., Ltd para Solu\u00e7\u00f5es de Armazenamento em Contentor?<\/strong><\/h3>\n<p data-start=\"1559\" data-end=\"1852\">Na <strong data-start=\"1562\" data-end=\"1579\">Qingdao Guoke<\/strong>, somos especializados na produ\u00e7\u00e3o de <strong data-start=\"1621\" data-end=\"1661\">solu\u00e7\u00f5es de armazenamento em contentor<\/strong> de alta qualidade desde o in\u00edcio. Ao contr\u00e1rio de modelos recondicionados, os nossos contentores passam por verifica\u00e7\u00f5es de qualidade rigorosas para garantir m\u00e1xima durabilidade e seguran\u00e7a. Pode confiar em n\u00f3s para op\u00e7\u00f5es de armazenamento duradouras e fi\u00e1veis.<\/p>","protected":false},"excerpt":{"rendered":"<h1>Descri\u00e7\u00e3o do produto dos nossos Contentores de Armazenamento<\/h1>\n<p>Os nossos Contentores de Armazenamento s\u00e3o projetados para armazenamento seguro e fi\u00e1vel. Os tamanhos comuns incluem comprimentos de 20 p\u00e9s (6,1 m) e 40 p\u00e9s (12,2 m). O contentor de 20 p\u00e9s pesa aproximadamente 2.300 kg, enquanto o de 40 p\u00e9s pesa cerca de 3.700 kg. Perfeitos para armazenamento a longo prazo, s\u00e3o constru\u00eddos para resistir a condi\u00e7\u00f5es adversas.<\/p>\n<p>&nbsp;<\/p>","protected":false},"featured_media":425,"template":"","meta":[],"product_brand":[],"product_cat":[45],"product_tag":[34,35,37,41,47],"class_list":{"0":"post-305","1":"product","2":"type-product","3":"status-publish","4":"has-post-thumbnail","6":"product_cat-storage-container","7":"product_tag-20ft","8":"product_tag-40ft","9":"product_tag-container","10":"product_tag-shipping","11":"product_tag-storage","13":"first","14":"instock","15":"shipping-taxable","16":"product-type-simple"},"yoast_head":"<!-- This site is optimized with the Yoast SEO plugin v26.6 - https:\/\/yoast.com\/wordpress\/plugins\/seo\/ -->\n<title>Storage shed shipping container - Storage container Manufacturer<\/title>\n<meta name=\"description\" content=\"Factory Direct Storage shed shipping container. Bulk wholesale pricing for global procurement. custom size and solution for your choose.\" \/>\n<meta name=\"robots\" content=\"index, follow, max-snippet:-1, max-image-preview:large, max-video-preview:-1\" \/>\n<link rel=\"canonical\" href=\"https:\/\/www.gkcpro.com\/pt\/product\/storage-shed-shipping-container-for-commercial\/\" \/>\n<meta property=\"og:locale\" content=\"pt_BR\" \/>\n<meta property=\"og:type\" content=\"article\" \/>\n<meta property=\"og:title\" content=\"Storage shed shipping container - Storage container Manufacturer\" \/>\n<meta property=\"og:description\" content=\"Factory Direct Storage shed shipping container. Bulk wholesale pricing for global procurement. custom size and solution for your choose.\" \/>\n<meta property=\"og:url\" content=\"https:\/\/www.gkcpro.com\/pt\/product\/storage-shed-shipping-container-for-commercial\/\" \/>\n<meta property=\"og:site_name\" content=\"Container House Co., Ltd.\" \/>\n<meta property=\"article:modified_time\" content=\"2026-02-03T09:37:32+00:00\" \/>\n<meta property=\"og:image\" content=\"https:\/\/www.gkcpro.com\/wp-content\/uploads\/2025\/11\/storage-container-1-1.webp\" \/>\n\t<meta property=\"og:image:width\" content=\"800\" \/>\n\t<meta property=\"og:image:height\" content=\"800\" \/>\n\t<meta property=\"og:image:type\" content=\"image\/webp\" \/>\n<meta name=\"twitter:card\" content=\"summary_large_image\" \/>\n<meta name=\"twitter:label1\" content=\"Est. tempo de leitura\" \/>\n\t<meta name=\"twitter:data1\" content=\"3 minutos\" \/>\n<script type=\"application\/ld+json\" class=\"yoast-schema-graph\">{\"@context\":\"https:\/\/schema.org\",\"@graph\":[{\"@type\":\"WebPage\",\"@id\":\"https:\/\/www.gkcpro.com\/product\/storage-shed-shipping-container-for-commercial\/\",\"url\":\"https:\/\/www.gkcpro.com\/product\/storage-shed-shipping-container-for-commercial\/\",\"name\":\"Storage shed shipping container - Storage container Manufacturer\",\"isPartOf\":{\"@id\":\"https:\/\/www.gkcpro.com\/#website\"},\"primaryImageOfPage\":{\"@id\":\"https:\/\/www.gkcpro.com\/product\/storage-shed-shipping-container-for-commercial\/#primaryimage\"},\"image\":{\"@id\":\"https:\/\/www.gkcpro.com\/product\/storage-shed-shipping-container-for-commercial\/#primaryimage\"},\"thumbnailUrl\":\"https:\/\/www.gkcpro.com\/wp-content\/uploads\/2025\/11\/storage-container-1-1.webp\",\"datePublished\":\"2025-11-18T01:19:15+00:00\",\"dateModified\":\"2026-02-03T09:37:32+00:00\",\"description\":\"Factory Direct Storage shed shipping container. Bulk wholesale pricing for global procurement. custom size and solution for your choose.\",\"breadcrumb\":{\"@id\":\"https:\/\/www.gkcpro.com\/product\/storage-shed-shipping-container-for-commercial\/#breadcrumb\"},\"inLanguage\":\"pt-BR\",\"potentialAction\":[{\"@type\":\"ReadAction\",\"target\":[\"https:\/\/www.gkcpro.com\/product\/storage-shed-shipping-container-for-commercial\/\"]}]},{\"@type\":\"ImageObject\",\"inLanguage\":\"pt-BR\",\"@id\":\"https:\/\/www.gkcpro.com\/product\/storage-shed-shipping-container-for-commercial\/#primaryimage\",\"url\":\"https:\/\/www.gkcpro.com\/wp-content\/uploads\/2025\/11\/storage-container-1-1.webp\",\"contentUrl\":\"https:\/\/www.gkcpro.com\/wp-content\/uploads\/2025\/11\/storage-container-1-1.webp\",\"width\":800,\"height\":800,\"caption\":\"storage container for business\"},{\"@type\":\"BreadcrumbList\",\"@id\":\"https:\/\/www.gkcpro.com\/product\/storage-shed-shipping-container-for-commercial\/#breadcrumb\",\"itemListElement\":[{\"@type\":\"ListItem\",\"position\":1,\"name\":\"\u9996\u9875\",\"item\":\"https:\/\/www.gkcpro.com\/\"},{\"@type\":\"ListItem\",\"position\":2,\"name\":\"Products\",\"item\":\"https:\/\/www.gkcpro.com\/shop\/\"},{\"@type\":\"ListItem\",\"position\":3,\"name\":\"Storage shed shipping container for Commercial\"}]},{\"@type\":\"WebSite\",\"@id\":\"https:\/\/www.gkcpro.com\/#website\",\"url\":\"https:\/\/www.gkcpro.com\/\",\"name\":\"Container House Co., Ltd.\",\"description\":\"Container House factory\",\"potentialAction\":[{\"@type\":\"SearchAction\",\"target\":{\"@type\":\"EntryPoint\",\"urlTemplate\":\"https:\/\/www.gkcpro.com\/?s={search_term_string}\"},\"query-input\":{\"@type\":\"PropertyValueSpecification\",\"valueRequired\":true,\"valueName\":\"search_term_string\"}}],\"inLanguage\":\"pt-BR\"}]}<\/script>\n<!-- \/ Yoast SEO plugin. -->","yoast_head_json":{"title":"Armaz\u00e9m de cont\u00eainer de transporte - Fabricante de cont\u00eainer de armazenamento","description":"Armaz\u00e9m de cont\u00eainer de transporte direto da f\u00e1brica. Pre\u00e7os de atacado em massa para compras globais. Tamanho e solu\u00e7\u00e3o personalizados para sua escolha.","robots":{"index":"index","follow":"follow","max-snippet":"max-snippet:-1","max-image-preview":"max-image-preview:large","max-video-preview":"max-video-preview:-1"},"canonical":"https:\/\/www.gkcpro.com\/pt\/product\/storage-shed-shipping-container-for-commercial\/","og_locale":"pt_BR","og_type":"article","og_title":"Storage shed shipping container - Storage container Manufacturer","og_description":"Factory Direct Storage shed shipping container. Bulk wholesale pricing for global procurement. custom size and solution for your choose.","og_url":"https:\/\/www.gkcpro.com\/pt\/product\/storage-shed-shipping-container-for-commercial\/","og_site_name":"Container House Co., Ltd.","article_modified_time":"2026-02-03T09:37:32+00:00","og_image":[{"width":800,"height":800,"url":"https:\/\/www.gkcpro.com\/wp-content\/uploads\/2025\/11\/storage-container-1-1.webp","type":"image\/webp"}],"twitter_card":"summary_large_image","twitter_misc":{"Est. tempo de leitura":"3 minutos"},"schema":{"@context":"https:\/\/schema.org","@graph":[{"@type":"WebPage","@id":"https:\/\/www.gkcpro.com\/product\/storage-shed-shipping-container-for-commercial\/","url":"https:\/\/www.gkcpro.com\/product\/storage-shed-shipping-container-for-commercial\/","name":"Armaz\u00e9m de cont\u00eainer de transporte - Fabricante de cont\u00eainer de armazenamento","isPartOf":{"@id":"https:\/\/www.gkcpro.com\/#website"},"primaryImageOfPage":{"@id":"https:\/\/www.gkcpro.com\/product\/storage-shed-shipping-container-for-commercial\/#primaryimage"},"image":{"@id":"https:\/\/www.gkcpro.com\/product\/storage-shed-shipping-container-for-commercial\/#primaryimage"},"thumbnailUrl":"https:\/\/www.gkcpro.com\/wp-content\/uploads\/2025\/11\/storage-container-1-1.webp","datePublished":"2025-11-18T01:19:15+00:00","dateModified":"2026-02-03T09:37:32+00:00","description":"Armaz\u00e9m de cont\u00eainer de transporte direto da f\u00e1brica. Pre\u00e7os de atacado em massa para compras globais. Tamanho e solu\u00e7\u00e3o personalizados para sua escolha.","breadcrumb":{"@id":"https:\/\/www.gkcpro.com\/product\/storage-shed-shipping-container-for-commercial\/#breadcrumb"},"inLanguage":"pt-BR","potentialAction":[{"@type":"ReadAction","target":["https:\/\/www.gkcpro.com\/product\/storage-shed-shipping-container-for-commercial\/"]}]},{"@type":"ImageObject","inLanguage":"pt-BR","@id":"https:\/\/www.gkcpro.com\/product\/storage-shed-shipping-container-for-commercial\/#primaryimage","url":"https:\/\/www.gkcpro.com\/wp-content\/uploads\/2025\/11\/storage-container-1-1.webp","contentUrl":"https:\/\/www.gkcpro.com\/wp-content\/uploads\/2025\/11\/storage-container-1-1.webp","width":800,"height":800,"caption":"storage container for business"},{"@type":"BreadcrumbList","@id":"https:\/\/www.gkcpro.com\/product\/storage-shed-shipping-container-for-commercial\/#breadcrumb","itemListElement":[{"@type":"ListItem","position":1,"name":"\u9996\u9875","item":"https:\/\/www.gkcpro.com\/"},{"@type":"ListItem","position":2,"name":"Products","item":"https:\/\/www.gkcpro.com\/shop\/"},{"@type":"ListItem","position":3,"name":"Storage shed shipping container for Commercial"}]},{"@type":"WebSite","@id":"https:\/\/www.gkcpro.com\/#website","url":"https:\/\/www.gkcpro.com\/","name":"Container House Co., Ltd.","description":"F\u00e1brica de Casas de Cont\u00eainer","potentialAction":[{"@type":"SearchAction","target":{"@type":"EntryPoint","urlTemplate":"https:\/\/www.gkcpro.com\/?s={search_term_string}"},"query-input":{"@type":"PropertyValueSpecification","valueRequired":true,"valueName":"search_term_string"}}],"inLanguage":"pt-BR"}]}},"_links":{"self":[{"href":"https:\/\/www.gkcpro.com\/pt\/wp-json\/wp\/v2\/product\/305","targetHints":{"allow":["GET"]}}],"collection":[{"href":"https:\/\/www.gkcpro.com\/pt\/wp-json\/wp\/v2\/product"}],"about":[{"href":"https:\/\/www.gkcpro.com\/pt\/wp-json\/wp\/v2\/types\/product"}],"wp:featuredmedia":[{"embeddable":true,"href":"https:\/\/www.gkcpro.com\/pt\/wp-json\/wp\/v2\/media\/425"}],"wp:attachment":[{"href":"https:\/\/www.gkcpro.com\/pt\/wp-json\/wp\/v2\/media?parent=305"}],"wp:term":[{"taxonomy":"product_brand","embeddable":true,"href":"https:\/\/www.gkcpro.com\/pt\/wp-json\/wp\/v2\/product_brand?post=305"},{"taxonomy":"product_cat","embeddable":true,"href":"https:\/\/www.gkcpro.com\/pt\/wp-json\/wp\/v2\/product_cat?post=305"},{"taxonomy":"product_tag","embeddable":true,"href":"https:\/\/www.gkcpro.com\/pt\/wp-json\/wp\/v2\/product_tag?post=305"}],"curies":[{"name":"wp","href":"https:\/\/api.w.org\/{rel}","templated":true}]}}