{"id":1852,"date":"2026-04-21T13:57:15","date_gmt":"2026-04-21T05:57:15","guid":{"rendered":"https:\/\/www.gkcpro.com\/?post_type=product&#038;p=1852"},"modified":"2026-04-21T13:59:52","modified_gmt":"2026-04-21T05:59:52","slug":"stacked-shipping-container-house","status":"publish","type":"product","link":"https:\/\/www.gkcpro.com\/pt\/product\/stacked-shipping-container-house\/","title":{"rendered":"Casa de cont\u00eaineres de transporte empilhados"},"content":{"rendered":"<h2 data-path-to-node=\"0\"><b data-path-to-node=\"0\" data-index-in-node=\"0\">Fabricante L\u00edder de Casas de Contentores Mar\u00edtimos Empilhados: Arquitetura Moderna de Vista de Rua<\/b><\/h2>\n<p data-path-to-node=\"1\">No cen\u00e1rio em evolu\u00e7\u00e3o do imobili\u00e1rio comercial e retalhista, a <b data-path-to-node=\"1\" data-index-in-node=\"68\">Casa de cont\u00eaineres de transporte empilhados<\/b> casa de contentores com vista de rua emergiu como uma solu\u00e7\u00e3o premium para empreendedores que buscam infraestrutura de alto impacto, m\u00f3vel e sustent\u00e1vel. As nossas casas de contentores de vista de rua n\u00e3o s\u00e3o as caixas brancas padr\u00e3o de montagem simples; s\u00e3o estruturas de a\u00e7o de alta resist\u00eancia, desenhadas arquitetonicamente para durabilidade e apelo est\u00e9tico. Ao utilizar contentores mar\u00edtimos high-cube, fornecemos uma solu\u00e7\u00e3o chave-na-m\u00e3o que oferece isolamento t\u00e9rmico superior, integridade estrutural e um visual distintivo \u201cindustrial-chic\u201d que atrai imediatamente o fluxo de pedestres. Para compradores e gestores de projeto internacionais, este produto resolve o problema dos elevados custos de constru\u00e7\u00e3o e dos longos prazos de entrega, fornecendo um espa\u00e7o comercial plug-and-play pronto para opera\u00e7\u00e3o imediata.<\/p>\n<hr data-path-to-node=\"2\" \/>\n<h2 data-path-to-node=\"3\"><b data-path-to-node=\"3\" data-index-in-node=\"0\">Porque \u00e9 que os Importadores Profissionais Escolhem as Nossas Unidades Modulares de V\u00e1rios Pisos<\/b><\/h2>\n<p data-path-to-node=\"4\">Abastecer-se de uma <b data-path-to-node=\"4\" data-index-in-node=\"11\">Casa de cont\u00eaineres de transporte empilhados<\/b> unidade de v\u00e1rios pisos junto de um fabricante dedicado garante que o seu projeto cumpre as normas internacionais de constru\u00e7\u00e3o, mantendo uma vantagem competitiva. Fornecedores e promotores preferem as nossas unidades modulares de v\u00e1rios pisos porque contornam as complexidades da constru\u00e7\u00e3o tradicional em alvenaria.<\/p>\n<ul data-path-to-node=\"5\">\n<li>\n<p data-path-to-node=\"5,0,0\"><b data-path-to-node=\"5,0,0\" data-index-in-node=\"0\">Efici\u00eancia de Custos:<\/b> Custos de m\u00e3o-de-obra e materiais significativamente mais baixos em compara\u00e7\u00e3o com constru\u00e7\u00f5es permanentes.<\/p>\n<\/li>\n<li>\n<p data-path-to-node=\"5,1,0\"><b data-path-to-node=\"5,1,0\" data-index-in-node=\"0\">Implanta\u00e7\u00e3o R\u00e1pida:<\/b> Os componentes modulares s\u00e3o pr\u00e9-fabricados fora do local, reduzindo o tempo de instala\u00e7\u00e3o no local em at\u00e9 70%. <b data-path-to-node=\"5,1,0\" data-index-in-node=\"109\">70%<\/b>.<\/p>\n<\/li>\n<li>\n<p data-path-to-node=\"5,2,0\"><b data-path-to-node=\"5,2,0\" data-index-in-node=\"0\">Portabilidade do Ativo:<\/b> Ao contr\u00e1rio dos edif\u00edcios tradicionais, estas unidades podem ser realocadas se um contrato de arrendamento terminar ou se for encontrada uma localiza\u00e7\u00e3o melhor.<\/p>\n<\/li>\n<li>\n<p data-path-to-node=\"5,3,0\"><b data-path-to-node=\"5,3,0\" data-index-in-node=\"0\">Sustentabilidade:<\/b> A reutiliza\u00e7\u00e3o de contentores de a\u00e7o reduz a pegada de carbono, atraindo consumidores ecologicamente conscientes.<\/p>\n<\/li>\n<\/ul>\n<h3 data-path-to-node=\"6\"><b data-path-to-node=\"6\" data-index-in-node=\"0\">Aplica\u00e7\u00f5es Vers\u00e1teis para Ambientes Urbanos e Rurais<\/b><\/h3>\n<p data-path-to-node=\"7\">As nossas <b data-path-to-node=\"7\" data-index-in-node=\"4\">Os edif\u00edcios de caixas de carga empilhadas<\/b> s\u00e3o projetados para versatilidade. Quer pretenda lan\u00e7ar um caf\u00e9 urbano na moda ou um retiro de luxo remoto, estas unidades adaptam-se a qualquer ambiente:<\/p>\n<ul data-path-to-node=\"8\">\n<li>\n<p data-path-to-node=\"8,0,0\"><b data-path-to-node=\"8,0,0\" data-index-in-node=\"0\">Comercial:<\/b> Caf\u00e9s especializados (como visto no modelo \u201cCoffee Box\u201d), lojas de retalho pop-up e bares.<\/p>\n<\/li>\n<li>\n<p data-path-to-node=\"8,1,0\"><b data-path-to-node=\"8,1,0\" data-index-in-node=\"0\">Hotelaria:<\/b> Hot\u00e9is boutique em contentores, alojamentos Airbnb e locais de glamping.<\/p>\n<\/li>\n<li>\n<p data-path-to-node=\"8,2,0\"><b data-path-to-node=\"8,2,0\" data-index-in-node=\"0\">Espa\u00e7o de Escrit\u00f3rio:<\/b> Est\u00fadios criativos, espa\u00e7os de co-working e showrooms de marketing.<\/p>\n<\/li>\n<\/ul>\n<hr data-path-to-node=\"9\" \/>\n<h2 data-path-to-node=\"10\"><b data-path-to-node=\"10\" data-index-in-node=\"0\">Especifica\u00e7\u00f5es T\u00e9cnicas e Composi\u00e7\u00e3o do Produto<\/b><\/h2>\n<p data-path-to-node=\"11\">As nossas <b data-path-to-node=\"11\" data-index-in-node=\"4\">Casa de cont\u00eaineres de transporte empilhados<\/b> A unidade \u00e9 constru\u00edda utilizando a\u00e7o de alta qualidade resistente \u00e0 corros\u00e3o atmosf\u00e9rica (a\u00e7o Corten) e sistemas de envidra\u00e7amento premium. Abaixo est\u00e3o as especifica\u00e7\u00f5es padr\u00e3o.<\/p>\n<p data-path-to-node=\"11\">\n<table id=\"tablepress-61\" class=\"tablepress tablepress-id-61\">\n<thead>\n<tr class=\"row-1\">\n\t<th class=\"column-1\"><span style=\"color:#1F1F1F;\"><strong>Caracter\u00edstica<\/strong><\/span><\/th><th class=\"column-2\"><span style=\"color:#1F1F1F;\"><strong>Especifica\u00e7\u00e3o de F\u00e1brica<\/strong><\/span><\/th><th class=\"column-3\"><span style=\"color:#1F1F1F;\"><strong>Vantagem Competitiva<\/strong><\/span><\/th>\n<\/tr>\n<\/thead>\n<tbody class=\"row-striping row-hover\">\n<tr class=\"row-2\">\n\t<td class=\"column-1\"><span style=\"color:#1F1F1F;\"><strong>Material da Carca\u00e7a<\/strong><\/span><\/td><td class=\"column-2\"><span style=\"color:#1F1F1F;\"><strong>Liga de Alum\u00ednio Aeron\u00e1utico<\/strong><\/span><\/td><td class=\"column-3\"><span style=\"color:#1F1F1F;\">Leve, \u00e0 prova de ferrugem e resistente ao fogo<\/span><\/td>\n<\/tr>\n<tr class=\"row-3\">\n\t<td class=\"column-1\"><span style=\"color:#1F1F1F;\"><strong>Qualidade do Vidro<\/strong><\/span><\/td><td class=\"column-2\"><span style=\"color:#1F1F1F;\"><strong>Vidro Temperado a V\u00e1cuo de Dupla Camada<\/strong><\/span><\/td><td class=\"column-3\"><span style=\"color:#1F1F1F;\">Vistas de 270\u00b0 com isolamento ac\u00fastico\/t\u00e9rmico superior<\/span><\/td>\n<\/tr>\n<tr class=\"row-4\">\n\t<td class=\"column-1\"><span style=\"color:#1F1F1F;\"><strong>Controlo Inteligente<\/strong><\/span><\/td><td class=\"column-2\"><span style=\"color:#1F1F1F;\"><strong>Sistema Inteligente Integrado para Toda a Casa<\/strong><\/span><\/td><td class=\"column-3\"><span style=\"color:#1F1F1F;\">Controlar AC, luzes e cortinas por voz\/aplicativo<\/span><\/td>\n<\/tr>\n<tr class=\"row-5\">\n\t<td class=\"column-1\"><span style=\"color:#1F1F1F;\"><strong>Estrutura<\/strong><\/span><\/td><td class=\"column-2\"><span style=\"color:#1F1F1F;\"><strong>Chassi de A\u00e7o Galvanizado por Imers\u00e3o a Quente<\/strong><\/span><\/td><td class=\"column-3\"><span style=\"color:#1F1F1F;\">Alta capacidade de carga e prote\u00e7\u00e3o contra corros\u00e3o 100%<\/span><\/td>\n<\/tr>\n<tr class=\"row-6\">\n\t<td class=\"column-1\"><span style=\"color:#1F1F1F;\"><strong>Mobilidade<\/strong><\/span><\/td><td class=\"column-2\"><span style=\"color:#1F1F1F;\"><strong>Sistema de Eleva\u00e7\u00e3o Pronto para Guindaste<\/strong><\/span><\/td><td class=\"column-3\"><span style=\"color:#1F1F1F;\">N\u00e3o requer funda\u00e7\u00f5es; f\u00e1cil de realocar<\/span><\/td>\n<\/tr>\n<\/tbody>\n<\/table>\n<!-- #tablepress-61 from cache --><\/p>\n<hr data-path-to-node=\"13\" \/>\n<h2 data-path-to-node=\"14\"><b data-path-to-node=\"14\" data-index-in-node=\"0\">Suporte Completo para OEM e Personaliza\u00e7\u00e3o<\/b><\/h2>\n<p data-path-to-node=\"15\">Compreendemos que cada marca \u00e9 \u00fanica. O nosso <b data-path-to-node=\"15\" data-index-in-node=\"46\">Casa de cont\u00eaineres de transporte empilhados<\/b> processo suporta servi\u00e7os completos de OEM para se alinhar com os seus requisitos espec\u00edficos. N\u00e3o est\u00e1 a comprar uma caixa gen\u00e9rica; est\u00e1 a projetar um marco de marca.<\/p>\n<h3 data-path-to-node=\"16\"><b data-path-to-node=\"16\" data-index-in-node=\"0\">Op\u00e7\u00f5es Personaliz\u00e1veis Incluem:<\/b><\/h3>\n<ul data-path-to-node=\"17\">\n<li>\n<p data-path-to-node=\"17,0,0\"><b data-path-to-node=\"17,0,0\" data-index-in-node=\"0\">Configura\u00e7\u00e3o de Layout:<\/b> Designs empilhados, desencontrados ou em consola.<\/p>\n<\/li>\n<li>\n<p data-path-to-node=\"17,1,0\"><b data-path-to-node=\"17,1,0\" data-index-in-node=\"0\">Branding:<\/b> Sinaliza\u00e7\u00e3o LED integrada, esquemas de pintura personalizados e log\u00f3tipos cortados a CNC.<\/p>\n<\/li>\n<li>\n<p data-path-to-node=\"17,2,0\"><b data-path-to-node=\"17,2,0\" data-index-in-node=\"0\">Acabamento Interior:<\/b> Canaliza\u00e7\u00e3o completa para cozinhas\/casas de banho e sistemas HVAC integrados.<\/p>\n<\/li>\n<li>\n<p data-path-to-node=\"17,3,0\"><b data-path-to-node=\"17,3,0\" data-index-in-node=\"0\">Funcionalidades Inteligentes:<\/b> Fechaduras inteligentes, ilumina\u00e7\u00e3o automatizada e integra\u00e7\u00e3o de pain\u00e9is solares.<\/p>\n<\/li>\n<\/ul>\n<hr data-path-to-node=\"18\" \/>\n<h2 data-path-to-node=\"19\"><b data-path-to-node=\"19\" data-index-in-node=\"0\">Embalagem, Log\u00edstica e Entrega Global<\/b><\/h2>\n<p data-path-to-node=\"20\">Perfei\u00e7o\u00e1mos a log\u00edstica de envio de uma <b data-path-to-node=\"20\" data-index-in-node=\"46\">casa contentorizada de v\u00e1rios n\u00edveis<\/b>.<\/p>\n<ul data-path-to-node=\"21\">\n<li>\n<p data-path-to-node=\"21,0,0\"><b data-path-to-node=\"21,0,0\" data-index-in-node=\"0\">Prote\u00e7\u00e3o:<\/b> Todas as sec\u00e7\u00f5es de vidro s\u00e3o refor\u00e7adas com pel\u00edcula protetora e caixilharia de madeira.<\/p>\n<\/li>\n<li>\n<p data-path-to-node=\"21,1,0\"><b data-path-to-node=\"21,1,0\" data-index-in-node=\"0\">Envio:<\/b> As unidades s\u00e3o enviadas como SOC (Contentores Pr\u00f3prios do Expedidor) padr\u00e3o ou via Flat Rack para garantir as taxas de frete mais baixas poss\u00edveis.<\/p>\n<\/li>\n<li>\n<p data-path-to-node=\"21,2,0\"><b data-path-to-node=\"21,2,0\" data-index-in-node=\"0\">Alcance Global:<\/b> Fornecemos servi\u00e7os DDP\/CIF para os principais portos da Am\u00e9rica do Norte, Europa, Austr\u00e1lia e M\u00e9dio Oriente.<\/p>\n<\/li>\n<\/ul>\n<hr data-path-to-node=\"22\" \/>\n<h2 data-path-to-node=\"23\"><b data-path-to-node=\"23\" data-index-in-node=\"0\">O que Dizem os Nossos Parceiros Globais<\/b><\/h2>\n<h4 data-path-to-node=\"24\"><b data-path-to-node=\"24\" data-index-in-node=\"0\">Am\u00e9rica do Norte (Promotor Imobili\u00e1rio Comercial)<\/b><\/h4>\n<p data-path-to-node=\"25\">\u201cO design \u2018Coffee Box\u2019 foi um fator decisivo para o nosso desenvolvimento \u00e0 beira-mar. A rigidez estrutural e o terra\u00e7o no telhado tornaram-se a principal atra\u00e7\u00e3o.\u201d<\/p>\n<h4 data-path-to-node=\"26\"><b data-path-to-node=\"26\" data-index-in-node=\"0\">Europa (Grupo Hoteleiro)<\/b><\/h4>\n<p data-path-to-node=\"27\">\u201cEncomend\u00e1mos 10 unidades para um hotel pop-up. O isolamento t\u00e9rmico teve um desempenho excecional no inverno escandinavo.\u201d<\/p>\n<h4 data-path-to-node=\"28\"><b data-path-to-node=\"28\" data-index-in-node=\"0\">Austr\u00e1lia (Minera\u00e7\u00e3o e Comercial)<\/b><\/h4>\n<p data-path-to-node=\"29\">\u201cA conformidade era nossa maior preocupa\u00e7\u00e3o, mas os sistemas el\u00e9tricos e hidr\u00e1ulicos atenderam perfeitamente aos padr\u00f5es australianos. A entrega foi pontual e a configura\u00e7\u00e3o plug-and-play funcionou conforme anunciado.\u201d<\/p>\n<hr data-path-to-node=\"30\" \/>\n<h2 data-path-to-node=\"31\"><b data-path-to-node=\"31\" data-index-in-node=\"0\">Por que Parceria Conosco?<\/b><\/h2>\n<ul data-path-to-node=\"32\">\n<li>\n<p data-path-to-node=\"32,0,0\"><b data-path-to-node=\"32,0,0\" data-index-in-node=\"0\">Capacidade de Fabrica\u00e7\u00e3o:<\/b> Nossa instala\u00e7\u00e3o abrange 20.000 metros quadrados com capacidade mensal de 50 unidades.<\/p>\n<\/li>\n<li>\n<p data-path-to-node=\"32,1,0\"><b data-path-to-node=\"32,1,0\" data-index-in-node=\"0\">Excel\u00eancia em Design:<\/b> Utilizamos modelagem 3D avan\u00e7ada e BIM para garantir que cada solda e parafuso seja perfeitamente posicionado.<\/p>\n<\/li>\n<li>\n<p data-path-to-node=\"32,2,0\"><b data-path-to-node=\"32,2,0\" data-index-in-node=\"0\">Controle Rigoroso de Qualidade:<\/b> Cada unidade <b data-path-to-node=\"32,2,0\" data-index-in-node=\"30\">Casa de cont\u00eaineres de transporte empilhados<\/b> Cada unidade passa por um teste de vazamento de \u00e1gua de 48 horas e inspe\u00e7\u00f5es el\u00e9tricas rigorosas antes do despacho.<\/p>\n<\/li>\n<li>\n<p data-path-to-node=\"32,3,0\"><b data-path-to-node=\"32,3,0\" data-index-in-node=\"0\">Entrega R\u00e1pida:<\/b> Projetos padr\u00e3o est\u00e3o prontos para envio em 25\u201330 dias.<\/p>\n<\/li>\n<\/ul>\n<hr data-path-to-node=\"33\" \/>\n<h2 data-path-to-node=\"34\"><b data-path-to-node=\"34\" data-index-in-node=\"0\">Perguntas Frequentes (FAQ)<\/b><\/h2>\n<p data-path-to-node=\"35\"><b data-path-to-node=\"35\" data-index-in-node=\"0\">1. A casa empilhada de cont\u00eaineres requer funda\u00e7\u00e3o?<\/b><\/p>\n<p data-path-to-node=\"35\">Sim, \u00e9 necess\u00e1ria uma funda\u00e7\u00e3o simples de blocos de concreto ou laje para garantir que a unidade permane\u00e7a nivelada e segura, especialmente para configura\u00e7\u00f5es de m\u00faltiplos andares.<\/p>\n<p data-path-to-node=\"36\"><b data-path-to-node=\"36\" data-index-in-node=\"0\">2. A estrutura \u00e9 resistente a terremotos e ventos?<\/b><\/p>\n<p data-path-to-node=\"36\">Absolutamente. Estruturas de cont\u00eaineres s\u00e3o inerentemente algumas das unidades modulares mais robustas dispon\u00edveis. S\u00e3o classificadas para resistir a ventos de Grau 12 e atividade s\u00edsmica de alta magnitude.<\/p>\n<p data-path-to-node=\"37\"><b data-path-to-node=\"37\" data-index-in-node=\"0\">3. Como a unidade \u00e9 montada no local?<\/b><\/p>\n<p data-path-to-node=\"37\">As unidades chegam 90% pr\u00e9-acabadas. No local, voc\u00ea simplesmente precisa de um guindaste para empilhar o m\u00f3dulo superior sobre o inferior e fix\u00e1-los usando os cantoneiras de canto.<\/p>\n<p data-path-to-node=\"38\"><b data-path-to-node=\"38\" data-index-in-node=\"0\">4. Posso personalizar as dimens\u00f5es dos cont\u00eaineres?<\/b><\/p>\n<p data-path-to-node=\"38\">Embora utilizemos principalmente cont\u00eaineres padr\u00e3o de 20 e 40 p\u00e9s para efici\u00eancia log\u00edstica, podemos unir ou modificar cont\u00eaineres para criar espa\u00e7os personalizados mais amplos ou altos.<\/p>\n<p data-path-to-node=\"39\"><b data-path-to-node=\"39\" data-index-in-node=\"0\">5. Como s\u00e3o tratadas as conex\u00f5es el\u00e9tricas e hidr\u00e1ulicas?<\/b><\/p>\n<p data-path-to-node=\"39\">Toda a fia\u00e7\u00e3o e tubula\u00e7\u00e3o s\u00e3o pr\u00e9-instaladas atr\u00e1s das paredes durante a fabrica\u00e7\u00e3o. Ap\u00f3s o empilhamento das unidades, basta conectar as linhas principais \u00e0 rede local de utilities.<\/p>","protected":false},"excerpt":{"rendered":"<p><img loading=\"lazy\" decoding=\"async\" class=\"alignnone size-full wp-image-1139\" src=\"https:\/\/www.gkcpro.com\/wp-content\/uploads\/2026\/02\/evaluate.jpg\" alt=\"Meus cont\u00eaineres e casas cont\u00eainer s\u00e3o exportados para muitos pa\u00edses; esta \u00e9 uma mostra dos depoimentos de nossos clientes.\" width=\"1000\" height=\"474\" srcset=\"https:\/\/www.gkcpro.com\/wp-content\/uploads\/2026\/02\/evaluate.jpg 1000w, https:\/\/www.gkcpro.com\/wp-content\/uploads\/2026\/02\/evaluate-300x142.jpg 300w, https:\/\/www.gkcpro.com\/wp-content\/uploads\/2026\/02\/evaluate-768x364.jpg 768w, https:\/\/www.gkcpro.com\/wp-content\/uploads\/2026\/02\/evaluate-18x9.jpg 18w, https:\/\/www.gkcpro.com\/wp-content\/uploads\/2026\/02\/evaluate-624x296.jpg 624w, https:\/\/www.gkcpro.com\/wp-content\/uploads\/2026\/02\/evaluate-800x379.jpg 800w\" sizes=\"auto, (max-width: 1000px) 100vw, 1000px\" \/><img loading=\"lazy\" decoding=\"async\" class=\"alignnone size-full wp-image-1137\" src=\"https:\/\/www.gkcpro.com\/wp-content\/uploads\/2026\/02\/container-house-certificates.jpg\" alt=\"Exibi\u00e7\u00e3o de certifica\u00e7\u00f5es internacionais, incluindo ISO 9001, CE e certificados de seguran\u00e7a estrutural para nossas casas cont\u00eainer e cont\u00eaineres de exporta\u00e7\u00e3o\" width=\"1470\" height=\"2000\" srcset=\"https:\/\/www.gkcpro.com\/wp-content\/uploads\/2026\/02\/container-house-certificates.jpg 1470w, https:\/\/www.gkcpro.com\/wp-content\/uploads\/2026\/02\/container-house-certificates-221x300.jpg 221w, https:\/\/www.gkcpro.com\/wp-content\/uploads\/2026\/02\/container-house-certificates-753x1024.jpg 753w, https:\/\/www.gkcpro.com\/wp-content\/uploads\/2026\/02\/container-house-certificates-768x1045.jpg 768w, https:\/\/www.gkcpro.com\/wp-content\/uploads\/2026\/02\/container-house-certificates-1129x1536.jpg 1129w, https:\/\/www.gkcpro.com\/wp-content\/uploads\/2026\/02\/container-house-certificates-9x12.jpg 9w, https:\/\/www.gkcpro.com\/wp-content\/uploads\/2026\/02\/container-house-certificates-624x849.jpg 624w, https:\/\/www.gkcpro.com\/wp-content\/uploads\/2026\/02\/container-house-certificates-800x1088.jpg 800w\" sizes=\"auto, (max-width: 1470px) 100vw, 1470px\" \/><\/p>","protected":false},"featured_media":1870,"template":"","meta":[],"product_brand":[],"product_cat":[26],"product_tag":[],"class_list":{"0":"post-1852","1":"product","2":"type-product","3":"status-publish","4":"has-post-thumbnail","6":"product_cat-container-house","8":"first","9":"instock","10":"shipping-taxable","11":"product-type-simple"},"yoast_head":"<!-- This site is optimized with the Yoast SEO plugin v26.6 - https:\/\/yoast.com\/wordpress\/plugins\/seo\/ -->\n<title>Stacked shipping container house - container house manufacturer<\/title>\n<meta name=\"robots\" content=\"index, follow, max-snippet:-1, max-image-preview:large, max-video-preview:-1\" \/>\n<link rel=\"canonical\" href=\"https:\/\/www.gkcpro.com\/pt\/product\/stacked-shipping-container-house\/\" \/>\n<meta property=\"og:locale\" content=\"pt_BR\" \/>\n<meta property=\"og:type\" content=\"article\" \/>\n<meta property=\"og:title\" content=\"Stacked shipping container house - container house manufacturer\" \/>\n<meta property=\"og:url\" content=\"https:\/\/www.gkcpro.com\/pt\/product\/stacked-shipping-container-house\/\" \/>\n<meta property=\"og:site_name\" content=\"Container House Co., Ltd.\" \/>\n<meta property=\"article:modified_time\" content=\"2026-04-21T05:59:52+00:00\" \/>\n<meta property=\"og:image\" content=\"https:\/\/www.gkcpro.com\/wp-content\/uploads\/2026\/04\/stack-container.webp\" \/>\n\t<meta property=\"og:image:width\" content=\"1\" \/>\n\t<meta property=\"og:image:height\" content=\"1\" \/>\n\t<meta property=\"og:image:type\" content=\"image\/webp\" \/>\n<meta name=\"twitter:card\" content=\"summary_large_image\" \/>\n<meta name=\"twitter:label1\" content=\"Est. tempo de leitura\" \/>\n\t<meta name=\"twitter:data1\" content=\"4 minutos\" \/>\n<!-- \/ Yoast SEO plugin. -->","yoast_head_json":{"title":"Casa de cont\u00eaineres empilhados - fabricante de casas de cont\u00eaineres","robots":{"index":"index","follow":"follow","max-snippet":"max-snippet:-1","max-image-preview":"max-image-preview:large","max-video-preview":"max-video-preview:-1"},"canonical":"https:\/\/www.gkcpro.com\/pt\/product\/stacked-shipping-container-house\/","og_locale":"pt_BR","og_type":"article","og_title":"Stacked shipping container house - container house manufacturer","og_url":"https:\/\/www.gkcpro.com\/pt\/product\/stacked-shipping-container-house\/","og_site_name":"Container House Co., Ltd.","article_modified_time":"2026-04-21T05:59:52+00:00","og_image":[{"url":"https:\/\/www.gkcpro.com\/wp-content\/uploads\/2026\/04\/stack-container.webp","width":1,"height":1,"type":"image\/webp"}],"twitter_card":"summary_large_image","twitter_misc":{"Est. tempo de leitura":"4 minutos"},"schema":{"@context":"https:\/\/schema.org","@graph":[{"@type":"WebPage","@id":"https:\/\/www.gkcpro.com\/product\/stacked-shipping-container-house\/","url":"https:\/\/www.gkcpro.com\/product\/stacked-shipping-container-house\/","name":"Casa de cont\u00eaineres empilhados - fabricante de casas de cont\u00eaineres","isPartOf":{"@id":"https:\/\/www.gkcpro.com\/#website"},"primaryImageOfPage":{"@id":"https:\/\/www.gkcpro.com\/product\/stacked-shipping-container-house\/#primaryimage"},"image":{"@id":"https:\/\/www.gkcpro.com\/product\/stacked-shipping-container-house\/#primaryimage"},"thumbnailUrl":"https:\/\/www.gkcpro.com\/wp-content\/uploads\/2026\/04\/stack-container.webp","datePublished":"2026-04-21T05:57:15+00:00","dateModified":"2026-04-21T05:59:52+00:00","breadcrumb":{"@id":"https:\/\/www.gkcpro.com\/product\/stacked-shipping-container-house\/#breadcrumb"},"inLanguage":"pt-BR","potentialAction":[{"@type":"ReadAction","target":["https:\/\/www.gkcpro.com\/product\/stacked-shipping-container-house\/"]}]},{"@type":"ImageObject","inLanguage":"pt-BR","@id":"https:\/\/www.gkcpro.com\/product\/stacked-shipping-container-house\/#primaryimage","url":"https:\/\/www.gkcpro.com\/wp-content\/uploads\/2026\/04\/stack-container.webp","contentUrl":"https:\/\/www.gkcpro.com\/wp-content\/uploads\/2026\/04\/stack-container.webp","caption":"A large-scale stacked container house display showing multiple modular units securely connected vertically and horizontally, highlighting the precision-engineered corner castings and structural bracing."},{"@type":"BreadcrumbList","@id":"https:\/\/www.gkcpro.com\/product\/stacked-shipping-container-house\/#breadcrumb","itemListElement":[{"@type":"ListItem","position":1,"name":"\u9996\u9875","item":"https:\/\/www.gkcpro.com\/"},{"@type":"ListItem","position":2,"name":"Products","item":"https:\/\/www.gkcpro.com\/shop\/"},{"@type":"ListItem","position":3,"name":"Stacked shipping container house"}]},{"@type":"WebSite","@id":"https:\/\/www.gkcpro.com\/#website","url":"https:\/\/www.gkcpro.com\/","name":"Container House Co., Ltd.","description":"F\u00e1brica de Casas de Cont\u00eainer","potentialAction":[{"@type":"SearchAction","target":{"@type":"EntryPoint","urlTemplate":"https:\/\/www.gkcpro.com\/?s={search_term_string}"},"query-input":{"@type":"PropertyValueSpecification","valueRequired":true,"valueName":"search_term_string"}}],"inLanguage":"pt-BR"}]}},"_links":{"self":[{"href":"https:\/\/www.gkcpro.com\/pt\/wp-json\/wp\/v2\/product\/1852","targetHints":{"allow":["GET"]}}],"collection":[{"href":"https:\/\/www.gkcpro.com\/pt\/wp-json\/wp\/v2\/product"}],"about":[{"href":"https:\/\/www.gkcpro.com\/pt\/wp-json\/wp\/v2\/types\/product"}],"wp:featuredmedia":[{"embeddable":true,"href":"https:\/\/www.gkcpro.com\/pt\/wp-json\/wp\/v2\/media\/1870"}],"wp:attachment":[{"href":"https:\/\/www.gkcpro.com\/pt\/wp-json\/wp\/v2\/media?parent=1852"}],"wp:term":[{"taxonomy":"product_brand","embeddable":true,"href":"https:\/\/www.gkcpro.com\/pt\/wp-json\/wp\/v2\/product_brand?post=1852"},{"taxonomy":"product_cat","embeddable":true,"href":"https:\/\/www.gkcpro.com\/pt\/wp-json\/wp\/v2\/product_cat?post=1852"},{"taxonomy":"product_tag","embeddable":true,"href":"https:\/\/www.gkcpro.com\/pt\/wp-json\/wp\/v2\/product_tag?post=1852"}],"curies":[{"name":"wp","href":"https:\/\/api.w.org\/{rel}","templated":true}]}}