{"id":1095,"date":"2026-02-25T16:37:33","date_gmt":"2026-02-25T08:37:33","guid":{"rendered":"https:\/\/www.gkcpro.com\/?post_type=product&#038;p=1095"},"modified":"2026-03-02T11:17:23","modified_gmt":"2026-03-02T03:17:23","slug":"china-genset-container-for-exporting-support-oem-odm","status":"publish","type":"product","link":"https:\/\/www.gkcpro.com\/pt\/product\/china-genset-container-for-exporting-support-oem-odm\/","title":{"rendered":"Contentor Genset da China para exporta\u00e7\u00e3o - Suporte OEM ODM"},"content":{"rendered":"<h1 data-start=\"0\" data-end=\"52\"><strong data-start=\"0\" data-end=\"52\">Cont\u00eainer Gerador \u2013 Energia Confi\u00e1vel para Sua Carga<\/strong><\/h1>\n<p data-start=\"54\" data-end=\"461\">Quando se trata de transportar bens perec\u00edveis \u2013 sejam alimentos, medicamentos ou materiais sens\u00edveis \u2013 voc\u00ea n\u00e3o pode se dar ao luxo de comprometer a energia. \u00c9 a\u00ed que nossos <strong data-start=\"211\" data-end=\"232\">Cont\u00eaineres Geradores<\/strong>\u00a0entram em cena. Projetados para manter sua carga funcionando sem problemas, mesmo nos locais mais remotos ou desafiadores, nossos cont\u00eaineres oferecem uma fonte de energia eficiente e confi\u00e1vel que garante a integridade da sua cadeia de frio, independentemente da dist\u00e2ncia.<\/p>\n<h2 data-start=\"463\" data-end=\"500\"><strong data-start=\"463\" data-end=\"500\">Por Que Escolher Nosso Cont\u00eainer Gerador?<\/strong><\/h2>\n<ol data-start=\"501\" data-end=\"2614\">\n<li data-start=\"501\" data-end=\"957\">\n<p data-start=\"504\" data-end=\"957\"><strong data-start=\"504\" data-end=\"556\">Personalizado para Suas Necessidades com Capacidades OEM\/ODM<\/strong><br data-start=\"556\" data-end=\"559\" \/>Entendemos que cada cliente tem requisitos de energia \u00fanicos, e \u00e9 por isso que oferecemos <strong data-start=\"650\" data-end=\"674\">servi\u00e7os OEM e ODM<\/strong>. Seja qual for a sua necessidade \u2013 um cont\u00eainer gerador personalizado com dimens\u00f5es espec\u00edficas, pot\u00eancia de sa\u00edda ou recursos especiais \u2013 n\u00f3s temos a solu\u00e7\u00e3o. Com nossas capacidades de fabrica\u00e7\u00e3o flex\u00edveis, voc\u00ea pode ter um <strong data-start=\"883\" data-end=\"921\">cont\u00eainer gerador de 40 p\u00e9s<\/strong> constru\u00eddo de acordo com suas especifica\u00e7\u00f5es exatas.<\/p>\n<\/li>\n<li data-start=\"959\" data-end=\"1364\">\n<p data-start=\"962\" data-end=\"1364\"><strong data-start=\"962\" data-end=\"1001\">Energia Confi\u00e1vel para Locais Remotos<\/strong><br data-start=\"1001\" data-end=\"1004\" \/>Nossos cont\u00eaineres geradores s\u00e3o equipados com potentes <strong data-start=\"1056\" data-end=\"1081\">motores a diesel<\/strong>, capazes de fornecer energia cont\u00ednua por at\u00e9 5 dias sem necessidade de reabastecimento. Perfeitos para <strong data-start=\"1183\" data-end=\"1204\">cont\u00eaineres frigor\u00edficos<\/strong> em opera\u00e7\u00f5es de transporte mar\u00edtimo, ferrovi\u00e1rio ou rodovi\u00e1rio, essas unidades garantem que suas mercadorias permane\u00e7am na temperatura ideal, mesmo em \u00e1reas sem acesso a energia fixa.<\/p>\n<\/li>\n<li data-start=\"1366\" data-end=\"2283\">\n<p data-start=\"1369\" data-end=\"1398\"><strong data-start=\"1369\" data-end=\"1396\">Caracter\u00edsticas e Benef\u00edcios Principais<\/strong><\/p>\n<ul data-start=\"1402\" data-end=\"2283\">\n<li data-start=\"1402\" data-end=\"1549\">\n<p data-start=\"1404\" data-end=\"1549\"><strong data-start=\"1404\" data-end=\"1428\">Energia Aut\u00f4noma<\/strong>: Mantenha sua cadeia de frio intacta com um <strong data-start=\"1465\" data-end=\"1507\">motor gerador de 15 kW\u201430,1 cavalos de pot\u00eancia<\/strong> que fornece energia confi\u00e1vel e consistente.<\/p>\n<\/li>\n<li data-start=\"1553\" data-end=\"1841\">\n<p data-start=\"1555\" data-end=\"1841\"><strong data-start=\"1555\" data-end=\"1592\">Flexibilidade e F\u00e1cil Instala\u00e7\u00e3o<\/strong>: Escolha entre <strong data-start=\"1606\" data-end=\"1625\">geradores de encaixe<\/strong> que se montam facilmente na frente dos cont\u00eaineres frigor\u00edficos ou <strong data-start=\"1681\" data-end=\"1703\">geradores submontados<\/strong> que s\u00e3o fixados ao chassi do reboque para opera\u00e7\u00f5es rodovi\u00e1rias mais longas. Oferecemos flexibilidade para aplica\u00e7\u00f5es de curto e longo prazo.<\/p>\n<\/li>\n<li data-start=\"1845\" data-end=\"2054\">\n<p data-start=\"1847\" data-end=\"2054\"><strong data-start=\"1847\" data-end=\"1863\">Seguran\u00e7a em Primeiro Lugar<\/strong>: Equipados com <strong data-start=\"1879\" data-end=\"1911\">regula\u00e7\u00e3o autom\u00e1tica de tens\u00e3o<\/strong>, <strong data-start=\"1913\" data-end=\"1938\">, suportes antivibra\u00e7\u00e3o<\/strong>, e <strong data-start=\"1944\" data-end=\"1961\">e prote\u00e7\u00f5es de seguran\u00e7a<\/strong>, nossos cont\u00eaineres geradores s\u00e3o projetados para manter seu equipamento \u2013 e sua carga \u2013 seguros em todos os momentos.<\/p>\n<\/li>\n<li data-start=\"2058\" data-end=\"2283\">\n<p data-start=\"2060\" data-end=\"2283\"><strong data-start=\"2060\" data-end=\"2092\">Constru\u00eddo para Ambientes Hostis<\/strong>: Seja operando em locais de <strong data-start=\"2122\" data-end=\"2138\">alta temperatura ambiente<\/strong> TUV <strong data-start=\"2142\" data-end=\"2159\">ou de<\/strong> grande altitude.<\/p>\n<\/li>\n<\/ul>\n<\/li>\n<li data-start=\"2285\" data-end=\"2614\">\n<p data-start=\"2288\" data-end=\"2614\"><strong data-start=\"2288\" data-end=\"2315\">, nossos geradores s\u00e3o constru\u00eddos com estrutura robusta para suportar condi\u00e7\u00f5es adversas e fornecer desempenho ininterrupto.<\/strong><br data-start=\"2315\" data-end=\"2318\" \/>A Espinha Dorsal da Cadeia de Frio <strong data-start=\"2361\" data-end=\"2379\">Os cont\u00eaineres geradores s\u00e3o indispens\u00e1veis para as ind\u00fastrias de<\/strong>, e <strong data-start=\"2385\" data-end=\"2408\">transporte mar\u00edtimo, ferrovi\u00e1rio<\/strong>. e rodovi\u00e1rio <strong data-start=\"2444\" data-end=\"2458\">. Eles s\u00e3o projetados para sustentar a<\/strong> cadeia de frio <strong data-start=\"2497\" data-end=\"2528\">ao longo de toda a jornada, garantindo que a<\/strong> carga sens\u00edvel \u00e0 temperatura.<\/p>\n<\/li>\n<\/ol>\n<h2 data-start=\"2616\" data-end=\"2637\"><strong data-start=\"2616\" data-end=\"2637\">permane\u00e7a segura e vi\u00e1vel, mesmo quando a infraestrutura de energia est\u00e1 indispon\u00edvel ou \u00e9 pouco confi\u00e1vel.<\/strong><\/h2>\n<ul data-start=\"2638\" data-end=\"3347\">\n<li data-start=\"2638\" data-end=\"2856\">\n<p data-start=\"2640\" data-end=\"2856\"><strong data-start=\"2640\" data-end=\"2677\">Por Que Trabalhar Conosco?<\/strong>Expertise em Fabrica\u00e7\u00e3o Personalizada <strong data-start=\"2772\" data-end=\"2810\">: Com vasta experi\u00eancia em fornecer solu\u00e7\u00f5es de energia personalizadas, somos especializados na constru\u00e7\u00e3o de<\/strong> cont\u00eaineres geradores de alto desempenho.<\/p>\n<\/li>\n<li data-start=\"2857\" data-end=\"3093\">\n<p data-start=\"2859\" data-end=\"3093\"><strong data-start=\"2859\" data-end=\"2888\">adaptados \u00e0s necessidades exatas do seu neg\u00f3cio.<\/strong>Custo-Efetivo e Confi\u00e1vel <strong data-start=\"2946\" data-end=\"2969\">: Ao adquirir diretamente de nossa f\u00e1brica, voc\u00ea se beneficia de<\/strong> pre\u00e7os competitivos.<\/p>\n<\/li>\n<li data-start=\"3094\" data-end=\"3347\">\n<p data-start=\"3096\" data-end=\"3347\"><strong data-start=\"3096\" data-end=\"3123\">sem comprometer a qualidade. Oferecemos quantidades de pedido flex\u00edveis para atender suas necessidades, desde pequenas s\u00e9ries at\u00e9 produ\u00e7\u00e3o em massa.<\/strong>: Nossas <strong data-start=\"3129\" data-end=\"3156\">Entrega R\u00e1pida e Suporte<\/strong> Nossos cont\u00eaineres prontos para exporta\u00e7\u00e3o.<\/p>\n<\/li>\n<\/ul>\n<h2 data-start=\"3349\" data-end=\"3373\"><strong data-start=\"3349\" data-end=\"3371\">s\u00e3o projetados para envio r\u00e1pido, garantindo que seu cont\u00eainer gerador chegue at\u00e9 voc\u00ea de forma \u00e1gil e eficiente. Al\u00e9m disso, nossa equipe de suporte est\u00e1 sempre dispon\u00edvel para ajudar com qualquer d\u00favida que voc\u00ea possa ter.<\/strong><\/h2>\n<ul data-start=\"3374\" data-end=\"3721\">\n<li data-start=\"3374\" data-end=\"3415\">\n<p data-start=\"3376\" data-end=\"3415\"><strong data-start=\"3376\" data-end=\"3392\">Especifica\u00e7\u00f5es Principais<\/strong>Pot\u00eancia de Sa\u00edda<\/p>\n<\/li>\n<li data-start=\"3416\" data-end=\"3487\">\n<p data-start=\"3418\" data-end=\"3487\"><strong data-start=\"3418\" data-end=\"3436\">: 15 kW\u201430,1 cavalos de pot\u00eancia<\/strong>: Personaliz\u00e1vel, com op\u00e7\u00f5es como <strong data-start=\"3473\" data-end=\"3481\">40 p\u00e9s<\/strong> unidades<\/p>\n<\/li>\n<li data-start=\"3488\" data-end=\"3565\">\n<p data-start=\"3490\" data-end=\"3565\"><strong data-start=\"3490\" data-end=\"3509\">Efici\u00eancia de Combust\u00edvel<\/strong>: At\u00e9 5 dias de opera\u00e7\u00e3o cont\u00ednua sem reabastecimento<\/p>\n<\/li>\n<li data-start=\"3566\" data-end=\"3659\">\n<p data-start=\"3568\" data-end=\"3659\"><strong data-start=\"3568\" data-end=\"3587\">Recursos de Seguran\u00e7a<\/strong>: Regula\u00e7\u00e3o autom\u00e1tica de tens\u00e3o, suportes antivibra\u00e7\u00e3o e prote\u00e7\u00f5es de seguran\u00e7a<\/p>\n<\/li>\n<li data-start=\"3660\" data-end=\"3721\">\n<p data-start=\"3662\" data-end=\"3721\"><strong data-start=\"3662\" data-end=\"3676\">Durabilidade<\/strong>: Projetado para atuar em ambientes extremos<\/p>\n<\/li>\n<\/ul>\n<h3 data-start=\"3723\" data-end=\"3960\">Solicite um or\u00e7amento gratuito<\/h3>\n<p data-start=\"3723\" data-end=\"3960\" data-is-last-node=\"\" data-is-only-node=\"\">Pronto para energizar sua cadeia de frio? Explore nossas <strong data-start=\"3770\" data-end=\"3800\">solu\u00e7\u00f5es de cont\u00eaineres para grupos geradores<\/strong> hoje e deixe-nos ajud\u00e1-lo a encontrar a op\u00e7\u00e3o ideal para seu neg\u00f3cio. <strong data-start=\"3867\" data-end=\"3885\">Entre em contato conosco agora<\/strong> para um or\u00e7amento personalizado, e vamos come\u00e7ar sua solu\u00e7\u00e3o de energia sob medida.<\/p>","protected":false},"excerpt":{"rendered":"<p><img loading=\"lazy\" decoding=\"async\" class=\"alignnone size-full wp-image-1139\" src=\"https:\/\/www.gkcpro.com\/wp-content\/uploads\/2026\/02\/evaluate.jpg\" alt=\"Meus containers s\u00e3o exportados para muitos pa\u00edses; esta \u00e9 uma mostra dos depoimentos de nossos clientes.\" width=\"1000\" height=\"474\" srcset=\"https:\/\/www.gkcpro.com\/wp-content\/uploads\/2026\/02\/evaluate.jpg 1000w, https:\/\/www.gkcpro.com\/wp-content\/uploads\/2026\/02\/evaluate-300x142.jpg 300w, https:\/\/www.gkcpro.com\/wp-content\/uploads\/2026\/02\/evaluate-768x364.jpg 768w, https:\/\/www.gkcpro.com\/wp-content\/uploads\/2026\/02\/evaluate-18x9.jpg 18w, https:\/\/www.gkcpro.com\/wp-content\/uploads\/2026\/02\/evaluate-624x296.jpg 624w, https:\/\/www.gkcpro.com\/wp-content\/uploads\/2026\/02\/evaluate-800x379.jpg 800w\" sizes=\"auto, (max-width: 1000px) 100vw, 1000px\" \/><\/p>\n<p><img loading=\"lazy\" decoding=\"async\" class=\"alignnone size-full wp-image-1137\" src=\"https:\/\/www.gkcpro.com\/wp-content\/uploads\/2026\/02\/container-house-certificates.jpg\" alt=\"\" width=\"1470\" height=\"2000\" srcset=\"https:\/\/www.gkcpro.com\/wp-content\/uploads\/2026\/02\/container-house-certificates.jpg 1470w, https:\/\/www.gkcpro.com\/wp-content\/uploads\/2026\/02\/container-house-certificates-221x300.jpg 221w, https:\/\/www.gkcpro.com\/wp-content\/uploads\/2026\/02\/container-house-certificates-753x1024.jpg 753w, https:\/\/www.gkcpro.com\/wp-content\/uploads\/2026\/02\/container-house-certificates-768x1045.jpg 768w, https:\/\/www.gkcpro.com\/wp-content\/uploads\/2026\/02\/container-house-certificates-1129x1536.jpg 1129w, https:\/\/www.gkcpro.com\/wp-content\/uploads\/2026\/02\/container-house-certificates-9x12.jpg 9w, https:\/\/www.gkcpro.com\/wp-content\/uploads\/2026\/02\/container-house-certificates-624x849.jpg 624w, https:\/\/www.gkcpro.com\/wp-content\/uploads\/2026\/02\/container-house-certificates-800x1088.jpg 800w\" sizes=\"auto, (max-width: 1470px) 100vw, 1470px\" \/><\/p>","protected":false},"featured_media":1098,"template":"","meta":[],"product_brand":[],"product_cat":[54],"product_tag":[],"class_list":{"0":"post-1095","1":"product","2":"type-product","3":"status-publish","4":"has-post-thumbnail","6":"product_cat-special-container","8":"first","9":"instock","10":"shipping-taxable","11":"product-type-simple"},"yoast_head":"<!-- This site is optimized with the Yoast SEO plugin v26.6 - https:\/\/yoast.com\/wordpress\/plugins\/seo\/ -->\n<title>China Genset container for exporting-Support OEM ODM<\/title>\n<meta name=\"robots\" content=\"index, follow, max-snippet:-1, max-image-preview:large, max-video-preview:-1\" \/>\n<link rel=\"canonical\" href=\"https:\/\/www.gkcpro.com\/pt\/product\/china-genset-container-for-exporting-support-oem-odm\/\" \/>\n<meta property=\"og:locale\" content=\"pt_BR\" \/>\n<meta property=\"og:type\" content=\"article\" \/>\n<meta property=\"og:title\" content=\"China Genset container for exporting-Support OEM ODM\" \/>\n<meta property=\"og:url\" content=\"https:\/\/www.gkcpro.com\/pt\/product\/china-genset-container-for-exporting-support-oem-odm\/\" \/>\n<meta property=\"og:site_name\" content=\"Container House Co., Ltd.\" \/>\n<meta property=\"article:modified_time\" content=\"2026-03-02T03:17:23+00:00\" \/>\n<meta property=\"og:image\" content=\"https:\/\/www.gkcpro.com\/wp-content\/uploads\/2026\/02\/Genset-container.jpg\" \/>\n\t<meta property=\"og:image:width\" content=\"2451\" \/>\n\t<meta property=\"og:image:height\" content=\"1840\" \/>\n\t<meta property=\"og:image:type\" content=\"image\/jpeg\" \/>\n<meta name=\"twitter:card\" content=\"summary_large_image\" \/>\n<meta name=\"twitter:label1\" content=\"Est. tempo de leitura\" \/>\n\t<meta name=\"twitter:data1\" content=\"3 minutos\" \/>\n<script type=\"application\/ld+json\" class=\"yoast-schema-graph\">{\"@context\":\"https:\/\/schema.org\",\"@graph\":[{\"@type\":\"WebPage\",\"@id\":\"https:\/\/www.gkcpro.com\/product\/china-genset-container-for-exporting-support-oem-odm\/\",\"url\":\"https:\/\/www.gkcpro.com\/product\/china-genset-container-for-exporting-support-oem-odm\/\",\"name\":\"China Genset container for exporting-Support OEM ODM\",\"isPartOf\":{\"@id\":\"https:\/\/www.gkcpro.com\/#website\"},\"primaryImageOfPage\":{\"@id\":\"https:\/\/www.gkcpro.com\/product\/china-genset-container-for-exporting-support-oem-odm\/#primaryimage\"},\"image\":{\"@id\":\"https:\/\/www.gkcpro.com\/product\/china-genset-container-for-exporting-support-oem-odm\/#primaryimage\"},\"thumbnailUrl\":\"https:\/\/www.gkcpro.com\/wp-content\/uploads\/2026\/02\/Genset-container.jpg\",\"datePublished\":\"2026-02-25T08:37:33+00:00\",\"dateModified\":\"2026-03-02T03:17:23+00:00\",\"breadcrumb\":{\"@id\":\"https:\/\/www.gkcpro.com\/product\/china-genset-container-for-exporting-support-oem-odm\/#breadcrumb\"},\"inLanguage\":\"pt-BR\",\"potentialAction\":[{\"@type\":\"ReadAction\",\"target\":[\"https:\/\/www.gkcpro.com\/product\/china-genset-container-for-exporting-support-oem-odm\/\"]}]},{\"@type\":\"ImageObject\",\"inLanguage\":\"pt-BR\",\"@id\":\"https:\/\/www.gkcpro.com\/product\/china-genset-container-for-exporting-support-oem-odm\/#primaryimage\",\"url\":\"https:\/\/www.gkcpro.com\/wp-content\/uploads\/2026\/02\/Genset-container.jpg\",\"contentUrl\":\"https:\/\/www.gkcpro.com\/wp-content\/uploads\/2026\/02\/Genset-container.jpg\",\"width\":2451,\"height\":1840,\"caption\":\"This robust teal green genset container offers a weatherproof, secure enclosure for diesel generator sets, ensuring reliable power generation in demanding environments. Built with corrosion-resistant panels, a lockable single door for easy access and maintenance, and adjustable feet for stable placement on uneven ground. Ideal for construction sites, remote facilities, backup power systems, or industrial applications requiring protected genset installation.\"},{\"@type\":\"BreadcrumbList\",\"@id\":\"https:\/\/www.gkcpro.com\/product\/china-genset-container-for-exporting-support-oem-odm\/#breadcrumb\",\"itemListElement\":[{\"@type\":\"ListItem\",\"position\":1,\"name\":\"\u9996\u9875\",\"item\":\"https:\/\/www.gkcpro.com\/\"},{\"@type\":\"ListItem\",\"position\":2,\"name\":\"Products\",\"item\":\"https:\/\/www.gkcpro.com\/shop\/\"},{\"@type\":\"ListItem\",\"position\":3,\"name\":\"China Genset container for exporting-Support OEM ODM\"}]},{\"@type\":\"WebSite\",\"@id\":\"https:\/\/www.gkcpro.com\/#website\",\"url\":\"https:\/\/www.gkcpro.com\/\",\"name\":\"Container House Co., Ltd.\",\"description\":\"Container House factory\",\"potentialAction\":[{\"@type\":\"SearchAction\",\"target\":{\"@type\":\"EntryPoint\",\"urlTemplate\":\"https:\/\/www.gkcpro.com\/?s={search_term_string}\"},\"query-input\":{\"@type\":\"PropertyValueSpecification\",\"valueRequired\":true,\"valueName\":\"search_term_string\"}}],\"inLanguage\":\"pt-BR\"}]}<\/script>\n<!-- \/ Yoast SEO plugin. -->","yoast_head_json":{"title":"Contentor Genset da China para exporta\u00e7\u00e3o - Suporte OEM ODM","robots":{"index":"index","follow":"follow","max-snippet":"max-snippet:-1","max-image-preview":"max-image-preview:large","max-video-preview":"max-video-preview:-1"},"canonical":"https:\/\/www.gkcpro.com\/pt\/product\/china-genset-container-for-exporting-support-oem-odm\/","og_locale":"pt_BR","og_type":"article","og_title":"China Genset container for exporting-Support OEM ODM","og_url":"https:\/\/www.gkcpro.com\/pt\/product\/china-genset-container-for-exporting-support-oem-odm\/","og_site_name":"Container House Co., Ltd.","article_modified_time":"2026-03-02T03:17:23+00:00","og_image":[{"width":2451,"height":1840,"url":"https:\/\/www.gkcpro.com\/wp-content\/uploads\/2026\/02\/Genset-container.jpg","type":"image\/jpeg"}],"twitter_card":"summary_large_image","twitter_misc":{"Est. tempo de leitura":"3 minutos"},"schema":{"@context":"https:\/\/schema.org","@graph":[{"@type":"WebPage","@id":"https:\/\/www.gkcpro.com\/product\/china-genset-container-for-exporting-support-oem-odm\/","url":"https:\/\/www.gkcpro.com\/product\/china-genset-container-for-exporting-support-oem-odm\/","name":"Contentor Genset da China para exporta\u00e7\u00e3o - Suporte OEM ODM","isPartOf":{"@id":"https:\/\/www.gkcpro.com\/#website"},"primaryImageOfPage":{"@id":"https:\/\/www.gkcpro.com\/product\/china-genset-container-for-exporting-support-oem-odm\/#primaryimage"},"image":{"@id":"https:\/\/www.gkcpro.com\/product\/china-genset-container-for-exporting-support-oem-odm\/#primaryimage"},"thumbnailUrl":"https:\/\/www.gkcpro.com\/wp-content\/uploads\/2026\/02\/Genset-container.jpg","datePublished":"2026-02-25T08:37:33+00:00","dateModified":"2026-03-02T03:17:23+00:00","breadcrumb":{"@id":"https:\/\/www.gkcpro.com\/product\/china-genset-container-for-exporting-support-oem-odm\/#breadcrumb"},"inLanguage":"pt-BR","potentialAction":[{"@type":"ReadAction","target":["https:\/\/www.gkcpro.com\/product\/china-genset-container-for-exporting-support-oem-odm\/"]}]},{"@type":"ImageObject","inLanguage":"pt-BR","@id":"https:\/\/www.gkcpro.com\/product\/china-genset-container-for-exporting-support-oem-odm\/#primaryimage","url":"https:\/\/www.gkcpro.com\/wp-content\/uploads\/2026\/02\/Genset-container.jpg","contentUrl":"https:\/\/www.gkcpro.com\/wp-content\/uploads\/2026\/02\/Genset-container.jpg","width":2451,"height":1840,"caption":"This robust teal green genset container offers a weatherproof, secure enclosure for diesel generator sets, ensuring reliable power generation in demanding environments. Built with corrosion-resistant panels, a lockable single door for easy access and maintenance, and adjustable feet for stable placement on uneven ground. Ideal for construction sites, remote facilities, backup power systems, or industrial applications requiring protected genset installation."},{"@type":"BreadcrumbList","@id":"https:\/\/www.gkcpro.com\/product\/china-genset-container-for-exporting-support-oem-odm\/#breadcrumb","itemListElement":[{"@type":"ListItem","position":1,"name":"\u9996\u9875","item":"https:\/\/www.gkcpro.com\/"},{"@type":"ListItem","position":2,"name":"Products","item":"https:\/\/www.gkcpro.com\/shop\/"},{"@type":"ListItem","position":3,"name":"China Genset container for exporting-Support OEM ODM"}]},{"@type":"WebSite","@id":"https:\/\/www.gkcpro.com\/#website","url":"https:\/\/www.gkcpro.com\/","name":"Container House Co., Ltd.","description":"F\u00e1brica de Casas de Cont\u00eainer","potentialAction":[{"@type":"SearchAction","target":{"@type":"EntryPoint","urlTemplate":"https:\/\/www.gkcpro.com\/?s={search_term_string}"},"query-input":{"@type":"PropertyValueSpecification","valueRequired":true,"valueName":"search_term_string"}}],"inLanguage":"pt-BR"}]}},"_links":{"self":[{"href":"https:\/\/www.gkcpro.com\/pt\/wp-json\/wp\/v2\/product\/1095","targetHints":{"allow":["GET"]}}],"collection":[{"href":"https:\/\/www.gkcpro.com\/pt\/wp-json\/wp\/v2\/product"}],"about":[{"href":"https:\/\/www.gkcpro.com\/pt\/wp-json\/wp\/v2\/types\/product"}],"wp:featuredmedia":[{"embeddable":true,"href":"https:\/\/www.gkcpro.com\/pt\/wp-json\/wp\/v2\/media\/1098"}],"wp:attachment":[{"href":"https:\/\/www.gkcpro.com\/pt\/wp-json\/wp\/v2\/media?parent=1095"}],"wp:term":[{"taxonomy":"product_brand","embeddable":true,"href":"https:\/\/www.gkcpro.com\/pt\/wp-json\/wp\/v2\/product_brand?post=1095"},{"taxonomy":"product_cat","embeddable":true,"href":"https:\/\/www.gkcpro.com\/pt\/wp-json\/wp\/v2\/product_cat?post=1095"},{"taxonomy":"product_tag","embeddable":true,"href":"https:\/\/www.gkcpro.com\/pt\/wp-json\/wp\/v2\/product_tag?post=1095"}],"curies":[{"name":"wp","href":"https:\/\/api.w.org\/{rel}","templated":true}]}}