{"id":1090,"date":"2026-02-25T15:59:33","date_gmt":"2026-02-25T07:59:33","guid":{"rendered":"https:\/\/www.gkcpro.com\/?post_type=product&#038;p=1090"},"modified":"2026-03-02T11:18:06","modified_gmt":"2026-03-02T03:18:06","slug":"motorcycle-storage-container-for-wholesale","status":"publish","type":"product","link":"https:\/\/www.gkcpro.com\/pt\/product\/motorcycle-storage-container-for-wholesale\/","title":{"rendered":"Contentor de armazenamento para motocicletas para atacado"},"content":{"rendered":"<div class=\"flex flex-col text-sm pb-25\">\n<article class=\"text-token-text-primary w-full focus:outline-none [--shadow-height:45px] has-data-writing-block:pointer-events-none has-data-writing-block:-mt-(--shadow-height) has-data-writing-block:pt-(--shadow-height) [&amp;:has([data-writing-block])&gt;*]:pointer-events-auto scroll-mt-[calc(var(--header-height)+min(200px,max(70px,20svh)))]\" dir=\"auto\" tabindex=\"-1\" data-turn-id=\"request-WEB:d0aa988f-9249-4d7c-8ffd-62851c5cb263-1\" data-testid=\"conversation-turn-2\" data-scroll-anchor=\"true\" data-turn=\"assistant\">\n<div class=\"text-base my-auto mx-auto pb-10 [--thread-content-margin:--spacing(4)] @w-sm\/main:[--thread-content-margin:--spacing(6)] @w-lg\/main:[--thread-content-margin:--spacing(16)] px-(--thread-content-margin)\">\n<div class=\"[--thread-content-max-width:40rem] @w-lg\/main:[--thread-content-max-width:48rem] mx-auto max-w-(--thread-content-max-width) flex-1 group\/turn-messages focus-visible:outline-hidden relative flex w-full min-w-0 flex-col agent-turn\" tabindex=\"-1\">\n<div class=\"flex max-w-full flex-col grow\">\n<div class=\"min-h-8 text-message relative flex w-full flex-col items-end gap-2 text-start break-words whitespace-normal [.text-message+&amp;]:mt-1\" dir=\"auto\" data-message-author-role=\"assistant\" data-message-id=\"745a2cbb-0321-45c9-ad66-55f6140bf4e7\" data-message-model-slug=\"gpt-5-2\">\n<div class=\"flex w-full flex-col gap-1 empty:hidden first:pt-[1px]\">\n<div class=\"markdown prose dark:prose-invert w-full wrap-break-word light markdown-new-styling\">\n<h1 data-start=\"0\" data-end=\"66\"><strong data-start=\"0\" data-end=\"66\">Cont\u00eainer de Armazenamento para Motocicletas \u2013 Sua Solu\u00e7\u00e3o Segura e Eficiente<\/strong><\/h1>\n<p data-start=\"68\" data-end=\"341\">Procura uma solu\u00e7\u00e3o confi\u00e1vel e econ\u00f4mica para armazenar motocicletas e bicicletas em grande volume? Nossos <strong data-start=\"160\" data-end=\"193\">Cont\u00eaineres de Armazenamento para Motocicletas<\/strong>\u00a0s\u00e3o projetados para empresas, distribuidores e importadores que buscam adquirir unidades de armazenamento de alta qualidade diretamente de um fabricante chin\u00eas confi\u00e1vel.<\/p>\n<h2 data-start=\"343\" data-end=\"392\"><strong data-start=\"343\" data-end=\"392\">Por Que Escolher Nosso Cont\u00eainer de Armazenamento para Motocicletas?<\/strong><\/h2>\n<ol data-start=\"393\" data-end=\"2557\">\n<li data-start=\"393\" data-end=\"698\">\n<p data-start=\"396\" data-end=\"698\"><strong data-start=\"396\" data-end=\"428\">Design Dur\u00e1vel e Imperme\u00e1vel<\/strong><br data-start=\"428\" data-end=\"431\" \/>Constru\u00eddos para resistir a condi\u00e7\u00f5es clim\u00e1ticas extremas, nossos cont\u00eaineres s\u00e3o fabricados com materiais robustos para garantir prote\u00e7\u00e3o duradoura \u00e0s suas motocicletas e bicicletas. Seja para armazenamento interno ou externo, nossos cont\u00eaineres oferecem a seguran\u00e7a que voc\u00ea precisa.<\/p>\n<\/li>\n<li data-start=\"700\" data-end=\"1037\">\n<p data-start=\"703\" data-end=\"1037\"><strong data-start=\"703\" data-end=\"741\">Efici\u00eancia de Espa\u00e7o com Design Inteligente<\/strong><br data-start=\"741\" data-end=\"744\" \/>Nossos cont\u00eaineres est\u00e3o dispon\u00edveis em v\u00e1rios tamanhos, como o compacto <strong data-start=\"805\" data-end=\"823\">cont\u00eainer de 10 p\u00e9s<\/strong> perfeito para armazenar uma ou duas motocicletas, com espa\u00e7o suficiente para equipamentos adicionais. Com design modular, voc\u00ea pode desmontar e remontar facilmente a unidade de armazenamento para transporte e realoca\u00e7\u00e3o convenientes.<\/p>\n<\/li>\n<li data-start=\"1039\" data-end=\"1308\">\n<p data-start=\"1042\" data-end=\"1308\"><strong data-start=\"1042\" data-end=\"1072\">Op\u00e7\u00f5es Personaliz\u00e1veis e OEM<\/strong><br data-start=\"1072\" data-end=\"1075\" \/>Como fabricante especializado em solu\u00e7\u00f5es OEM, oferecemos produtos sob medida para atender \u00e0s suas necessidades espec\u00edficas. Escolha entre uma variedade de cores, configura\u00e7\u00f5es de porta e layouts internos para criar a configura\u00e7\u00e3o de armazenamento ideal para seus produtos.<\/p>\n<\/li>\n<li data-start=\"1310\" data-end=\"1638\">\n<p data-start=\"1313\" data-end=\"1638\"><strong data-start=\"1313\" data-end=\"1355\">Conformidade com Padr\u00f5es Internacionais<\/strong><br data-start=\"1355\" data-end=\"1358\" \/>Nossos cont\u00eaineres atendem aos padr\u00f5es de certifica\u00e7\u00e3o globais, como CE, ISO 9001 e outros, garantindo que seu produto esteja em conformidade com as regulamenta\u00e7\u00f5es exigidas em seu pa\u00eds. Seja para importa\u00e7\u00e3o para os EUA, Europa ou qualquer outro mercado, nossos cont\u00eaineres est\u00e3o prontos para exporta\u00e7\u00e3o.<\/p>\n<\/li>\n<li data-start=\"1640\" data-end=\"1961\">\n<p data-start=\"1643\" data-end=\"1961\"><strong data-start=\"1643\" data-end=\"1673\">Pedidos em Volume Custo-Eficazes<\/strong><br data-start=\"1673\" data-end=\"1676\" \/>Comprar diretamente de nossa f\u00e1brica oferece a vantagem de <strong data-start=\"1740\" data-end=\"1755\">custos reduzidos<\/strong> para pedidos em volume, sendo ideal para atacadistas, distribuidores ou empresas que desejam estocar grandes quantidades. Compare pre\u00e7os, MOQ e capacidades de produ\u00e7\u00e3o para encontrar a melhor oferta para seu neg\u00f3cio.<\/p>\n<\/li>\n<li data-start=\"1963\" data-end=\"2208\">\n<p data-start=\"1966\" data-end=\"2208\"><strong data-start=\"1966\" data-end=\"1996\">Envio R\u00e1pido e Confi\u00e1vel<\/strong><br data-start=\"1996\" data-end=\"1999\" \/>Nossos cont\u00eaineres s\u00e3o projetados para transporte e envio eficientes por mar ou terra, garantindo chegada segura e pontual. Oferecemos <strong data-start=\"2145\" data-end=\"2177\">servi\u00e7os de exporta\u00e7\u00e3o e envio confi\u00e1veis<\/strong> personalizados conforme seus requisitos.<\/p>\n<\/li>\n<li data-start=\"2210\" data-end=\"2557\">\n<p data-start=\"2213\" data-end=\"2240\"><strong data-start=\"2213\" data-end=\"2238\">Processo de Pedido Simples<\/strong><\/p>\n<ul data-start=\"2244\" data-end=\"2557\">\n<li data-start=\"2244\" data-end=\"2363\">\n<p data-start=\"2246\" data-end=\"2363\"><strong data-start=\"2246\" data-end=\"2276\">Navegue pelo Nosso Cat\u00e1logo de Produtos<\/strong>: Descubra uma ampla gama de cont\u00eaineres de armazenamento para motocicletas dispon\u00edveis para pedido imediato.<\/p>\n<\/li>\n<li data-start=\"2367\" data-end=\"2456\">\n<p data-start=\"2369\" data-end=\"2456\"><strong data-start=\"2369\" data-end=\"2394\">Solicite um Or\u00e7amento (RFQ)<\/strong>: Entre em contato para obter informa\u00e7\u00f5es personalizadas sobre pre\u00e7os e envio.<\/p>\n<\/li>\n<li data-start=\"2460\" data-end=\"2557\">\n<p data-start=\"2462\" data-end=\"2557\"><strong data-start=\"2462\" data-end=\"2478\">Pronto para Exporta\u00e7\u00e3o<\/strong>: Oferecemos suporte a envios internacionais e pedidos em volume com op\u00e7\u00f5es de personaliza\u00e7\u00e3o.<\/p>\n<\/li>\n<\/ul>\n<\/li>\n<\/ol>\n<h2 data-start=\"2559\" data-end=\"2582\"><strong data-start=\"2559\" data-end=\"2582\">Especifica\u00e7\u00f5es Principais:<\/strong><\/h2>\n<ul data-start=\"2583\" data-end=\"2817\">\n<li data-start=\"2583\" data-end=\"2646\">\n<p data-start=\"2585\" data-end=\"2646\"><strong data-start=\"2585\" data-end=\"2608\">Dimens\u00f5es Externas<\/strong>: 2808mm (C) x 1262mm (L) x 2048mm (A)<\/p>\n<\/li>\n<li data-start=\"2647\" data-end=\"2710\">\n<p data-start=\"2649\" data-end=\"2710\"><strong data-start=\"2649\" data-end=\"2672\">Dimens\u00f5es Internas<\/strong>: 2667mm (C) x 1166mm (L) x 1911mm (A)<\/p>\n<\/li>\n<li data-start=\"2711\" data-end=\"2754\">\n<p data-start=\"2713\" data-end=\"2754\"><strong data-start=\"2713\" data-end=\"2729\">Abertura da Porta<\/strong>: 1098mm (L) x 1820mm (A)<\/p>\n<\/li>\n<li data-start=\"2755\" data-end=\"2782\">\n<p data-start=\"2757\" data-end=\"2782\"><strong data-start=\"2757\" data-end=\"2775\">Capacidade C\u00fabica<\/strong>: 6,0m\u00b3<\/p>\n<\/li>\n<li data-start=\"2783\" data-end=\"2817\">\n<p data-start=\"2785\" data-end=\"2817\"><strong data-start=\"2785\" data-end=\"2795\">Peso<\/strong>: 530kg (Peso Bruto)<\/p>\n<\/li>\n<\/ul>\n<p data-start=\"2819\" data-end=\"3033\">Pronto para encontrar sua solu\u00e7\u00e3o de armazenamento para motocicletas? Navegue pelo nosso cat\u00e1logo, solicite um or\u00e7amento ou entre em contato diretamente para come\u00e7ar. Estamos aqui para ajud\u00e1-lo a adquirir as melhores unidades de armazenamento diretamente da <strong data-start=\"3014\" data-end=\"3032\">fonte \u2013 China<\/strong>.<\/p>\n<h3 data-start=\"3035\" data-end=\"3297\"><strong data-start=\"3035\" data-end=\"3056\">Entre em Contato Conosco Hoje!<\/strong><\/h3>\n<p data-start=\"3035\" data-end=\"3297\">Para consultas ou mais detalhes sobre cont\u00eaineres de armazenamento para motocicletas, sinta-se \u00e0 vontade para <strong data-start=\"3152\" data-end=\"3167\">enviar uma consulta<\/strong> ou contatar nossa equipe para assist\u00eancia. Garantimos um processo de pedido sem complica\u00e7\u00f5es, entrega r\u00e1pida e os mais altos padr\u00f5es de qualidade.<\/p>\n<\/div>\n<\/div>\n<\/div>\n<\/div>\n<div class=\"z-0 flex min-h-[46px] justify-start\"><\/div>\n<div class=\"mt-3 w-full empty:hidden\">\n<div class=\"text-center\"><\/div>\n<\/div>\n<\/div>\n<\/div>\n<\/article>\n<\/div>\n<div class=\"pointer-events-none h-px w-px absolute bottom-0\" aria-hidden=\"true\" data-edge=\"true\"><\/div>","protected":false},"excerpt":{"rendered":"<p><img loading=\"lazy\" decoding=\"async\" class=\"alignnone size-full wp-image-1139\" src=\"https:\/\/www.gkcpro.com\/wp-content\/uploads\/2026\/02\/evaluate.jpg\" alt=\"Meus containers s\u00e3o exportados para muitos pa\u00edses; esta \u00e9 uma mostra dos depoimentos de nossos clientes.\" width=\"1000\" height=\"474\" srcset=\"https:\/\/www.gkcpro.com\/wp-content\/uploads\/2026\/02\/evaluate.jpg 1000w, https:\/\/www.gkcpro.com\/wp-content\/uploads\/2026\/02\/evaluate-300x142.jpg 300w, https:\/\/www.gkcpro.com\/wp-content\/uploads\/2026\/02\/evaluate-768x364.jpg 768w, https:\/\/www.gkcpro.com\/wp-content\/uploads\/2026\/02\/evaluate-18x9.jpg 18w, https:\/\/www.gkcpro.com\/wp-content\/uploads\/2026\/02\/evaluate-624x296.jpg 624w, https:\/\/www.gkcpro.com\/wp-content\/uploads\/2026\/02\/evaluate-800x379.jpg 800w\" sizes=\"auto, (max-width: 1000px) 100vw, 1000px\" \/><\/p>\n<p><img loading=\"lazy\" decoding=\"async\" class=\"alignnone size-full wp-image-1137\" src=\"https:\/\/www.gkcpro.com\/wp-content\/uploads\/2026\/02\/container-house-certificates.jpg\" alt=\"\" width=\"1470\" height=\"2000\" srcset=\"https:\/\/www.gkcpro.com\/wp-content\/uploads\/2026\/02\/container-house-certificates.jpg 1470w, https:\/\/www.gkcpro.com\/wp-content\/uploads\/2026\/02\/container-house-certificates-221x300.jpg 221w, https:\/\/www.gkcpro.com\/wp-content\/uploads\/2026\/02\/container-house-certificates-753x1024.jpg 753w, https:\/\/www.gkcpro.com\/wp-content\/uploads\/2026\/02\/container-house-certificates-768x1045.jpg 768w, https:\/\/www.gkcpro.com\/wp-content\/uploads\/2026\/02\/container-house-certificates-1129x1536.jpg 1129w, https:\/\/www.gkcpro.com\/wp-content\/uploads\/2026\/02\/container-house-certificates-9x12.jpg 9w, https:\/\/www.gkcpro.com\/wp-content\/uploads\/2026\/02\/container-house-certificates-624x849.jpg 624w, https:\/\/www.gkcpro.com\/wp-content\/uploads\/2026\/02\/container-house-certificates-800x1088.jpg 800w\" sizes=\"auto, (max-width: 1470px) 100vw, 1470px\" \/><\/p>","protected":false},"featured_media":1091,"template":"","meta":[],"product_brand":[],"product_cat":[54],"product_tag":[],"class_list":{"0":"post-1090","1":"product","2":"type-product","3":"status-publish","4":"has-post-thumbnail","6":"product_cat-special-container","8":"first","9":"instock","10":"shipping-taxable","11":"product-type-simple"},"yoast_head":"<!-- This site is optimized with the Yoast SEO plugin v26.6 - https:\/\/yoast.com\/wordpress\/plugins\/seo\/ -->\n<title>Motorcycle storage container for wholesale - china container factory<\/title>\n<meta name=\"robots\" content=\"index, follow, max-snippet:-1, max-image-preview:large, max-video-preview:-1\" \/>\n<link rel=\"canonical\" href=\"https:\/\/www.gkcpro.com\/pt\/product\/motorcycle-storage-container-for-wholesale\/\" \/>\n<meta property=\"og:locale\" content=\"pt_BR\" \/>\n<meta property=\"og:type\" content=\"article\" \/>\n<meta property=\"og:title\" content=\"Motorcycle storage container for wholesale - china container factory\" \/>\n<meta property=\"og:url\" content=\"https:\/\/www.gkcpro.com\/pt\/product\/motorcycle-storage-container-for-wholesale\/\" \/>\n<meta property=\"og:site_name\" content=\"Container House Co., Ltd.\" \/>\n<meta property=\"article:modified_time\" content=\"2026-03-02T03:18:06+00:00\" \/>\n<meta property=\"og:image\" content=\"https:\/\/www.gkcpro.com\/wp-content\/uploads\/2026\/02\/\u4e3b\u56fe-01_\u526f\u672c.jpg\" \/>\n\t<meta property=\"og:image:width\" content=\"800\" \/>\n\t<meta property=\"og:image:height\" content=\"800\" \/>\n\t<meta property=\"og:image:type\" content=\"image\/jpeg\" \/>\n<meta name=\"twitter:card\" content=\"summary_large_image\" \/>\n<meta name=\"twitter:label1\" content=\"Est. tempo de leitura\" \/>\n\t<meta name=\"twitter:data1\" content=\"3 minutos\" \/>\n<script type=\"application\/ld+json\" class=\"yoast-schema-graph\">{\"@context\":\"https:\/\/schema.org\",\"@graph\":[{\"@type\":\"WebPage\",\"@id\":\"https:\/\/www.gkcpro.com\/product\/motorcycle-storage-container-for-wholesale\/\",\"url\":\"https:\/\/www.gkcpro.com\/product\/motorcycle-storage-container-for-wholesale\/\",\"name\":\"Motorcycle storage container for wholesale - china container factory\",\"isPartOf\":{\"@id\":\"https:\/\/www.gkcpro.com\/#website\"},\"primaryImageOfPage\":{\"@id\":\"https:\/\/www.gkcpro.com\/product\/motorcycle-storage-container-for-wholesale\/#primaryimage\"},\"image\":{\"@id\":\"https:\/\/www.gkcpro.com\/product\/motorcycle-storage-container-for-wholesale\/#primaryimage\"},\"thumbnailUrl\":\"https:\/\/www.gkcpro.com\/wp-content\/uploads\/2026\/02\/\u4e3b\u56fe-01_\u526f\u672c.jpg\",\"datePublished\":\"2026-02-25T07:59:33+00:00\",\"dateModified\":\"2026-03-02T03:18:06+00:00\",\"breadcrumb\":{\"@id\":\"https:\/\/www.gkcpro.com\/product\/motorcycle-storage-container-for-wholesale\/#breadcrumb\"},\"inLanguage\":\"pt-BR\",\"potentialAction\":[{\"@type\":\"ReadAction\",\"target\":[\"https:\/\/www.gkcpro.com\/product\/motorcycle-storage-container-for-wholesale\/\"]}]},{\"@type\":\"ImageObject\",\"inLanguage\":\"pt-BR\",\"@id\":\"https:\/\/www.gkcpro.com\/product\/motorcycle-storage-container-for-wholesale\/#primaryimage\",\"url\":\"https:\/\/www.gkcpro.com\/wp-content\/uploads\/2026\/02\/\u4e3b\u56fe-01_\u526f\u672c.jpg\",\"contentUrl\":\"https:\/\/www.gkcpro.com\/wp-content\/uploads\/2026\/02\/\u4e3b\u56fe-01_\u526f\u672c.jpg\",\"width\":800,\"height\":800,\"caption\":\"This durable green motorcycle storage container provides weatherproof, lockable protection for your motorcycle, dirt bike, or scooter. Featuring corrosion-resistant metal construction, a sturdy single door with secure latches, and adjustable leveling feet for stable installation on uneven surfaces. Perfect for homeowners, workshops, or commercial use needing compact, portable outdoor storage without a full garage.\"},{\"@type\":\"BreadcrumbList\",\"@id\":\"https:\/\/www.gkcpro.com\/product\/motorcycle-storage-container-for-wholesale\/#breadcrumb\",\"itemListElement\":[{\"@type\":\"ListItem\",\"position\":1,\"name\":\"\u9996\u9875\",\"item\":\"https:\/\/www.gkcpro.com\/\"},{\"@type\":\"ListItem\",\"position\":2,\"name\":\"Products\",\"item\":\"https:\/\/www.gkcpro.com\/shop\/\"},{\"@type\":\"ListItem\",\"position\":3,\"name\":\"Motorcycle storage container for wholesale\"}]},{\"@type\":\"WebSite\",\"@id\":\"https:\/\/www.gkcpro.com\/#website\",\"url\":\"https:\/\/www.gkcpro.com\/\",\"name\":\"Container House Co., Ltd.\",\"description\":\"Container House factory\",\"potentialAction\":[{\"@type\":\"SearchAction\",\"target\":{\"@type\":\"EntryPoint\",\"urlTemplate\":\"https:\/\/www.gkcpro.com\/?s={search_term_string}\"},\"query-input\":{\"@type\":\"PropertyValueSpecification\",\"valueRequired\":true,\"valueName\":\"search_term_string\"}}],\"inLanguage\":\"pt-BR\"}]}<\/script>\n<!-- \/ Yoast SEO plugin. -->","yoast_head_json":{"title":"Recipiente de armazenamento para motocicletas para atacado - f\u00e1brica de cont\u00eaineres da China","robots":{"index":"index","follow":"follow","max-snippet":"max-snippet:-1","max-image-preview":"max-image-preview:large","max-video-preview":"max-video-preview:-1"},"canonical":"https:\/\/www.gkcpro.com\/pt\/product\/motorcycle-storage-container-for-wholesale\/","og_locale":"pt_BR","og_type":"article","og_title":"Motorcycle storage container for wholesale - china container factory","og_url":"https:\/\/www.gkcpro.com\/pt\/product\/motorcycle-storage-container-for-wholesale\/","og_site_name":"Container House Co., Ltd.","article_modified_time":"2026-03-02T03:18:06+00:00","og_image":[{"width":800,"height":800,"url":"https:\/\/www.gkcpro.com\/wp-content\/uploads\/2026\/02\/\u4e3b\u56fe-01_\u526f\u672c.jpg","type":"image\/jpeg"}],"twitter_card":"summary_large_image","twitter_misc":{"Est. tempo de leitura":"3 minutos"},"schema":{"@context":"https:\/\/schema.org","@graph":[{"@type":"WebPage","@id":"https:\/\/www.gkcpro.com\/product\/motorcycle-storage-container-for-wholesale\/","url":"https:\/\/www.gkcpro.com\/product\/motorcycle-storage-container-for-wholesale\/","name":"Recipiente de armazenamento para motocicletas para atacado - f\u00e1brica de cont\u00eaineres da China","isPartOf":{"@id":"https:\/\/www.gkcpro.com\/#website"},"primaryImageOfPage":{"@id":"https:\/\/www.gkcpro.com\/product\/motorcycle-storage-container-for-wholesale\/#primaryimage"},"image":{"@id":"https:\/\/www.gkcpro.com\/product\/motorcycle-storage-container-for-wholesale\/#primaryimage"},"thumbnailUrl":"https:\/\/www.gkcpro.com\/wp-content\/uploads\/2026\/02\/\u4e3b\u56fe-01_\u526f\u672c.jpg","datePublished":"2026-02-25T07:59:33+00:00","dateModified":"2026-03-02T03:18:06+00:00","breadcrumb":{"@id":"https:\/\/www.gkcpro.com\/product\/motorcycle-storage-container-for-wholesale\/#breadcrumb"},"inLanguage":"pt-BR","potentialAction":[{"@type":"ReadAction","target":["https:\/\/www.gkcpro.com\/product\/motorcycle-storage-container-for-wholesale\/"]}]},{"@type":"ImageObject","inLanguage":"pt-BR","@id":"https:\/\/www.gkcpro.com\/product\/motorcycle-storage-container-for-wholesale\/#primaryimage","url":"https:\/\/www.gkcpro.com\/wp-content\/uploads\/2026\/02\/\u4e3b\u56fe-01_\u526f\u672c.jpg","contentUrl":"https:\/\/www.gkcpro.com\/wp-content\/uploads\/2026\/02\/\u4e3b\u56fe-01_\u526f\u672c.jpg","width":800,"height":800,"caption":"This durable green motorcycle storage container provides weatherproof, lockable protection for your motorcycle, dirt bike, or scooter. Featuring corrosion-resistant metal construction, a sturdy single door with secure latches, and adjustable leveling feet for stable installation on uneven surfaces. Perfect for homeowners, workshops, or commercial use needing compact, portable outdoor storage without a full garage."},{"@type":"BreadcrumbList","@id":"https:\/\/www.gkcpro.com\/product\/motorcycle-storage-container-for-wholesale\/#breadcrumb","itemListElement":[{"@type":"ListItem","position":1,"name":"\u9996\u9875","item":"https:\/\/www.gkcpro.com\/"},{"@type":"ListItem","position":2,"name":"Products","item":"https:\/\/www.gkcpro.com\/shop\/"},{"@type":"ListItem","position":3,"name":"Motorcycle storage container for wholesale"}]},{"@type":"WebSite","@id":"https:\/\/www.gkcpro.com\/#website","url":"https:\/\/www.gkcpro.com\/","name":"Container House Co., Ltd.","description":"F\u00e1brica de Casas de Cont\u00eainer","potentialAction":[{"@type":"SearchAction","target":{"@type":"EntryPoint","urlTemplate":"https:\/\/www.gkcpro.com\/?s={search_term_string}"},"query-input":{"@type":"PropertyValueSpecification","valueRequired":true,"valueName":"search_term_string"}}],"inLanguage":"pt-BR"}]}},"_links":{"self":[{"href":"https:\/\/www.gkcpro.com\/pt\/wp-json\/wp\/v2\/product\/1090","targetHints":{"allow":["GET"]}}],"collection":[{"href":"https:\/\/www.gkcpro.com\/pt\/wp-json\/wp\/v2\/product"}],"about":[{"href":"https:\/\/www.gkcpro.com\/pt\/wp-json\/wp\/v2\/types\/product"}],"wp:featuredmedia":[{"embeddable":true,"href":"https:\/\/www.gkcpro.com\/pt\/wp-json\/wp\/v2\/media\/1091"}],"wp:attachment":[{"href":"https:\/\/www.gkcpro.com\/pt\/wp-json\/wp\/v2\/media?parent=1090"}],"wp:term":[{"taxonomy":"product_brand","embeddable":true,"href":"https:\/\/www.gkcpro.com\/pt\/wp-json\/wp\/v2\/product_brand?post=1090"},{"taxonomy":"product_cat","embeddable":true,"href":"https:\/\/www.gkcpro.com\/pt\/wp-json\/wp\/v2\/product_cat?post=1090"},{"taxonomy":"product_tag","embeddable":true,"href":"https:\/\/www.gkcpro.com\/pt\/wp-json\/wp\/v2\/product_tag?post=1090"}],"curies":[{"name":"wp","href":"https:\/\/api.w.org\/{rel}","templated":true}]}}