{"id":1022,"date":"2026-02-10T10:47:11","date_gmt":"2026-02-10T02:47:11","guid":{"rendered":"https:\/\/www.gkcpro.com\/?post_type=product&#038;p=1022"},"modified":"2026-03-02T11:19:19","modified_gmt":"2026-03-02T03:19:19","slug":"10ft-storage-container-oem-odm-support","status":"publish","type":"product","link":"https:\/\/www.gkcpro.com\/pt\/product\/10ft-storage-container-oem-odm-support\/","title":{"rendered":"Contentor de Armazenamento de 10 p\u00e9s \/ Suporte OEM ODM"},"content":{"rendered":"<div class=\"flex flex-col text-sm pb-25\">\n<article class=\"text-token-text-primary w-full focus:outline-none [--shadow-height:45px] has-data-writing-block:pointer-events-none has-data-writing-block:-mt-(--shadow-height) has-data-writing-block:pt-(--shadow-height) [&amp;:has([data-writing-block])&gt;*]:pointer-events-auto [content-visibility:auto] supports-[content-visibility:auto]:[contain-intrinsic-size:auto_100lvh] scroll-mt-[calc(var(--header-height)+min(200px,max(70px,20svh)))]\" dir=\"auto\" tabindex=\"-1\" data-turn-id=\"25060405-75fc-4a70-9ba8-9b7f69246fc9\" data-testid=\"conversation-turn-219\" data-scroll-anchor=\"true\" data-turn=\"assistant\">\n<div class=\"text-base my-auto mx-auto pb-10 [--thread-content-margin:--spacing(4)] @w-sm\/main:[--thread-content-margin:--spacing(6)] @w-lg\/main:[--thread-content-margin:--spacing(16)] px-(--thread-content-margin)\">\n<div class=\"[--thread-content-max-width:40rem] @w-lg\/main:[--thread-content-max-width:48rem] mx-auto max-w-(--thread-content-max-width) flex-1 group\/turn-messages focus-visible:outline-hidden relative flex w-full min-w-0 flex-col agent-turn\" tabindex=\"-1\">\n<div class=\"flex max-w-full flex-col grow\">\n<div class=\"min-h-8 text-message relative flex w-full flex-col items-end gap-2 text-start break-words whitespace-normal [.text-message+&amp;]:mt-1\" dir=\"auto\" data-message-author-role=\"assistant\" data-message-id=\"f9387e06-27b3-4117-88a8-17abcf513fe2\" data-message-model-slug=\"gpt-5-2\">\n<div class=\"flex w-full flex-col gap-1 empty:hidden first:pt-[1px]\">\n<div class=\"markdown prose dark:prose-invert w-full wrap-break-word light markdown-new-styling\">\n<h1 data-start=\"0\" data-end=\"45\">Contentor de Armazenamento de 10 p\u00e9s Fabricado pela F\u00e1brica<\/h1>\n<p data-start=\"47\" data-end=\"290\">A <strong data-start=\"49\" data-end=\"75\">Contentor de Armazenamento de 10 p\u00e9s<\/strong> \u00c9 uma pequena caixa de a\u00e7o que mant\u00e9m os objetos seguros, secos e de f\u00e1cil acesso.<br data-start=\"144\" data-end=\"147\" \/>Fabricamos este contentor na nossa pr\u00f3pria f\u00e1brica, utilizando a\u00e7o resistente e um design inteligente. \u00c9 pequeno, mas robusto para ferramentas, equipamentos e stock.<\/p>\n<hr data-start=\"292\" data-end=\"295\" \/>\n<h2 data-start=\"297\" data-end=\"345\">O que \u00e9 um Contentor de Armazenamento de 10 p\u00e9s?<\/h2>\n<p data-start=\"347\" data-end=\"374\">Imagine uma pequena sala de a\u00e7o.<\/p>\n<ul data-start=\"376\" data-end=\"428\">\n<li data-start=\"376\" data-end=\"392\">\n<p data-start=\"378\" data-end=\"392\">Comprimento reduzido<\/p>\n<\/li>\n<li data-start=\"393\" data-end=\"409\">\n<p data-start=\"395\" data-end=\"409\">Paredes resistentes<\/p>\n<\/li>\n<li data-start=\"410\" data-end=\"428\">\n<p data-start=\"412\" data-end=\"428\">Portas com fechadura<\/p>\n<\/li>\n<\/ul>\n<p data-start=\"430\" data-end=\"539\">Este contentor de armazenamento compacto cabe onde o espa\u00e7o \u00e9 limitado. \u00c9 f\u00e1cil de posicionar, f\u00e1cil de usar e f\u00e1cil de mover.<\/p>\n<hr data-start=\"541\" data-end=\"544\" \/>\n<h2 data-start=\"546\" data-end=\"576\">Fabricado por um Verdadeiro Fabricante<\/h2>\n<p data-start=\"578\" data-end=\"626\">N\u00e3o somos uma empresa de aluguer.<br data-start=\"606\" data-end=\"609\" \/>Somos o fabricante.<\/p>\n<p data-start=\"628\" data-end=\"643\">Na nossa f\u00e1brica:<\/p>\n<ul data-start=\"644\" data-end=\"782\">\n<li data-start=\"644\" data-end=\"679\">\n<p data-start=\"646\" data-end=\"679\">As chapas de a\u00e7o s\u00e3o cortadas e moldadas<\/p>\n<\/li>\n<li data-start=\"680\" data-end=\"713\">\n<p data-start=\"682\" data-end=\"713\">As estruturas s\u00e3o soldadas num s\u00f3 corpo<\/p>\n<\/li>\n<li data-start=\"714\" data-end=\"747\">\n<p data-start=\"716\" data-end=\"747\">As portas e fechaduras s\u00e3o instaladas<\/p>\n<\/li>\n<li data-start=\"748\" data-end=\"782\">\n<p data-start=\"750\" data-end=\"782\">Podem ser adicionadas e testadas rodas<\/p>\n<\/li>\n<\/ul>\n<p data-start=\"784\" data-end=\"804\">\ud83d\udcca <strong data-start=\"787\" data-end=\"803\">Dados da f\u00e1brica<\/strong>:<\/p>\n<ul data-start=\"805\" data-end=\"920\">\n<li data-start=\"805\" data-end=\"834\">\n<p data-start=\"807\" data-end=\"834\">Espessura do a\u00e7o: calibre 14<\/p>\n<\/li>\n<li data-start=\"835\" data-end=\"866\">\n<p data-start=\"837\" data-end=\"866\">Dimens\u00f5es: 10 p\u00e9s \u00d7 8 p\u00e9s \u00d7 8,5 p\u00e9s<\/p>\n<\/li>\n<li data-start=\"867\" data-end=\"892\">\n<p data-start=\"869\" data-end=\"892\">Tempo de fabrico: 7\u201310 dias<\/p>\n<\/li>\n<li data-start=\"893\" data-end=\"920\">\n<p data-start=\"895\" data-end=\"920\">Vida \u00fatil: 15+ anos<\/p>\n<\/li>\n<\/ul>\n<p data-start=\"922\" data-end=\"963\">Isto garante uma qualidade est\u00e1vel para cada unidade.<\/p>\n<hr data-start=\"965\" data-end=\"968\" \/>\n<h2 data-start=\"970\" data-end=\"1003\">Porque as Rodas s\u00e3o uma Grande Vantagem<\/h2>\n<p data-start=\"1005\" data-end=\"1082\">Um contentor normal fica num s\u00f3 local.<br data-start=\"1042\" data-end=\"1045\" \/>Um contentor de armazenamento com rodas pode ser movido.<\/p>\n<p data-start=\"1084\" data-end=\"1096\">Com rodas:<\/p>\n<ul data-start=\"1097\" data-end=\"1235\">\n<li data-start=\"1097\" data-end=\"1130\">\n<p data-start=\"1099\" data-end=\"1130\">Uma ou duas pessoas podem mov\u00ea-lo<\/p>\n<\/li>\n<li data-start=\"1131\" data-end=\"1169\">\n<p data-start=\"1133\" data-end=\"1169\">N\u00e3o \u00e9 necess\u00e1rio empilhador para movimentos curtos<\/p>\n<\/li>\n<li data-start=\"1170\" data-end=\"1205\">\n<p data-start=\"1172\" data-end=\"1205\">F\u00e1cil de alterar a posi\u00e7\u00e3o no local<\/p>\n<\/li>\n<li data-start=\"1206\" data-end=\"1235\">\n<p data-start=\"1208\" data-end=\"1235\">Poupa tempo e custos de m\u00e3o de obra<\/p>\n<\/li>\n<\/ul>\n<p data-start=\"1237\" data-end=\"1279\">Isto torna-o perfeito para \u00e1reas de trabalho movimentadas.<\/p>\n<hr data-start=\"1281\" data-end=\"1284\" \/>\n<h2 data-start=\"1286\" data-end=\"1312\">Armazenamento Resistente e Seguro<\/h2>\n<p data-start=\"1314\" data-end=\"1381\">O corpo em a\u00e7o \u00e9 resistente \u00e0s intemp\u00e9ries.<br data-start=\"1345\" data-end=\"1348\" \/>A chuva fica fora.<br data-start=\"1363\" data-end=\"1366\" \/>Mant\u00e9m a poeira fora.<\/p>\n<p data-start=\"1383\" data-end=\"1481\">No interior, utilizamos fechadura de haste de came para maior seguran\u00e7a.<br data-start=\"1434\" data-end=\"1437\" \/>As ferramentas e equipamentos permanecem seguros dia e noite.<\/p>\n<hr data-start=\"1483\" data-end=\"1486\" \/>\n<h2 data-start=\"1488\" data-end=\"1522\">Op\u00e7\u00f5es Personalizadas da F\u00e1brica<\/h2>\n<p data-start=\"1524\" data-end=\"1535\">Podemos adicionar:<\/p>\n<ul data-start=\"1536\" data-end=\"1612\">\n<li data-start=\"1536\" data-end=\"1547\">\n<p data-start=\"1538\" data-end=\"1547\">Prateleiras<\/p>\n<\/li>\n<li data-start=\"1548\" data-end=\"1561\">\n<p data-start=\"1550\" data-end=\"1561\">Aberturas de ventila\u00e7\u00e3o<\/p>\n<\/li>\n<li data-start=\"1562\" data-end=\"1576\">\n<p data-start=\"1564\" data-end=\"1576\">Luzes LED<\/p>\n<\/li>\n<li data-start=\"1577\" data-end=\"1591\">\n<p data-start=\"1579\" data-end=\"1591\">Isolamento<\/p>\n<\/li>\n<li data-start=\"1592\" data-end=\"1612\">\n<p data-start=\"1594\" data-end=\"1612\">Divis\u00f3rias internas<\/p>\n<\/li>\n<\/ul>\n<p data-start=\"1614\" data-end=\"1670\">Cada pequeno contentor de armazenamento \u00e9 constru\u00eddo para corresponder ao uso real.<\/p>\n<hr data-start=\"1672\" data-end=\"1675\" \/>\n<h2 data-start=\"1677\" data-end=\"1696\">Onde \u00e9 Utilizado<\/h2>\n<p data-start=\"1698\" data-end=\"1738\">Os compradores utilizam este mini contentor de a\u00e7o em:<\/p>\n<ul data-start=\"1739\" data-end=\"1821\">\n<li data-start=\"1739\" data-end=\"1761\">\n<p data-start=\"1741\" data-end=\"1761\">Canteiros de obras<\/p>\n<\/li>\n<li data-start=\"1762\" data-end=\"1779\">\n<p data-start=\"1764\" data-end=\"1779\">Lojas de retalho<\/p>\n<\/li>\n<li data-start=\"1780\" data-end=\"1793\">\n<p data-start=\"1782\" data-end=\"1793\">Hospitais<\/p>\n<\/li>\n<li data-start=\"1794\" data-end=\"1821\">\n<p data-start=\"1796\" data-end=\"1821\">F\u00e1bricas e oficinas<\/p>\n<\/li>\n<\/ul>\n<p data-start=\"1823\" data-end=\"1870\">Funciona bem para armazenamento de carga ligeira a m\u00e9dia.<\/p>\n<hr data-start=\"1872\" data-end=\"1875\" \/>\n<h2 data-start=\"1877\" data-end=\"1891\">Palavras Finais<\/h2>\n<p data-start=\"1893\" data-end=\"2049\">A <strong data-start=\"1895\" data-end=\"1921\">Contentor de Armazenamento de 10 p\u00e9s<\/strong> \u00c9 pequeno, resistente e inteligente \u2014 especialmente com rodas.<br data-start=\"1973\" data-end=\"1976\" \/>Como fabricante, constru\u00edmo-lo para trabalho real, locais reais e utilizadores reais.<\/p>\n<p data-start=\"2051\" data-end=\"2167\" data-is-last-node=\"\" data-is-only-node=\"\">Se necessita de um contentor de armazenamento dur\u00e1vel e f\u00e1cil de mover, <strong data-start=\"2087\" data-end=\"2113\">Contentor de Armazenamento de 10 p\u00e9s<\/strong>, contacte-nos para pre\u00e7os de f\u00e1brica e solu\u00e7\u00f5es personalizadas.<\/p>\n<\/div>\n<\/div>\n<\/div>\n<\/div>\n<div class=\"z-0 flex min-h-[46px] justify-start\"><\/div>\n<\/div>\n<\/div>\n<\/article>\n<\/div>\n<div class=\"pointer-events-none h-px w-px absolute bottom-0\" aria-hidden=\"true\" data-edge=\"true\"><\/div>","protected":false},"excerpt":{"rendered":"<p><img loading=\"lazy\" decoding=\"async\" class=\"alignnone size-full wp-image-1139\" src=\"https:\/\/www.gkcpro.com\/wp-content\/uploads\/2026\/02\/evaluate.jpg\" alt=\"Meus containers s\u00e3o exportados para muitos pa\u00edses; esta \u00e9 uma mostra dos depoimentos de nossos clientes.\" width=\"1000\" height=\"474\" srcset=\"https:\/\/www.gkcpro.com\/wp-content\/uploads\/2026\/02\/evaluate.jpg 1000w, https:\/\/www.gkcpro.com\/wp-content\/uploads\/2026\/02\/evaluate-300x142.jpg 300w, https:\/\/www.gkcpro.com\/wp-content\/uploads\/2026\/02\/evaluate-768x364.jpg 768w, https:\/\/www.gkcpro.com\/wp-content\/uploads\/2026\/02\/evaluate-18x9.jpg 18w, https:\/\/www.gkcpro.com\/wp-content\/uploads\/2026\/02\/evaluate-624x296.jpg 624w, https:\/\/www.gkcpro.com\/wp-content\/uploads\/2026\/02\/evaluate-800x379.jpg 800w\" sizes=\"auto, (max-width: 1000px) 100vw, 1000px\" \/><img loading=\"lazy\" decoding=\"async\" class=\"alignnone size-full wp-image-1137\" src=\"https:\/\/www.gkcpro.com\/wp-content\/uploads\/2026\/02\/container-house-certificates.jpg\" alt=\"\" width=\"1470\" height=\"2000\" srcset=\"https:\/\/www.gkcpro.com\/wp-content\/uploads\/2026\/02\/container-house-certificates.jpg 1470w, https:\/\/www.gkcpro.com\/wp-content\/uploads\/2026\/02\/container-house-certificates-221x300.jpg 221w, https:\/\/www.gkcpro.com\/wp-content\/uploads\/2026\/02\/container-house-certificates-753x1024.jpg 753w, https:\/\/www.gkcpro.com\/wp-content\/uploads\/2026\/02\/container-house-certificates-768x1045.jpg 768w, https:\/\/www.gkcpro.com\/wp-content\/uploads\/2026\/02\/container-house-certificates-1129x1536.jpg 1129w, https:\/\/www.gkcpro.com\/wp-content\/uploads\/2026\/02\/container-house-certificates-9x12.jpg 9w, https:\/\/www.gkcpro.com\/wp-content\/uploads\/2026\/02\/container-house-certificates-624x849.jpg 624w, https:\/\/www.gkcpro.com\/wp-content\/uploads\/2026\/02\/container-house-certificates-800x1088.jpg 800w\" sizes=\"auto, (max-width: 1470px) 100vw, 1470px\" \/><\/p>","protected":false},"featured_media":1023,"template":"","meta":[],"product_brand":[],"product_cat":[54],"product_tag":[],"class_list":{"0":"post-1022","1":"product","2":"type-product","3":"status-publish","4":"has-post-thumbnail","6":"product_cat-special-container","8":"first","9":"instock","10":"shipping-taxable","11":"product-type-simple"},"yoast_head":"<!-- This site is optimized with the Yoast SEO plugin v26.6 - https:\/\/yoast.com\/wordpress\/plugins\/seo\/ -->\n<title>10ft Storage Container - china container manufacturer<\/title>\n<meta name=\"robots\" content=\"index, follow, max-snippet:-1, max-image-preview:large, max-video-preview:-1\" \/>\n<link rel=\"canonical\" href=\"https:\/\/www.gkcpro.com\/pt\/product\/10ft-storage-container-oem-odm-support\/\" \/>\n<meta property=\"og:locale\" content=\"pt_BR\" \/>\n<meta property=\"og:type\" content=\"article\" \/>\n<meta property=\"og:title\" content=\"10ft Storage Container - china container manufacturer\" \/>\n<meta property=\"og:url\" content=\"https:\/\/www.gkcpro.com\/pt\/product\/10ft-storage-container-oem-odm-support\/\" \/>\n<meta property=\"og:site_name\" content=\"Container House Co., Ltd.\" \/>\n<meta property=\"article:modified_time\" content=\"2026-03-02T03:19:19+00:00\" \/>\n<meta property=\"og:image\" content=\"https:\/\/www.gkcpro.com\/wp-content\/uploads\/2026\/02\/10ft-storage-container.jpg\" \/>\n\t<meta property=\"og:image:width\" content=\"1920\" \/>\n\t<meta property=\"og:image:height\" content=\"1080\" \/>\n\t<meta property=\"og:image:type\" content=\"image\/jpeg\" \/>\n<meta name=\"twitter:card\" content=\"summary_large_image\" \/>\n<meta name=\"twitter:label1\" content=\"Est. tempo de leitura\" \/>\n\t<meta name=\"twitter:data1\" content=\"2 minutos\" \/>\n<script type=\"application\/ld+json\" class=\"yoast-schema-graph\">{\"@context\":\"https:\/\/schema.org\",\"@graph\":[{\"@type\":\"WebPage\",\"@id\":\"https:\/\/www.gkcpro.com\/product\/10ft-storage-container-oem-odm-support\/\",\"url\":\"https:\/\/www.gkcpro.com\/product\/10ft-storage-container-oem-odm-support\/\",\"name\":\"10ft Storage Container - china container manufacturer\",\"isPartOf\":{\"@id\":\"https:\/\/www.gkcpro.com\/#website\"},\"primaryImageOfPage\":{\"@id\":\"https:\/\/www.gkcpro.com\/product\/10ft-storage-container-oem-odm-support\/#primaryimage\"},\"image\":{\"@id\":\"https:\/\/www.gkcpro.com\/product\/10ft-storage-container-oem-odm-support\/#primaryimage\"},\"thumbnailUrl\":\"https:\/\/www.gkcpro.com\/wp-content\/uploads\/2026\/02\/10ft-storage-container.jpg\",\"datePublished\":\"2026-02-10T02:47:11+00:00\",\"dateModified\":\"2026-03-02T03:19:19+00:00\",\"breadcrumb\":{\"@id\":\"https:\/\/www.gkcpro.com\/product\/10ft-storage-container-oem-odm-support\/#breadcrumb\"},\"inLanguage\":\"pt-BR\",\"potentialAction\":[{\"@type\":\"ReadAction\",\"target\":[\"https:\/\/www.gkcpro.com\/product\/10ft-storage-container-oem-odm-support\/\"]}]},{\"@type\":\"ImageObject\",\"inLanguage\":\"pt-BR\",\"@id\":\"https:\/\/www.gkcpro.com\/product\/10ft-storage-container-oem-odm-support\/#primaryimage\",\"url\":\"https:\/\/www.gkcpro.com\/wp-content\/uploads\/2026\/02\/10ft-storage-container.jpg\",\"contentUrl\":\"https:\/\/www.gkcpro.com\/wp-content\/uploads\/2026\/02\/10ft-storage-container.jpg\",\"width\":1920,\"height\":1080,\"caption\":\"Reliable 10ft storage container ideal for secure on-site storage and easy stacking\"},{\"@type\":\"BreadcrumbList\",\"@id\":\"https:\/\/www.gkcpro.com\/product\/10ft-storage-container-oem-odm-support\/#breadcrumb\",\"itemListElement\":[{\"@type\":\"ListItem\",\"position\":1,\"name\":\"\u9996\u9875\",\"item\":\"https:\/\/www.gkcpro.com\/\"},{\"@type\":\"ListItem\",\"position\":2,\"name\":\"Products\",\"item\":\"https:\/\/www.gkcpro.com\/shop\/\"},{\"@type\":\"ListItem\",\"position\":3,\"name\":\"10ft Storage Container\/OEM ODM support\"}]},{\"@type\":\"WebSite\",\"@id\":\"https:\/\/www.gkcpro.com\/#website\",\"url\":\"https:\/\/www.gkcpro.com\/\",\"name\":\"Container House Co., Ltd.\",\"description\":\"Container House factory\",\"potentialAction\":[{\"@type\":\"SearchAction\",\"target\":{\"@type\":\"EntryPoint\",\"urlTemplate\":\"https:\/\/www.gkcpro.com\/?s={search_term_string}\"},\"query-input\":{\"@type\":\"PropertyValueSpecification\",\"valueRequired\":true,\"valueName\":\"search_term_string\"}}],\"inLanguage\":\"pt-BR\"}]}<\/script>\n<!-- \/ Yoast SEO plugin. -->","yoast_head_json":{"title":"Cont\u00eainer de Armazenamento de 10 p\u00e9s - fabricante chin\u00eas de cont\u00eaineres","robots":{"index":"index","follow":"follow","max-snippet":"max-snippet:-1","max-image-preview":"max-image-preview:large","max-video-preview":"max-video-preview:-1"},"canonical":"https:\/\/www.gkcpro.com\/pt\/product\/10ft-storage-container-oem-odm-support\/","og_locale":"pt_BR","og_type":"article","og_title":"10ft Storage Container - china container manufacturer","og_url":"https:\/\/www.gkcpro.com\/pt\/product\/10ft-storage-container-oem-odm-support\/","og_site_name":"Container House Co., Ltd.","article_modified_time":"2026-03-02T03:19:19+00:00","og_image":[{"width":1920,"height":1080,"url":"https:\/\/www.gkcpro.com\/wp-content\/uploads\/2026\/02\/10ft-storage-container.jpg","type":"image\/jpeg"}],"twitter_card":"summary_large_image","twitter_misc":{"Est. tempo de leitura":"2 minutos"},"schema":{"@context":"https:\/\/schema.org","@graph":[{"@type":"WebPage","@id":"https:\/\/www.gkcpro.com\/product\/10ft-storage-container-oem-odm-support\/","url":"https:\/\/www.gkcpro.com\/product\/10ft-storage-container-oem-odm-support\/","name":"Cont\u00eainer de Armazenamento de 10 p\u00e9s - fabricante chin\u00eas de cont\u00eaineres","isPartOf":{"@id":"https:\/\/www.gkcpro.com\/#website"},"primaryImageOfPage":{"@id":"https:\/\/www.gkcpro.com\/product\/10ft-storage-container-oem-odm-support\/#primaryimage"},"image":{"@id":"https:\/\/www.gkcpro.com\/product\/10ft-storage-container-oem-odm-support\/#primaryimage"},"thumbnailUrl":"https:\/\/www.gkcpro.com\/wp-content\/uploads\/2026\/02\/10ft-storage-container.jpg","datePublished":"2026-02-10T02:47:11+00:00","dateModified":"2026-03-02T03:19:19+00:00","breadcrumb":{"@id":"https:\/\/www.gkcpro.com\/product\/10ft-storage-container-oem-odm-support\/#breadcrumb"},"inLanguage":"pt-BR","potentialAction":[{"@type":"ReadAction","target":["https:\/\/www.gkcpro.com\/product\/10ft-storage-container-oem-odm-support\/"]}]},{"@type":"ImageObject","inLanguage":"pt-BR","@id":"https:\/\/www.gkcpro.com\/product\/10ft-storage-container-oem-odm-support\/#primaryimage","url":"https:\/\/www.gkcpro.com\/wp-content\/uploads\/2026\/02\/10ft-storage-container.jpg","contentUrl":"https:\/\/www.gkcpro.com\/wp-content\/uploads\/2026\/02\/10ft-storage-container.jpg","width":1920,"height":1080,"caption":"Reliable 10ft storage container ideal for secure on-site storage and easy stacking"},{"@type":"BreadcrumbList","@id":"https:\/\/www.gkcpro.com\/product\/10ft-storage-container-oem-odm-support\/#breadcrumb","itemListElement":[{"@type":"ListItem","position":1,"name":"\u9996\u9875","item":"https:\/\/www.gkcpro.com\/"},{"@type":"ListItem","position":2,"name":"Products","item":"https:\/\/www.gkcpro.com\/shop\/"},{"@type":"ListItem","position":3,"name":"10ft Storage Container\/OEM ODM support"}]},{"@type":"WebSite","@id":"https:\/\/www.gkcpro.com\/#website","url":"https:\/\/www.gkcpro.com\/","name":"Container House Co., Ltd.","description":"F\u00e1brica de Casas de Cont\u00eainer","potentialAction":[{"@type":"SearchAction","target":{"@type":"EntryPoint","urlTemplate":"https:\/\/www.gkcpro.com\/?s={search_term_string}"},"query-input":{"@type":"PropertyValueSpecification","valueRequired":true,"valueName":"search_term_string"}}],"inLanguage":"pt-BR"}]}},"_links":{"self":[{"href":"https:\/\/www.gkcpro.com\/pt\/wp-json\/wp\/v2\/product\/1022","targetHints":{"allow":["GET"]}}],"collection":[{"href":"https:\/\/www.gkcpro.com\/pt\/wp-json\/wp\/v2\/product"}],"about":[{"href":"https:\/\/www.gkcpro.com\/pt\/wp-json\/wp\/v2\/types\/product"}],"wp:featuredmedia":[{"embeddable":true,"href":"https:\/\/www.gkcpro.com\/pt\/wp-json\/wp\/v2\/media\/1023"}],"wp:attachment":[{"href":"https:\/\/www.gkcpro.com\/pt\/wp-json\/wp\/v2\/media?parent=1022"}],"wp:term":[{"taxonomy":"product_brand","embeddable":true,"href":"https:\/\/www.gkcpro.com\/pt\/wp-json\/wp\/v2\/product_brand?post=1022"},{"taxonomy":"product_cat","embeddable":true,"href":"https:\/\/www.gkcpro.com\/pt\/wp-json\/wp\/v2\/product_cat?post=1022"},{"taxonomy":"product_tag","embeddable":true,"href":"https:\/\/www.gkcpro.com\/pt\/wp-json\/wp\/v2\/product_tag?post=1022"}],"curies":[{"name":"wp","href":"https:\/\/api.w.org\/{rel}","templated":true}]}}