{"id":7,"date":"2025-09-23T10:23:07","date_gmt":"2025-09-23T02:23:07","guid":{"rendered":"http:\/\/jizhuangxiang.webqd.net\/?page_id=7"},"modified":"2026-01-28T10:17:01","modified_gmt":"2026-01-28T02:17:01","slug":"about","status":"publish","type":"page","link":"https:\/\/www.gkcpro.com\/pt\/about\/","title":{"rendered":"Sobre N\u00f3s"},"content":{"rendered":"<p>A Container House Co., Ltd. constr\u00f3i produtos habitacionais modulares para necessidades reais do mercado. Somos uma f\u00e1brica de casas de cont\u00eainer focada em produ\u00e7\u00e3o est\u00e1vel, especifica\u00e7\u00f5es claras e produtos com bom desempenho nos mercados globais.<\/p>\n<p>N\u00e3o dependemos de palavras complicadas ou promessas vazias. Focamos em produtos de f\u00e1cil revenda, simples de transportar e pr\u00e1ticos para uso no local. Das unidades padr\u00e3o aos modelos personalizados, nossa produ\u00e7\u00e3o segue materiais consistentes e processos controlados, ajudando os parceiros a reduzir riscos e economizar tempo.<\/p>\n<p>Por que trabalhar conosco apoia um progresso de projeto mais suave? A resposta \u00e9 simples. N\u00f3s ouvimos primeiro. Voc\u00ea compartilha seu plano de mercado ou projeto, e n\u00f3s respondemos com layouts vi\u00e1veis, op\u00e7\u00f5es pr\u00e1ticas e pre\u00e7os que se adequam ao seu modelo de neg\u00f3cios. Importadores ganham uma cadeia de suprimentos confi\u00e1vel, atacadistas recebem produtos prontos para o mercado, e empreiteiros utilizam m\u00f3dulos de cont\u00eainer com estruturas adequadas \u00e0s condi\u00e7\u00f5es reais do local.<\/p>\n<p>Mantemos nosso envolvimento al\u00e9m da produ\u00e7\u00e3o. Dos desenhos e confirma\u00e7\u00e3o at\u00e9 o empacotamento e entrega, nossa equipe mant\u00e9m a comunica\u00e7\u00e3o clara e eficiente. Solu\u00e7\u00f5es personalizadas para diferentes parceiros s\u00e3o a forma como constru\u00edmos coopera\u00e7\u00e3o de longo prazo.<\/p>\n<p>Se voc\u00ea est\u00e1 buscando casas de cont\u00eainer para importa\u00e7\u00e3o, distribui\u00e7\u00e3o ou projetos de constru\u00e7\u00e3o, este \u00e9 um excelente ponto de partida. Entre em contato conosco e descubra como um parceiro de fabrica\u00e7\u00e3o focado pode apoiar seu pr\u00f3ximo pedido.<\/p>","protected":false},"excerpt":{"rendered":"<p>Container House Co., Ltd. builds modular housing products for real business needs. \u00a0We are a container house factory focused on stable production, clear specifications, and products that perform well in global markets. We don\u2019t rely on complicated words or empty promises. \u00a0We focus on products that are easy to resell, simple to transport, and practical [&hellip;]<\/p>","protected":false},"author":1,"featured_media":0,"parent":0,"menu_order":0,"comment_status":"closed","ping_status":"closed","template":"","meta":{"footnotes":""},"class_list":["post-7","page","type-page","status-publish","hentry"],"yoast_head":"<!-- This site is optimized with the Yoast SEO plugin v26.6 - https:\/\/yoast.com\/wordpress\/plugins\/seo\/ -->\n<title>About Us - Container House Co., Ltd<\/title>\n<meta name=\"robots\" content=\"index, follow, max-snippet:-1, max-image-preview:large, max-video-preview:-1\" \/>\n<link rel=\"canonical\" href=\"https:\/\/www.gkcpro.com\/pt\/about\/\" \/>\n<meta property=\"og:locale\" content=\"pt_BR\" \/>\n<meta property=\"og:type\" content=\"article\" \/>\n<meta property=\"og:title\" content=\"About Us - Container House Co., Ltd\" \/>\n<meta property=\"og:description\" content=\"Container House Co., Ltd. builds modular housing products for real business needs. \u00a0We are a container house factory focused on stable production, clear specifications, and products that perform well in global markets. We don\u2019t rely on complicated words or empty promises. \u00a0We focus on products that are easy to resell, simple to transport, and practical [&hellip;]\" \/>\n<meta property=\"og:url\" content=\"https:\/\/www.gkcpro.com\/pt\/about\/\" \/>\n<meta property=\"og:site_name\" content=\"Container House Co., Ltd.\" \/>\n<meta property=\"article:modified_time\" content=\"2026-01-28T02:17:01+00:00\" \/>\n<meta name=\"twitter:card\" content=\"summary_large_image\" \/>\n<meta name=\"twitter:label1\" content=\"Est. tempo de leitura\" \/>\n\t<meta name=\"twitter:data1\" content=\"1 minuto\" \/>\n<script type=\"application\/ld+json\" class=\"yoast-schema-graph\">{\"@context\":\"https:\/\/schema.org\",\"@graph\":[{\"@type\":\"WebPage\",\"@id\":\"https:\/\/www.gkcpro.com\/about\/\",\"url\":\"https:\/\/www.gkcpro.com\/about\/\",\"name\":\"About Us - Container House Co., Ltd\",\"isPartOf\":{\"@id\":\"https:\/\/www.gkcpro.com\/#website\"},\"datePublished\":\"2025-09-23T02:23:07+00:00\",\"dateModified\":\"2026-01-28T02:17:01+00:00\",\"breadcrumb\":{\"@id\":\"https:\/\/www.gkcpro.com\/about\/#breadcrumb\"},\"inLanguage\":\"pt-BR\",\"potentialAction\":[{\"@type\":\"ReadAction\",\"target\":[\"https:\/\/www.gkcpro.com\/about\/\"]}]},{\"@type\":\"BreadcrumbList\",\"@id\":\"https:\/\/www.gkcpro.com\/about\/#breadcrumb\",\"itemListElement\":[{\"@type\":\"ListItem\",\"position\":1,\"name\":\"\u9996\u9875\",\"item\":\"https:\/\/www.gkcpro.com\/\"},{\"@type\":\"ListItem\",\"position\":2,\"name\":\"About Us\"}]},{\"@type\":\"WebSite\",\"@id\":\"https:\/\/www.gkcpro.com\/#website\",\"url\":\"https:\/\/www.gkcpro.com\/\",\"name\":\"Container House Co., Ltd.\",\"description\":\"Container House factory\",\"potentialAction\":[{\"@type\":\"SearchAction\",\"target\":{\"@type\":\"EntryPoint\",\"urlTemplate\":\"https:\/\/www.gkcpro.com\/?s={search_term_string}\"},\"query-input\":{\"@type\":\"PropertyValueSpecification\",\"valueRequired\":true,\"valueName\":\"search_term_string\"}}],\"inLanguage\":\"pt-BR\"}]}<\/script>\n<!-- \/ Yoast SEO plugin. -->","yoast_head_json":{"title":"Sobre N\u00f3s - Container House Co., Ltd.","robots":{"index":"index","follow":"follow","max-snippet":"max-snippet:-1","max-image-preview":"max-image-preview:large","max-video-preview":"max-video-preview:-1"},"canonical":"https:\/\/www.gkcpro.com\/pt\/about\/","og_locale":"pt_BR","og_type":"article","og_title":"About Us - Container House Co., Ltd","og_description":"Container House Co., Ltd. builds modular housing products for real business needs. \u00a0We are a container house factory focused on stable production, clear specifications, and products that perform well in global markets. We don\u2019t rely on complicated words or empty promises. \u00a0We focus on products that are easy to resell, simple to transport, and practical [&hellip;]","og_url":"https:\/\/www.gkcpro.com\/pt\/about\/","og_site_name":"Container House Co., Ltd.","article_modified_time":"2026-01-28T02:17:01+00:00","twitter_card":"summary_large_image","twitter_misc":{"Est. tempo de leitura":"1 minuto"},"schema":{"@context":"https:\/\/schema.org","@graph":[{"@type":"WebPage","@id":"https:\/\/www.gkcpro.com\/about\/","url":"https:\/\/www.gkcpro.com\/about\/","name":"Sobre N\u00f3s - Container House Co., Ltd.","isPartOf":{"@id":"https:\/\/www.gkcpro.com\/#website"},"datePublished":"2025-09-23T02:23:07+00:00","dateModified":"2026-01-28T02:17:01+00:00","breadcrumb":{"@id":"https:\/\/www.gkcpro.com\/about\/#breadcrumb"},"inLanguage":"pt-BR","potentialAction":[{"@type":"ReadAction","target":["https:\/\/www.gkcpro.com\/about\/"]}]},{"@type":"BreadcrumbList","@id":"https:\/\/www.gkcpro.com\/about\/#breadcrumb","itemListElement":[{"@type":"ListItem","position":1,"name":"\u9996\u9875","item":"https:\/\/www.gkcpro.com\/"},{"@type":"ListItem","position":2,"name":"About Us"}]},{"@type":"WebSite","@id":"https:\/\/www.gkcpro.com\/#website","url":"https:\/\/www.gkcpro.com\/","name":"Container House Co., Ltd.","description":"F\u00e1brica de Casas de Cont\u00eainer","potentialAction":[{"@type":"SearchAction","target":{"@type":"EntryPoint","urlTemplate":"https:\/\/www.gkcpro.com\/?s={search_term_string}"},"query-input":{"@type":"PropertyValueSpecification","valueRequired":true,"valueName":"search_term_string"}}],"inLanguage":"pt-BR"}]}},"_links":{"self":[{"href":"https:\/\/www.gkcpro.com\/pt\/wp-json\/wp\/v2\/pages\/7","targetHints":{"allow":["GET"]}}],"collection":[{"href":"https:\/\/www.gkcpro.com\/pt\/wp-json\/wp\/v2\/pages"}],"about":[{"href":"https:\/\/www.gkcpro.com\/pt\/wp-json\/wp\/v2\/types\/page"}],"author":[{"embeddable":true,"href":"https:\/\/www.gkcpro.com\/pt\/wp-json\/wp\/v2\/users\/1"}],"replies":[{"embeddable":true,"href":"https:\/\/www.gkcpro.com\/pt\/wp-json\/wp\/v2\/comments?post=7"}],"version-history":[{"count":15,"href":"https:\/\/www.gkcpro.com\/pt\/wp-json\/wp\/v2\/pages\/7\/revisions"}],"predecessor-version":[{"id":878,"href":"https:\/\/www.gkcpro.com\/pt\/wp-json\/wp\/v2\/pages\/7\/revisions\/878"}],"wp:attachment":[{"href":"https:\/\/www.gkcpro.com\/pt\/wp-json\/wp\/v2\/media?parent=7"}],"curies":[{"name":"wp","href":"https:\/\/api.w.org\/{rel}","templated":true}]}}