{"id":945,"date":"2026-01-30T15:56:22","date_gmt":"2026-01-30T07:56:22","guid":{"rendered":"https:\/\/www.gkcpro.com\/?post_type=product&#038;p=945"},"modified":"2026-04-17T13:53:48","modified_gmt":"2026-04-17T05:53:48","slug":"10x8-shipping-container","status":"publish","type":"product","link":"https:\/\/www.gkcpro.com\/fr\/product\/10x8-shipping-container\/","title":{"rendered":"Conteneur d'exp\u00e9dition 10\u00d78 - Fabricant de conteneurs"},"content":{"rendered":"<h2 data-start=\"363\" data-end=\"430\">Conteneur d'exp\u00e9dition 10\u00d78 : La solution id\u00e9ale pour le stockage et le transport<\/h2>\n<p data-start=\"432\" data-end=\"817\">Si vous \u00eates \u00e0 la recherche d'une solution de stockage polyvalente et durable, nos <strong data-start=\"500\" data-end=\"527\">Conteneur d'exp\u00e9dition 10\u00d78<\/strong> est le choix id\u00e9al. Fabriqu\u00e9 par <strong data-start=\"567\" data-end=\"595\">Container House Co, Ltd<\/strong>, Ce conteneur est con\u00e7u pour les entreprises et les particuliers qui ont besoin d'options de stockage s\u00fbres, fiables et abordables. Que ce soit pour le stockage, l'exp\u00e9dition ou le transport, notre <strong data-start=\"768\" data-end=\"796\">Conteneurs d'exp\u00e9dition 10\u00d78<\/strong> r\u00e9pondre \u00e0 tous vos besoins.<\/p>\n<p data-start=\"432\" data-end=\"817\"><img loading=\"lazy\" decoding=\"async\" class=\"alignnone size-full wp-image-1139\" src=\"https:\/\/www.gkcpro.com\/wp-content\/uploads\/2026\/02\/evaluate.jpg\" alt=\"Mes conteneurs sont export\u00e9s dans de nombreux pays ; voici un aper\u00e7u des t\u00e9moignages de nos clients.\" width=\"1000\" height=\"474\" srcset=\"https:\/\/www.gkcpro.com\/wp-content\/uploads\/2026\/02\/evaluate.jpg 1000w, https:\/\/www.gkcpro.com\/wp-content\/uploads\/2026\/02\/evaluate-300x142.jpg 300w, https:\/\/www.gkcpro.com\/wp-content\/uploads\/2026\/02\/evaluate-768x364.jpg 768w, https:\/\/www.gkcpro.com\/wp-content\/uploads\/2026\/02\/evaluate-18x9.jpg 18w, https:\/\/www.gkcpro.com\/wp-content\/uploads\/2026\/02\/evaluate-624x296.jpg 624w, https:\/\/www.gkcpro.com\/wp-content\/uploads\/2026\/02\/evaluate-800x379.jpg 800w\" sizes=\"auto, (max-width: 1000px) 100vw, 1000px\" \/><\/p>\n<h2 data-start=\"819\" data-end=\"856\">Qu'est-ce qu'un conteneur d'exp\u00e9dition 10\u00d78 ?<\/h2>\n<p data-start=\"858\" data-end=\"1230\">Notre conteneur est \u00e0 la fois compact et spacieux et peut \u00eatre utilis\u00e9 \u00e0 diverses fins. D'une longueur de 10 pieds et d'une largeur de 8 pieds, il offre suffisamment d'espace pour le stockage d'\u00e9quipements, de stocks ou d'objets personnels. Fabriqu\u00e9s avec des mat\u00e9riaux de haute qualit\u00e9, ces conteneurs sont con\u00e7us pour r\u00e9sister aux environnements les plus difficiles tout en offrant une excellente s\u00e9curit\u00e9.<\/p>\n<p data-start=\"1232\" data-end=\"1386\">Au <strong data-start=\"1235\" data-end=\"1263\">Container House Co, Ltd<\/strong>, Nous fabriquons chaque conteneur avec pr\u00e9cision, en veillant \u00e0 ce qu'il r\u00e9ponde \u00e0 toutes les normes de l'industrie en mati\u00e8re de qualit\u00e9 et de durabilit\u00e9.<\/p>\n<h2 data-start=\"1388\" data-end=\"1434\">Caract\u00e9ristiques principales du conteneur d'exp\u00e9dition 10\u00d78<\/h2>\n<h3 data-start=\"1436\" data-end=\"1472\">1. <strong data-start=\"1443\" data-end=\"1472\">Construction de haute qualit\u00e9<\/strong><\/h3>\n<p data-start=\"1473\" data-end=\"1674\">Notre <strong data-start=\"1477\" data-end=\"1505\">Conteneurs d'exp\u00e9dition 10\u00d78<\/strong> sont construits en acier haute r\u00e9sistance, offrant une durabilit\u00e9 \u00e0 long terme. Ces conteneurs sont con\u00e7us pour prot\u00e9ger vos articles contre le vol, les intemp\u00e9ries et l'usure du temps.<\/p>\n<h3 data-start=\"1676\" data-end=\"1707\">2. <strong data-start=\"1683\" data-end=\"1707\">Compact et spacieux<\/strong><\/h3>\n<p data-start=\"1708\" data-end=\"1923\">M\u00eame avec sa taille compacte, le <strong data-start=\"1740\" data-end=\"1767\">\u00a0conteneur de transport<\/strong> offre un espace de stockage suffisant pour les marchandises de petite et moyenne taille. Sa conception efficace vous permet de ranger une vari\u00e9t\u00e9 d'articles tout en occupant un minimum d'espace.<\/p>\n<h3 data-start=\"1925\" data-end=\"1959\">3. <strong data-start=\"1932\" data-end=\"1959\">S\u00e9curit\u00e9 et protection<\/strong><\/h3>\n<p data-start=\"1960\" data-end=\"2131\">Chaque <strong data-start=\"1965\" data-end=\"1992\">Conteneur d'exp\u00e9dition 10\u00d78<\/strong> est \u00e9quip\u00e9 de m\u00e9canismes de verrouillage s\u00e9curis\u00e9s et de scell\u00e9s r\u00e9sistants aux intemp\u00e9ries, garantissant que vos articles restent en s\u00e9curit\u00e9 et prot\u00e9g\u00e9s des menaces ext\u00e9rieures.<\/p>\n<h3 data-start=\"2133\" data-end=\"2171\">4. <strong data-start=\"2140\" data-end=\"2171\">Une solution de stockage abordable<\/strong><\/h3>\n<p data-start=\"2172\" data-end=\"2377\">Notre <strong data-start=\"2176\" data-end=\"2204\">Conteneurs d'exp\u00e9dition 10\u00d78<\/strong> offrent une alternative rentable aux m\u00e9thodes de stockage traditionnelles. Avec un co\u00fbt initial abordable et de faibles besoins d'entretien, ils offrent un excellent rapport qualit\u00e9-prix.<\/p>\n<h3 data-start=\"2379\" data-end=\"2410\">5. <strong data-start=\"2386\" data-end=\"2410\">Options personnalisables<\/strong><\/h3>\n<p data-start=\"2411\" data-end=\"2611\">Nous proposons des personnalisations pour r\u00e9pondre \u00e0 des besoins de stockage sp\u00e9cifiques, y compris des \u00e9tag\u00e8res suppl\u00e9mentaires, des options de ventilation et des couleurs personnalis\u00e9es. Vous pouvez adapter le <strong data-start=\"2557\" data-end=\"2584\">Conteneurs d'exp\u00e9dition 10\u00d78<\/strong> pour r\u00e9pondre \u00e0 vos besoins.<\/p>\n<h3 data-start=\"2613\" data-end=\"2641\">6. <strong data-start=\"2620\" data-end=\"2641\">Facile \u00e0 transporter<\/strong><\/h3>\n<p data-start=\"2642\" data-end=\"2844\">La conception standard du <strong data-start=\"2669\" data-end=\"2696\">Conteneur d'exp\u00e9dition 10\u00d78<\/strong> facilite son transport par camion, bateau ou train. Sa taille compacte permet une manipulation et un d\u00e9placement ais\u00e9s, tant au niveau national qu'international.<\/p>\n<h2 data-start=\"3383\" data-end=\"3429\">Applications du conteneur 10\u00d78<\/h2>\n<p data-start=\"3431\" data-end=\"3524\">Notre <strong data-start=\"3435\" data-end=\"3463\">Conteneurs d'exp\u00e9dition 10\u2032<\/strong> sont largement utilis\u00e9s dans diverses industries \u00e0 des fins multiples :<\/p>\n<ul data-start=\"3526\" data-end=\"3911\">\n<li data-start=\"3526\" data-end=\"3622\">\n<p data-start=\"3528\" data-end=\"3622\"><strong data-start=\"3528\" data-end=\"3549\">Solutions de stockage<\/strong>: Id\u00e9al pour le stockage personnel, l'inventaire des entreprises et les chantiers de construction.<\/p>\n<\/li>\n<li data-start=\"3623\" data-end=\"3711\">\n<p data-start=\"3625\" data-end=\"3711\"><strong data-start=\"3625\" data-end=\"3651\">Transport maritime et logistique<\/strong>: Parfait pour le transport de marchandises par voie terrestre, maritime et ferroviaire.<\/p>\n<\/li>\n<li data-start=\"3712\" data-end=\"3789\">\n<p data-start=\"3714\" data-end=\"3789\"><strong data-start=\"3714\" data-end=\"3733\">Unit\u00e9s d'entrep\u00f4t<\/strong>: Peut \u00eatre utilis\u00e9 comme espace d'entreposage temporaire ou permanent.<\/p>\n<\/li>\n<li data-start=\"3790\" data-end=\"3911\">\n<p data-start=\"3792\" data-end=\"3911\"><strong data-start=\"3792\" data-end=\"3810\">Bureaux mobiles<\/strong>: Peut \u00eatre personnalis\u00e9 pour servir de bureau mobile pour les travailleurs sur les chantiers de construction ou les sites \u00e9loign\u00e9s.<\/p>\n<\/li>\n<\/ul>\n<h2 data-start=\"3913\" data-end=\"3944\">Container FAQ<\/h2>\n<p data-start=\"3946\" data-end=\"4127\"><strong data-start=\"3946\" data-end=\"3995\">1. Puis-je personnaliser un conteneur d'exp\u00e9dition ?<\/strong><br data-start=\"3995\" data-end=\"3998\" \/>Oui, nous offrons des options de personnalisation telles que des \u00e9tag\u00e8res suppl\u00e9mentaires, une ventilation, des serrures et des choix de couleurs pour r\u00e9pondre \u00e0 vos besoins de stockage.<\/p>\n<p data-start=\"4129\" data-end=\"4331\"><strong data-start=\"4129\" data-end=\"4186\">2. Quelle est la dur\u00e9e de vie d'un conteneur maritime ?<\/strong><br data-start=\"4186\" data-end=\"4189\" \/>Avec des soins appropri\u00e9s, un <strong data-start=\"4209\" data-end=\"4236\">\u00a0conteneurs maritimes<\/strong> peut durer jusqu'\u00e0 15-20 ans. Un nettoyage et une inspection r\u00e9guliers contribueront \u00e0 pr\u00e9server sa durabilit\u00e9.<\/p>\n<p data-start=\"4333\" data-end=\"4524\"><strong data-start=\"4333\" data-end=\"4386\">3. Comment puis-je le transporter ?<\/strong><br data-start=\"4386\" data-end=\"4389\" \/>Le <strong data-start=\"4393\" data-end=\"4420\">conteneur de transport<\/strong> peut \u00eatre facilement transport\u00e9 par camion, par train ou par bateau, gr\u00e2ce \u00e0 ses dimensions standard et \u00e0 sa conception robuste.<\/p>\n<p data-start=\"4526\" data-end=\"4715\"><strong data-start=\"4526\" data-end=\"4579\">4. Quel est le co\u00fbt d'un conteneur 10\u00d78 ?<\/strong><br data-start=\"4579\" data-end=\"4582\" \/>Le prix varie en fonction de la personnalisation, de la localisation et de l'exp\u00e9dition. Contactez-nous pour obtenir un devis gratuit en fonction de vos besoins sp\u00e9cifiques.<\/p>\n<p data-start=\"4717\" data-end=\"4913\"><strong data-start=\"4717\" data-end=\"4764\">5. Comment puis-je m'assurer que le conteneur est s\u00e9curis\u00e9 ?<\/strong><br data-start=\"4764\" data-end=\"4767\" \/>Chaque <strong data-start=\"4772\" data-end=\"4799\">conteneur<\/strong> est \u00e9quip\u00e9 de serrures de haute qualit\u00e9 et de scell\u00e9s r\u00e9sistants aux intemp\u00e9ries pour prot\u00e9ger vos articles contre le vol et les dommages caus\u00e9s par l'environnement.<\/p>\n<h2 data-start=\"4915\" data-end=\"4928\">Shipping container Conclusion<\/h2>\n<p data-start=\"4930\" data-end=\"5264\">Au <strong data-start=\"4933\" data-end=\"4961\">Container House Co, Ltd<\/strong>, Nous sommes sp\u00e9cialis\u00e9s dans la fabrication de produits de haute qualit\u00e9, durables et personnalisables. <strong data-start=\"5034\" data-end=\"5062\">Conteneur d'exp\u00e9dition de 10 pieds<\/strong>\u00a0qui r\u00e9pondent \u00e0 diff\u00e9rents besoins. Que vous recherchiez une solution de stockage, un conteneur d'exp\u00e9dition ou un bureau mobile, nos conteneurs sont construits pour durer et con\u00e7us pour offrir des options s\u00fbres et abordables.<\/p>\n<p data-start=\"5266\" data-end=\"5383\">\ud83d\udc49 <strong data-start=\"5269\" data-end=\"5289\">Contactez-nous d\u00e8s aujourd'hui<\/strong> pour en savoir plus sur notre <strong data-start=\"5314\" data-end=\"5341\">Conteneur d'exp\u00e9dition 10\u00d78<\/strong> et obtenir un devis pour vos besoins.<\/p>","protected":false},"excerpt":{"rendered":"<p><img loading=\"lazy\" decoding=\"async\" class=\"alignnone wp-image-1137 size-full\" src=\"https:\/\/www.gkcpro.com\/wp-content\/uploads\/2026\/02\/container-house-certificates.jpg\" alt=\"Pr\u00e9sentation des certifications internationales incluant ISO 9001, CE, et les certifications de s\u00e9curit\u00e9 structurelle pour nos maisons-conteneurs et conteneurs \u00e0 l&#039;exportation.\" width=\"1470\" height=\"2000\" srcset=\"https:\/\/www.gkcpro.com\/wp-content\/uploads\/2026\/02\/container-house-certificates.jpg 1470w, https:\/\/www.gkcpro.com\/wp-content\/uploads\/2026\/02\/container-house-certificates-221x300.jpg 221w, https:\/\/www.gkcpro.com\/wp-content\/uploads\/2026\/02\/container-house-certificates-753x1024.jpg 753w, https:\/\/www.gkcpro.com\/wp-content\/uploads\/2026\/02\/container-house-certificates-768x1045.jpg 768w, https:\/\/www.gkcpro.com\/wp-content\/uploads\/2026\/02\/container-house-certificates-1129x1536.jpg 1129w, https:\/\/www.gkcpro.com\/wp-content\/uploads\/2026\/02\/container-house-certificates-9x12.jpg 9w, https:\/\/www.gkcpro.com\/wp-content\/uploads\/2026\/02\/container-house-certificates-624x849.jpg 624w, https:\/\/www.gkcpro.com\/wp-content\/uploads\/2026\/02\/container-house-certificates-800x1088.jpg 800w\" sizes=\"auto, (max-width: 1470px) 100vw, 1470px\" \/><\/p>","protected":false},"featured_media":947,"template":"","meta":[],"product_brand":[],"product_cat":[54],"product_tag":[],"class_list":{"0":"post-945","1":"product","2":"type-product","3":"status-publish","4":"has-post-thumbnail","6":"product_cat-special-container","8":"first","9":"instock","10":"shipping-taxable","11":"product-type-simple"},"yoast_head":"<!-- This site is optimized with the Yoast SEO plugin v26.6 - https:\/\/yoast.com\/wordpress\/plugins\/seo\/ -->\n<title>10x8 shipping container\u200b-Container manufacturer<\/title>\n<meta name=\"robots\" content=\"index, follow, max-snippet:-1, max-image-preview:large, max-video-preview:-1\" \/>\n<link rel=\"canonical\" href=\"https:\/\/www.gkcpro.com\/fr\/product\/10x8-shipping-container\/\" \/>\n<meta property=\"og:locale\" content=\"fr_FR\" \/>\n<meta property=\"og:type\" content=\"article\" \/>\n<meta property=\"og:title\" content=\"10x8 shipping container\u200b-Container manufacturer\" \/>\n<meta property=\"og:url\" content=\"https:\/\/www.gkcpro.com\/fr\/product\/10x8-shipping-container\/\" \/>\n<meta property=\"og:site_name\" content=\"Container House Co., Ltd.\" \/>\n<meta property=\"article:modified_time\" content=\"2026-04-17T05:53:48+00:00\" \/>\n<meta property=\"og:image\" content=\"https:\/\/www.gkcpro.com\/wp-content\/uploads\/2026\/01\/10ft-container.jpg\" \/>\n\t<meta property=\"og:image:width\" content=\"1000\" \/>\n\t<meta property=\"og:image:height\" content=\"665\" \/>\n\t<meta property=\"og:image:type\" content=\"image\/jpeg\" \/>\n<meta name=\"twitter:card\" content=\"summary_large_image\" \/>\n<meta name=\"twitter:label1\" content=\"Est. reading time\" \/>\n\t<meta name=\"twitter:data1\" content=\"4 minutes\" \/>\n<script type=\"application\/ld+json\" class=\"yoast-schema-graph\">{\"@context\":\"https:\/\/schema.org\",\"@graph\":[{\"@type\":\"WebPage\",\"@id\":\"https:\/\/www.gkcpro.com\/product\/10x8-shipping-container\/\",\"url\":\"https:\/\/www.gkcpro.com\/product\/10x8-shipping-container\/\",\"name\":\"10x8 shipping container\u200b-Container manufacturer\",\"isPartOf\":{\"@id\":\"https:\/\/www.gkcpro.com\/#website\"},\"primaryImageOfPage\":{\"@id\":\"https:\/\/www.gkcpro.com\/product\/10x8-shipping-container\/#primaryimage\"},\"image\":{\"@id\":\"https:\/\/www.gkcpro.com\/product\/10x8-shipping-container\/#primaryimage\"},\"thumbnailUrl\":\"https:\/\/www.gkcpro.com\/wp-content\/uploads\/2026\/01\/10ft-container.jpg\",\"datePublished\":\"2026-01-30T07:56:22+00:00\",\"dateModified\":\"2026-04-17T05:53:48+00:00\",\"breadcrumb\":{\"@id\":\"https:\/\/www.gkcpro.com\/product\/10x8-shipping-container\/#breadcrumb\"},\"inLanguage\":\"fr-FR\",\"potentialAction\":[{\"@type\":\"ReadAction\",\"target\":[\"https:\/\/www.gkcpro.com\/product\/10x8-shipping-container\/\"]}]},{\"@type\":\"ImageObject\",\"inLanguage\":\"fr-FR\",\"@id\":\"https:\/\/www.gkcpro.com\/product\/10x8-shipping-container\/#primaryimage\",\"url\":\"https:\/\/www.gkcpro.com\/wp-content\/uploads\/2026\/01\/10ft-container.jpg\",\"contentUrl\":\"https:\/\/www.gkcpro.com\/wp-content\/uploads\/2026\/01\/10ft-container.jpg\",\"width\":1000,\"height\":665,\"caption\":\"10x8 shipping container external dimensions 10 ft length by 8 ft width, robust build suited to enterprise temporary offices and material storage applications\"},{\"@type\":\"BreadcrumbList\",\"@id\":\"https:\/\/www.gkcpro.com\/product\/10x8-shipping-container\/#breadcrumb\",\"itemListElement\":[{\"@type\":\"ListItem\",\"position\":1,\"name\":\"\u9996\u9875\",\"item\":\"https:\/\/www.gkcpro.com\/\"},{\"@type\":\"ListItem\",\"position\":2,\"name\":\"Products\",\"item\":\"https:\/\/www.gkcpro.com\/shop\/\"},{\"@type\":\"ListItem\",\"position\":3,\"name\":\"10&#215;8 shipping container\u200b-Container manufacturer\"}]},{\"@type\":\"WebSite\",\"@id\":\"https:\/\/www.gkcpro.com\/#website\",\"url\":\"https:\/\/www.gkcpro.com\/\",\"name\":\"Container House Co., Ltd.\",\"description\":\"Container House factory\",\"potentialAction\":[{\"@type\":\"SearchAction\",\"target\":{\"@type\":\"EntryPoint\",\"urlTemplate\":\"https:\/\/www.gkcpro.com\/?s={search_term_string}\"},\"query-input\":{\"@type\":\"PropertyValueSpecification\",\"valueRequired\":true,\"valueName\":\"search_term_string\"}}],\"inLanguage\":\"fr-FR\"}]}<\/script>\n<!-- \/ Yoast SEO plugin. -->","yoast_head_json":{"title":"Conteneur d'exp\u00e9dition 10x8-Fabricant de conteneurs","robots":{"index":"index","follow":"follow","max-snippet":"max-snippet:-1","max-image-preview":"max-image-preview:large","max-video-preview":"max-video-preview:-1"},"canonical":"https:\/\/www.gkcpro.com\/fr\/product\/10x8-shipping-container\/","og_locale":"fr_FR","og_type":"article","og_title":"10x8 shipping container\u200b-Container manufacturer","og_url":"https:\/\/www.gkcpro.com\/fr\/product\/10x8-shipping-container\/","og_site_name":"Container House Co., Ltd.","article_modified_time":"2026-04-17T05:53:48+00:00","og_image":[{"width":1000,"height":665,"url":"https:\/\/www.gkcpro.com\/wp-content\/uploads\/2026\/01\/10ft-container.jpg","type":"image\/jpeg"}],"twitter_card":"summary_large_image","twitter_misc":{"Est. reading time":"4 minutes"},"schema":{"@context":"https:\/\/schema.org","@graph":[{"@type":"WebPage","@id":"https:\/\/www.gkcpro.com\/product\/10x8-shipping-container\/","url":"https:\/\/www.gkcpro.com\/product\/10x8-shipping-container\/","name":"Conteneur d'exp\u00e9dition 10x8-Fabricant de conteneurs","isPartOf":{"@id":"https:\/\/www.gkcpro.com\/#website"},"primaryImageOfPage":{"@id":"https:\/\/www.gkcpro.com\/product\/10x8-shipping-container\/#primaryimage"},"image":{"@id":"https:\/\/www.gkcpro.com\/product\/10x8-shipping-container\/#primaryimage"},"thumbnailUrl":"https:\/\/www.gkcpro.com\/wp-content\/uploads\/2026\/01\/10ft-container.jpg","datePublished":"2026-01-30T07:56:22+00:00","dateModified":"2026-04-17T05:53:48+00:00","breadcrumb":{"@id":"https:\/\/www.gkcpro.com\/product\/10x8-shipping-container\/#breadcrumb"},"inLanguage":"fr-FR","potentialAction":[{"@type":"ReadAction","target":["https:\/\/www.gkcpro.com\/product\/10x8-shipping-container\/"]}]},{"@type":"ImageObject","inLanguage":"fr-FR","@id":"https:\/\/www.gkcpro.com\/product\/10x8-shipping-container\/#primaryimage","url":"https:\/\/www.gkcpro.com\/wp-content\/uploads\/2026\/01\/10ft-container.jpg","contentUrl":"https:\/\/www.gkcpro.com\/wp-content\/uploads\/2026\/01\/10ft-container.jpg","width":1000,"height":665,"caption":"10x8 shipping container external dimensions 10 ft length by 8 ft width, robust build suited to enterprise temporary offices and material storage applications"},{"@type":"BreadcrumbList","@id":"https:\/\/www.gkcpro.com\/product\/10x8-shipping-container\/#breadcrumb","itemListElement":[{"@type":"ListItem","position":1,"name":"\u9996\u9875","item":"https:\/\/www.gkcpro.com\/"},{"@type":"ListItem","position":2,"name":"Products","item":"https:\/\/www.gkcpro.com\/shop\/"},{"@type":"ListItem","position":3,"name":"10&#215;8 shipping container\u200b-Container manufacturer"}]},{"@type":"WebSite","@id":"https:\/\/www.gkcpro.com\/#website","url":"https:\/\/www.gkcpro.com\/","name":"Container House Co, Ltd.","description":"Usine de fabrication de maisons en conteneurs","potentialAction":[{"@type":"SearchAction","target":{"@type":"EntryPoint","urlTemplate":"https:\/\/www.gkcpro.com\/?s={search_term_string}"},"query-input":{"@type":"PropertyValueSpecification","valueRequired":true,"valueName":"search_term_string"}}],"inLanguage":"fr-FR"}]}},"_links":{"self":[{"href":"https:\/\/www.gkcpro.com\/fr\/wp-json\/wp\/v2\/product\/945","targetHints":{"allow":["GET"]}}],"collection":[{"href":"https:\/\/www.gkcpro.com\/fr\/wp-json\/wp\/v2\/product"}],"about":[{"href":"https:\/\/www.gkcpro.com\/fr\/wp-json\/wp\/v2\/types\/product"}],"wp:featuredmedia":[{"embeddable":true,"href":"https:\/\/www.gkcpro.com\/fr\/wp-json\/wp\/v2\/media\/947"}],"wp:attachment":[{"href":"https:\/\/www.gkcpro.com\/fr\/wp-json\/wp\/v2\/media?parent=945"}],"wp:term":[{"taxonomy":"product_brand","embeddable":true,"href":"https:\/\/www.gkcpro.com\/fr\/wp-json\/wp\/v2\/product_brand?post=945"},{"taxonomy":"product_cat","embeddable":true,"href":"https:\/\/www.gkcpro.com\/fr\/wp-json\/wp\/v2\/product_cat?post=945"},{"taxonomy":"product_tag","embeddable":true,"href":"https:\/\/www.gkcpro.com\/fr\/wp-json\/wp\/v2\/product_tag?post=945"}],"curies":[{"name":"wp","href":"https:\/\/api.w.org\/{rel}","templated":true}]}}