{"id":938,"date":"2026-01-30T15:07:23","date_gmt":"2026-01-30T07:07:23","guid":{"rendered":"https:\/\/www.gkcpro.com\/?post_type=product&#038;p=938"},"modified":"2026-04-17T13:52:35","modified_gmt":"2026-04-17T05:52:35","slug":"home-sauna-steam-room","status":"publish","type":"product","link":"https:\/\/www.gkcpro.com\/fr\/product\/home-sauna-steam-room\/","title":{"rendered":"Home Sauna Steam Room"},"content":{"rendered":"<p data-start=\"180\" data-end=\"239\">Home Sauna Steam Room : L'exp\u00e9rience de relaxation ultime<\/p>\n<p data-start=\"241\" data-end=\"654\">Si vous \u00eates \u00e0 la recherche d'un moyen de vous d\u00e9tendre et de vous relaxer \u00e0 la maison, une <strong data-start=\"300\" data-end=\"325\">Home sauna hammam<\/strong> est un choix id\u00e9al. A l'heure actuelle <strong data-start=\"349\" data-end=\"377\">Container House Co, Ltd<\/strong>, Nous sommes sp\u00e9cialis\u00e9s dans la fabrication de produits de haute qualit\u00e9. <strong data-start=\"423\" data-end=\"449\">sauna domestique hammam<\/strong> qui apportent le luxe d'une exp\u00e9rience de spa dans votre maison. Que vous cherchiez \u00e0 soulager votre stress, \u00e0 d\u00e9tendre vos muscles ou simplement \u00e0 vous relaxer, nos <strong data-start=\"602\" data-end=\"627\">sauna domestique hammam<\/strong> offre une solution parfaite.<\/p>\n<h2 data-start=\"656\" data-end=\"691\">Qu'est-ce qu'un sauna ou un hammam ?<\/h2>\n<p data-start=\"693\" data-end=\"1021\">A <strong data-start=\"695\" data-end=\"720\">sauna domestique hammam<\/strong> est un espace sp\u00e9cialement con\u00e7u pour utiliser la vapeur afin de promouvoir la relaxation et d'am\u00e9liorer la sant\u00e9. En g\u00e9n\u00e9rant de la chaleur et de l'humidit\u00e9, elle aide \u00e0 ouvrir les pores, \u00e0 d\u00e9sintoxiquer le corps et \u00e0 soulager les tensions. Notre <strong data-start=\"907\" data-end=\"933\">sauna domestique hammam<\/strong> sont fabriqu\u00e9s \u00e0 partir de mat\u00e9riaux durables et de haute qualit\u00e9 afin de garantir la s\u00e9curit\u00e9, le confort et la long\u00e9vit\u00e9.<\/p>\n<p data-start=\"1023\" data-end=\"1300\"><strong data-start=\"1023\" data-end=\"1051\">Container House Co, Ltd<\/strong> fabrique <strong data-start=\"1065\" data-end=\"1091\">sauna hammam<\/strong> en mettant l'accent sur l'efficacit\u00e9 \u00e9nerg\u00e9tique, la facilit\u00e9 d'utilisation et les performances \u00e0 long terme. Ces hammams sont con\u00e7us pour s'int\u00e9grer parfaitement dans n'importe quelle maison, offrant une exp\u00e9rience de spa professionnelle dans le confort de votre propre espace.<\/p>\n<h2 data-start=\"1302\" data-end=\"1343\">Pourquoi choisir nos saunas et hammams \u00e0 domicile ?<\/h2>\n<h3 data-start=\"1345\" data-end=\"1377\">1. Mat\u00e9riaux de premi\u00e8re qualit\u00e9<\/h3>\n<p data-start=\"1379\" data-end=\"1701\">Notre <strong data-start=\"1383\" data-end=\"1409\">sauna hammam<\/strong> sont fabriqu\u00e9s \u00e0 l'aide de mat\u00e9riaux de la plus haute qualit\u00e9. La structure est en acier robuste et r\u00e9sistant \u00e0 la chaleur, tandis que l'int\u00e9rieur est en bois r\u00e9sistant \u00e0 l'humidit\u00e9 et dot\u00e9 d'\u00e9l\u00e9ments chauffants efficaces. La conception garantit une durabilit\u00e9 maximale, afin que vous puissiez profiter d'une exp\u00e9rience haut de gamme pendant de nombreuses ann\u00e9es.<\/p>\n<h3 data-start=\"1703\" data-end=\"1729\">2. Conception personnalisable<\/h3>\n<p data-start=\"1731\" data-end=\"2002\">Nous savons que chaque maison est diff\u00e9rente. C'est pourquoi nous offrons des services enti\u00e8rement personnalisables. <strong data-start=\"1814\" data-end=\"1840\">sauna domestique vapeur <\/strong>\u00a0pour r\u00e9pondre \u00e0 vos besoins sp\u00e9cifiques. De la taille de la pi\u00e8ce au type de bois utilis\u00e9, nous pouvons adapter votre <strong data-start=\"1941\" data-end=\"1961\">sauna hammam<\/strong> pour s'int\u00e9grer parfaitement au d\u00e9cor de votre maison.<\/p>\n<h3 data-start=\"2004\" data-end=\"2026\">3. Avantages pour la sant\u00e9<\/h3>\n<p data-start=\"2028\" data-end=\"2307\">L'utilisation d'un <strong data-start=\"2036\" data-end=\"2061\">sauna domestique hammam<\/strong> offre de nombreux avantages pour la sant\u00e9, notamment l'am\u00e9lioration de la circulation, le soulagement du stress, la relaxation musculaire et la purification de la peau. La vapeur aide \u00e0 nettoyer votre peau et \u00e0 d\u00e9toxifier votre corps, vous laissant une sensation de fra\u00eecheur et de rajeunissement apr\u00e8s chaque s\u00e9ance.<\/p>\n<h3 data-start=\"2309\" data-end=\"2333\">4. Facilit\u00e9 d'installation<\/h3>\n<p data-start=\"2335\" data-end=\"2610\">Notre <strong data-start=\"2339\" data-end=\"2365\">sauna hammam<\/strong> sont con\u00e7us pour une installation facile. Gr\u00e2ce \u00e0 des instructions claires et \u00e0 l'assistance d'un expert, l'installation de votre sauna \u00e0 la maison se fait en douceur et sans tracas. Que vous choisissiez une unit\u00e9 compacte ou un mod\u00e8le personnalis\u00e9 plus grand, vous pourrez profiter de votre sauna en un rien de temps.<\/p>\n<h3 data-start=\"2612\" data-end=\"2654\">5. Efficacit\u00e9 \u00e9nerg\u00e9tique et rentabilit\u00e9<\/h3>\n<p data-start=\"2656\" data-end=\"2906\">Au <strong data-start=\"2659\" data-end=\"2687\">Container House Co, Ltd<\/strong>, Nous donnons la priorit\u00e9 \u00e0 l'efficacit\u00e9 \u00e9nerg\u00e9tique dans toutes nos conceptions. Nos <strong data-start=\"2745\" data-end=\"2771\">salles de sauna \u00e0 domicile<\/strong> utilisent une technologie de chauffage avanc\u00e9e qui chauffe rapidement et maintient des temp\u00e9ratures constantes, ce qui vous aide \u00e0 \u00e9conomiser de l'\u00e9nergie et \u00e0 r\u00e9duire les co\u00fbts.<\/p>\n<h2 data-start=\"3538\" data-end=\"3586\">Avis des clients sur notre sauna \u00e0 domicile et notre hammam<\/h2>\n<p data-start=\"3588\" data-end=\"3800\">\u201cJe n'ai jamais pris de bain aussi relaxant que dans mon nouveau bain. <strong data-start=\"3648\" data-end=\"3673\">sauna domestique hammam<\/strong>. L'installation a \u00e9t\u00e9 facile et la qualit\u00e9 est incroyable. C'est devenu mon endroit pr\u00e9f\u00e9r\u00e9 pour me d\u00e9tendre apr\u00e8s une longue journ\u00e9e !\u201d - Sarah, Australie<\/p>\n<p data-start=\"3802\" data-end=\"3995\">\u201cLe design est exactement ce que je voulais pour ma maison. J'adore la possibilit\u00e9 de le personnaliser et le fait qu'il ne prenne pas beaucoup de place. Je le recommande vivement \u00e0 tous ceux qui cherchent un spa \u00e0 domicile !\u201d - Mark, Royaume-Uni<\/p>\n<p data-start=\"3997\" data-end=\"4157\">\u201cJ'utilise le sauna depuis quelques semaines et il m'a aid\u00e9 \u00e0 r\u00e9cup\u00e9rer mes muscles et \u00e0 soulager mon stress. Je suis tr\u00e8s satisfait du produit.\u201d - James, Canada<\/p>\n<h2 data-start=\"4159\" data-end=\"4201\">Comment commander votre sauna vapeur \u00e0 domicile<\/h2>\n<p data-start=\"4203\" data-end=\"4535\">Au <strong data-start=\"4206\" data-end=\"4234\">Container House Co, Ltd<\/strong>, Nous vous proposons une exp\u00e9rience sans faille, de la conception \u00e0 l'installation. Notre \u00e9quipe travaillera avec vous pour personnaliser votre <strong data-start=\"4344\" data-end=\"4369\">sauna domestique hammam<\/strong> pour r\u00e9pondre \u00e0 vos sp\u00e9cifications. De la consultation initiale \u00e0 la livraison et \u00e0 l'installation, nous sommes l\u00e0 pour veiller \u00e0 ce que vous receviez un produit de la plus haute qualit\u00e9 qui r\u00e9ponde \u00e0 vos besoins.<\/p>\n<h2 data-start=\"4537\" data-end=\"4566\">FAQ : Home Sauna Steam Room<\/h2>\n<p data-start=\"4568\" data-end=\"4727\"><strong data-start=\"4568\" data-end=\"4632\">1. Combien de temps faut-il pour installer un sauna \u00e0 domicile ?<\/strong><br data-start=\"4632\" data-end=\"4635\" \/>L'installation prend g\u00e9n\u00e9ralement 1 \u00e0 2 jours, en fonction de la taille et de la personnalisation de l'unit\u00e9.<\/p>\n<p data-start=\"4729\" data-end=\"4909\"><strong data-start=\"4729\" data-end=\"4759\">2. Est-il efficace sur le plan \u00e9nerg\u00e9tique ?<\/strong><br data-start=\"4759\" data-end=\"4762\" \/>Oui, notre <strong data-start=\"4771\" data-end=\"4797\">salles de sauna \u00e0 domicile<\/strong> sont con\u00e7us avec des caract\u00e9ristiques d'\u00e9conomie d'\u00e9nergie, garantissant une consommation d'\u00e9nergie minimale tout en offrant un confort maximal.<\/p>\n<p data-start=\"4911\" data-end=\"5106\"><strong data-start=\"4911\" data-end=\"4967\">3. Puis-je personnaliser la taille et le design du sauna ?<\/strong><br data-start=\"4967\" data-end=\"4970\" \/>Oui ! Notre <strong data-start=\"4979\" data-end=\"5005\">salles de sauna \u00e0 domicile<\/strong> sont enti\u00e8rement personnalisables en termes de taille, d'essence de bois et d'am\u00e9nagement int\u00e9rieur pour s'adapter parfaitement \u00e0 votre espace.<\/p>\n<p data-start=\"5108\" data-end=\"5290\"><strong data-start=\"5108\" data-end=\"5172\">4. Quels sont les avantages pour la sant\u00e9 de l'utilisation d'un sauna et d'un hammam ?<\/strong><br data-start=\"5172\" data-end=\"5175\" \/>L'utilisation d'un sauna hammam favorise une meilleure circulation, la relaxation musculaire, la r\u00e9duction du stress et la d\u00e9sintoxication de la peau.<\/p>\n<h2 data-start=\"5292\" data-end=\"5305\">Conclusion<\/h2>\n<p data-start=\"5307\" data-end=\"5622\">A <strong data-start=\"5309\" data-end=\"5334\">salle de sauna<\/strong> est plus qu'un luxe, c'est un investissement dans votre bien-\u00eatre. \u00c0 l'adresse <strong data-start=\"5405\" data-end=\"5433\">Container House Co, Ltd<\/strong>, En tant que fabricant de saunas et de hammams, nous fabriquons des saunas et des hammams de haute qualit\u00e9, personnalisables et con\u00e7us pour r\u00e9pondre \u00e0 vos besoins. Que vous recherchiez la d\u00e9tente ou les bienfaits pour la sant\u00e9, nos saunas sont la solution id\u00e9ale.<\/p>\n<p data-start=\"5624\" data-end=\"5781\">\ud83d\udc49 <strong data-start=\"5627\" data-end=\"5647\">Contactez-nous d\u00e8s aujourd'hui<\/strong> pour obtenir un devis gratuit pour votre <strong data-start=\"5677\" data-end=\"5702\">sauna domestique hammam<\/strong> et d\u00e9couvrez comment nous pouvons vous aider \u00e0 cr\u00e9er une exp\u00e9rience de spa personnalis\u00e9e \u00e0 la maison.<\/p>","protected":false},"excerpt":{"rendered":"<p>Home Sauna Steam Room: The Ultimate Relaxation Experience If you&#8217;re looking for a way to unwind and relax at home, a Home sauna steam room is an ideal choice. At Container House Co., Ltd, we specialize in manufacturing high-quality home sauna steam rooms that bring the luxury of a spa experience right into your home. [&hellip;]<\/p>","protected":false},"featured_media":944,"template":"","meta":[],"product_brand":[],"product_cat":[19],"product_tag":[],"class_list":{"0":"post-938","1":"product","2":"type-product","3":"status-publish","4":"has-post-thumbnail","6":"product_cat-sauna-room","8":"first","9":"instock","10":"shipping-taxable","11":"product-type-simple"},"yoast_head":"<!-- This site is optimized with the Yoast SEO plugin v26.6 - https:\/\/yoast.com\/wordpress\/plugins\/seo\/ -->\n<title>Home Sauna Steam Room - china container house manufacturer<\/title>\n<meta name=\"description\" content=\"Home Sauna Steam Room manufacturer in China offering wholesale custom OEM ODM solutions for distributors exporters and dealers.\" \/>\n<meta name=\"robots\" content=\"index, follow, max-snippet:-1, max-image-preview:large, max-video-preview:-1\" \/>\n<link rel=\"canonical\" href=\"https:\/\/www.gkcpro.com\/fr\/product\/home-sauna-steam-room\/\" \/>\n<meta property=\"og:locale\" content=\"fr_FR\" \/>\n<meta property=\"og:type\" content=\"article\" \/>\n<meta property=\"og:title\" content=\"Home Sauna Steam Room - china container house manufacturer\" \/>\n<meta property=\"og:description\" content=\"Home Sauna Steam Room manufacturer in China offering wholesale custom OEM ODM solutions for distributors exporters and dealers.\" \/>\n<meta property=\"og:url\" content=\"https:\/\/www.gkcpro.com\/fr\/product\/home-sauna-steam-room\/\" \/>\n<meta property=\"og:site_name\" content=\"Container House Co., Ltd.\" \/>\n<meta property=\"article:modified_time\" content=\"2026-04-17T05:52:35+00:00\" \/>\n<meta property=\"og:image\" content=\"https:\/\/www.gkcpro.com\/wp-content\/uploads\/2026\/01\/outdoor-sauna.jpg\" \/>\n\t<meta property=\"og:image:width\" content=\"800\" \/>\n\t<meta property=\"og:image:height\" content=\"800\" \/>\n\t<meta property=\"og:image:type\" content=\"image\/jpeg\" \/>\n<meta name=\"twitter:card\" content=\"summary_large_image\" \/>\n<meta name=\"twitter:label1\" content=\"Est. reading time\" \/>\n\t<meta name=\"twitter:data1\" content=\"4 minutes\" \/>\n<script type=\"application\/ld+json\" class=\"yoast-schema-graph\">{\"@context\":\"https:\/\/schema.org\",\"@graph\":[{\"@type\":\"WebPage\",\"@id\":\"https:\/\/www.gkcpro.com\/product\/home-sauna-steam-room\/\",\"url\":\"https:\/\/www.gkcpro.com\/product\/home-sauna-steam-room\/\",\"name\":\"Home Sauna Steam Room - china container house manufacturer\",\"isPartOf\":{\"@id\":\"https:\/\/www.gkcpro.com\/#website\"},\"primaryImageOfPage\":{\"@id\":\"https:\/\/www.gkcpro.com\/product\/home-sauna-steam-room\/#primaryimage\"},\"image\":{\"@id\":\"https:\/\/www.gkcpro.com\/product\/home-sauna-steam-room\/#primaryimage\"},\"thumbnailUrl\":\"https:\/\/www.gkcpro.com\/wp-content\/uploads\/2026\/01\/outdoor-sauna.jpg\",\"datePublished\":\"2026-01-30T07:07:23+00:00\",\"dateModified\":\"2026-04-17T05:52:35+00:00\",\"description\":\"Home Sauna Steam Room manufacturer in China offering wholesale custom OEM ODM solutions for distributors exporters and dealers.\",\"breadcrumb\":{\"@id\":\"https:\/\/www.gkcpro.com\/product\/home-sauna-steam-room\/#breadcrumb\"},\"inLanguage\":\"fr-FR\",\"potentialAction\":[{\"@type\":\"ReadAction\",\"target\":[\"https:\/\/www.gkcpro.com\/product\/home-sauna-steam-room\/\"]}]},{\"@type\":\"ImageObject\",\"inLanguage\":\"fr-FR\",\"@id\":\"https:\/\/www.gkcpro.com\/product\/home-sauna-steam-room\/#primaryimage\",\"url\":\"https:\/\/www.gkcpro.com\/wp-content\/uploads\/2026\/01\/outdoor-sauna.jpg\",\"contentUrl\":\"https:\/\/www.gkcpro.com\/wp-content\/uploads\/2026\/01\/outdoor-sauna.jpg\",\"width\":800,\"height\":800,\"caption\":\"Modern stylish Home Sauna Steam Room with glass panels produced by dedicated manufacturing factory China wholesaler\"},{\"@type\":\"BreadcrumbList\",\"@id\":\"https:\/\/www.gkcpro.com\/product\/home-sauna-steam-room\/#breadcrumb\",\"itemListElement\":[{\"@type\":\"ListItem\",\"position\":1,\"name\":\"\u9996\u9875\",\"item\":\"https:\/\/www.gkcpro.com\/\"},{\"@type\":\"ListItem\",\"position\":2,\"name\":\"Products\",\"item\":\"https:\/\/www.gkcpro.com\/shop\/\"},{\"@type\":\"ListItem\",\"position\":3,\"name\":\"Home Sauna Steam Room\"}]},{\"@type\":\"WebSite\",\"@id\":\"https:\/\/www.gkcpro.com\/#website\",\"url\":\"https:\/\/www.gkcpro.com\/\",\"name\":\"Container House Co., Ltd.\",\"description\":\"Container House factory\",\"potentialAction\":[{\"@type\":\"SearchAction\",\"target\":{\"@type\":\"EntryPoint\",\"urlTemplate\":\"https:\/\/www.gkcpro.com\/?s={search_term_string}\"},\"query-input\":{\"@type\":\"PropertyValueSpecification\",\"valueRequired\":true,\"valueName\":\"search_term_string\"}}],\"inLanguage\":\"fr-FR\"}]}<\/script>\n<!-- \/ Yoast SEO plugin. -->","yoast_head_json":{"title":"Home Sauna Steam Room - china container house manufacturer","description":"Home Sauna Steam Room manufacturer in China offering wholesale custom OEM ODM solutions for distributors exporters and dealers.","robots":{"index":"index","follow":"follow","max-snippet":"max-snippet:-1","max-image-preview":"max-image-preview:large","max-video-preview":"max-video-preview:-1"},"canonical":"https:\/\/www.gkcpro.com\/fr\/product\/home-sauna-steam-room\/","og_locale":"fr_FR","og_type":"article","og_title":"Home Sauna Steam Room - china container house manufacturer","og_description":"Home Sauna Steam Room manufacturer in China offering wholesale custom OEM ODM solutions for distributors exporters and dealers.","og_url":"https:\/\/www.gkcpro.com\/fr\/product\/home-sauna-steam-room\/","og_site_name":"Container House Co., Ltd.","article_modified_time":"2026-04-17T05:52:35+00:00","og_image":[{"width":800,"height":800,"url":"https:\/\/www.gkcpro.com\/wp-content\/uploads\/2026\/01\/outdoor-sauna.jpg","type":"image\/jpeg"}],"twitter_card":"summary_large_image","twitter_misc":{"Est. reading time":"4 minutes"},"schema":{"@context":"https:\/\/schema.org","@graph":[{"@type":"WebPage","@id":"https:\/\/www.gkcpro.com\/product\/home-sauna-steam-room\/","url":"https:\/\/www.gkcpro.com\/product\/home-sauna-steam-room\/","name":"Home Sauna Steam Room - china container house manufacturer","isPartOf":{"@id":"https:\/\/www.gkcpro.com\/#website"},"primaryImageOfPage":{"@id":"https:\/\/www.gkcpro.com\/product\/home-sauna-steam-room\/#primaryimage"},"image":{"@id":"https:\/\/www.gkcpro.com\/product\/home-sauna-steam-room\/#primaryimage"},"thumbnailUrl":"https:\/\/www.gkcpro.com\/wp-content\/uploads\/2026\/01\/outdoor-sauna.jpg","datePublished":"2026-01-30T07:07:23+00:00","dateModified":"2026-04-17T05:52:35+00:00","description":"Home Sauna Steam Room manufacturer in China offering wholesale custom OEM ODM solutions for distributors exporters and dealers.","breadcrumb":{"@id":"https:\/\/www.gkcpro.com\/product\/home-sauna-steam-room\/#breadcrumb"},"inLanguage":"fr-FR","potentialAction":[{"@type":"ReadAction","target":["https:\/\/www.gkcpro.com\/product\/home-sauna-steam-room\/"]}]},{"@type":"ImageObject","inLanguage":"fr-FR","@id":"https:\/\/www.gkcpro.com\/product\/home-sauna-steam-room\/#primaryimage","url":"https:\/\/www.gkcpro.com\/wp-content\/uploads\/2026\/01\/outdoor-sauna.jpg","contentUrl":"https:\/\/www.gkcpro.com\/wp-content\/uploads\/2026\/01\/outdoor-sauna.jpg","width":800,"height":800,"caption":"Modern stylish Home Sauna Steam Room with glass panels produced by dedicated manufacturing factory China wholesaler"},{"@type":"BreadcrumbList","@id":"https:\/\/www.gkcpro.com\/product\/home-sauna-steam-room\/#breadcrumb","itemListElement":[{"@type":"ListItem","position":1,"name":"\u9996\u9875","item":"https:\/\/www.gkcpro.com\/"},{"@type":"ListItem","position":2,"name":"Products","item":"https:\/\/www.gkcpro.com\/shop\/"},{"@type":"ListItem","position":3,"name":"Home Sauna Steam Room"}]},{"@type":"WebSite","@id":"https:\/\/www.gkcpro.com\/#website","url":"https:\/\/www.gkcpro.com\/","name":"Container House Co, Ltd.","description":"Usine de fabrication de maisons en conteneurs","potentialAction":[{"@type":"SearchAction","target":{"@type":"EntryPoint","urlTemplate":"https:\/\/www.gkcpro.com\/?s={search_term_string}"},"query-input":{"@type":"PropertyValueSpecification","valueRequired":true,"valueName":"search_term_string"}}],"inLanguage":"fr-FR"}]}},"_links":{"self":[{"href":"https:\/\/www.gkcpro.com\/fr\/wp-json\/wp\/v2\/product\/938","targetHints":{"allow":["GET"]}}],"collection":[{"href":"https:\/\/www.gkcpro.com\/fr\/wp-json\/wp\/v2\/product"}],"about":[{"href":"https:\/\/www.gkcpro.com\/fr\/wp-json\/wp\/v2\/types\/product"}],"wp:featuredmedia":[{"embeddable":true,"href":"https:\/\/www.gkcpro.com\/fr\/wp-json\/wp\/v2\/media\/944"}],"wp:attachment":[{"href":"https:\/\/www.gkcpro.com\/fr\/wp-json\/wp\/v2\/media?parent=938"}],"wp:term":[{"taxonomy":"product_brand","embeddable":true,"href":"https:\/\/www.gkcpro.com\/fr\/wp-json\/wp\/v2\/product_brand?post=938"},{"taxonomy":"product_cat","embeddable":true,"href":"https:\/\/www.gkcpro.com\/fr\/wp-json\/wp\/v2\/product_cat?post=938"},{"taxonomy":"product_tag","embeddable":true,"href":"https:\/\/www.gkcpro.com\/fr\/wp-json\/wp\/v2\/product_tag?post=938"}],"curies":[{"name":"wp","href":"https:\/\/api.w.org\/{rel}","templated":true}]}}