{"id":922,"date":"2026-01-30T11:44:16","date_gmt":"2026-01-30T03:44:16","guid":{"rendered":"https:\/\/www.gkcpro.com\/?post_type=product&#038;p=922"},"modified":"2026-04-17T13:43:02","modified_gmt":"2026-04-17T05:43:02","slug":"40ft-used-shipping-container","status":"publish","type":"product","link":"https:\/\/www.gkcpro.com\/fr\/product\/40ft-used-shipping-container\/","title":{"rendered":"Conteneur d'exp\u00e9dition usag\u00e9 de 40 pieds"},"content":{"rendered":"<p data-start=\"213\" data-end=\"284\">Conteneur d'exp\u00e9dition d'occasion de 40 pieds : Solutions fiables de stockage et d'exp\u00e9dition<\/p>\n<p data-start=\"286\" data-end=\"663\">Vous cherchez une solution de stockage abordable et durable ? A <strong data-start=\"344\" data-end=\"376\">Conteneur d'exp\u00e9dition usag\u00e9 de 40 pieds<\/strong> est le choix id\u00e9al. A l'adresse <strong data-start=\"403\" data-end=\"431\">Container House Co, Ltd<\/strong>, Nous sommes sp\u00e9cialis\u00e9s dans la fabrication et la remise \u00e0 neuf de produits de haute qualit\u00e9. <strong data-start=\"494\" data-end=\"522\">Conteneurs maritimes de 40 pieds<\/strong> pour les besoins de stockage et d'exp\u00e9dition. Ces conteneurs sont con\u00e7us pour r\u00e9sister aux conditions les plus difficiles, garantissant que vos marchandises restent en s\u00e9curit\u00e9 et au sec.<\/p>\n<h2 data-start=\"665\" data-end=\"707\">Qu'est-ce qu'un conteneur d'exp\u00e9dition usag\u00e9 de 40 pieds ?<\/h2>\n<p data-start=\"709\" data-end=\"999\">A <strong data-start=\"711\" data-end=\"743\">conteneur d'exp\u00e9dition usag\u00e9<\/strong> est un grand conteneur en acier couramment utilis\u00e9 pour le transport de marchandises par voie maritime, ferroviaire ou routi\u00e8re. Fabriqu\u00e9s selon les normes internationales, ces conteneurs sont id\u00e9aux pour le stockage et le transport, offrant une solution rentable sans compromis sur la durabilit\u00e9.<\/p>\n<p data-start=\"1001\" data-end=\"1157\">Au <strong data-start=\"1004\" data-end=\"1032\">Container House Co, Ltd<\/strong>, Nos conteneurs sont remis \u00e0 neuf selon les normes les plus strictes, ce qui garantit qu'ils sont pr\u00eats \u00e0 \u00eatre utilis\u00e9s imm\u00e9diatement dans n'importe quel environnement.<\/p>\n<hr data-start=\"1159\" data-end=\"1162\" \/>\n<h2 data-start=\"1164\" data-end=\"1218\">Comment fabrique-t-on un conteneur d'exp\u00e9dition de 40 pieds ?<\/h2>\n<p data-start=\"1220\" data-end=\"1390\">Notre <strong data-start=\"1224\" data-end=\"1257\">Conteneurs maritimes usag\u00e9s de 40 pieds<\/strong> sont soumis \u00e0 un processus de fabrication et de remise \u00e0 neuf d\u00e9taill\u00e9, garantissant que chaque conteneur est solide, s\u00fbr et con\u00e7u pour durer.<\/p>\n<h3 data-start=\"1392\" data-end=\"1418\">1. Pr\u00e9paration de l'acier<\/h3>\n<p data-start=\"1419\" data-end=\"1526\">Le processus commence par des bobines d'acier de haute qualit\u00e9 qui sont aplaties et nettoy\u00e9es pour \u00e9liminer toute trace de rouille ou de poussi\u00e8re.<\/p>\n<h3 data-start=\"1528\" data-end=\"1557\">2. Assemblage et soudage<\/h3>\n<p data-start=\"1558\" data-end=\"1723\">Les t\u00f4les d'acier sont d\u00e9coup\u00e9es et assembl\u00e9es en panneaux de conteneurs, qui sont soud\u00e9s pour former la structure du conteneur. Ce processus garantit la solidit\u00e9 et la stabilit\u00e9 du conteneur.<\/p>\n<h3 data-start=\"1725\" data-end=\"1761\">3. Inspection et remise \u00e0 neuf<\/h3>\n<p data-start=\"1762\" data-end=\"1887\">Chaque <strong data-start=\"1767\" data-end=\"1794\">Conteneur d'exp\u00e9dition de 40 pieds<\/strong> fait l'objet d'un contr\u00f4le approfondi. Les pi\u00e8ces endommag\u00e9es sont remplac\u00e9es pour r\u00e9pondre \u00e0 nos normes de qualit\u00e9.<\/p>\n<h3 data-start=\"1889\" data-end=\"1918\">4. Peinture et \u00e9tanch\u00e9it\u00e9<\/h3>\n<p data-start=\"1919\" data-end=\"2065\">Une couche de peinture protectrice est appliqu\u00e9e sur l'acier pour \u00e9viter la corrosion. Les joints de porte et les articulations sont v\u00e9rifi\u00e9s pour garantir l'\u00e9tanch\u00e9it\u00e9 du conteneur.<\/p>\n<hr data-start=\"2067\" data-end=\"2070\" \/>\n<h2 data-start=\"2072\" data-end=\"2126\">Sp\u00e9cifications du conteneur d'exp\u00e9dition usag\u00e9 de 40 pieds<\/h2>\n<p data-start=\"2128\" data-end=\"2253\">Notre <strong data-start=\"2132\" data-end=\"2165\">Conteneurs maritimes usag\u00e9s de 40 pieds<\/strong> sont fabriqu\u00e9s conform\u00e9ment aux normes internationales. Voici les principales sp\u00e9cifications :<\/p>\n<p data-start=\"2128\" data-end=\"2253\">\n<table id=\"tablepress-21\" class=\"tablepress tablepress-id-21\">\n<thead>\n<tr class=\"row-1\">\n\t<th class=\"column-1\"><strong>Sp\u00e9cifications<\/strong><\/th><th class=\"column-2\"><strong>Conteneur d'exp\u00e9dition usag\u00e9 de 40 pieds<\/strong><\/th>\n<\/tr>\n<\/thead>\n<tbody class=\"row-striping row-hover\">\n<tr class=\"row-2\">\n\t<td class=\"column-1\"><strong>Longueur ext\u00e9rieure<\/strong><\/td><td class=\"column-2\">12,03 m\u00e8tres (40 pieds)<\/td>\n<\/tr>\n<tr class=\"row-3\">\n\t<td class=\"column-1\"><strong>Largeur ext\u00e9rieure<\/strong><\/td><td class=\"column-2\">2,44 m\u00e8tres (8 pieds)<\/td>\n<\/tr>\n<tr class=\"row-4\">\n\t<td class=\"column-1\"><strong>Hauteur ext\u00e9rieure<\/strong><\/td><td class=\"column-2\">2,59 m\u00e8tres (8,5 pieds)<\/td>\n<\/tr>\n<tr class=\"row-5\">\n\t<td class=\"column-1\"><strong>Longueur interne<\/strong><\/td><td class=\"column-2\">11,58 m\u00e8tres<\/td>\n<\/tr>\n<tr class=\"row-6\">\n\t<td class=\"column-1\"><strong>Largeur interne<\/strong><\/td><td class=\"column-2\">2,35 m\u00e8tres<\/td>\n<\/tr>\n<tr class=\"row-7\">\n\t<td class=\"column-1\"><strong>Hauteur int\u00e9rieure<\/strong><\/td><td class=\"column-2\">2,39 m\u00e8tres<\/td>\n<\/tr>\n<tr class=\"row-8\">\n\t<td class=\"column-1\"><strong>Poids<\/strong><\/td><td class=\"column-2\">Environ 3 800 kg<\/td>\n<\/tr>\n<tr class=\"row-9\">\n\t<td class=\"column-1\"><strong>Capacit\u00e9<\/strong><\/td><td class=\"column-2\">67,5 m\u00e8tres cubes<\/td>\n<\/tr>\n<tr class=\"row-10\">\n\t<td class=\"column-1\"><strong>Charge utile maximale<\/strong><\/td><td class=\"column-2\">26 000 kg<\/td>\n<\/tr>\n<\/tbody>\n<\/table>\n<!-- #tablepress-21 from cache --><\/p>\n<h2 data-start=\"2880\" data-end=\"2928\">Pourquoi choisir nos conteneurs d'exp\u00e9dition de 40 pieds utilis\u00e9s ?<\/h2>\n<ul data-start=\"2930\" data-end=\"3493\">\n<li data-start=\"2930\" data-end=\"3068\">\n<p data-start=\"2932\" data-end=\"3068\"><strong data-start=\"2932\" data-end=\"2950\">Rentabilit\u00e9<\/strong>: Notre <strong data-start=\"2956\" data-end=\"2989\">Conteneurs maritimes usag\u00e9s de 40 pieds<\/strong> sont une option \u00e9conomique, offrant un excellent rapport qualit\u00e9-prix par rapport aux nouveaux conteneurs.<\/p>\n<\/li>\n<li data-start=\"3069\" data-end=\"3234\">\n<p data-start=\"3071\" data-end=\"3234\"><strong data-start=\"3071\" data-end=\"3082\">Durable<\/strong>: Nous remettons \u00e0 neuf chaque conteneur afin qu'il soit pr\u00eat \u00e0 \u00eatre utilis\u00e9 dans divers environnements, que ce soit pour l'exp\u00e9dition, le stockage ou la transformation en d'autres structures.<\/p>\n<\/li>\n<li data-start=\"3235\" data-end=\"3393\">\n<p data-start=\"3237\" data-end=\"3393\"><strong data-start=\"3237\" data-end=\"3250\">Polyvalent<\/strong>: Parfait pour le stockage, la construction ou m\u00eame les projets personnalis\u00e9s. Les <strong data-start=\"3316\" data-end=\"3348\">Conteneur d'exp\u00e9dition usag\u00e9 de 40 pieds<\/strong> offre un vaste espace pour un large \u00e9ventail d'utilisations.<\/p>\n<\/li>\n<li data-start=\"3394\" data-end=\"3493\">\n<p data-start=\"3396\" data-end=\"3493\"><strong data-start=\"3396\" data-end=\"3412\">Respect de l'environnement<\/strong>: En choisissant un conteneur usag\u00e9, vous contribuez \u00e0 r\u00e9duire les d\u00e9chets et \u00e0 promouvoir le d\u00e9veloppement durable.<\/p>\n<\/li>\n<\/ul>\n<hr data-start=\"3495\" data-end=\"3498\" \/>\n<h2 data-start=\"3500\" data-end=\"3577\">Pourquoi choisir Container House Co. pour votre conteneur d'exp\u00e9dition usag\u00e9 ?<\/h2>\n<p data-start=\"3579\" data-end=\"3775\">Nous sommes l'un des principaux <strong data-start=\"3596\" data-end=\"3612\">fabricant<\/strong> de <strong data-start=\"3616\" data-end=\"3649\">Conteneurs maritimes usag\u00e9s de 40 pieds<\/strong>, Nous sommes des sp\u00e9cialistes de la qualit\u00e9 et de la personnalisation. Nos conteneurs sont enti\u00e8rement inspect\u00e9s et remis \u00e0 neuf pour r\u00e9pondre aux normes les plus strictes.<\/p>\n<ul data-start=\"3777\" data-end=\"4156\">\n<li data-start=\"3777\" data-end=\"3932\">\n<p data-start=\"3779\" data-end=\"3932\"><strong data-start=\"3779\" data-end=\"3796\">Personnalisation<\/strong>: Nous proposons des modifications personnalis\u00e9es pour votre <strong data-start=\"3837\" data-end=\"3864\">Conteneur d'exp\u00e9dition de 40 pieds<\/strong>, Il s'agit notamment de portes suppl\u00e9mentaires, d'\u00e9tag\u00e8res, d'isolation et de ventilation.<\/p>\n<\/li>\n<li data-start=\"3933\" data-end=\"4017\">\n<p data-start=\"3935\" data-end=\"4017\"><strong data-start=\"3935\" data-end=\"3955\">Livraison dans les d\u00e9lais<\/strong>: Nous garantissons une livraison dans les d\u00e9lais pour les commandes individuelles et les commandes group\u00e9es.<\/p>\n<\/li>\n<li data-start=\"4018\" data-end=\"4156\">\n<p data-start=\"4020\" data-end=\"4156\"><strong data-start=\"4020\" data-end=\"4047\">Abordable et fiable<\/strong>: Avec des prix comp\u00e9titifs et une assurance qualit\u00e9, nous offrons la meilleure valeur pour vos besoins d'exp\u00e9dition ou de stockage.<\/p>\n<\/li>\n<\/ul>\n<hr data-start=\"4158\" data-end=\"4161\" \/>\n<h2 data-start=\"4163\" data-end=\"4200\">FAQ - Conteneur d'exp\u00e9dition usag\u00e9 de 40 pieds<\/h2>\n<p data-start=\"4202\" data-end=\"4385\"><strong data-start=\"4202\" data-end=\"4257\">1. Puis-je utiliser un conteneur maritime de 40 pieds pour le stockage ?<\/strong><br data-start=\"4257\" data-end=\"4260\" \/>Oui, notre <strong data-start=\"4269\" data-end=\"4302\">Conteneurs maritimes usag\u00e9s de 40 pieds<\/strong> sont id\u00e9ales pour le stockage et peuvent \u00eatre utilis\u00e9es pour stocker des marchandises, des \u00e9quipements et des mat\u00e9riaux.<\/p>\n<p data-start=\"4387\" data-end=\"4552\"><strong data-start=\"4387\" data-end=\"4445\">2. Comment puis-je m'assurer que le conteneur est en bon \u00e9tat ?<\/strong><br data-start=\"4445\" data-end=\"4448\" \/>Nous inspectons et remettons \u00e0 neuf chaque conteneur afin de nous assurer qu'il r\u00e9pond \u00e0 nos normes \u00e9lev\u00e9es en mati\u00e8re de s\u00e9curit\u00e9 et de durabilit\u00e9.<\/p>\n<p data-start=\"4554\" data-end=\"4727\"><strong data-start=\"4554\" data-end=\"4609\">3. Puis-je personnaliser mon conteneur d'exp\u00e9dition usag\u00e9 ?<\/strong><br data-start=\"4609\" data-end=\"4612\" \/>Oui, nous proposons des modifications personnalis\u00e9es pour r\u00e9pondre \u00e0 vos besoins sp\u00e9cifiques, tels que l'ajout d'\u00e9tag\u00e8res, l'isolation et la ventilation.<\/p>\n<p data-start=\"4729\" data-end=\"4923\"><strong data-start=\"4729\" data-end=\"4785\">4. Quelle est la dur\u00e9e de vie d'un conteneur usag\u00e9 de 40 pieds ?<\/strong><br data-start=\"4785\" data-end=\"4788\" \/>Avec un entretien ad\u00e9quat, un <strong data-start=\"4815\" data-end=\"4847\">conteneur d'exp\u00e9dition usag\u00e9<\/strong> peuvent durer de nombreuses ann\u00e9es, offrant des solutions de stockage et d'exp\u00e9dition fiables.<\/p>\n<hr data-start=\"4925\" data-end=\"4928\" \/>\n<h2 data-start=\"4930\" data-end=\"5000\">Conclusion : Choisissez nos conteneurs d'exp\u00e9dition usag\u00e9s de 40 pieds pour vos besoins<\/h2>\n<p data-start=\"5002\" data-end=\"5264\">A <strong data-start=\"5004\" data-end=\"5036\">Conteneurs maritimes usag\u00e9s de 40 pieds <\/strong>offre une solution polyvalente et rentable pour le stockage et l'exp\u00e9dition. A l'heure actuelle <strong data-start=\"5113\" data-end=\"5141\">Container House Co, Ltd<\/strong>, Nous fabriquons et remettons \u00e0 neuf des conteneurs afin qu'ils r\u00e9pondent aux normes les plus strictes et soient pr\u00eats \u00e0 \u00eatre utilis\u00e9s dans divers environnements.<\/p>\n<p data-start=\"5266\" data-end=\"5399\" data-is-last-node=\"\" data-is-only-node=\"\">\ud83d\udc49 <strong data-start=\"5269\" data-end=\"5289\">Contactez-nous d\u00e8s aujourd'hui<\/strong> pour obtenir un devis ou en savoir plus sur notre <strong data-start=\"5329\" data-end=\"5362\">Conteneurs maritimes usag\u00e9s de 40 pieds<\/strong> et comment ils peuvent aider votre entreprise.<\/p>","protected":false},"excerpt":{"rendered":"<p><img loading=\"lazy\" decoding=\"async\" class=\"alignnone size-full wp-image-1139\" src=\"https:\/\/www.gkcpro.com\/wp-content\/uploads\/2026\/02\/evaluate.jpg\" alt=\"Mes conteneurs sont export\u00e9s dans de nombreux pays ; voici un aper\u00e7u des t\u00e9moignages de nos clients.\" width=\"1000\" height=\"474\" srcset=\"https:\/\/www.gkcpro.com\/wp-content\/uploads\/2026\/02\/evaluate.jpg 1000w, https:\/\/www.gkcpro.com\/wp-content\/uploads\/2026\/02\/evaluate-300x142.jpg 300w, https:\/\/www.gkcpro.com\/wp-content\/uploads\/2026\/02\/evaluate-768x364.jpg 768w, https:\/\/www.gkcpro.com\/wp-content\/uploads\/2026\/02\/evaluate-18x9.jpg 18w, https:\/\/www.gkcpro.com\/wp-content\/uploads\/2026\/02\/evaluate-624x296.jpg 624w, https:\/\/www.gkcpro.com\/wp-content\/uploads\/2026\/02\/evaluate-800x379.jpg 800w\" sizes=\"auto, (max-width: 1000px) 100vw, 1000px\" \/><img loading=\"lazy\" decoding=\"async\" class=\"alignnone wp-image-1137 size-full\" src=\"https:\/\/www.gkcpro.com\/wp-content\/uploads\/2026\/02\/container-house-certificates.jpg\" alt=\"Pr\u00e9sentation des certifications internationales incluant ISO 9001, CE, et les certifications de s\u00e9curit\u00e9 structurelle pour nos maisons-conteneurs et conteneurs \u00e0 l&#039;exportation.\" width=\"1470\" height=\"2000\" srcset=\"https:\/\/www.gkcpro.com\/wp-content\/uploads\/2026\/02\/container-house-certificates.jpg 1470w, https:\/\/www.gkcpro.com\/wp-content\/uploads\/2026\/02\/container-house-certificates-221x300.jpg 221w, https:\/\/www.gkcpro.com\/wp-content\/uploads\/2026\/02\/container-house-certificates-753x1024.jpg 753w, https:\/\/www.gkcpro.com\/wp-content\/uploads\/2026\/02\/container-house-certificates-768x1045.jpg 768w, https:\/\/www.gkcpro.com\/wp-content\/uploads\/2026\/02\/container-house-certificates-1129x1536.jpg 1129w, https:\/\/www.gkcpro.com\/wp-content\/uploads\/2026\/02\/container-house-certificates-9x12.jpg 9w, https:\/\/www.gkcpro.com\/wp-content\/uploads\/2026\/02\/container-house-certificates-624x849.jpg 624w, https:\/\/www.gkcpro.com\/wp-content\/uploads\/2026\/02\/container-house-certificates-800x1088.jpg 800w\" sizes=\"auto, (max-width: 1470px) 100vw, 1470px\" \/><\/p>","protected":false},"featured_media":925,"template":"","meta":[],"product_brand":[],"product_cat":[49],"product_tag":[],"class_list":{"0":"post-922","1":"product","2":"type-product","3":"status-publish","4":"has-post-thumbnail","6":"product_cat-reefer-container-and-dry-container","8":"first","9":"instock","10":"shipping-taxable","11":"product-type-simple"},"yoast_head":"<!-- This site is optimized with the Yoast SEO plugin v26.6 - https:\/\/yoast.com\/wordpress\/plugins\/seo\/ -->\n<title>40ft used shipping container\u200b - china container manufacturer<\/title>\n<meta name=\"robots\" content=\"index, follow, max-snippet:-1, max-image-preview:large, max-video-preview:-1\" \/>\n<link rel=\"canonical\" href=\"https:\/\/www.gkcpro.com\/fr\/product\/40ft-used-shipping-container\/\" \/>\n<meta property=\"og:locale\" content=\"fr_FR\" \/>\n<meta property=\"og:type\" content=\"article\" \/>\n<meta property=\"og:title\" content=\"40ft used shipping container\u200b - china container manufacturer\" \/>\n<meta property=\"og:url\" content=\"https:\/\/www.gkcpro.com\/fr\/product\/40ft-used-shipping-container\/\" \/>\n<meta property=\"og:site_name\" content=\"Container House Co., Ltd.\" \/>\n<meta property=\"article:modified_time\" content=\"2026-04-17T05:43:02+00:00\" \/>\n<meta property=\"og:image\" content=\"https:\/\/www.gkcpro.com\/wp-content\/uploads\/2026\/01\/used-container.jpg\" \/>\n\t<meta property=\"og:image:width\" content=\"800\" \/>\n\t<meta property=\"og:image:height\" content=\"800\" \/>\n\t<meta property=\"og:image:type\" content=\"image\/jpeg\" \/>\n<meta name=\"twitter:card\" content=\"summary_large_image\" \/>\n<meta name=\"twitter:label1\" content=\"Est. reading time\" \/>\n\t<meta name=\"twitter:data1\" content=\"4 minutes\" \/>\n<script type=\"application\/ld+json\" class=\"yoast-schema-graph\">{\"@context\":\"https:\/\/schema.org\",\"@graph\":[{\"@type\":\"WebPage\",\"@id\":\"https:\/\/www.gkcpro.com\/product\/40ft-used-shipping-container\/\",\"url\":\"https:\/\/www.gkcpro.com\/product\/40ft-used-shipping-container\/\",\"name\":\"40ft used shipping container\u200b - china container manufacturer\",\"isPartOf\":{\"@id\":\"https:\/\/www.gkcpro.com\/#website\"},\"primaryImageOfPage\":{\"@id\":\"https:\/\/www.gkcpro.com\/product\/40ft-used-shipping-container\/#primaryimage\"},\"image\":{\"@id\":\"https:\/\/www.gkcpro.com\/product\/40ft-used-shipping-container\/#primaryimage\"},\"thumbnailUrl\":\"https:\/\/www.gkcpro.com\/wp-content\/uploads\/2026\/01\/used-container.jpg\",\"datePublished\":\"2026-01-30T03:44:16+00:00\",\"dateModified\":\"2026-04-17T05:43:02+00:00\",\"breadcrumb\":{\"@id\":\"https:\/\/www.gkcpro.com\/product\/40ft-used-shipping-container\/#breadcrumb\"},\"inLanguage\":\"fr-FR\",\"potentialAction\":[{\"@type\":\"ReadAction\",\"target\":[\"https:\/\/www.gkcpro.com\/product\/40ft-used-shipping-container\/\"]}]},{\"@type\":\"ImageObject\",\"inLanguage\":\"fr-FR\",\"@id\":\"https:\/\/www.gkcpro.com\/product\/40ft-used-shipping-container\/#primaryimage\",\"url\":\"https:\/\/www.gkcpro.com\/wp-content\/uploads\/2026\/01\/used-container.jpg\",\"contentUrl\":\"https:\/\/www.gkcpro.com\/wp-content\/uploads\/2026\/01\/used-container.jpg\",\"width\":800,\"height\":800,\"caption\":\"Enhanced storage 40ft Used Shipping Container high cube model manufactured by leading China company for export markets\"},{\"@type\":\"BreadcrumbList\",\"@id\":\"https:\/\/www.gkcpro.com\/product\/40ft-used-shipping-container\/#breadcrumb\",\"itemListElement\":[{\"@type\":\"ListItem\",\"position\":1,\"name\":\"\u9996\u9875\",\"item\":\"https:\/\/www.gkcpro.com\/\"},{\"@type\":\"ListItem\",\"position\":2,\"name\":\"Products\",\"item\":\"https:\/\/www.gkcpro.com\/shop\/\"},{\"@type\":\"ListItem\",\"position\":3,\"name\":\"40ft used shipping container\u200b\"}]},{\"@type\":\"WebSite\",\"@id\":\"https:\/\/www.gkcpro.com\/#website\",\"url\":\"https:\/\/www.gkcpro.com\/\",\"name\":\"Container House Co., Ltd.\",\"description\":\"Container House factory\",\"potentialAction\":[{\"@type\":\"SearchAction\",\"target\":{\"@type\":\"EntryPoint\",\"urlTemplate\":\"https:\/\/www.gkcpro.com\/?s={search_term_string}\"},\"query-input\":{\"@type\":\"PropertyValueSpecification\",\"valueRequired\":true,\"valueName\":\"search_term_string\"}}],\"inLanguage\":\"fr-FR\"}]}<\/script>\n<!-- \/ Yoast SEO plugin. -->","yoast_head_json":{"title":"Conteneur d'exp\u00e9dition usag\u00e9 de 40 pieds - fabricant de conteneurs chinois","robots":{"index":"index","follow":"follow","max-snippet":"max-snippet:-1","max-image-preview":"max-image-preview:large","max-video-preview":"max-video-preview:-1"},"canonical":"https:\/\/www.gkcpro.com\/fr\/product\/40ft-used-shipping-container\/","og_locale":"fr_FR","og_type":"article","og_title":"40ft used shipping container\u200b - china container manufacturer","og_url":"https:\/\/www.gkcpro.com\/fr\/product\/40ft-used-shipping-container\/","og_site_name":"Container House Co., Ltd.","article_modified_time":"2026-04-17T05:43:02+00:00","og_image":[{"width":800,"height":800,"url":"https:\/\/www.gkcpro.com\/wp-content\/uploads\/2026\/01\/used-container.jpg","type":"image\/jpeg"}],"twitter_card":"summary_large_image","twitter_misc":{"Est. reading time":"4 minutes"},"schema":{"@context":"https:\/\/schema.org","@graph":[{"@type":"WebPage","@id":"https:\/\/www.gkcpro.com\/product\/40ft-used-shipping-container\/","url":"https:\/\/www.gkcpro.com\/product\/40ft-used-shipping-container\/","name":"Conteneur d'exp\u00e9dition usag\u00e9 de 40 pieds - fabricant de conteneurs chinois","isPartOf":{"@id":"https:\/\/www.gkcpro.com\/#website"},"primaryImageOfPage":{"@id":"https:\/\/www.gkcpro.com\/product\/40ft-used-shipping-container\/#primaryimage"},"image":{"@id":"https:\/\/www.gkcpro.com\/product\/40ft-used-shipping-container\/#primaryimage"},"thumbnailUrl":"https:\/\/www.gkcpro.com\/wp-content\/uploads\/2026\/01\/used-container.jpg","datePublished":"2026-01-30T03:44:16+00:00","dateModified":"2026-04-17T05:43:02+00:00","breadcrumb":{"@id":"https:\/\/www.gkcpro.com\/product\/40ft-used-shipping-container\/#breadcrumb"},"inLanguage":"fr-FR","potentialAction":[{"@type":"ReadAction","target":["https:\/\/www.gkcpro.com\/product\/40ft-used-shipping-container\/"]}]},{"@type":"ImageObject","inLanguage":"fr-FR","@id":"https:\/\/www.gkcpro.com\/product\/40ft-used-shipping-container\/#primaryimage","url":"https:\/\/www.gkcpro.com\/wp-content\/uploads\/2026\/01\/used-container.jpg","contentUrl":"https:\/\/www.gkcpro.com\/wp-content\/uploads\/2026\/01\/used-container.jpg","width":800,"height":800,"caption":"Enhanced storage 40ft Used Shipping Container high cube model manufactured by leading China company for export markets"},{"@type":"BreadcrumbList","@id":"https:\/\/www.gkcpro.com\/product\/40ft-used-shipping-container\/#breadcrumb","itemListElement":[{"@type":"ListItem","position":1,"name":"\u9996\u9875","item":"https:\/\/www.gkcpro.com\/"},{"@type":"ListItem","position":2,"name":"Products","item":"https:\/\/www.gkcpro.com\/shop\/"},{"@type":"ListItem","position":3,"name":"40ft used shipping container\u200b"}]},{"@type":"WebSite","@id":"https:\/\/www.gkcpro.com\/#website","url":"https:\/\/www.gkcpro.com\/","name":"Container House Co, Ltd.","description":"Usine de fabrication de maisons en conteneurs","potentialAction":[{"@type":"SearchAction","target":{"@type":"EntryPoint","urlTemplate":"https:\/\/www.gkcpro.com\/?s={search_term_string}"},"query-input":{"@type":"PropertyValueSpecification","valueRequired":true,"valueName":"search_term_string"}}],"inLanguage":"fr-FR"}]}},"_links":{"self":[{"href":"https:\/\/www.gkcpro.com\/fr\/wp-json\/wp\/v2\/product\/922","targetHints":{"allow":["GET"]}}],"collection":[{"href":"https:\/\/www.gkcpro.com\/fr\/wp-json\/wp\/v2\/product"}],"about":[{"href":"https:\/\/www.gkcpro.com\/fr\/wp-json\/wp\/v2\/types\/product"}],"wp:featuredmedia":[{"embeddable":true,"href":"https:\/\/www.gkcpro.com\/fr\/wp-json\/wp\/v2\/media\/925"}],"wp:attachment":[{"href":"https:\/\/www.gkcpro.com\/fr\/wp-json\/wp\/v2\/media?parent=922"}],"wp:term":[{"taxonomy":"product_brand","embeddable":true,"href":"https:\/\/www.gkcpro.com\/fr\/wp-json\/wp\/v2\/product_brand?post=922"},{"taxonomy":"product_cat","embeddable":true,"href":"https:\/\/www.gkcpro.com\/fr\/wp-json\/wp\/v2\/product_cat?post=922"},{"taxonomy":"product_tag","embeddable":true,"href":"https:\/\/www.gkcpro.com\/fr\/wp-json\/wp\/v2\/product_tag?post=922"}],"curies":[{"name":"wp","href":"https:\/\/api.w.org\/{rel}","templated":true}]}}