{"id":919,"date":"2026-01-30T11:49:17","date_gmt":"2026-01-30T03:49:17","guid":{"rendered":"https:\/\/www.gkcpro.com\/?post_type=product&#038;p=919"},"modified":"2026-04-17T13:42:24","modified_gmt":"2026-04-17T05:42:24","slug":"20ft-shipping-container-used","status":"publish","type":"product","link":"https:\/\/www.gkcpro.com\/fr\/product\/20ft-shipping-container-used\/","title":{"rendered":"Conteneur d'exp\u00e9dition de 20 pieds utilis\u00e9"},"content":{"rendered":"<p data-start=\"260\" data-end=\"334\">Conteneur d'exp\u00e9dition de 20 pieds utilis\u00e9 : Une solution fiable pour vos besoins de stockage<\/p>\n<p data-start=\"336\" data-end=\"690\">Vous \u00eates \u00e0 la recherche d'un <strong data-start=\"358\" data-end=\"390\">Conteneur d'exp\u00e9dition de 20 pieds utilis\u00e9<\/strong> pour le stockage ou l'exp\u00e9dition ? A <strong data-start=\"419\" data-end=\"447\">Container House Co, Ltd<\/strong>, Nous sommes sp\u00e9cialis\u00e9s dans la fabrication de conteneurs d'exp\u00e9dition d'occasion fiables et de haute qualit\u00e9 qui r\u00e9pondent \u00e0 vos besoins. Que vous ayez besoin d'un espace de stockage suppl\u00e9mentaire, d'un bureau portable ou d'une solution d'exp\u00e9dition, nos conteneurs d'exp\u00e9dition d'occasion de haute qualit\u00e9 r\u00e9pondent \u00e0 vos besoins. <strong data-start=\"635\" data-end=\"668\">Conteneurs d'exp\u00e9dition usag\u00e9s de 20 pieds<\/strong> sont un choix parfait.<\/p>\n<h2 data-start=\"692\" data-end=\"738\">\u00c0 quoi sert un conteneur d'exp\u00e9dition de 20 pieds d'occasion ?<\/h2>\n<p data-start=\"740\" data-end=\"797\">A utilis\u00e9<strong data-start=\"742\" data-end=\"774\">\u00a0conteneur de transport <\/strong>est g\u00e9n\u00e9ralement utilis\u00e9 pour :<\/p>\n<ul data-start=\"799\" data-end=\"1022\">\n<li data-start=\"799\" data-end=\"853\">\n<p data-start=\"801\" data-end=\"853\"><strong data-start=\"801\" data-end=\"822\">Solutions de stockage<\/strong> pour les entreprises ou pour un usage personnel<\/p>\n<\/li>\n<li data-start=\"854\" data-end=\"903\">\n<p data-start=\"856\" data-end=\"903\"><strong data-start=\"856\" data-end=\"874\">Exp\u00e9dition de marchandises<\/strong> dans les pays et les r\u00e9gions<\/p>\n<\/li>\n<li data-start=\"904\" data-end=\"958\">\n<p data-start=\"906\" data-end=\"958\"><strong data-start=\"906\" data-end=\"932\">Bureaux de chantier temporaires<\/strong> pour les projets de construction<\/p>\n<\/li>\n<li data-start=\"959\" data-end=\"1022\">\n<p data-start=\"961\" data-end=\"1022\"><strong data-start=\"961\" data-end=\"985\">Modifications personnalis\u00e9es<\/strong> comme des maisons, des bureaux ou des boutiques \u00e9ph\u00e9m\u00e8res<\/p>\n<\/li>\n<\/ul>\n<p data-start=\"1024\" data-end=\"1170\">Notre <strong data-start=\"1028\" data-end=\"1052\">conteneurs de 20 pieds d'occasion<\/strong> sont parfaits pour les petites entreprises, les soci\u00e9t\u00e9s de logistique ou toute personne ayant besoin d'un espace suppl\u00e9mentaire pour ses produits ou son \u00e9quipement.<\/p>\n<hr data-start=\"1172\" data-end=\"1175\" \/>\n<h2 data-start=\"1177\" data-end=\"1231\">Comment fabrique-t-on un conteneur d'exp\u00e9dition de 20 pieds ?<\/h2>\n<p data-start=\"1233\" data-end=\"1398\">Au <strong data-start=\"1236\" data-end=\"1264\">Container House Co, Ltd<\/strong>, Nous fabriquons chaque <strong data-start=\"1286\" data-end=\"1318\">Conteneur d'exp\u00e9dition usag\u00e9 de 20 pieds<\/strong> avec soin, en suivant un processus d\u00e9taill\u00e9 pour garantir la durabilit\u00e9 et la fonctionnalit\u00e9.<\/p>\n<h3 data-start=\"1400\" data-end=\"1426\">1. Pr\u00e9paration de l'acier<\/h3>\n<p data-start=\"1427\" data-end=\"1580\">Nous partons d'un acier de haute qualit\u00e9, qui est aplati et nettoy\u00e9 pour \u00e9liminer toute trace de rouille ou de poussi\u00e8re. L'acier est ensuite transform\u00e9 en panneaux et pi\u00e8ces de conteneurs.<\/p>\n<h3 data-start=\"1582\" data-end=\"1611\">2. Assemblage et soudage<\/h3>\n<p data-start=\"1612\" data-end=\"1714\">Les panneaux des conteneurs sont soud\u00e9s les uns aux autres, cr\u00e9ant ainsi un cadre solide et s\u00fbr pour l'exp\u00e9dition et le stockage.<\/p>\n<h3 data-start=\"1716\" data-end=\"1740\">3. Contr\u00f4le de la qualit\u00e9<\/h3>\n<p data-start=\"1741\" data-end=\"1885\">Chaque <strong data-start=\"1746\" data-end=\"1778\">Conteneur d'exp\u00e9dition usag\u00e9 de 20 pieds<\/strong> fait l'objet d'une inspection approfondie, garantissant qu'il r\u00e9pond \u00e0 des normes \u00e9lev\u00e9es en mati\u00e8re de s\u00e9curit\u00e9, de durabilit\u00e9 et de performance.<\/p>\n<h3 data-start=\"1887\" data-end=\"1916\">4. Peinture et \u00e9tanch\u00e9it\u00e9<\/h3>\n<p data-start=\"1917\" data-end=\"2123\">Nous appliquons une peinture antirouille pour prot\u00e9ger le conteneur contre la corrosion, en particulier pendant les longues p\u00e9riodes de transport maritime. Les joints autour des portes et des articulations sont v\u00e9rifi\u00e9s pour garantir l'\u00e9tanch\u00e9it\u00e9 du conteneur.<\/p>\n<h3 data-start=\"2125\" data-end=\"2147\">5. Test final<\/h3>\n<p data-start=\"2148\" data-end=\"2264\">Nous testons l'int\u00e9grit\u00e9 structurelle et l'\u00e9tanch\u00e9it\u00e9 de la <strong data-start=\"2208\" data-end=\"2235\">conteneur d'exp\u00e9dition usag\u00e9<\/strong> pour s'assurer qu'il est apte \u00e0 l'emploi.<\/p>\n<hr data-start=\"2266\" data-end=\"2269\" \/>\n<h2 data-start=\"2271\" data-end=\"2325\">Avantages du choix d'un conteneur d'exp\u00e9dition usag\u00e9 de 20 pieds<\/h2>\n<ul data-start=\"2327\" data-end=\"2791\">\n<li data-start=\"2327\" data-end=\"2443\">\n<p data-start=\"2329\" data-end=\"2443\"><strong data-start=\"2329\" data-end=\"2343\">Abordable<\/strong>: Achat d'un <strong data-start=\"2358\" data-end=\"2390\">Conteneur usag\u00e9 de 20 pieds <\/strong>est plus rentable que l'achat de nouveaux conteneurs.<\/p>\n<\/li>\n<li data-start=\"2444\" data-end=\"2563\">\n<p data-start=\"2446\" data-end=\"2563\"><strong data-start=\"2446\" data-end=\"2457\">Durable<\/strong>: Bien qu'ils soient utilis\u00e9s, nos conteneurs sont minutieusement inspect\u00e9s et remis \u00e0 neuf pour r\u00e9pondre aux normes de qualit\u00e9.<\/p>\n<\/li>\n<li data-start=\"2564\" data-end=\"2671\">\n<p data-start=\"2566\" data-end=\"2671\"><strong data-start=\"2566\" data-end=\"2579\">Polyvalent<\/strong>: Convient \u00e0 diverses utilisations, de l'entreposage aux modifications personnalis\u00e9es pour les maisons ou les entreprises.<\/p>\n<\/li>\n<li data-start=\"2672\" data-end=\"2791\">\n<p data-start=\"2674\" data-end=\"2791\"><strong data-start=\"2674\" data-end=\"2690\">Respect de l'environnement<\/strong>: Utilisation d'un <strong data-start=\"2700\" data-end=\"2727\">conteneur d'exp\u00e9dition usag\u00e9<\/strong> est un choix durable, qui r\u00e9duit la demande de nouveaux mat\u00e9riaux.<\/p>\n<\/li>\n<\/ul>\n<hr data-start=\"2793\" data-end=\"2796\" \/>\n<h2 data-start=\"2798\" data-end=\"2845\">Conteneur de 20 pieds utilis\u00e9 : Sp\u00e9cifications<\/h2>\n<p data-start=\"2847\" data-end=\"2942\">Voici les mesures et sp\u00e9cifications standard de nos <strong data-start=\"2909\" data-end=\"2941\">Conteneur de 20 pieds utilis\u00e9<\/strong>:<\/p>\n<p data-start=\"2847\" data-end=\"2942\">\n<table id=\"tablepress-20\" class=\"tablepress tablepress-id-20\">\n<thead>\n<tr class=\"row-1\">\n\t<th class=\"column-1\"><strong>Sp\u00e9cifications<\/strong><\/th><th class=\"column-2\"><strong>20ft Shipping Container Used<\/strong><\/th>\n<\/tr>\n<\/thead>\n<tbody class=\"row-striping row-hover\">\n<tr class=\"row-2\">\n\t<td class=\"column-1\"><strong>Longueur ext\u00e9rieure<\/strong><\/td><td class=\"column-2\">6,06 m\u00e8tres (20 pieds)<\/td>\n<\/tr>\n<tr class=\"row-3\">\n\t<td class=\"column-1\"><strong>Largeur ext\u00e9rieure<\/strong><\/td><td class=\"column-2\">2,44 m\u00e8tres (8 pieds)<\/td>\n<\/tr>\n<tr class=\"row-4\">\n\t<td class=\"column-1\"><strong>Hauteur ext\u00e9rieure<\/strong><\/td><td class=\"column-2\">2,59 m\u00e8tres (8,5 pieds)<\/td>\n<\/tr>\n<tr class=\"row-5\">\n\t<td class=\"column-1\"><strong>Longueur interne<\/strong><\/td><td class=\"column-2\">5,90 m\u00e8tres<\/td>\n<\/tr>\n<tr class=\"row-6\">\n\t<td class=\"column-1\"><strong>Largeur interne<\/strong><\/td><td class=\"column-2\">2,35 m\u00e8tres<\/td>\n<\/tr>\n<tr class=\"row-7\">\n\t<td class=\"column-1\"><strong>Hauteur int\u00e9rieure<\/strong><\/td><td class=\"column-2\">2,39 m\u00e8tres<\/td>\n<\/tr>\n<tr class=\"row-8\">\n\t<td class=\"column-1\"><strong>Charge utile maximale<\/strong><\/td><td class=\"column-2\">25 000 kg<\/td>\n<\/tr>\n<tr class=\"row-9\">\n\t<td class=\"column-1\"><strong>Capacit\u00e9<\/strong><\/td><td class=\"column-2\">33 m\u00e8tres cubes<\/td>\n<\/tr>\n<tr class=\"row-10\">\n\t<td class=\"column-1\"><strong>Poids<\/strong><\/td><td class=\"column-2\">2 300 kg (environ)<\/td>\n<\/tr>\n<\/tbody>\n<\/table>\n<!-- #tablepress-20 from cache --><\/p>\n<h2 data-start=\"3411\" data-end=\"3488\">Pourquoi choisir Container House Co. pour votre conteneur d'exp\u00e9dition usag\u00e9 de 20 pieds ?<\/h2>\n<p data-start=\"3490\" data-end=\"3748\">Au <strong data-start=\"3493\" data-end=\"3521\">Container House Co, Ltd<\/strong>, nous sommes plus que de simples fournisseurs. Nous sommes des fabricants qui s'engagent \u00e0 fournir des produits de haute qualit\u00e9 et nous sommes fiers de produire des produits durables. <strong data-start=\"3671\" data-end=\"3699\">conteneurs d'exp\u00e9dition usag\u00e9s<\/strong> au service des entreprises et des particuliers dans le monde entier.<\/p>\n<ul data-start=\"3750\" data-end=\"4082\">\n<li data-start=\"3750\" data-end=\"3857\">\n<p data-start=\"3752\" data-end=\"3857\"><strong data-start=\"3752\" data-end=\"3772\">Solutions sur mesure<\/strong>: Nous proposons des modifications pour tous les types de besoins, des portes suppl\u00e9mentaires aux rev\u00eatements de sol personnalis\u00e9s.<\/p>\n<\/li>\n<li data-start=\"3858\" data-end=\"3957\">\n<p data-start=\"3860\" data-end=\"3957\"><strong data-start=\"3860\" data-end=\"3881\">Livraison fiable<\/strong>: Nous garantissons une livraison dans les d\u00e9lais et nous nous chargeons de toute la logistique pour vos commandes en gros.<\/p>\n<\/li>\n<li data-start=\"3958\" data-end=\"4082\">\n<p data-start=\"3960\" data-end=\"4082\"><strong data-start=\"3960\" data-end=\"3978\">Durabilit\u00e9<\/strong>: Utilisation <strong data-start=\"3986\" data-end=\"4019\">Conteneurs d'exp\u00e9dition usag\u00e9s de 20 pieds<\/strong> est une solution \u00e9cologique et rentable pour les entreprises.<\/p>\n<\/li>\n<\/ul>\n<hr data-start=\"4084\" data-end=\"4087\" \/>\n<h2 data-start=\"4089\" data-end=\"4126\">FAQ - ABout Shipping Container Used<\/h2>\n<p data-start=\"4128\" data-end=\"4373\"><strong data-start=\"4128\" data-end=\"4204\">1. Comment savoir si un conteneur d'exp\u00e9dition usag\u00e9 est en bon \u00e9tat ?<\/strong><br data-start=\"4204\" data-end=\"4207\" \/>Nous inspectons minutieusement chaque conteneur pour en v\u00e9rifier l'int\u00e9grit\u00e9 structurelle, la rouille et l'\u00e9tanch\u00e9it\u00e9. Seuls les conteneurs qui passent nos contr\u00f4les de qualit\u00e9 rigoureux vous sont livr\u00e9s.<\/p>\n<p data-start=\"4375\" data-end=\"4540\"><strong data-start=\"4375\" data-end=\"4430\">2. Puis-je utiliser un conteneur d'exp\u00e9dition usag\u00e9 pour le stockage ?<\/strong><br data-start=\"4430\" data-end=\"4433\" \/>Oui ! A <strong data-start=\"4440\" data-end=\"4472\">Conteneur de 20 pieds utilis\u00e9<\/strong> est id\u00e9al pour stocker des biens ou des objets personnels en toute s\u00e9curit\u00e9.<\/p>\n<p data-start=\"4542\" data-end=\"4704\"><strong data-start=\"4542\" data-end=\"4591\">3. Puis-je personnaliser un conteneur d'exp\u00e9dition usag\u00e9 ?<\/strong><br data-start=\"4591\" data-end=\"4594\" \/>Oui, nous proposons des personnalisations telles que des portes suppl\u00e9mentaires, des \u00e9tag\u00e8res, une ventilation et un rev\u00eatement de sol pour r\u00e9pondre \u00e0 vos besoins.<\/p>\n<p data-start=\"4706\" data-end=\"4858\"><strong data-start=\"4706\" data-end=\"4763\">4. Quelle est la dur\u00e9e de vie d'un conteneur maritime usag\u00e9 de 20 pieds ?<\/strong><br data-start=\"4763\" data-end=\"4766\" \/>Avec un entretien ad\u00e9quat, notre<strong data-start=\"4793\" data-end=\"4825\">\u00a0conteneur d'exp\u00e9dition usag\u00e9<\/strong> peut durer jusqu'\u00e0 15 ans ou plus.<\/p>\n<hr data-start=\"4860\" data-end=\"4863\" \/>\n<h2 data-start=\"4865\" data-end=\"4923\">Conclusion : Obtenez votre conteneur d'exp\u00e9dition usag\u00e9 de 20 pieds d\u00e8s aujourd'hui<\/h2>\n<p data-start=\"4925\" data-end=\"5254\">Choix d'un v\u00e9hicule d'occasion <strong data-start=\"4936\" data-end=\"4968\">Conteneur d'exp\u00e9dition de 20 pieds <\/strong>\u00a0est une excellente option pour les entreprises, les soci\u00e9t\u00e9s de logistique et les particuliers qui ont besoin de solutions de stockage abordables, s\u00fbres et fiables. Qu'il s'agisse d'exp\u00e9dier des marchandises, de stocker du mat\u00e9riel ou de cr\u00e9er un espace personnalis\u00e9, nos <strong data-start=\"5190\" data-end=\"5223\">Conteneurs d'exp\u00e9dition usag\u00e9s de 20 pieds<\/strong> sont durables et construits pour durer.<\/p>\n<p data-start=\"5256\" data-end=\"5380\" data-is-only-node=\"\">\ud83d\udc49 <strong data-start=\"5259\" data-end=\"5279\">Contactez-nous d\u00e8s aujourd'hui<\/strong> pour un devis ou pour en savoir plus sur la fa\u00e7on dont notre <strong data-start=\"5323\" data-end=\"5356\">Conteneurs d'exp\u00e9dition de 20 pieds utilis\u00e9s<\/strong> peut aider votre entreprise.<\/p>","protected":false},"excerpt":{"rendered":"<p><img loading=\"lazy\" decoding=\"async\" class=\"alignnone size-full wp-image-1139\" src=\"https:\/\/www.gkcpro.com\/wp-content\/uploads\/2026\/02\/evaluate.jpg\" alt=\"Mes conteneurs sont export\u00e9s dans de nombreux pays ; voici un aper\u00e7u des t\u00e9moignages de nos clients.\" width=\"1000\" height=\"474\" srcset=\"https:\/\/www.gkcpro.com\/wp-content\/uploads\/2026\/02\/evaluate.jpg 1000w, https:\/\/www.gkcpro.com\/wp-content\/uploads\/2026\/02\/evaluate-300x142.jpg 300w, https:\/\/www.gkcpro.com\/wp-content\/uploads\/2026\/02\/evaluate-768x364.jpg 768w, https:\/\/www.gkcpro.com\/wp-content\/uploads\/2026\/02\/evaluate-18x9.jpg 18w, https:\/\/www.gkcpro.com\/wp-content\/uploads\/2026\/02\/evaluate-624x296.jpg 624w, https:\/\/www.gkcpro.com\/wp-content\/uploads\/2026\/02\/evaluate-800x379.jpg 800w\" sizes=\"auto, (max-width: 1000px) 100vw, 1000px\" \/><\/p>\n<p><img loading=\"lazy\" decoding=\"async\" class=\"alignnone wp-image-1137 size-full\" src=\"https:\/\/www.gkcpro.com\/wp-content\/uploads\/2026\/02\/container-house-certificates.jpg\" alt=\"Pr\u00e9sentation des certifications internationales incluant ISO 9001, CE, et les certifications de s\u00e9curit\u00e9 structurelle pour nos maisons-conteneurs et conteneurs \u00e0 l&#039;exportation.\" width=\"1470\" height=\"2000\" srcset=\"https:\/\/www.gkcpro.com\/wp-content\/uploads\/2026\/02\/container-house-certificates.jpg 1470w, https:\/\/www.gkcpro.com\/wp-content\/uploads\/2026\/02\/container-house-certificates-221x300.jpg 221w, https:\/\/www.gkcpro.com\/wp-content\/uploads\/2026\/02\/container-house-certificates-753x1024.jpg 753w, https:\/\/www.gkcpro.com\/wp-content\/uploads\/2026\/02\/container-house-certificates-768x1045.jpg 768w, https:\/\/www.gkcpro.com\/wp-content\/uploads\/2026\/02\/container-house-certificates-1129x1536.jpg 1129w, https:\/\/www.gkcpro.com\/wp-content\/uploads\/2026\/02\/container-house-certificates-9x12.jpg 9w, https:\/\/www.gkcpro.com\/wp-content\/uploads\/2026\/02\/container-house-certificates-624x849.jpg 624w, https:\/\/www.gkcpro.com\/wp-content\/uploads\/2026\/02\/container-house-certificates-800x1088.jpg 800w\" sizes=\"auto, (max-width: 1470px) 100vw, 1470px\" \/><\/p>","protected":false},"featured_media":928,"template":"","meta":[],"product_brand":[],"product_cat":[49],"product_tag":[],"class_list":{"0":"post-919","1":"product","2":"type-product","3":"status-publish","4":"has-post-thumbnail","6":"product_cat-reefer-container-and-dry-container","8":"first","9":"instock","10":"shipping-taxable","11":"product-type-simple"},"yoast_head":"<!-- This site is optimized with the Yoast SEO plugin v26.6 - https:\/\/yoast.com\/wordpress\/plugins\/seo\/ -->\n<title>20ft shipping container used - china container manufacturer<\/title>\n<meta name=\"description\" content=\"Used 20ft containers for sale: durable, high quality,perfect for B2B storage &amp; shipping. Bulk discounts and nationwide delivery.\" \/>\n<meta name=\"robots\" content=\"index, follow, max-snippet:-1, max-image-preview:large, max-video-preview:-1\" \/>\n<link rel=\"canonical\" href=\"https:\/\/www.gkcpro.com\/fr\/product\/20ft-shipping-container-used\/\" \/>\n<meta property=\"og:locale\" content=\"fr_FR\" \/>\n<meta property=\"og:type\" content=\"article\" \/>\n<meta property=\"og:title\" content=\"20ft shipping container used - china container manufacturer\" \/>\n<meta property=\"og:description\" content=\"Used 20ft containers for sale: durable, high quality,perfect for B2B storage &amp; shipping. Bulk discounts and nationwide delivery.\" \/>\n<meta property=\"og:url\" content=\"https:\/\/www.gkcpro.com\/fr\/product\/20ft-shipping-container-used\/\" \/>\n<meta property=\"og:site_name\" content=\"Container House Co., Ltd.\" \/>\n<meta property=\"article:modified_time\" content=\"2026-04-17T05:42:24+00:00\" \/>\n<meta property=\"og:image\" content=\"https:\/\/www.gkcpro.com\/wp-content\/uploads\/2026\/01\/used-container-1.jpg\" \/>\n\t<meta property=\"og:image:width\" content=\"800\" \/>\n\t<meta property=\"og:image:height\" content=\"800\" \/>\n\t<meta property=\"og:image:type\" content=\"image\/jpeg\" \/>\n<meta name=\"twitter:card\" content=\"summary_large_image\" \/>\n<meta name=\"twitter:label1\" content=\"Est. reading time\" \/>\n\t<meta name=\"twitter:data1\" content=\"4 minutes\" \/>\n<script type=\"application\/ld+json\" class=\"yoast-schema-graph\">{\"@context\":\"https:\/\/schema.org\",\"@graph\":[{\"@type\":\"WebPage\",\"@id\":\"https:\/\/www.gkcpro.com\/product\/20ft-shipping-container-used\/\",\"url\":\"https:\/\/www.gkcpro.com\/product\/20ft-shipping-container-used\/\",\"name\":\"20ft shipping container used - china container manufacturer\",\"isPartOf\":{\"@id\":\"https:\/\/www.gkcpro.com\/#website\"},\"primaryImageOfPage\":{\"@id\":\"https:\/\/www.gkcpro.com\/product\/20ft-shipping-container-used\/#primaryimage\"},\"image\":{\"@id\":\"https:\/\/www.gkcpro.com\/product\/20ft-shipping-container-used\/#primaryimage\"},\"thumbnailUrl\":\"https:\/\/www.gkcpro.com\/wp-content\/uploads\/2026\/01\/used-container-1.jpg\",\"datePublished\":\"2026-01-30T03:49:17+00:00\",\"dateModified\":\"2026-04-17T05:42:24+00:00\",\"description\":\"Used 20ft containers for sale: durable, high quality,perfect for B2B storage & shipping. Bulk discounts and nationwide delivery.\",\"breadcrumb\":{\"@id\":\"https:\/\/www.gkcpro.com\/product\/20ft-shipping-container-used\/#breadcrumb\"},\"inLanguage\":\"fr-FR\",\"potentialAction\":[{\"@type\":\"ReadAction\",\"target\":[\"https:\/\/www.gkcpro.com\/product\/20ft-shipping-container-used\/\"]}]},{\"@type\":\"ImageObject\",\"inLanguage\":\"fr-FR\",\"@id\":\"https:\/\/www.gkcpro.com\/product\/20ft-shipping-container-used\/#primaryimage\",\"url\":\"https:\/\/www.gkcpro.com\/wp-content\/uploads\/2026\/01\/used-container-1.jpg\",\"contentUrl\":\"https:\/\/www.gkcpro.com\/wp-content\/uploads\/2026\/01\/used-container-1.jpg\",\"width\":800,\"height\":800,\"caption\":\"High-grade 20ft Used Shipping Container provided by established factory China maker perfect for secure storage and logistics\"},{\"@type\":\"BreadcrumbList\",\"@id\":\"https:\/\/www.gkcpro.com\/product\/20ft-shipping-container-used\/#breadcrumb\",\"itemListElement\":[{\"@type\":\"ListItem\",\"position\":1,\"name\":\"\u9996\u9875\",\"item\":\"https:\/\/www.gkcpro.com\/\"},{\"@type\":\"ListItem\",\"position\":2,\"name\":\"Products\",\"item\":\"https:\/\/www.gkcpro.com\/shop\/\"},{\"@type\":\"ListItem\",\"position\":3,\"name\":\"20ft shipping container used\"}]},{\"@type\":\"WebSite\",\"@id\":\"https:\/\/www.gkcpro.com\/#website\",\"url\":\"https:\/\/www.gkcpro.com\/\",\"name\":\"Container House Co., Ltd.\",\"description\":\"Container House factory\",\"potentialAction\":[{\"@type\":\"SearchAction\",\"target\":{\"@type\":\"EntryPoint\",\"urlTemplate\":\"https:\/\/www.gkcpro.com\/?s={search_term_string}\"},\"query-input\":{\"@type\":\"PropertyValueSpecification\",\"valueRequired\":true,\"valueName\":\"search_term_string\"}}],\"inLanguage\":\"fr-FR\"}]}<\/script>\n<!-- \/ Yoast SEO plugin. -->","yoast_head_json":{"title":"20ft shipping container used - china container manufacturer","description":"Conteneurs de 20 pieds \u00e0 vendre : durables, de haute qualit\u00e9, parfaits pour le stockage et l'exp\u00e9dition B2B. Remises en gros et livraison dans tout le pays.","robots":{"index":"index","follow":"follow","max-snippet":"max-snippet:-1","max-image-preview":"max-image-preview:large","max-video-preview":"max-video-preview:-1"},"canonical":"https:\/\/www.gkcpro.com\/fr\/product\/20ft-shipping-container-used\/","og_locale":"fr_FR","og_type":"article","og_title":"20ft shipping container used - china container manufacturer","og_description":"Used 20ft containers for sale: durable, high quality,perfect for B2B storage & shipping. Bulk discounts and nationwide delivery.","og_url":"https:\/\/www.gkcpro.com\/fr\/product\/20ft-shipping-container-used\/","og_site_name":"Container House Co., Ltd.","article_modified_time":"2026-04-17T05:42:24+00:00","og_image":[{"width":800,"height":800,"url":"https:\/\/www.gkcpro.com\/wp-content\/uploads\/2026\/01\/used-container-1.jpg","type":"image\/jpeg"}],"twitter_card":"summary_large_image","twitter_misc":{"Est. reading time":"4 minutes"},"schema":{"@context":"https:\/\/schema.org","@graph":[{"@type":"WebPage","@id":"https:\/\/www.gkcpro.com\/product\/20ft-shipping-container-used\/","url":"https:\/\/www.gkcpro.com\/product\/20ft-shipping-container-used\/","name":"20ft shipping container used - china container manufacturer","isPartOf":{"@id":"https:\/\/www.gkcpro.com\/#website"},"primaryImageOfPage":{"@id":"https:\/\/www.gkcpro.com\/product\/20ft-shipping-container-used\/#primaryimage"},"image":{"@id":"https:\/\/www.gkcpro.com\/product\/20ft-shipping-container-used\/#primaryimage"},"thumbnailUrl":"https:\/\/www.gkcpro.com\/wp-content\/uploads\/2026\/01\/used-container-1.jpg","datePublished":"2026-01-30T03:49:17+00:00","dateModified":"2026-04-17T05:42:24+00:00","description":"Conteneurs de 20 pieds \u00e0 vendre : durables, de haute qualit\u00e9, parfaits pour le stockage et l'exp\u00e9dition B2B. Remises en gros et livraison dans tout le pays.","breadcrumb":{"@id":"https:\/\/www.gkcpro.com\/product\/20ft-shipping-container-used\/#breadcrumb"},"inLanguage":"fr-FR","potentialAction":[{"@type":"ReadAction","target":["https:\/\/www.gkcpro.com\/product\/20ft-shipping-container-used\/"]}]},{"@type":"ImageObject","inLanguage":"fr-FR","@id":"https:\/\/www.gkcpro.com\/product\/20ft-shipping-container-used\/#primaryimage","url":"https:\/\/www.gkcpro.com\/wp-content\/uploads\/2026\/01\/used-container-1.jpg","contentUrl":"https:\/\/www.gkcpro.com\/wp-content\/uploads\/2026\/01\/used-container-1.jpg","width":800,"height":800,"caption":"High-grade 20ft Used Shipping Container provided by established factory China maker perfect for secure storage and logistics"},{"@type":"BreadcrumbList","@id":"https:\/\/www.gkcpro.com\/product\/20ft-shipping-container-used\/#breadcrumb","itemListElement":[{"@type":"ListItem","position":1,"name":"\u9996\u9875","item":"https:\/\/www.gkcpro.com\/"},{"@type":"ListItem","position":2,"name":"Products","item":"https:\/\/www.gkcpro.com\/shop\/"},{"@type":"ListItem","position":3,"name":"20ft shipping container used"}]},{"@type":"WebSite","@id":"https:\/\/www.gkcpro.com\/#website","url":"https:\/\/www.gkcpro.com\/","name":"Container House Co, Ltd.","description":"Usine de fabrication de maisons en conteneurs","potentialAction":[{"@type":"SearchAction","target":{"@type":"EntryPoint","urlTemplate":"https:\/\/www.gkcpro.com\/?s={search_term_string}"},"query-input":{"@type":"PropertyValueSpecification","valueRequired":true,"valueName":"search_term_string"}}],"inLanguage":"fr-FR"}]}},"_links":{"self":[{"href":"https:\/\/www.gkcpro.com\/fr\/wp-json\/wp\/v2\/product\/919","targetHints":{"allow":["GET"]}}],"collection":[{"href":"https:\/\/www.gkcpro.com\/fr\/wp-json\/wp\/v2\/product"}],"about":[{"href":"https:\/\/www.gkcpro.com\/fr\/wp-json\/wp\/v2\/types\/product"}],"wp:featuredmedia":[{"embeddable":true,"href":"https:\/\/www.gkcpro.com\/fr\/wp-json\/wp\/v2\/media\/928"}],"wp:attachment":[{"href":"https:\/\/www.gkcpro.com\/fr\/wp-json\/wp\/v2\/media?parent=919"}],"wp:term":[{"taxonomy":"product_brand","embeddable":true,"href":"https:\/\/www.gkcpro.com\/fr\/wp-json\/wp\/v2\/product_brand?post=919"},{"taxonomy":"product_cat","embeddable":true,"href":"https:\/\/www.gkcpro.com\/fr\/wp-json\/wp\/v2\/product_cat?post=919"},{"taxonomy":"product_tag","embeddable":true,"href":"https:\/\/www.gkcpro.com\/fr\/wp-json\/wp\/v2\/product_tag?post=919"}],"curies":[{"name":"wp","href":"https:\/\/api.w.org\/{rel}","templated":true}]}}