{"id":910,"date":"2026-01-29T14:41:58","date_gmt":"2026-01-29T06:41:58","guid":{"rendered":"https:\/\/www.gkcpro.com\/?post_type=product&#038;p=910"},"modified":"2026-04-17T13:44:54","modified_gmt":"2026-04-17T05:44:54","slug":"dry-box-shipping-containers","status":"publish","type":"product","link":"https:\/\/www.gkcpro.com\/fr\/product\/dry-box-shipping-containers\/","title":{"rendered":"Conteneurs d'exp\u00e9dition dry box de 40 pieds"},"content":{"rendered":"<p data-start=\"254\" data-end=\"313\">Conteneurs d'exp\u00e9dition 40ft Dry Box | Fabricant de conteneurs<\/p>\n<p data-start=\"315\" data-end=\"541\"><strong data-start=\"315\" data-end=\"351\">Conteneurs d'exp\u00e9dition dry box de 40 pieds<\/strong> sont des conteneurs de fret en acier standard con\u00e7us pour le transport maritime, ferroviaire et routier \u00e0 l'\u00e9chelle mondiale.<br data-start=\"446\" data-end=\"449\" \/>Ils maintiennent les marchandises au sec, en s\u00e9curit\u00e9 et stables pendant les exp\u00e9ditions longue distance et les manipulations r\u00e9p\u00e9t\u00e9es.<\/p>\n<p data-start=\"543\" data-end=\"691\">Au <strong data-start=\"546\" data-end=\"574\">Container House Co, Ltd<\/strong>, Nous fabriquons des conteneurs maritimes de 40 pieds \u00e0 partir de bobines d'acier brut jusqu'aux conteneurs finis, dans notre propre usine.<\/p>\n<p data-start=\"693\" data-end=\"749\">Pas d'externalisation. Pas de couches commerciales. Juste une production r\u00e9elle.<\/p>\n<hr data-start=\"751\" data-end=\"754\" \/>\n<h2 data-start=\"756\" data-end=\"810\">\u00c0 quoi servent les conteneurs d'exp\u00e9dition de 40 pieds en bo\u00eetes s\u00e8ches ?<\/h2>\n<p data-start=\"812\" data-end=\"864\">Les conteneurs d'exp\u00e9dition dry box de 40 pieds sont largement utilis\u00e9s dans :<\/p>\n<ul data-start=\"866\" data-end=\"1120\">\n<li data-start=\"866\" data-end=\"938\">\n<p data-start=\"868\" data-end=\"938\"><strong data-start=\"868\" data-end=\"897\">Fret maritime international<\/strong> (marchandises export\u00e9es, marchandises g\u00e9n\u00e9rales, machines)<\/p>\n<\/li>\n<li data-start=\"939\" data-end=\"974\">\n<p data-start=\"941\" data-end=\"974\"><strong data-start=\"941\" data-end=\"974\">Transport ferroviaire et routier<\/strong><\/p>\n<\/li>\n<li data-start=\"975\" data-end=\"1007\">\n<p data-start=\"977\" data-end=\"1007\"><strong data-start=\"977\" data-end=\"1007\">Entrep\u00f4ts et d\u00e9p\u00f4ts<\/strong><\/p>\n<\/li>\n<li data-start=\"1008\" data-end=\"1058\">\n<p data-start=\"1010\" data-end=\"1058\"><strong data-start=\"1010\" data-end=\"1058\">Logistique des projets et manutention des mat\u00e9riaux en vrac<\/strong><\/p>\n<\/li>\n<li data-start=\"1059\" data-end=\"1120\">\n<p data-start=\"1061\" data-end=\"1120\"><strong data-start=\"1061\" data-end=\"1120\">Stockage temporaire sur site pour la construction et l'industrie<\/strong><\/p>\n<\/li>\n<\/ul>\n<p data-start=\"1122\" data-end=\"1278\">Gr\u00e2ce \u00e0 leur solide structure en acier et \u00e0 leur taille standard, les conteneurs d'exp\u00e9dition dry box de 40 pieds sont faciles \u00e0 soulever, \u00e0 empiler, \u00e0 exp\u00e9dier, \u00e0 revendre ou \u00e0 r\u00e9utiliser apr\u00e8s le transport.<\/p>\n<hr data-start=\"1280\" data-end=\"1283\" \/>\n<h2 data-start=\"1285\" data-end=\"1341\">Comment sont fabriqu\u00e9s les conteneurs d'exp\u00e9dition Dry Box de 40 pieds ?<\/h2>\n<p data-start=\"1343\" data-end=\"1448\">Chez Container House Co., Ltd, chaque conteneur d'exp\u00e9dition dry box de 40 pieds est produit sur une v\u00e9ritable ligne de production.<\/p>\n<h3 data-start=\"1450\" data-end=\"1476\">1. Pr\u00e9paration de l'acier<\/h3>\n<p data-start=\"1477\" data-end=\"1530\">Les bobines d'acier sont d\u00e9roul\u00e9es, aplaties et coup\u00e9es \u00e0 la dimension voulue.<\/p>\n<h3 data-start=\"1532\" data-end=\"1570\">2. Nettoyage et protection des surfaces<\/h3>\n<p data-start=\"1571\" data-end=\"1696\">Les t\u00f4les d'acier traversent <strong data-start=\"1595\" data-end=\"1612\">grenaillage de pr\u00e9contrainte<\/strong> pour \u00e9liminer la rouille et la poussi\u00e8re.<br data-start=\"1637\" data-end=\"1640\" \/>A <strong data-start=\"1642\" data-end=\"1661\">introduction \u00e0 l'atelier<\/strong> est appliqu\u00e9 pour prot\u00e9ger la surface.<\/p>\n<h3 data-start=\"1698\" data-end=\"1729\">3. Formage \u00e0 froid et mise en forme<\/h3>\n<p data-start=\"1730\" data-end=\"1825\">Les t\u00f4les d'acier sont form\u00e9es \u00e0 froid pour former des panneaux lat\u00e9raux, des panneaux de toit, des cadres de plancher et des pi\u00e8ces structurelles.<\/p>\n<h3 data-start=\"1827\" data-end=\"1854\">4. Assemblage et soudage<\/h3>\n<p data-start=\"1855\" data-end=\"1996\">Les panneaux, les cadres et les pi\u00e8ces moul\u00e9es d'angle sont assembl\u00e9s et enti\u00e8rement soud\u00e9s.<br data-start=\"1922\" data-end=\"1925\" \/>Cela permet de cr\u00e9er un corps de conteneur solide, con\u00e7u pour \u00eatre soulev\u00e9 et empil\u00e9.<\/p>\n<h3 data-start=\"1998\" data-end=\"2034\">5. Soudage et sablage complets<\/h3>\n<p data-start=\"2035\" data-end=\"2119\">Le corps complet du conteneur est soud\u00e9 et sabl\u00e9 \u00e0 nouveau pour pr\u00e9parer la peinture.<\/p>\n<h3 data-start=\"2121\" data-end=\"2153\">6. Peinture anticorrosion<\/h3>\n<ul data-start=\"2154\" data-end=\"2238\">\n<li data-start=\"2154\" data-end=\"2174\">\n<p data-start=\"2156\" data-end=\"2174\">Primaire antirouille<\/p>\n<\/li>\n<li data-start=\"2175\" data-end=\"2193\">\n<p data-start=\"2177\" data-end=\"2193\">Rev\u00eatement interm\u00e9diaire<\/p>\n<\/li>\n<li data-start=\"2194\" data-end=\"2212\">\n<p data-start=\"2196\" data-end=\"2212\">Peinture int\u00e9rieure<\/p>\n<\/li>\n<li data-start=\"2213\" data-end=\"2238\">\n<p data-start=\"2215\" data-end=\"2238\">Peinture de finition ext\u00e9rieure<\/p>\n<\/li>\n<\/ul>\n<p data-start=\"2240\" data-end=\"2301\">Chaque couche est s\u00e9ch\u00e9e pour garantir l'\u00e9paisseur et la durabilit\u00e9 de la peinture.<\/p>\n<h3 data-start=\"2303\" data-end=\"2326\">7. Assemblage final<\/h3>\n<p data-start=\"2327\" data-end=\"2441\">Les portes, les joints en caoutchouc, les tiges de verrouillage, les plaques signal\u00e9tiques et les \u00e9tiquettes sont install\u00e9s.<br data-start=\"2399\" data-end=\"2402\" \/>Le mastic est appliqu\u00e9 sur les joints et les bords.<\/p>\n<h3 data-start=\"2443\" data-end=\"2489\">8. Rev\u00eatement de fond et essai d'\u00e9tanch\u00e9it\u00e9<\/h3>\n<p data-start=\"2490\" data-end=\"2630\">Une peinture bitumineuse est appliqu\u00e9e sur le fond du conteneur.<br data-start=\"2539\" data-end=\"2542\" \/>Chaque conteneur dry box de 40 pieds est soumis \u00e0 un <strong data-start=\"2589\" data-end=\"2613\">test d'\u00e9tanch\u00e9it\u00e9<\/strong> avant la livraison.<\/p>\n<hr data-start=\"2632\" data-end=\"2635\" \/>\n<h2 data-start=\"2637\" data-end=\"2694\">Principaux avantages de nos conteneurs d'exp\u00e9dition \u00e0 caisse s\u00e8che de 40 pieds<\/h2>\n<ul data-start=\"2696\" data-end=\"3017\">\n<li data-start=\"2696\" data-end=\"2764\">\n<p data-start=\"2698\" data-end=\"2764\">Fabriqu\u00e9 <strong data-start=\"2711\" data-end=\"2723\">interne<\/strong> des bobines d'acier aux conteneurs finis<\/p>\n<\/li>\n<li data-start=\"2765\" data-end=\"2824\">\n<p data-start=\"2767\" data-end=\"2824\">Structure en acier enti\u00e8rement soud\u00e9e pour un transport maritime r\u00e9p\u00e9t\u00e9<\/p>\n<\/li>\n<li data-start=\"2825\" data-end=\"2870\">\n<p data-start=\"2827\" data-end=\"2870\">Syst\u00e8me de rev\u00eatement anticorrosion multicouche<\/p>\n<\/li>\n<li data-start=\"2871\" data-end=\"2928\">\n<p data-start=\"2873\" data-end=\"2928\">Joints de porte et joints test\u00e9s pour \u00e9viter les fuites d'eau<\/p>\n<\/li>\n<li data-start=\"2929\" data-end=\"2967\">\n<p data-start=\"2931\" data-end=\"2967\">Inspection en usine avant la livraison<\/p>\n<\/li>\n<li data-start=\"2968\" data-end=\"3017\">\n<p data-start=\"2970\" data-end=\"3017\">Convient \u00e0 l'exportation, au stockage et \u00e0 l'utilisation dans le cadre de projets<\/p>\n<\/li>\n<\/ul>\n<hr data-start=\"3019\" data-end=\"3022\" \/>\n<h2 data-start=\"3024\" data-end=\"3083\">40ft Dry Box Shipping Container - Sp\u00e9cifications typiques<\/h2>\n<ul data-start=\"3085\" data-end=\"3348\">\n<li data-start=\"3085\" data-end=\"3121\">\n<p data-start=\"3087\" data-end=\"3121\"><strong data-start=\"3087\" data-end=\"3106\">Type de conteneur :<\/strong> Bo\u00eete s\u00e8che de 40 pieds<\/p>\n<\/li>\n<li data-start=\"3122\" data-end=\"3159\">\n<p data-start=\"3124\" data-end=\"3159\"><strong data-start=\"3124\" data-end=\"3138\">Structure :<\/strong> Cadre en acier soud\u00e9<\/p>\n<\/li>\n<li data-start=\"3160\" data-end=\"3200\">\n<p data-start=\"3162\" data-end=\"3200\"><strong data-start=\"3162\" data-end=\"3182\">Longueur interne :<\/strong> Environ 12,03 m<\/p>\n<\/li>\n<li data-start=\"3201\" data-end=\"3239\">\n<p data-start=\"3203\" data-end=\"3239\"><strong data-start=\"3203\" data-end=\"3222\">Largeur interne :<\/strong> Environ 2,34 m<\/p>\n<\/li>\n<li data-start=\"3240\" data-end=\"3279\">\n<p data-start=\"3242\" data-end=\"3279\"><strong data-start=\"3242\" data-end=\"3262\">Hauteur interne :<\/strong> Environ 2,38 m<\/p>\n<\/li>\n<li data-start=\"3280\" data-end=\"3313\">\n<p data-start=\"3282\" data-end=\"3313\"><strong data-start=\"3282\" data-end=\"3295\">Capacit\u00e9 :<\/strong> Environ 65,3 m\u00b3<\/p>\n<\/li>\n<li data-start=\"3314\" data-end=\"3348\">\n<p data-start=\"3316\" data-end=\"3348\"><strong data-start=\"3316\" data-end=\"3328\">Charge utile :<\/strong> Environ 27 300 kg<\/p>\n<\/li>\n<\/ul>\n<p data-start=\"3350\" data-end=\"3403\">(Des sp\u00e9cifications personnalis\u00e9es sont disponibles pour les commandes de projets).<\/p>\n<hr data-start=\"3405\" data-end=\"3408\" \/>\n<h2 data-start=\"3410\" data-end=\"3443\">Container Packing, Inspection &amp; Delivery<\/h2>\n<ul data-start=\"3445\" data-end=\"3761\">\n<li data-start=\"3445\" data-end=\"3517\">\n<p data-start=\"3447\" data-end=\"3517\">Les conteneurs sont nettoy\u00e9s et inspect\u00e9s dans l'usine apr\u00e8s la production.<\/p>\n<\/li>\n<li data-start=\"3518\" data-end=\"3583\">\n<p data-start=\"3520\" data-end=\"3583\">Les portes, les joints et la structure sont \u00e0 nouveau contr\u00f4l\u00e9s avant l'exp\u00e9dition.<\/p>\n<\/li>\n<li data-start=\"3584\" data-end=\"3652\">\n<p data-start=\"3586\" data-end=\"3652\">Les unit\u00e9s sont positionn\u00e9es ou empil\u00e9es conform\u00e9ment aux r\u00e8gles du transport maritime.<\/p>\n<\/li>\n<li data-start=\"3653\" data-end=\"3761\">\n<p data-start=\"3655\" data-end=\"3761\">Les conteneurs sont livr\u00e9s sous forme de <strong data-start=\"3683\" data-end=\"3723\">nouveaux conteneurs d'exp\u00e9dition dry box 40ft<\/strong>, pr\u00eat pour le chargement ou la livraison portuaire<\/p>\n<\/li>\n<\/ul>\n<hr data-start=\"3763\" data-end=\"3766\" \/>\n<h2 data-start=\"3768\" data-end=\"3794\">40ft container Use &amp; Maintenance Notes<\/h2>\n<ul data-start=\"3796\" data-end=\"4002\">\n<li data-start=\"3796\" data-end=\"3844\">\n<p data-start=\"3798\" data-end=\"3844\">Chargez la cargaison de mani\u00e8re uniforme pour prot\u00e9ger le plancher en acier<\/p>\n<\/li>\n<li data-start=\"3845\" data-end=\"3891\">\n<p data-start=\"3847\" data-end=\"3891\">V\u00e9rifier l'\u00e9tanch\u00e9it\u00e9 des portes avant un transport maritime de longue dur\u00e9e<\/p>\n<\/li>\n<li data-start=\"3892\" data-end=\"3940\">\n<p data-start=\"3894\" data-end=\"3940\">Placer les conteneurs sur un sol plat pour le stockage<\/p>\n<\/li>\n<li data-start=\"3941\" data-end=\"4002\">\n<p data-start=\"3943\" data-end=\"4002\">Un nettoyage r\u00e9gulier et une inspection de la peinture permettent de ralentir la corrosion<\/p>\n<\/li>\n<\/ul>\n<p data-start=\"4004\" data-end=\"4092\">Avec un entretien de base, un conteneur maritime dry box de 40 pieds peut \u00eatre utilis\u00e9 pour <strong data-start=\"4078\" data-end=\"4091\">15 ans et plus<\/strong>.<\/p>\n<h2 data-start=\"4099\" data-end=\"4140\">FAQ - 40ft Dry Box Shipping Containers<\/h2>\n<h3 data-start=\"4142\" data-end=\"4282\"><strong data-start=\"4142\" data-end=\"4196\">1. Les conteneurs sont-ils pr\u00eats \u00e0 l'emploi apr\u00e8s la livraison ?<\/strong><\/h3>\n<p data-start=\"4142\" data-end=\"4282\">Oui. Chaque conteneur est livr\u00e9 comme un nouveau conteneur, pr\u00eat \u00e0 \u00eatre charg\u00e9 ou exp\u00e9di\u00e9.<\/p>\n<h3 data-start=\"4284\" data-end=\"4419\"><strong data-start=\"4284\" data-end=\"4324\">2. Comment pr\u00e9venir les fuites d'eau ?<\/strong><\/h3>\n<p data-start=\"4284\" data-end=\"4419\">Toutes les portes, tous les joints et toutes les articulations sont v\u00e9rifi\u00e9s et chaque conteneur est soumis \u00e0 un test d'\u00e9tanch\u00e9it\u00e9.<\/p>\n<h3 data-start=\"4421\" data-end=\"4536\"><strong data-start=\"4421\" data-end=\"4471\">3. Ces conteneurs peuvent-ils \u00eatre r\u00e9utilis\u00e9s pour le stockage ?<\/strong><\/h3>\n<p data-start=\"4421\" data-end=\"4536\">Oui. De nombreux acheteurs les r\u00e9utilisent pour l'entreposage ou le stockage sur site.<\/p>\n<h3 data-start=\"4538\" data-end=\"4683\"><strong data-start=\"4538\" data-end=\"4572\">4. Pouvez-vous prendre en charge les commandes en gros ?<\/strong><\/h3>\n<p data-start=\"4538\" data-end=\"4683\">Oui. Nous fournissons des conteneurs maritimes de 40 pieds en vrac pour les exportateurs, les entreprises de logistique et les acheteurs de projets.<\/p>\n<h3 data-start=\"4953\" data-end=\"5031\">5. votre conteneur est-il certifi\u00e9 ?<\/h3>\n<p data-start=\"4953\" data-end=\"5031\">Nos conteneurs ont obtenu de multiples certifications telles que ISO et CE. Vous pouvez communiquer avec notre \u00e9quipe de vente et nous vous fournirons des garanties de certificat. Veuillez consulter notre certificat CE.<\/p>\n<p data-start=\"4538\" data-end=\"4683\">","protected":false},"excerpt":{"rendered":"<p><img loading=\"lazy\" decoding=\"async\" class=\"alignnone size-full wp-image-1139\" src=\"https:\/\/www.gkcpro.com\/wp-content\/uploads\/2026\/02\/evaluate.jpg\" alt=\"Mes conteneurs sont export\u00e9s dans de nombreux pays ; voici un aper\u00e7u des t\u00e9moignages de nos clients.\" width=\"1000\" height=\"474\" srcset=\"https:\/\/www.gkcpro.com\/wp-content\/uploads\/2026\/02\/evaluate.jpg 1000w, https:\/\/www.gkcpro.com\/wp-content\/uploads\/2026\/02\/evaluate-300x142.jpg 300w, https:\/\/www.gkcpro.com\/wp-content\/uploads\/2026\/02\/evaluate-768x364.jpg 768w, https:\/\/www.gkcpro.com\/wp-content\/uploads\/2026\/02\/evaluate-18x9.jpg 18w, https:\/\/www.gkcpro.com\/wp-content\/uploads\/2026\/02\/evaluate-624x296.jpg 624w, https:\/\/www.gkcpro.com\/wp-content\/uploads\/2026\/02\/evaluate-800x379.jpg 800w\" sizes=\"auto, (max-width: 1000px) 100vw, 1000px\" \/><img loading=\"lazy\" decoding=\"async\" class=\"alignnone size-full wp-image-1137\" src=\"https:\/\/www.gkcpro.com\/wp-content\/uploads\/2026\/02\/container-house-certificates.jpg\" alt=\"\" width=\"1470\" height=\"2000\" srcset=\"https:\/\/www.gkcpro.com\/wp-content\/uploads\/2026\/02\/container-house-certificates.jpg 1470w, https:\/\/www.gkcpro.com\/wp-content\/uploads\/2026\/02\/container-house-certificates-221x300.jpg 221w, https:\/\/www.gkcpro.com\/wp-content\/uploads\/2026\/02\/container-house-certificates-753x1024.jpg 753w, https:\/\/www.gkcpro.com\/wp-content\/uploads\/2026\/02\/container-house-certificates-768x1045.jpg 768w, https:\/\/www.gkcpro.com\/wp-content\/uploads\/2026\/02\/container-house-certificates-1129x1536.jpg 1129w, https:\/\/www.gkcpro.com\/wp-content\/uploads\/2026\/02\/container-house-certificates-9x12.jpg 9w, https:\/\/www.gkcpro.com\/wp-content\/uploads\/2026\/02\/container-house-certificates-624x849.jpg 624w, https:\/\/www.gkcpro.com\/wp-content\/uploads\/2026\/02\/container-house-certificates-800x1088.jpg 800w\" sizes=\"auto, (max-width: 1470px) 100vw, 1470px\" \/><\/p>","protected":false},"featured_media":915,"template":"","meta":[],"product_brand":[],"product_cat":[49],"product_tag":[],"class_list":{"0":"post-910","1":"product","2":"type-product","3":"status-publish","4":"has-post-thumbnail","6":"product_cat-reefer-container-and-dry-container","8":"first","9":"instock","10":"shipping-taxable","11":"product-type-simple"},"yoast_head":"<!-- This site is optimized with the Yoast SEO plugin v26.6 - https:\/\/yoast.com\/wordpress\/plugins\/seo\/ -->\n<title>40ft dry box shipping containers\u200b - china container manufacturer<\/title>\n<meta name=\"description\" content=\"We are container factory. dry box shipping containers\u200b for exporting, if you want to import dry container and more container, pls contact me.\" \/>\n<meta name=\"robots\" content=\"index, follow, max-snippet:-1, max-image-preview:large, max-video-preview:-1\" \/>\n<link rel=\"canonical\" href=\"https:\/\/www.gkcpro.com\/fr\/product\/dry-box-shipping-containers\/\" \/>\n<meta property=\"og:locale\" content=\"fr_FR\" \/>\n<meta property=\"og:type\" content=\"article\" \/>\n<meta property=\"og:title\" content=\"40ft dry box shipping containers\u200b - china container manufacturer\" \/>\n<meta property=\"og:description\" content=\"We are container factory. dry box shipping containers\u200b for exporting, if you want to import dry container and more container, pls contact me.\" \/>\n<meta property=\"og:url\" content=\"https:\/\/www.gkcpro.com\/fr\/product\/dry-box-shipping-containers\/\" \/>\n<meta property=\"og:site_name\" content=\"Container House Co., Ltd.\" \/>\n<meta property=\"article:modified_time\" content=\"2026-04-17T05:44:54+00:00\" \/>\n<meta property=\"og:image\" content=\"https:\/\/www.gkcpro.com\/wp-content\/uploads\/2026\/01\/dry-containerss.jpg\" \/>\n\t<meta property=\"og:image:width\" content=\"800\" \/>\n\t<meta property=\"og:image:height\" content=\"800\" \/>\n\t<meta property=\"og:image:type\" content=\"image\/jpeg\" \/>\n<meta name=\"twitter:card\" content=\"summary_large_image\" \/>\n<meta name=\"twitter:label1\" content=\"Est. reading time\" \/>\n\t<meta name=\"twitter:data1\" content=\"4 minutes\" \/>\n<script type=\"application\/ld+json\" class=\"yoast-schema-graph\">{\"@context\":\"https:\/\/schema.org\",\"@graph\":[{\"@type\":\"WebPage\",\"@id\":\"https:\/\/www.gkcpro.com\/product\/dry-box-shipping-containers\/\",\"url\":\"https:\/\/www.gkcpro.com\/product\/dry-box-shipping-containers\/\",\"name\":\"40ft dry box shipping containers\u200b - china container manufacturer\",\"isPartOf\":{\"@id\":\"https:\/\/www.gkcpro.com\/#website\"},\"primaryImageOfPage\":{\"@id\":\"https:\/\/www.gkcpro.com\/product\/dry-box-shipping-containers\/#primaryimage\"},\"image\":{\"@id\":\"https:\/\/www.gkcpro.com\/product\/dry-box-shipping-containers\/#primaryimage\"},\"thumbnailUrl\":\"https:\/\/www.gkcpro.com\/wp-content\/uploads\/2026\/01\/dry-containerss.jpg\",\"datePublished\":\"2026-01-29T06:41:58+00:00\",\"dateModified\":\"2026-04-17T05:44:54+00:00\",\"description\":\"We are container factory. dry box shipping containers\u200b for exporting, if you want to import dry container and more container, pls contact me.\",\"breadcrumb\":{\"@id\":\"https:\/\/www.gkcpro.com\/product\/dry-box-shipping-containers\/#breadcrumb\"},\"inLanguage\":\"fr-FR\",\"potentialAction\":[{\"@type\":\"ReadAction\",\"target\":[\"https:\/\/www.gkcpro.com\/product\/dry-box-shipping-containers\/\"]}]},{\"@type\":\"ImageObject\",\"inLanguage\":\"fr-FR\",\"@id\":\"https:\/\/www.gkcpro.com\/product\/dry-box-shipping-containers\/#primaryimage\",\"url\":\"https:\/\/www.gkcpro.com\/wp-content\/uploads\/2026\/01\/dry-containerss.jpg\",\"contentUrl\":\"https:\/\/www.gkcpro.com\/wp-content\/uploads\/2026\/01\/dry-containerss.jpg\",\"width\":800,\"height\":800,\"caption\":\"Explore this robust dry container house built by our experienced factory in China, perfect for wholesaler and exporter partners seeking reliable modular living options.\"},{\"@type\":\"BreadcrumbList\",\"@id\":\"https:\/\/www.gkcpro.com\/product\/dry-box-shipping-containers\/#breadcrumb\",\"itemListElement\":[{\"@type\":\"ListItem\",\"position\":1,\"name\":\"\u9996\u9875\",\"item\":\"https:\/\/www.gkcpro.com\/\"},{\"@type\":\"ListItem\",\"position\":2,\"name\":\"Products\",\"item\":\"https:\/\/www.gkcpro.com\/shop\/\"},{\"@type\":\"ListItem\",\"position\":3,\"name\":\"40ft dry box shipping containers\u200b\"}]},{\"@type\":\"WebSite\",\"@id\":\"https:\/\/www.gkcpro.com\/#website\",\"url\":\"https:\/\/www.gkcpro.com\/\",\"name\":\"Container House Co., Ltd.\",\"description\":\"Container House factory\",\"potentialAction\":[{\"@type\":\"SearchAction\",\"target\":{\"@type\":\"EntryPoint\",\"urlTemplate\":\"https:\/\/www.gkcpro.com\/?s={search_term_string}\"},\"query-input\":{\"@type\":\"PropertyValueSpecification\",\"valueRequired\":true,\"valueName\":\"search_term_string\"}}],\"inLanguage\":\"fr-FR\"}]}<\/script>\n<!-- \/ Yoast SEO plugin. -->","yoast_head_json":{"title":"40ft dry box shipping containers - china container manufacturer","description":"Nous sommes une usine de conteneurs. Les conteneurs d'exp\u00e9dition en bo\u00eete s\u00e8che pour l'exportation, si vous voulez importer des conteneurs secs et d'autres conteneurs, veuillez me contacter.","robots":{"index":"index","follow":"follow","max-snippet":"max-snippet:-1","max-image-preview":"max-image-preview:large","max-video-preview":"max-video-preview:-1"},"canonical":"https:\/\/www.gkcpro.com\/fr\/product\/dry-box-shipping-containers\/","og_locale":"fr_FR","og_type":"article","og_title":"40ft dry box shipping containers\u200b - china container manufacturer","og_description":"We are container factory. dry box shipping containers\u200b for exporting, if you want to import dry container and more container, pls contact me.","og_url":"https:\/\/www.gkcpro.com\/fr\/product\/dry-box-shipping-containers\/","og_site_name":"Container House Co., Ltd.","article_modified_time":"2026-04-17T05:44:54+00:00","og_image":[{"width":800,"height":800,"url":"https:\/\/www.gkcpro.com\/wp-content\/uploads\/2026\/01\/dry-containerss.jpg","type":"image\/jpeg"}],"twitter_card":"summary_large_image","twitter_misc":{"Est. reading time":"4 minutes"},"schema":{"@context":"https:\/\/schema.org","@graph":[{"@type":"WebPage","@id":"https:\/\/www.gkcpro.com\/product\/dry-box-shipping-containers\/","url":"https:\/\/www.gkcpro.com\/product\/dry-box-shipping-containers\/","name":"40ft dry box shipping containers - china container manufacturer","isPartOf":{"@id":"https:\/\/www.gkcpro.com\/#website"},"primaryImageOfPage":{"@id":"https:\/\/www.gkcpro.com\/product\/dry-box-shipping-containers\/#primaryimage"},"image":{"@id":"https:\/\/www.gkcpro.com\/product\/dry-box-shipping-containers\/#primaryimage"},"thumbnailUrl":"https:\/\/www.gkcpro.com\/wp-content\/uploads\/2026\/01\/dry-containerss.jpg","datePublished":"2026-01-29T06:41:58+00:00","dateModified":"2026-04-17T05:44:54+00:00","description":"Nous sommes une usine de conteneurs. Les conteneurs d'exp\u00e9dition en bo\u00eete s\u00e8che pour l'exportation, si vous voulez importer des conteneurs secs et d'autres conteneurs, veuillez me contacter.","breadcrumb":{"@id":"https:\/\/www.gkcpro.com\/product\/dry-box-shipping-containers\/#breadcrumb"},"inLanguage":"fr-FR","potentialAction":[{"@type":"ReadAction","target":["https:\/\/www.gkcpro.com\/product\/dry-box-shipping-containers\/"]}]},{"@type":"ImageObject","inLanguage":"fr-FR","@id":"https:\/\/www.gkcpro.com\/product\/dry-box-shipping-containers\/#primaryimage","url":"https:\/\/www.gkcpro.com\/wp-content\/uploads\/2026\/01\/dry-containerss.jpg","contentUrl":"https:\/\/www.gkcpro.com\/wp-content\/uploads\/2026\/01\/dry-containerss.jpg","width":800,"height":800,"caption":"Explore this robust dry container house built by our experienced factory in China, perfect for wholesaler and exporter partners seeking reliable modular living options."},{"@type":"BreadcrumbList","@id":"https:\/\/www.gkcpro.com\/product\/dry-box-shipping-containers\/#breadcrumb","itemListElement":[{"@type":"ListItem","position":1,"name":"\u9996\u9875","item":"https:\/\/www.gkcpro.com\/"},{"@type":"ListItem","position":2,"name":"Products","item":"https:\/\/www.gkcpro.com\/shop\/"},{"@type":"ListItem","position":3,"name":"40ft dry box shipping containers\u200b"}]},{"@type":"WebSite","@id":"https:\/\/www.gkcpro.com\/#website","url":"https:\/\/www.gkcpro.com\/","name":"Container House Co, Ltd.","description":"Usine de fabrication de maisons en conteneurs","potentialAction":[{"@type":"SearchAction","target":{"@type":"EntryPoint","urlTemplate":"https:\/\/www.gkcpro.com\/?s={search_term_string}"},"query-input":{"@type":"PropertyValueSpecification","valueRequired":true,"valueName":"search_term_string"}}],"inLanguage":"fr-FR"}]}},"_links":{"self":[{"href":"https:\/\/www.gkcpro.com\/fr\/wp-json\/wp\/v2\/product\/910","targetHints":{"allow":["GET"]}}],"collection":[{"href":"https:\/\/www.gkcpro.com\/fr\/wp-json\/wp\/v2\/product"}],"about":[{"href":"https:\/\/www.gkcpro.com\/fr\/wp-json\/wp\/v2\/types\/product"}],"wp:featuredmedia":[{"embeddable":true,"href":"https:\/\/www.gkcpro.com\/fr\/wp-json\/wp\/v2\/media\/915"}],"wp:attachment":[{"href":"https:\/\/www.gkcpro.com\/fr\/wp-json\/wp\/v2\/media?parent=910"}],"wp:term":[{"taxonomy":"product_brand","embeddable":true,"href":"https:\/\/www.gkcpro.com\/fr\/wp-json\/wp\/v2\/product_brand?post=910"},{"taxonomy":"product_cat","embeddable":true,"href":"https:\/\/www.gkcpro.com\/fr\/wp-json\/wp\/v2\/product_cat?post=910"},{"taxonomy":"product_tag","embeddable":true,"href":"https:\/\/www.gkcpro.com\/fr\/wp-json\/wp\/v2\/product_tag?post=910"}],"curies":[{"name":"wp","href":"https:\/\/api.w.org\/{rel}","templated":true}]}}