{"id":907,"date":"2026-01-29T17:28:12","date_gmt":"2026-01-29T09:28:12","guid":{"rendered":"https:\/\/www.gkcpro.com\/?post_type=product&#038;p=907"},"modified":"2026-04-17T13:44:03","modified_gmt":"2026-04-17T05:44:03","slug":"side-opening-shipping-container","status":"publish","type":"product","link":"https:\/\/www.gkcpro.com\/fr\/product\/side-opening-shipping-container\/","title":{"rendered":"conteneur d'exp\u00e9dition \u00e0 ouverture lat\u00e9rale"},"content":{"rendered":"<p data-start=\"0\" data-end=\"72\">Conteneur d'exp\u00e9dition \u00e0 ouverture lat\u00e9rale - Fabriqu\u00e9 par un v\u00e9ritable fabricant en Chine<\/p>\n<p data-start=\"74\" data-end=\"366\">A <strong data-start=\"76\" data-end=\"111\">conteneur d'exp\u00e9dition \u00e0 ouverture lat\u00e9rale<\/strong> est une grande bo\u00eete en acier qui s'ouvre par le c\u00f4t\u00e9 long, et pas seulement par l'extr\u00e9mit\u00e9. Cela facilite grandement le chargement et le d\u00e9chargement. En tant que fabricant direct en Chine, nous concevons et construisons ces conteneurs dans notre propre usine, en utilisant de l'acier solide et des normes de production claires.<\/p>\n<hr data-start=\"368\" data-end=\"371\" \/>\n<h2 data-start=\"373\" data-end=\"418\">Qu'est-ce qu'un conteneur d'exp\u00e9dition \u00e0 ouverture lat\u00e9rale ?<\/h2>\n<p data-start=\"420\" data-end=\"589\">Pensez \u00e0 un conteneur normal comme \u00e0 une longue bo\u00eete avec une porte \u00e0 l'extr\u00e9mit\u00e9.<br data-start=\"489\" data-end=\"492\" \/>Imaginez maintenant que tout le c\u00f4t\u00e9 puisse s'ouvrir comme un livre.<br data-start=\"540\" data-end=\"543\" \/>Il s'agit d'une <strong data-start=\"553\" data-end=\"588\">conteneur d'exp\u00e9dition \u00e0 ouverture lat\u00e9rale<\/strong>.<\/p>\n<p data-start=\"591\" data-end=\"715\">Comme le c\u00f4t\u00e9 s'ouvre largement, vous pouvez voir tout ce qu'il y a \u00e0 l'int\u00e9rieur en une seule fois. Vous n'avez pas besoin de creuser ou de sortir les objets par l'avant.<\/p>\n<hr data-start=\"717\" data-end=\"720\" \/>\n<h2 data-start=\"558\" data-end=\"617\">Vue d'ensemble de la taille et de la capacit\u00e9 des conteneurs d'exp\u00e9dition \u00e0 ouverture lat\u00e9rale<\/h2>\n<p data-start=\"619\" data-end=\"762\">Tous les conteneurs sont fabriqu\u00e9s sur la base <strong data-start=\"660\" data-end=\"687\">Normes ISO pour les conteneurs<\/strong>, Le syst\u00e8me de gestion de l'information de l'UE permet de garantir une compatibilit\u00e9 globale pour l'exp\u00e9dition, le stockage et l'achat en gros.<\/p>\n<p data-start=\"764\" data-end=\"816\">A <strong data-start=\"766\" data-end=\"806\">Conteneur d'exp\u00e9dition de 40 pieds \u00e0 ouverture lat\u00e9rale<\/strong> peut contenir :<\/p>\n<ul data-start=\"817\" data-end=\"910\">\n<li data-start=\"817\" data-end=\"856\">\n<p data-start=\"819\" data-end=\"856\">Autour de <strong data-start=\"826\" data-end=\"850\">600 cartons standard<\/strong>, ou<\/p>\n<\/li>\n<li data-start=\"857\" data-end=\"910\">\n<p data-start=\"859\" data-end=\"910\">Les biens m\u00e9nagers de <strong data-start=\"882\" data-end=\"910\">8 appartements d'une chambre<\/strong><\/p>\n<\/li>\n<\/ul>\n<p data-start=\"912\" data-end=\"965\">A <strong data-start=\"914\" data-end=\"955\">Conteneur 40ft High Cube \u00e0 ouverture lat\u00e9rale<\/strong> peut charger :<\/p>\n<ul data-start=\"966\" data-end=\"1047\">\n<li data-start=\"966\" data-end=\"1009\">\n<p data-start=\"968\" data-end=\"1009\"><strong data-start=\"968\" data-end=\"987\">30 Euro palettes<\/strong> (1,2 m \u00d7 0,8 m), ou<\/p>\n<\/li>\n<li data-start=\"1010\" data-end=\"1047\">\n<p data-start=\"1012\" data-end=\"1047\"><strong data-start=\"1012\" data-end=\"1029\">25 palettes am\u00e9ricaines<\/strong> (1,01 m \u00d7 1,21 m)<\/p>\n<\/li>\n<\/ul>\n<p data-start=\"1049\" data-end=\"1195\">Les conteneurs \u00e0 ouverture lat\u00e9rale sont donc id\u00e9aux pour les exploitants d'entrep\u00f4ts, les entreprises de logistique et les entrepreneurs qui ont besoin d'un chargement rapide par acc\u00e8s lat\u00e9ral.<\/p>\n<p data-start=\"1049\" data-end=\"1195\">\n<table id=\"tablepress-19\" class=\"tablepress tablepress-id-19\">\n<thead>\n<tr class=\"row-1\">\n\t<th class=\"column-1\"><strong>Sp\u00e9cifications<\/strong><\/th><th class=\"column-2\"><strong>Conteneur \u00e0 ouverture lat\u00e9rale de 20 pieds<\/strong><\/th><th class=\"column-3\"><strong>Conteneur de 40 pieds \u00e0 ouverture lat\u00e9rale<\/strong><\/th><th class=\"column-4\"><strong>40ft High Cube Side Opening<\/strong><\/th>\n<\/tr>\n<\/thead>\n<tbody class=\"row-striping row-hover\">\n<tr class=\"row-2\">\n\t<td class=\"column-1\">Longueur interne<\/td><td class=\"column-2\">5.89 m<\/td><td class=\"column-3\">12.03 m<\/td><td class=\"column-4\">12.03 m<\/td>\n<\/tr>\n<tr class=\"row-3\">\n\t<td class=\"column-1\">Largeur interne<\/td><td class=\"column-2\">2.34 m<\/td><td class=\"column-3\">2.34 m<\/td><td class=\"column-4\">2.34 m<\/td>\n<\/tr>\n<tr class=\"row-4\">\n\t<td class=\"column-1\">Hauteur int\u00e9rieure<\/td><td class=\"column-2\">2.38 m<\/td><td class=\"column-3\">2.38 m<\/td><td class=\"column-4\">2.69 m<\/td>\n<\/tr>\n<tr class=\"row-5\">\n\t<td class=\"column-1\">Poids de tare<\/td><td class=\"column-2\">2 700 kg<\/td><td class=\"column-3\">4 700 kg<\/td><td class=\"column-4\">5 200 kg<\/td>\n<\/tr>\n<tr class=\"row-6\">\n\t<td class=\"column-1\">Charge utile<\/td><td class=\"column-2\">27,780 kg<\/td><td class=\"column-3\">27 300 kg<\/td><td class=\"column-4\">28 600 kg<\/td>\n<\/tr>\n<tr class=\"row-7\">\n\t<td class=\"column-1\">Capacit\u00e9<\/td><td class=\"column-2\">33.0 m<\/td><td class=\"column-3\">65.3 m<\/td><td class=\"column-4\">76.3 m<\/td>\n<\/tr>\n<\/tbody>\n<\/table>\n<!-- #tablepress-19 from cache --><\/p>\n<h2 data-start=\"722\" data-end=\"766\">Pourquoi de nombreuses entreprises choisissent ce conteneur<\/h2>\n<p data-start=\"768\" data-end=\"798\">Voici pourquoi les acheteurs B2B l'appr\u00e9cient :<\/p>\n<ul data-start=\"800\" data-end=\"1042\">\n<li data-start=\"800\" data-end=\"866\">\n<p data-start=\"802\" data-end=\"866\"><strong data-start=\"802\" data-end=\"818\">Chargement facile<\/strong>: Les chariots \u00e9l\u00e9vateurs peuvent charger sur le c\u00f4t\u00e9 en un seul mouvement.<\/p>\n<\/li>\n<li data-start=\"867\" data-end=\"931\">\n<p data-start=\"869\" data-end=\"931\"><strong data-start=\"869\" data-end=\"884\">Acc\u00e8s rapide<\/strong>: Ouvrez la porte, prenez ce dont vous avez besoin, fermez-la.<\/p>\n<\/li>\n<li data-start=\"932\" data-end=\"986\">\n<p data-start=\"934\" data-end=\"986\"><strong data-start=\"934\" data-end=\"954\">Meilleure utilisation de l'espace<\/strong>: 100% de la longueur est utilisable<\/p>\n<\/li>\n<li data-start=\"987\" data-end=\"1042\">\n<p data-start=\"989\" data-end=\"1042\"><strong data-start=\"989\" data-end=\"1004\">Moins de d\u00e9g\u00e2ts<\/strong>: Les produits ne sont ni ray\u00e9s ni \u00e9cras\u00e9s<\/p>\n<\/li>\n<\/ul>\n<p data-start=\"1044\" data-end=\"1129\">Pour les entrep\u00f4ts, les chantiers de construction et le stockage de mat\u00e9riel, cela permet d'\u00e9conomiser du temps et de l'argent.<\/p>\n<hr data-start=\"1131\" data-end=\"1134\" \/>\n<h2 data-start=\"1136\" data-end=\"1187\">Fabriqu\u00e9 dans notre propre usine<\/h2>\n<p data-start=\"1189\" data-end=\"1243\">Nous sommes un v\u00e9ritable fabricant de conteneurs, pas un interm\u00e9diaire.<\/p>\n<p data-start=\"1245\" data-end=\"1260\">Dans notre usine :<\/p>\n<ul data-start=\"1261\" data-end=\"1459\">\n<li data-start=\"1261\" data-end=\"1313\">\n<p data-start=\"1263\" data-end=\"1313\">Les plaques d'acier sont <strong data-start=\"1280\" data-end=\"1298\">coup\u00e9 \u00e0 la machine<\/strong> pour la pr\u00e9cision<\/p>\n<\/li>\n<li data-start=\"1314\" data-end=\"1357\">\n<p data-start=\"1316\" data-end=\"1357\">Les cadres sont <strong data-start=\"1327\" data-end=\"1343\">enti\u00e8rement soud\u00e9<\/strong>, non boulonn\u00e9<\/p>\n<\/li>\n<li data-start=\"1358\" data-end=\"1415\">\n<p data-start=\"1360\" data-end=\"1415\">Les portes sont test\u00e9es <strong data-start=\"1377\" data-end=\"1413\">plus de 5 000 cycles d'ouverture et de fermeture<\/strong><\/p>\n<\/li>\n<li data-start=\"1416\" data-end=\"1459\">\n<p data-start=\"1418\" data-end=\"1459\">Chaque conteneur est contr\u00f4l\u00e9 avant d'\u00eatre exp\u00e9di\u00e9<\/p>\n<\/li>\n<\/ul>\n<p data-start=\"1461\" data-end=\"1476\">Dimensions standard :<\/p>\n<ul data-start=\"1477\" data-end=\"1546\">\n<li data-start=\"1477\" data-end=\"1511\">\n<p data-start=\"1479\" data-end=\"1511\">20ft : environ <strong data-start=\"1491\" data-end=\"1500\">33 m\u00b3<\/strong> de l'espace<\/p>\n<\/li>\n<li data-start=\"1512\" data-end=\"1546\">\n<p data-start=\"1514\" data-end=\"1546\">40ft : environ <strong data-start=\"1526\" data-end=\"1535\">67 m\u00b3<\/strong> de l'espace<\/p>\n<\/li>\n<\/ul>\n<p data-start=\"1548\" data-end=\"1597\">\u00c9paisseur de l'acier : <strong data-start=\"1565\" data-end=\"1579\">1,6-2,0 mm<\/strong>, selon l'utilisation<\/p>\n<hr data-start=\"1599\" data-end=\"1602\" \/>\n<h2 data-start=\"1604\" data-end=\"1638\">Custom container Options for Your Project<\/h2>\n<p data-start=\"1640\" data-end=\"1698\">Chaque projet est diff\u00e9rent. Nous prenons en charge la personnalisation compl\u00e8te :<\/p>\n<ul data-start=\"1700\" data-end=\"1874\">\n<li data-start=\"1700\" data-end=\"1742\">\n<p data-start=\"1702\" data-end=\"1742\">Ouverture de la porte d'un c\u00f4t\u00e9 ou des deux c\u00f4t\u00e9s<\/p>\n<\/li>\n<li data-start=\"1743\" data-end=\"1778\">\n<p data-start=\"1745\" data-end=\"1778\">Couleurs personnalis\u00e9es et logos d'entreprise<\/p>\n<\/li>\n<li data-start=\"1779\" data-end=\"1811\">\n<p data-start=\"1781\" data-end=\"1811\">Barres de verrouillage suppl\u00e9mentaires pour la s\u00e9curit\u00e9<\/p>\n<\/li>\n<li data-start=\"1812\" data-end=\"1840\">\n<p data-start=\"1814\" data-end=\"1840\">Plancher en bois ou en acier<\/p>\n<\/li>\n<li data-start=\"1841\" data-end=\"1874\">\n<p data-start=\"1843\" data-end=\"1874\">Trous de ventilation ou isolation<\/p>\n<\/li>\n<\/ul>\n<p data-start=\"1876\" data-end=\"1985\">Le conteneur est donc parfait pour <strong data-start=\"1913\" data-end=\"1933\">acheteurs en gros<\/strong>, <strong data-start=\"1935\" data-end=\"1958\">entrepreneurs de projets<\/strong>, et <strong data-start=\"1964\" data-end=\"1984\">soci\u00e9t\u00e9s de location<\/strong>.<\/p>\n<hr data-start=\"1987\" data-end=\"1990\" \/>\n<h2 data-start=\"1992\" data-end=\"2026\">O\u00f9 ces conteneurs sont-ils utilis\u00e9s ?<\/h2>\n<p data-start=\"2028\" data-end=\"2053\">Nos clients les utilisent pour :<\/p>\n<ul data-start=\"2054\" data-end=\"2215\">\n<li data-start=\"2054\" data-end=\"2083\">\n<p data-start=\"2056\" data-end=\"2083\">Stockage de chantier<\/p>\n<\/li>\n<li data-start=\"2084\" data-end=\"2117\">\n<p data-start=\"2086\" data-end=\"2117\">Entrep\u00f4ts d'outils et d'\u00e9quipements<\/p>\n<\/li>\n<li data-start=\"2118\" data-end=\"2143\">\n<p data-start=\"2120\" data-end=\"2143\">Entrep\u00f4t pop-up pour le commerce de d\u00e9tail<\/p>\n<\/li>\n<li data-start=\"2144\" data-end=\"2176\">\n<p data-start=\"2146\" data-end=\"2176\">Manutention industrielle<\/p>\n<\/li>\n<li data-start=\"2177\" data-end=\"2215\">\n<p data-start=\"2179\" data-end=\"2215\">Projets d'exportation et de logistique en vrac<\/p>\n<\/li>\n<\/ul>\n<p data-start=\"2217\" data-end=\"2269\">Ils sont solides, simples et con\u00e7us pour fonctionner tous les jours.<\/p>\n<h2 data-start=\"2300\" data-end=\"2335\">Foire aux questions (FAQ)<\/h2>\n<h3 data-start=\"2337\" data-end=\"2395\">1. Un conteneur \u00e0 ouverture lat\u00e9rale est-il certifi\u00e9 ISO ?<\/h3>\n<p data-start=\"2396\" data-end=\"2550\">Oui. Tous nos conteneurs \u00e0 ouverture lat\u00e9rale sont fabriqu\u00e9s conform\u00e9ment aux normes ISO, ce qui les rend adapt\u00e9s au transport international et au stockage commercial.<\/p>\n<h3 data-start=\"2552\" data-end=\"2598\">2. Puis-je personnaliser les portes \u00e0 ouverture lat\u00e9rale ?<\/h3>\n<p data-start=\"2599\" data-end=\"2724\">Oui. Nous prenons en charge la personnalisation compl\u00e8te, y compris les portes \u00e0 un ou deux c\u00f4t\u00e9s, les serrures renforc\u00e9es et les syst\u00e8mes antivol.<\/p>\n<h3 data-start=\"2726\" data-end=\"2785\">3. Ces conteneurs sont-ils adapt\u00e9s au stockage en entrep\u00f4t ?<\/h3>\n<p data-start=\"2786\" data-end=\"2930\">Absolument. Les conteneurs \u00e0 ouverture lat\u00e9rale sont largement utilis\u00e9s comme unit\u00e9s de stockage en entrep\u00f4t car ils permettent un acc\u00e8s rapide aux marchandises sur toute la longueur.<\/p>\n<h3 data-start=\"2932\" data-end=\"2988\">4. Pouvez-vous prendre en charge les commandes en gros et les prix de gros ?<\/h3>\n<p data-start=\"2989\" data-end=\"3128\">Oui. En tant que fabricant, nous proposons <strong data-start=\"3022\" data-end=\"3048\">la tarification directe \u00e0 l'usine<\/strong>, Les produits de l'UE sont disponibles dans des d\u00e9lais stables et des solutions personnalis\u00e9es pour les commandes en vrac et les projets.<\/p>\n<hr data-start=\"2271\" data-end=\"2274\" \/>\n<h2 data-start=\"2276\" data-end=\"2290\">Derni\u00e8res paroles<\/h2>\n<p data-start=\"2292\" data-end=\"2541\">A <strong data-start=\"2294\" data-end=\"2329\">conteneur d'exp\u00e9dition \u00e0 ouverture lat\u00e9rale<\/strong> est simple, solide et intelligent.<br data-start=\"2359\" data-end=\"2362\" \/>En tant que fabricant, nous contr\u00f4lons la qualit\u00e9, le co\u00fbt et la livraison.<br data-start=\"2420\" data-end=\"2423\" \/>Si vous avez besoin de conteneurs fiables pour votre prochain projet, un <strong data-start=\"2480\" data-end=\"2515\">conteneur d'exp\u00e9dition \u00e0 ouverture lat\u00e9rale<\/strong> est une solution qui fonctionne.<\/p>","protected":false},"excerpt":{"rendered":"<p><img loading=\"lazy\" decoding=\"async\" class=\"alignnone size-full wp-image-1139\" src=\"https:\/\/www.gkcpro.com\/wp-content\/uploads\/2026\/02\/evaluate.jpg\" alt=\"Mes conteneurs sont export\u00e9s dans de nombreux pays ; voici un aper\u00e7u des t\u00e9moignages de nos clients.\" width=\"1000\" height=\"474\" srcset=\"https:\/\/www.gkcpro.com\/wp-content\/uploads\/2026\/02\/evaluate.jpg 1000w, https:\/\/www.gkcpro.com\/wp-content\/uploads\/2026\/02\/evaluate-300x142.jpg 300w, https:\/\/www.gkcpro.com\/wp-content\/uploads\/2026\/02\/evaluate-768x364.jpg 768w, https:\/\/www.gkcpro.com\/wp-content\/uploads\/2026\/02\/evaluate-18x9.jpg 18w, https:\/\/www.gkcpro.com\/wp-content\/uploads\/2026\/02\/evaluate-624x296.jpg 624w, https:\/\/www.gkcpro.com\/wp-content\/uploads\/2026\/02\/evaluate-800x379.jpg 800w\" sizes=\"auto, (max-width: 1000px) 100vw, 1000px\" \/><img loading=\"lazy\" decoding=\"async\" class=\"alignnone size-full wp-image-1137\" src=\"https:\/\/www.gkcpro.com\/wp-content\/uploads\/2026\/02\/container-house-certificates.jpg\" alt=\"\" width=\"1470\" height=\"2000\" srcset=\"https:\/\/www.gkcpro.com\/wp-content\/uploads\/2026\/02\/container-house-certificates.jpg 1470w, https:\/\/www.gkcpro.com\/wp-content\/uploads\/2026\/02\/container-house-certificates-221x300.jpg 221w, https:\/\/www.gkcpro.com\/wp-content\/uploads\/2026\/02\/container-house-certificates-753x1024.jpg 753w, https:\/\/www.gkcpro.com\/wp-content\/uploads\/2026\/02\/container-house-certificates-768x1045.jpg 768w, https:\/\/www.gkcpro.com\/wp-content\/uploads\/2026\/02\/container-house-certificates-1129x1536.jpg 1129w, https:\/\/www.gkcpro.com\/wp-content\/uploads\/2026\/02\/container-house-certificates-9x12.jpg 9w, https:\/\/www.gkcpro.com\/wp-content\/uploads\/2026\/02\/container-house-certificates-624x849.jpg 624w, https:\/\/www.gkcpro.com\/wp-content\/uploads\/2026\/02\/container-house-certificates-800x1088.jpg 800w\" sizes=\"auto, (max-width: 1470px) 100vw, 1470px\" \/><\/p>","protected":false},"featured_media":916,"template":"","meta":[],"product_brand":[],"product_cat":[49],"product_tag":[],"class_list":{"0":"post-907","1":"product","2":"type-product","3":"status-publish","4":"has-post-thumbnail","6":"product_cat-reefer-container-and-dry-container","8":"first","9":"instock","10":"shipping-taxable","11":"product-type-simple"},"yoast_head":"<!-- This site is optimized with the Yoast SEO plugin v26.6 - https:\/\/yoast.com\/wordpress\/plugins\/seo\/ -->\n<title>side opening shipping container - china container house manufacturer<\/title>\n<meta name=\"description\" content=\"Our side-opening shipping container have more certifications. You can communicate with our sales team and we will provide you with a free quote.\" \/>\n<meta name=\"robots\" content=\"index, follow, max-snippet:-1, max-image-preview:large, max-video-preview:-1\" \/>\n<link rel=\"canonical\" href=\"https:\/\/www.gkcpro.com\/fr\/product\/side-opening-shipping-container\/\" \/>\n<meta property=\"og:locale\" content=\"fr_FR\" \/>\n<meta property=\"og:type\" content=\"article\" \/>\n<meta property=\"og:title\" content=\"side opening shipping container - china container house manufacturer\" \/>\n<meta property=\"og:description\" content=\"Our side-opening shipping container have more certifications. You can communicate with our sales team and we will provide you with a free quote.\" \/>\n<meta property=\"og:url\" content=\"https:\/\/www.gkcpro.com\/fr\/product\/side-opening-shipping-container\/\" \/>\n<meta property=\"og:site_name\" content=\"Container House Co., Ltd.\" \/>\n<meta property=\"article:modified_time\" content=\"2026-04-17T05:44:03+00:00\" \/>\n<meta property=\"og:image\" content=\"https:\/\/www.gkcpro.com\/wp-content\/uploads\/2026\/01\/open-container-1.jpg\" \/>\n\t<meta property=\"og:image:width\" content=\"1024\" \/>\n\t<meta property=\"og:image:height\" content=\"952\" \/>\n\t<meta property=\"og:image:type\" content=\"image\/jpeg\" \/>\n<meta name=\"twitter:card\" content=\"summary_large_image\" \/>\n<meta name=\"twitter:label1\" content=\"Est. reading time\" \/>\n\t<meta name=\"twitter:data1\" content=\"3 minutes\" \/>\n<script type=\"application\/ld+json\" class=\"yoast-schema-graph\">{\"@context\":\"https:\/\/schema.org\",\"@graph\":[{\"@type\":\"WebPage\",\"@id\":\"https:\/\/www.gkcpro.com\/product\/side-opening-shipping-container\/\",\"url\":\"https:\/\/www.gkcpro.com\/product\/side-opening-shipping-container\/\",\"name\":\"side opening shipping container - china container house manufacturer\",\"isPartOf\":{\"@id\":\"https:\/\/www.gkcpro.com\/#website\"},\"primaryImageOfPage\":{\"@id\":\"https:\/\/www.gkcpro.com\/product\/side-opening-shipping-container\/#primaryimage\"},\"image\":{\"@id\":\"https:\/\/www.gkcpro.com\/product\/side-opening-shipping-container\/#primaryimage\"},\"thumbnailUrl\":\"https:\/\/www.gkcpro.com\/wp-content\/uploads\/2026\/01\/open-container-1.jpg\",\"datePublished\":\"2026-01-29T09:28:12+00:00\",\"dateModified\":\"2026-04-17T05:44:03+00:00\",\"description\":\"Our side-opening shipping container have more certifications. You can communicate with our sales team and we will provide you with a free quote.\",\"breadcrumb\":{\"@id\":\"https:\/\/www.gkcpro.com\/product\/side-opening-shipping-container\/#breadcrumb\"},\"inLanguage\":\"fr-FR\",\"potentialAction\":[{\"@type\":\"ReadAction\",\"target\":[\"https:\/\/www.gkcpro.com\/product\/side-opening-shipping-container\/\"]}]},{\"@type\":\"ImageObject\",\"inLanguage\":\"fr-FR\",\"@id\":\"https:\/\/www.gkcpro.com\/product\/side-opening-shipping-container\/#primaryimage\",\"url\":\"https:\/\/www.gkcpro.com\/wp-content\/uploads\/2026\/01\/open-container-1.jpg\",\"contentUrl\":\"https:\/\/www.gkcpro.com\/wp-content\/uploads\/2026\/01\/open-container-1.jpg\",\"width\":1024,\"height\":952,\"caption\":\"Discover this impressive side opening shipping container home engineered by our China factory renowned as a leading supplier and exporter delivering reliable modular structures to wholesaler and distributor networks worldwide.\"},{\"@type\":\"BreadcrumbList\",\"@id\":\"https:\/\/www.gkcpro.com\/product\/side-opening-shipping-container\/#breadcrumb\",\"itemListElement\":[{\"@type\":\"ListItem\",\"position\":1,\"name\":\"\u9996\u9875\",\"item\":\"https:\/\/www.gkcpro.com\/\"},{\"@type\":\"ListItem\",\"position\":2,\"name\":\"Products\",\"item\":\"https:\/\/www.gkcpro.com\/shop\/\"},{\"@type\":\"ListItem\",\"position\":3,\"name\":\"side opening shipping container\"}]},{\"@type\":\"WebSite\",\"@id\":\"https:\/\/www.gkcpro.com\/#website\",\"url\":\"https:\/\/www.gkcpro.com\/\",\"name\":\"Container House Co., Ltd.\",\"description\":\"Container House factory\",\"potentialAction\":[{\"@type\":\"SearchAction\",\"target\":{\"@type\":\"EntryPoint\",\"urlTemplate\":\"https:\/\/www.gkcpro.com\/?s={search_term_string}\"},\"query-input\":{\"@type\":\"PropertyValueSpecification\",\"valueRequired\":true,\"valueName\":\"search_term_string\"}}],\"inLanguage\":\"fr-FR\"}]}<\/script>\n<!-- \/ Yoast SEO plugin. -->","yoast_head_json":{"title":"conteneur d'exp\u00e9dition \u00e0 ouverture lat\u00e9rale - china container house manufacturer","description":"Nos conteneurs d'exp\u00e9dition \u00e0 ouverture lat\u00e9rale ont plus de certifications. Vous pouvez communiquer avec notre \u00e9quipe de vente et nous vous fournirons un devis gratuit.","robots":{"index":"index","follow":"follow","max-snippet":"max-snippet:-1","max-image-preview":"max-image-preview:large","max-video-preview":"max-video-preview:-1"},"canonical":"https:\/\/www.gkcpro.com\/fr\/product\/side-opening-shipping-container\/","og_locale":"fr_FR","og_type":"article","og_title":"side opening shipping container - china container house manufacturer","og_description":"Our side-opening shipping container have more certifications. You can communicate with our sales team and we will provide you with a free quote.","og_url":"https:\/\/www.gkcpro.com\/fr\/product\/side-opening-shipping-container\/","og_site_name":"Container House Co., Ltd.","article_modified_time":"2026-04-17T05:44:03+00:00","og_image":[{"width":1024,"height":952,"url":"https:\/\/www.gkcpro.com\/wp-content\/uploads\/2026\/01\/open-container-1.jpg","type":"image\/jpeg"}],"twitter_card":"summary_large_image","twitter_misc":{"Est. reading time":"3 minutes"},"schema":{"@context":"https:\/\/schema.org","@graph":[{"@type":"WebPage","@id":"https:\/\/www.gkcpro.com\/product\/side-opening-shipping-container\/","url":"https:\/\/www.gkcpro.com\/product\/side-opening-shipping-container\/","name":"conteneur d'exp\u00e9dition \u00e0 ouverture lat\u00e9rale - china container house manufacturer","isPartOf":{"@id":"https:\/\/www.gkcpro.com\/#website"},"primaryImageOfPage":{"@id":"https:\/\/www.gkcpro.com\/product\/side-opening-shipping-container\/#primaryimage"},"image":{"@id":"https:\/\/www.gkcpro.com\/product\/side-opening-shipping-container\/#primaryimage"},"thumbnailUrl":"https:\/\/www.gkcpro.com\/wp-content\/uploads\/2026\/01\/open-container-1.jpg","datePublished":"2026-01-29T09:28:12+00:00","dateModified":"2026-04-17T05:44:03+00:00","description":"Nos conteneurs d'exp\u00e9dition \u00e0 ouverture lat\u00e9rale ont plus de certifications. Vous pouvez communiquer avec notre \u00e9quipe de vente et nous vous fournirons un devis gratuit.","breadcrumb":{"@id":"https:\/\/www.gkcpro.com\/product\/side-opening-shipping-container\/#breadcrumb"},"inLanguage":"fr-FR","potentialAction":[{"@type":"ReadAction","target":["https:\/\/www.gkcpro.com\/product\/side-opening-shipping-container\/"]}]},{"@type":"ImageObject","inLanguage":"fr-FR","@id":"https:\/\/www.gkcpro.com\/product\/side-opening-shipping-container\/#primaryimage","url":"https:\/\/www.gkcpro.com\/wp-content\/uploads\/2026\/01\/open-container-1.jpg","contentUrl":"https:\/\/www.gkcpro.com\/wp-content\/uploads\/2026\/01\/open-container-1.jpg","width":1024,"height":952,"caption":"Discover this impressive side opening shipping container home engineered by our China factory renowned as a leading supplier and exporter delivering reliable modular structures to wholesaler and distributor networks worldwide."},{"@type":"BreadcrumbList","@id":"https:\/\/www.gkcpro.com\/product\/side-opening-shipping-container\/#breadcrumb","itemListElement":[{"@type":"ListItem","position":1,"name":"\u9996\u9875","item":"https:\/\/www.gkcpro.com\/"},{"@type":"ListItem","position":2,"name":"Products","item":"https:\/\/www.gkcpro.com\/shop\/"},{"@type":"ListItem","position":3,"name":"side opening shipping container"}]},{"@type":"WebSite","@id":"https:\/\/www.gkcpro.com\/#website","url":"https:\/\/www.gkcpro.com\/","name":"Container House Co, Ltd.","description":"Usine de fabrication de maisons en conteneurs","potentialAction":[{"@type":"SearchAction","target":{"@type":"EntryPoint","urlTemplate":"https:\/\/www.gkcpro.com\/?s={search_term_string}"},"query-input":{"@type":"PropertyValueSpecification","valueRequired":true,"valueName":"search_term_string"}}],"inLanguage":"fr-FR"}]}},"_links":{"self":[{"href":"https:\/\/www.gkcpro.com\/fr\/wp-json\/wp\/v2\/product\/907","targetHints":{"allow":["GET"]}}],"collection":[{"href":"https:\/\/www.gkcpro.com\/fr\/wp-json\/wp\/v2\/product"}],"about":[{"href":"https:\/\/www.gkcpro.com\/fr\/wp-json\/wp\/v2\/types\/product"}],"wp:featuredmedia":[{"embeddable":true,"href":"https:\/\/www.gkcpro.com\/fr\/wp-json\/wp\/v2\/media\/916"}],"wp:attachment":[{"href":"https:\/\/www.gkcpro.com\/fr\/wp-json\/wp\/v2\/media?parent=907"}],"wp:term":[{"taxonomy":"product_brand","embeddable":true,"href":"https:\/\/www.gkcpro.com\/fr\/wp-json\/wp\/v2\/product_brand?post=907"},{"taxonomy":"product_cat","embeddable":true,"href":"https:\/\/www.gkcpro.com\/fr\/wp-json\/wp\/v2\/product_cat?post=907"},{"taxonomy":"product_tag","embeddable":true,"href":"https:\/\/www.gkcpro.com\/fr\/wp-json\/wp\/v2\/product_tag?post=907"}],"curies":[{"name":"wp","href":"https:\/\/api.w.org\/{rel}","templated":true}]}}