{"id":903,"date":"2026-01-29T11:57:41","date_gmt":"2026-01-29T03:57:41","guid":{"rendered":"https:\/\/www.gkcpro.com\/?post_type=product&#038;p=903"},"modified":"2026-04-17T13:46:04","modified_gmt":"2026-04-17T05:46:04","slug":"nested-shipping-container","status":"publish","type":"product","link":"https:\/\/www.gkcpro.com\/fr\/product\/nested-shipping-container\/","title":{"rendered":"Conteneur d'exp\u00e9dition embo\u00eet\u00e9 pour le stockage"},"content":{"rendered":"<div class=\"flex flex-col text-sm pb-25\">\n<article class=\"text-token-text-primary w-full focus:outline-none [--shadow-height:45px] has-data-writing-block:pointer-events-none has-data-writing-block:-mt-(--shadow-height) has-data-writing-block:pt-(--shadow-height) [&amp;:has([data-writing-block])&gt;*]:pointer-events-auto scroll-mt-[calc(var(--header-height)+min(200px,max(70px,20svh)))]\" dir=\"auto\" tabindex=\"-1\" data-turn-id=\"16a09ce1-1c77-489c-9072-100508141948\" data-testid=\"conversation-turn-173\" data-scroll-anchor=\"true\" data-turn=\"assistant\">\n<div class=\"text-base my-auto mx-auto pb-10 [--thread-content-margin:--spacing(4)] @w-sm\/main:[--thread-content-margin:--spacing(6)] @w-lg\/main:[--thread-content-margin:--spacing(16)] px-(--thread-content-margin)\">\n<div class=\"[--thread-content-max-width:40rem] @w-lg\/main:[--thread-content-max-width:48rem] mx-auto max-w-(--thread-content-max-width) flex-1 group\/turn-messages focus-visible:outline-hidden relative flex w-full min-w-0 flex-col agent-turn\" tabindex=\"-1\">\n<div class=\"flex max-w-full flex-col grow\">\n<div class=\"min-h-8 text-message relative flex w-full flex-col items-end gap-2 text-start break-words whitespace-normal [.text-message+&amp;]:mt-1\" dir=\"auto\" data-message-author-role=\"assistant\" data-message-id=\"df00e911-849b-4dd0-9e8d-fef365178341\" data-message-model-slug=\"gpt-5-2\">\n<div class=\"flex w-full flex-col gap-1 empty:hidden first:pt-[1px]\">\n<div class=\"markdown prose dark:prose-invert w-full wrap-break-word light markdown-new-styling\">\n<p data-start=\"0\" data-end=\"65\">Conteneurs d'exp\u00e9dition embo\u00eet\u00e9s : Une fa\u00e7on plus intelligente de stocker et d'exp\u00e9dier davantage<\/p>\n<p data-start=\"67\" data-end=\"399\">A <strong data-start=\"69\" data-end=\"98\">Conteneur maritime embo\u00eet\u00e9<\/strong> est un conteneur sp\u00e9cial con\u00e7u pour s'ins\u00e9rer dans un autre conteneur. Cela signifie que lorsqu'il est vide, vous pouvez empiler plusieurs unit\u00e9s et les exp\u00e9dier en une seule fois. L'id\u00e9e est simple. De grandes \u00e9conomies. Pour les importateurs, les entreprises de logistique et les acheteurs de projets, cette conception permet de r\u00e9duire \u00e0 la fois les co\u00fbts de transport et l'espace de stockage.<\/p>\n<hr data-start=\"401\" data-end=\"404\" \/>\n<h2 data-start=\"406\" data-end=\"459\">Qu'est-ce qu'un conteneur d'exp\u00e9dition embo\u00eet\u00e9 ?<\/h2>\n<p data-start=\"461\" data-end=\"475\">Pensez aux tasses.<\/p>\n<p data-start=\"477\" data-end=\"550\">Un gobelet peut \u00eatre plac\u00e9 \u00e0 l'int\u00e9rieur d'un autre gobelet.<br data-start=\"511\" data-end=\"514\" \/>Dix tasses peuvent devenir une petite pile.<\/p>\n<p data-start=\"552\" data-end=\"589\">C'est ainsi que fonctionne un conteneur imbriqu\u00e9.<\/p>\n<p data-start=\"591\" data-end=\"736\">Lorsque le conteneur est <strong data-start=\"613\" data-end=\"622\">vide<\/strong>, Il peut \u00eatre pouss\u00e9 \u00e0 l'int\u00e9rieur d'un autre.<br data-start=\"660\" data-end=\"663\" \/>Lorsque vous <strong data-start=\"672\" data-end=\"683\">en ont besoin<\/strong>, Vous le retirez et l'utilisez comme un r\u00e9cipient normal.<\/p>\n<p data-start=\"738\" data-end=\"793\">M\u00eame taille \u00e0 l'usage.<br data-start=\"758\" data-end=\"761\" \/>Beaucoup plus petit lorsqu'il est exp\u00e9di\u00e9 vide.<\/p>\n<hr data-start=\"795\" data-end=\"798\" \/>\n<h2 data-start=\"800\" data-end=\"842\">Pourquoi les entreprises choisissent-elles les conteneurs imbriqu\u00e9s ?<\/h2>\n<p data-start=\"844\" data-end=\"865\">Voici le point essentiel :<\/p>\n<p data-start=\"867\" data-end=\"895\">Les conteneurs vides co\u00fbtent de l'argent.<\/p>\n<p data-start=\"897\" data-end=\"912\">Beaucoup d'argent.<\/p>\n<p data-start=\"914\" data-end=\"1059\">Avec un conteneur standard, vous exp\u00e9diez <strong data-start=\"950\" data-end=\"977\">une bo\u00eete vide \u00e0 la fois<\/strong>.<br data-start=\"978\" data-end=\"981\" \/>Avec une conception imbriqu\u00e9e, vous pouvez exp\u00e9dier <strong data-start=\"1016\" data-end=\"1058\">4-6 unit\u00e9s vides dans un espace de conteneur<\/strong>.<\/p>\n<h3 data-start=\"1061\" data-end=\"1078\">Chiffres r\u00e9els :<\/h3>\n<ul data-start=\"1079\" data-end=\"1220\">\n<li data-start=\"1079\" data-end=\"1128\">\n<p data-start=\"1081\" data-end=\"1128\">\u00c9conomisez jusqu'\u00e0 <strong data-start=\"1092\" data-end=\"1128\">60% sur le transport de conteneurs vides<\/strong><\/p>\n<\/li>\n<li data-start=\"1129\" data-end=\"1165\">\n<p data-start=\"1131\" data-end=\"1165\">R\u00e9duire l'espace de stockage <strong data-start=\"1155\" data-end=\"1165\">50-70%<\/strong><\/p>\n<\/li>\n<li data-start=\"1166\" data-end=\"1220\">\n<p data-start=\"1168\" data-end=\"1220\">Repositionnement plus rapide pour les ports, les d\u00e9p\u00f4ts et les projets<\/p>\n<\/li>\n<\/ul>\n<p data-start=\"1222\" data-end=\"1260\">Pour les acheteurs en gros, ces chiffres sont importants.<\/p>\n<hr data-start=\"1262\" data-end=\"1265\" \/>\n<h2 data-start=\"1267\" data-end=\"1312\">Made by a Real container Manufacturer<\/h2>\n<p data-start=\"1314\" data-end=\"1366\">Nous sommes une <strong data-start=\"1323\" data-end=\"1349\">fabricant de conteneurs<\/strong>, et non un revendeur.<\/p>\n<p data-start=\"1368\" data-end=\"1379\">En d'autres termes :<\/p>\n<ul data-start=\"1380\" data-end=\"1518\">\n<li data-start=\"1380\" data-end=\"1405\">\n<p data-start=\"1382\" data-end=\"1405\">Nous concevons la structure<\/p>\n<\/li>\n<li data-start=\"1406\" data-end=\"1438\">\n<p data-start=\"1408\" data-end=\"1438\">Nous contr\u00f4lons l'\u00e9paisseur de l'acier<\/p>\n<\/li>\n<li data-start=\"1439\" data-end=\"1476\">\n<p data-start=\"1441\" data-end=\"1476\">Nous testons le syst\u00e8me d'embo\u00eetement en interne<\/p>\n<\/li>\n<li data-start=\"1477\" data-end=\"1518\">\n<p data-start=\"1479\" data-end=\"1518\">Nous produisons en vrac pour les commandes en gros<\/p>\n<\/li>\n<\/ul>\n<p data-start=\"1520\" data-end=\"1654\">Chaque conteneur est fabriqu\u00e9 \u00e0 partir de <strong data-start=\"1548\" data-end=\"1582\">acier galvanis\u00e9 \u00e0 haute r\u00e9sistance<\/strong>, La structure de l'abri de jardin est renforc\u00e9e par des poteaux d'angle afin que les nids n'affaiblissent pas la structure.<\/p>\n<p data-start=\"1656\" data-end=\"1696\">Il s'agit d'ing\u00e9nierie d'usine, et non de th\u00e9orie.<\/p>\n<hr data-start=\"1698\" data-end=\"1701\" \/>\n<h2 data-start=\"1703\" data-end=\"1753\">Comment fonctionne le syst\u00e8me Nesting (simple mais intelligent)<\/h2>\n<p data-start=\"1755\" data-end=\"1771\">Voici ce qu'il en est :<\/p>\n<ul data-start=\"1773\" data-end=\"1923\">\n<li data-start=\"1773\" data-end=\"1828\">\n<p data-start=\"1775\" data-end=\"1828\">Le toit et les panneaux lat\u00e9raux sont con\u00e7us pour glisser en toute s\u00e9curit\u00e9<\/p>\n<\/li>\n<li data-start=\"1829\" data-end=\"1877\">\n<p data-start=\"1831\" data-end=\"1877\">Les raccords d'angle s'alignent parfaitement lors de l'embo\u00eetement<\/p>\n<\/li>\n<li data-start=\"1878\" data-end=\"1923\">\n<p data-start=\"1880\" data-end=\"1923\">Les points de verrouillage \u00e9vitent les dommages pendant le transport<\/p>\n<\/li>\n<\/ul>\n<p data-start=\"1925\" data-end=\"1997\">M\u00eame un travailleur ayant re\u00e7u une formation de base peut embo\u00eeter ou d\u00e9bo\u00eeter une unit\u00e9 en quelques minutes.<\/p>\n<p data-start=\"1999\" data-end=\"2039\">Pas d'outils complexes.<br data-start=\"2016\" data-end=\"2019\" \/>Pas de machines sp\u00e9ciales.<\/p>\n<hr data-start=\"2041\" data-end=\"2044\" \/>\n<h2 data-start=\"2046\" data-end=\"2081\">Utilisation des conteneurs imbriqu\u00e9s<\/h2>\n<p data-start=\"2083\" data-end=\"2112\">Nos clients B2B les utilisent pour :<\/p>\n<ul data-start=\"2114\" data-end=\"2259\">\n<li data-start=\"2114\" data-end=\"2136\">\n<p data-start=\"2116\" data-end=\"2136\"><strong data-start=\"2116\" data-end=\"2136\">D\u00e9p\u00f4ts logistiques<\/strong><\/p>\n<\/li>\n<li data-start=\"2137\" data-end=\"2155\">\n<p data-start=\"2139\" data-end=\"2155\"><strong data-start=\"2139\" data-end=\"2155\">Stockage portuaire<\/strong><\/p>\n<\/li>\n<li data-start=\"2156\" data-end=\"2183\">\n<p data-start=\"2158\" data-end=\"2183\"><strong data-start=\"2158\" data-end=\"2183\">Projets de construction<\/strong><\/p>\n<\/li>\n<li data-start=\"2184\" data-end=\"2221\">\n<p data-start=\"2186\" data-end=\"2221\"><strong data-start=\"2186\" data-end=\"2221\">Sites d'exploitation mini\u00e8re et d'infrastructure<\/strong><\/p>\n<\/li>\n<li data-start=\"2222\" data-end=\"2259\">\n<p data-start=\"2224\" data-end=\"2259\"><strong data-start=\"2224\" data-end=\"2259\">Flottes de location d'entrep\u00f4ts temporaires<\/strong><\/p>\n<\/li>\n<\/ul>\n<p data-start=\"2261\" data-end=\"2341\">Si votre entreprise d\u00e9place souvent des conteneurs vides, ce mod\u00e8le est rapidement amorti.<\/p>\n<hr data-start=\"2343\" data-end=\"2346\" \/>\n<h2 data-start=\"2348\" data-end=\"2381\">Custom container Options for Bulk Orders<\/h2>\n<p data-start=\"2383\" data-end=\"2438\">Comme nous fabriquons nous-m\u00eames nos produits, il est facile de les personnaliser :<\/p>\n<ul data-start=\"2440\" data-end=\"2545\">\n<li data-start=\"2440\" data-end=\"2454\">\n<p data-start=\"2442\" data-end=\"2454\">Dimensions sur mesure<\/p>\n<\/li>\n<li data-start=\"2455\" data-end=\"2471\">\n<p data-start=\"2457\" data-end=\"2471\">Position des portes<\/p>\n<\/li>\n<li data-start=\"2472\" data-end=\"2486\">\n<p data-start=\"2474\" data-end=\"2486\">Syst\u00e8mes de fermeture<\/p>\n<\/li>\n<li data-start=\"2487\" data-end=\"2513\">\n<p data-start=\"2489\" data-end=\"2513\">Couleur de la peinture et image de marque<\/p>\n<\/li>\n<\/ul>\n<p data-start=\"2547\" data-end=\"2642\">Pour les grands projets, nous proposons \u00e9galement <strong data-start=\"2581\" data-end=\"2599\">Production OEM<\/strong> et <strong data-start=\"2604\" data-end=\"2641\">soutien \u00e0 l'ing\u00e9nierie bas\u00e9e sur des projets<\/strong>.<\/p>\n<hr data-start=\"2644\" data-end=\"2647\" \/>\n<h2 data-start=\"2649\" data-end=\"2666\">FAQ sur notre conteneur<\/h2>\n<div class=\"flex flex-col text-sm pb-25\">\n<article class=\"text-token-text-primary w-full focus:outline-none [--shadow-height:45px] has-data-writing-block:pointer-events-none has-data-writing-block:-mt-(--shadow-height) has-data-writing-block:pt-(--shadow-height) [&amp;:has([data-writing-block])&gt;*]:pointer-events-auto scroll-mt-[calc(var(--header-height)+min(200px,max(70px,20svh)))]\" dir=\"auto\" tabindex=\"-1\" data-turn-id=\"2c274eca-1377-451e-b566-508a06e4cc6b\" data-testid=\"conversation-turn-175\" data-scroll-anchor=\"true\" data-turn=\"assistant\">\n<div class=\"text-base my-auto mx-auto pb-10 [--thread-content-margin:--spacing(4)] @w-sm\/main:[--thread-content-margin:--spacing(6)] @w-lg\/main:[--thread-content-margin:--spacing(16)] px-(--thread-content-margin)\">\n<div class=\"[--thread-content-max-width:40rem] @w-lg\/main:[--thread-content-max-width:48rem] mx-auto max-w-(--thread-content-max-width) flex-1 group\/turn-messages focus-visible:outline-hidden relative flex w-full min-w-0 flex-col agent-turn\" tabindex=\"-1\">\n<div class=\"flex max-w-full flex-col grow\">\n<div class=\"min-h-8 text-message relative flex w-full flex-col items-end gap-2 text-start break-words whitespace-normal [.text-message+&amp;]:mt-1\" dir=\"auto\" data-message-author-role=\"assistant\" data-message-id=\"95ef22e2-7e17-49cc-a02b-ab50ec14aaf2\" data-message-model-slug=\"gpt-5-2\">\n<div class=\"flex w-full flex-col gap-1 empty:hidden first:pt-[1px]\">\n<div class=\"markdown prose dark:prose-invert w-full wrap-break-word light markdown-new-styling\">\n<p data-start=\"36\" data-end=\"297\"><strong data-start=\"36\" data-end=\"107\">Q : Quels sont les principaux avantages de l'utilisation d'un conteneur maritime Nest ?<\/strong><br data-start=\"107\" data-end=\"110\" \/>R : Les principaux avantages sont la r\u00e9duction des co\u00fbts d'exp\u00e9dition, l'efficacit\u00e9 du stockage et le gain de place pendant le transport. Il est possible de placer 4 \u00e0 6 conteneurs dans un seul, ce qui permet d'\u00e9conomiser jusqu'\u00e0 60% sur le transport de conteneurs vides.<\/p>\n<p data-start=\"480\" data-end=\"726\"><strong data-start=\"480\" data-end=\"521\">Q : Comment fonctionne le processus d'imbrication ?<\/strong><br data-start=\"521\" data-end=\"524\" \/>R : Nos conteneurs sont con\u00e7us avec des raccords d'angle et des panneaux coulissants sp\u00e9ciaux qui leur permettent de s'empiler et de s'embo\u00eeter en toute s\u00e9curit\u00e9 sans endommager la structure. Il s'agit d'un processus simple qui peut \u00eatre r\u00e9alis\u00e9 en quelques minutes.<\/p>\n<p data-start=\"728\" data-end=\"939\"><strong data-start=\"728\" data-end=\"782\">Q : Quels sont les secteurs d'activit\u00e9 qui utilisent les conteneurs maritimes embo\u00eet\u00e9s ?<\/strong><br data-start=\"782\" data-end=\"785\" \/>R : Les industries telles que la logistique, la construction, l'exploitation mini\u00e8re et la location d'entrep\u00f4ts temporaires utilisent les conteneurs imbriqu\u00e9s pour une exp\u00e9dition, un stockage et un transport efficaces.<\/p>\n<\/div>\n<\/div>\n<\/div>\n<\/div>\n<h3 class=\"z-0 flex min-h-[46px] justify-start\">Q:Quels autres types de conteneurs proposez-vous ?<\/h3>\n<p class=\"z-0 flex min-h-[46px] justify-start\">A\uff1aNous pouvons fournir des maisons-conteneurs, des bo\u00eetes de stockage, des bo\u00eetes de tribune, des conteneurs r\u00e9frig\u00e9r\u00e9s, des conteneurs sp\u00e9ciaux et d'autres types de conteneurs. Si vous avez d'autres exigences en mati\u00e8re de conteneurs, n'h\u00e9sitez pas \u00e0 m'en faire part et je les produirai sp\u00e9cialement pour vous.<\/p>\n<h3>Q. Avez-vous les certificats de vos produits ? C'est tr\u00e8s important pour moi.<\/h3>\n<p>Oui, je joins notre<a href=\"https:\/\/www.gkcpro.com\/wp-content\/uploads\/2026\/01\/container-house-factory-CE-certification.pdf\" target=\"_blank\" rel=\"noopener\"><strong>\u00a0Certificat CE<\/strong><\/a> pour votre r\u00e9f\u00e9rence, veuillez la v\u00e9rifier.<\/p>\n<\/div>\n<\/div>\n<\/article>\n<\/div>\n<h2 data-start=\"2649\" data-end=\"2666\">R\u00e9flexions finales<\/h2>\n<p data-start=\"2668\" data-end=\"2756\">A <strong data-start=\"2670\" data-end=\"2699\">Conteneur maritime embo\u00eet\u00e9<\/strong> n'est pas une question d'\u00e9l\u00e9gance.<br data-start=\"2725\" data-end=\"2728\" \/>Il s'agit d'\u00eatre efficace.<\/p>\n<p data-start=\"2758\" data-end=\"2804\">Moins d'espace.<br data-start=\"2769\" data-end=\"2772\" \/>Co\u00fbt moins \u00e9lev\u00e9.<br data-start=\"2783\" data-end=\"2786\" \/>Une logistique plus intelligente.<\/p>\n<p data-start=\"2806\" data-end=\"2999\">Si vous recherchez des conteneurs pour un usage commercial, des achats en gros ou des projets \u00e0 long terme, cette solution est con\u00e7ue pour vous et par un fabricant qui comprend les probl\u00e8mes d'exp\u00e9dition du monde r\u00e9el.<\/p>\n<\/div>\n<\/div>\n<\/div>\n<\/div>\n<div class=\"z-0 flex min-h-[46px] justify-start\"><\/div>\n<div class=\"mt-3 w-full empty:hidden\">\n<div class=\"text-center\"><\/div>\n<\/div>\n<\/div>\n<\/div>\n<\/article>\n<\/div>\n<div class=\"pointer-events-none h-px w-px absolute bottom-0\" aria-hidden=\"true\" data-edge=\"true\"><\/div>","protected":false},"excerpt":{"rendered":"<p><img loading=\"lazy\" decoding=\"async\" class=\"alignnone size-full wp-image-1139\" src=\"https:\/\/www.gkcpro.com\/wp-content\/uploads\/2026\/02\/evaluate.jpg\" alt=\"Mes conteneurs sont export\u00e9s dans de nombreux pays ; voici un aper\u00e7u des t\u00e9moignages de nos clients.\" width=\"1000\" height=\"474\" srcset=\"https:\/\/www.gkcpro.com\/wp-content\/uploads\/2026\/02\/evaluate.jpg 1000w, https:\/\/www.gkcpro.com\/wp-content\/uploads\/2026\/02\/evaluate-300x142.jpg 300w, https:\/\/www.gkcpro.com\/wp-content\/uploads\/2026\/02\/evaluate-768x364.jpg 768w, https:\/\/www.gkcpro.com\/wp-content\/uploads\/2026\/02\/evaluate-18x9.jpg 18w, https:\/\/www.gkcpro.com\/wp-content\/uploads\/2026\/02\/evaluate-624x296.jpg 624w, https:\/\/www.gkcpro.com\/wp-content\/uploads\/2026\/02\/evaluate-800x379.jpg 800w\" sizes=\"auto, (max-width: 1000px) 100vw, 1000px\" \/><\/p>\n<p><img loading=\"lazy\" decoding=\"async\" class=\"alignnone wp-image-1137 size-full\" src=\"https:\/\/www.gkcpro.com\/wp-content\/uploads\/2026\/02\/container-house-certificates.jpg\" alt=\"Pr\u00e9sentation des certifications internationales incluant ISO 9001, CE, et les certifications de s\u00e9curit\u00e9 structurelle pour nos maisons-conteneurs et conteneurs \u00e0 l&#039;exportation.\" width=\"1470\" height=\"2000\" srcset=\"https:\/\/www.gkcpro.com\/wp-content\/uploads\/2026\/02\/container-house-certificates.jpg 1470w, https:\/\/www.gkcpro.com\/wp-content\/uploads\/2026\/02\/container-house-certificates-221x300.jpg 221w, https:\/\/www.gkcpro.com\/wp-content\/uploads\/2026\/02\/container-house-certificates-753x1024.jpg 753w, https:\/\/www.gkcpro.com\/wp-content\/uploads\/2026\/02\/container-house-certificates-768x1045.jpg 768w, https:\/\/www.gkcpro.com\/wp-content\/uploads\/2026\/02\/container-house-certificates-1129x1536.jpg 1129w, https:\/\/www.gkcpro.com\/wp-content\/uploads\/2026\/02\/container-house-certificates-9x12.jpg 9w, https:\/\/www.gkcpro.com\/wp-content\/uploads\/2026\/02\/container-house-certificates-624x849.jpg 624w, https:\/\/www.gkcpro.com\/wp-content\/uploads\/2026\/02\/container-house-certificates-800x1088.jpg 800w\" sizes=\"auto, (max-width: 1470px) 100vw, 1470px\" \/><\/p>","protected":false},"featured_media":904,"template":"","meta":[],"product_brand":[],"product_cat":[49],"product_tag":[],"class_list":{"0":"post-903","1":"product","2":"type-product","3":"status-publish","4":"has-post-thumbnail","6":"product_cat-reefer-container-and-dry-container","8":"first","9":"instock","10":"shipping-taxable","11":"product-type-simple"},"yoast_head":"<!-- This site is optimized with the Yoast SEO plugin v26.6 - https:\/\/yoast.com\/wordpress\/plugins\/seo\/ -->\n<title>Nested shipping container - china container manufacturer<\/title>\n<meta name=\"robots\" content=\"index, follow, max-snippet:-1, max-image-preview:large, max-video-preview:-1\" \/>\n<link rel=\"canonical\" href=\"https:\/\/www.gkcpro.com\/fr\/product\/nested-shipping-container\/\" \/>\n<meta property=\"og:locale\" content=\"fr_FR\" \/>\n<meta property=\"og:type\" content=\"article\" \/>\n<meta property=\"og:title\" content=\"Nested shipping container - china container manufacturer\" \/>\n<meta property=\"og:url\" content=\"https:\/\/www.gkcpro.com\/fr\/product\/nested-shipping-container\/\" \/>\n<meta property=\"og:site_name\" content=\"Container House Co., Ltd.\" \/>\n<meta property=\"article:modified_time\" content=\"2026-04-17T05:46:04+00:00\" \/>\n<meta property=\"og:image\" content=\"https:\/\/www.gkcpro.com\/wp-content\/uploads\/2026\/01\/new-1.jpg\" \/>\n\t<meta property=\"og:image:width\" content=\"800\" \/>\n\t<meta property=\"og:image:height\" content=\"800\" \/>\n\t<meta property=\"og:image:type\" content=\"image\/jpeg\" \/>\n<meta name=\"twitter:card\" content=\"summary_large_image\" \/>\n<meta name=\"twitter:label1\" content=\"Est. reading time\" \/>\n\t<meta name=\"twitter:data1\" content=\"4 minutes\" \/>\n<script type=\"application\/ld+json\" class=\"yoast-schema-graph\">{\"@context\":\"https:\/\/schema.org\",\"@graph\":[{\"@type\":\"WebPage\",\"@id\":\"https:\/\/www.gkcpro.com\/product\/nested-shipping-container\/\",\"url\":\"https:\/\/www.gkcpro.com\/product\/nested-shipping-container\/\",\"name\":\"Nested shipping container - china container manufacturer\",\"isPartOf\":{\"@id\":\"https:\/\/www.gkcpro.com\/#website\"},\"primaryImageOfPage\":{\"@id\":\"https:\/\/www.gkcpro.com\/product\/nested-shipping-container\/#primaryimage\"},\"image\":{\"@id\":\"https:\/\/www.gkcpro.com\/product\/nested-shipping-container\/#primaryimage\"},\"thumbnailUrl\":\"https:\/\/www.gkcpro.com\/wp-content\/uploads\/2026\/01\/new-1.jpg\",\"datePublished\":\"2026-01-29T03:57:41+00:00\",\"dateModified\":\"2026-04-17T05:46:04+00:00\",\"breadcrumb\":{\"@id\":\"https:\/\/www.gkcpro.com\/product\/nested-shipping-container\/#breadcrumb\"},\"inLanguage\":\"fr-FR\",\"potentialAction\":[{\"@type\":\"ReadAction\",\"target\":[\"https:\/\/www.gkcpro.com\/product\/nested-shipping-container\/\"]}]},{\"@type\":\"ImageObject\",\"inLanguage\":\"fr-FR\",\"@id\":\"https:\/\/www.gkcpro.com\/product\/nested-shipping-container\/#primaryimage\",\"url\":\"https:\/\/www.gkcpro.com\/wp-content\/uploads\/2026\/01\/new-1.jpg\",\"contentUrl\":\"https:\/\/www.gkcpro.com\/wp-content\/uploads\/2026\/01\/new-1.jpg\",\"width\":800,\"height\":800,\"caption\":\"Caption Heavy duty nesting container manufactured in China for bulk logistics solutions supporting OEM ODM and customized production services\"},{\"@type\":\"BreadcrumbList\",\"@id\":\"https:\/\/www.gkcpro.com\/product\/nested-shipping-container\/#breadcrumb\",\"itemListElement\":[{\"@type\":\"ListItem\",\"position\":1,\"name\":\"\u9996\u9875\",\"item\":\"https:\/\/www.gkcpro.com\/\"},{\"@type\":\"ListItem\",\"position\":2,\"name\":\"Products\",\"item\":\"https:\/\/www.gkcpro.com\/shop\/\"},{\"@type\":\"ListItem\",\"position\":3,\"name\":\"Nested shipping container for storaging\"}]},{\"@type\":\"WebSite\",\"@id\":\"https:\/\/www.gkcpro.com\/#website\",\"url\":\"https:\/\/www.gkcpro.com\/\",\"name\":\"Container House Co., Ltd.\",\"description\":\"Container House factory\",\"potentialAction\":[{\"@type\":\"SearchAction\",\"target\":{\"@type\":\"EntryPoint\",\"urlTemplate\":\"https:\/\/www.gkcpro.com\/?s={search_term_string}\"},\"query-input\":{\"@type\":\"PropertyValueSpecification\",\"valueRequired\":true,\"valueName\":\"search_term_string\"}}],\"inLanguage\":\"fr-FR\"}]}<\/script>\n<!-- \/ Yoast SEO plugin. -->","yoast_head_json":{"title":"Conteneur maritime embo\u00eet\u00e9 - china container manufacturer","robots":{"index":"index","follow":"follow","max-snippet":"max-snippet:-1","max-image-preview":"max-image-preview:large","max-video-preview":"max-video-preview:-1"},"canonical":"https:\/\/www.gkcpro.com\/fr\/product\/nested-shipping-container\/","og_locale":"fr_FR","og_type":"article","og_title":"Nested shipping container - china container manufacturer","og_url":"https:\/\/www.gkcpro.com\/fr\/product\/nested-shipping-container\/","og_site_name":"Container House Co., Ltd.","article_modified_time":"2026-04-17T05:46:04+00:00","og_image":[{"width":800,"height":800,"url":"https:\/\/www.gkcpro.com\/wp-content\/uploads\/2026\/01\/new-1.jpg","type":"image\/jpeg"}],"twitter_card":"summary_large_image","twitter_misc":{"Est. reading time":"4 minutes"},"schema":{"@context":"https:\/\/schema.org","@graph":[{"@type":"WebPage","@id":"https:\/\/www.gkcpro.com\/product\/nested-shipping-container\/","url":"https:\/\/www.gkcpro.com\/product\/nested-shipping-container\/","name":"Conteneur maritime embo\u00eet\u00e9 - china container manufacturer","isPartOf":{"@id":"https:\/\/www.gkcpro.com\/#website"},"primaryImageOfPage":{"@id":"https:\/\/www.gkcpro.com\/product\/nested-shipping-container\/#primaryimage"},"image":{"@id":"https:\/\/www.gkcpro.com\/product\/nested-shipping-container\/#primaryimage"},"thumbnailUrl":"https:\/\/www.gkcpro.com\/wp-content\/uploads\/2026\/01\/new-1.jpg","datePublished":"2026-01-29T03:57:41+00:00","dateModified":"2026-04-17T05:46:04+00:00","breadcrumb":{"@id":"https:\/\/www.gkcpro.com\/product\/nested-shipping-container\/#breadcrumb"},"inLanguage":"fr-FR","potentialAction":[{"@type":"ReadAction","target":["https:\/\/www.gkcpro.com\/product\/nested-shipping-container\/"]}]},{"@type":"ImageObject","inLanguage":"fr-FR","@id":"https:\/\/www.gkcpro.com\/product\/nested-shipping-container\/#primaryimage","url":"https:\/\/www.gkcpro.com\/wp-content\/uploads\/2026\/01\/new-1.jpg","contentUrl":"https:\/\/www.gkcpro.com\/wp-content\/uploads\/2026\/01\/new-1.jpg","width":800,"height":800,"caption":"Caption Heavy duty nesting container manufactured in China for bulk logistics solutions supporting OEM ODM and customized production services"},{"@type":"BreadcrumbList","@id":"https:\/\/www.gkcpro.com\/product\/nested-shipping-container\/#breadcrumb","itemListElement":[{"@type":"ListItem","position":1,"name":"\u9996\u9875","item":"https:\/\/www.gkcpro.com\/"},{"@type":"ListItem","position":2,"name":"Products","item":"https:\/\/www.gkcpro.com\/shop\/"},{"@type":"ListItem","position":3,"name":"Nested shipping container for storaging"}]},{"@type":"WebSite","@id":"https:\/\/www.gkcpro.com\/#website","url":"https:\/\/www.gkcpro.com\/","name":"Container House Co, Ltd.","description":"Usine de fabrication de maisons en conteneurs","potentialAction":[{"@type":"SearchAction","target":{"@type":"EntryPoint","urlTemplate":"https:\/\/www.gkcpro.com\/?s={search_term_string}"},"query-input":{"@type":"PropertyValueSpecification","valueRequired":true,"valueName":"search_term_string"}}],"inLanguage":"fr-FR"}]}},"_links":{"self":[{"href":"https:\/\/www.gkcpro.com\/fr\/wp-json\/wp\/v2\/product\/903","targetHints":{"allow":["GET"]}}],"collection":[{"href":"https:\/\/www.gkcpro.com\/fr\/wp-json\/wp\/v2\/product"}],"about":[{"href":"https:\/\/www.gkcpro.com\/fr\/wp-json\/wp\/v2\/types\/product"}],"wp:featuredmedia":[{"embeddable":true,"href":"https:\/\/www.gkcpro.com\/fr\/wp-json\/wp\/v2\/media\/904"}],"wp:attachment":[{"href":"https:\/\/www.gkcpro.com\/fr\/wp-json\/wp\/v2\/media?parent=903"}],"wp:term":[{"taxonomy":"product_brand","embeddable":true,"href":"https:\/\/www.gkcpro.com\/fr\/wp-json\/wp\/v2\/product_brand?post=903"},{"taxonomy":"product_cat","embeddable":true,"href":"https:\/\/www.gkcpro.com\/fr\/wp-json\/wp\/v2\/product_cat?post=903"},{"taxonomy":"product_tag","embeddable":true,"href":"https:\/\/www.gkcpro.com\/fr\/wp-json\/wp\/v2\/product_tag?post=903"}],"curies":[{"name":"wp","href":"https:\/\/api.w.org\/{rel}","templated":true}]}}