{"id":773,"date":"2026-02-22T09:36:28","date_gmt":"2026-02-22T01:36:28","guid":{"rendered":"https:\/\/www.gkcpro.com\/?post_type=product&#038;p=773"},"modified":"2026-04-17T13:40:54","modified_gmt":"2026-04-17T05:40:54","slug":"20ft-reefer-container","status":"publish","type":"product","link":"https:\/\/www.gkcpro.com\/fr\/product\/20ft-reefer-container\/","title":{"rendered":"conteneur frigorifique de 20 pieds en gros"},"content":{"rendered":"<h2><span data-markdown-start-index=\"1123\">Conteneur reefer de 20 pieds Sp\u00e9cifications du produit\u00a0<\/span><\/h2>\n<p><span data-markdown-start-index=\"1196\">A la recherche d'une personne fiable\u00a0<\/span><strong><span data-markdown-start-index=\"1221\">Conteneur r\u00e9frig\u00e9r\u00e9 de 20 pieds<\/span><\/strong><span data-markdown-start-index=\"1244\">\u00a0pour prot\u00e9ger vos marchandises sensibles \u00e0 la temp\u00e9rature ?<\/span><\/p>\n<p><span data-markdown-start-index=\"1290\">Vous \u00eates au bon endroit.<\/span><\/p>\n<p><span data-markdown-start-index=\"1318\">Au <\/span><strong><span data-markdown-start-index=\"1323\">Container House Co, Ltd<\/span><\/strong><span data-markdown-start-index=\"1363\">, Nous ne nous contentons pas de fabriquer des conteneurs, nous les concevons.\u00a0<\/span><strong><span data-markdown-start-index=\"1417\">solutions pour la cha\u00eene du froid<\/span><\/strong><span data-markdown-start-index=\"1439\">. Les conteneurs sont \u00e9quip\u00e9s de machines de marques Thermo King, Carrier et autres. Nous exportons des conteneurs frigorifiques neufs et d'occasion vers tous les ports du monde.<\/span><\/p>\n<p><span data-markdown-start-index=\"1441\">Que vous exp\u00e9diiez des produits pharmaceutiques, des produits frais ou des fruits de mer surgel\u00e9s, nos conteneurs frigorifiques de 20 pieds certifi\u00e9s ISO assurent un contr\u00f4le pr\u00e9cis de la temp\u00e9rature (de -30\u00b0C \u00e0 +30\u00b0C) et une isolation sup\u00e9rieure.<\/span><\/p>\n<p><strong><span data-markdown-start-index=\"1638\">Le plus beau ?<\/span><\/strong><\/p>\n<p><span data-markdown-start-index=\"1655\">Nos conteneurs sont con\u00e7us pour\u00a0<\/span><strong><span data-markdown-start-index=\"1691\">efficacit\u00e9 \u00e9nerg\u00e9tique maximale<\/span><\/strong><span data-markdown-start-index=\"1718\">, vous permettant ainsi de r\u00e9duire consid\u00e9rablement vos co\u00fbts op\u00e9rationnels.<\/span><\/p>\n<p><span data-markdown-start-index=\"1769\">Ci-dessous, nous expliquons exactement pourquoi notre\u00a0<\/span><strong><span data-markdown-start-index=\"1808\">Conteneur r\u00e9frig\u00e9r\u00e9 de 20 pieds<\/span><\/strong><span data-markdown-start-index=\"1831\">\u00a0est le choix #1 des acheteurs B2B du monde entier.<\/span><\/p>\n<h2><span data-markdown-start-index=\"2794\">Pourquoi choisir notre conteneur frigorifique de 20 pieds ?<\/span><\/h2>\n<p><span data-markdown-start-index=\"2832\">Lorsque vous vous approvisionnez aupr\u00e8s d'un\u00a0<\/span><strong><span data-markdown-start-index=\"2857\">Fabricant chinois de conteneurs d'exp\u00e9dition<\/span><\/strong><span data-markdown-start-index=\"2896\">, Si vous avez besoin d'un syst\u00e8me d'alarme, vous avez besoin de plus qu'une simple bo\u00eete en m\u00e9tal. Vous avez besoin de fiabilit\u00e9.<\/span><\/p>\n<p><span data-markdown-start-index=\"2957\">Voici pourquoi nos conteneurs se distinguent :<\/span><\/p>\n<h3><span data-markdown-start-index=\"2999\">1. \u201cEfficacit\u00e9 \u00e9nerg\u00e9tique \u201dSmart-Cool<\/span><\/h3>\n<p><span data-markdown-start-index=\"3032\">Les co\u00fbts de l'\u00e9lectricit\u00e9 peuvent r\u00e9duire vos marges.<\/span><\/p>\n<p><span data-markdown-start-index=\"3073\">C'est pourquoi notre\u00a0<\/span><strong><span data-markdown-start-index=\"3092\">Conteneur r\u00e9frig\u00e9r\u00e9 de 20 pieds<\/span><\/strong><span data-markdown-start-index=\"3115\">\u00a0est construit avec une isolation en mousse de polyur\u00e9thane de haute densit\u00e9 et des joints de porte avanc\u00e9s. Cette conception minimise les fuites de chaleur (faible valeur K).<\/span><\/p>\n<p><strong><span data-markdown-start-index=\"3247\">Le r\u00e9sultat ?<\/span><\/strong><\/p>\n<ul>\n<li><span data-markdown-start-index=\"3264\">Votre unit\u00e9 de refroidissement fonctionne moins bien.<\/span><\/li>\n<li><span data-markdown-start-index=\"3297\">Vous \u00e9conomisez de l'argent sur le carburant et l'\u00e9lectricit\u00e9.<\/span><\/li>\n<li><span data-markdown-start-index=\"3340\">La cargaison reste fra\u00eeche, m\u00eame en cas de chaleur ext\u00e9rieure extr\u00eame.<\/span><\/li>\n<\/ul>\n<h3><span data-markdown-start-index=\"3398\">2. Contr\u00f4le pr\u00e9cis de la temp\u00e9rature (pas de d\u00e9t\u00e9rioration)<\/span><\/h3>\n<p><span data-markdown-start-index=\"3444\">Pour les produits pharmaceutiques et les viandes congel\u00e9es, une fluctuation de 1\u00b0C peut \u00eatre un d\u00e9sastre.<\/span><\/p>\n<p><span data-markdown-start-index=\"3522\">Nos unit\u00e9s maintiennent une\u00a0<\/span><strong><span data-markdown-start-index=\"3545\">d\u00e9bit d'air constant<\/span><\/strong><span data-markdown-start-index=\"3563\">\u00a0\u00e0 travers le plancher en T, garantissant que l'air froid enveloppe chaque palette. Que vous ayez besoin de \u201csurgel\u00e9s\u201d ou de \u201cr\u00e9frig\u00e9r\u00e9s\u201d, notre syst\u00e8me maintient le point de consigne sans rel\u00e2che.<\/span><\/p>\n<h3><span data-markdown-start-index=\"3728\">3. Con\u00e7u pour les oc\u00e9ans les plus rudes<\/span><\/h3>\n<p><span data-markdown-start-index=\"3760\">Nous utilisons\u00a0<\/span><strong><span data-markdown-start-index=\"3769\">Acier Corten (acier r\u00e9sistant aux intemp\u00e9ries)<\/span><\/strong><span data-markdown-start-index=\"3802\">\u00a0pour la structure principale.<\/span><\/p>\n<p><strong><span data-markdown-start-index=\"3829\">Pourquoi cela est-il important ?<\/span><\/strong><br \/>\n<span data-markdown-start-index=\"3852\">L'eau sal\u00e9e est corrosive. Notre rev\u00eatement anticorrosion et notre structure en acier durable garantissent que votre investissement durera plus de 15 ans, m\u00eame en cas d'exp\u00e9ditions internationales fr\u00e9quentes.<\/span><\/p>\n<hr \/>\n<h2><span data-markdown-start-index=\"4025\">Shipping reefer container Applications: What Can You Ship?<\/span><\/h2>\n<p><span data-markdown-start-index=\"4058\">Notre\u00a0<\/span><strong><span data-markdown-start-index=\"4064\">Conteneurs r\u00e9frig\u00e9r\u00e9s de 20 pieds<\/span><\/strong><span data-markdown-start-index=\"4088\">\u00a0sont des outils de travail polyvalents. Les industries qui leur font confiance sont notamment les suivantes<\/span><\/p>\n<ul>\n<li><strong><span data-markdown-start-index=\"4163\">Produits frais :<\/span><\/strong><span data-markdown-start-index=\"4179\">\u00a0Fruits, l\u00e9gumes et fleurs (possibilit\u00e9 de contr\u00f4le de l'humidit\u00e9).<\/span><\/li>\n<li><strong><span data-markdown-start-index=\"4247\">Produits pharmaceutiques :<\/span><\/strong><span data-markdown-start-index=\"4265\">\u00a0Vaccins et fournitures m\u00e9dicales n\u00e9cessitant une stricte conformit\u00e9 au PIB.<\/span><\/li>\n<li><strong><span data-markdown-start-index=\"4334\">Aliments surgel\u00e9s :<\/span><\/strong><span data-markdown-start-index=\"4349\">\u00a0Viande, fruits de mer et cr\u00e8me glac\u00e9e.<\/span><\/li>\n<li><strong><span data-markdown-start-index=\"4385\">Produits chimiques industriels :<\/span><\/strong><span data-markdown-start-index=\"4408\">\u00a0Mati\u00e8res volatiles sensibles \u00e0 la temp\u00e9rature.<\/span><\/li>\n<\/ul>\n\n<table id=\"tablepress-6\" class=\"tablepress tablepress-id-6 tbody-has-connected-cells\">\n<thead>\n<tr class=\"row-1\">\n\t<td class=\"column-1\"><\/td><td class=\"column-2\"><\/td><td class=\"column-3\"><\/td><td class=\"column-4\"><\/td><td class=\"column-5\"><\/td><td class=\"column-6\"><\/td><td class=\"column-7\"><\/td><td class=\"column-8\"><\/td><td class=\"column-9\"><\/td>\n<\/tr>\n<\/thead>\n<tbody class=\"row-striping row-hover\">\n<tr class=\"row-2\">\n\t<td rowspan=\"3\" class=\"column-1\">Type<\/td><td colspan=\"3\" class=\"column-2\">Dimensions ext\u00e9rieures<\/td><td colspan=\"3\" class=\"column-5\">Dimensions internes<\/td><td class=\"column-8\">Capacit\u00e9 cubique int\u00e9rieure<\/td><td class=\"column-9\">Poids de tare<\/td>\n<\/tr>\n<tr class=\"row-3\">\n\t<td colspan=\"3\" class=\"column-2\">(mm)<\/td><td colspan=\"3\" class=\"column-5\">(mm)<\/td><td rowspan=\"2\" class=\"column-8\">(m.c.)<\/td><td rowspan=\"2\" class=\"column-9\">(kg)<\/td>\n<\/tr>\n<tr class=\"row-4\">\n\t<td class=\"column-2\">Longueur<\/td><td class=\"column-3\">Largeur<\/td><td class=\"column-4\">Hauteur<\/td><td class=\"column-5\">Longueur<\/td><td class=\"column-6\">Largeur<\/td><td class=\"column-7\">Hauteur<\/td>\n<\/tr>\n<tr class=\"row-5\">\n\t<td class=\"column-1\">20'<\/td><td class=\"column-2\">6058<\/td><td class=\"column-3\">2438<\/td><td class=\"column-4\">2591<\/td><td class=\"column-5\">5898<\/td><td class=\"column-6\">2352<\/td><td class=\"column-7\">2363<\/td><td class=\"column-8\">33.2<\/td><td class=\"column-9\">2270<\/td>\n<\/tr>\n<tr class=\"row-6\">\n\t<td class=\"column-1\">20HC<\/td><td class=\"column-2\">6058<\/td><td class=\"column-3\">2438<\/td><td class=\"column-4\">2896<\/td><td class=\"column-5\">5898<\/td><td class=\"column-6\">2352<\/td><td class=\"column-7\">2673<\/td><td class=\"column-8\">37<\/td><td class=\"column-9\">2515<\/td>\n<\/tr>\n<tr class=\"row-7\">\n\t<td class=\"column-1\">40'<\/td><td class=\"column-2\">12192<\/td><td class=\"column-3\">2438<\/td><td class=\"column-4\">2591<\/td><td class=\"column-5\">12031<\/td><td class=\"column-6\">2352<\/td><td class=\"column-7\">2384<\/td><td class=\"column-8\">67.7<\/td><td class=\"column-9\">3720<\/td>\n<\/tr>\n<tr class=\"row-8\">\n\t<td class=\"column-1\">40HC<\/td><td class=\"column-2\">12192<\/td><td class=\"column-3\">2438<\/td><td class=\"column-4\">2896<\/td><td class=\"column-5\">12031<\/td><td class=\"column-6\">2352<\/td><td class=\"column-7\">2673<\/td><td class=\"column-8\">76.4<\/td><td class=\"column-9\">3900<\/td>\n<\/tr>\n<\/tbody>\n<\/table>\n<!-- #tablepress-6 from cache -->\n<h2><span data-markdown-start-index=\"4458\">FAQ: B2B Procurement Guide about reefer container<\/span><\/h2>\n<p><strong><span data-markdown-start-index=\"4487\">Q : Quel est le d\u00e9lai de livraison pour une commande en gros ?<\/span><\/strong><br \/>\n<span data-markdown-start-index=\"4531\">R : En tant que fournisseur direct de l'usine, nous pouvons g\u00e9n\u00e9ralement avoir des unit\u00e9s standard pr\u00eates en\u00a0<\/span><strong><span data-markdown-start-index=\"4612\">7-14 jours<\/span><\/strong><span data-markdown-start-index=\"4623\">. Pour les commandes personnalis\u00e9es, veuillez consulter notre \u00e9quipe de vente.<\/span><\/p>\n<p><strong><span data-markdown-start-index=\"4677\">Q : Pouvez-vous installer une marque sp\u00e9cifique de machines (par exemple, Carrier) ?<\/span><\/strong><br \/>\n<span data-markdown-start-index=\"4744\">R : Oui. Nous travaillons en partenariat avec des marques de premier plan telles que\u00a0<\/span><strong><span data-markdown-start-index=\"4786\">Carrier, Thermo King et Daikin<\/span><\/strong><span data-markdown-start-index=\"4820\">. Vous sp\u00e9cifiez les machines, nous les installons.<\/span><\/p>\n<p><strong><span data-markdown-start-index=\"4866\">Q : Proposez-vous un service \u201c\u00e0 usage unique\u201d pour mon pays ?<\/span><\/strong><br \/>\n<span data-markdown-start-index=\"4920\">R : Oui ! Nous pouvons souvent organiser l'utilisation de conteneurs SOC (Shipper Owned Container) en aller simple vers les principaux ports des \u00c9tats-Unis, d'Europe et d'Asie du Sud-Est. Cela vous permet d'\u00e9conomiser des frais de transport.<\/span><\/p>\n<p><strong><span data-markdown-start-index=\"5078\">Q : Quelle est la diff\u00e9rence entre un reefer de 20 pieds et un reefer de 40 pieds ?<\/span><\/strong><br \/>\n<span data-markdown-start-index=\"5139\">A : A\u00a0<\/span><strong><span data-markdown-start-index=\"5146\">20ft reefer<\/span><\/strong><span data-markdown-start-index=\"5159\">\u00a0est id\u00e9al pour les marchandises lourdes et denses (comme la viande congel\u00e9e), car il atteint la limite de poids avant la limite de volume. Un camion frigorifique de 40 pieds est plus adapt\u00e9 aux marchandises volumineuses et l\u00e9g\u00e8res (comme les l\u00e9gumes).<\/span><\/p>\n<hr \/>\n<h2><span data-markdown-start-index=\"5349\">Pr\u00eat \u00e0 moderniser votre cha\u00eene du froid ?<\/span><\/h2>\n<p><span data-markdown-start-index=\"5428\">Choisir <\/span><strong><span data-markdown-start-index=\"5437\">\u00a0Container House Co, Ltd<\/span><\/strong><span data-markdown-start-index=\"5477\">\u00a0pour un prix direct et une qualit\u00e9 conforme \u00e0 la norme ISO.<\/span><\/p>\n<h4>J'accorde une grande importance \u00e0 la certification des produits, car elle repr\u00e9sente la qualit\u00e9 du produit. Pouvez-vous me parler de la certification de votre produit ?<\/h4>\n<p>Oui, nous soutenons ces services concernant le certificat.<span style=\"color: #0000ff;\"><strong> <a style=\"color: #0000ff;\" href=\"https:\/\/www.gkcpro.com\/container-house-factory-ce-certification\/\" target=\"_blank\" rel=\"noopener\">Veuillez v\u00e9rifier notre certificat CE<\/a><\/strong>.<\/span> En remplissant notre formulaire, je vous enverrai une certification compl\u00e8te et une brochure d'entreprise.<\/p>\n<p><img loading=\"lazy\" decoding=\"async\" class=\"alignnone size-full wp-image-1139\" src=\"https:\/\/www.gkcpro.com\/wp-content\/uploads\/2026\/02\/evaluate.jpg\" alt=\"Mes conteneurs sont export\u00e9s dans de nombreux pays ; voici un aper\u00e7u des t\u00e9moignages de nos clients.\" width=\"1000\" height=\"474\" srcset=\"https:\/\/www.gkcpro.com\/wp-content\/uploads\/2026\/02\/evaluate.jpg 1000w, https:\/\/www.gkcpro.com\/wp-content\/uploads\/2026\/02\/evaluate-300x142.jpg 300w, https:\/\/www.gkcpro.com\/wp-content\/uploads\/2026\/02\/evaluate-768x364.jpg 768w, https:\/\/www.gkcpro.com\/wp-content\/uploads\/2026\/02\/evaluate-18x9.jpg 18w, https:\/\/www.gkcpro.com\/wp-content\/uploads\/2026\/02\/evaluate-624x296.jpg 624w, https:\/\/www.gkcpro.com\/wp-content\/uploads\/2026\/02\/evaluate-800x379.jpg 800w\" sizes=\"auto, (max-width: 1000px) 100vw, 1000px\" \/><\/p>","protected":false},"excerpt":{"rendered":"<p>&nbsp;<\/p>\n<p><img loading=\"lazy\" decoding=\"async\" class=\"alignnone wp-image-1137 size-full\" src=\"https:\/\/www.gkcpro.com\/wp-content\/uploads\/2026\/02\/container-house-certificates.jpg\" alt=\"Pr\u00e9sentation des certifications internationales incluant ISO 9001, CE, et les certifications de s\u00e9curit\u00e9 structurelle pour nos maisons-conteneurs et conteneurs \u00e0 l&#039;exportation.\" width=\"1470\" height=\"2000\" srcset=\"https:\/\/www.gkcpro.com\/wp-content\/uploads\/2026\/02\/container-house-certificates.jpg 1470w, https:\/\/www.gkcpro.com\/wp-content\/uploads\/2026\/02\/container-house-certificates-221x300.jpg 221w, https:\/\/www.gkcpro.com\/wp-content\/uploads\/2026\/02\/container-house-certificates-753x1024.jpg 753w, https:\/\/www.gkcpro.com\/wp-content\/uploads\/2026\/02\/container-house-certificates-768x1045.jpg 768w, https:\/\/www.gkcpro.com\/wp-content\/uploads\/2026\/02\/container-house-certificates-1129x1536.jpg 1129w, https:\/\/www.gkcpro.com\/wp-content\/uploads\/2026\/02\/container-house-certificates-9x12.jpg 9w, https:\/\/www.gkcpro.com\/wp-content\/uploads\/2026\/02\/container-house-certificates-624x849.jpg 624w, https:\/\/www.gkcpro.com\/wp-content\/uploads\/2026\/02\/container-house-certificates-800x1088.jpg 800w\" sizes=\"auto, (max-width: 1470px) 100vw, 1470px\" \/><\/p>\n<p>&nbsp;<\/p>","protected":false},"featured_media":774,"template":"","meta":[],"product_brand":[],"product_cat":[49],"product_tag":[],"class_list":{"0":"post-773","1":"product","2":"type-product","3":"status-publish","4":"has-post-thumbnail","6":"product_cat-reefer-container-and-dry-container","8":"first","9":"instock","10":"shipping-taxable","11":"product-type-simple"},"yoast_head":"<!-- This site is optimized with the Yoast SEO plugin v26.6 - https:\/\/yoast.com\/wordpress\/plugins\/seo\/ -->\n<title>wholesale 20ft reefer container - reefer container factory<\/title>\n<meta name=\"description\" content=\"20ft reefer container from China manufacturer. Solution for temperature-sensitive goods, OEM\/ODM custom options for wholesalers distributors.\" \/>\n<meta name=\"robots\" content=\"index, follow, max-snippet:-1, max-image-preview:large, max-video-preview:-1\" \/>\n<link rel=\"canonical\" href=\"https:\/\/www.gkcpro.com\/fr\/product\/20ft-reefer-container\/\" \/>\n<meta property=\"og:locale\" content=\"fr_FR\" \/>\n<meta property=\"og:type\" content=\"article\" \/>\n<meta property=\"og:title\" content=\"wholesale 20ft reefer container - reefer container factory\" \/>\n<meta property=\"og:description\" content=\"20ft reefer container from China manufacturer. Solution for temperature-sensitive goods, OEM\/ODM custom options for wholesalers distributors.\" \/>\n<meta property=\"og:url\" content=\"https:\/\/www.gkcpro.com\/fr\/product\/20ft-reefer-container\/\" \/>\n<meta property=\"og:site_name\" content=\"Container House Co., Ltd.\" \/>\n<meta property=\"article:modified_time\" content=\"2026-04-17T05:40:54+00:00\" \/>\n<meta property=\"og:image\" content=\"https:\/\/www.gkcpro.com\/wp-content\/uploads\/2026\/01\/20ft-container-.jpg\" \/>\n\t<meta property=\"og:image:width\" content=\"800\" \/>\n\t<meta property=\"og:image:height\" content=\"800\" \/>\n\t<meta property=\"og:image:type\" content=\"image\/jpeg\" \/>\n<meta name=\"twitter:card\" content=\"summary_large_image\" \/>\n<meta name=\"twitter:label1\" content=\"Est. reading time\" \/>\n\t<meta name=\"twitter:data1\" content=\"3 minutes\" \/>\n<script type=\"application\/ld+json\" class=\"yoast-schema-graph\">{\"@context\":\"https:\/\/schema.org\",\"@graph\":[{\"@type\":\"WebPage\",\"@id\":\"https:\/\/www.gkcpro.com\/product\/20ft-reefer-container\/\",\"url\":\"https:\/\/www.gkcpro.com\/product\/20ft-reefer-container\/\",\"name\":\"wholesale 20ft reefer container - reefer container factory\",\"isPartOf\":{\"@id\":\"https:\/\/www.gkcpro.com\/#website\"},\"primaryImageOfPage\":{\"@id\":\"https:\/\/www.gkcpro.com\/product\/20ft-reefer-container\/#primaryimage\"},\"image\":{\"@id\":\"https:\/\/www.gkcpro.com\/product\/20ft-reefer-container\/#primaryimage\"},\"thumbnailUrl\":\"https:\/\/www.gkcpro.com\/wp-content\/uploads\/2026\/01\/20ft-container-.jpg\",\"datePublished\":\"2026-02-22T01:36:28+00:00\",\"dateModified\":\"2026-04-17T05:40:54+00:00\",\"description\":\"20ft reefer container from China manufacturer. Solution for temperature-sensitive goods, OEM\/ODM custom options for wholesalers distributors.\",\"breadcrumb\":{\"@id\":\"https:\/\/www.gkcpro.com\/product\/20ft-reefer-container\/#breadcrumb\"},\"inLanguage\":\"fr-FR\",\"potentialAction\":[{\"@type\":\"ReadAction\",\"target\":[\"https:\/\/www.gkcpro.com\/product\/20ft-reefer-container\/\"]}]},{\"@type\":\"ImageObject\",\"inLanguage\":\"fr-FR\",\"@id\":\"https:\/\/www.gkcpro.com\/product\/20ft-reefer-container\/#primaryimage\",\"url\":\"https:\/\/www.gkcpro.com\/wp-content\/uploads\/2026\/01\/20ft-container-.jpg\",\"contentUrl\":\"https:\/\/www.gkcpro.com\/wp-content\/uploads\/2026\/01\/20ft-container-.jpg\",\"width\":800,\"height\":800,\"caption\":\"This 20ft reefer container is perfect for transporting perishable goods and is designed to maintain consistent temperatures during storage and transport Manufactured by a top China supplier, we offer bespoke refrigeration solutions for wholesalers and distributors\"},{\"@type\":\"BreadcrumbList\",\"@id\":\"https:\/\/www.gkcpro.com\/product\/20ft-reefer-container\/#breadcrumb\",\"itemListElement\":[{\"@type\":\"ListItem\",\"position\":1,\"name\":\"\u9996\u9875\",\"item\":\"https:\/\/www.gkcpro.com\/\"},{\"@type\":\"ListItem\",\"position\":2,\"name\":\"Products\",\"item\":\"https:\/\/www.gkcpro.com\/shop\/\"},{\"@type\":\"ListItem\",\"position\":3,\"name\":\"wholesale 20ft reefer container\"}]},{\"@type\":\"WebSite\",\"@id\":\"https:\/\/www.gkcpro.com\/#website\",\"url\":\"https:\/\/www.gkcpro.com\/\",\"name\":\"Container House Co., Ltd.\",\"description\":\"Container House factory\",\"potentialAction\":[{\"@type\":\"SearchAction\",\"target\":{\"@type\":\"EntryPoint\",\"urlTemplate\":\"https:\/\/www.gkcpro.com\/?s={search_term_string}\"},\"query-input\":{\"@type\":\"PropertyValueSpecification\",\"valueRequired\":true,\"valueName\":\"search_term_string\"}}],\"inLanguage\":\"fr-FR\"}]}<\/script>\n<!-- \/ Yoast SEO plugin. -->","yoast_head_json":{"title":"conteneur reefer 20ft en gros - reefer container factory","description":"Conteneur frigorifique de 20 pieds, fabriqu\u00e9 en Chine. Solution pour les marchandises sensibles \u00e0 la temp\u00e9rature, options personnalis\u00e9es OEM\/ODM pour les grossistes et les distributeurs.","robots":{"index":"index","follow":"follow","max-snippet":"max-snippet:-1","max-image-preview":"max-image-preview:large","max-video-preview":"max-video-preview:-1"},"canonical":"https:\/\/www.gkcpro.com\/fr\/product\/20ft-reefer-container\/","og_locale":"fr_FR","og_type":"article","og_title":"wholesale 20ft reefer container - reefer container factory","og_description":"20ft reefer container from China manufacturer. Solution for temperature-sensitive goods, OEM\/ODM custom options for wholesalers distributors.","og_url":"https:\/\/www.gkcpro.com\/fr\/product\/20ft-reefer-container\/","og_site_name":"Container House Co., Ltd.","article_modified_time":"2026-04-17T05:40:54+00:00","og_image":[{"width":800,"height":800,"url":"https:\/\/www.gkcpro.com\/wp-content\/uploads\/2026\/01\/20ft-container-.jpg","type":"image\/jpeg"}],"twitter_card":"summary_large_image","twitter_misc":{"Est. reading time":"3 minutes"},"schema":{"@context":"https:\/\/schema.org","@graph":[{"@type":"WebPage","@id":"https:\/\/www.gkcpro.com\/product\/20ft-reefer-container\/","url":"https:\/\/www.gkcpro.com\/product\/20ft-reefer-container\/","name":"conteneur reefer 20ft en gros - reefer container factory","isPartOf":{"@id":"https:\/\/www.gkcpro.com\/#website"},"primaryImageOfPage":{"@id":"https:\/\/www.gkcpro.com\/product\/20ft-reefer-container\/#primaryimage"},"image":{"@id":"https:\/\/www.gkcpro.com\/product\/20ft-reefer-container\/#primaryimage"},"thumbnailUrl":"https:\/\/www.gkcpro.com\/wp-content\/uploads\/2026\/01\/20ft-container-.jpg","datePublished":"2026-02-22T01:36:28+00:00","dateModified":"2026-04-17T05:40:54+00:00","description":"Conteneur frigorifique de 20 pieds, fabriqu\u00e9 en Chine. Solution pour les marchandises sensibles \u00e0 la temp\u00e9rature, options personnalis\u00e9es OEM\/ODM pour les grossistes et les distributeurs.","breadcrumb":{"@id":"https:\/\/www.gkcpro.com\/product\/20ft-reefer-container\/#breadcrumb"},"inLanguage":"fr-FR","potentialAction":[{"@type":"ReadAction","target":["https:\/\/www.gkcpro.com\/product\/20ft-reefer-container\/"]}]},{"@type":"ImageObject","inLanguage":"fr-FR","@id":"https:\/\/www.gkcpro.com\/product\/20ft-reefer-container\/#primaryimage","url":"https:\/\/www.gkcpro.com\/wp-content\/uploads\/2026\/01\/20ft-container-.jpg","contentUrl":"https:\/\/www.gkcpro.com\/wp-content\/uploads\/2026\/01\/20ft-container-.jpg","width":800,"height":800,"caption":"This 20ft reefer container is perfect for transporting perishable goods and is designed to maintain consistent temperatures during storage and transport Manufactured by a top China supplier, we offer bespoke refrigeration solutions for wholesalers and distributors"},{"@type":"BreadcrumbList","@id":"https:\/\/www.gkcpro.com\/product\/20ft-reefer-container\/#breadcrumb","itemListElement":[{"@type":"ListItem","position":1,"name":"\u9996\u9875","item":"https:\/\/www.gkcpro.com\/"},{"@type":"ListItem","position":2,"name":"Products","item":"https:\/\/www.gkcpro.com\/shop\/"},{"@type":"ListItem","position":3,"name":"wholesale 20ft reefer container"}]},{"@type":"WebSite","@id":"https:\/\/www.gkcpro.com\/#website","url":"https:\/\/www.gkcpro.com\/","name":"Container House Co, Ltd.","description":"Usine de fabrication de maisons en conteneurs","potentialAction":[{"@type":"SearchAction","target":{"@type":"EntryPoint","urlTemplate":"https:\/\/www.gkcpro.com\/?s={search_term_string}"},"query-input":{"@type":"PropertyValueSpecification","valueRequired":true,"valueName":"search_term_string"}}],"inLanguage":"fr-FR"}]}},"_links":{"self":[{"href":"https:\/\/www.gkcpro.com\/fr\/wp-json\/wp\/v2\/product\/773","targetHints":{"allow":["GET"]}}],"collection":[{"href":"https:\/\/www.gkcpro.com\/fr\/wp-json\/wp\/v2\/product"}],"about":[{"href":"https:\/\/www.gkcpro.com\/fr\/wp-json\/wp\/v2\/types\/product"}],"wp:featuredmedia":[{"embeddable":true,"href":"https:\/\/www.gkcpro.com\/fr\/wp-json\/wp\/v2\/media\/774"}],"wp:attachment":[{"href":"https:\/\/www.gkcpro.com\/fr\/wp-json\/wp\/v2\/media?parent=773"}],"wp:term":[{"taxonomy":"product_brand","embeddable":true,"href":"https:\/\/www.gkcpro.com\/fr\/wp-json\/wp\/v2\/product_brand?post=773"},{"taxonomy":"product_cat","embeddable":true,"href":"https:\/\/www.gkcpro.com\/fr\/wp-json\/wp\/v2\/product_cat?post=773"},{"taxonomy":"product_tag","embeddable":true,"href":"https:\/\/www.gkcpro.com\/fr\/wp-json\/wp\/v2\/product_tag?post=773"}],"curies":[{"name":"wp","href":"https:\/\/api.w.org\/{rel}","templated":true}]}}