{"id":387,"date":"2025-11-24T17:18:59","date_gmt":"2025-11-24T09:18:59","guid":{"rendered":"http:\/\/jizhuangxiang.webqd.net\/?post_type=product&#038;p=387"},"modified":"2026-04-17T13:46:54","modified_gmt":"2026-04-17T05:46:54","slug":"used-reefer-container-20ft-40ft","status":"publish","type":"product","link":"https:\/\/www.gkcpro.com\/fr\/product\/used-reefer-container-20ft-40ft\/","title":{"rendered":"Conteneur reefer usag\u00e9 20ft 40ft"},"content":{"rendered":"<p>Introduction des conteneurs frigorifiques d'occasion<\/p>\n<p>Container House Co., Ltd exporte des conteneurs frigorifiques d'occasion, con\u00e7us pour le stockage et le transport de marchandises sensibles aux temp\u00e9ratures. Ces conteneurs pr\u00e9sentent une excellente isolation, un syst\u00e8me de r\u00e9frig\u00e9ration fiable et des r\u00e9glages de temp\u00e9rature ajustables. Ils sont construits pour la durabilit\u00e9 et peuvent \u00eatre utilis\u00e9s pour le stockage \u00e0 court terme ainsi que pour le transport longue distance. <span data-markdown-start-index=\"235\">Les conteneurs sont \u00e9quip\u00e9s de machines de marques telles que Thermo King, Carrier et autres. Nous exportons des conteneurs frigorifiques neufs et d'occasion vers tous les ports du monde.<\/span><\/p>\n<p>Utilis\u00e9s dans des secteurs tels que l'alimentation, les produits pharmaceutiques et les produits chimiques, ils garantissent la s\u00e9curit\u00e9 du transport et du stockage des produits p\u00e9rissables. Les applications courantes comprennent la logistique de la cha\u00eene du froid, la distribution alimentaire et le transport de produits pharmaceutiques.<\/p>\n<p>Container House Co., Ltd dispose de plusieurs ann\u00e9es d'exp\u00e9rience dans l'exportation de conteneurs frigorifiques d'occasion de haute qualit\u00e9. Nous garantissons que les conteneurs sont minutieusement inspect\u00e9s et reconditionn\u00e9s pour r\u00e9pondre aux normes de performance. Gr\u00e2ce \u00e0 nos atouts en mati\u00e8re de production, de contr\u00f4le qualit\u00e9 et de gestion de l'approvisionnement, nous offrons des solutions personnalis\u00e9es, des livraisons ponctuelles et un excellent service apr\u00e8s-vente \u00e0 nos clients internationaux.<\/p>\n<h2>Avantage des conteneurs frigorifiques d'occasion<\/h2>\n<p><strong>Int\u00e9gration transparente de la normalisation et du transport multimodal<\/strong><\/p>\n<p>Les dimensions et la structure sont conformes aux normes internationales et s'adaptent parfaitement aux navires porte-conteneurs, aux camions porte-conteneurs et aux wagons plats, ce qui permet une conversion rapide entre le transport maritime, terrestre et ferroviaire sans chargement ni d\u00e9chargement interm\u00e9diaires, am\u00e9liorant ainsi consid\u00e9rablement l'efficacit\u00e9.<\/p>\n<p><strong>Service complet de cha\u00eene du froid de porte \u00e0 porte<\/strong><\/p>\n<p>C'est l\u00e0 son principal avantage. Du chargement dans l'entrep\u00f4t frigorifique de l'exp\u00e9diteur au d\u00e9chargement dans l'entrep\u00f4t frigorifique du destinataire, les marchandises restent dans le m\u00eame environnement \u00e0 temp\u00e9rature contr\u00f4l\u00e9e tout au long du processus, ce qui permet d'\u00e9viter les fluctuations de temp\u00e9rature et les risques d'endommagement de la cargaison caus\u00e9s par le transbordement.<\/p>\n<p><strong>Contr\u00f4le pr\u00e9cis de la temp\u00e9rature<\/strong><\/p>\n<p>Les conteneurs frigorifiques modernes sont \u00e9quip\u00e9s de syst\u00e8mes de contr\u00f4le \u00e0 microprocesseur avanc\u00e9s pour r\u00e9pondre aux exigences rigoureuses en mati\u00e8re de temp\u00e9rature des diff\u00e9rentes marchandises.<\/p>\n<p><strong>Fiabilit\u00e9 et adaptabilit\u00e9 \u00e9lev\u00e9es<\/strong><\/p>\n<p>Conception robuste capable de r\u00e9sister aux environnements difficiles du transport maritime longue distance. \u00c9quip\u00e9 d'un groupe \u00e9lectrog\u00e8ne ind\u00e9pendant ou connectable \u00e0 une source d'\u00e9nergie externe, assurant un fonctionnement continu et stable du syst\u00e8me de r\u00e9frig\u00e9ration.<\/p>\n\n<table id=\"tablepress-6\" class=\"tablepress tablepress-id-6 tbody-has-connected-cells\">\n<thead>\n<tr class=\"row-1\">\n\t<td class=\"column-1\"><\/td><td class=\"column-2\"><\/td><td class=\"column-3\"><\/td><td class=\"column-4\"><\/td><td class=\"column-5\"><\/td><td class=\"column-6\"><\/td><td class=\"column-7\"><\/td><td class=\"column-8\"><\/td><td class=\"column-9\"><\/td>\n<\/tr>\n<\/thead>\n<tbody class=\"row-striping row-hover\">\n<tr class=\"row-2\">\n\t<td rowspan=\"3\" class=\"column-1\">Type<\/td><td colspan=\"3\" class=\"column-2\">Dimensions ext\u00e9rieures<\/td><td colspan=\"3\" class=\"column-5\">Dimensions internes<\/td><td class=\"column-8\">Capacit\u00e9 cubique int\u00e9rieure<\/td><td class=\"column-9\">Poids de tare<\/td>\n<\/tr>\n<tr class=\"row-3\">\n\t<td colspan=\"3\" class=\"column-2\">(mm)<\/td><td colspan=\"3\" class=\"column-5\">(mm)<\/td><td rowspan=\"2\" class=\"column-8\">(m.c.)<\/td><td rowspan=\"2\" class=\"column-9\">(kg)<\/td>\n<\/tr>\n<tr class=\"row-4\">\n\t<td class=\"column-2\">Longueur<\/td><td class=\"column-3\">Largeur<\/td><td class=\"column-4\">Hauteur<\/td><td class=\"column-5\">Longueur<\/td><td class=\"column-6\">Largeur<\/td><td class=\"column-7\">Hauteur<\/td>\n<\/tr>\n<tr class=\"row-5\">\n\t<td class=\"column-1\">20'<\/td><td class=\"column-2\">6058<\/td><td class=\"column-3\">2438<\/td><td class=\"column-4\">2591<\/td><td class=\"column-5\">5898<\/td><td class=\"column-6\">2352<\/td><td class=\"column-7\">2363<\/td><td class=\"column-8\">33.2<\/td><td class=\"column-9\">2270<\/td>\n<\/tr>\n<tr class=\"row-6\">\n\t<td class=\"column-1\">20HC<\/td><td class=\"column-2\">6058<\/td><td class=\"column-3\">2438<\/td><td class=\"column-4\">2896<\/td><td class=\"column-5\">5898<\/td><td class=\"column-6\">2352<\/td><td class=\"column-7\">2673<\/td><td class=\"column-8\">37<\/td><td class=\"column-9\">2515<\/td>\n<\/tr>\n<tr class=\"row-7\">\n\t<td class=\"column-1\">40'<\/td><td class=\"column-2\">12192<\/td><td class=\"column-3\">2438<\/td><td class=\"column-4\">2591<\/td><td class=\"column-5\">12031<\/td><td class=\"column-6\">2352<\/td><td class=\"column-7\">2384<\/td><td class=\"column-8\">67.7<\/td><td class=\"column-9\">3720<\/td>\n<\/tr>\n<tr class=\"row-8\">\n\t<td class=\"column-1\">40HC<\/td><td class=\"column-2\">12192<\/td><td class=\"column-3\">2438<\/td><td class=\"column-4\">2896<\/td><td class=\"column-5\">12031<\/td><td class=\"column-6\">2352<\/td><td class=\"column-7\">2673<\/td><td class=\"column-8\">76.4<\/td><td class=\"column-9\">3900<\/td>\n<\/tr>\n<\/tbody>\n<\/table>\n<!-- #tablepress-6 from cache -->\n<h3>FAQ<\/h3>\n<h3 data-start=\"93\" data-end=\"136\">1. <strong data-start=\"100\" data-end=\"136\">Qu'est-ce qu'un conteneur frigorifique usag\u00e9 ?<\/strong><\/h3>\n<p data-start=\"137\" data-end=\"455\">Un conteneur frigorifique usag\u00e9 est un conteneur r\u00e9frig\u00e9r\u00e9 d'occasion con\u00e7u pour le transport et le stockage de marchandises sensibles \u00e0 la temp\u00e9rature. Ces conteneurs sont dot\u00e9s d'une isolation et d'une unit\u00e9 de r\u00e9frig\u00e9ration, ce qui leur permet de maintenir une temp\u00e9rature constante pour les denr\u00e9es p\u00e9rissables telles que les aliments, les produits pharmaceutiques et les produits chimiques.<\/p>\n<hr data-start=\"457\" data-end=\"460\" \/>\n<h3 data-start=\"462\" data-end=\"530\">2. <strong data-start=\"469\" data-end=\"530\">Quels sont les avantages de l'utilisation d'un conteneur frigorifique d'occasion ?<\/strong><\/h3>\n<p data-start=\"531\" data-end=\"915\">Les conteneurs frigorifiques d'occasion constituent une solution rentable pour les entreprises qui ont besoin d'un stockage ou d'un transport r\u00e9frig\u00e9r\u00e9. Ces conteneurs sont durables, polyvalents et conservent des performances de refroidissement fiables. Comme ils sont d'occasion, ils sont plus abordables que les unit\u00e9s neuves, ce qui en fait un choix id\u00e9al pour les entreprises qui cherchent \u00e0 \u00e9conomiser sur les co\u00fbts d'\u00e9quipement sans compromettre la qualit\u00e9.<\/p>\n<hr data-start=\"917\" data-end=\"920\" \/>\n<h3 data-start=\"922\" data-end=\"997\">3. <strong data-start=\"929\" data-end=\"997\">Quels types de produits peuvent \u00eatre stock\u00e9s dans un conteneur frigorifique usag\u00e9 ?<\/strong><\/h3>\n<p data-start=\"998\" data-end=\"1363\">Les conteneurs frigorifiques d'occasion sont id\u00e9aux pour le stockage ou le transport d'un large \u00e9ventail de produits sensibles \u00e0 la temp\u00e9rature, notamment les produits frais, les produits laitiers, la viande, les produits pharmaceutiques, les fleurs et m\u00eame les produits chimiques qui n\u00e9cessitent un contr\u00f4le strict de la temp\u00e9rature. L'unit\u00e9 de r\u00e9frig\u00e9ration garantit que vos marchandises restent dans la plage de temp\u00e9rature requise, que ce soit pour un stockage \u00e0 court ou \u00e0 long terme.<\/p>\n<hr data-start=\"1365\" data-end=\"1368\" \/>\n<h3 data-start=\"1370\" data-end=\"1421\">4. <strong data-start=\"1377\" data-end=\"1421\">Quelle est la dur\u00e9e de vie des conteneurs frigorifiques usag\u00e9s ?<\/strong><\/h3>\n<p data-start=\"1422\" data-end=\"1746\">Les conteneurs frigorifiques usag\u00e9s peuvent durer de nombreuses ann\u00e9es s'ils sont correctement entretenus. La dur\u00e9e de vie d\u00e9pend de facteurs tels que l'\u00e2ge du conteneur, son utilisation et son \u00e9tat au moment de l'achat. Un entretien r\u00e9gulier, en particulier de l'unit\u00e9 de r\u00e9frig\u00e9ration, peut prolonger la dur\u00e9e de vie du conteneur et garantir son bon fonctionnement pendant de nombreuses ann\u00e9es.<\/p>\n<hr data-start=\"1748\" data-end=\"1751\" \/>\n<h3 data-start=\"1753\" data-end=\"1841\">5. <strong data-start=\"1760\" data-end=\"1841\">Pourquoi choisir Qingdao Guoke Container House Co. pour des conteneurs frigorifiques usag\u00e9s ?<\/strong><\/h3>\n<p data-start=\"1842\" data-end=\"2221\">Au <strong data-start=\"1845\" data-end=\"1887\">Qingdao Guoke Container House Co, Ltd<\/strong>, Nous proposons des conteneurs frigorifiques d'occasion de haute qualit\u00e9 qui ont \u00e9t\u00e9 soigneusement inspect\u00e9s et remis \u00e0 neuf. Avec des ann\u00e9es d'expertise et un accent mis sur la satisfaction du client, nous fournissons des solutions fiables et abordables pour vos besoins de stockage r\u00e9frig\u00e9r\u00e9. Nos conteneurs sont garantis pour r\u00e9pondre aux normes requises pour vos op\u00e9rations commerciales.<\/p>\n<h4>6. j'accorde beaucoup d'importance \u00e0 la certification des produits, car elle repr\u00e9sente la qualit\u00e9 du produit. Pouvez-vous me parler de la certification de votre produit ?<\/h4>\n<p>Oui, nous soutenons ces services concernant le certificat.<span style=\"color: #0000ff;\"><strong> <a style=\"color: #0000ff;\" href=\"https:\/\/www.gkcpro.com\/container-house-factory-ce-certification\/\" target=\"_blank\" rel=\"noopener\">Veuillez v\u00e9rifier notre certificat CE<\/a><\/strong>.<\/span> En remplissant notre formulaire, je vous enverrai une certification compl\u00e8te et une brochure d'entreprise.<img loading=\"lazy\" decoding=\"async\" class=\"alignnone size-full wp-image-1139\" src=\"https:\/\/www.gkcpro.com\/wp-content\/uploads\/2026\/02\/evaluate.jpg\" alt=\"Mes conteneurs sont export\u00e9s dans de nombreux pays ; voici un aper\u00e7u des t\u00e9moignages de nos clients.\" width=\"1000\" height=\"474\" srcset=\"https:\/\/www.gkcpro.com\/wp-content\/uploads\/2026\/02\/evaluate.jpg 1000w, https:\/\/www.gkcpro.com\/wp-content\/uploads\/2026\/02\/evaluate-300x142.jpg 300w, https:\/\/www.gkcpro.com\/wp-content\/uploads\/2026\/02\/evaluate-768x364.jpg 768w, https:\/\/www.gkcpro.com\/wp-content\/uploads\/2026\/02\/evaluate-18x9.jpg 18w, https:\/\/www.gkcpro.com\/wp-content\/uploads\/2026\/02\/evaluate-624x296.jpg 624w, https:\/\/www.gkcpro.com\/wp-content\/uploads\/2026\/02\/evaluate-800x379.jpg 800w\" sizes=\"auto, (max-width: 1000px) 100vw, 1000px\" \/><\/p>","protected":false},"excerpt":{"rendered":"<p>&nbsp;<\/p>\n<p><img loading=\"lazy\" decoding=\"async\" class=\"alignnone wp-image-1137 size-full\" src=\"https:\/\/www.gkcpro.com\/wp-content\/uploads\/2026\/02\/container-house-certificates.jpg\" alt=\"Pr\u00e9sentation des certifications internationales incluant ISO 9001, CE, et les certifications de s\u00e9curit\u00e9 structurelle pour nos maisons-conteneurs et conteneurs \u00e0 l&#039;exportation.\" width=\"1470\" height=\"2000\" srcset=\"https:\/\/www.gkcpro.com\/wp-content\/uploads\/2026\/02\/container-house-certificates.jpg 1470w, https:\/\/www.gkcpro.com\/wp-content\/uploads\/2026\/02\/container-house-certificates-221x300.jpg 221w, https:\/\/www.gkcpro.com\/wp-content\/uploads\/2026\/02\/container-house-certificates-753x1024.jpg 753w, https:\/\/www.gkcpro.com\/wp-content\/uploads\/2026\/02\/container-house-certificates-768x1045.jpg 768w, https:\/\/www.gkcpro.com\/wp-content\/uploads\/2026\/02\/container-house-certificates-1129x1536.jpg 1129w, https:\/\/www.gkcpro.com\/wp-content\/uploads\/2026\/02\/container-house-certificates-9x12.jpg 9w, https:\/\/www.gkcpro.com\/wp-content\/uploads\/2026\/02\/container-house-certificates-624x849.jpg 624w, https:\/\/www.gkcpro.com\/wp-content\/uploads\/2026\/02\/container-house-certificates-800x1088.jpg 800w\" sizes=\"auto, (max-width: 1470px) 100vw, 1470px\" \/><\/p>","protected":false},"featured_media":843,"template":"","meta":[],"product_brand":[],"product_cat":[49],"product_tag":[],"class_list":{"0":"post-387","1":"product","2":"type-product","3":"status-publish","4":"has-post-thumbnail","6":"product_cat-reefer-container-and-dry-container","8":"first","9":"instock","10":"shipping-taxable","11":"product-type-simple"},"yoast_head":"<!-- This site is optimized with the Yoast SEO plugin v26.6 - https:\/\/yoast.com\/wordpress\/plugins\/seo\/ -->\n<title>Used Reefer Container 20ft 40ft - China Reefer Container Factory<\/title>\n<meta name=\"description\" content=\"Used Reefer Container for Sale \u2013 Reliable, cost-effective solution for storage and transport. Bulk orders available for wholesalers and distributors.\" \/>\n<meta name=\"robots\" content=\"index, follow, max-snippet:-1, max-image-preview:large, max-video-preview:-1\" \/>\n<link rel=\"canonical\" href=\"https:\/\/www.gkcpro.com\/fr\/product\/used-reefer-container-20ft-40ft\/\" \/>\n<meta property=\"og:locale\" content=\"fr_FR\" \/>\n<meta property=\"og:type\" content=\"article\" \/>\n<meta property=\"og:title\" content=\"Used Reefer Container 20ft 40ft - China Reefer Container Factory\" \/>\n<meta property=\"og:description\" content=\"Used Reefer Container for Sale \u2013 Reliable, cost-effective solution for storage and transport. Bulk orders available for wholesalers and distributors.\" \/>\n<meta property=\"og:url\" content=\"https:\/\/www.gkcpro.com\/fr\/product\/used-reefer-container-20ft-40ft\/\" \/>\n<meta property=\"og:site_name\" content=\"Container House Co., Ltd.\" \/>\n<meta property=\"article:modified_time\" content=\"2026-04-17T05:46:54+00:00\" \/>\n<meta property=\"og:image\" content=\"https:\/\/www.gkcpro.com\/wp-content\/uploads\/2025\/11\/reefer-container-1.jpg\" \/>\n\t<meta property=\"og:image:width\" content=\"800\" \/>\n\t<meta property=\"og:image:height\" content=\"800\" \/>\n\t<meta property=\"og:image:type\" content=\"image\/jpeg\" \/>\n<meta name=\"twitter:card\" content=\"summary_large_image\" \/>\n<meta name=\"twitter:label1\" content=\"Est. reading time\" \/>\n\t<meta name=\"twitter:data1\" content=\"4 minutes\" \/>\n<script type=\"application\/ld+json\" class=\"yoast-schema-graph\">{\"@context\":\"https:\/\/schema.org\",\"@graph\":[{\"@type\":\"WebPage\",\"@id\":\"https:\/\/www.gkcpro.com\/product\/used-reefer-container-20ft-40ft\/\",\"url\":\"https:\/\/www.gkcpro.com\/product\/used-reefer-container-20ft-40ft\/\",\"name\":\"Used Reefer Container 20ft 40ft - China Reefer Container Factory\",\"isPartOf\":{\"@id\":\"https:\/\/www.gkcpro.com\/#website\"},\"primaryImageOfPage\":{\"@id\":\"https:\/\/www.gkcpro.com\/product\/used-reefer-container-20ft-40ft\/#primaryimage\"},\"image\":{\"@id\":\"https:\/\/www.gkcpro.com\/product\/used-reefer-container-20ft-40ft\/#primaryimage\"},\"thumbnailUrl\":\"https:\/\/www.gkcpro.com\/wp-content\/uploads\/2025\/11\/reefer-container-1.jpg\",\"datePublished\":\"2025-11-24T09:18:59+00:00\",\"dateModified\":\"2026-04-17T05:46:54+00:00\",\"description\":\"Used Reefer Container for Sale \u2013 Reliable, cost-effective solution for storage and transport. Bulk orders available for wholesalers and distributors.\",\"breadcrumb\":{\"@id\":\"https:\/\/www.gkcpro.com\/product\/used-reefer-container-20ft-40ft\/#breadcrumb\"},\"inLanguage\":\"fr-FR\",\"potentialAction\":[{\"@type\":\"ReadAction\",\"target\":[\"https:\/\/www.gkcpro.com\/product\/used-reefer-container-20ft-40ft\/\"]}]},{\"@type\":\"ImageObject\",\"inLanguage\":\"fr-FR\",\"@id\":\"https:\/\/www.gkcpro.com\/product\/used-reefer-container-20ft-40ft\/#primaryimage\",\"url\":\"https:\/\/www.gkcpro.com\/wp-content\/uploads\/2025\/11\/reefer-container-1.jpg\",\"contentUrl\":\"https:\/\/www.gkcpro.com\/wp-content\/uploads\/2025\/11\/reefer-container-1.jpg\",\"width\":800,\"height\":800,\"caption\":\"The 20ft and 40ft reefer containers are designed for safe transport of perishable goods offering temperature control and durability for long-distance shipping\"},{\"@type\":\"BreadcrumbList\",\"@id\":\"https:\/\/www.gkcpro.com\/product\/used-reefer-container-20ft-40ft\/#breadcrumb\",\"itemListElement\":[{\"@type\":\"ListItem\",\"position\":1,\"name\":\"\u9996\u9875\",\"item\":\"https:\/\/www.gkcpro.com\/\"},{\"@type\":\"ListItem\",\"position\":2,\"name\":\"Products\",\"item\":\"https:\/\/www.gkcpro.com\/shop\/\"},{\"@type\":\"ListItem\",\"position\":3,\"name\":\"Used Reefer Container 20ft 40ft\"}]},{\"@type\":\"WebSite\",\"@id\":\"https:\/\/www.gkcpro.com\/#website\",\"url\":\"https:\/\/www.gkcpro.com\/\",\"name\":\"Container House Co., Ltd.\",\"description\":\"Container House factory\",\"potentialAction\":[{\"@type\":\"SearchAction\",\"target\":{\"@type\":\"EntryPoint\",\"urlTemplate\":\"https:\/\/www.gkcpro.com\/?s={search_term_string}\"},\"query-input\":{\"@type\":\"PropertyValueSpecification\",\"valueRequired\":true,\"valueName\":\"search_term_string\"}}],\"inLanguage\":\"fr-FR\"}]}<\/script>\n<!-- \/ Yoast SEO plugin. -->","yoast_head_json":{"title":"Conteneur reefer usag\u00e9 20ft 40ft - China Reefer Container Factory","description":"Conteneurs frigorifiques d'occasion \u00e0 vendre - Solution fiable et rentable pour le stockage et le transport. Commandes en gros disponibles pour les grossistes et les distributeurs.","robots":{"index":"index","follow":"follow","max-snippet":"max-snippet:-1","max-image-preview":"max-image-preview:large","max-video-preview":"max-video-preview:-1"},"canonical":"https:\/\/www.gkcpro.com\/fr\/product\/used-reefer-container-20ft-40ft\/","og_locale":"fr_FR","og_type":"article","og_title":"Used Reefer Container 20ft 40ft - China Reefer Container Factory","og_description":"Used Reefer Container for Sale \u2013 Reliable, cost-effective solution for storage and transport. Bulk orders available for wholesalers and distributors.","og_url":"https:\/\/www.gkcpro.com\/fr\/product\/used-reefer-container-20ft-40ft\/","og_site_name":"Container House Co., Ltd.","article_modified_time":"2026-04-17T05:46:54+00:00","og_image":[{"width":800,"height":800,"url":"https:\/\/www.gkcpro.com\/wp-content\/uploads\/2025\/11\/reefer-container-1.jpg","type":"image\/jpeg"}],"twitter_card":"summary_large_image","twitter_misc":{"Est. reading time":"4 minutes"},"schema":{"@context":"https:\/\/schema.org","@graph":[{"@type":"WebPage","@id":"https:\/\/www.gkcpro.com\/product\/used-reefer-container-20ft-40ft\/","url":"https:\/\/www.gkcpro.com\/product\/used-reefer-container-20ft-40ft\/","name":"Conteneur reefer usag\u00e9 20ft 40ft - China Reefer Container Factory","isPartOf":{"@id":"https:\/\/www.gkcpro.com\/#website"},"primaryImageOfPage":{"@id":"https:\/\/www.gkcpro.com\/product\/used-reefer-container-20ft-40ft\/#primaryimage"},"image":{"@id":"https:\/\/www.gkcpro.com\/product\/used-reefer-container-20ft-40ft\/#primaryimage"},"thumbnailUrl":"https:\/\/www.gkcpro.com\/wp-content\/uploads\/2025\/11\/reefer-container-1.jpg","datePublished":"2025-11-24T09:18:59+00:00","dateModified":"2026-04-17T05:46:54+00:00","description":"Conteneurs frigorifiques d'occasion \u00e0 vendre - Solution fiable et rentable pour le stockage et le transport. Commandes en gros disponibles pour les grossistes et les distributeurs.","breadcrumb":{"@id":"https:\/\/www.gkcpro.com\/product\/used-reefer-container-20ft-40ft\/#breadcrumb"},"inLanguage":"fr-FR","potentialAction":[{"@type":"ReadAction","target":["https:\/\/www.gkcpro.com\/product\/used-reefer-container-20ft-40ft\/"]}]},{"@type":"ImageObject","inLanguage":"fr-FR","@id":"https:\/\/www.gkcpro.com\/product\/used-reefer-container-20ft-40ft\/#primaryimage","url":"https:\/\/www.gkcpro.com\/wp-content\/uploads\/2025\/11\/reefer-container-1.jpg","contentUrl":"https:\/\/www.gkcpro.com\/wp-content\/uploads\/2025\/11\/reefer-container-1.jpg","width":800,"height":800,"caption":"The 20ft and 40ft reefer containers are designed for safe transport of perishable goods offering temperature control and durability for long-distance shipping"},{"@type":"BreadcrumbList","@id":"https:\/\/www.gkcpro.com\/product\/used-reefer-container-20ft-40ft\/#breadcrumb","itemListElement":[{"@type":"ListItem","position":1,"name":"\u9996\u9875","item":"https:\/\/www.gkcpro.com\/"},{"@type":"ListItem","position":2,"name":"Products","item":"https:\/\/www.gkcpro.com\/shop\/"},{"@type":"ListItem","position":3,"name":"Used Reefer Container 20ft 40ft"}]},{"@type":"WebSite","@id":"https:\/\/www.gkcpro.com\/#website","url":"https:\/\/www.gkcpro.com\/","name":"Container House Co, Ltd.","description":"Usine de fabrication de maisons en conteneurs","potentialAction":[{"@type":"SearchAction","target":{"@type":"EntryPoint","urlTemplate":"https:\/\/www.gkcpro.com\/?s={search_term_string}"},"query-input":{"@type":"PropertyValueSpecification","valueRequired":true,"valueName":"search_term_string"}}],"inLanguage":"fr-FR"}]}},"_links":{"self":[{"href":"https:\/\/www.gkcpro.com\/fr\/wp-json\/wp\/v2\/product\/387","targetHints":{"allow":["GET"]}}],"collection":[{"href":"https:\/\/www.gkcpro.com\/fr\/wp-json\/wp\/v2\/product"}],"about":[{"href":"https:\/\/www.gkcpro.com\/fr\/wp-json\/wp\/v2\/types\/product"}],"wp:featuredmedia":[{"embeddable":true,"href":"https:\/\/www.gkcpro.com\/fr\/wp-json\/wp\/v2\/media\/843"}],"wp:attachment":[{"href":"https:\/\/www.gkcpro.com\/fr\/wp-json\/wp\/v2\/media?parent=387"}],"wp:term":[{"taxonomy":"product_brand","embeddable":true,"href":"https:\/\/www.gkcpro.com\/fr\/wp-json\/wp\/v2\/product_brand?post=387"},{"taxonomy":"product_cat","embeddable":true,"href":"https:\/\/www.gkcpro.com\/fr\/wp-json\/wp\/v2\/product_cat?post=387"},{"taxonomy":"product_tag","embeddable":true,"href":"https:\/\/www.gkcpro.com\/fr\/wp-json\/wp\/v2\/product_tag?post=387"}],"curies":[{"name":"wp","href":"https:\/\/api.w.org\/{rel}","templated":true}]}}