{"id":1095,"date":"2026-02-25T16:37:33","date_gmt":"2026-02-25T08:37:33","guid":{"rendered":"https:\/\/www.gkcpro.com\/?post_type=product&#038;p=1095"},"modified":"2026-03-02T11:17:23","modified_gmt":"2026-03-02T03:17:23","slug":"china-genset-container-for-exporting-support-oem-odm","status":"publish","type":"product","link":"https:\/\/www.gkcpro.com\/fr\/product\/china-genset-container-for-exporting-support-oem-odm\/","title":{"rendered":"Conteneur de groupe \u00e9lectrog\u00e8ne chinois pour l'exportation-Support OEM ODM"},"content":{"rendered":"<h1 data-start=\"0\" data-end=\"52\"><strong data-start=\"0\" data-end=\"52\">Conteneur Groupe \u00c9lectrog\u00e8ne \u2013 Une Alimentation Fiable pour Votre Cargaison<\/strong><\/h1>\n<p data-start=\"54\" data-end=\"461\">Lorsqu'il s'agit de transporter des marchandises p\u00e9rissables \u2013 qu'il s'agisse de denr\u00e9es alimentaires, de m\u00e9dicaments ou de mat\u00e9riaux sensibles \u2013 vous ne pouvez pas vous permettre de faire des compromis sur l'alimentation. C'est l\u00e0 que nos <strong data-start=\"211\" data-end=\"232\">Conteneurs Groupe \u00c9lectrog\u00e8ne<\/strong>\u00a0entrent en jeu. Con\u00e7us pour maintenir le bon fonctionnement de votre cargaison, m\u00eame dans les endroits les plus recul\u00e9s ou exigeants, nos conteneurs offrent une source d'alimentation efficace et fiable qui garantit l'int\u00e9grit\u00e9 de votre cha\u00eene du froid, quelle que soit la distance.<\/p>\n<h2 data-start=\"463\" data-end=\"500\"><strong data-start=\"463\" data-end=\"500\">Pourquoi Choisir Notre Conteneur Groupe \u00c9lectrog\u00e8ne ?<\/strong><\/h2>\n<ol data-start=\"501\" data-end=\"2614\">\n<li data-start=\"501\" data-end=\"957\">\n<p data-start=\"504\" data-end=\"957\"><strong data-start=\"504\" data-end=\"556\">Adapt\u00e9 \u00e0 Vos Besoins gr\u00e2ce \u00e0 des Capacit\u00e9s OEM\/ODM<\/strong><br data-start=\"556\" data-end=\"559\" \/>Nous comprenons que chaque client a des besoins en \u00e9nergie uniques, c'est pourquoi nous proposons des <strong data-start=\"650\" data-end=\"674\">services OEM et ODM<\/strong>. Que vous ayez besoin d'un conteneur groupe \u00e9lectrog\u00e8ne personnalis\u00e9 pour des dimensions, une puissance de sortie ou des fonctionnalit\u00e9s sp\u00e9cifiques, nous avons la solution. Gr\u00e2ce \u00e0 nos capacit\u00e9s de fabrication flexibles, vous pouvez obtenir un <strong data-start=\"883\" data-end=\"921\">conteneur groupe \u00e9lectrog\u00e8ne de 40 pieds<\/strong> construit selon vos sp\u00e9cifications exactes.<\/p>\n<\/li>\n<li data-start=\"959\" data-end=\"1364\">\n<p data-start=\"962\" data-end=\"1364\"><strong data-start=\"962\" data-end=\"1001\">Alimentation Fiable pour les Sites Recu\u00e9l\u00e9s<\/strong><br data-start=\"1001\" data-end=\"1004\" \/>Nos conteneurs groupe \u00e9lectrog\u00e8ne sont \u00e9quip\u00e9s de puissants <strong data-start=\"1056\" data-end=\"1081\">moteurs diesel<\/strong>, capables de fournir une alimentation continue jusqu'\u00e0 5 jours sans besoin de ravitaillement. Parfaits pour <strong data-start=\"1183\" data-end=\"1204\">conteneurs frigorifiques<\/strong> les op\u00e9rations de transport maritime, ferroviaire ou routier, ces unit\u00e9s garantissent que vos marchandises restent \u00e0 la temp\u00e9rature id\u00e9ale, m\u00eame dans les zones sans acc\u00e8s \u00e0 une alimentation fixe.<\/p>\n<\/li>\n<li data-start=\"1366\" data-end=\"2283\">\n<p data-start=\"1369\" data-end=\"1398\"><strong data-start=\"1369\" data-end=\"1396\">Caract\u00e9ristiques et Avantages Cl\u00e9s<\/strong><\/p>\n<ul data-start=\"1402\" data-end=\"2283\">\n<li data-start=\"1402\" data-end=\"1549\">\n<p data-start=\"1404\" data-end=\"1549\"><strong data-start=\"1404\" data-end=\"1428\">Alimentation Autonome<\/strong>: Maintenez l'int\u00e9grit\u00e9 de votre cha\u00eene du froid avec un <strong data-start=\"1465\" data-end=\"1507\">moteur de groupe \u00e9lectrog\u00e8ne de 15 kW\u201430,1 chevaux<\/strong> qui fournit une alimentation fiable et constante.<\/p>\n<\/li>\n<li data-start=\"1553\" data-end=\"1841\">\n<p data-start=\"1555\" data-end=\"1841\"><strong data-start=\"1555\" data-end=\"1592\">Flexibilit\u00e9 et Installation Facile<\/strong>: Choisissez parmi des <strong data-start=\"1606\" data-end=\"1625\">groupes \u00e9lectrog\u00e8nes clip-on<\/strong> qui se montent facilement \u00e0 l'avant des conteneurs frigorifiques ou des <strong data-start=\"1681\" data-end=\"1703\">groupes \u00e9lectrog\u00e8nes sous-porteurs<\/strong> qui se fixent au ch\u00e2ssis de la remorque pour les op\u00e9rations de transport routier de longue dur\u00e9e. Nous offrons une flexibilit\u00e9 pour les applications \u00e0 court et \u00e0 long terme.<\/p>\n<\/li>\n<li data-start=\"1845\" data-end=\"2054\">\n<p data-start=\"1847\" data-end=\"2054\"><strong data-start=\"1847\" data-end=\"1863\">La s\u00e9curit\u00e9 avant tout<\/strong>S\u00e9curit\u00e9 Int\u00e9gr\u00e9e <strong data-start=\"1879\" data-end=\"1911\">: \u00c9quip\u00e9s d'une<\/strong>, <strong data-start=\"1913\" data-end=\"1938\">r\u00e9gulation automatique de tension<\/strong>, et <strong data-start=\"1944\" data-end=\"1961\">, de supports antivibrations<\/strong>, et de garde-corps de s\u00e9curit\u00e9.<\/p>\n<\/li>\n<li data-start=\"2058\" data-end=\"2283\">\n<p data-start=\"2060\" data-end=\"2283\"><strong data-start=\"2060\" data-end=\"2092\">, nos conteneurs groupe \u00e9lectrog\u00e8ne sont con\u00e7us pour prot\u00e9ger votre \u00e9quipement \u2013 et votre cargaison \u2013 en toute circonstance.<\/strong>Con\u00e7u pour les Environnements Exigeants <strong data-start=\"2122\" data-end=\"2138\">: Que vous op\u00e9riez dans des<\/strong> ou <strong data-start=\"2142\" data-end=\"2159\">environnements \u00e0 haute temp\u00e9rature ambiante<\/strong> ou en haute altitude.<\/p>\n<\/li>\n<\/ul>\n<\/li>\n<li data-start=\"2285\" data-end=\"2614\">\n<p data-start=\"2288\" data-end=\"2614\"><strong data-start=\"2288\" data-end=\"2315\">, nos groupes \u00e9lectrog\u00e8nes sont construits de mani\u00e8re robuste pour r\u00e9sister \u00e0 des conditions difficiles et assurer des performances ininterrompues.<\/strong><br data-start=\"2315\" data-end=\"2318\" \/>L'\u00c9pine Dorsale de la Cha\u00eene du Froid <strong data-start=\"2361\" data-end=\"2379\">Les conteneurs groupe \u00e9lectrog\u00e8ne sont indispensables pour les<\/strong>, et <strong data-start=\"2385\" data-end=\"2408\">industries du transport maritime, ferroviaire<\/strong>. et routier. Ils sont con\u00e7us pour soutenir la <strong data-start=\"2444\" data-end=\"2458\">cha\u00eene du froid<\/strong> tout au long du trajet, garantissant que les <strong data-start=\"2497\" data-end=\"2528\">cargaisons sensibles \u00e0 la temp\u00e9rature<\/strong> restent s\u00fbres et viables, m\u00eame lorsque l'infrastructure \u00e9lectrique est indisponible ou peu fiable.<\/p>\n<\/li>\n<\/ol>\n<h2 data-start=\"2616\" data-end=\"2637\"><strong data-start=\"2616\" data-end=\"2637\">Pourquoi Travailler Avec Nous ?<\/strong><\/h2>\n<ul data-start=\"2638\" data-end=\"3347\">\n<li data-start=\"2638\" data-end=\"2856\">\n<p data-start=\"2640\" data-end=\"2856\"><strong data-start=\"2640\" data-end=\"2677\">Expertise en Fabrication sur Mesure<\/strong>: Forts d'une vaste exp\u00e9rience dans la fourniture de solutions d'alimentation personnalis\u00e9es, nous sommes sp\u00e9cialis\u00e9s dans la construction de <strong data-start=\"2772\" data-end=\"2810\">conteneurs groupe \u00e9lectrog\u00e8ne haute performance<\/strong> adapt\u00e9s aux besoins exacts de votre entreprise.<\/p>\n<\/li>\n<li data-start=\"2857\" data-end=\"3093\">\n<p data-start=\"2859\" data-end=\"3093\"><strong data-start=\"2859\" data-end=\"2888\">Rentable et Fiable<\/strong>: En vous approvisionnant directement aupr\u00e8s de notre usine, vous b\u00e9n\u00e9ficiez de <strong data-start=\"2946\" data-end=\"2969\">prix comp\u00e9titifs<\/strong> sans compromis sur la qualit\u00e9. Nous proposons des quantit\u00e9s de commande flexibles pour r\u00e9pondre \u00e0 vos besoins, des petites s\u00e9ries \u00e0 la production en gros volumes.<\/p>\n<\/li>\n<li data-start=\"3094\" data-end=\"3347\">\n<p data-start=\"3096\" data-end=\"3347\"><strong data-start=\"3096\" data-end=\"3123\">Livraison Rapide et Support<\/strong>: Notre <strong data-start=\"3129\" data-end=\"3156\">Nos conteneurs pr\u00eats \u00e0 l'exportation<\/strong> sont con\u00e7us pour un exp\u00e9dition rapide, garantissant que votre conteneur groupe \u00e9lectrog\u00e8ne vous parvient rapidement et efficacement. De plus, notre \u00e9quipe de support est toujours disponible pour r\u00e9pondre \u00e0 toutes vos questions.<\/p>\n<\/li>\n<\/ul>\n<h2 data-start=\"3349\" data-end=\"3373\"><strong data-start=\"3349\" data-end=\"3371\">Sp\u00e9cifications Cl\u00e9s<\/strong><\/h2>\n<ul data-start=\"3374\" data-end=\"3721\">\n<li data-start=\"3374\" data-end=\"3415\">\n<p data-start=\"3376\" data-end=\"3415\"><strong data-start=\"3376\" data-end=\"3392\">Puissance de Sortie<\/strong>: 15 kW\u201430,1 chevaux<\/p>\n<\/li>\n<li data-start=\"3416\" data-end=\"3487\">\n<p data-start=\"3418\" data-end=\"3487\"><strong data-start=\"3418\" data-end=\"3436\">Taille du Conteneur<\/strong>: Personnalisable, avec des options telles que des <strong data-start=\"3473\" data-end=\"3481\">40 pieds<\/strong> unit\u00e9s de 40 pieds<\/p>\n<\/li>\n<li data-start=\"3488\" data-end=\"3565\">\n<p data-start=\"3490\" data-end=\"3565\"><strong data-start=\"3490\" data-end=\"3509\">Efficacit\u00e9 \u00e9nerg\u00e9tique<\/strong>: Jusqu'\u00e0 5 jours de fonctionnement continu sans ravitaillement<\/p>\n<\/li>\n<li data-start=\"3566\" data-end=\"3659\">\n<p data-start=\"3568\" data-end=\"3659\"><strong data-start=\"3568\" data-end=\"3587\">Caract\u00e9ristiques de s\u00e9curit\u00e9<\/strong>: R\u00e9gulation automatique de la tension, supports antivibrations et protecteurs de s\u00e9curit\u00e9<\/p>\n<\/li>\n<li data-start=\"3660\" data-end=\"3721\">\n<p data-start=\"3662\" data-end=\"3721\"><strong data-start=\"3662\" data-end=\"3676\">Durabilit\u00e9<\/strong>: Con\u00e7u pour fonctionner dans des environnements extr\u00eames<\/p>\n<\/li>\n<\/ul>\n<h3 data-start=\"3723\" data-end=\"3960\">Obtenir un devis gratuit<\/h3>\n<p data-start=\"3723\" data-end=\"3960\" data-is-last-node=\"\" data-is-only-node=\"\">Pr\u00eat \u00e0 alimenter votre cha\u00eene du froid ? D\u00e9couvrez nos <strong data-start=\"3770\" data-end=\"3800\">solutions de conteneurs groupes \u00e9lectrog\u00e8nes<\/strong> d\u00e8s aujourd'hui et laissez-nous vous aider \u00e0 trouver la solution id\u00e9ale pour votre entreprise. <strong data-start=\"3867\" data-end=\"3885\">Contactez-nous<\/strong> pour un devis personnalis\u00e9, et commen\u00e7ons \u00e0 \u00e9laborer votre solution d'alimentation sur mesure.<\/p>","protected":false},"excerpt":{"rendered":"<p><img loading=\"lazy\" decoding=\"async\" class=\"alignnone size-full wp-image-1139\" src=\"https:\/\/www.gkcpro.com\/wp-content\/uploads\/2026\/02\/evaluate.jpg\" alt=\"Mes conteneurs sont export\u00e9s dans de nombreux pays ; voici un aper\u00e7u des t\u00e9moignages de nos clients.\" width=\"1000\" height=\"474\" srcset=\"https:\/\/www.gkcpro.com\/wp-content\/uploads\/2026\/02\/evaluate.jpg 1000w, https:\/\/www.gkcpro.com\/wp-content\/uploads\/2026\/02\/evaluate-300x142.jpg 300w, https:\/\/www.gkcpro.com\/wp-content\/uploads\/2026\/02\/evaluate-768x364.jpg 768w, https:\/\/www.gkcpro.com\/wp-content\/uploads\/2026\/02\/evaluate-18x9.jpg 18w, https:\/\/www.gkcpro.com\/wp-content\/uploads\/2026\/02\/evaluate-624x296.jpg 624w, https:\/\/www.gkcpro.com\/wp-content\/uploads\/2026\/02\/evaluate-800x379.jpg 800w\" sizes=\"auto, (max-width: 1000px) 100vw, 1000px\" \/><\/p>\n<p><img loading=\"lazy\" decoding=\"async\" class=\"alignnone size-full wp-image-1137\" src=\"https:\/\/www.gkcpro.com\/wp-content\/uploads\/2026\/02\/container-house-certificates.jpg\" alt=\"\" width=\"1470\" height=\"2000\" srcset=\"https:\/\/www.gkcpro.com\/wp-content\/uploads\/2026\/02\/container-house-certificates.jpg 1470w, https:\/\/www.gkcpro.com\/wp-content\/uploads\/2026\/02\/container-house-certificates-221x300.jpg 221w, https:\/\/www.gkcpro.com\/wp-content\/uploads\/2026\/02\/container-house-certificates-753x1024.jpg 753w, https:\/\/www.gkcpro.com\/wp-content\/uploads\/2026\/02\/container-house-certificates-768x1045.jpg 768w, https:\/\/www.gkcpro.com\/wp-content\/uploads\/2026\/02\/container-house-certificates-1129x1536.jpg 1129w, https:\/\/www.gkcpro.com\/wp-content\/uploads\/2026\/02\/container-house-certificates-9x12.jpg 9w, https:\/\/www.gkcpro.com\/wp-content\/uploads\/2026\/02\/container-house-certificates-624x849.jpg 624w, https:\/\/www.gkcpro.com\/wp-content\/uploads\/2026\/02\/container-house-certificates-800x1088.jpg 800w\" sizes=\"auto, (max-width: 1470px) 100vw, 1470px\" \/><\/p>","protected":false},"featured_media":1098,"template":"","meta":[],"product_brand":[],"product_cat":[54],"product_tag":[],"class_list":{"0":"post-1095","1":"product","2":"type-product","3":"status-publish","4":"has-post-thumbnail","6":"product_cat-special-container","8":"first","9":"instock","10":"shipping-taxable","11":"product-type-simple"},"yoast_head":"<!-- This site is optimized with the Yoast SEO plugin v26.6 - https:\/\/yoast.com\/wordpress\/plugins\/seo\/ -->\n<title>China Genset container for exporting-Support OEM ODM<\/title>\n<meta name=\"robots\" content=\"index, follow, max-snippet:-1, max-image-preview:large, max-video-preview:-1\" \/>\n<link rel=\"canonical\" href=\"https:\/\/www.gkcpro.com\/fr\/product\/china-genset-container-for-exporting-support-oem-odm\/\" \/>\n<meta property=\"og:locale\" content=\"fr_FR\" \/>\n<meta property=\"og:type\" content=\"article\" \/>\n<meta property=\"og:title\" content=\"China Genset container for exporting-Support OEM ODM\" \/>\n<meta property=\"og:url\" content=\"https:\/\/www.gkcpro.com\/fr\/product\/china-genset-container-for-exporting-support-oem-odm\/\" \/>\n<meta property=\"og:site_name\" content=\"Container House Co., Ltd.\" \/>\n<meta property=\"article:modified_time\" content=\"2026-03-02T03:17:23+00:00\" \/>\n<meta property=\"og:image\" content=\"https:\/\/www.gkcpro.com\/wp-content\/uploads\/2026\/02\/Genset-container.jpg\" \/>\n\t<meta property=\"og:image:width\" content=\"2451\" \/>\n\t<meta property=\"og:image:height\" content=\"1840\" \/>\n\t<meta property=\"og:image:type\" content=\"image\/jpeg\" \/>\n<meta name=\"twitter:card\" content=\"summary_large_image\" \/>\n<meta name=\"twitter:label1\" content=\"Est. reading time\" \/>\n\t<meta name=\"twitter:data1\" content=\"3 minutes\" \/>\n<script type=\"application\/ld+json\" class=\"yoast-schema-graph\">{\"@context\":\"https:\/\/schema.org\",\"@graph\":[{\"@type\":\"WebPage\",\"@id\":\"https:\/\/www.gkcpro.com\/product\/china-genset-container-for-exporting-support-oem-odm\/\",\"url\":\"https:\/\/www.gkcpro.com\/product\/china-genset-container-for-exporting-support-oem-odm\/\",\"name\":\"China Genset container for exporting-Support OEM ODM\",\"isPartOf\":{\"@id\":\"https:\/\/www.gkcpro.com\/#website\"},\"primaryImageOfPage\":{\"@id\":\"https:\/\/www.gkcpro.com\/product\/china-genset-container-for-exporting-support-oem-odm\/#primaryimage\"},\"image\":{\"@id\":\"https:\/\/www.gkcpro.com\/product\/china-genset-container-for-exporting-support-oem-odm\/#primaryimage\"},\"thumbnailUrl\":\"https:\/\/www.gkcpro.com\/wp-content\/uploads\/2026\/02\/Genset-container.jpg\",\"datePublished\":\"2026-02-25T08:37:33+00:00\",\"dateModified\":\"2026-03-02T03:17:23+00:00\",\"breadcrumb\":{\"@id\":\"https:\/\/www.gkcpro.com\/product\/china-genset-container-for-exporting-support-oem-odm\/#breadcrumb\"},\"inLanguage\":\"fr-FR\",\"potentialAction\":[{\"@type\":\"ReadAction\",\"target\":[\"https:\/\/www.gkcpro.com\/product\/china-genset-container-for-exporting-support-oem-odm\/\"]}]},{\"@type\":\"ImageObject\",\"inLanguage\":\"fr-FR\",\"@id\":\"https:\/\/www.gkcpro.com\/product\/china-genset-container-for-exporting-support-oem-odm\/#primaryimage\",\"url\":\"https:\/\/www.gkcpro.com\/wp-content\/uploads\/2026\/02\/Genset-container.jpg\",\"contentUrl\":\"https:\/\/www.gkcpro.com\/wp-content\/uploads\/2026\/02\/Genset-container.jpg\",\"width\":2451,\"height\":1840,\"caption\":\"This robust teal green genset container offers a weatherproof, secure enclosure for diesel generator sets, ensuring reliable power generation in demanding environments. Built with corrosion-resistant panels, a lockable single door for easy access and maintenance, and adjustable feet for stable placement on uneven ground. Ideal for construction sites, remote facilities, backup power systems, or industrial applications requiring protected genset installation.\"},{\"@type\":\"BreadcrumbList\",\"@id\":\"https:\/\/www.gkcpro.com\/product\/china-genset-container-for-exporting-support-oem-odm\/#breadcrumb\",\"itemListElement\":[{\"@type\":\"ListItem\",\"position\":1,\"name\":\"\u9996\u9875\",\"item\":\"https:\/\/www.gkcpro.com\/\"},{\"@type\":\"ListItem\",\"position\":2,\"name\":\"Products\",\"item\":\"https:\/\/www.gkcpro.com\/shop\/\"},{\"@type\":\"ListItem\",\"position\":3,\"name\":\"China Genset container for exporting-Support OEM ODM\"}]},{\"@type\":\"WebSite\",\"@id\":\"https:\/\/www.gkcpro.com\/#website\",\"url\":\"https:\/\/www.gkcpro.com\/\",\"name\":\"Container House Co., Ltd.\",\"description\":\"Container House factory\",\"potentialAction\":[{\"@type\":\"SearchAction\",\"target\":{\"@type\":\"EntryPoint\",\"urlTemplate\":\"https:\/\/www.gkcpro.com\/?s={search_term_string}\"},\"query-input\":{\"@type\":\"PropertyValueSpecification\",\"valueRequired\":true,\"valueName\":\"search_term_string\"}}],\"inLanguage\":\"fr-FR\"}]}<\/script>\n<!-- \/ Yoast SEO plugin. -->","yoast_head_json":{"title":"Conteneur de groupe \u00e9lectrog\u00e8ne chinois pour l'exportation-Support OEM ODM","robots":{"index":"index","follow":"follow","max-snippet":"max-snippet:-1","max-image-preview":"max-image-preview:large","max-video-preview":"max-video-preview:-1"},"canonical":"https:\/\/www.gkcpro.com\/fr\/product\/china-genset-container-for-exporting-support-oem-odm\/","og_locale":"fr_FR","og_type":"article","og_title":"China Genset container for exporting-Support OEM ODM","og_url":"https:\/\/www.gkcpro.com\/fr\/product\/china-genset-container-for-exporting-support-oem-odm\/","og_site_name":"Container House Co., Ltd.","article_modified_time":"2026-03-02T03:17:23+00:00","og_image":[{"width":2451,"height":1840,"url":"https:\/\/www.gkcpro.com\/wp-content\/uploads\/2026\/02\/Genset-container.jpg","type":"image\/jpeg"}],"twitter_card":"summary_large_image","twitter_misc":{"Est. reading time":"3 minutes"},"schema":{"@context":"https:\/\/schema.org","@graph":[{"@type":"WebPage","@id":"https:\/\/www.gkcpro.com\/product\/china-genset-container-for-exporting-support-oem-odm\/","url":"https:\/\/www.gkcpro.com\/product\/china-genset-container-for-exporting-support-oem-odm\/","name":"Conteneur de groupe \u00e9lectrog\u00e8ne chinois pour l'exportation-Support OEM ODM","isPartOf":{"@id":"https:\/\/www.gkcpro.com\/#website"},"primaryImageOfPage":{"@id":"https:\/\/www.gkcpro.com\/product\/china-genset-container-for-exporting-support-oem-odm\/#primaryimage"},"image":{"@id":"https:\/\/www.gkcpro.com\/product\/china-genset-container-for-exporting-support-oem-odm\/#primaryimage"},"thumbnailUrl":"https:\/\/www.gkcpro.com\/wp-content\/uploads\/2026\/02\/Genset-container.jpg","datePublished":"2026-02-25T08:37:33+00:00","dateModified":"2026-03-02T03:17:23+00:00","breadcrumb":{"@id":"https:\/\/www.gkcpro.com\/product\/china-genset-container-for-exporting-support-oem-odm\/#breadcrumb"},"inLanguage":"fr-FR","potentialAction":[{"@type":"ReadAction","target":["https:\/\/www.gkcpro.com\/product\/china-genset-container-for-exporting-support-oem-odm\/"]}]},{"@type":"ImageObject","inLanguage":"fr-FR","@id":"https:\/\/www.gkcpro.com\/product\/china-genset-container-for-exporting-support-oem-odm\/#primaryimage","url":"https:\/\/www.gkcpro.com\/wp-content\/uploads\/2026\/02\/Genset-container.jpg","contentUrl":"https:\/\/www.gkcpro.com\/wp-content\/uploads\/2026\/02\/Genset-container.jpg","width":2451,"height":1840,"caption":"This robust teal green genset container offers a weatherproof, secure enclosure for diesel generator sets, ensuring reliable power generation in demanding environments. Built with corrosion-resistant panels, a lockable single door for easy access and maintenance, and adjustable feet for stable placement on uneven ground. Ideal for construction sites, remote facilities, backup power systems, or industrial applications requiring protected genset installation."},{"@type":"BreadcrumbList","@id":"https:\/\/www.gkcpro.com\/product\/china-genset-container-for-exporting-support-oem-odm\/#breadcrumb","itemListElement":[{"@type":"ListItem","position":1,"name":"\u9996\u9875","item":"https:\/\/www.gkcpro.com\/"},{"@type":"ListItem","position":2,"name":"Products","item":"https:\/\/www.gkcpro.com\/shop\/"},{"@type":"ListItem","position":3,"name":"China Genset container for exporting-Support OEM ODM"}]},{"@type":"WebSite","@id":"https:\/\/www.gkcpro.com\/#website","url":"https:\/\/www.gkcpro.com\/","name":"Container House Co, Ltd.","description":"Usine de fabrication de maisons en conteneurs","potentialAction":[{"@type":"SearchAction","target":{"@type":"EntryPoint","urlTemplate":"https:\/\/www.gkcpro.com\/?s={search_term_string}"},"query-input":{"@type":"PropertyValueSpecification","valueRequired":true,"valueName":"search_term_string"}}],"inLanguage":"fr-FR"}]}},"_links":{"self":[{"href":"https:\/\/www.gkcpro.com\/fr\/wp-json\/wp\/v2\/product\/1095","targetHints":{"allow":["GET"]}}],"collection":[{"href":"https:\/\/www.gkcpro.com\/fr\/wp-json\/wp\/v2\/product"}],"about":[{"href":"https:\/\/www.gkcpro.com\/fr\/wp-json\/wp\/v2\/types\/product"}],"wp:featuredmedia":[{"embeddable":true,"href":"https:\/\/www.gkcpro.com\/fr\/wp-json\/wp\/v2\/media\/1098"}],"wp:attachment":[{"href":"https:\/\/www.gkcpro.com\/fr\/wp-json\/wp\/v2\/media?parent=1095"}],"wp:term":[{"taxonomy":"product_brand","embeddable":true,"href":"https:\/\/www.gkcpro.com\/fr\/wp-json\/wp\/v2\/product_brand?post=1095"},{"taxonomy":"product_cat","embeddable":true,"href":"https:\/\/www.gkcpro.com\/fr\/wp-json\/wp\/v2\/product_cat?post=1095"},{"taxonomy":"product_tag","embeddable":true,"href":"https:\/\/www.gkcpro.com\/fr\/wp-json\/wp\/v2\/product_tag?post=1095"}],"curies":[{"name":"wp","href":"https:\/\/api.w.org\/{rel}","templated":true}]}}