{"id":1090,"date":"2026-02-25T15:59:33","date_gmt":"2026-02-25T07:59:33","guid":{"rendered":"https:\/\/www.gkcpro.com\/?post_type=product&#038;p=1090"},"modified":"2026-04-17T14:05:44","modified_gmt":"2026-04-17T06:05:44","slug":"motorcycle-storage-container-for-wholesale","status":"publish","type":"product","link":"https:\/\/www.gkcpro.com\/fr\/product\/motorcycle-storage-container-for-wholesale\/","title":{"rendered":"Conteneur de stockage pour motos en gros"},"content":{"rendered":"<div class=\"flex flex-col text-sm pb-25\">\n<article class=\"text-token-text-primary w-full focus:outline-none [--shadow-height:45px] has-data-writing-block:pointer-events-none has-data-writing-block:-mt-(--shadow-height) has-data-writing-block:pt-(--shadow-height) [&amp;:has([data-writing-block])&gt;*]:pointer-events-auto scroll-mt-[calc(var(--header-height)+min(200px,max(70px,20svh)))]\" dir=\"auto\" tabindex=\"-1\" data-turn-id=\"request-WEB:d0aa988f-9249-4d7c-8ffd-62851c5cb263-1\" data-testid=\"conversation-turn-2\" data-scroll-anchor=\"true\" data-turn=\"assistant\">\n<div class=\"text-base my-auto mx-auto pb-10 [--thread-content-margin:--spacing(4)] @w-sm\/main:[--thread-content-margin:--spacing(6)] @w-lg\/main:[--thread-content-margin:--spacing(16)] px-(--thread-content-margin)\">\n<div class=\"[--thread-content-max-width:40rem] @w-lg\/main:[--thread-content-max-width:48rem] mx-auto max-w-(--thread-content-max-width) flex-1 group\/turn-messages focus-visible:outline-hidden relative flex w-full min-w-0 flex-col agent-turn\" tabindex=\"-1\">\n<div class=\"flex max-w-full flex-col grow\">\n<div class=\"min-h-8 text-message relative flex w-full flex-col items-end gap-2 text-start break-words whitespace-normal [.text-message+&amp;]:mt-1\" dir=\"auto\" data-message-author-role=\"assistant\" data-message-id=\"745a2cbb-0321-45c9-ad66-55f6140bf4e7\" data-message-model-slug=\"gpt-5-2\">\n<div class=\"flex w-full flex-col gap-1 empty:hidden first:pt-[1px]\">\n<div class=\"markdown prose dark:prose-invert w-full wrap-break-word light markdown-new-styling\">\n<p data-start=\"0\" data-end=\"66\"><strong data-start=\"0\" data-end=\"66\">Conteneur de stockage pour motos - Votre solution s\u00fbre et efficace<\/strong><\/p>\n<p data-start=\"68\" data-end=\"341\">Vous cherchez une solution fiable et rentable pour stocker des motos et des v\u00e9los en vrac ? Notre <strong data-start=\"160\" data-end=\"193\">Conteneur de stockage pour motos<\/strong>\u00a0sont con\u00e7us pour les entreprises, les distributeurs et les importateurs qui cherchent \u00e0 s'approvisionner en unit\u00e9s de stockage de haute qualit\u00e9 directement aupr\u00e8s d'un fabricant chinois de confiance.<\/p>\n<h2 data-start=\"343\" data-end=\"392\"><strong data-start=\"343\" data-end=\"392\">Pourquoi choisir notre conteneur de stockage pour motos ?<\/strong><\/h2>\n<ol data-start=\"393\" data-end=\"2557\">\n<li data-start=\"393\" data-end=\"698\">\n<p data-start=\"396\" data-end=\"698\"><strong data-start=\"396\" data-end=\"428\">Conception durable et r\u00e9sistante aux intemp\u00e9ries<\/strong><br data-start=\"428\" data-end=\"431\" \/>Construits pour r\u00e9sister \u00e0 des conditions climatiques extr\u00eames, nos conteneurs sont fabriqu\u00e9s avec des mat\u00e9riaux robustes pour assurer une protection durable de vos motos et v\u00e9los. Que vous les entreposiez \u00e0 l'int\u00e9rieur ou \u00e0 l'ext\u00e9rieur, nos conteneurs vous offrent la s\u00e9curit\u00e9 dont vous avez besoin.<\/p>\n<\/li>\n<li data-start=\"700\" data-end=\"1037\">\n<p data-start=\"703\" data-end=\"1037\"><strong data-start=\"703\" data-end=\"741\">Efficacit\u00e9 de l'espace gr\u00e2ce \u00e0 une conception intelligente<\/strong><br data-start=\"741\" data-end=\"744\" \/>Nos conteneurs sont disponibles en diff\u00e9rentes tailles, telles que les conteneurs compacts. <strong data-start=\"805\" data-end=\"823\">Conteneur de 10 pieds<\/strong> qui est parfait pour ranger une ou deux motos, avec suffisamment d'espace pour l'\u00e9quipement suppl\u00e9mentaire. Gr\u00e2ce \u00e0 sa conception modulaire, vous pouvez facilement d\u00e9monter et remonter l'unit\u00e9 de stockage pour un transport et un d\u00e9placement ais\u00e9s.<\/p>\n<\/li>\n<li data-start=\"1039\" data-end=\"1308\">\n<p data-start=\"1042\" data-end=\"1308\"><strong data-start=\"1042\" data-end=\"1072\">Options personnalisables et OEM<\/strong><br data-start=\"1072\" data-end=\"1075\" \/>En tant que fabricant sp\u00e9cialis\u00e9 dans les solutions OEM, nous proposons des produits sur mesure pour r\u00e9pondre \u00e0 vos besoins sp\u00e9cifiques. Choisissez parmi une gamme de couleurs, de configurations de portes et d'agencements internes pour cr\u00e9er l'installation de stockage id\u00e9ale pour vos produits.<\/p>\n<\/li>\n<li data-start=\"1310\" data-end=\"1638\">\n<p data-start=\"1313\" data-end=\"1638\"><strong data-start=\"1313\" data-end=\"1355\">Conforme aux normes internationales<\/strong><br data-start=\"1355\" data-end=\"1358\" \/>Nos conteneurs r\u00e9pondent aux normes de certification internationales telles que CE, ISO 9001 et autres, garantissant que votre produit est conforme aux r\u00e9glementations en vigueur dans votre pays. Que vous souhaitiez importer aux \u00c9tats-Unis, en Europe ou sur tout autre march\u00e9, nos conteneurs sont pr\u00eats pour l'exportation.<\/p>\n<\/li>\n<li data-start=\"1640\" data-end=\"1961\">\n<p data-start=\"1643\" data-end=\"1961\"><strong data-start=\"1643\" data-end=\"1673\">Commandes group\u00e9es rentables<\/strong><br data-start=\"1673\" data-end=\"1676\" \/>L'achat direct aupr\u00e8s de notre usine offre l'avantage de <strong data-start=\"1740\" data-end=\"1755\">r\u00e9duction des co\u00fbts<\/strong> pour les commandes en gros, ce qui en fait la solution id\u00e9ale pour les acheteurs en gros, les distributeurs ou les entreprises cherchant \u00e0 stocker de grandes quantit\u00e9s. Comparez les prix, les QMo et les capacit\u00e9s de production pour trouver la meilleure offre pour votre entreprise.<\/p>\n<\/li>\n<li data-start=\"1963\" data-end=\"2208\">\n<p data-start=\"1966\" data-end=\"2208\"><strong data-start=\"1966\" data-end=\"1996\">Exp\u00e9dition rapide et fiable<\/strong><br data-start=\"1996\" data-end=\"1999\" \/>Nos conteneurs sont con\u00e7us pour un transport et une exp\u00e9dition efficaces par voie maritime ou terrestre, ce qui garantit qu'ils arrivent \u00e0 temps et en toute s\u00e9curit\u00e9. Nous fournissons des <strong data-start=\"2145\" data-end=\"2177\">services d'exportation et d'exp\u00e9dition<\/strong> adapt\u00e9s \u00e0 vos besoins.<\/p>\n<\/li>\n<li data-start=\"2210\" data-end=\"2557\">\n<p data-start=\"2213\" data-end=\"2240\"><strong data-start=\"2213\" data-end=\"2238\">Processus de commande facile<\/strong><\/p>\n<ul data-start=\"2244\" data-end=\"2557\">\n<li data-start=\"2244\" data-end=\"2363\">\n<p data-start=\"2246\" data-end=\"2363\"><strong data-start=\"2246\" data-end=\"2276\">Consultez notre catalogue de produits<\/strong>: D\u00e9couvrez une large gamme de conteneurs de stockage pour motos disponibles pour une commande imm\u00e9diate.<\/p>\n<\/li>\n<li data-start=\"2367\" data-end=\"2456\">\n<p data-start=\"2369\" data-end=\"2456\"><strong data-start=\"2369\" data-end=\"2394\">Demande de devis (RFQ)<\/strong>: Contactez-nous pour obtenir des informations personnalis\u00e9es sur les prix et l'exp\u00e9dition.<\/p>\n<\/li>\n<li data-start=\"2460\" data-end=\"2557\">\n<p data-start=\"2462\" data-end=\"2557\"><strong data-start=\"2462\" data-end=\"2478\">Pr\u00eat pour l'exportation<\/strong>: Nous prenons en charge l'exp\u00e9dition internationale et les commandes group\u00e9es avec des options de personnalisation.<\/p>\n<\/li>\n<\/ul>\n<\/li>\n<\/ol>\n<h2 data-start=\"2559\" data-end=\"2582\"><strong data-start=\"2559\" data-end=\"2582\">Principales sp\u00e9cifications :<\/strong><\/h2>\n<ul data-start=\"2583\" data-end=\"2817\">\n<li data-start=\"2583\" data-end=\"2646\">\n<p data-start=\"2585\" data-end=\"2646\"><strong data-start=\"2585\" data-end=\"2608\">Dimensions ext\u00e9rieures<\/strong>Dimensions : 2808mm (L) x 1262mm (L) x 2048mm (H)<\/p>\n<\/li>\n<li data-start=\"2647\" data-end=\"2710\">\n<p data-start=\"2649\" data-end=\"2710\"><strong data-start=\"2649\" data-end=\"2672\">Dimensions internes<\/strong>Dimensions : 2667mm (L) x 1166mm (L) x 1911mm (H)<\/p>\n<\/li>\n<li data-start=\"2711\" data-end=\"2754\">\n<p data-start=\"2713\" data-end=\"2754\"><strong data-start=\"2713\" data-end=\"2729\">Ouverture de la porte<\/strong>: 1098mm (L) x 1820mm (H)<\/p>\n<\/li>\n<li data-start=\"2755\" data-end=\"2782\">\n<p data-start=\"2757\" data-end=\"2782\"><strong data-start=\"2757\" data-end=\"2775\">Capacit\u00e9 cubique<\/strong>: 6.0m\u00b3<\/p>\n<\/li>\n<li data-start=\"2783\" data-end=\"2817\">\n<p data-start=\"2785\" data-end=\"2817\"><strong data-start=\"2785\" data-end=\"2795\">Poids<\/strong>: 530 kg (poids brut)<\/p>\n<\/li>\n<\/ul>\n<p data-start=\"2819\" data-end=\"3033\">Pr\u00eat \u00e0 trouver votre solution de stockage pour moto ? Consultez notre catalogue, demandez un devis ou contactez-nous directement pour commencer. Nous sommes l\u00e0 pour vous aider \u00e0 trouver les meilleures unit\u00e9s de stockage directement aupr\u00e8s de l'entreprise. <strong data-start=\"3014\" data-end=\"3032\">source - Chine<\/strong>.<\/p>\n<h3 data-start=\"3035\" data-end=\"3297\"><strong data-start=\"3035\" data-end=\"3056\">Contactez-nous d\u00e8s aujourd'hui !<\/strong><\/h3>\n<p data-start=\"3035\" data-end=\"3297\">Pour toute demande de renseignements ou de d\u00e9tails sur les conteneurs de stockage pour motos, n'h\u00e9sitez pas \u00e0 contacter <strong data-start=\"3152\" data-end=\"3167\">Envoyer la demande<\/strong> ou contactez notre \u00e9quipe pour obtenir de l'aide. Nous garantissons un processus de commande sans faille, une livraison rapide et les normes de qualit\u00e9 les plus \u00e9lev\u00e9es.<\/p>\n<\/div>\n<\/div>\n<\/div>\n<\/div>\n<div class=\"z-0 flex min-h-[46px] justify-start\"><\/div>\n<div class=\"mt-3 w-full empty:hidden\">\n<div class=\"text-center\"><\/div>\n<\/div>\n<\/div>\n<\/div>\n<\/article>\n<\/div>\n<div class=\"pointer-events-none h-px w-px absolute bottom-0\" aria-hidden=\"true\" data-edge=\"true\"><\/div>","protected":false},"excerpt":{"rendered":"<p><img loading=\"lazy\" decoding=\"async\" class=\"alignnone size-full wp-image-1139\" src=\"https:\/\/www.gkcpro.com\/wp-content\/uploads\/2026\/02\/evaluate.jpg\" alt=\"Mes conteneurs sont export\u00e9s dans de nombreux pays ; voici un aper\u00e7u des t\u00e9moignages de nos clients.\" width=\"1000\" height=\"474\" srcset=\"https:\/\/www.gkcpro.com\/wp-content\/uploads\/2026\/02\/evaluate.jpg 1000w, https:\/\/www.gkcpro.com\/wp-content\/uploads\/2026\/02\/evaluate-300x142.jpg 300w, https:\/\/www.gkcpro.com\/wp-content\/uploads\/2026\/02\/evaluate-768x364.jpg 768w, https:\/\/www.gkcpro.com\/wp-content\/uploads\/2026\/02\/evaluate-18x9.jpg 18w, https:\/\/www.gkcpro.com\/wp-content\/uploads\/2026\/02\/evaluate-624x296.jpg 624w, https:\/\/www.gkcpro.com\/wp-content\/uploads\/2026\/02\/evaluate-800x379.jpg 800w\" sizes=\"auto, (max-width: 1000px) 100vw, 1000px\" \/><\/p>\n<p><img loading=\"lazy\" decoding=\"async\" class=\"alignnone wp-image-1137 size-full\" src=\"https:\/\/www.gkcpro.com\/wp-content\/uploads\/2026\/02\/container-house-certificates.jpg\" alt=\"Pr\u00e9sentation des certifications internationales incluant ISO 9001, CE, et les certifications de s\u00e9curit\u00e9 structurelle pour nos maisons-conteneurs et conteneurs \u00e0 l&#039;exportation.\" width=\"1470\" height=\"2000\" srcset=\"https:\/\/www.gkcpro.com\/wp-content\/uploads\/2026\/02\/container-house-certificates.jpg 1470w, https:\/\/www.gkcpro.com\/wp-content\/uploads\/2026\/02\/container-house-certificates-221x300.jpg 221w, https:\/\/www.gkcpro.com\/wp-content\/uploads\/2026\/02\/container-house-certificates-753x1024.jpg 753w, https:\/\/www.gkcpro.com\/wp-content\/uploads\/2026\/02\/container-house-certificates-768x1045.jpg 768w, https:\/\/www.gkcpro.com\/wp-content\/uploads\/2026\/02\/container-house-certificates-1129x1536.jpg 1129w, https:\/\/www.gkcpro.com\/wp-content\/uploads\/2026\/02\/container-house-certificates-9x12.jpg 9w, https:\/\/www.gkcpro.com\/wp-content\/uploads\/2026\/02\/container-house-certificates-624x849.jpg 624w, https:\/\/www.gkcpro.com\/wp-content\/uploads\/2026\/02\/container-house-certificates-800x1088.jpg 800w\" sizes=\"auto, (max-width: 1470px) 100vw, 1470px\" \/><\/p>","protected":false},"featured_media":1091,"template":"","meta":[],"product_brand":[],"product_cat":[54],"product_tag":[],"class_list":{"0":"post-1090","1":"product","2":"type-product","3":"status-publish","4":"has-post-thumbnail","6":"product_cat-special-container","8":"first","9":"instock","10":"shipping-taxable","11":"product-type-simple"},"yoast_head":"<!-- This site is optimized with the Yoast SEO plugin v26.6 - https:\/\/yoast.com\/wordpress\/plugins\/seo\/ -->\n<title>Motorcycle storage container for wholesale - china container factory<\/title>\n<meta name=\"robots\" content=\"index, follow, max-snippet:-1, max-image-preview:large, max-video-preview:-1\" \/>\n<link rel=\"canonical\" href=\"https:\/\/www.gkcpro.com\/fr\/product\/motorcycle-storage-container-for-wholesale\/\" \/>\n<meta property=\"og:locale\" content=\"fr_FR\" \/>\n<meta property=\"og:type\" content=\"article\" \/>\n<meta property=\"og:title\" content=\"Motorcycle storage container for wholesale - china container factory\" \/>\n<meta property=\"og:url\" content=\"https:\/\/www.gkcpro.com\/fr\/product\/motorcycle-storage-container-for-wholesale\/\" \/>\n<meta property=\"og:site_name\" content=\"Container House Co., Ltd.\" \/>\n<meta property=\"article:modified_time\" content=\"2026-04-17T06:05:44+00:00\" \/>\n<meta property=\"og:image\" content=\"https:\/\/www.gkcpro.com\/wp-content\/uploads\/2026\/02\/\u4e3b\u56fe-01_\u526f\u672c.jpg\" \/>\n\t<meta property=\"og:image:width\" content=\"800\" \/>\n\t<meta property=\"og:image:height\" content=\"800\" \/>\n\t<meta property=\"og:image:type\" content=\"image\/jpeg\" \/>\n<meta name=\"twitter:card\" content=\"summary_large_image\" \/>\n<meta name=\"twitter:label1\" content=\"Est. reading time\" \/>\n\t<meta name=\"twitter:data1\" content=\"3 minutes\" \/>\n<script type=\"application\/ld+json\" class=\"yoast-schema-graph\">{\"@context\":\"https:\/\/schema.org\",\"@graph\":[{\"@type\":\"WebPage\",\"@id\":\"https:\/\/www.gkcpro.com\/product\/motorcycle-storage-container-for-wholesale\/\",\"url\":\"https:\/\/www.gkcpro.com\/product\/motorcycle-storage-container-for-wholesale\/\",\"name\":\"Motorcycle storage container for wholesale - china container factory\",\"isPartOf\":{\"@id\":\"https:\/\/www.gkcpro.com\/#website\"},\"primaryImageOfPage\":{\"@id\":\"https:\/\/www.gkcpro.com\/product\/motorcycle-storage-container-for-wholesale\/#primaryimage\"},\"image\":{\"@id\":\"https:\/\/www.gkcpro.com\/product\/motorcycle-storage-container-for-wholesale\/#primaryimage\"},\"thumbnailUrl\":\"https:\/\/www.gkcpro.com\/wp-content\/uploads\/2026\/02\/\u4e3b\u56fe-01_\u526f\u672c.jpg\",\"datePublished\":\"2026-02-25T07:59:33+00:00\",\"dateModified\":\"2026-04-17T06:05:44+00:00\",\"breadcrumb\":{\"@id\":\"https:\/\/www.gkcpro.com\/product\/motorcycle-storage-container-for-wholesale\/#breadcrumb\"},\"inLanguage\":\"fr-FR\",\"potentialAction\":[{\"@type\":\"ReadAction\",\"target\":[\"https:\/\/www.gkcpro.com\/product\/motorcycle-storage-container-for-wholesale\/\"]}]},{\"@type\":\"ImageObject\",\"inLanguage\":\"fr-FR\",\"@id\":\"https:\/\/www.gkcpro.com\/product\/motorcycle-storage-container-for-wholesale\/#primaryimage\",\"url\":\"https:\/\/www.gkcpro.com\/wp-content\/uploads\/2026\/02\/\u4e3b\u56fe-01_\u526f\u672c.jpg\",\"contentUrl\":\"https:\/\/www.gkcpro.com\/wp-content\/uploads\/2026\/02\/\u4e3b\u56fe-01_\u526f\u672c.jpg\",\"width\":800,\"height\":800,\"caption\":\"This durable green motorcycle storage container provides weatherproof, lockable protection for your motorcycle, dirt bike, or scooter. Featuring corrosion-resistant metal construction, a sturdy single door with secure latches, and adjustable leveling feet for stable installation on uneven surfaces. Perfect for homeowners, workshops, or commercial use needing compact, portable outdoor storage without a full garage.\"},{\"@type\":\"BreadcrumbList\",\"@id\":\"https:\/\/www.gkcpro.com\/product\/motorcycle-storage-container-for-wholesale\/#breadcrumb\",\"itemListElement\":[{\"@type\":\"ListItem\",\"position\":1,\"name\":\"\u9996\u9875\",\"item\":\"https:\/\/www.gkcpro.com\/\"},{\"@type\":\"ListItem\",\"position\":2,\"name\":\"Products\",\"item\":\"https:\/\/www.gkcpro.com\/shop\/\"},{\"@type\":\"ListItem\",\"position\":3,\"name\":\"Motorcycle storage container for wholesale\"}]},{\"@type\":\"WebSite\",\"@id\":\"https:\/\/www.gkcpro.com\/#website\",\"url\":\"https:\/\/www.gkcpro.com\/\",\"name\":\"Container House Co., Ltd.\",\"description\":\"Container House factory\",\"potentialAction\":[{\"@type\":\"SearchAction\",\"target\":{\"@type\":\"EntryPoint\",\"urlTemplate\":\"https:\/\/www.gkcpro.com\/?s={search_term_string}\"},\"query-input\":{\"@type\":\"PropertyValueSpecification\",\"valueRequired\":true,\"valueName\":\"search_term_string\"}}],\"inLanguage\":\"fr-FR\"}]}<\/script>\n<!-- \/ Yoast SEO plugin. -->","yoast_head_json":{"title":"Conteneur de stockage de motos pour la vente en gros - china container factory","robots":{"index":"index","follow":"follow","max-snippet":"max-snippet:-1","max-image-preview":"max-image-preview:large","max-video-preview":"max-video-preview:-1"},"canonical":"https:\/\/www.gkcpro.com\/fr\/product\/motorcycle-storage-container-for-wholesale\/","og_locale":"fr_FR","og_type":"article","og_title":"Motorcycle storage container for wholesale - china container factory","og_url":"https:\/\/www.gkcpro.com\/fr\/product\/motorcycle-storage-container-for-wholesale\/","og_site_name":"Container House Co., Ltd.","article_modified_time":"2026-04-17T06:05:44+00:00","og_image":[{"width":800,"height":800,"url":"https:\/\/www.gkcpro.com\/wp-content\/uploads\/2026\/02\/\u4e3b\u56fe-01_\u526f\u672c.jpg","type":"image\/jpeg"}],"twitter_card":"summary_large_image","twitter_misc":{"Est. reading time":"3 minutes"},"schema":{"@context":"https:\/\/schema.org","@graph":[{"@type":"WebPage","@id":"https:\/\/www.gkcpro.com\/product\/motorcycle-storage-container-for-wholesale\/","url":"https:\/\/www.gkcpro.com\/product\/motorcycle-storage-container-for-wholesale\/","name":"Conteneur de stockage de motos pour la vente en gros - china container factory","isPartOf":{"@id":"https:\/\/www.gkcpro.com\/#website"},"primaryImageOfPage":{"@id":"https:\/\/www.gkcpro.com\/product\/motorcycle-storage-container-for-wholesale\/#primaryimage"},"image":{"@id":"https:\/\/www.gkcpro.com\/product\/motorcycle-storage-container-for-wholesale\/#primaryimage"},"thumbnailUrl":"https:\/\/www.gkcpro.com\/wp-content\/uploads\/2026\/02\/\u4e3b\u56fe-01_\u526f\u672c.jpg","datePublished":"2026-02-25T07:59:33+00:00","dateModified":"2026-04-17T06:05:44+00:00","breadcrumb":{"@id":"https:\/\/www.gkcpro.com\/product\/motorcycle-storage-container-for-wholesale\/#breadcrumb"},"inLanguage":"fr-FR","potentialAction":[{"@type":"ReadAction","target":["https:\/\/www.gkcpro.com\/product\/motorcycle-storage-container-for-wholesale\/"]}]},{"@type":"ImageObject","inLanguage":"fr-FR","@id":"https:\/\/www.gkcpro.com\/product\/motorcycle-storage-container-for-wholesale\/#primaryimage","url":"https:\/\/www.gkcpro.com\/wp-content\/uploads\/2026\/02\/\u4e3b\u56fe-01_\u526f\u672c.jpg","contentUrl":"https:\/\/www.gkcpro.com\/wp-content\/uploads\/2026\/02\/\u4e3b\u56fe-01_\u526f\u672c.jpg","width":800,"height":800,"caption":"This durable green motorcycle storage container provides weatherproof, lockable protection for your motorcycle, dirt bike, or scooter. Featuring corrosion-resistant metal construction, a sturdy single door with secure latches, and adjustable leveling feet for stable installation on uneven surfaces. Perfect for homeowners, workshops, or commercial use needing compact, portable outdoor storage without a full garage."},{"@type":"BreadcrumbList","@id":"https:\/\/www.gkcpro.com\/product\/motorcycle-storage-container-for-wholesale\/#breadcrumb","itemListElement":[{"@type":"ListItem","position":1,"name":"\u9996\u9875","item":"https:\/\/www.gkcpro.com\/"},{"@type":"ListItem","position":2,"name":"Products","item":"https:\/\/www.gkcpro.com\/shop\/"},{"@type":"ListItem","position":3,"name":"Motorcycle storage container for wholesale"}]},{"@type":"WebSite","@id":"https:\/\/www.gkcpro.com\/#website","url":"https:\/\/www.gkcpro.com\/","name":"Container House Co, Ltd.","description":"Usine de fabrication de maisons en conteneurs","potentialAction":[{"@type":"SearchAction","target":{"@type":"EntryPoint","urlTemplate":"https:\/\/www.gkcpro.com\/?s={search_term_string}"},"query-input":{"@type":"PropertyValueSpecification","valueRequired":true,"valueName":"search_term_string"}}],"inLanguage":"fr-FR"}]}},"_links":{"self":[{"href":"https:\/\/www.gkcpro.com\/fr\/wp-json\/wp\/v2\/product\/1090","targetHints":{"allow":["GET"]}}],"collection":[{"href":"https:\/\/www.gkcpro.com\/fr\/wp-json\/wp\/v2\/product"}],"about":[{"href":"https:\/\/www.gkcpro.com\/fr\/wp-json\/wp\/v2\/types\/product"}],"wp:featuredmedia":[{"embeddable":true,"href":"https:\/\/www.gkcpro.com\/fr\/wp-json\/wp\/v2\/media\/1091"}],"wp:attachment":[{"href":"https:\/\/www.gkcpro.com\/fr\/wp-json\/wp\/v2\/media?parent=1090"}],"wp:term":[{"taxonomy":"product_brand","embeddable":true,"href":"https:\/\/www.gkcpro.com\/fr\/wp-json\/wp\/v2\/product_brand?post=1090"},{"taxonomy":"product_cat","embeddable":true,"href":"https:\/\/www.gkcpro.com\/fr\/wp-json\/wp\/v2\/product_cat?post=1090"},{"taxonomy":"product_tag","embeddable":true,"href":"https:\/\/www.gkcpro.com\/fr\/wp-json\/wp\/v2\/product_tag?post=1090"}],"curies":[{"name":"wp","href":"https:\/\/api.w.org\/{rel}","templated":true}]}}