{"id":1026,"date":"2026-02-10T11:09:15","date_gmt":"2026-02-10T03:09:15","guid":{"rendered":"https:\/\/www.gkcpro.com\/?post_type=product&#038;p=1026"},"modified":"2026-04-17T14:05:07","modified_gmt":"2026-04-17T06:05:07","slug":"disposable-waste-container","status":"publish","type":"product","link":"https:\/\/www.gkcpro.com\/fr\/product\/disposable-waste-container\/","title":{"rendered":"conteneur \u00e0 d\u00e9chets jetable"},"content":{"rendered":"<div class=\"flex flex-col text-sm pb-25\">\n<article class=\"text-token-text-primary w-full focus:outline-none [--shadow-height:45px] has-data-writing-block:pointer-events-none has-data-writing-block:-mt-(--shadow-height) has-data-writing-block:pt-(--shadow-height) [&amp;:has([data-writing-block])&gt;*]:pointer-events-auto scroll-mt-[calc(var(--header-height)+min(200px,max(70px,20svh)))]\" dir=\"auto\" tabindex=\"-1\" data-turn-id=\"request-695e0667-3560-8320-b695-d681ea8d6ad2-0\" data-testid=\"conversation-turn-221\" data-scroll-anchor=\"true\" data-turn=\"assistant\">\n<div class=\"text-base my-auto mx-auto pb-10 [--thread-content-margin:--spacing(4)] @w-sm\/main:[--thread-content-margin:--spacing(6)] @w-lg\/main:[--thread-content-margin:--spacing(16)] px-(--thread-content-margin)\">\n<div class=\"[--thread-content-max-width:40rem] @w-lg\/main:[--thread-content-max-width:48rem] mx-auto max-w-(--thread-content-max-width) flex-1 group\/turn-messages focus-visible:outline-hidden relative flex w-full min-w-0 flex-col agent-turn\" tabindex=\"-1\">\n<div class=\"flex max-w-full flex-col grow\">\n<div class=\"min-h-8 text-message relative flex w-full flex-col items-end gap-2 text-start break-words whitespace-normal [.text-message+&amp;]:mt-1\" dir=\"auto\" data-message-author-role=\"assistant\" data-message-id=\"46da469f-05b3-4574-973c-9573a40ec2ee\" data-message-model-slug=\"gpt-5-2\">\n<div class=\"flex w-full flex-col gap-1 empty:hidden first:pt-[1px]\">\n<div class=\"markdown prose dark:prose-invert w-full wrap-break-word light markdown-new-styling\">\n<h2 data-start=\"0\" data-end=\"63\">conteneur \u00e0 d\u00e9chets jetable - Solution fabriqu\u00e9e en usine et facile \u00e0 d\u00e9placer<\/h2>\n<p data-start=\"65\" data-end=\"288\">Une poubelle jetable est une bo\u00eete en acier solide con\u00e7ue pour contenir les ordures, la ferraille et les d\u00e9chets de mani\u00e8re propre.<\/p>\n<p data-start=\"65\" data-end=\"288\">Nous construisons ce conteneur dans notre propre usine et y ajoutons des roues pour qu'il puisse se d\u00e9placer facilement sur les chantiers, dans les cours et dans les usines.<\/p>\n<hr data-start=\"290\" data-end=\"293\" \/>\n<h2 data-start=\"295\" data-end=\"347\">Qu'est-ce qu'une poubelle jetable ? (Tr\u00e8s facile)<\/h2>\n<p data-start=\"349\" data-end=\"374\">Pensez \u00e0 une grande poubelle en m\u00e9tal.<\/p>\n<ul data-start=\"376\" data-end=\"444\">\n<li data-start=\"376\" data-end=\"400\">\n<p data-start=\"378\" data-end=\"400\">Vous mettez des d\u00e9chets \u00e0 l'int\u00e9rieur<\/p>\n<\/li>\n<li data-start=\"401\" data-end=\"423\">\n<p data-start=\"403\" data-end=\"423\">Vous fermez la porte<\/p>\n<\/li>\n<li data-start=\"424\" data-end=\"444\">\n<p data-start=\"426\" data-end=\"444\">Vous l'\u00e9loignez<\/p>\n<\/li>\n<\/ul>\n<p data-start=\"446\" data-end=\"518\">Ce type de conteneur \u00e0 d\u00e9chets mobile permet de garder l'endroit propre et s\u00fbr.<\/p>\n<hr data-start=\"520\" data-end=\"523\" \/>\n<h2 data-start=\"525\" data-end=\"551\">Nous sommes le fabricant<\/h2>\n<p data-start=\"553\" data-end=\"595\">Nous ne sommes pas un revendeur.<br data-start=\"573\" data-end=\"576\" \/>Nous sommes l'usine.<\/p>\n<p data-start=\"597\" data-end=\"613\">Dans notre atelier :<\/p>\n<ul data-start=\"614\" data-end=\"711\">\n<li data-start=\"614\" data-end=\"638\">\n<p data-start=\"616\" data-end=\"638\">Les plaques d'acier sont coup\u00e9es<\/p>\n<\/li>\n<li data-start=\"639\" data-end=\"660\">\n<p data-start=\"641\" data-end=\"660\">Les cadres sont soud\u00e9s<\/p>\n<\/li>\n<li data-start=\"661\" data-end=\"685\">\n<p data-start=\"663\" data-end=\"685\">Les roues sont install\u00e9es<\/p>\n<\/li>\n<li data-start=\"686\" data-end=\"711\">\n<p data-start=\"688\" data-end=\"711\">Chaque unit\u00e9 est contr\u00f4l\u00e9e<\/p>\n<\/li>\n<\/ul>\n<p data-start=\"713\" data-end=\"733\">\ud83d\udcca <strong data-start=\"716\" data-end=\"732\">Donn\u00e9es d'usine<\/strong>:<\/p>\n<ul data-start=\"734\" data-end=\"858\">\n<li data-start=\"734\" data-end=\"765\">\n<p data-start=\"736\" data-end=\"765\">\u00c9paisseur de l'acier : 2,0-3,0 mm<\/p>\n<\/li>\n<li data-start=\"766\" data-end=\"799\">\n<p data-start=\"768\" data-end=\"799\">Capacit\u00e9 de charge : jusqu'\u00e0 3-8 tonnes<\/p>\n<\/li>\n<li data-start=\"800\" data-end=\"830\">\n<p data-start=\"802\" data-end=\"830\">Temps de production : 7-12 jours<\/p>\n<\/li>\n<li data-start=\"831\" data-end=\"858\">\n<p data-start=\"833\" data-end=\"858\">Dur\u00e9e de vie : 10+ ans<\/p>\n<\/li>\n<\/ul>\n<p data-start=\"860\" data-end=\"902\">Cela signifie une qualit\u00e9 stable pour chaque commande.<\/p>\n<hr data-start=\"904\" data-end=\"907\" \/>\n<h2 data-start=\"909\" data-end=\"939\">Pourquoi les roues sont si importantes<\/h2>\n<p data-start=\"941\" data-end=\"975\">Les d\u00e9chets sont lourds.<br data-start=\"956\" data-end=\"959\" \/>L'entra\u00eenement est difficile.<\/p>\n<p data-start=\"977\" data-end=\"989\">Avec roues :<\/p>\n<ul data-start=\"990\" data-end=\"1106\">\n<li data-start=\"990\" data-end=\"1021\">\n<p data-start=\"992\" data-end=\"1021\">Un seul ouvrier peut d\u00e9placer le bac<\/p>\n<\/li>\n<li data-start=\"1022\" data-end=\"1060\">\n<p data-start=\"1024\" data-end=\"1060\">Pas besoin de chariot \u00e9l\u00e9vateur pour les petits d\u00e9placements<\/p>\n<\/li>\n<li data-start=\"1061\" data-end=\"1086\">\n<p data-start=\"1063\" data-end=\"1086\">Traitement plus rapide des d\u00e9chets<\/p>\n<\/li>\n<li data-start=\"1087\" data-end=\"1106\">\n<p data-start=\"1089\" data-end=\"1106\">Moins de co\u00fbts de main-d'\u0153uvre<\/p>\n<\/li>\n<\/ul>\n<p data-start=\"1108\" data-end=\"1168\">C'est pourquoi les conteneurs \u00e0 d\u00e9chets roulants sont utilis\u00e9s sur les sites tr\u00e8s fr\u00e9quent\u00e9s.<\/p>\n<hr data-start=\"1170\" data-end=\"1173\" \/>\n<h2 data-start=\"1175\" data-end=\"1207\">Con\u00e7u pour de nombreux types de d\u00e9chets<\/h2>\n<p data-start=\"1209\" data-end=\"1245\">Ces poubelles en acier sont utilis\u00e9es pour :<\/p>\n<ul data-start=\"1246\" data-end=\"1334\">\n<li data-start=\"1246\" data-end=\"1268\">\n<p data-start=\"1248\" data-end=\"1268\">D\u00e9chets de construction<\/p>\n<\/li>\n<li data-start=\"1269\" data-end=\"1286\">\n<p data-start=\"1271\" data-end=\"1286\">D\u00e9chets d'usine<\/p>\n<\/li>\n<li data-start=\"1287\" data-end=\"1306\">\n<p data-start=\"1289\" data-end=\"1306\">Emballage poubelle<\/p>\n<\/li>\n<li data-start=\"1307\" data-end=\"1334\">\n<p data-start=\"1309\" data-end=\"1334\">D\u00e9chets de projets temporaires<\/p>\n<\/li>\n<\/ul>\n<p data-start=\"1336\" data-end=\"1373\">Le corps est solide et facile \u00e0 vider.<\/p>\n<hr data-start=\"1375\" data-end=\"1378\" \/>\n<h2 data-start=\"1380\" data-end=\"1407\">Un design simple mais solide<\/h2>\n<ul data-start=\"1409\" data-end=\"1498\">\n<li data-start=\"1409\" data-end=\"1435\">\n<p data-start=\"1411\" data-end=\"1435\">Plancher en acier renforc\u00e9<\/p>\n<\/li>\n<li data-start=\"1436\" data-end=\"1458\">\n<p data-start=\"1438\" data-end=\"1458\">Parois int\u00e9rieures lisses<\/p>\n<\/li>\n<li data-start=\"1459\" data-end=\"1476\">\n<p data-start=\"1461\" data-end=\"1476\">Porte verrouillable<\/p>\n<\/li>\n<li data-start=\"1477\" data-end=\"1498\">\n<p data-start=\"1479\" data-end=\"1498\">Roues robustes<\/p>\n<\/li>\n<\/ul>\n<p data-start=\"1500\" data-end=\"1533\">La pluie reste \u00e0 l'ext\u00e9rieur.<br data-start=\"1515\" data-end=\"1518\" \/>Les d\u00e9chets restent \u00e0 l'int\u00e9rieur.<\/p>\n<hr data-start=\"1535\" data-end=\"1538\" \/>\n<h2 data-start=\"1540\" data-end=\"1554\">Derni\u00e8res paroles<\/h2>\n<p data-start=\"1556\" data-end=\"1731\">A <strong data-start=\"1558\" data-end=\"1588\">conteneur \u00e0 d\u00e9chets jetable<\/strong> avec roues permet une manipulation simple et rapide des d\u00e9chets.<br data-start=\"1638\" data-end=\"1641\" \/>En tant que fabricant, nous construisons des conteneurs solides, s\u00fbrs et faciles \u00e0 d\u00e9placer pour les chantiers r\u00e9els.<\/p>\n<p data-start=\"1733\" data-end=\"1837\" data-is-last-node=\"\" data-is-only-node=\"\">Si vous avez besoin d'un <strong data-start=\"1755\" data-end=\"1785\">conteneur \u00e0 d\u00e9chets jetable<\/strong>, Contactez-nous pour conna\u00eetre les prix d'usine et les options personnalis\u00e9es.<\/p>\n<\/div>\n<\/div>\n<\/div>\n<\/div>\n<div class=\"z-0 flex min-h-[46px] justify-start\"><\/div>\n<div class=\"mt-3 w-full empty:hidden\">\n<div class=\"text-center\"><\/div>\n<\/div>\n<\/div>\n<\/div>\n<\/article>\n<\/div>\n<div class=\"pointer-events-none h-px w-px absolute bottom-0\" aria-hidden=\"true\" data-edge=\"true\"><\/div>","protected":false},"excerpt":{"rendered":"<p><img loading=\"lazy\" decoding=\"async\" class=\"alignnone size-full wp-image-1139\" src=\"https:\/\/www.gkcpro.com\/wp-content\/uploads\/2026\/02\/evaluate.jpg\" alt=\"Mes conteneurs sont export\u00e9s dans de nombreux pays ; voici un aper\u00e7u des t\u00e9moignages de nos clients.\" width=\"1000\" height=\"474\" srcset=\"https:\/\/www.gkcpro.com\/wp-content\/uploads\/2026\/02\/evaluate.jpg 1000w, https:\/\/www.gkcpro.com\/wp-content\/uploads\/2026\/02\/evaluate-300x142.jpg 300w, https:\/\/www.gkcpro.com\/wp-content\/uploads\/2026\/02\/evaluate-768x364.jpg 768w, https:\/\/www.gkcpro.com\/wp-content\/uploads\/2026\/02\/evaluate-18x9.jpg 18w, https:\/\/www.gkcpro.com\/wp-content\/uploads\/2026\/02\/evaluate-624x296.jpg 624w, https:\/\/www.gkcpro.com\/wp-content\/uploads\/2026\/02\/evaluate-800x379.jpg 800w\" sizes=\"auto, (max-width: 1000px) 100vw, 1000px\" \/><img loading=\"lazy\" decoding=\"async\" class=\"alignnone wp-image-1137 size-full\" src=\"https:\/\/www.gkcpro.com\/wp-content\/uploads\/2026\/02\/container-house-certificates.jpg\" alt=\"Pr\u00e9sentation des certifications internationales incluant ISO 9001, CE, et les certifications de s\u00e9curit\u00e9 structurelle pour nos maisons-conteneurs et conteneurs \u00e0 l&#039;exportation.\" width=\"1470\" height=\"2000\" srcset=\"https:\/\/www.gkcpro.com\/wp-content\/uploads\/2026\/02\/container-house-certificates.jpg 1470w, https:\/\/www.gkcpro.com\/wp-content\/uploads\/2026\/02\/container-house-certificates-221x300.jpg 221w, https:\/\/www.gkcpro.com\/wp-content\/uploads\/2026\/02\/container-house-certificates-753x1024.jpg 753w, https:\/\/www.gkcpro.com\/wp-content\/uploads\/2026\/02\/container-house-certificates-768x1045.jpg 768w, https:\/\/www.gkcpro.com\/wp-content\/uploads\/2026\/02\/container-house-certificates-1129x1536.jpg 1129w, https:\/\/www.gkcpro.com\/wp-content\/uploads\/2026\/02\/container-house-certificates-9x12.jpg 9w, https:\/\/www.gkcpro.com\/wp-content\/uploads\/2026\/02\/container-house-certificates-624x849.jpg 624w, https:\/\/www.gkcpro.com\/wp-content\/uploads\/2026\/02\/container-house-certificates-800x1088.jpg 800w\" sizes=\"auto, (max-width: 1470px) 100vw, 1470px\" \/><\/p>","protected":false},"featured_media":1027,"template":"","meta":[],"product_brand":[],"product_cat":[54],"product_tag":[],"class_list":{"0":"post-1026","1":"product","2":"type-product","3":"status-publish","4":"has-post-thumbnail","6":"product_cat-special-container","8":"first","9":"instock","10":"shipping-taxable","11":"product-type-simple"},"yoast_head":"<!-- This site is optimized with the Yoast SEO plugin v26.6 - https:\/\/yoast.com\/wordpress\/plugins\/seo\/ -->\n<title>disposable waste container\u200b - china container manufacturer<\/title>\n<meta name=\"robots\" content=\"index, follow, max-snippet:-1, max-image-preview:large, max-video-preview:-1\" \/>\n<link rel=\"canonical\" href=\"https:\/\/www.gkcpro.com\/fr\/product\/disposable-waste-container\/\" \/>\n<meta property=\"og:locale\" content=\"fr_FR\" \/>\n<meta property=\"og:type\" content=\"article\" \/>\n<meta property=\"og:title\" content=\"disposable waste container\u200b - china container manufacturer\" \/>\n<meta property=\"og:url\" content=\"https:\/\/www.gkcpro.com\/fr\/product\/disposable-waste-container\/\" \/>\n<meta property=\"og:site_name\" content=\"Container House Co., Ltd.\" \/>\n<meta property=\"article:modified_time\" content=\"2026-04-17T06:05:07+00:00\" \/>\n<meta property=\"og:image\" content=\"https:\/\/www.gkcpro.com\/wp-content\/uploads\/2026\/02\/container-1.jpg\" \/>\n\t<meta property=\"og:image:width\" content=\"1060\" \/>\n\t<meta property=\"og:image:height\" content=\"687\" \/>\n\t<meta property=\"og:image:type\" content=\"image\/jpeg\" \/>\n<meta name=\"twitter:card\" content=\"summary_large_image\" \/>\n<meta name=\"twitter:label1\" content=\"Est. reading time\" \/>\n\t<meta name=\"twitter:data1\" content=\"2 minutes\" \/>\n<script type=\"application\/ld+json\" class=\"yoast-schema-graph\">{\"@context\":\"https:\/\/schema.org\",\"@graph\":[{\"@type\":\"WebPage\",\"@id\":\"https:\/\/www.gkcpro.com\/product\/disposable-waste-container\/\",\"url\":\"https:\/\/www.gkcpro.com\/product\/disposable-waste-container\/\",\"name\":\"disposable waste container\u200b - china container manufacturer\",\"isPartOf\":{\"@id\":\"https:\/\/www.gkcpro.com\/#website\"},\"primaryImageOfPage\":{\"@id\":\"https:\/\/www.gkcpro.com\/product\/disposable-waste-container\/#primaryimage\"},\"image\":{\"@id\":\"https:\/\/www.gkcpro.com\/product\/disposable-waste-container\/#primaryimage\"},\"thumbnailUrl\":\"https:\/\/www.gkcpro.com\/wp-content\/uploads\/2026\/02\/container-1.jpg\",\"datePublished\":\"2026-02-10T03:09:15+00:00\",\"dateModified\":\"2026-04-17T06:05:07+00:00\",\"breadcrumb\":{\"@id\":\"https:\/\/www.gkcpro.com\/product\/disposable-waste-container\/#breadcrumb\"},\"inLanguage\":\"fr-FR\",\"potentialAction\":[{\"@type\":\"ReadAction\",\"target\":[\"https:\/\/www.gkcpro.com\/product\/disposable-waste-container\/\"]}]},{\"@type\":\"ImageObject\",\"inLanguage\":\"fr-FR\",\"@id\":\"https:\/\/www.gkcpro.com\/product\/disposable-waste-container\/#primaryimage\",\"url\":\"https:\/\/www.gkcpro.com\/wp-content\/uploads\/2026\/02\/container-1.jpg\",\"contentUrl\":\"https:\/\/www.gkcpro.com\/wp-content\/uploads\/2026\/02\/container-1.jpg\",\"width\":1060,\"height\":687,\"caption\":\"Sturdy disposable waste container engineered for safe containment of hazardous and general refuse\"},{\"@type\":\"BreadcrumbList\",\"@id\":\"https:\/\/www.gkcpro.com\/product\/disposable-waste-container\/#breadcrumb\",\"itemListElement\":[{\"@type\":\"ListItem\",\"position\":1,\"name\":\"\u9996\u9875\",\"item\":\"https:\/\/www.gkcpro.com\/\"},{\"@type\":\"ListItem\",\"position\":2,\"name\":\"Products\",\"item\":\"https:\/\/www.gkcpro.com\/shop\/\"},{\"@type\":\"ListItem\",\"position\":3,\"name\":\"disposable waste container\u200b\"}]},{\"@type\":\"WebSite\",\"@id\":\"https:\/\/www.gkcpro.com\/#website\",\"url\":\"https:\/\/www.gkcpro.com\/\",\"name\":\"Container House Co., Ltd.\",\"description\":\"Container House factory\",\"potentialAction\":[{\"@type\":\"SearchAction\",\"target\":{\"@type\":\"EntryPoint\",\"urlTemplate\":\"https:\/\/www.gkcpro.com\/?s={search_term_string}\"},\"query-input\":{\"@type\":\"PropertyValueSpecification\",\"valueRequired\":true,\"valueName\":\"search_term_string\"}}],\"inLanguage\":\"fr-FR\"}]}<\/script>\n<!-- \/ Yoast SEO plugin. -->","yoast_head_json":{"title":"conteneur \u00e0 d\u00e9chets jetable - fabricant chinois de conteneurs","robots":{"index":"index","follow":"follow","max-snippet":"max-snippet:-1","max-image-preview":"max-image-preview:large","max-video-preview":"max-video-preview:-1"},"canonical":"https:\/\/www.gkcpro.com\/fr\/product\/disposable-waste-container\/","og_locale":"fr_FR","og_type":"article","og_title":"disposable waste container\u200b - china container manufacturer","og_url":"https:\/\/www.gkcpro.com\/fr\/product\/disposable-waste-container\/","og_site_name":"Container House Co., Ltd.","article_modified_time":"2026-04-17T06:05:07+00:00","og_image":[{"width":1060,"height":687,"url":"https:\/\/www.gkcpro.com\/wp-content\/uploads\/2026\/02\/container-1.jpg","type":"image\/jpeg"}],"twitter_card":"summary_large_image","twitter_misc":{"Est. reading time":"2 minutes"},"schema":{"@context":"https:\/\/schema.org","@graph":[{"@type":"WebPage","@id":"https:\/\/www.gkcpro.com\/product\/disposable-waste-container\/","url":"https:\/\/www.gkcpro.com\/product\/disposable-waste-container\/","name":"conteneur \u00e0 d\u00e9chets jetable - fabricant chinois de conteneurs","isPartOf":{"@id":"https:\/\/www.gkcpro.com\/#website"},"primaryImageOfPage":{"@id":"https:\/\/www.gkcpro.com\/product\/disposable-waste-container\/#primaryimage"},"image":{"@id":"https:\/\/www.gkcpro.com\/product\/disposable-waste-container\/#primaryimage"},"thumbnailUrl":"https:\/\/www.gkcpro.com\/wp-content\/uploads\/2026\/02\/container-1.jpg","datePublished":"2026-02-10T03:09:15+00:00","dateModified":"2026-04-17T06:05:07+00:00","breadcrumb":{"@id":"https:\/\/www.gkcpro.com\/product\/disposable-waste-container\/#breadcrumb"},"inLanguage":"fr-FR","potentialAction":[{"@type":"ReadAction","target":["https:\/\/www.gkcpro.com\/product\/disposable-waste-container\/"]}]},{"@type":"ImageObject","inLanguage":"fr-FR","@id":"https:\/\/www.gkcpro.com\/product\/disposable-waste-container\/#primaryimage","url":"https:\/\/www.gkcpro.com\/wp-content\/uploads\/2026\/02\/container-1.jpg","contentUrl":"https:\/\/www.gkcpro.com\/wp-content\/uploads\/2026\/02\/container-1.jpg","width":1060,"height":687,"caption":"Sturdy disposable waste container engineered for safe containment of hazardous and general refuse"},{"@type":"BreadcrumbList","@id":"https:\/\/www.gkcpro.com\/product\/disposable-waste-container\/#breadcrumb","itemListElement":[{"@type":"ListItem","position":1,"name":"\u9996\u9875","item":"https:\/\/www.gkcpro.com\/"},{"@type":"ListItem","position":2,"name":"Products","item":"https:\/\/www.gkcpro.com\/shop\/"},{"@type":"ListItem","position":3,"name":"disposable waste container\u200b"}]},{"@type":"WebSite","@id":"https:\/\/www.gkcpro.com\/#website","url":"https:\/\/www.gkcpro.com\/","name":"Container House Co, Ltd.","description":"Usine de fabrication de maisons en conteneurs","potentialAction":[{"@type":"SearchAction","target":{"@type":"EntryPoint","urlTemplate":"https:\/\/www.gkcpro.com\/?s={search_term_string}"},"query-input":{"@type":"PropertyValueSpecification","valueRequired":true,"valueName":"search_term_string"}}],"inLanguage":"fr-FR"}]}},"_links":{"self":[{"href":"https:\/\/www.gkcpro.com\/fr\/wp-json\/wp\/v2\/product\/1026","targetHints":{"allow":["GET"]}}],"collection":[{"href":"https:\/\/www.gkcpro.com\/fr\/wp-json\/wp\/v2\/product"}],"about":[{"href":"https:\/\/www.gkcpro.com\/fr\/wp-json\/wp\/v2\/types\/product"}],"wp:featuredmedia":[{"embeddable":true,"href":"https:\/\/www.gkcpro.com\/fr\/wp-json\/wp\/v2\/media\/1027"}],"wp:attachment":[{"href":"https:\/\/www.gkcpro.com\/fr\/wp-json\/wp\/v2\/media?parent=1026"}],"wp:term":[{"taxonomy":"product_brand","embeddable":true,"href":"https:\/\/www.gkcpro.com\/fr\/wp-json\/wp\/v2\/product_brand?post=1026"},{"taxonomy":"product_cat","embeddable":true,"href":"https:\/\/www.gkcpro.com\/fr\/wp-json\/wp\/v2\/product_cat?post=1026"},{"taxonomy":"product_tag","embeddable":true,"href":"https:\/\/www.gkcpro.com\/fr\/wp-json\/wp\/v2\/product_tag?post=1026"}],"curies":[{"name":"wp","href":"https:\/\/api.w.org\/{rel}","templated":true}]}}