{"id":1022,"date":"2026-02-10T10:47:11","date_gmt":"2026-02-10T02:47:11","guid":{"rendered":"https:\/\/www.gkcpro.com\/?post_type=product&#038;p=1022"},"modified":"2026-04-17T14:00:33","modified_gmt":"2026-04-17T06:00:33","slug":"10ft-storage-container-oem-odm-support","status":"publish","type":"product","link":"https:\/\/www.gkcpro.com\/fr\/product\/10ft-storage-container-oem-odm-support\/","title":{"rendered":"Conteneur de stockage de 10 pieds\/OEM ODM support"},"content":{"rendered":"<div class=\"flex flex-col text-sm pb-25\">\n<article class=\"text-token-text-primary w-full focus:outline-none [--shadow-height:45px] has-data-writing-block:pointer-events-none has-data-writing-block:-mt-(--shadow-height) has-data-writing-block:pt-(--shadow-height) [&amp;:has([data-writing-block])&gt;*]:pointer-events-auto [content-visibility:auto] supports-[content-visibility:auto]:[contain-intrinsic-size:auto_100lvh] scroll-mt-[calc(var(--header-height)+min(200px,max(70px,20svh)))]\" dir=\"auto\" tabindex=\"-1\" data-turn-id=\"25060405-75fc-4a70-9ba8-9b7f69246fc9\" data-testid=\"conversation-turn-219\" data-scroll-anchor=\"true\" data-turn=\"assistant\">\n<div class=\"text-base my-auto mx-auto pb-10 [--thread-content-margin:--spacing(4)] @w-sm\/main:[--thread-content-margin:--spacing(6)] @w-lg\/main:[--thread-content-margin:--spacing(16)] px-(--thread-content-margin)\">\n<div class=\"[--thread-content-max-width:40rem] @w-lg\/main:[--thread-content-max-width:48rem] mx-auto max-w-(--thread-content-max-width) flex-1 group\/turn-messages focus-visible:outline-hidden relative flex w-full min-w-0 flex-col agent-turn\" tabindex=\"-1\">\n<div class=\"flex max-w-full flex-col grow\">\n<div class=\"min-h-8 text-message relative flex w-full flex-col items-end gap-2 text-start break-words whitespace-normal [.text-message+&amp;]:mt-1\" dir=\"auto\" data-message-author-role=\"assistant\" data-message-id=\"f9387e06-27b3-4117-88a8-17abcf513fe2\" data-message-model-slug=\"gpt-5-2\">\n<div class=\"flex w-full flex-col gap-1 empty:hidden first:pt-[1px]\">\n<div class=\"markdown prose dark:prose-invert w-full wrap-break-word light markdown-new-styling\">\n<p data-start=\"0\" data-end=\"45\">Conteneur de stockage de 10 pieds construit par l'usine<\/p>\n<p data-start=\"47\" data-end=\"290\">A <strong data-start=\"49\" data-end=\"75\">Conteneur de stockage de 10 pieds<\/strong> est une petite bo\u00eete en acier qui garde les objets en s\u00e9curit\u00e9, au sec et \u00e0 port\u00e9e de main.<br data-start=\"144\" data-end=\"147\" \/>Nous fabriquons ce conteneur dans notre propre usine, en utilisant de l'acier solide et une conception intelligente. Il est petit, mais il fonctionne bien pour les outils, l'\u00e9quipement et le stock.<\/p>\n<hr data-start=\"292\" data-end=\"295\" \/>\n<h2 data-start=\"297\" data-end=\"345\">Qu'est-ce qu'un conteneur de stockage de 10 pieds ?<\/h2>\n<p data-start=\"347\" data-end=\"374\">Pensez \u00e0 une petite pi\u00e8ce en acier.<\/p>\n<ul data-start=\"376\" data-end=\"428\">\n<li data-start=\"376\" data-end=\"392\">\n<p data-start=\"378\" data-end=\"392\">Courte dur\u00e9e<\/p>\n<\/li>\n<li data-start=\"393\" data-end=\"409\">\n<p data-start=\"395\" data-end=\"409\">Des murs solides<\/p>\n<\/li>\n<li data-start=\"410\" data-end=\"428\">\n<p data-start=\"412\" data-end=\"428\">Portes verrouillables<\/p>\n<\/li>\n<\/ul>\n<p data-start=\"430\" data-end=\"539\">Ce conteneur de stockage compact trouve sa place l\u00e0 o\u00f9 l'espace est r\u00e9duit. Il est facile \u00e0 placer, \u00e0 utiliser et \u00e0 d\u00e9placer.<\/p>\n<hr data-start=\"541\" data-end=\"544\" \/>\n<h2 data-start=\"546\" data-end=\"576\">Container Manufacturer Feature<\/h2>\n<p data-start=\"578\" data-end=\"626\">Nous ne sommes pas une soci\u00e9t\u00e9 de location.<br data-start=\"606\" data-end=\"609\" \/>Nous sommes le cr\u00e9ateur.<\/p>\n<p data-start=\"628\" data-end=\"643\">Dans notre usine :<\/p>\n<ul data-start=\"644\" data-end=\"782\">\n<li data-start=\"644\" data-end=\"679\">\n<p data-start=\"646\" data-end=\"679\">Les t\u00f4les d'acier sont coup\u00e9es et fa\u00e7onn\u00e9es<\/p>\n<\/li>\n<li data-start=\"680\" data-end=\"713\">\n<p data-start=\"682\" data-end=\"713\">Les cadres sont soud\u00e9s en un seul corps<\/p>\n<\/li>\n<li data-start=\"714\" data-end=\"747\">\n<p data-start=\"716\" data-end=\"747\">Les portes et les serrures sont install\u00e9es<\/p>\n<\/li>\n<li data-start=\"748\" data-end=\"782\">\n<p data-start=\"750\" data-end=\"782\">Les roues peuvent \u00eatre ajout\u00e9es et test\u00e9es<\/p>\n<\/li>\n<\/ul>\n<p data-start=\"784\" data-end=\"804\">\ud83d\udcca <strong data-start=\"787\" data-end=\"803\">Donn\u00e9es d'usine<\/strong>:<\/p>\n<ul data-start=\"805\" data-end=\"920\">\n<li data-start=\"805\" data-end=\"834\">\n<p data-start=\"807\" data-end=\"834\">\u00c9paisseur de l'acier : calibre 14<\/p>\n<\/li>\n<li data-start=\"835\" data-end=\"866\">\n<p data-start=\"837\" data-end=\"866\">Taille : 10 pi \u00d7 8 pi \u00d7 8,5 pi<\/p>\n<\/li>\n<li data-start=\"867\" data-end=\"892\">\n<p data-start=\"869\" data-end=\"892\">Temps de construction : 7-10 jours<\/p>\n<\/li>\n<li data-start=\"893\" data-end=\"920\">\n<p data-start=\"895\" data-end=\"920\">Dur\u00e9e de vie : 15 ans et plus<\/p>\n<\/li>\n<\/ul>\n<p data-start=\"922\" data-end=\"963\">Cela permet d'obtenir une qualit\u00e9 stable pour chaque unit\u00e9.<\/p>\n<hr data-start=\"965\" data-end=\"968\" \/>\n<h2 data-start=\"970\" data-end=\"1003\">Pourquoi les roues sont un grand avantage<\/h2>\n<p data-start=\"1005\" data-end=\"1082\">Un conteneur normal reste au m\u00eame endroit.<br data-start=\"1042\" data-end=\"1045\" \/>Un conteneur de stockage sur roues peut se d\u00e9placer.<\/p>\n<p data-start=\"1084\" data-end=\"1096\">Avec roues :<\/p>\n<ul data-start=\"1097\" data-end=\"1235\">\n<li data-start=\"1097\" data-end=\"1130\">\n<p data-start=\"1099\" data-end=\"1130\">Une ou deux personnes peuvent le faire rouler<\/p>\n<\/li>\n<li data-start=\"1131\" data-end=\"1169\">\n<p data-start=\"1133\" data-end=\"1169\">Pas besoin de chariot \u00e9l\u00e9vateur pour les petits d\u00e9placements<\/p>\n<\/li>\n<li data-start=\"1170\" data-end=\"1205\">\n<p data-start=\"1172\" data-end=\"1205\">Facilit\u00e9 de changement de position sur place<\/p>\n<\/li>\n<li data-start=\"1206\" data-end=\"1235\">\n<p data-start=\"1208\" data-end=\"1235\">\u00c9conomie de temps et de main-d'\u0153uvre<\/p>\n<\/li>\n<\/ul>\n<p data-start=\"1237\" data-end=\"1279\">Il est donc parfait pour les espaces de travail tr\u00e8s fr\u00e9quent\u00e9s.<\/p>\n<hr data-start=\"1281\" data-end=\"1284\" \/>\n<h2 data-start=\"1286\" data-end=\"1312\">Stockage solide et s\u00fbr<\/h2>\n<p data-start=\"1314\" data-end=\"1381\">Le corps en acier est r\u00e9sistant aux intemp\u00e9ries.<br data-start=\"1345\" data-end=\"1348\" \/>La pluie reste \u00e0 l'ext\u00e9rieur.<br data-start=\"1363\" data-end=\"1366\" \/>La poussi\u00e8re reste \u00e0 l'\u00e9cart.<\/p>\n<p data-start=\"1383\" data-end=\"1481\">A l'int\u00e9rieur, nous utilisons un syst\u00e8me de verrouillage \u00e0 came pour une meilleure s\u00e9curit\u00e9.<br data-start=\"1434\" data-end=\"1437\" \/>Les outils et les \u00e9quipements restent en s\u00e9curit\u00e9 jour et nuit.<\/p>\n<hr data-start=\"1483\" data-end=\"1486\" \/>\n<h2 data-start=\"1488\" data-end=\"1522\">Options personnalis\u00e9es en usine<\/h2>\n<p data-start=\"1524\" data-end=\"1535\">Nous pouvons ajouter :<\/p>\n<ul data-start=\"1536\" data-end=\"1612\">\n<li data-start=\"1536\" data-end=\"1547\">\n<p data-start=\"1538\" data-end=\"1547\">\u00c9tag\u00e8res<\/p>\n<\/li>\n<li data-start=\"1548\" data-end=\"1561\">\n<p data-start=\"1550\" data-end=\"1561\">Bouches d'a\u00e9ration<\/p>\n<\/li>\n<li data-start=\"1562\" data-end=\"1576\">\n<p data-start=\"1564\" data-end=\"1576\">Lumi\u00e8res LED<\/p>\n<\/li>\n<li data-start=\"1577\" data-end=\"1591\">\n<p data-start=\"1579\" data-end=\"1591\">Isolation<\/p>\n<\/li>\n<li data-start=\"1592\" data-end=\"1612\">\n<p data-start=\"1594\" data-end=\"1612\">Cloisons int\u00e9rieures<\/p>\n<\/li>\n<\/ul>\n<p data-start=\"1614\" data-end=\"1670\">Chaque petit conteneur de stockage est con\u00e7u pour correspondre \u00e0 une utilisation r\u00e9elle.<\/p>\n<hr data-start=\"1672\" data-end=\"1675\" \/>\n<h2 data-start=\"1677\" data-end=\"1696\">Domaines d'utilisation<\/h2>\n<p data-start=\"1698\" data-end=\"1738\">Les acheteurs utilisent ce mini-conteneur en acier dans :<\/p>\n<ul data-start=\"1739\" data-end=\"1821\">\n<li data-start=\"1739\" data-end=\"1761\">\n<p data-start=\"1741\" data-end=\"1761\">Chantiers de construction<\/p>\n<\/li>\n<li data-start=\"1762\" data-end=\"1779\">\n<p data-start=\"1764\" data-end=\"1779\">Magasins de d\u00e9tail<\/p>\n<\/li>\n<li data-start=\"1780\" data-end=\"1793\">\n<p data-start=\"1782\" data-end=\"1793\">H\u00f4pitaux<\/p>\n<\/li>\n<li data-start=\"1794\" data-end=\"1821\">\n<p data-start=\"1796\" data-end=\"1821\">Usines et ateliers<\/p>\n<\/li>\n<\/ul>\n<p data-start=\"1823\" data-end=\"1870\">Il convient parfaitement au stockage de marchandises l\u00e9g\u00e8res \u00e0 moyennes.<\/p>\n<hr data-start=\"1872\" data-end=\"1875\" \/>\n<h2 data-start=\"1877\" data-end=\"1891\">Derni\u00e8res paroles<\/h2>\n<p data-start=\"1893\" data-end=\"2049\">A <strong data-start=\"1895\" data-end=\"1921\">Conteneur de stockage de 10 pieds<\/strong> est petit, solide et intelligent, surtout avec des roues.<br data-start=\"1973\" data-end=\"1976\" \/>En tant que fabricant, nous construisons pour un travail r\u00e9el, des sites r\u00e9els et des utilisateurs r\u00e9els.<\/p>\n<p data-start=\"2051\" data-end=\"2167\" data-is-last-node=\"\" data-is-only-node=\"\">Si vous avez besoin d'un produit durable, facile \u00e0 d\u00e9placer <strong data-start=\"2087\" data-end=\"2113\">Conteneur de stockage de 10 pieds<\/strong>, Contactez-nous pour obtenir des prix d'usine et des solutions personnalis\u00e9es.<\/p>\n<\/div>\n<\/div>\n<\/div>\n<\/div>\n<div class=\"z-0 flex min-h-[46px] justify-start\"><\/div>\n<\/div>\n<\/div>\n<\/article>\n<\/div>\n<div class=\"pointer-events-none h-px w-px absolute bottom-0\" aria-hidden=\"true\" data-edge=\"true\"><\/div>","protected":false},"excerpt":{"rendered":"<p><img loading=\"lazy\" decoding=\"async\" class=\"alignnone size-full wp-image-1139\" src=\"https:\/\/www.gkcpro.com\/wp-content\/uploads\/2026\/02\/evaluate.jpg\" alt=\"Mes conteneurs sont export\u00e9s dans de nombreux pays ; voici un aper\u00e7u des t\u00e9moignages de nos clients.\" width=\"1000\" height=\"474\" srcset=\"https:\/\/www.gkcpro.com\/wp-content\/uploads\/2026\/02\/evaluate.jpg 1000w, https:\/\/www.gkcpro.com\/wp-content\/uploads\/2026\/02\/evaluate-300x142.jpg 300w, https:\/\/www.gkcpro.com\/wp-content\/uploads\/2026\/02\/evaluate-768x364.jpg 768w, https:\/\/www.gkcpro.com\/wp-content\/uploads\/2026\/02\/evaluate-18x9.jpg 18w, https:\/\/www.gkcpro.com\/wp-content\/uploads\/2026\/02\/evaluate-624x296.jpg 624w, https:\/\/www.gkcpro.com\/wp-content\/uploads\/2026\/02\/evaluate-800x379.jpg 800w\" sizes=\"auto, (max-width: 1000px) 100vw, 1000px\" \/><img loading=\"lazy\" decoding=\"async\" class=\"alignnone wp-image-1137 size-full\" src=\"https:\/\/www.gkcpro.com\/wp-content\/uploads\/2026\/02\/container-house-certificates.jpg\" alt=\"Pr\u00e9sentation des certifications internationales incluant ISO 9001, CE, et les certifications de s\u00e9curit\u00e9 structurelle pour nos maisons-conteneurs et conteneurs \u00e0 l&#039;exportation.\" width=\"1470\" height=\"2000\" srcset=\"https:\/\/www.gkcpro.com\/wp-content\/uploads\/2026\/02\/container-house-certificates.jpg 1470w, https:\/\/www.gkcpro.com\/wp-content\/uploads\/2026\/02\/container-house-certificates-221x300.jpg 221w, https:\/\/www.gkcpro.com\/wp-content\/uploads\/2026\/02\/container-house-certificates-753x1024.jpg 753w, https:\/\/www.gkcpro.com\/wp-content\/uploads\/2026\/02\/container-house-certificates-768x1045.jpg 768w, https:\/\/www.gkcpro.com\/wp-content\/uploads\/2026\/02\/container-house-certificates-1129x1536.jpg 1129w, https:\/\/www.gkcpro.com\/wp-content\/uploads\/2026\/02\/container-house-certificates-9x12.jpg 9w, https:\/\/www.gkcpro.com\/wp-content\/uploads\/2026\/02\/container-house-certificates-624x849.jpg 624w, https:\/\/www.gkcpro.com\/wp-content\/uploads\/2026\/02\/container-house-certificates-800x1088.jpg 800w\" sizes=\"auto, (max-width: 1470px) 100vw, 1470px\" \/><\/p>","protected":false},"featured_media":1023,"template":"","meta":[],"product_brand":[],"product_cat":[54],"product_tag":[],"class_list":{"0":"post-1022","1":"product","2":"type-product","3":"status-publish","4":"has-post-thumbnail","6":"product_cat-special-container","8":"first","9":"instock","10":"shipping-taxable","11":"product-type-simple"},"yoast_head":"<!-- This site is optimized with the Yoast SEO plugin v26.6 - https:\/\/yoast.com\/wordpress\/plugins\/seo\/ -->\n<title>10ft Storage Container - china container manufacturer<\/title>\n<meta name=\"robots\" content=\"index, follow, max-snippet:-1, max-image-preview:large, max-video-preview:-1\" \/>\n<link rel=\"canonical\" href=\"https:\/\/www.gkcpro.com\/fr\/product\/10ft-storage-container-oem-odm-support\/\" \/>\n<meta property=\"og:locale\" content=\"fr_FR\" \/>\n<meta property=\"og:type\" content=\"article\" \/>\n<meta property=\"og:title\" content=\"10ft Storage Container - china container manufacturer\" \/>\n<meta property=\"og:url\" content=\"https:\/\/www.gkcpro.com\/fr\/product\/10ft-storage-container-oem-odm-support\/\" \/>\n<meta property=\"og:site_name\" content=\"Container House Co., Ltd.\" \/>\n<meta property=\"article:modified_time\" content=\"2026-04-17T06:00:33+00:00\" \/>\n<meta property=\"og:image\" content=\"https:\/\/www.gkcpro.com\/wp-content\/uploads\/2026\/02\/10ft-storage-container.jpg\" \/>\n\t<meta property=\"og:image:width\" content=\"1920\" \/>\n\t<meta property=\"og:image:height\" content=\"1080\" \/>\n\t<meta property=\"og:image:type\" content=\"image\/jpeg\" \/>\n<meta name=\"twitter:card\" content=\"summary_large_image\" \/>\n<meta name=\"twitter:label1\" content=\"Est. reading time\" \/>\n\t<meta name=\"twitter:data1\" content=\"2 minutes\" \/>\n<script type=\"application\/ld+json\" class=\"yoast-schema-graph\">{\"@context\":\"https:\/\/schema.org\",\"@graph\":[{\"@type\":\"WebPage\",\"@id\":\"https:\/\/www.gkcpro.com\/product\/10ft-storage-container-oem-odm-support\/\",\"url\":\"https:\/\/www.gkcpro.com\/product\/10ft-storage-container-oem-odm-support\/\",\"name\":\"10ft Storage Container - china container manufacturer\",\"isPartOf\":{\"@id\":\"https:\/\/www.gkcpro.com\/#website\"},\"primaryImageOfPage\":{\"@id\":\"https:\/\/www.gkcpro.com\/product\/10ft-storage-container-oem-odm-support\/#primaryimage\"},\"image\":{\"@id\":\"https:\/\/www.gkcpro.com\/product\/10ft-storage-container-oem-odm-support\/#primaryimage\"},\"thumbnailUrl\":\"https:\/\/www.gkcpro.com\/wp-content\/uploads\/2026\/02\/10ft-storage-container.jpg\",\"datePublished\":\"2026-02-10T02:47:11+00:00\",\"dateModified\":\"2026-04-17T06:00:33+00:00\",\"breadcrumb\":{\"@id\":\"https:\/\/www.gkcpro.com\/product\/10ft-storage-container-oem-odm-support\/#breadcrumb\"},\"inLanguage\":\"fr-FR\",\"potentialAction\":[{\"@type\":\"ReadAction\",\"target\":[\"https:\/\/www.gkcpro.com\/product\/10ft-storage-container-oem-odm-support\/\"]}]},{\"@type\":\"ImageObject\",\"inLanguage\":\"fr-FR\",\"@id\":\"https:\/\/www.gkcpro.com\/product\/10ft-storage-container-oem-odm-support\/#primaryimage\",\"url\":\"https:\/\/www.gkcpro.com\/wp-content\/uploads\/2026\/02\/10ft-storage-container.jpg\",\"contentUrl\":\"https:\/\/www.gkcpro.com\/wp-content\/uploads\/2026\/02\/10ft-storage-container.jpg\",\"width\":1920,\"height\":1080,\"caption\":\"Reliable 10ft storage container ideal for secure on-site storage and easy stacking\"},{\"@type\":\"BreadcrumbList\",\"@id\":\"https:\/\/www.gkcpro.com\/product\/10ft-storage-container-oem-odm-support\/#breadcrumb\",\"itemListElement\":[{\"@type\":\"ListItem\",\"position\":1,\"name\":\"\u9996\u9875\",\"item\":\"https:\/\/www.gkcpro.com\/\"},{\"@type\":\"ListItem\",\"position\":2,\"name\":\"Products\",\"item\":\"https:\/\/www.gkcpro.com\/shop\/\"},{\"@type\":\"ListItem\",\"position\":3,\"name\":\"10ft Storage Container\/OEM ODM support\"}]},{\"@type\":\"WebSite\",\"@id\":\"https:\/\/www.gkcpro.com\/#website\",\"url\":\"https:\/\/www.gkcpro.com\/\",\"name\":\"Container House Co., Ltd.\",\"description\":\"Container House factory\",\"potentialAction\":[{\"@type\":\"SearchAction\",\"target\":{\"@type\":\"EntryPoint\",\"urlTemplate\":\"https:\/\/www.gkcpro.com\/?s={search_term_string}\"},\"query-input\":{\"@type\":\"PropertyValueSpecification\",\"valueRequired\":true,\"valueName\":\"search_term_string\"}}],\"inLanguage\":\"fr-FR\"}]}<\/script>\n<!-- \/ Yoast SEO plugin. -->","yoast_head_json":{"title":"Conteneur de stockage de 10 pieds - china container manufacturer","robots":{"index":"index","follow":"follow","max-snippet":"max-snippet:-1","max-image-preview":"max-image-preview:large","max-video-preview":"max-video-preview:-1"},"canonical":"https:\/\/www.gkcpro.com\/fr\/product\/10ft-storage-container-oem-odm-support\/","og_locale":"fr_FR","og_type":"article","og_title":"10ft Storage Container - china container manufacturer","og_url":"https:\/\/www.gkcpro.com\/fr\/product\/10ft-storage-container-oem-odm-support\/","og_site_name":"Container House Co., Ltd.","article_modified_time":"2026-04-17T06:00:33+00:00","og_image":[{"width":1920,"height":1080,"url":"https:\/\/www.gkcpro.com\/wp-content\/uploads\/2026\/02\/10ft-storage-container.jpg","type":"image\/jpeg"}],"twitter_card":"summary_large_image","twitter_misc":{"Est. reading time":"2 minutes"},"schema":{"@context":"https:\/\/schema.org","@graph":[{"@type":"WebPage","@id":"https:\/\/www.gkcpro.com\/product\/10ft-storage-container-oem-odm-support\/","url":"https:\/\/www.gkcpro.com\/product\/10ft-storage-container-oem-odm-support\/","name":"Conteneur de stockage de 10 pieds - china container manufacturer","isPartOf":{"@id":"https:\/\/www.gkcpro.com\/#website"},"primaryImageOfPage":{"@id":"https:\/\/www.gkcpro.com\/product\/10ft-storage-container-oem-odm-support\/#primaryimage"},"image":{"@id":"https:\/\/www.gkcpro.com\/product\/10ft-storage-container-oem-odm-support\/#primaryimage"},"thumbnailUrl":"https:\/\/www.gkcpro.com\/wp-content\/uploads\/2026\/02\/10ft-storage-container.jpg","datePublished":"2026-02-10T02:47:11+00:00","dateModified":"2026-04-17T06:00:33+00:00","breadcrumb":{"@id":"https:\/\/www.gkcpro.com\/product\/10ft-storage-container-oem-odm-support\/#breadcrumb"},"inLanguage":"fr-FR","potentialAction":[{"@type":"ReadAction","target":["https:\/\/www.gkcpro.com\/product\/10ft-storage-container-oem-odm-support\/"]}]},{"@type":"ImageObject","inLanguage":"fr-FR","@id":"https:\/\/www.gkcpro.com\/product\/10ft-storage-container-oem-odm-support\/#primaryimage","url":"https:\/\/www.gkcpro.com\/wp-content\/uploads\/2026\/02\/10ft-storage-container.jpg","contentUrl":"https:\/\/www.gkcpro.com\/wp-content\/uploads\/2026\/02\/10ft-storage-container.jpg","width":1920,"height":1080,"caption":"Reliable 10ft storage container ideal for secure on-site storage and easy stacking"},{"@type":"BreadcrumbList","@id":"https:\/\/www.gkcpro.com\/product\/10ft-storage-container-oem-odm-support\/#breadcrumb","itemListElement":[{"@type":"ListItem","position":1,"name":"\u9996\u9875","item":"https:\/\/www.gkcpro.com\/"},{"@type":"ListItem","position":2,"name":"Products","item":"https:\/\/www.gkcpro.com\/shop\/"},{"@type":"ListItem","position":3,"name":"10ft Storage Container\/OEM ODM support"}]},{"@type":"WebSite","@id":"https:\/\/www.gkcpro.com\/#website","url":"https:\/\/www.gkcpro.com\/","name":"Container House Co, Ltd.","description":"Usine de fabrication de maisons en conteneurs","potentialAction":[{"@type":"SearchAction","target":{"@type":"EntryPoint","urlTemplate":"https:\/\/www.gkcpro.com\/?s={search_term_string}"},"query-input":{"@type":"PropertyValueSpecification","valueRequired":true,"valueName":"search_term_string"}}],"inLanguage":"fr-FR"}]}},"_links":{"self":[{"href":"https:\/\/www.gkcpro.com\/fr\/wp-json\/wp\/v2\/product\/1022","targetHints":{"allow":["GET"]}}],"collection":[{"href":"https:\/\/www.gkcpro.com\/fr\/wp-json\/wp\/v2\/product"}],"about":[{"href":"https:\/\/www.gkcpro.com\/fr\/wp-json\/wp\/v2\/types\/product"}],"wp:featuredmedia":[{"embeddable":true,"href":"https:\/\/www.gkcpro.com\/fr\/wp-json\/wp\/v2\/media\/1023"}],"wp:attachment":[{"href":"https:\/\/www.gkcpro.com\/fr\/wp-json\/wp\/v2\/media?parent=1022"}],"wp:term":[{"taxonomy":"product_brand","embeddable":true,"href":"https:\/\/www.gkcpro.com\/fr\/wp-json\/wp\/v2\/product_brand?post=1022"},{"taxonomy":"product_cat","embeddable":true,"href":"https:\/\/www.gkcpro.com\/fr\/wp-json\/wp\/v2\/product_cat?post=1022"},{"taxonomy":"product_tag","embeddable":true,"href":"https:\/\/www.gkcpro.com\/fr\/wp-json\/wp\/v2\/product_tag?post=1022"}],"curies":[{"name":"wp","href":"https:\/\/api.w.org\/{rel}","templated":true}]}}