{"id":945,"date":"2026-01-30T15:56:22","date_gmt":"2026-01-30T07:56:22","guid":{"rendered":"https:\/\/www.gkcpro.com\/?post_type=product&#038;p=945"},"modified":"2026-04-17T13:53:48","modified_gmt":"2026-04-17T05:53:48","slug":"10x8-shipping-container","status":"publish","type":"product","link":"https:\/\/www.gkcpro.com\/es\/product\/10x8-shipping-container\/","title":{"rendered":"Contenedor mar\u00edtimo 10\u00d78-Fabricante de contenedores"},"content":{"rendered":"<h2 data-start=\"363\" data-end=\"430\">Contenedor mar\u00edtimo 10\u00d78: La soluci\u00f3n ideal de almacenamiento y transporte<\/h2>\n<p data-start=\"432\" data-end=\"817\">Si busca una soluci\u00f3n de almacenamiento vers\u00e1til y duradera, nuestro <strong data-start=\"500\" data-end=\"527\">Contenedor mar\u00edtimo 10\u00d78<\/strong> es la elecci\u00f3n perfecta. Fabricado por <strong data-start=\"567\" data-end=\"595\">Container House S.L.<\/strong>, Este contenedor est\u00e1 dise\u00f1ado para empresas y particulares que necesitan opciones de almacenamiento seguras, fiables y asequibles. Ya sea para almacenamiento, env\u00edo o transporte, nuestro <strong data-start=\"768\" data-end=\"796\">Contenedores mar\u00edtimos 10\u00d78<\/strong> satisfacer todas sus necesidades.<\/p>\n<p data-start=\"432\" data-end=\"817\"><img loading=\"lazy\" decoding=\"async\" class=\"alignnone size-full wp-image-1139\" src=\"https:\/\/www.gkcpro.com\/wp-content\/uploads\/2026\/02\/evaluate.jpg\" alt=\"Mis contenedores se exportan a muchos pa\u00edses; este es un escaparate de los testimonios de nuestros clientes.\" width=\"1000\" height=\"474\" srcset=\"https:\/\/www.gkcpro.com\/wp-content\/uploads\/2026\/02\/evaluate.jpg 1000w, https:\/\/www.gkcpro.com\/wp-content\/uploads\/2026\/02\/evaluate-300x142.jpg 300w, https:\/\/www.gkcpro.com\/wp-content\/uploads\/2026\/02\/evaluate-768x364.jpg 768w, https:\/\/www.gkcpro.com\/wp-content\/uploads\/2026\/02\/evaluate-18x9.jpg 18w, https:\/\/www.gkcpro.com\/wp-content\/uploads\/2026\/02\/evaluate-624x296.jpg 624w, https:\/\/www.gkcpro.com\/wp-content\/uploads\/2026\/02\/evaluate-800x379.jpg 800w\" sizes=\"auto, (max-width: 1000px) 100vw, 1000px\" \/><\/p>\n<h2 data-start=\"819\" data-end=\"856\">\u00bfQu\u00e9 es un contenedor mar\u00edtimo de 10\u00d78?<\/h2>\n<p data-start=\"858\" data-end=\"1230\">Nuestro contenedor es un contenedor compacto pero espacioso que puede utilizarse para diversos fines. Con una longitud de 10 pies y una anchura de 8 pies, ofrece un amplio espacio para almacenar equipos, inventario u objetos personales. Construidos con materiales de alta calidad, estos contenedores est\u00e1n dise\u00f1ados para soportar los entornos m\u00e1s duros, al tiempo que proporcionan una excelente seguridad.<\/p>\n<p data-start=\"1232\" data-end=\"1386\">En <strong data-start=\"1235\" data-end=\"1263\">Container House S.L.<\/strong>, fabricamos cada contenedor con precisi\u00f3n, garantizando que cumplen todas las normas industriales de calidad y durabilidad.<\/p>\n<h2 data-start=\"1388\" data-end=\"1434\">Caracter\u00edsticas principales del contenedor mar\u00edtimo de 10\u00d78<\/h2>\n<h3 data-start=\"1436\" data-end=\"1472\">1. <strong data-start=\"1443\" data-end=\"1472\">Construcci\u00f3n de alta calidad<\/strong><\/h3>\n<p data-start=\"1473\" data-end=\"1674\">Nuestra <strong data-start=\"1477\" data-end=\"1505\">Contenedores mar\u00edtimos 10\u00d78<\/strong> est\u00e1n fabricados con acero de alta resistencia, que ofrece una larga durabilidad. Estos contenedores est\u00e1n dise\u00f1ados para proteger sus art\u00edculos de los robos, las inclemencias del tiempo y el desgaste con el paso del tiempo.<\/p>\n<h3 data-start=\"1676\" data-end=\"1707\">2. <strong data-start=\"1683\" data-end=\"1707\">Compacto pero espacioso<\/strong><\/h3>\n<p data-start=\"1708\" data-end=\"1923\">Incluso con su tama\u00f1o compacto, el <strong data-start=\"1740\" data-end=\"1767\">\u00a0contenedor de transporte<\/strong> ofrece espacio de almacenamiento suficiente para art\u00edculos de tama\u00f1o peque\u00f1o y mediano. Su eficiente dise\u00f1o permite almacenar una gran variedad de art\u00edculos ocupando el m\u00ednimo espacio.<\/p>\n<h3 data-start=\"1925\" data-end=\"1959\">3. <strong data-start=\"1932\" data-end=\"1959\">Seguridad y protecci\u00f3n<\/strong><\/h3>\n<p data-start=\"1960\" data-end=\"2131\">Cada <strong data-start=\"1965\" data-end=\"1992\">Contenedor mar\u00edtimo 10\u00d78<\/strong> est\u00e1 equipado con mecanismos de cierre seguros y precintos resistentes a la intemperie, que garantizan que sus objetos permanezcan seguros y protegidos de amenazas externas.<\/p>\n<h3 data-start=\"2133\" data-end=\"2171\">4. <strong data-start=\"2140\" data-end=\"2171\">Soluci\u00f3n de almacenamiento asequible<\/strong><\/h3>\n<p data-start=\"2172\" data-end=\"2377\">Nuestra <strong data-start=\"2176\" data-end=\"2204\">Contenedores mar\u00edtimos 10\u00d78<\/strong> ofrecen una alternativa rentable a los m\u00e9todos de almacenamiento tradicionales. Con un coste inicial asequible y escasos requisitos de mantenimiento, ofrecen una excelente relaci\u00f3n calidad-precio.<\/p>\n<h3 data-start=\"2379\" data-end=\"2410\">5. <strong data-start=\"2386\" data-end=\"2410\">Opciones personalizables<\/strong><\/h3>\n<p data-start=\"2411\" data-end=\"2611\">Ofrecemos personalizaciones para satisfacer necesidades de almacenamiento espec\u00edficas, incluidas estanter\u00edas adicionales, opciones de ventilaci\u00f3n y colores personalizados. Puede personalizar el <strong data-start=\"2557\" data-end=\"2584\">Contenedores mar\u00edtimos 10\u00d78<\/strong> para adaptarse a sus necesidades.<\/p>\n<h3 data-start=\"2613\" data-end=\"2641\">6. <strong data-start=\"2620\" data-end=\"2641\">F\u00e1cil de transportar<\/strong><\/h3>\n<p data-start=\"2642\" data-end=\"2844\">El dise\u00f1o est\u00e1ndar del <strong data-start=\"2669\" data-end=\"2696\">Contenedor mar\u00edtimo 10\u00d78<\/strong> facilita su transporte por cami\u00f3n, barco o ferrocarril. Su tama\u00f1o compacto facilita su manipulaci\u00f3n y traslado, tanto a escala nacional como internacional.<\/p>\n<h2 data-start=\"3383\" data-end=\"3429\">Aplicaciones del contenedor 10\u00d78<\/h2>\n<p data-start=\"3431\" data-end=\"3524\">Nuestra <strong data-start=\"3435\" data-end=\"3463\">Contenedores mar\u00edtimos de 10<\/strong> se utilizan ampliamente en diversas industrias con m\u00faltiples fines:<\/p>\n<ul data-start=\"3526\" data-end=\"3911\">\n<li data-start=\"3526\" data-end=\"3622\">\n<p data-start=\"3528\" data-end=\"3622\"><strong data-start=\"3528\" data-end=\"3549\">Soluciones de almacenamiento<\/strong>: Ideal para almacenamiento personal, inventario de empresas y obras de construcci\u00f3n.<\/p>\n<\/li>\n<li data-start=\"3623\" data-end=\"3711\">\n<p data-start=\"3625\" data-end=\"3711\"><strong data-start=\"3625\" data-end=\"3651\">Env\u00edos y log\u00edstica<\/strong>: Perfecto para el transporte de mercanc\u00edas por tierra, mar y ferrocarril.<\/p>\n<\/li>\n<li data-start=\"3712\" data-end=\"3789\">\n<p data-start=\"3714\" data-end=\"3789\"><strong data-start=\"3714\" data-end=\"3733\">Unidades de almac\u00e9n<\/strong>: Puede utilizarse como almac\u00e9n temporal o permanente.<\/p>\n<\/li>\n<li data-start=\"3790\" data-end=\"3911\">\n<p data-start=\"3792\" data-end=\"3911\"><strong data-start=\"3792\" data-end=\"3810\">Oficinas m\u00f3viles<\/strong>: Pueden personalizarse para servir de oficinas m\u00f3viles para trabajadores en obras o lugares remotos.<\/p>\n<\/li>\n<\/ul>\n<h2 data-start=\"3913\" data-end=\"3944\">Container FAQ<\/h2>\n<p data-start=\"3946\" data-end=\"4127\"><strong data-start=\"3946\" data-end=\"3995\">1. \u00bfPuedo personalizar un contenedor de transporte?<\/strong><br data-start=\"3995\" data-end=\"3998\" \/>S\u00ed, ofrecemos opciones de personalizaci\u00f3n como estantes adicionales, ventilaci\u00f3n, cerraduras y opciones de color para satisfacer sus necesidades de almacenamiento.<\/p>\n<p data-start=\"4129\" data-end=\"4331\"><strong data-start=\"4129\" data-end=\"4186\">2. \u00bfCu\u00e1l es la vida \u00fatil de un contenedor de transporte?<\/strong><br data-start=\"4186\" data-end=\"4189\" \/>Con los cuidados adecuados, un <strong data-start=\"4209\" data-end=\"4236\">\u00a0contenedores mar\u00edtimos<\/strong> puede durar hasta 15-20 a\u00f1os. Una limpieza e inspecci\u00f3n peri\u00f3dicas ayudar\u00e1n a mantener su durabilidad.<\/p>\n<p data-start=\"4333\" data-end=\"4524\"><strong data-start=\"4333\" data-end=\"4386\">3. \u00bfC\u00f3mo puedo transportarlo?<\/strong><br data-start=\"4386\" data-end=\"4389\" \/>En <strong data-start=\"4393\" data-end=\"4420\">contenedor de transporte<\/strong> puede transportarse f\u00e1cilmente por cami\u00f3n, ferrocarril o barco, gracias a sus dimensiones est\u00e1ndar y su dise\u00f1o robusto.<\/p>\n<p data-start=\"4526\" data-end=\"4715\"><strong data-start=\"4526\" data-end=\"4579\">4. \u00bfCu\u00e1nto cuesta un contenedor de 10\u00d78?<\/strong><br data-start=\"4579\" data-end=\"4582\" \/>El precio var\u00eda en funci\u00f3n de la personalizaci\u00f3n, la ubicaci\u00f3n y el env\u00edo. P\u00f3ngase en contacto con nosotros para obtener un presupuesto gratuito basado en sus requisitos espec\u00edficos.<\/p>\n<p data-start=\"4717\" data-end=\"4913\"><strong data-start=\"4717\" data-end=\"4764\">5. \u00bfC\u00f3mo garantizo la seguridad del contenedor?<\/strong><br data-start=\"4764\" data-end=\"4767\" \/>Cada <strong data-start=\"4772\" data-end=\"4799\">contenedor<\/strong> viene con cerraduras de alta calidad y precintos resistentes a la intemperie para mantener tus objetos a salvo de robos y da\u00f1os medioambientales.<\/p>\n<h2 data-start=\"4915\" data-end=\"4928\">Shipping container Conclusion<\/h2>\n<p data-start=\"4930\" data-end=\"5264\">En <strong data-start=\"4933\" data-end=\"4961\">Container House S.L.<\/strong>, nos especializamos en la fabricaci\u00f3n de productos de alta calidad, duraderos y personalizables. <strong data-start=\"5034\" data-end=\"5062\">Contenedor de 10 pies<\/strong>\u00a0que se adaptan a diversas necesidades. Tanto si busca una soluci\u00f3n de almacenamiento, un contenedor de transporte o una oficina m\u00f3vil, nuestros contenedores est\u00e1n fabricados para durar y dise\u00f1ados para ofrecer opciones seguras y asequibles.<\/p>\n<p data-start=\"5266\" data-end=\"5383\">\ud83d\udc49 <strong data-start=\"5269\" data-end=\"5289\">P\u00f3ngase en contacto con nosotros<\/strong> para obtener m\u00e1s informaci\u00f3n <strong data-start=\"5314\" data-end=\"5341\">Contenedor mar\u00edtimo 10\u00d78<\/strong> y obtenga un presupuesto adaptado a sus necesidades.<\/p>","protected":false},"excerpt":{"rendered":"<p><img loading=\"lazy\" decoding=\"async\" class=\"alignnone wp-image-1137 size-full\" src=\"https:\/\/www.gkcpro.com\/wp-content\/uploads\/2026\/02\/container-house-certificates.jpg\" alt=\"Exhibici\u00f3n de certificaciones internacionales, incluyendo ISO 9001, CE y certificados de seguridad estructural para nuestros contenedores y casas contenedor de exportaci\u00f3n\" width=\"1470\" height=\"2000\" srcset=\"https:\/\/www.gkcpro.com\/wp-content\/uploads\/2026\/02\/container-house-certificates.jpg 1470w, https:\/\/www.gkcpro.com\/wp-content\/uploads\/2026\/02\/container-house-certificates-221x300.jpg 221w, https:\/\/www.gkcpro.com\/wp-content\/uploads\/2026\/02\/container-house-certificates-753x1024.jpg 753w, https:\/\/www.gkcpro.com\/wp-content\/uploads\/2026\/02\/container-house-certificates-768x1045.jpg 768w, https:\/\/www.gkcpro.com\/wp-content\/uploads\/2026\/02\/container-house-certificates-1129x1536.jpg 1129w, https:\/\/www.gkcpro.com\/wp-content\/uploads\/2026\/02\/container-house-certificates-9x12.jpg 9w, https:\/\/www.gkcpro.com\/wp-content\/uploads\/2026\/02\/container-house-certificates-624x849.jpg 624w, https:\/\/www.gkcpro.com\/wp-content\/uploads\/2026\/02\/container-house-certificates-800x1088.jpg 800w\" sizes=\"auto, (max-width: 1470px) 100vw, 1470px\" \/><\/p>","protected":false},"featured_media":947,"template":"","meta":[],"product_brand":[],"product_cat":[54],"product_tag":[],"class_list":{"0":"post-945","1":"product","2":"type-product","3":"status-publish","4":"has-post-thumbnail","6":"product_cat-special-container","8":"first","9":"instock","10":"shipping-taxable","11":"product-type-simple"},"yoast_head":"<!-- This site is optimized with the Yoast SEO plugin v26.6 - https:\/\/yoast.com\/wordpress\/plugins\/seo\/ -->\n<title>10x8 shipping container\u200b-Container manufacturer<\/title>\n<meta name=\"robots\" content=\"index, follow, max-snippet:-1, max-image-preview:large, max-video-preview:-1\" \/>\n<link rel=\"canonical\" href=\"https:\/\/www.gkcpro.com\/es\/product\/10x8-shipping-container\/\" \/>\n<meta property=\"og:locale\" content=\"es_ES\" \/>\n<meta property=\"og:type\" content=\"article\" \/>\n<meta property=\"og:title\" content=\"10x8 shipping container\u200b-Container manufacturer\" \/>\n<meta property=\"og:url\" content=\"https:\/\/www.gkcpro.com\/es\/product\/10x8-shipping-container\/\" \/>\n<meta property=\"og:site_name\" content=\"Container House Co., Ltd.\" \/>\n<meta property=\"article:modified_time\" content=\"2026-04-17T05:53:48+00:00\" \/>\n<meta property=\"og:image\" content=\"https:\/\/www.gkcpro.com\/wp-content\/uploads\/2026\/01\/10ft-container.jpg\" \/>\n\t<meta property=\"og:image:width\" content=\"1000\" \/>\n\t<meta property=\"og:image:height\" content=\"665\" \/>\n\t<meta property=\"og:image:type\" content=\"image\/jpeg\" \/>\n<meta name=\"twitter:card\" content=\"summary_large_image\" \/>\n<meta name=\"twitter:label1\" content=\"Tiempo de lectura\" \/>\n\t<meta name=\"twitter:data1\" content=\"4 minutos\" \/>\n<script type=\"application\/ld+json\" class=\"yoast-schema-graph\">{\"@context\":\"https:\/\/schema.org\",\"@graph\":[{\"@type\":\"WebPage\",\"@id\":\"https:\/\/www.gkcpro.com\/product\/10x8-shipping-container\/\",\"url\":\"https:\/\/www.gkcpro.com\/product\/10x8-shipping-container\/\",\"name\":\"10x8 shipping container\u200b-Container manufacturer\",\"isPartOf\":{\"@id\":\"https:\/\/www.gkcpro.com\/#website\"},\"primaryImageOfPage\":{\"@id\":\"https:\/\/www.gkcpro.com\/product\/10x8-shipping-container\/#primaryimage\"},\"image\":{\"@id\":\"https:\/\/www.gkcpro.com\/product\/10x8-shipping-container\/#primaryimage\"},\"thumbnailUrl\":\"https:\/\/www.gkcpro.com\/wp-content\/uploads\/2026\/01\/10ft-container.jpg\",\"datePublished\":\"2026-01-30T07:56:22+00:00\",\"dateModified\":\"2026-04-17T05:53:48+00:00\",\"breadcrumb\":{\"@id\":\"https:\/\/www.gkcpro.com\/product\/10x8-shipping-container\/#breadcrumb\"},\"inLanguage\":\"es\",\"potentialAction\":[{\"@type\":\"ReadAction\",\"target\":[\"https:\/\/www.gkcpro.com\/product\/10x8-shipping-container\/\"]}]},{\"@type\":\"ImageObject\",\"inLanguage\":\"es\",\"@id\":\"https:\/\/www.gkcpro.com\/product\/10x8-shipping-container\/#primaryimage\",\"url\":\"https:\/\/www.gkcpro.com\/wp-content\/uploads\/2026\/01\/10ft-container.jpg\",\"contentUrl\":\"https:\/\/www.gkcpro.com\/wp-content\/uploads\/2026\/01\/10ft-container.jpg\",\"width\":1000,\"height\":665,\"caption\":\"10x8 shipping container external dimensions 10 ft length by 8 ft width, robust build suited to enterprise temporary offices and material storage applications\"},{\"@type\":\"BreadcrumbList\",\"@id\":\"https:\/\/www.gkcpro.com\/product\/10x8-shipping-container\/#breadcrumb\",\"itemListElement\":[{\"@type\":\"ListItem\",\"position\":1,\"name\":\"\u9996\u9875\",\"item\":\"https:\/\/www.gkcpro.com\/\"},{\"@type\":\"ListItem\",\"position\":2,\"name\":\"Products\",\"item\":\"https:\/\/www.gkcpro.com\/shop\/\"},{\"@type\":\"ListItem\",\"position\":3,\"name\":\"10&#215;8 shipping container\u200b-Container manufacturer\"}]},{\"@type\":\"WebSite\",\"@id\":\"https:\/\/www.gkcpro.com\/#website\",\"url\":\"https:\/\/www.gkcpro.com\/\",\"name\":\"Container House Co., Ltd.\",\"description\":\"Container House factory\",\"potentialAction\":[{\"@type\":\"SearchAction\",\"target\":{\"@type\":\"EntryPoint\",\"urlTemplate\":\"https:\/\/www.gkcpro.com\/?s={search_term_string}\"},\"query-input\":{\"@type\":\"PropertyValueSpecification\",\"valueRequired\":true,\"valueName\":\"search_term_string\"}}],\"inLanguage\":\"es\"}]}<\/script>\n<!-- \/ Yoast SEO plugin. -->","yoast_head_json":{"title":"Contenedor mar\u00edtimo 10x8-Fabricante de contenedores","robots":{"index":"index","follow":"follow","max-snippet":"max-snippet:-1","max-image-preview":"max-image-preview:large","max-video-preview":"max-video-preview:-1"},"canonical":"https:\/\/www.gkcpro.com\/es\/product\/10x8-shipping-container\/","og_locale":"es_ES","og_type":"article","og_title":"10x8 shipping container\u200b-Container manufacturer","og_url":"https:\/\/www.gkcpro.com\/es\/product\/10x8-shipping-container\/","og_site_name":"Container House Co., Ltd.","article_modified_time":"2026-04-17T05:53:48+00:00","og_image":[{"width":1000,"height":665,"url":"https:\/\/www.gkcpro.com\/wp-content\/uploads\/2026\/01\/10ft-container.jpg","type":"image\/jpeg"}],"twitter_card":"summary_large_image","twitter_misc":{"Tiempo de lectura":"4 minutos"},"schema":{"@context":"https:\/\/schema.org","@graph":[{"@type":"WebPage","@id":"https:\/\/www.gkcpro.com\/product\/10x8-shipping-container\/","url":"https:\/\/www.gkcpro.com\/product\/10x8-shipping-container\/","name":"Contenedor mar\u00edtimo 10x8-Fabricante de contenedores","isPartOf":{"@id":"https:\/\/www.gkcpro.com\/#website"},"primaryImageOfPage":{"@id":"https:\/\/www.gkcpro.com\/product\/10x8-shipping-container\/#primaryimage"},"image":{"@id":"https:\/\/www.gkcpro.com\/product\/10x8-shipping-container\/#primaryimage"},"thumbnailUrl":"https:\/\/www.gkcpro.com\/wp-content\/uploads\/2026\/01\/10ft-container.jpg","datePublished":"2026-01-30T07:56:22+00:00","dateModified":"2026-04-17T05:53:48+00:00","breadcrumb":{"@id":"https:\/\/www.gkcpro.com\/product\/10x8-shipping-container\/#breadcrumb"},"inLanguage":"es","potentialAction":[{"@type":"ReadAction","target":["https:\/\/www.gkcpro.com\/product\/10x8-shipping-container\/"]}]},{"@type":"ImageObject","inLanguage":"es","@id":"https:\/\/www.gkcpro.com\/product\/10x8-shipping-container\/#primaryimage","url":"https:\/\/www.gkcpro.com\/wp-content\/uploads\/2026\/01\/10ft-container.jpg","contentUrl":"https:\/\/www.gkcpro.com\/wp-content\/uploads\/2026\/01\/10ft-container.jpg","width":1000,"height":665,"caption":"10x8 shipping container external dimensions 10 ft length by 8 ft width, robust build suited to enterprise temporary offices and material storage applications"},{"@type":"BreadcrumbList","@id":"https:\/\/www.gkcpro.com\/product\/10x8-shipping-container\/#breadcrumb","itemListElement":[{"@type":"ListItem","position":1,"name":"\u9996\u9875","item":"https:\/\/www.gkcpro.com\/"},{"@type":"ListItem","position":2,"name":"Products","item":"https:\/\/www.gkcpro.com\/shop\/"},{"@type":"ListItem","position":3,"name":"10&#215;8 shipping container\u200b-Container manufacturer"}]},{"@type":"WebSite","@id":"https:\/\/www.gkcpro.com\/#website","url":"https:\/\/www.gkcpro.com\/","name":"Container House Co.","description":"F\u00e1brica de casas contenedor","potentialAction":[{"@type":"SearchAction","target":{"@type":"EntryPoint","urlTemplate":"https:\/\/www.gkcpro.com\/?s={search_term_string}"},"query-input":{"@type":"PropertyValueSpecification","valueRequired":true,"valueName":"search_term_string"}}],"inLanguage":"es"}]}},"_links":{"self":[{"href":"https:\/\/www.gkcpro.com\/es\/wp-json\/wp\/v2\/product\/945","targetHints":{"allow":["GET"]}}],"collection":[{"href":"https:\/\/www.gkcpro.com\/es\/wp-json\/wp\/v2\/product"}],"about":[{"href":"https:\/\/www.gkcpro.com\/es\/wp-json\/wp\/v2\/types\/product"}],"wp:featuredmedia":[{"embeddable":true,"href":"https:\/\/www.gkcpro.com\/es\/wp-json\/wp\/v2\/media\/947"}],"wp:attachment":[{"href":"https:\/\/www.gkcpro.com\/es\/wp-json\/wp\/v2\/media?parent=945"}],"wp:term":[{"taxonomy":"product_brand","embeddable":true,"href":"https:\/\/www.gkcpro.com\/es\/wp-json\/wp\/v2\/product_brand?post=945"},{"taxonomy":"product_cat","embeddable":true,"href":"https:\/\/www.gkcpro.com\/es\/wp-json\/wp\/v2\/product_cat?post=945"},{"taxonomy":"product_tag","embeddable":true,"href":"https:\/\/www.gkcpro.com\/es\/wp-json\/wp\/v2\/product_tag?post=945"}],"curies":[{"name":"wp","href":"https:\/\/api.w.org\/{rel}","templated":true}]}}