{"id":938,"date":"2026-01-30T15:07:23","date_gmt":"2026-01-30T07:07:23","guid":{"rendered":"https:\/\/www.gkcpro.com\/?post_type=product&#038;p=938"},"modified":"2026-04-17T13:52:35","modified_gmt":"2026-04-17T05:52:35","slug":"home-sauna-steam-room","status":"publish","type":"product","link":"https:\/\/www.gkcpro.com\/es\/product\/home-sauna-steam-room\/","title":{"rendered":"Inicio Sauna Ba\u00f1o de vapor"},"content":{"rendered":"<p data-start=\"180\" data-end=\"239\">Sauna en casa Ba\u00f1o de vapor: La experiencia de relajaci\u00f3n definitiva<\/p>\n<p data-start=\"241\" data-end=\"654\">Si busca una forma de desconectar y relajarse en casa, un <strong data-start=\"300\" data-end=\"325\">En casa sauna ba\u00f1o turco<\/strong> es una opci\u00f3n ideal. En <strong data-start=\"349\" data-end=\"377\">Container House S.L.<\/strong>, Estamos especializados en la fabricaci\u00f3n de <strong data-start=\"423\" data-end=\"449\">sauna dom\u00e9stica ba\u00f1os de vapor<\/strong> que llevan el lujo de una experiencia de spa directamente a su hogar. Tanto si busca aliviar el estr\u00e9s, relajar los m\u00fasculos o simplemente descansar, nuestros <strong data-start=\"602\" data-end=\"627\">sauna dom\u00e9stica ba\u00f1o turco<\/strong> ofrece una soluci\u00f3n perfecta.<\/p>\n<h2 data-start=\"656\" data-end=\"691\">\u00bfQu\u00e9 es nuestra Sauna Ba\u00f1o de vapor?<\/h2>\n<p data-start=\"693\" data-end=\"1021\">A <strong data-start=\"695\" data-end=\"720\">sauna dom\u00e9stica ba\u00f1o turco<\/strong> es un espacio especialmente dise\u00f1ado que utiliza el vapor para favorecer la relajaci\u00f3n y mejorar la salud. Al generar calor y humedad, ayuda a abrir los poros, desintoxicar el cuerpo y aliviar la tensi\u00f3n. Nuestro <strong data-start=\"907\" data-end=\"933\">sauna dom\u00e9stica ba\u00f1os de vapor<\/strong> est\u00e1n fabricados con materiales duraderos y de alta calidad para garantizar la seguridad, la comodidad y la longevidad.<\/p>\n<p data-start=\"1023\" data-end=\"1300\"><strong data-start=\"1023\" data-end=\"1051\">Container House S.L.<\/strong> fabrica <strong data-start=\"1065\" data-end=\"1091\">sauna ba\u00f1os de vapor<\/strong> centr\u00e1ndose en la eficiencia energ\u00e9tica, la facilidad de uso y el rendimiento a largo plazo. Estas salas de vapor est\u00e1n dise\u00f1adas para encajar perfectamente en cualquier hogar, ofreciendo una experiencia de spa profesional en la comodidad de su propio espacio.<\/p>\n<h2 data-start=\"1302\" data-end=\"1343\">\u00bfPor qu\u00e9 elegir nuestras saunas y ba\u00f1os de vapor dom\u00e9sticos?<\/h2>\n<h3 data-start=\"1345\" data-end=\"1377\">1. Materiales de primera calidad<\/h3>\n<p data-start=\"1379\" data-end=\"1701\">Nuestra <strong data-start=\"1383\" data-end=\"1409\">sauna ba\u00f1os de vapor<\/strong> est\u00e1n fabricados con materiales de la m\u00e1xima calidad. La estructura es de acero robusto y resistente al calor, mientras que el interior cuenta con madera resistente a la humedad y elementos calefactores eficientes. El dise\u00f1o garantiza la m\u00e1xima durabilidad, para que pueda disfrutar de una experiencia de alta gama durante muchos a\u00f1os.<\/p>\n<h3 data-start=\"1703\" data-end=\"1729\">2. Dise\u00f1o personalizable<\/h3>\n<p data-start=\"1731\" data-end=\"2002\">Entendemos que cada hogar es diferente. Por eso ofrecemos <strong data-start=\"1814\" data-end=\"1840\">sauna de vapor en casa <\/strong>\u00a0para satisfacer sus necesidades espec\u00edficas. Desde el tama\u00f1o de la habitaci\u00f3n hasta el tipo de madera utilizado, podemos adaptar su proyecto a sus necesidades. <strong data-start=\"1941\" data-end=\"1961\">sauna sala de vapor<\/strong> para encajar perfectamente con la decoraci\u00f3n de su hogar.<\/p>\n<h3 data-start=\"2004\" data-end=\"2026\">3. Beneficios para la salud<\/h3>\n<p data-start=\"2028\" data-end=\"2307\">Utilizando un <strong data-start=\"2036\" data-end=\"2061\">sauna dom\u00e9stica ba\u00f1o turco<\/strong> ofrece numerosos beneficios para la salud, como la mejora de la circulaci\u00f3n, el alivio del estr\u00e9s, la relajaci\u00f3n muscular y la purificaci\u00f3n de la piel. El vapor ayuda a limpiar la piel y a desintoxicar el cuerpo, dejando una sensaci\u00f3n de frescor y rejuvenecimiento despu\u00e9s de cada sesi\u00f3n.<\/p>\n<h3 data-start=\"2309\" data-end=\"2333\">4. 4. F\u00e1cil instalaci\u00f3n<\/h3>\n<p data-start=\"2335\" data-end=\"2610\">Nuestra <strong data-start=\"2339\" data-end=\"2365\">sauna ba\u00f1os de vapor<\/strong> est\u00e1n dise\u00f1ados para facilitar su instalaci\u00f3n. Con instrucciones claras y la ayuda de expertos, instalar la sauna en casa es un proceso sencillo y sin complicaciones. Tanto si elige una unidad compacta como un dise\u00f1o personalizado m\u00e1s grande, podr\u00e1 disfrutar de su sauna en muy poco tiempo.<\/p>\n<h3 data-start=\"2612\" data-end=\"2654\">5. Eficiencia energ\u00e9tica y rentabilidad<\/h3>\n<p data-start=\"2656\" data-end=\"2906\">En <strong data-start=\"2659\" data-end=\"2687\">Container House S.L.<\/strong>, priorizamos la eficiencia energ\u00e9tica en todos nuestros dise\u00f1os. Nuestro <strong data-start=\"2745\" data-end=\"2771\">salas de sauna dom\u00e9sticas<\/strong> utilizan una avanzada tecnolog\u00eda de calefacci\u00f3n que calienta r\u00e1pidamente y mantiene temperaturas constantes, ayud\u00e1ndole a ahorrar energ\u00eda y reducir costes.<\/p>\n<h2 data-start=\"3538\" data-end=\"3586\">Opiniones de clientes sobre nuestra sauna dom\u00e9stica Ba\u00f1o de vapor<\/h2>\n<p data-start=\"3588\" data-end=\"3800\">\u201cNunca he experimentado un ba\u00f1o m\u00e1s relajante que en mi nuevo <strong data-start=\"3648\" data-end=\"3673\">sauna dom\u00e9stica ba\u00f1o turco<\/strong>. La instalaci\u00f3n fue f\u00e1cil y la calidad es incre\u00edble. Se ha convertido en mi lugar favorito para relajarme despu\u00e9s de un largo d\u00eda\u201d. - Sarah, Australia<\/p>\n<p data-start=\"3802\" data-end=\"3995\">\u201cEl dise\u00f1o es exactamente lo que quer\u00eda para mi casa. Me encanta lo personalizable que es y el hecho de que no ocupa mucho espacio. Muy recomendable para cualquiera que busque un spa en casa\u201d. - Mark, Reino Unido<\/p>\n<p data-start=\"3997\" data-end=\"4157\">\u201cLlevo unas semanas utilizando la sauna y me ha ayudado en la recuperaci\u00f3n muscular y a aliviar el estr\u00e9s. Estoy muy satisfecho con el producto\u201d. - James, Canad\u00e1<\/p>\n<h2 data-start=\"4159\" data-end=\"4201\">C\u00f3mo pedir su sauna dom\u00e9stica Ba\u00f1o de vapor<\/h2>\n<p data-start=\"4203\" data-end=\"4535\">En <strong data-start=\"4206\" data-end=\"4234\">Container House S.L.<\/strong>, le ofrecemos una experiencia perfecta, desde el dise\u00f1o hasta la instalaci\u00f3n. Nuestro equipo trabajar\u00e1 con usted para personalizar su <strong data-start=\"4344\" data-end=\"4369\">sauna dom\u00e9stica ba\u00f1o turco<\/strong> para satisfacer sus especificaciones. Desde la consulta inicial hasta la entrega y la instalaci\u00f3n, estamos aqu\u00ed para garantizar que reciba el producto de mayor calidad que satisfaga sus necesidades.<\/p>\n<h2 data-start=\"4537\" data-end=\"4566\">FAQ: Sauna en casa Ba\u00f1o de vapor<\/h2>\n<p data-start=\"4568\" data-end=\"4727\"><strong data-start=\"4568\" data-end=\"4632\">1. \u00bfCu\u00e1nto se tarda en instalar una sala de sauna dom\u00e9stica?<\/strong><br data-start=\"4632\" data-end=\"4635\" \/>La instalaci\u00f3n suele durar entre 1 y 2 d\u00edas, dependiendo del tama\u00f1o y la personalizaci\u00f3n de la unidad.<\/p>\n<p data-start=\"4729\" data-end=\"4909\"><strong data-start=\"4729\" data-end=\"4759\">2. \u00bfEs eficiente desde el punto de vista energ\u00e9tico?<\/strong><br data-start=\"4759\" data-end=\"4762\" \/>S\u00ed, nuestro <strong data-start=\"4771\" data-end=\"4797\">salas de sauna dom\u00e9sticas<\/strong> est\u00e1n dise\u00f1ados con caracter\u00edsticas de ahorro de energ\u00eda, lo que garantiza un consumo m\u00ednimo de energ\u00eda al tiempo que ofrece el m\u00e1ximo confort.<\/p>\n<p data-start=\"4911\" data-end=\"5106\"><strong data-start=\"4911\" data-end=\"4967\">3. \u00bfPuedo personalizar el tama\u00f1o y el dise\u00f1o de la sauna?<\/strong><br data-start=\"4967\" data-end=\"4970\" \/>S\u00ed. Nuestro <strong data-start=\"4979\" data-end=\"5005\">salas de sauna dom\u00e9sticas<\/strong> son totalmente personalizables en cuanto a tama\u00f1o, tipo de madera y distribuci\u00f3n interior para que se adapten perfectamente a su espacio.<\/p>\n<p data-start=\"5108\" data-end=\"5290\"><strong data-start=\"5108\" data-end=\"5172\">4. \u00bfCu\u00e1les son los beneficios para la salud de utilizar una sauna?<\/strong><br data-start=\"5172\" data-end=\"5175\" \/>El uso de una sauna de vapor favorece la circulaci\u00f3n, la relajaci\u00f3n muscular, la reducci\u00f3n del estr\u00e9s y la desintoxicaci\u00f3n de la piel.<\/p>\n<h2 data-start=\"5292\" data-end=\"5305\">Conclusi\u00f3n<\/h2>\n<p data-start=\"5307\" data-end=\"5622\">A <strong data-start=\"5309\" data-end=\"5334\">sala de sauna<\/strong> es m\u00e1s que un lujo: es una inversi\u00f3n en su bienestar. En <strong data-start=\"5405\" data-end=\"5433\">Container House S.L.<\/strong>, fabricamos saunas de vapor personalizables y de alta calidad, dise\u00f1adas para satisfacer sus necesidades. Tanto si busca relajaci\u00f3n como beneficios para la salud, nuestras saunas le ofrecen la soluci\u00f3n perfecta.<\/p>\n<p data-start=\"5624\" data-end=\"5781\">\ud83d\udc49 <strong data-start=\"5627\" data-end=\"5647\">P\u00f3ngase en contacto con nosotros<\/strong> para obtener un presupuesto gratuito para su <strong data-start=\"5677\" data-end=\"5702\">sauna dom\u00e9stica ba\u00f1o turco<\/strong> y descubra c\u00f3mo podemos ayudarle a crear una experiencia de spa personalizada en casa.<\/p>","protected":false},"excerpt":{"rendered":"<p>Home Sauna Steam Room: The Ultimate Relaxation Experience If you&#8217;re looking for a way to unwind and relax at home, a Home sauna steam room is an ideal choice. At Container House Co., Ltd, we specialize in manufacturing high-quality home sauna steam rooms that bring the luxury of a spa experience right into your home. [&hellip;]<\/p>","protected":false},"featured_media":944,"template":"","meta":[],"product_brand":[],"product_cat":[19],"product_tag":[],"class_list":{"0":"post-938","1":"product","2":"type-product","3":"status-publish","4":"has-post-thumbnail","6":"product_cat-sauna-room","8":"first","9":"instock","10":"shipping-taxable","11":"product-type-simple"},"yoast_head":"<!-- This site is optimized with the Yoast SEO plugin v26.6 - https:\/\/yoast.com\/wordpress\/plugins\/seo\/ -->\n<title>Home Sauna Steam Room - china container house manufacturer<\/title>\n<meta name=\"description\" content=\"Home Sauna Steam Room manufacturer in China offering wholesale custom OEM ODM solutions for distributors exporters and dealers.\" \/>\n<meta name=\"robots\" content=\"index, follow, max-snippet:-1, max-image-preview:large, max-video-preview:-1\" \/>\n<link rel=\"canonical\" href=\"https:\/\/www.gkcpro.com\/es\/product\/home-sauna-steam-room\/\" \/>\n<meta property=\"og:locale\" content=\"es_ES\" \/>\n<meta property=\"og:type\" content=\"article\" \/>\n<meta property=\"og:title\" content=\"Home Sauna Steam Room - china container house manufacturer\" \/>\n<meta property=\"og:description\" content=\"Home Sauna Steam Room manufacturer in China offering wholesale custom OEM ODM solutions for distributors exporters and dealers.\" \/>\n<meta property=\"og:url\" content=\"https:\/\/www.gkcpro.com\/es\/product\/home-sauna-steam-room\/\" \/>\n<meta property=\"og:site_name\" content=\"Container House Co., Ltd.\" \/>\n<meta property=\"article:modified_time\" content=\"2026-04-17T05:52:35+00:00\" \/>\n<meta property=\"og:image\" content=\"https:\/\/www.gkcpro.com\/wp-content\/uploads\/2026\/01\/outdoor-sauna.jpg\" \/>\n\t<meta property=\"og:image:width\" content=\"800\" \/>\n\t<meta property=\"og:image:height\" content=\"800\" \/>\n\t<meta property=\"og:image:type\" content=\"image\/jpeg\" \/>\n<meta name=\"twitter:card\" content=\"summary_large_image\" \/>\n<meta name=\"twitter:label1\" content=\"Tiempo de lectura\" \/>\n\t<meta name=\"twitter:data1\" content=\"4 minutos\" \/>\n<script type=\"application\/ld+json\" class=\"yoast-schema-graph\">{\"@context\":\"https:\/\/schema.org\",\"@graph\":[{\"@type\":\"WebPage\",\"@id\":\"https:\/\/www.gkcpro.com\/product\/home-sauna-steam-room\/\",\"url\":\"https:\/\/www.gkcpro.com\/product\/home-sauna-steam-room\/\",\"name\":\"Home Sauna Steam Room - china container house manufacturer\",\"isPartOf\":{\"@id\":\"https:\/\/www.gkcpro.com\/#website\"},\"primaryImageOfPage\":{\"@id\":\"https:\/\/www.gkcpro.com\/product\/home-sauna-steam-room\/#primaryimage\"},\"image\":{\"@id\":\"https:\/\/www.gkcpro.com\/product\/home-sauna-steam-room\/#primaryimage\"},\"thumbnailUrl\":\"https:\/\/www.gkcpro.com\/wp-content\/uploads\/2026\/01\/outdoor-sauna.jpg\",\"datePublished\":\"2026-01-30T07:07:23+00:00\",\"dateModified\":\"2026-04-17T05:52:35+00:00\",\"description\":\"Home Sauna Steam Room manufacturer in China offering wholesale custom OEM ODM solutions for distributors exporters and dealers.\",\"breadcrumb\":{\"@id\":\"https:\/\/www.gkcpro.com\/product\/home-sauna-steam-room\/#breadcrumb\"},\"inLanguage\":\"es\",\"potentialAction\":[{\"@type\":\"ReadAction\",\"target\":[\"https:\/\/www.gkcpro.com\/product\/home-sauna-steam-room\/\"]}]},{\"@type\":\"ImageObject\",\"inLanguage\":\"es\",\"@id\":\"https:\/\/www.gkcpro.com\/product\/home-sauna-steam-room\/#primaryimage\",\"url\":\"https:\/\/www.gkcpro.com\/wp-content\/uploads\/2026\/01\/outdoor-sauna.jpg\",\"contentUrl\":\"https:\/\/www.gkcpro.com\/wp-content\/uploads\/2026\/01\/outdoor-sauna.jpg\",\"width\":800,\"height\":800,\"caption\":\"Modern stylish Home Sauna Steam Room with glass panels produced by dedicated manufacturing factory China wholesaler\"},{\"@type\":\"BreadcrumbList\",\"@id\":\"https:\/\/www.gkcpro.com\/product\/home-sauna-steam-room\/#breadcrumb\",\"itemListElement\":[{\"@type\":\"ListItem\",\"position\":1,\"name\":\"\u9996\u9875\",\"item\":\"https:\/\/www.gkcpro.com\/\"},{\"@type\":\"ListItem\",\"position\":2,\"name\":\"Products\",\"item\":\"https:\/\/www.gkcpro.com\/shop\/\"},{\"@type\":\"ListItem\",\"position\":3,\"name\":\"Home Sauna Steam Room\"}]},{\"@type\":\"WebSite\",\"@id\":\"https:\/\/www.gkcpro.com\/#website\",\"url\":\"https:\/\/www.gkcpro.com\/\",\"name\":\"Container House Co., Ltd.\",\"description\":\"Container House factory\",\"potentialAction\":[{\"@type\":\"SearchAction\",\"target\":{\"@type\":\"EntryPoint\",\"urlTemplate\":\"https:\/\/www.gkcpro.com\/?s={search_term_string}\"},\"query-input\":{\"@type\":\"PropertyValueSpecification\",\"valueRequired\":true,\"valueName\":\"search_term_string\"}}],\"inLanguage\":\"es\"}]}<\/script>\n<!-- \/ Yoast SEO plugin. -->","yoast_head_json":{"title":"Casa Sauna Ba\u00f1o de vapor - china container house manufacturer","description":"Home Sauna Steam Room fabricante en China que ofrece soluciones al por mayor personalizadas OEM ODM para distribuidores exportadores y comerciantes.","robots":{"index":"index","follow":"follow","max-snippet":"max-snippet:-1","max-image-preview":"max-image-preview:large","max-video-preview":"max-video-preview:-1"},"canonical":"https:\/\/www.gkcpro.com\/es\/product\/home-sauna-steam-room\/","og_locale":"es_ES","og_type":"article","og_title":"Home Sauna Steam Room - china container house manufacturer","og_description":"Home Sauna Steam Room manufacturer in China offering wholesale custom OEM ODM solutions for distributors exporters and dealers.","og_url":"https:\/\/www.gkcpro.com\/es\/product\/home-sauna-steam-room\/","og_site_name":"Container House Co., Ltd.","article_modified_time":"2026-04-17T05:52:35+00:00","og_image":[{"width":800,"height":800,"url":"https:\/\/www.gkcpro.com\/wp-content\/uploads\/2026\/01\/outdoor-sauna.jpg","type":"image\/jpeg"}],"twitter_card":"summary_large_image","twitter_misc":{"Tiempo de lectura":"4 minutos"},"schema":{"@context":"https:\/\/schema.org","@graph":[{"@type":"WebPage","@id":"https:\/\/www.gkcpro.com\/product\/home-sauna-steam-room\/","url":"https:\/\/www.gkcpro.com\/product\/home-sauna-steam-room\/","name":"Casa Sauna Ba\u00f1o de vapor - china container house manufacturer","isPartOf":{"@id":"https:\/\/www.gkcpro.com\/#website"},"primaryImageOfPage":{"@id":"https:\/\/www.gkcpro.com\/product\/home-sauna-steam-room\/#primaryimage"},"image":{"@id":"https:\/\/www.gkcpro.com\/product\/home-sauna-steam-room\/#primaryimage"},"thumbnailUrl":"https:\/\/www.gkcpro.com\/wp-content\/uploads\/2026\/01\/outdoor-sauna.jpg","datePublished":"2026-01-30T07:07:23+00:00","dateModified":"2026-04-17T05:52:35+00:00","description":"Home Sauna Steam Room fabricante en China que ofrece soluciones al por mayor personalizadas OEM ODM para distribuidores exportadores y comerciantes.","breadcrumb":{"@id":"https:\/\/www.gkcpro.com\/product\/home-sauna-steam-room\/#breadcrumb"},"inLanguage":"es","potentialAction":[{"@type":"ReadAction","target":["https:\/\/www.gkcpro.com\/product\/home-sauna-steam-room\/"]}]},{"@type":"ImageObject","inLanguage":"es","@id":"https:\/\/www.gkcpro.com\/product\/home-sauna-steam-room\/#primaryimage","url":"https:\/\/www.gkcpro.com\/wp-content\/uploads\/2026\/01\/outdoor-sauna.jpg","contentUrl":"https:\/\/www.gkcpro.com\/wp-content\/uploads\/2026\/01\/outdoor-sauna.jpg","width":800,"height":800,"caption":"Modern stylish Home Sauna Steam Room with glass panels produced by dedicated manufacturing factory China wholesaler"},{"@type":"BreadcrumbList","@id":"https:\/\/www.gkcpro.com\/product\/home-sauna-steam-room\/#breadcrumb","itemListElement":[{"@type":"ListItem","position":1,"name":"\u9996\u9875","item":"https:\/\/www.gkcpro.com\/"},{"@type":"ListItem","position":2,"name":"Products","item":"https:\/\/www.gkcpro.com\/shop\/"},{"@type":"ListItem","position":3,"name":"Home Sauna Steam Room"}]},{"@type":"WebSite","@id":"https:\/\/www.gkcpro.com\/#website","url":"https:\/\/www.gkcpro.com\/","name":"Container House Co.","description":"F\u00e1brica de casas contenedor","potentialAction":[{"@type":"SearchAction","target":{"@type":"EntryPoint","urlTemplate":"https:\/\/www.gkcpro.com\/?s={search_term_string}"},"query-input":{"@type":"PropertyValueSpecification","valueRequired":true,"valueName":"search_term_string"}}],"inLanguage":"es"}]}},"_links":{"self":[{"href":"https:\/\/www.gkcpro.com\/es\/wp-json\/wp\/v2\/product\/938","targetHints":{"allow":["GET"]}}],"collection":[{"href":"https:\/\/www.gkcpro.com\/es\/wp-json\/wp\/v2\/product"}],"about":[{"href":"https:\/\/www.gkcpro.com\/es\/wp-json\/wp\/v2\/types\/product"}],"wp:featuredmedia":[{"embeddable":true,"href":"https:\/\/www.gkcpro.com\/es\/wp-json\/wp\/v2\/media\/944"}],"wp:attachment":[{"href":"https:\/\/www.gkcpro.com\/es\/wp-json\/wp\/v2\/media?parent=938"}],"wp:term":[{"taxonomy":"product_brand","embeddable":true,"href":"https:\/\/www.gkcpro.com\/es\/wp-json\/wp\/v2\/product_brand?post=938"},{"taxonomy":"product_cat","embeddable":true,"href":"https:\/\/www.gkcpro.com\/es\/wp-json\/wp\/v2\/product_cat?post=938"},{"taxonomy":"product_tag","embeddable":true,"href":"https:\/\/www.gkcpro.com\/es\/wp-json\/wp\/v2\/product_tag?post=938"}],"curies":[{"name":"wp","href":"https:\/\/api.w.org\/{rel}","templated":true}]}}