{"id":922,"date":"2026-01-30T11:44:16","date_gmt":"2026-01-30T03:44:16","guid":{"rendered":"https:\/\/www.gkcpro.com\/?post_type=product&#038;p=922"},"modified":"2026-04-17T13:43:02","modified_gmt":"2026-04-17T05:43:02","slug":"40ft-used-shipping-container","status":"publish","type":"product","link":"https:\/\/www.gkcpro.com\/es\/product\/40ft-used-shipping-container\/","title":{"rendered":"Contenedor mar\u00edtimo usado de 40 pies"},"content":{"rendered":"<p data-start=\"213\" data-end=\"284\">Contenedor mar\u00edtimo usado de 40 pies: Soluciones fiables de almacenamiento y transporte<\/p>\n<p data-start=\"286\" data-end=\"663\">\u00bfBusca una soluci\u00f3n de almacenamiento asequible y duradera? A <strong data-start=\"344\" data-end=\"376\">Contenedor mar\u00edtimo usado de 40 pies<\/strong> es la elecci\u00f3n perfecta. En <strong data-start=\"403\" data-end=\"431\">Container House S.L.<\/strong>, Estamos especializados en la fabricaci\u00f3n y el reacondicionamiento de productos de alta calidad. <strong data-start=\"494\" data-end=\"522\">Contenedores mar\u00edtimos de 40 pies<\/strong> para sus necesidades de almacenamiento y transporte. Estos contenedores est\u00e1n dise\u00f1ados para soportar las condiciones m\u00e1s duras, garantizando que sus mercanc\u00edas permanezcan seguras y secas.<\/p>\n<h2 data-start=\"665\" data-end=\"707\">\u00bfQu\u00e9 es un contenedor mar\u00edtimo usado de 40 pies?<\/h2>\n<p data-start=\"709\" data-end=\"999\">A <strong data-start=\"711\" data-end=\"743\">contenedor de transporte usado<\/strong> es un gran contenedor de acero utilizado habitualmente para el transporte de mercanc\u00edas por mar, ferrocarril o carretera. Fabricados conforme a normas mundiales, estos contenedores son ideales tanto para el almacenamiento como para el transporte, y ofrecen una soluci\u00f3n rentable sin renunciar a la durabilidad.<\/p>\n<p data-start=\"1001\" data-end=\"1157\">En <strong data-start=\"1004\" data-end=\"1032\">Container House S.L.<\/strong>, Nuestros contenedores se renuevan para cumplir las normas m\u00e1s estrictas, lo que garantiza que est\u00e9n listos para su uso inmediato en cualquier entorno.<\/p>\n<hr data-start=\"1159\" data-end=\"1162\" \/>\n<h2 data-start=\"1164\" data-end=\"1218\">\u00bfC\u00f3mo se fabrica un contenedor mar\u00edtimo de 40 pies?<\/h2>\n<p data-start=\"1220\" data-end=\"1390\">Nuestra <strong data-start=\"1224\" data-end=\"1257\">Contenedores mar\u00edtimos usados de 40 pies<\/strong> se someten a un minucioso proceso de fabricaci\u00f3n y reacondicionamiento que garantiza que cada contenedor sea resistente, seguro y duradero.<\/p>\n<h3 data-start=\"1392\" data-end=\"1418\">1. Preparaci\u00f3n del acero<\/h3>\n<p data-start=\"1419\" data-end=\"1526\">El proceso comienza con bobinas de acero de alta calidad que se aplanan y limpian para eliminar cualquier resto de \u00f3xido o polvo.<\/p>\n<h3 data-start=\"1528\" data-end=\"1557\">2. Montaje y soldadura<\/h3>\n<p data-start=\"1558\" data-end=\"1723\">Las chapas de acero se cortan y ensamblan en paneles de contenedor, que se sueldan entre s\u00ed para formar la estructura del contenedor. Este proceso garantiza la resistencia y la estabilidad.<\/p>\n<h3 data-start=\"1725\" data-end=\"1761\">3. Inspecci\u00f3n y reacondicionamiento<\/h3>\n<p data-start=\"1762\" data-end=\"1887\">Cada <strong data-start=\"1767\" data-end=\"1794\">Contenedor de 40 pies<\/strong> se somete a una inspecci\u00f3n minuciosa. Cualquier pieza da\u00f1ada se sustituye para cumplir nuestros est\u00e1ndares de calidad.<\/p>\n<h3 data-start=\"1889\" data-end=\"1918\">4. Pintura y sellado<\/h3>\n<p data-start=\"1919\" data-end=\"2065\">Se aplica una capa protectora de pintura al acero para evitar la corrosi\u00f3n. Se comprueban las juntas y los sellos de las puertas para garantizar la estanqueidad del contenedor.<\/p>\n<hr data-start=\"2067\" data-end=\"2070\" \/>\n<h2 data-start=\"2072\" data-end=\"2126\">Especificaciones del contenedor mar\u00edtimo usado de 40 pies<\/h2>\n<p data-start=\"2128\" data-end=\"2253\">Nuestra <strong data-start=\"2132\" data-end=\"2165\">Contenedores mar\u00edtimos usados de 40 pies<\/strong> se fabrican de acuerdo con las normas internacionales. Estas son las principales especificaciones:<\/p>\n<p data-start=\"2128\" data-end=\"2253\">\n<table id=\"tablepress-21\" class=\"tablepress tablepress-id-21\">\n<thead>\n<tr class=\"row-1\">\n\t<th class=\"column-1\"><strong>Especificaci\u00f3n<\/strong><\/th><th class=\"column-2\"><strong>Contenedor mar\u00edtimo usado de 40 pies<\/strong><\/th>\n<\/tr>\n<\/thead>\n<tbody class=\"row-striping row-hover\">\n<tr class=\"row-2\">\n\t<td class=\"column-1\"><strong>Longitud exterior<\/strong><\/td><td class=\"column-2\">12,03 metros (40 pies)<\/td>\n<\/tr>\n<tr class=\"row-3\">\n\t<td class=\"column-1\"><strong>Anchura exterior<\/strong><\/td><td class=\"column-2\">2,44 metros (8 pies)<\/td>\n<\/tr>\n<tr class=\"row-4\">\n\t<td class=\"column-1\"><strong>Altura exterior<\/strong><\/td><td class=\"column-2\">2,59 metros (8,5 pies)<\/td>\n<\/tr>\n<tr class=\"row-5\">\n\t<td class=\"column-1\"><strong>Longitud interior<\/strong><\/td><td class=\"column-2\">11,58 metros<\/td>\n<\/tr>\n<tr class=\"row-6\">\n\t<td class=\"column-1\"><strong>Anchura interior<\/strong><\/td><td class=\"column-2\">2,35 metros<\/td>\n<\/tr>\n<tr class=\"row-7\">\n\t<td class=\"column-1\"><strong>Altura interior<\/strong><\/td><td class=\"column-2\">2,39 metros<\/td>\n<\/tr>\n<tr class=\"row-8\">\n\t<td class=\"column-1\"><strong>Peso<\/strong><\/td><td class=\"column-2\">Aprox. 3.800 kg<\/td>\n<\/tr>\n<tr class=\"row-9\">\n\t<td class=\"column-1\"><strong>Capacidad<\/strong><\/td><td class=\"column-2\">67,5 metros c\u00fabicos<\/td>\n<\/tr>\n<tr class=\"row-10\">\n\t<td class=\"column-1\"><strong>Carga \u00fatil m\u00e1xima<\/strong><\/td><td class=\"column-2\">26.000 kg<\/td>\n<\/tr>\n<\/tbody>\n<\/table>\n<!-- #tablepress-21 from cache --><\/p>\n<h2 data-start=\"2880\" data-end=\"2928\">\u00bfPor qu\u00e9 elegir nuestros contenedores de 40 pies utilizados?<\/h2>\n<ul data-start=\"2930\" data-end=\"3493\">\n<li data-start=\"2930\" data-end=\"3068\">\n<p data-start=\"2932\" data-end=\"3068\"><strong data-start=\"2932\" data-end=\"2950\">Rentable<\/strong>: Nuestra <strong data-start=\"2956\" data-end=\"2989\">Contenedores mar\u00edtimos usados de 40 pies<\/strong> son una opci\u00f3n econ\u00f3mica que ofrece un gran valor en comparaci\u00f3n con los contenedores nuevos.<\/p>\n<\/li>\n<li data-start=\"3069\" data-end=\"3234\">\n<p data-start=\"3071\" data-end=\"3234\"><strong data-start=\"3071\" data-end=\"3082\">Duradero<\/strong>: Reacondicionamos cada contenedor para garantizar que est\u00e9 listo para su uso en diversos entornos, ya sea para el transporte, el almacenamiento o la conversi\u00f3n en otras estructuras.<\/p>\n<\/li>\n<li data-start=\"3235\" data-end=\"3393\">\n<p data-start=\"3237\" data-end=\"3393\"><strong data-start=\"3237\" data-end=\"3250\">Vers\u00e1til<\/strong>: Perfecto para el almacenamiento, la construcci\u00f3n, o incluso proyectos personalizados. El <strong data-start=\"3316\" data-end=\"3348\">Contenedor mar\u00edtimo usado de 40 pies<\/strong> ofrece un amplio espacio para una gran variedad de usos.<\/p>\n<\/li>\n<li data-start=\"3394\" data-end=\"3493\">\n<p data-start=\"3396\" data-end=\"3493\"><strong data-start=\"3396\" data-end=\"3412\">Ecol\u00f3gico<\/strong>: Al elegir un contenedor usado, ayudas a reducir los residuos y fomentas la sostenibilidad.<\/p>\n<\/li>\n<\/ul>\n<hr data-start=\"3495\" data-end=\"3498\" \/>\n<h2 data-start=\"3500\" data-end=\"3577\">\u00bfPor qu\u00e9 elegir Container House Co., Ltd para su contenedor mar\u00edtimo usado?<\/h2>\n<p data-start=\"3579\" data-end=\"3775\">Somos l\u00edderes <strong data-start=\"3596\" data-end=\"3612\">fabricante<\/strong> de <strong data-start=\"3616\" data-end=\"3649\">Contenedores mar\u00edtimos usados de 40 pies<\/strong>, especializada en calidad y personalizaci\u00f3n. Nuestros contenedores son totalmente inspeccionados y reacondicionados para cumplir con los m\u00e1s altos est\u00e1ndares.<\/p>\n<ul data-start=\"3777\" data-end=\"4156\">\n<li data-start=\"3777\" data-end=\"3932\">\n<p data-start=\"3779\" data-end=\"3932\"><strong data-start=\"3779\" data-end=\"3796\">Personalizaci\u00f3n<\/strong>: Ofrecemos modificaciones personalizadas para su <strong data-start=\"3837\" data-end=\"3864\">Contenedor de 40 pies<\/strong>, incluyendo puertas adicionales, estanter\u00edas, aislamiento y ventilaci\u00f3n.<\/p>\n<\/li>\n<li data-start=\"3933\" data-end=\"4017\">\n<p data-start=\"3935\" data-end=\"4017\"><strong data-start=\"3935\" data-end=\"3955\">Entrega a tiempo<\/strong>: Garantizamos la entrega puntual tanto de pedidos individuales como de grandes cantidades.<\/p>\n<\/li>\n<li data-start=\"4018\" data-end=\"4156\">\n<p data-start=\"4020\" data-end=\"4156\"><strong data-start=\"4020\" data-end=\"4047\">Asequible y fiable<\/strong>: Con precios competitivos y garant\u00eda de calidad, ofrecemos el mejor valor para sus necesidades de env\u00edo o almacenamiento.<\/p>\n<\/li>\n<\/ul>\n<hr data-start=\"4158\" data-end=\"4161\" \/>\n<h2 data-start=\"4163\" data-end=\"4200\">FAQ - Contenedor mar\u00edtimo usado de 40 pies<\/h2>\n<p data-start=\"4202\" data-end=\"4385\"><strong data-start=\"4202\" data-end=\"4257\">1. \u00bfPuedo utilizar un contenedor de 40 pies como almac\u00e9n?<\/strong><br data-start=\"4257\" data-end=\"4260\" \/>S\u00ed, nuestro <strong data-start=\"4269\" data-end=\"4302\">Contenedores mar\u00edtimos usados de 40 pies<\/strong> son ideales para el almacenamiento y pueden utilizarse para guardar mercanc\u00edas, equipos y materiales.<\/p>\n<p data-start=\"4387\" data-end=\"4552\"><strong data-start=\"4387\" data-end=\"4445\">2. \u00bfC\u00f3mo puedo asegurarme de que el contenedor est\u00e1 en buenas condiciones?<\/strong><br data-start=\"4445\" data-end=\"4448\" \/>Inspeccionamos y reacondicionamos cada contenedor para garantizar que cumple nuestras estrictas normas de seguridad y durabilidad.<\/p>\n<p data-start=\"4554\" data-end=\"4727\"><strong data-start=\"4554\" data-end=\"4609\">3. \u00bfPuedo personalizar mi contenedor usado?<\/strong><br data-start=\"4609\" data-end=\"4612\" \/>S\u00ed, ofrecemos modificaciones a medida para adaptarnos a sus necesidades espec\u00edficas, como estantes a\u00f1adidos, aislamiento y ventilaci\u00f3n.<\/p>\n<p data-start=\"4729\" data-end=\"4923\"><strong data-start=\"4729\" data-end=\"4785\">4. \u00bfCu\u00e1nto puede durar un contenedor usado de 40 pies?<\/strong><br data-start=\"4785\" data-end=\"4788\" \/>Con un mantenimiento adecuado, un <strong data-start=\"4815\" data-end=\"4847\">contenedor de transporte usado<\/strong> pueden durar muchos a\u00f1os, proporcionando soluciones fiables de almacenamiento y transporte.<\/p>\n<hr data-start=\"4925\" data-end=\"4928\" \/>\n<h2 data-start=\"4930\" data-end=\"5000\">Conclusi\u00f3n: Elija nuestros contenedores mar\u00edtimos usados de 40 pies para sus necesidades<\/h2>\n<p data-start=\"5002\" data-end=\"5264\">A <strong data-start=\"5004\" data-end=\"5036\">Contenedores mar\u00edtimos usados de 40 pies <\/strong>ofrece una soluci\u00f3n vers\u00e1til y rentable para el almacenamiento y el transporte. En <strong data-start=\"5113\" data-end=\"5141\">Container House S.L.<\/strong>, fabricamos y reacondicionamos contenedores para garantizar que cumplen las normas m\u00e1s estrictas, listos para su uso en diversos entornos.<\/p>\n<p data-start=\"5266\" data-end=\"5399\" data-is-last-node=\"\" data-is-only-node=\"\">\ud83d\udc49 <strong data-start=\"5269\" data-end=\"5289\">P\u00f3ngase en contacto con nosotros<\/strong> para obtener un presupuesto o m\u00e1s informaci\u00f3n sobre <strong data-start=\"5329\" data-end=\"5362\">Contenedores mar\u00edtimos usados de 40 pies<\/strong> y c\u00f3mo pueden ayudar a su empresa.<\/p>","protected":false},"excerpt":{"rendered":"<p><img loading=\"lazy\" decoding=\"async\" class=\"alignnone size-full wp-image-1139\" src=\"https:\/\/www.gkcpro.com\/wp-content\/uploads\/2026\/02\/evaluate.jpg\" alt=\"Mis contenedores se exportan a muchos pa\u00edses; este es un escaparate de los testimonios de nuestros clientes.\" width=\"1000\" height=\"474\" srcset=\"https:\/\/www.gkcpro.com\/wp-content\/uploads\/2026\/02\/evaluate.jpg 1000w, https:\/\/www.gkcpro.com\/wp-content\/uploads\/2026\/02\/evaluate-300x142.jpg 300w, https:\/\/www.gkcpro.com\/wp-content\/uploads\/2026\/02\/evaluate-768x364.jpg 768w, https:\/\/www.gkcpro.com\/wp-content\/uploads\/2026\/02\/evaluate-18x9.jpg 18w, https:\/\/www.gkcpro.com\/wp-content\/uploads\/2026\/02\/evaluate-624x296.jpg 624w, https:\/\/www.gkcpro.com\/wp-content\/uploads\/2026\/02\/evaluate-800x379.jpg 800w\" sizes=\"auto, (max-width: 1000px) 100vw, 1000px\" \/><img loading=\"lazy\" decoding=\"async\" class=\"alignnone wp-image-1137 size-full\" src=\"https:\/\/www.gkcpro.com\/wp-content\/uploads\/2026\/02\/container-house-certificates.jpg\" alt=\"Exhibici\u00f3n de certificaciones internacionales, incluyendo ISO 9001, CE y certificados de seguridad estructural para nuestros contenedores y casas contenedor de exportaci\u00f3n\" width=\"1470\" height=\"2000\" srcset=\"https:\/\/www.gkcpro.com\/wp-content\/uploads\/2026\/02\/container-house-certificates.jpg 1470w, https:\/\/www.gkcpro.com\/wp-content\/uploads\/2026\/02\/container-house-certificates-221x300.jpg 221w, https:\/\/www.gkcpro.com\/wp-content\/uploads\/2026\/02\/container-house-certificates-753x1024.jpg 753w, https:\/\/www.gkcpro.com\/wp-content\/uploads\/2026\/02\/container-house-certificates-768x1045.jpg 768w, https:\/\/www.gkcpro.com\/wp-content\/uploads\/2026\/02\/container-house-certificates-1129x1536.jpg 1129w, https:\/\/www.gkcpro.com\/wp-content\/uploads\/2026\/02\/container-house-certificates-9x12.jpg 9w, https:\/\/www.gkcpro.com\/wp-content\/uploads\/2026\/02\/container-house-certificates-624x849.jpg 624w, https:\/\/www.gkcpro.com\/wp-content\/uploads\/2026\/02\/container-house-certificates-800x1088.jpg 800w\" sizes=\"auto, (max-width: 1470px) 100vw, 1470px\" \/><\/p>","protected":false},"featured_media":925,"template":"","meta":[],"product_brand":[],"product_cat":[49],"product_tag":[],"class_list":{"0":"post-922","1":"product","2":"type-product","3":"status-publish","4":"has-post-thumbnail","6":"product_cat-reefer-container-and-dry-container","8":"first","9":"instock","10":"shipping-taxable","11":"product-type-simple"},"yoast_head":"<!-- This site is optimized with the Yoast SEO plugin v26.6 - https:\/\/yoast.com\/wordpress\/plugins\/seo\/ -->\n<title>40ft used shipping container\u200b - china container manufacturer<\/title>\n<meta name=\"robots\" content=\"index, follow, max-snippet:-1, max-image-preview:large, max-video-preview:-1\" \/>\n<link rel=\"canonical\" href=\"https:\/\/www.gkcpro.com\/es\/product\/40ft-used-shipping-container\/\" \/>\n<meta property=\"og:locale\" content=\"es_ES\" \/>\n<meta property=\"og:type\" content=\"article\" \/>\n<meta property=\"og:title\" content=\"40ft used shipping container\u200b - china container manufacturer\" \/>\n<meta property=\"og:url\" content=\"https:\/\/www.gkcpro.com\/es\/product\/40ft-used-shipping-container\/\" \/>\n<meta property=\"og:site_name\" content=\"Container House Co., Ltd.\" \/>\n<meta property=\"article:modified_time\" content=\"2026-04-17T05:43:02+00:00\" \/>\n<meta property=\"og:image\" content=\"https:\/\/www.gkcpro.com\/wp-content\/uploads\/2026\/01\/used-container.jpg\" \/>\n\t<meta property=\"og:image:width\" content=\"800\" \/>\n\t<meta property=\"og:image:height\" content=\"800\" \/>\n\t<meta property=\"og:image:type\" content=\"image\/jpeg\" \/>\n<meta name=\"twitter:card\" content=\"summary_large_image\" \/>\n<meta name=\"twitter:label1\" content=\"Tiempo de lectura\" \/>\n\t<meta name=\"twitter:data1\" content=\"4 minutos\" \/>\n<script type=\"application\/ld+json\" class=\"yoast-schema-graph\">{\"@context\":\"https:\/\/schema.org\",\"@graph\":[{\"@type\":\"WebPage\",\"@id\":\"https:\/\/www.gkcpro.com\/product\/40ft-used-shipping-container\/\",\"url\":\"https:\/\/www.gkcpro.com\/product\/40ft-used-shipping-container\/\",\"name\":\"40ft used shipping container\u200b - china container manufacturer\",\"isPartOf\":{\"@id\":\"https:\/\/www.gkcpro.com\/#website\"},\"primaryImageOfPage\":{\"@id\":\"https:\/\/www.gkcpro.com\/product\/40ft-used-shipping-container\/#primaryimage\"},\"image\":{\"@id\":\"https:\/\/www.gkcpro.com\/product\/40ft-used-shipping-container\/#primaryimage\"},\"thumbnailUrl\":\"https:\/\/www.gkcpro.com\/wp-content\/uploads\/2026\/01\/used-container.jpg\",\"datePublished\":\"2026-01-30T03:44:16+00:00\",\"dateModified\":\"2026-04-17T05:43:02+00:00\",\"breadcrumb\":{\"@id\":\"https:\/\/www.gkcpro.com\/product\/40ft-used-shipping-container\/#breadcrumb\"},\"inLanguage\":\"es\",\"potentialAction\":[{\"@type\":\"ReadAction\",\"target\":[\"https:\/\/www.gkcpro.com\/product\/40ft-used-shipping-container\/\"]}]},{\"@type\":\"ImageObject\",\"inLanguage\":\"es\",\"@id\":\"https:\/\/www.gkcpro.com\/product\/40ft-used-shipping-container\/#primaryimage\",\"url\":\"https:\/\/www.gkcpro.com\/wp-content\/uploads\/2026\/01\/used-container.jpg\",\"contentUrl\":\"https:\/\/www.gkcpro.com\/wp-content\/uploads\/2026\/01\/used-container.jpg\",\"width\":800,\"height\":800,\"caption\":\"Enhanced storage 40ft Used Shipping Container high cube model manufactured by leading China company for export markets\"},{\"@type\":\"BreadcrumbList\",\"@id\":\"https:\/\/www.gkcpro.com\/product\/40ft-used-shipping-container\/#breadcrumb\",\"itemListElement\":[{\"@type\":\"ListItem\",\"position\":1,\"name\":\"\u9996\u9875\",\"item\":\"https:\/\/www.gkcpro.com\/\"},{\"@type\":\"ListItem\",\"position\":2,\"name\":\"Products\",\"item\":\"https:\/\/www.gkcpro.com\/shop\/\"},{\"@type\":\"ListItem\",\"position\":3,\"name\":\"40ft used shipping container\u200b\"}]},{\"@type\":\"WebSite\",\"@id\":\"https:\/\/www.gkcpro.com\/#website\",\"url\":\"https:\/\/www.gkcpro.com\/\",\"name\":\"Container House Co., Ltd.\",\"description\":\"Container House factory\",\"potentialAction\":[{\"@type\":\"SearchAction\",\"target\":{\"@type\":\"EntryPoint\",\"urlTemplate\":\"https:\/\/www.gkcpro.com\/?s={search_term_string}\"},\"query-input\":{\"@type\":\"PropertyValueSpecification\",\"valueRequired\":true,\"valueName\":\"search_term_string\"}}],\"inLanguage\":\"es\"}]}<\/script>\n<!-- \/ Yoast SEO plugin. -->","yoast_head_json":{"title":"contenedor mar\u00edtimo usado 40ft - china fabricante de contenedores","robots":{"index":"index","follow":"follow","max-snippet":"max-snippet:-1","max-image-preview":"max-image-preview:large","max-video-preview":"max-video-preview:-1"},"canonical":"https:\/\/www.gkcpro.com\/es\/product\/40ft-used-shipping-container\/","og_locale":"es_ES","og_type":"article","og_title":"40ft used shipping container\u200b - china container manufacturer","og_url":"https:\/\/www.gkcpro.com\/es\/product\/40ft-used-shipping-container\/","og_site_name":"Container House Co., Ltd.","article_modified_time":"2026-04-17T05:43:02+00:00","og_image":[{"width":800,"height":800,"url":"https:\/\/www.gkcpro.com\/wp-content\/uploads\/2026\/01\/used-container.jpg","type":"image\/jpeg"}],"twitter_card":"summary_large_image","twitter_misc":{"Tiempo de lectura":"4 minutos"},"schema":{"@context":"https:\/\/schema.org","@graph":[{"@type":"WebPage","@id":"https:\/\/www.gkcpro.com\/product\/40ft-used-shipping-container\/","url":"https:\/\/www.gkcpro.com\/product\/40ft-used-shipping-container\/","name":"contenedor mar\u00edtimo usado 40ft - china fabricante de contenedores","isPartOf":{"@id":"https:\/\/www.gkcpro.com\/#website"},"primaryImageOfPage":{"@id":"https:\/\/www.gkcpro.com\/product\/40ft-used-shipping-container\/#primaryimage"},"image":{"@id":"https:\/\/www.gkcpro.com\/product\/40ft-used-shipping-container\/#primaryimage"},"thumbnailUrl":"https:\/\/www.gkcpro.com\/wp-content\/uploads\/2026\/01\/used-container.jpg","datePublished":"2026-01-30T03:44:16+00:00","dateModified":"2026-04-17T05:43:02+00:00","breadcrumb":{"@id":"https:\/\/www.gkcpro.com\/product\/40ft-used-shipping-container\/#breadcrumb"},"inLanguage":"es","potentialAction":[{"@type":"ReadAction","target":["https:\/\/www.gkcpro.com\/product\/40ft-used-shipping-container\/"]}]},{"@type":"ImageObject","inLanguage":"es","@id":"https:\/\/www.gkcpro.com\/product\/40ft-used-shipping-container\/#primaryimage","url":"https:\/\/www.gkcpro.com\/wp-content\/uploads\/2026\/01\/used-container.jpg","contentUrl":"https:\/\/www.gkcpro.com\/wp-content\/uploads\/2026\/01\/used-container.jpg","width":800,"height":800,"caption":"Enhanced storage 40ft Used Shipping Container high cube model manufactured by leading China company for export markets"},{"@type":"BreadcrumbList","@id":"https:\/\/www.gkcpro.com\/product\/40ft-used-shipping-container\/#breadcrumb","itemListElement":[{"@type":"ListItem","position":1,"name":"\u9996\u9875","item":"https:\/\/www.gkcpro.com\/"},{"@type":"ListItem","position":2,"name":"Products","item":"https:\/\/www.gkcpro.com\/shop\/"},{"@type":"ListItem","position":3,"name":"40ft used shipping container\u200b"}]},{"@type":"WebSite","@id":"https:\/\/www.gkcpro.com\/#website","url":"https:\/\/www.gkcpro.com\/","name":"Container House Co.","description":"F\u00e1brica de casas contenedor","potentialAction":[{"@type":"SearchAction","target":{"@type":"EntryPoint","urlTemplate":"https:\/\/www.gkcpro.com\/?s={search_term_string}"},"query-input":{"@type":"PropertyValueSpecification","valueRequired":true,"valueName":"search_term_string"}}],"inLanguage":"es"}]}},"_links":{"self":[{"href":"https:\/\/www.gkcpro.com\/es\/wp-json\/wp\/v2\/product\/922","targetHints":{"allow":["GET"]}}],"collection":[{"href":"https:\/\/www.gkcpro.com\/es\/wp-json\/wp\/v2\/product"}],"about":[{"href":"https:\/\/www.gkcpro.com\/es\/wp-json\/wp\/v2\/types\/product"}],"wp:featuredmedia":[{"embeddable":true,"href":"https:\/\/www.gkcpro.com\/es\/wp-json\/wp\/v2\/media\/925"}],"wp:attachment":[{"href":"https:\/\/www.gkcpro.com\/es\/wp-json\/wp\/v2\/media?parent=922"}],"wp:term":[{"taxonomy":"product_brand","embeddable":true,"href":"https:\/\/www.gkcpro.com\/es\/wp-json\/wp\/v2\/product_brand?post=922"},{"taxonomy":"product_cat","embeddable":true,"href":"https:\/\/www.gkcpro.com\/es\/wp-json\/wp\/v2\/product_cat?post=922"},{"taxonomy":"product_tag","embeddable":true,"href":"https:\/\/www.gkcpro.com\/es\/wp-json\/wp\/v2\/product_tag?post=922"}],"curies":[{"name":"wp","href":"https:\/\/api.w.org\/{rel}","templated":true}]}}