{"id":919,"date":"2026-01-30T11:49:17","date_gmt":"2026-01-30T03:49:17","guid":{"rendered":"https:\/\/www.gkcpro.com\/?post_type=product&#038;p=919"},"modified":"2026-04-17T13:42:24","modified_gmt":"2026-04-17T05:42:24","slug":"20ft-shipping-container-used","status":"publish","type":"product","link":"https:\/\/www.gkcpro.com\/es\/product\/20ft-shipping-container-used\/","title":{"rendered":"Contenedor de 20 pies usado"},"content":{"rendered":"<p data-start=\"260\" data-end=\"334\">Contenedor mar\u00edtimo de 20 pies usado: Una soluci\u00f3n fiable para sus necesidades de almacenamiento<\/p>\n<p data-start=\"336\" data-end=\"690\">\u00bfEst\u00e1 buscando un <strong data-start=\"358\" data-end=\"390\">Contenedor de 20 pies usado<\/strong> para almacenamiento o env\u00edo? En <strong data-start=\"419\" data-end=\"447\">Container House S.L.<\/strong>, Estamos especializados en la fabricaci\u00f3n de contenedores mar\u00edtimos usados fiables y de alta calidad que satisfagan sus necesidades. Tanto si necesita espacio de almacenamiento adicional, una oficina port\u00e1til o una soluci\u00f3n de transporte, nuestros <strong data-start=\"635\" data-end=\"668\">Contenedores mar\u00edtimos usados de 20 pies<\/strong> son una elecci\u00f3n perfecta.<\/p>\n<h2 data-start=\"692\" data-end=\"738\">\u00bfPara qu\u00e9 sirve un contenedor mar\u00edtimo de 20 pies usado?<\/h2>\n<p data-start=\"740\" data-end=\"797\">Un usado<strong data-start=\"742\" data-end=\"774\">\u00a0contenedor de transporte <\/strong>se utiliza normalmente para:<\/p>\n<ul data-start=\"799\" data-end=\"1022\">\n<li data-start=\"799\" data-end=\"853\">\n<p data-start=\"801\" data-end=\"853\"><strong data-start=\"801\" data-end=\"822\">Soluciones de almacenamiento<\/strong> para empresas o uso personal<\/p>\n<\/li>\n<li data-start=\"854\" data-end=\"903\">\n<p data-start=\"856\" data-end=\"903\"><strong data-start=\"856\" data-end=\"874\">Env\u00edo de mercanc\u00edas<\/strong> entre pa\u00edses y regiones<\/p>\n<\/li>\n<li data-start=\"904\" data-end=\"958\">\n<p data-start=\"906\" data-end=\"958\"><strong data-start=\"906\" data-end=\"932\">Oficinas provisionales<\/strong> para proyectos de construcci\u00f3n<\/p>\n<\/li>\n<li data-start=\"959\" data-end=\"1022\">\n<p data-start=\"961\" data-end=\"1022\"><strong data-start=\"961\" data-end=\"985\">Modificaciones a medida<\/strong> como viviendas, oficinas o tiendas pop-up<\/p>\n<\/li>\n<\/ul>\n<p data-start=\"1024\" data-end=\"1170\">Nuestra <strong data-start=\"1028\" data-end=\"1052\">contenedores usados de 20 pies<\/strong> son perfectas para peque\u00f1as empresas, compa\u00f1\u00edas de log\u00edstica o cualquiera que necesite espacio adicional para sus productos o equipos.<\/p>\n<hr data-start=\"1172\" data-end=\"1175\" \/>\n<h2 data-start=\"1177\" data-end=\"1231\">\u00bfC\u00f3mo se fabrica un contenedor mar\u00edtimo de 20 pies?<\/h2>\n<p data-start=\"1233\" data-end=\"1398\">En <strong data-start=\"1236\" data-end=\"1264\">Container House S.L.<\/strong>, fabricamos cada <strong data-start=\"1286\" data-end=\"1318\">Contenedor de 20 pies usado<\/strong> con cuidado, siguiendo un proceso detallado para garantizar su durabilidad y funcionalidad.<\/p>\n<h3 data-start=\"1400\" data-end=\"1426\">1. Preparaci\u00f3n del acero<\/h3>\n<p data-start=\"1427\" data-end=\"1580\">Empezamos con acero de alta calidad, que se aplana y limpia para eliminar cualquier resto de \u00f3xido o polvo. A continuaci\u00f3n, el acero se transforma en paneles y piezas para contenedores.<\/p>\n<h3 data-start=\"1582\" data-end=\"1611\">2. Montaje y soldadura<\/h3>\n<p data-start=\"1612\" data-end=\"1714\">Los paneles del contenedor se sueldan entre s\u00ed, creando un armaz\u00f3n fuerte y seguro para el transporte y el almacenamiento.<\/p>\n<h3 data-start=\"1716\" data-end=\"1740\">3. 3. Control de calidad<\/h3>\n<p data-start=\"1741\" data-end=\"1885\">Cada <strong data-start=\"1746\" data-end=\"1778\">Contenedor de 20 pies usado<\/strong> se somete a una inspecci\u00f3n minuciosa que garantiza que cumple las estrictas normas de seguridad, durabilidad y rendimiento.<\/p>\n<h3 data-start=\"1887\" data-end=\"1916\">4. Pintura y sellado<\/h3>\n<p data-start=\"1917\" data-end=\"2123\">Aplicamos pintura antioxidante para proteger el contenedor contra la corrosi\u00f3n, especialmente durante largos periodos de transporte mar\u00edtimo. Se comprueban las juntas de las puertas y las uniones para garantizar la estanqueidad del contenedor.<\/p>\n<h3 data-start=\"2125\" data-end=\"2147\">5. Pruebas finales<\/h3>\n<p data-start=\"2148\" data-end=\"2264\">Comprobamos la integridad estructural y la estanqueidad del <strong data-start=\"2208\" data-end=\"2235\">contenedor de transporte usado<\/strong> para garantizar que es apto para su uso.<\/p>\n<hr data-start=\"2266\" data-end=\"2269\" \/>\n<h2 data-start=\"2271\" data-end=\"2325\">Ventajas de elegir un contenedor mar\u00edtimo usado de 20 pies<\/h2>\n<ul data-start=\"2327\" data-end=\"2791\">\n<li data-start=\"2327\" data-end=\"2443\">\n<p data-start=\"2329\" data-end=\"2443\"><strong data-start=\"2329\" data-end=\"2343\">Asequible<\/strong>: Comprar un <strong data-start=\"2358\" data-end=\"2390\">Contenedor usado de 20 pies <\/strong>es m\u00e1s rentable que comprar contenedores nuevos.<\/p>\n<\/li>\n<li data-start=\"2444\" data-end=\"2563\">\n<p data-start=\"2446\" data-end=\"2563\"><strong data-start=\"2446\" data-end=\"2457\">Duradero<\/strong>: A pesar de estar usados, nuestros contenedores se inspeccionan y reacondicionan minuciosamente para cumplir las normas de calidad.<\/p>\n<\/li>\n<li data-start=\"2564\" data-end=\"2671\">\n<p data-start=\"2566\" data-end=\"2671\"><strong data-start=\"2566\" data-end=\"2579\">Vers\u00e1til<\/strong>: Adecuado para diversos usos, desde almacenamiento hasta modificaciones personalizadas para hogares o empresas.<\/p>\n<\/li>\n<li data-start=\"2672\" data-end=\"2791\">\n<p data-start=\"2674\" data-end=\"2791\"><strong data-start=\"2674\" data-end=\"2690\">Ecol\u00f3gico<\/strong>: Utilizaci\u00f3n de un <strong data-start=\"2700\" data-end=\"2727\">contenedor de transporte usado<\/strong> es una opci\u00f3n sostenible, que reduce la demanda de nuevos materiales.<\/p>\n<\/li>\n<\/ul>\n<hr data-start=\"2793\" data-end=\"2796\" \/>\n<h2 data-start=\"2798\" data-end=\"2845\">Contenedor de 20 pies utilizado: Especificaciones<\/h2>\n<p data-start=\"2847\" data-end=\"2942\">Estas son las medidas y especificaciones est\u00e1ndar de nuestros <strong data-start=\"2909\" data-end=\"2941\">Contenedor de 20 pies usado<\/strong>:<\/p>\n<p data-start=\"2847\" data-end=\"2942\">\n<table id=\"tablepress-20\" class=\"tablepress tablepress-id-20\">\n<thead>\n<tr class=\"row-1\">\n\t<th class=\"column-1\"><strong>Especificaci\u00f3n<\/strong><\/th><th class=\"column-2\"><strong>Contenedor de 20 pies usado<\/strong><\/th>\n<\/tr>\n<\/thead>\n<tbody class=\"row-striping row-hover\">\n<tr class=\"row-2\">\n\t<td class=\"column-1\"><strong>Longitud exterior<\/strong><\/td><td class=\"column-2\">6,06 metros (20 pies)<\/td>\n<\/tr>\n<tr class=\"row-3\">\n\t<td class=\"column-1\"><strong>Anchura exterior<\/strong><\/td><td class=\"column-2\">2,44 metros (8 pies)<\/td>\n<\/tr>\n<tr class=\"row-4\">\n\t<td class=\"column-1\"><strong>Altura exterior<\/strong><\/td><td class=\"column-2\">2,59 metros (8,5 pies)<\/td>\n<\/tr>\n<tr class=\"row-5\">\n\t<td class=\"column-1\"><strong>Longitud interior<\/strong><\/td><td class=\"column-2\">5,90 metros<\/td>\n<\/tr>\n<tr class=\"row-6\">\n\t<td class=\"column-1\"><strong>Anchura interior<\/strong><\/td><td class=\"column-2\">2,35 metros<\/td>\n<\/tr>\n<tr class=\"row-7\">\n\t<td class=\"column-1\"><strong>Altura interior<\/strong><\/td><td class=\"column-2\">2,39 metros<\/td>\n<\/tr>\n<tr class=\"row-8\">\n\t<td class=\"column-1\"><strong>Carga \u00fatil m\u00e1xima<\/strong><\/td><td class=\"column-2\">25.000 kg<\/td>\n<\/tr>\n<tr class=\"row-9\">\n\t<td class=\"column-1\"><strong>Capacidad<\/strong><\/td><td class=\"column-2\">33 metros c\u00fabicos<\/td>\n<\/tr>\n<tr class=\"row-10\">\n\t<td class=\"column-1\"><strong>Peso<\/strong><\/td><td class=\"column-2\">2.300 kg (aprox.)<\/td>\n<\/tr>\n<\/tbody>\n<\/table>\n<!-- #tablepress-20 from cache --><\/p>\n<h2 data-start=\"3411\" data-end=\"3488\">\u00bfPor qu\u00e9 elegir Container House Co., Ltd para su contenedor mar\u00edtimo usado de 20 pies?<\/h2>\n<p data-start=\"3490\" data-end=\"3748\">En <strong data-start=\"3493\" data-end=\"3521\">Container House S.L.<\/strong>, somos algo m\u00e1s que simples proveedores. Somos fabricantes comprometidos con la entrega de productos de alta calidad y nos enorgullecemos de producir productos duraderos. <strong data-start=\"3671\" data-end=\"3699\">contenedores mar\u00edtimos usados<\/strong> que prestan servicio a empresas y particulares de todo el mundo.<\/p>\n<ul data-start=\"3750\" data-end=\"4082\">\n<li data-start=\"3750\" data-end=\"3857\">\n<p data-start=\"3752\" data-end=\"3857\"><strong data-start=\"3752\" data-end=\"3772\">Soluciones a medida<\/strong>: Ofrecemos modificaciones para todo tipo de necesidades, desde puertas adicionales hasta suelos a medida.<\/p>\n<\/li>\n<li data-start=\"3858\" data-end=\"3957\">\n<p data-start=\"3860\" data-end=\"3957\"><strong data-start=\"3860\" data-end=\"3881\">Entrega fiable<\/strong>: Garantizamos una entrega puntual y nos encargamos de toda la log\u00edstica de su pedido al por mayor.<\/p>\n<\/li>\n<li data-start=\"3958\" data-end=\"4082\">\n<p data-start=\"3960\" data-end=\"4082\"><strong data-start=\"3960\" data-end=\"3978\">Sostenibilidad<\/strong>: Utilizaci\u00f3n de <strong data-start=\"3986\" data-end=\"4019\">Contenedores mar\u00edtimos usados de 20 pies<\/strong> es una soluci\u00f3n ecol\u00f3gica y rentable para las empresas.<\/p>\n<\/li>\n<\/ul>\n<hr data-start=\"4084\" data-end=\"4087\" \/>\n<h2 data-start=\"4089\" data-end=\"4126\">FAQ - Sobre el contenedor mar\u00edtimo usado<\/h2>\n<p data-start=\"4128\" data-end=\"4373\"><strong data-start=\"4128\" data-end=\"4204\">1. \u00bfC\u00f3mo puedo saber si un contenedor usado est\u00e1 en buen estado?<\/strong><br data-start=\"4204\" data-end=\"4207\" \/>Inspeccionamos minuciosamente cada contenedor para comprobar su integridad estructural, \u00f3xido y estanqueidad. Solo le entregamos los contenedores que superan nuestros rigurosos controles de calidad.<\/p>\n<p data-start=\"4375\" data-end=\"4540\"><strong data-start=\"4375\" data-end=\"4430\">2. \u00bfPuedo utilizar un contenedor usado como almac\u00e9n?<\/strong><br data-start=\"4430\" data-end=\"4433\" \/>S\u00ed. A <strong data-start=\"4440\" data-end=\"4472\">Contenedor de 20 pies usado<\/strong> es perfecto para almacenar bienes u objetos personales de forma segura y protegida.<\/p>\n<p data-start=\"4542\" data-end=\"4704\"><strong data-start=\"4542\" data-end=\"4591\">3. \u00bfPuedo personalizar un contenedor usado?<\/strong><br data-start=\"4591\" data-end=\"4594\" \/>S\u00ed, ofrecemos personalizaciones como puertas adicionales, estanter\u00edas, ventilaci\u00f3n y suelos para satisfacer sus necesidades.<\/p>\n<p data-start=\"4706\" data-end=\"4858\"><strong data-start=\"4706\" data-end=\"4763\">4. \u00bfCu\u00e1nto dura un contenedor de 20 pies usado?<\/strong><br data-start=\"4763\" data-end=\"4766\" \/>Con un mantenimiento adecuado, un<strong data-start=\"4793\" data-end=\"4825\">\u00a0contenedor de transporte usado<\/strong> puede durar hasta 15 a\u00f1os o m\u00e1s.<\/p>\n<hr data-start=\"4860\" data-end=\"4863\" \/>\n<h2 data-start=\"4865\" data-end=\"4923\">Conclusi\u00f3n: Consiga hoy mismo su contenedor mar\u00edtimo usado de 20 pies<\/h2>\n<p data-start=\"4925\" data-end=\"5254\">Elegir un usado <strong data-start=\"4936\" data-end=\"4968\">Contenedor de 20 pies <\/strong>\u00a0es una excelente opci\u00f3n para empresas, compa\u00f1\u00edas de log\u00edstica y particulares que necesitan soluciones de almacenamiento asequibles, seguras y fiables. Ya sea para enviar mercanc\u00edas, almacenar equipos o crear un espacio a medida, nuestros <strong data-start=\"5190\" data-end=\"5223\">Contenedores mar\u00edtimos usados de 20 pies<\/strong> son duraderos y est\u00e1n hechos para durar.<\/p>\n<p data-start=\"5256\" data-end=\"5380\" data-is-only-node=\"\">\ud83d\udc49 <strong data-start=\"5259\" data-end=\"5279\">P\u00f3ngase en contacto con nosotros<\/strong> para solicitar un presupuesto o saber m\u00e1s sobre c\u00f3mo nuestros <strong data-start=\"5323\" data-end=\"5356\">Contenedores de 20 pies usados<\/strong> puede ayudar a su empresa.<\/p>","protected":false},"excerpt":{"rendered":"<p><img loading=\"lazy\" decoding=\"async\" class=\"alignnone size-full wp-image-1139\" src=\"https:\/\/www.gkcpro.com\/wp-content\/uploads\/2026\/02\/evaluate.jpg\" alt=\"Mis contenedores se exportan a muchos pa\u00edses; este es un escaparate de los testimonios de nuestros clientes.\" width=\"1000\" height=\"474\" srcset=\"https:\/\/www.gkcpro.com\/wp-content\/uploads\/2026\/02\/evaluate.jpg 1000w, https:\/\/www.gkcpro.com\/wp-content\/uploads\/2026\/02\/evaluate-300x142.jpg 300w, https:\/\/www.gkcpro.com\/wp-content\/uploads\/2026\/02\/evaluate-768x364.jpg 768w, https:\/\/www.gkcpro.com\/wp-content\/uploads\/2026\/02\/evaluate-18x9.jpg 18w, https:\/\/www.gkcpro.com\/wp-content\/uploads\/2026\/02\/evaluate-624x296.jpg 624w, https:\/\/www.gkcpro.com\/wp-content\/uploads\/2026\/02\/evaluate-800x379.jpg 800w\" sizes=\"auto, (max-width: 1000px) 100vw, 1000px\" \/><\/p>\n<p><img loading=\"lazy\" decoding=\"async\" class=\"alignnone wp-image-1137 size-full\" src=\"https:\/\/www.gkcpro.com\/wp-content\/uploads\/2026\/02\/container-house-certificates.jpg\" alt=\"Exhibici\u00f3n de certificaciones internacionales, incluyendo ISO 9001, CE y certificados de seguridad estructural para nuestros contenedores y casas contenedor de exportaci\u00f3n\" width=\"1470\" height=\"2000\" srcset=\"https:\/\/www.gkcpro.com\/wp-content\/uploads\/2026\/02\/container-house-certificates.jpg 1470w, https:\/\/www.gkcpro.com\/wp-content\/uploads\/2026\/02\/container-house-certificates-221x300.jpg 221w, https:\/\/www.gkcpro.com\/wp-content\/uploads\/2026\/02\/container-house-certificates-753x1024.jpg 753w, https:\/\/www.gkcpro.com\/wp-content\/uploads\/2026\/02\/container-house-certificates-768x1045.jpg 768w, https:\/\/www.gkcpro.com\/wp-content\/uploads\/2026\/02\/container-house-certificates-1129x1536.jpg 1129w, https:\/\/www.gkcpro.com\/wp-content\/uploads\/2026\/02\/container-house-certificates-9x12.jpg 9w, https:\/\/www.gkcpro.com\/wp-content\/uploads\/2026\/02\/container-house-certificates-624x849.jpg 624w, https:\/\/www.gkcpro.com\/wp-content\/uploads\/2026\/02\/container-house-certificates-800x1088.jpg 800w\" sizes=\"auto, (max-width: 1470px) 100vw, 1470px\" \/><\/p>","protected":false},"featured_media":928,"template":"","meta":[],"product_brand":[],"product_cat":[49],"product_tag":[],"class_list":{"0":"post-919","1":"product","2":"type-product","3":"status-publish","4":"has-post-thumbnail","6":"product_cat-reefer-container-and-dry-container","8":"first","9":"instock","10":"shipping-taxable","11":"product-type-simple"},"yoast_head":"<!-- This site is optimized with the Yoast SEO plugin v26.6 - https:\/\/yoast.com\/wordpress\/plugins\/seo\/ -->\n<title>20ft shipping container used - china container manufacturer<\/title>\n<meta name=\"description\" content=\"Used 20ft containers for sale: durable, high quality,perfect for B2B storage &amp; shipping. Bulk discounts and nationwide delivery.\" \/>\n<meta name=\"robots\" content=\"index, follow, max-snippet:-1, max-image-preview:large, max-video-preview:-1\" \/>\n<link rel=\"canonical\" href=\"https:\/\/www.gkcpro.com\/es\/product\/20ft-shipping-container-used\/\" \/>\n<meta property=\"og:locale\" content=\"es_ES\" \/>\n<meta property=\"og:type\" content=\"article\" \/>\n<meta property=\"og:title\" content=\"20ft shipping container used - china container manufacturer\" \/>\n<meta property=\"og:description\" content=\"Used 20ft containers for sale: durable, high quality,perfect for B2B storage &amp; shipping. Bulk discounts and nationwide delivery.\" \/>\n<meta property=\"og:url\" content=\"https:\/\/www.gkcpro.com\/es\/product\/20ft-shipping-container-used\/\" \/>\n<meta property=\"og:site_name\" content=\"Container House Co., Ltd.\" \/>\n<meta property=\"article:modified_time\" content=\"2026-04-17T05:42:24+00:00\" \/>\n<meta property=\"og:image\" content=\"https:\/\/www.gkcpro.com\/wp-content\/uploads\/2026\/01\/used-container-1.jpg\" \/>\n\t<meta property=\"og:image:width\" content=\"800\" \/>\n\t<meta property=\"og:image:height\" content=\"800\" \/>\n\t<meta property=\"og:image:type\" content=\"image\/jpeg\" \/>\n<meta name=\"twitter:card\" content=\"summary_large_image\" \/>\n<meta name=\"twitter:label1\" content=\"Tiempo de lectura\" \/>\n\t<meta name=\"twitter:data1\" content=\"4 minutos\" \/>\n<script type=\"application\/ld+json\" class=\"yoast-schema-graph\">{\"@context\":\"https:\/\/schema.org\",\"@graph\":[{\"@type\":\"WebPage\",\"@id\":\"https:\/\/www.gkcpro.com\/product\/20ft-shipping-container-used\/\",\"url\":\"https:\/\/www.gkcpro.com\/product\/20ft-shipping-container-used\/\",\"name\":\"20ft shipping container used - china container manufacturer\",\"isPartOf\":{\"@id\":\"https:\/\/www.gkcpro.com\/#website\"},\"primaryImageOfPage\":{\"@id\":\"https:\/\/www.gkcpro.com\/product\/20ft-shipping-container-used\/#primaryimage\"},\"image\":{\"@id\":\"https:\/\/www.gkcpro.com\/product\/20ft-shipping-container-used\/#primaryimage\"},\"thumbnailUrl\":\"https:\/\/www.gkcpro.com\/wp-content\/uploads\/2026\/01\/used-container-1.jpg\",\"datePublished\":\"2026-01-30T03:49:17+00:00\",\"dateModified\":\"2026-04-17T05:42:24+00:00\",\"description\":\"Used 20ft containers for sale: durable, high quality,perfect for B2B storage & shipping. Bulk discounts and nationwide delivery.\",\"breadcrumb\":{\"@id\":\"https:\/\/www.gkcpro.com\/product\/20ft-shipping-container-used\/#breadcrumb\"},\"inLanguage\":\"es\",\"potentialAction\":[{\"@type\":\"ReadAction\",\"target\":[\"https:\/\/www.gkcpro.com\/product\/20ft-shipping-container-used\/\"]}]},{\"@type\":\"ImageObject\",\"inLanguage\":\"es\",\"@id\":\"https:\/\/www.gkcpro.com\/product\/20ft-shipping-container-used\/#primaryimage\",\"url\":\"https:\/\/www.gkcpro.com\/wp-content\/uploads\/2026\/01\/used-container-1.jpg\",\"contentUrl\":\"https:\/\/www.gkcpro.com\/wp-content\/uploads\/2026\/01\/used-container-1.jpg\",\"width\":800,\"height\":800,\"caption\":\"High-grade 20ft Used Shipping Container provided by established factory China maker perfect for secure storage and logistics\"},{\"@type\":\"BreadcrumbList\",\"@id\":\"https:\/\/www.gkcpro.com\/product\/20ft-shipping-container-used\/#breadcrumb\",\"itemListElement\":[{\"@type\":\"ListItem\",\"position\":1,\"name\":\"\u9996\u9875\",\"item\":\"https:\/\/www.gkcpro.com\/\"},{\"@type\":\"ListItem\",\"position\":2,\"name\":\"Products\",\"item\":\"https:\/\/www.gkcpro.com\/shop\/\"},{\"@type\":\"ListItem\",\"position\":3,\"name\":\"20ft shipping container used\"}]},{\"@type\":\"WebSite\",\"@id\":\"https:\/\/www.gkcpro.com\/#website\",\"url\":\"https:\/\/www.gkcpro.com\/\",\"name\":\"Container House Co., Ltd.\",\"description\":\"Container House factory\",\"potentialAction\":[{\"@type\":\"SearchAction\",\"target\":{\"@type\":\"EntryPoint\",\"urlTemplate\":\"https:\/\/www.gkcpro.com\/?s={search_term_string}\"},\"query-input\":{\"@type\":\"PropertyValueSpecification\",\"valueRequired\":true,\"valueName\":\"search_term_string\"}}],\"inLanguage\":\"es\"}]}<\/script>\n<!-- \/ Yoast SEO plugin. -->","yoast_head_json":{"title":"20ft shipping container used - china fabricante de contenedores","description":"Contenedores usados de 20 pies en venta: duraderos, de alta calidad, perfectos para almacenamiento y transporte B2B. Descuentos por volumen y entrega en todo el pa\u00eds.","robots":{"index":"index","follow":"follow","max-snippet":"max-snippet:-1","max-image-preview":"max-image-preview:large","max-video-preview":"max-video-preview:-1"},"canonical":"https:\/\/www.gkcpro.com\/es\/product\/20ft-shipping-container-used\/","og_locale":"es_ES","og_type":"article","og_title":"20ft shipping container used - china container manufacturer","og_description":"Used 20ft containers for sale: durable, high quality,perfect for B2B storage & shipping. Bulk discounts and nationwide delivery.","og_url":"https:\/\/www.gkcpro.com\/es\/product\/20ft-shipping-container-used\/","og_site_name":"Container House Co., Ltd.","article_modified_time":"2026-04-17T05:42:24+00:00","og_image":[{"width":800,"height":800,"url":"https:\/\/www.gkcpro.com\/wp-content\/uploads\/2026\/01\/used-container-1.jpg","type":"image\/jpeg"}],"twitter_card":"summary_large_image","twitter_misc":{"Tiempo de lectura":"4 minutos"},"schema":{"@context":"https:\/\/schema.org","@graph":[{"@type":"WebPage","@id":"https:\/\/www.gkcpro.com\/product\/20ft-shipping-container-used\/","url":"https:\/\/www.gkcpro.com\/product\/20ft-shipping-container-used\/","name":"20ft shipping container used - china fabricante de contenedores","isPartOf":{"@id":"https:\/\/www.gkcpro.com\/#website"},"primaryImageOfPage":{"@id":"https:\/\/www.gkcpro.com\/product\/20ft-shipping-container-used\/#primaryimage"},"image":{"@id":"https:\/\/www.gkcpro.com\/product\/20ft-shipping-container-used\/#primaryimage"},"thumbnailUrl":"https:\/\/www.gkcpro.com\/wp-content\/uploads\/2026\/01\/used-container-1.jpg","datePublished":"2026-01-30T03:49:17+00:00","dateModified":"2026-04-17T05:42:24+00:00","description":"Contenedores usados de 20 pies en venta: duraderos, de alta calidad, perfectos para almacenamiento y transporte B2B. Descuentos por volumen y entrega en todo el pa\u00eds.","breadcrumb":{"@id":"https:\/\/www.gkcpro.com\/product\/20ft-shipping-container-used\/#breadcrumb"},"inLanguage":"es","potentialAction":[{"@type":"ReadAction","target":["https:\/\/www.gkcpro.com\/product\/20ft-shipping-container-used\/"]}]},{"@type":"ImageObject","inLanguage":"es","@id":"https:\/\/www.gkcpro.com\/product\/20ft-shipping-container-used\/#primaryimage","url":"https:\/\/www.gkcpro.com\/wp-content\/uploads\/2026\/01\/used-container-1.jpg","contentUrl":"https:\/\/www.gkcpro.com\/wp-content\/uploads\/2026\/01\/used-container-1.jpg","width":800,"height":800,"caption":"High-grade 20ft Used Shipping Container provided by established factory China maker perfect for secure storage and logistics"},{"@type":"BreadcrumbList","@id":"https:\/\/www.gkcpro.com\/product\/20ft-shipping-container-used\/#breadcrumb","itemListElement":[{"@type":"ListItem","position":1,"name":"\u9996\u9875","item":"https:\/\/www.gkcpro.com\/"},{"@type":"ListItem","position":2,"name":"Products","item":"https:\/\/www.gkcpro.com\/shop\/"},{"@type":"ListItem","position":3,"name":"20ft shipping container used"}]},{"@type":"WebSite","@id":"https:\/\/www.gkcpro.com\/#website","url":"https:\/\/www.gkcpro.com\/","name":"Container House Co.","description":"F\u00e1brica de casas contenedor","potentialAction":[{"@type":"SearchAction","target":{"@type":"EntryPoint","urlTemplate":"https:\/\/www.gkcpro.com\/?s={search_term_string}"},"query-input":{"@type":"PropertyValueSpecification","valueRequired":true,"valueName":"search_term_string"}}],"inLanguage":"es"}]}},"_links":{"self":[{"href":"https:\/\/www.gkcpro.com\/es\/wp-json\/wp\/v2\/product\/919","targetHints":{"allow":["GET"]}}],"collection":[{"href":"https:\/\/www.gkcpro.com\/es\/wp-json\/wp\/v2\/product"}],"about":[{"href":"https:\/\/www.gkcpro.com\/es\/wp-json\/wp\/v2\/types\/product"}],"wp:featuredmedia":[{"embeddable":true,"href":"https:\/\/www.gkcpro.com\/es\/wp-json\/wp\/v2\/media\/928"}],"wp:attachment":[{"href":"https:\/\/www.gkcpro.com\/es\/wp-json\/wp\/v2\/media?parent=919"}],"wp:term":[{"taxonomy":"product_brand","embeddable":true,"href":"https:\/\/www.gkcpro.com\/es\/wp-json\/wp\/v2\/product_brand?post=919"},{"taxonomy":"product_cat","embeddable":true,"href":"https:\/\/www.gkcpro.com\/es\/wp-json\/wp\/v2\/product_cat?post=919"},{"taxonomy":"product_tag","embeddable":true,"href":"https:\/\/www.gkcpro.com\/es\/wp-json\/wp\/v2\/product_tag?post=919"}],"curies":[{"name":"wp","href":"https:\/\/api.w.org\/{rel}","templated":true}]}}