{"id":910,"date":"2026-01-29T14:41:58","date_gmt":"2026-01-29T06:41:58","guid":{"rendered":"https:\/\/www.gkcpro.com\/?post_type=product&#038;p=910"},"modified":"2026-04-17T13:44:54","modified_gmt":"2026-04-17T05:44:54","slug":"dry-box-shipping-containers","status":"publish","type":"product","link":"https:\/\/www.gkcpro.com\/es\/product\/dry-box-shipping-containers\/","title":{"rendered":"Contenedores mar\u00edtimos dry box de 40 pies"},"content":{"rendered":"<p data-start=\"254\" data-end=\"313\">Contenedores mar\u00edtimos de caja seca de 40 pies | Fabricante de contenedores<\/p>\n<p data-start=\"315\" data-end=\"541\"><strong data-start=\"315\" data-end=\"351\">Contenedores mar\u00edtimos dry box de 40 pies<\/strong> son contenedores de carga de acero est\u00e1ndar dise\u00f1ados para el transporte mundial por mar, ferrocarril y cami\u00f3n.<br data-start=\"446\" data-end=\"449\" \/>Mantienen la carga seca, segura y estable durante el transporte de larga distancia y la manipulaci\u00f3n repetida.<\/p>\n<p data-start=\"543\" data-end=\"691\">En <strong data-start=\"546\" data-end=\"574\">Container House S.L.<\/strong>, Fabricamos contenedores mar\u00edtimos de caja seca de 40 pies desde bobinas de acero en bruto hasta contenedores acabados en nuestra propia f\u00e1brica.<\/p>\n<p data-start=\"693\" data-end=\"749\">Sin externalizaci\u00f3n. Sin capas comerciales. S\u00f3lo producci\u00f3n real.<\/p>\n<hr data-start=\"751\" data-end=\"754\" \/>\n<h2 data-start=\"756\" data-end=\"810\">\u00bfPara qu\u00e9 se utilizan los contenedores mar\u00edtimos de caja seca de 40 pies?<\/h2>\n<p data-start=\"812\" data-end=\"864\">Los contenedores mar\u00edtimos de caja seca de 40 pies se utilizan ampliamente en:<\/p>\n<ul data-start=\"866\" data-end=\"1120\">\n<li data-start=\"866\" data-end=\"938\">\n<p data-start=\"868\" data-end=\"938\"><strong data-start=\"868\" data-end=\"897\">Transporte mar\u00edtimo internacional<\/strong> (carga de exportaci\u00f3n, mercanc\u00edas generales, maquinaria)<\/p>\n<\/li>\n<li data-start=\"939\" data-end=\"974\">\n<p data-start=\"941\" data-end=\"974\"><strong data-start=\"941\" data-end=\"974\">Transporte por ferrocarril y cami\u00f3n<\/strong><\/p>\n<\/li>\n<li data-start=\"975\" data-end=\"1007\">\n<p data-start=\"977\" data-end=\"1007\"><strong data-start=\"977\" data-end=\"1007\">Almacenamiento en almacenes y patios<\/strong><\/p>\n<\/li>\n<li data-start=\"1008\" data-end=\"1058\">\n<p data-start=\"1010\" data-end=\"1058\"><strong data-start=\"1010\" data-end=\"1058\">Log\u00edstica de proyectos y manipulaci\u00f3n de materiales a granel<\/strong><\/p>\n<\/li>\n<li data-start=\"1059\" data-end=\"1120\">\n<p data-start=\"1061\" data-end=\"1120\"><strong data-start=\"1061\" data-end=\"1120\">Almacenamiento temporal in situ para la construcci\u00f3n y la industria<\/strong><\/p>\n<\/li>\n<\/ul>\n<p data-start=\"1122\" data-end=\"1278\">Gracias a su s\u00f3lida estructura de acero y a su tama\u00f1o est\u00e1ndar, los contenedores mar\u00edtimos de caja seca de 40 pies son f\u00e1ciles de levantar, apilar, enviar, revender o reutilizar despu\u00e9s del transporte.<\/p>\n<hr data-start=\"1280\" data-end=\"1283\" \/>\n<h2 data-start=\"1285\" data-end=\"1341\">C\u00f3mo se fabrican los contenedores mar\u00edtimos de caja seca de 40 pies<\/h2>\n<p data-start=\"1343\" data-end=\"1448\">En Container House Co., Ltd, cada contenedor mar\u00edtimo de caja seca de 40 pies se fabrica en una l\u00ednea de producci\u00f3n real.<\/p>\n<h3 data-start=\"1450\" data-end=\"1476\">1. Preparaci\u00f3n del acero<\/h3>\n<p data-start=\"1477\" data-end=\"1530\">Las bobinas de acero se desenrollan, se aplanan y se cortan a medida.<\/p>\n<h3 data-start=\"1532\" data-end=\"1570\">2. Limpieza y protecci\u00f3n de superficies<\/h3>\n<p data-start=\"1571\" data-end=\"1696\">Las chapas de acero atraviesan <strong data-start=\"1595\" data-end=\"1612\">granallado<\/strong> para eliminar el \u00f3xido y el polvo.<br data-start=\"1637\" data-end=\"1640\" \/>A <strong data-start=\"1642\" data-end=\"1661\">introducci\u00f3n al taller<\/strong> para proteger la superficie.<\/p>\n<h3 data-start=\"1698\" data-end=\"1729\">3. Conformado en fr\u00edo<\/h3>\n<p data-start=\"1730\" data-end=\"1825\">Las chapas de acero se conforman en fr\u00edo para formar paneles laterales, paneles de techo, marcos de suelo y piezas estructurales.<\/p>\n<h3 data-start=\"1827\" data-end=\"1854\">4. Montaje y soldadura<\/h3>\n<p data-start=\"1855\" data-end=\"1996\">Los paneles, marcos y esquineros est\u00e1n ensamblados y totalmente soldados.<br data-start=\"1922\" data-end=\"1925\" \/>Esto crea un cuerpo de contenedor fuerte dise\u00f1ado para levantar y apilar.<\/p>\n<h3 data-start=\"1998\" data-end=\"2034\">5. Soldadura completa y chorro de arena<\/h3>\n<p data-start=\"2035\" data-end=\"2119\">El cuerpo completo del contenedor se suelda y se somete de nuevo a chorro de arena para prepararlo para la pintura.<\/p>\n<h3 data-start=\"2121\" data-end=\"2153\">6. Pintura anticorrosi\u00f3n<\/h3>\n<ul data-start=\"2154\" data-end=\"2238\">\n<li data-start=\"2154\" data-end=\"2174\">\n<p data-start=\"2156\" data-end=\"2174\">Imprimaci\u00f3n antioxidante<\/p>\n<\/li>\n<li data-start=\"2175\" data-end=\"2193\">\n<p data-start=\"2177\" data-end=\"2193\">Revestimiento intermedio<\/p>\n<\/li>\n<li data-start=\"2194\" data-end=\"2212\">\n<p data-start=\"2196\" data-end=\"2212\">Pintura interior<\/p>\n<\/li>\n<li data-start=\"2213\" data-end=\"2238\">\n<p data-start=\"2215\" data-end=\"2238\">Pintura de acabado exterior<\/p>\n<\/li>\n<\/ul>\n<p data-start=\"2240\" data-end=\"2301\">Cada capa se seca para garantizar el grosor y la durabilidad de la pintura.<\/p>\n<h3 data-start=\"2303\" data-end=\"2326\">7. Montaje final<\/h3>\n<p data-start=\"2327\" data-end=\"2441\">Las puertas, las juntas de goma, las barras de cierre, las placas de identificaci\u00f3n y las etiquetas est\u00e1n instaladas.<br data-start=\"2399\" data-end=\"2402\" \/>El sellador se aplica en las juntas y los bordes.<\/p>\n<h3 data-start=\"2443\" data-end=\"2489\">8. Recubrimiento del fondo y prueba de estanqueidad<\/h3>\n<p data-start=\"2490\" data-end=\"2630\">Se aplica pintura bituminosa al fondo del contenedor.<br data-start=\"2539\" data-end=\"2542\" \/>Cada contenedor de caja seca de 40 pies pasa un <strong data-start=\"2589\" data-end=\"2613\">prueba de estanqueidad<\/strong> antes de la entrega.<\/p>\n<hr data-start=\"2632\" data-end=\"2635\" \/>\n<h2 data-start=\"2637\" data-end=\"2694\">Ventajas clave de nuestros contenedores mar\u00edtimos de caja seca de 40 pies<\/h2>\n<ul data-start=\"2696\" data-end=\"3017\">\n<li data-start=\"2696\" data-end=\"2764\">\n<p data-start=\"2698\" data-end=\"2764\">Fabricado en <strong data-start=\"2711\" data-end=\"2723\">en la empresa<\/strong> de las bobinas de acero al contenedor acabado<\/p>\n<\/li>\n<li data-start=\"2765\" data-end=\"2824\">\n<p data-start=\"2767\" data-end=\"2824\">Estructura de acero totalmente soldada para transporte mar\u00edtimo repetido<\/p>\n<\/li>\n<li data-start=\"2825\" data-end=\"2870\">\n<p data-start=\"2827\" data-end=\"2870\">Sistema de revestimiento anticorrosi\u00f3n multicapa<\/p>\n<\/li>\n<li data-start=\"2871\" data-end=\"2928\">\n<p data-start=\"2873\" data-end=\"2928\">Juntas y sellos de las puertas comprobados para evitar fugas de agua<\/p>\n<\/li>\n<li data-start=\"2929\" data-end=\"2967\">\n<p data-start=\"2931\" data-end=\"2967\">Inspecci\u00f3n en f\u00e1brica antes de la entrega<\/p>\n<\/li>\n<li data-start=\"2968\" data-end=\"3017\">\n<p data-start=\"2970\" data-end=\"3017\">Adecuado para exportaci\u00f3n, almacenamiento y uso en proyectos<\/p>\n<\/li>\n<\/ul>\n<hr data-start=\"3019\" data-end=\"3022\" \/>\n<h2 data-start=\"3024\" data-end=\"3083\">Contenedor mar\u00edtimo de caja seca de 40 pies - Especificaciones t\u00edpicas<\/h2>\n<ul data-start=\"3085\" data-end=\"3348\">\n<li data-start=\"3085\" data-end=\"3121\">\n<p data-start=\"3087\" data-end=\"3121\"><strong data-start=\"3087\" data-end=\"3106\">Tipo de contenedor:<\/strong> Caja seca de 40 pies<\/p>\n<\/li>\n<li data-start=\"3122\" data-end=\"3159\">\n<p data-start=\"3124\" data-end=\"3159\"><strong data-start=\"3124\" data-end=\"3138\">Estructura:<\/strong> Bastidor de acero soldado<\/p>\n<\/li>\n<li data-start=\"3160\" data-end=\"3200\">\n<p data-start=\"3162\" data-end=\"3200\"><strong data-start=\"3162\" data-end=\"3182\">Longitud interna:<\/strong> Aprox. 12,03 m<\/p>\n<\/li>\n<li data-start=\"3201\" data-end=\"3239\">\n<p data-start=\"3203\" data-end=\"3239\"><strong data-start=\"3203\" data-end=\"3222\">Anchura interior:<\/strong> Aprox. 2,34 m<\/p>\n<\/li>\n<li data-start=\"3240\" data-end=\"3279\">\n<p data-start=\"3242\" data-end=\"3279\"><strong data-start=\"3242\" data-end=\"3262\">Altura interior:<\/strong> Aprox. 2,38 m<\/p>\n<\/li>\n<li data-start=\"3280\" data-end=\"3313\">\n<p data-start=\"3282\" data-end=\"3313\"><strong data-start=\"3282\" data-end=\"3295\">Capacidad:<\/strong> Aprox. 65,3 m\u00b3<\/p>\n<\/li>\n<li data-start=\"3314\" data-end=\"3348\">\n<p data-start=\"3316\" data-end=\"3348\"><strong data-start=\"3316\" data-end=\"3328\">Carga \u00fatil:<\/strong> Aprox. 27.300 kg<\/p>\n<\/li>\n<\/ul>\n<p data-start=\"3350\" data-end=\"3403\">(Especificaciones personalizadas disponibles para pedidos de proyectos).<\/p>\n<hr data-start=\"3405\" data-end=\"3408\" \/>\n<h2 data-start=\"3410\" data-end=\"3443\">Container Packing, Inspection &amp; Delivery<\/h2>\n<ul data-start=\"3445\" data-end=\"3761\">\n<li data-start=\"3445\" data-end=\"3517\">\n<p data-start=\"3447\" data-end=\"3517\">Los contenedores se limpian e inspeccionan en la f\u00e1brica despu\u00e9s de la producci\u00f3n<\/p>\n<\/li>\n<li data-start=\"3518\" data-end=\"3583\">\n<p data-start=\"3520\" data-end=\"3583\">Las puertas, las juntas y la estructura se comprueban de nuevo antes del env\u00edo<\/p>\n<\/li>\n<li data-start=\"3584\" data-end=\"3652\">\n<p data-start=\"3586\" data-end=\"3652\">Las unidades se colocan o apilan de acuerdo con las normas de transporte mar\u00edtimo<\/p>\n<\/li>\n<li data-start=\"3653\" data-end=\"3761\">\n<p data-start=\"3655\" data-end=\"3761\">Los contenedores se entregan como <strong data-start=\"3683\" data-end=\"3723\">nuevos contenedores dry box de 40 pies<\/strong>, listo para carga o entrega en puerto<\/p>\n<\/li>\n<\/ul>\n<hr data-start=\"3763\" data-end=\"3766\" \/>\n<h2 data-start=\"3768\" data-end=\"3794\">40ft container Use &amp; Maintenance Notes<\/h2>\n<ul data-start=\"3796\" data-end=\"4002\">\n<li data-start=\"3796\" data-end=\"3844\">\n<p data-start=\"3798\" data-end=\"3844\">Cargue la mercanc\u00eda uniformemente para proteger el suelo de acero<\/p>\n<\/li>\n<li data-start=\"3845\" data-end=\"3891\">\n<p data-start=\"3847\" data-end=\"3891\">Compruebe las juntas de las puertas antes del transporte mar\u00edtimo de larga distancia<\/p>\n<\/li>\n<li data-start=\"3892\" data-end=\"3940\">\n<p data-start=\"3894\" data-end=\"3940\">Colocar los contenedores en un terreno llano para su almacenamiento<\/p>\n<\/li>\n<li data-start=\"3941\" data-end=\"4002\">\n<p data-start=\"3943\" data-end=\"4002\">La limpieza peri\u00f3dica y la inspecci\u00f3n de la pintura ayudan a ralentizar la corrosi\u00f3n<\/p>\n<\/li>\n<\/ul>\n<p data-start=\"4004\" data-end=\"4092\">Con un mantenimiento b\u00e1sico, un contenedor mar\u00edtimo de caja seca de 40 pies puede utilizarse para <strong data-start=\"4078\" data-end=\"4091\">M\u00e1s de 15 a\u00f1os<\/strong>.<\/p>\n<h2 data-start=\"4099\" data-end=\"4140\">FAQ - Contenedores mar\u00edtimos de caja seca de 40 pies<\/h2>\n<h3 data-start=\"4142\" data-end=\"4282\"><strong data-start=\"4142\" data-end=\"4196\">1. \u00bfEst\u00e1n los contenedores listos para su uso despu\u00e9s de la entrega?<\/strong><\/h3>\n<p data-start=\"4142\" data-end=\"4282\">S\u00ed. Cada contenedor se entrega como un contenedor nuevo, listo para su carga o env\u00edo.<\/p>\n<h3 data-start=\"4284\" data-end=\"4419\"><strong data-start=\"4284\" data-end=\"4324\">2. \u00bfC\u00f3mo se evitan las fugas de agua?<\/strong><\/h3>\n<p data-start=\"4284\" data-end=\"4419\">Se comprueban todas las puertas, juntas y uniones, y cada contenedor pasa una prueba de estanqueidad.<\/p>\n<h3 data-start=\"4421\" data-end=\"4536\"><strong data-start=\"4421\" data-end=\"4471\">3. \u00bfPueden reutilizarse estos contenedores para el almacenamiento?<\/strong><\/h3>\n<p data-start=\"4421\" data-end=\"4536\">S\u00ed. Muchos compradores los vuelven a utilizar para el almacenamiento en almac\u00e9n o en obra.<\/p>\n<h3 data-start=\"4538\" data-end=\"4683\"><strong data-start=\"4538\" data-end=\"4572\">4. \u00bfAdmiten pedidos al por mayor?<\/strong><\/h3>\n<p data-start=\"4538\" data-end=\"4683\">S\u00ed. Suministramos contenedores mar\u00edtimos de caja seca de 40 pies a granel para exportadores, empresas de log\u00edstica y compradores de proyectos.<\/p>\n<h3 data-start=\"4953\" data-end=\"5031\">5.\u00bfSu contenedor tiene certificado?<\/h3>\n<p data-start=\"4953\" data-end=\"5031\">Nuestros contenedores han obtenido m\u00faltiples certificaciones, como ISO y CE. Puede comunicarse con nuestro equipo de ventas y le proporcionaremos garant\u00edas de los certificados. Consulte nuestro certificado CE.<\/p>\n<p data-start=\"4538\" data-end=\"4683\">","protected":false},"excerpt":{"rendered":"<p><img loading=\"lazy\" decoding=\"async\" class=\"alignnone size-full wp-image-1139\" src=\"https:\/\/www.gkcpro.com\/wp-content\/uploads\/2026\/02\/evaluate.jpg\" alt=\"Mis contenedores se exportan a muchos pa\u00edses; este es un escaparate de los testimonios de nuestros clientes.\" width=\"1000\" height=\"474\" srcset=\"https:\/\/www.gkcpro.com\/wp-content\/uploads\/2026\/02\/evaluate.jpg 1000w, https:\/\/www.gkcpro.com\/wp-content\/uploads\/2026\/02\/evaluate-300x142.jpg 300w, https:\/\/www.gkcpro.com\/wp-content\/uploads\/2026\/02\/evaluate-768x364.jpg 768w, https:\/\/www.gkcpro.com\/wp-content\/uploads\/2026\/02\/evaluate-18x9.jpg 18w, https:\/\/www.gkcpro.com\/wp-content\/uploads\/2026\/02\/evaluate-624x296.jpg 624w, https:\/\/www.gkcpro.com\/wp-content\/uploads\/2026\/02\/evaluate-800x379.jpg 800w\" sizes=\"auto, (max-width: 1000px) 100vw, 1000px\" \/><img loading=\"lazy\" decoding=\"async\" class=\"alignnone size-full wp-image-1137\" src=\"https:\/\/www.gkcpro.com\/wp-content\/uploads\/2026\/02\/container-house-certificates.jpg\" alt=\"\" width=\"1470\" height=\"2000\" srcset=\"https:\/\/www.gkcpro.com\/wp-content\/uploads\/2026\/02\/container-house-certificates.jpg 1470w, https:\/\/www.gkcpro.com\/wp-content\/uploads\/2026\/02\/container-house-certificates-221x300.jpg 221w, https:\/\/www.gkcpro.com\/wp-content\/uploads\/2026\/02\/container-house-certificates-753x1024.jpg 753w, https:\/\/www.gkcpro.com\/wp-content\/uploads\/2026\/02\/container-house-certificates-768x1045.jpg 768w, https:\/\/www.gkcpro.com\/wp-content\/uploads\/2026\/02\/container-house-certificates-1129x1536.jpg 1129w, https:\/\/www.gkcpro.com\/wp-content\/uploads\/2026\/02\/container-house-certificates-9x12.jpg 9w, https:\/\/www.gkcpro.com\/wp-content\/uploads\/2026\/02\/container-house-certificates-624x849.jpg 624w, https:\/\/www.gkcpro.com\/wp-content\/uploads\/2026\/02\/container-house-certificates-800x1088.jpg 800w\" sizes=\"auto, (max-width: 1470px) 100vw, 1470px\" \/><\/p>","protected":false},"featured_media":915,"template":"","meta":[],"product_brand":[],"product_cat":[49],"product_tag":[],"class_list":{"0":"post-910","1":"product","2":"type-product","3":"status-publish","4":"has-post-thumbnail","6":"product_cat-reefer-container-and-dry-container","8":"first","9":"instock","10":"shipping-taxable","11":"product-type-simple"},"yoast_head":"<!-- This site is optimized with the Yoast SEO plugin v26.6 - https:\/\/yoast.com\/wordpress\/plugins\/seo\/ -->\n<title>40ft dry box shipping containers\u200b - china container manufacturer<\/title>\n<meta name=\"description\" content=\"We are container factory. dry box shipping containers\u200b for exporting, if you want to import dry container and more container, pls contact me.\" \/>\n<meta name=\"robots\" content=\"index, follow, max-snippet:-1, max-image-preview:large, max-video-preview:-1\" \/>\n<link rel=\"canonical\" href=\"https:\/\/www.gkcpro.com\/es\/product\/dry-box-shipping-containers\/\" \/>\n<meta property=\"og:locale\" content=\"es_ES\" \/>\n<meta property=\"og:type\" content=\"article\" \/>\n<meta property=\"og:title\" content=\"40ft dry box shipping containers\u200b - china container manufacturer\" \/>\n<meta property=\"og:description\" content=\"We are container factory. dry box shipping containers\u200b for exporting, if you want to import dry container and more container, pls contact me.\" \/>\n<meta property=\"og:url\" content=\"https:\/\/www.gkcpro.com\/es\/product\/dry-box-shipping-containers\/\" \/>\n<meta property=\"og:site_name\" content=\"Container House Co., Ltd.\" \/>\n<meta property=\"article:modified_time\" content=\"2026-04-17T05:44:54+00:00\" \/>\n<meta property=\"og:image\" content=\"https:\/\/www.gkcpro.com\/wp-content\/uploads\/2026\/01\/dry-containerss.jpg\" \/>\n\t<meta property=\"og:image:width\" content=\"800\" \/>\n\t<meta property=\"og:image:height\" content=\"800\" \/>\n\t<meta property=\"og:image:type\" content=\"image\/jpeg\" \/>\n<meta name=\"twitter:card\" content=\"summary_large_image\" \/>\n<meta name=\"twitter:label1\" content=\"Tiempo de lectura\" \/>\n\t<meta name=\"twitter:data1\" content=\"4 minutos\" \/>\n<script type=\"application\/ld+json\" class=\"yoast-schema-graph\">{\"@context\":\"https:\/\/schema.org\",\"@graph\":[{\"@type\":\"WebPage\",\"@id\":\"https:\/\/www.gkcpro.com\/product\/dry-box-shipping-containers\/\",\"url\":\"https:\/\/www.gkcpro.com\/product\/dry-box-shipping-containers\/\",\"name\":\"40ft dry box shipping containers\u200b - china container manufacturer\",\"isPartOf\":{\"@id\":\"https:\/\/www.gkcpro.com\/#website\"},\"primaryImageOfPage\":{\"@id\":\"https:\/\/www.gkcpro.com\/product\/dry-box-shipping-containers\/#primaryimage\"},\"image\":{\"@id\":\"https:\/\/www.gkcpro.com\/product\/dry-box-shipping-containers\/#primaryimage\"},\"thumbnailUrl\":\"https:\/\/www.gkcpro.com\/wp-content\/uploads\/2026\/01\/dry-containerss.jpg\",\"datePublished\":\"2026-01-29T06:41:58+00:00\",\"dateModified\":\"2026-04-17T05:44:54+00:00\",\"description\":\"We are container factory. dry box shipping containers\u200b for exporting, if you want to import dry container and more container, pls contact me.\",\"breadcrumb\":{\"@id\":\"https:\/\/www.gkcpro.com\/product\/dry-box-shipping-containers\/#breadcrumb\"},\"inLanguage\":\"es\",\"potentialAction\":[{\"@type\":\"ReadAction\",\"target\":[\"https:\/\/www.gkcpro.com\/product\/dry-box-shipping-containers\/\"]}]},{\"@type\":\"ImageObject\",\"inLanguage\":\"es\",\"@id\":\"https:\/\/www.gkcpro.com\/product\/dry-box-shipping-containers\/#primaryimage\",\"url\":\"https:\/\/www.gkcpro.com\/wp-content\/uploads\/2026\/01\/dry-containerss.jpg\",\"contentUrl\":\"https:\/\/www.gkcpro.com\/wp-content\/uploads\/2026\/01\/dry-containerss.jpg\",\"width\":800,\"height\":800,\"caption\":\"Explore this robust dry container house built by our experienced factory in China, perfect for wholesaler and exporter partners seeking reliable modular living options.\"},{\"@type\":\"BreadcrumbList\",\"@id\":\"https:\/\/www.gkcpro.com\/product\/dry-box-shipping-containers\/#breadcrumb\",\"itemListElement\":[{\"@type\":\"ListItem\",\"position\":1,\"name\":\"\u9996\u9875\",\"item\":\"https:\/\/www.gkcpro.com\/\"},{\"@type\":\"ListItem\",\"position\":2,\"name\":\"Products\",\"item\":\"https:\/\/www.gkcpro.com\/shop\/\"},{\"@type\":\"ListItem\",\"position\":3,\"name\":\"40ft dry box shipping containers\u200b\"}]},{\"@type\":\"WebSite\",\"@id\":\"https:\/\/www.gkcpro.com\/#website\",\"url\":\"https:\/\/www.gkcpro.com\/\",\"name\":\"Container House Co., Ltd.\",\"description\":\"Container House factory\",\"potentialAction\":[{\"@type\":\"SearchAction\",\"target\":{\"@type\":\"EntryPoint\",\"urlTemplate\":\"https:\/\/www.gkcpro.com\/?s={search_term_string}\"},\"query-input\":{\"@type\":\"PropertyValueSpecification\",\"valueRequired\":true,\"valueName\":\"search_term_string\"}}],\"inLanguage\":\"es\"}]}<\/script>\n<!-- \/ Yoast SEO plugin. -->","yoast_head_json":{"title":"40ft dry box shipping containers - china fabricante de contenedores","description":"Somos f\u00e1brica del envase. los envases secos del env\u00edo de la caja para exportar, si usted quiere importar el envase seco y m\u00e1s envase, pls me entran en contacto con.","robots":{"index":"index","follow":"follow","max-snippet":"max-snippet:-1","max-image-preview":"max-image-preview:large","max-video-preview":"max-video-preview:-1"},"canonical":"https:\/\/www.gkcpro.com\/es\/product\/dry-box-shipping-containers\/","og_locale":"es_ES","og_type":"article","og_title":"40ft dry box shipping containers\u200b - china container manufacturer","og_description":"We are container factory. dry box shipping containers\u200b for exporting, if you want to import dry container and more container, pls contact me.","og_url":"https:\/\/www.gkcpro.com\/es\/product\/dry-box-shipping-containers\/","og_site_name":"Container House Co., Ltd.","article_modified_time":"2026-04-17T05:44:54+00:00","og_image":[{"width":800,"height":800,"url":"https:\/\/www.gkcpro.com\/wp-content\/uploads\/2026\/01\/dry-containerss.jpg","type":"image\/jpeg"}],"twitter_card":"summary_large_image","twitter_misc":{"Tiempo de lectura":"4 minutos"},"schema":{"@context":"https:\/\/schema.org","@graph":[{"@type":"WebPage","@id":"https:\/\/www.gkcpro.com\/product\/dry-box-shipping-containers\/","url":"https:\/\/www.gkcpro.com\/product\/dry-box-shipping-containers\/","name":"40ft dry box shipping containers - china fabricante de contenedores","isPartOf":{"@id":"https:\/\/www.gkcpro.com\/#website"},"primaryImageOfPage":{"@id":"https:\/\/www.gkcpro.com\/product\/dry-box-shipping-containers\/#primaryimage"},"image":{"@id":"https:\/\/www.gkcpro.com\/product\/dry-box-shipping-containers\/#primaryimage"},"thumbnailUrl":"https:\/\/www.gkcpro.com\/wp-content\/uploads\/2026\/01\/dry-containerss.jpg","datePublished":"2026-01-29T06:41:58+00:00","dateModified":"2026-04-17T05:44:54+00:00","description":"Somos f\u00e1brica del envase. los envases secos del env\u00edo de la caja para exportar, si usted quiere importar el envase seco y m\u00e1s envase, pls me entran en contacto con.","breadcrumb":{"@id":"https:\/\/www.gkcpro.com\/product\/dry-box-shipping-containers\/#breadcrumb"},"inLanguage":"es","potentialAction":[{"@type":"ReadAction","target":["https:\/\/www.gkcpro.com\/product\/dry-box-shipping-containers\/"]}]},{"@type":"ImageObject","inLanguage":"es","@id":"https:\/\/www.gkcpro.com\/product\/dry-box-shipping-containers\/#primaryimage","url":"https:\/\/www.gkcpro.com\/wp-content\/uploads\/2026\/01\/dry-containerss.jpg","contentUrl":"https:\/\/www.gkcpro.com\/wp-content\/uploads\/2026\/01\/dry-containerss.jpg","width":800,"height":800,"caption":"Explore this robust dry container house built by our experienced factory in China, perfect for wholesaler and exporter partners seeking reliable modular living options."},{"@type":"BreadcrumbList","@id":"https:\/\/www.gkcpro.com\/product\/dry-box-shipping-containers\/#breadcrumb","itemListElement":[{"@type":"ListItem","position":1,"name":"\u9996\u9875","item":"https:\/\/www.gkcpro.com\/"},{"@type":"ListItem","position":2,"name":"Products","item":"https:\/\/www.gkcpro.com\/shop\/"},{"@type":"ListItem","position":3,"name":"40ft dry box shipping containers\u200b"}]},{"@type":"WebSite","@id":"https:\/\/www.gkcpro.com\/#website","url":"https:\/\/www.gkcpro.com\/","name":"Container House Co.","description":"F\u00e1brica de casas contenedor","potentialAction":[{"@type":"SearchAction","target":{"@type":"EntryPoint","urlTemplate":"https:\/\/www.gkcpro.com\/?s={search_term_string}"},"query-input":{"@type":"PropertyValueSpecification","valueRequired":true,"valueName":"search_term_string"}}],"inLanguage":"es"}]}},"_links":{"self":[{"href":"https:\/\/www.gkcpro.com\/es\/wp-json\/wp\/v2\/product\/910","targetHints":{"allow":["GET"]}}],"collection":[{"href":"https:\/\/www.gkcpro.com\/es\/wp-json\/wp\/v2\/product"}],"about":[{"href":"https:\/\/www.gkcpro.com\/es\/wp-json\/wp\/v2\/types\/product"}],"wp:featuredmedia":[{"embeddable":true,"href":"https:\/\/www.gkcpro.com\/es\/wp-json\/wp\/v2\/media\/915"}],"wp:attachment":[{"href":"https:\/\/www.gkcpro.com\/es\/wp-json\/wp\/v2\/media?parent=910"}],"wp:term":[{"taxonomy":"product_brand","embeddable":true,"href":"https:\/\/www.gkcpro.com\/es\/wp-json\/wp\/v2\/product_brand?post=910"},{"taxonomy":"product_cat","embeddable":true,"href":"https:\/\/www.gkcpro.com\/es\/wp-json\/wp\/v2\/product_cat?post=910"},{"taxonomy":"product_tag","embeddable":true,"href":"https:\/\/www.gkcpro.com\/es\/wp-json\/wp\/v2\/product_tag?post=910"}],"curies":[{"name":"wp","href":"https:\/\/api.w.org\/{rel}","templated":true}]}}