{"id":773,"date":"2026-02-22T09:36:28","date_gmt":"2026-02-22T01:36:28","guid":{"rendered":"https:\/\/www.gkcpro.com\/?post_type=product&#038;p=773"},"modified":"2026-04-17T13:40:54","modified_gmt":"2026-04-17T05:40:54","slug":"20ft-reefer-container","status":"publish","type":"product","link":"https:\/\/www.gkcpro.com\/es\/product\/20ft-reefer-container\/","title":{"rendered":"venta al por mayor de contenedores refrigerados de 20 pies"},"content":{"rendered":"<h2><span data-markdown-start-index=\"1123\">Especificaciones del contenedor refrigerado de 20 pies\u00a0<\/span><\/h2>\n<p><span data-markdown-start-index=\"1196\">Buscando un\u00a0<\/span><strong><span data-markdown-start-index=\"1221\">Contenedor frigor\u00edfico de 20 pies<\/span><\/strong><span data-markdown-start-index=\"1244\">\u00a0para proteger su carga sensible a la temperatura?<\/span><\/p>\n<p><span data-markdown-start-index=\"1290\">Est\u00e1 usted en el lugar adecuado.<\/span><\/p>\n<p><span data-markdown-start-index=\"1318\">En <\/span><strong><span data-markdown-start-index=\"1323\">Container House S.L.<\/span><\/strong><span data-markdown-start-index=\"1363\">, No nos limitamos a fabricar contenedores, sino que dise\u00f1amos\u00a0<\/span><strong><span data-markdown-start-index=\"1417\">soluciones para la cadena de fr\u00edo<\/span><\/strong><span data-markdown-start-index=\"1439\">. Los contenedores est\u00e1n equipados con m\u00e1quinas de las marcas Thermo King, Carrier y otras. Exportamos contenedores frigor\u00edficos nuevos y usados a cualquier puerto del mundo.<\/span><\/p>\n<p><span data-markdown-start-index=\"1441\">Tanto si env\u00eda productos farmac\u00e9uticos como productos frescos o marisco congelado, nuestros contenedores frigor\u00edficos de 20 pies con certificaci\u00f3n ISO ofrecen un control preciso de la temperatura (de -30 \u00b0C a +30 \u00b0C) y un aislamiento superior.<\/span><\/p>\n<p><strong><span data-markdown-start-index=\"1638\">\u00bfY lo mejor?<\/span><\/strong><\/p>\n<p><span data-markdown-start-index=\"1655\">Nuestros contenedores est\u00e1n dise\u00f1ados para\u00a0<\/span><strong><span data-markdown-start-index=\"1691\">m\u00e1xima eficiencia energ\u00e9tica<\/span><\/strong><span data-markdown-start-index=\"1718\">, que le ayudar\u00e1n a reducir significativamente los costes operativos.<\/span><\/p>\n<p><span data-markdown-start-index=\"1769\">A continuaci\u00f3n, explicamos exactamente por qu\u00e9 nuestro\u00a0<\/span><strong><span data-markdown-start-index=\"1808\">Contenedor frigor\u00edfico de 20 pies<\/span><\/strong><span data-markdown-start-index=\"1831\">\u00a0es la opci\u00f3n #1 para compradores B2B de todo el mundo.<\/span><\/p>\n<h2><span data-markdown-start-index=\"2794\">\u00bfPor qu\u00e9 elegir nuestro contenedor refrigerado de 20 pies?<\/span><\/h2>\n<p><span data-markdown-start-index=\"2832\">Cuando se abastece de un\u00a0<\/span><strong><span data-markdown-start-index=\"2857\">Fabricante chino de contenedores mar\u00edtimos<\/span><\/strong><span data-markdown-start-index=\"2896\">, necesita algo m\u00e1s que una caja met\u00e1lica. Necesita fiabilidad.<\/span><\/p>\n<p><span data-markdown-start-index=\"2957\">He aqu\u00ed por qu\u00e9 destacan nuestros contenedores:<\/span><\/p>\n<h3><span data-markdown-start-index=\"2999\">1. \u201cEficiencia energ\u00e9tica \u201dSmart-Cool<\/span><\/h3>\n<p><span data-markdown-start-index=\"3032\">Los costes de la electricidad pueden acabar con tus m\u00e1rgenes.<\/span><\/p>\n<p><span data-markdown-start-index=\"3073\">Por eso nuestro\u00a0<\/span><strong><span data-markdown-start-index=\"3092\">Contenedor frigor\u00edfico de 20 pies<\/span><\/strong><span data-markdown-start-index=\"3115\">\u00a0est\u00e1 construido con aislamiento de espuma de poliuretano de alta densidad y juntas de puerta avanzadas. Este dise\u00f1o minimiza las fugas de calor (bajo valor K).<\/span><\/p>\n<p><strong><span data-markdown-start-index=\"3247\">\u00bfEl resultado?<\/span><\/strong><\/p>\n<ul>\n<li><span data-markdown-start-index=\"3264\">Su unidad de refrigeraci\u00f3n funciona menos.<\/span><\/li>\n<li><span data-markdown-start-index=\"3297\">Ahorras dinero en combustible y electricidad.<\/span><\/li>\n<li><span data-markdown-start-index=\"3340\">La carga se mantiene fresca, incluso en condiciones extremas de calor exterior.<\/span><\/li>\n<\/ul>\n<h3><span data-markdown-start-index=\"3398\">2. Control preciso de la temperatura (cero deterioro)<\/span><\/h3>\n<p><span data-markdown-start-index=\"3444\">Para los productos farmac\u00e9uticos y la carne congelada, una fluctuaci\u00f3n de 1 \u00b0C puede ser un desastre.<\/span><\/p>\n<p><span data-markdown-start-index=\"3522\">Nuestras unidades mantienen un\u00a0<\/span><strong><span data-markdown-start-index=\"3545\">flujo de aire constante<\/span><\/strong><span data-markdown-start-index=\"3563\">\u00a0a trav\u00e9s del suelo T-Bar, asegurando que el aire fr\u00edo envuelva cada palet. Tanto si necesita \u201cultracongelado\u201d como \u201crefrigerado\u201d, nuestro sistema mantiene el punto de consigna implacablemente.<\/span><\/p>\n<h3><span data-markdown-start-index=\"3728\">3. Construido para los oc\u00e9anos m\u00e1s duros<\/span><\/h3>\n<p><span data-markdown-start-index=\"3760\">Utilizamos\u00a0<\/span><strong><span data-markdown-start-index=\"3769\">Acero corten (acero resistente a la intemperie)<\/span><\/strong><span data-markdown-start-index=\"3802\">\u00a0para la estructura principal.<\/span><\/p>\n<p><strong><span data-markdown-start-index=\"3829\">\u00bfPor qu\u00e9 es importante?<\/span><\/strong><br \/>\n<span data-markdown-start-index=\"3852\">El agua salada es corrosiva. Nuestro revestimiento anticorrosi\u00f3n y nuestra duradera estructura de acero garantizan que su inversi\u00f3n dure m\u00e1s de 15 a\u00f1os, incluso con frecuentes env\u00edos internacionales.<\/span><\/p>\n<hr \/>\n<h2><span data-markdown-start-index=\"4025\">Shipping reefer container Applications: What Can You Ship?<\/span><\/h2>\n<p><span data-markdown-start-index=\"4058\">Nuestra\u00a0<\/span><strong><span data-markdown-start-index=\"4064\">Contenedores frigor\u00edficos de 20 pies<\/span><\/strong><span data-markdown-start-index=\"4088\">\u00a0son caballos de batalla vers\u00e1tiles. Cuentan con la confianza de industrias como:<\/span><\/p>\n<ul>\n<li><strong><span data-markdown-start-index=\"4163\">Productos frescos:<\/span><\/strong><span data-markdown-start-index=\"4179\">\u00a0Frutas, verduras y flores (control de humedad disponible).<\/span><\/li>\n<li><strong><span data-markdown-start-index=\"4247\">Productos farmac\u00e9uticos:<\/span><\/strong><span data-markdown-start-index=\"4265\">\u00a0Vacunas y suministros m\u00e9dicos que requieren un estricto cumplimiento de las GDP.<\/span><\/li>\n<li><strong><span data-markdown-start-index=\"4334\">Alimentos congelados:<\/span><\/strong><span data-markdown-start-index=\"4349\">\u00a0Carne, marisco y helado.<\/span><\/li>\n<li><strong><span data-markdown-start-index=\"4385\">Productos qu\u00edmicos industriales:<\/span><\/strong><span data-markdown-start-index=\"4408\">\u00a0Materiales vol\u00e1tiles sensibles a la temperatura.<\/span><\/li>\n<\/ul>\n\n<table id=\"tablepress-6\" class=\"tablepress tablepress-id-6 tbody-has-connected-cells\">\n<thead>\n<tr class=\"row-1\">\n\t<td class=\"column-1\"><\/td><td class=\"column-2\"><\/td><td class=\"column-3\"><\/td><td class=\"column-4\"><\/td><td class=\"column-5\"><\/td><td class=\"column-6\"><\/td><td class=\"column-7\"><\/td><td class=\"column-8\"><\/td><td class=\"column-9\"><\/td>\n<\/tr>\n<\/thead>\n<tbody class=\"row-striping row-hover\">\n<tr class=\"row-2\">\n\t<td rowspan=\"3\" class=\"column-1\">Tipo<\/td><td colspan=\"3\" class=\"column-2\">Dimensiones Exteriores<\/td><td colspan=\"3\" class=\"column-5\">Dimensiones Interior<\/td><td class=\"column-8\">Capacidad interior c\u00fabica<\/td><td class=\"column-9\">Peso de tara<\/td>\n<\/tr>\n<tr class=\"row-3\">\n\t<td colspan=\"3\" class=\"column-2\">(mm)<\/td><td colspan=\"3\" class=\"column-5\">(mm)<\/td><td rowspan=\"2\" class=\"column-8\">(m\u00b3)<\/td><td rowspan=\"2\" class=\"column-9\">(kg)<\/td>\n<\/tr>\n<tr class=\"row-4\">\n\t<td class=\"column-2\">Longitud<\/td><td class=\"column-3\">Anchura<\/td><td class=\"column-4\">Altura<\/td><td class=\"column-5\">Longitud<\/td><td class=\"column-6\">Anchura<\/td><td class=\"column-7\">Altura<\/td>\n<\/tr>\n<tr class=\"row-5\">\n\t<td class=\"column-1\">20'<\/td><td class=\"column-2\">6058<\/td><td class=\"column-3\">2438<\/td><td class=\"column-4\">2591<\/td><td class=\"column-5\">5898<\/td><td class=\"column-6\">2352<\/td><td class=\"column-7\">2363<\/td><td class=\"column-8\">33.2<\/td><td class=\"column-9\">2270<\/td>\n<\/tr>\n<tr class=\"row-6\">\n\t<td class=\"column-1\">20HC<\/td><td class=\"column-2\">6058<\/td><td class=\"column-3\">2438<\/td><td class=\"column-4\">2896<\/td><td class=\"column-5\">5898<\/td><td class=\"column-6\">2352<\/td><td class=\"column-7\">2673<\/td><td class=\"column-8\">37<\/td><td class=\"column-9\">2515<\/td>\n<\/tr>\n<tr class=\"row-7\">\n\t<td class=\"column-1\">40'<\/td><td class=\"column-2\">12192<\/td><td class=\"column-3\">2438<\/td><td class=\"column-4\">2591<\/td><td class=\"column-5\">12031<\/td><td class=\"column-6\">2352<\/td><td class=\"column-7\">2384<\/td><td class=\"column-8\">67.7<\/td><td class=\"column-9\">3720<\/td>\n<\/tr>\n<tr class=\"row-8\">\n\t<td class=\"column-1\">40HC<\/td><td class=\"column-2\">12192<\/td><td class=\"column-3\">2438<\/td><td class=\"column-4\">2896<\/td><td class=\"column-5\">12031<\/td><td class=\"column-6\">2352<\/td><td class=\"column-7\">2673<\/td><td class=\"column-8\">76.4<\/td><td class=\"column-9\">3900<\/td>\n<\/tr>\n<\/tbody>\n<\/table>\n<!-- #tablepress-6 from cache -->\n<h2><span data-markdown-start-index=\"4458\">FAQ: B2B Procurement Guide about reefer container<\/span><\/h2>\n<p><strong><span data-markdown-start-index=\"4487\">P: \u00bfCu\u00e1l es el plazo de entrega de un pedido al por mayor?<\/span><\/strong><br \/>\n<span data-markdown-start-index=\"4531\">R: Como proveedor directo de f\u00e1brica, normalmente podemos tener unidades est\u00e1ndar listas en\u00a0<\/span><strong><span data-markdown-start-index=\"4612\">7-14 d\u00edas<\/span><\/strong><span data-markdown-start-index=\"4623\">. Para pedidos personalizados, consulte a nuestro equipo de ventas.<\/span><\/p>\n<p><strong><span data-markdown-start-index=\"4677\">P: \u00bfPueden instalar una marca concreta de maquinaria (por ejemplo, Carrier)?<\/span><\/strong><br \/>\n<span data-markdown-start-index=\"4744\">R: S\u00ed. Colaboramos con grandes marcas como\u00a0<\/span><strong><span data-markdown-start-index=\"4786\">Carrier, Thermo King y Daikin<\/span><\/strong><span data-markdown-start-index=\"4820\">. Usted especifica la maquinaria; nosotros la instalamos.<\/span><\/p>\n<p><strong><span data-markdown-start-index=\"4866\">P: \u00bfOfrecen el servicio \u201cUso \u00fanico\u201d en mi pa\u00eds?<\/span><\/strong><br \/>\n<span data-markdown-start-index=\"4920\">R: \u00a1S\u00ed! A menudo podemos organizar el uso de contenedores SOC (Shipper Owned Container) de ida a los principales puertos de EE.UU., Europa y el Sudeste Asi\u00e1tico. Esto le ahorra costes de flete.<\/span><\/p>\n<p><strong><span data-markdown-start-index=\"5078\">P: \u00bfCu\u00e1l es la diferencia entre un frigor\u00edfico de 20 pies y uno de 40 pies?<\/span><\/strong><br \/>\n<span data-markdown-start-index=\"5139\">A: A\u00a0<\/span><strong><span data-markdown-start-index=\"5146\">frigor\u00edfico de 20 pies<\/span><\/strong><span data-markdown-start-index=\"5159\">\u00a0es ideal para cargas pesadas y densas (como carne congelada) porque alcanza el l\u00edmite de peso antes que el de volumen. Un frigor\u00edfico de 40 pies es mejor para cargas voluminosas y ligeras (como verduras).<\/span><\/p>\n<hr \/>\n<h2><span data-markdown-start-index=\"5349\">\u00bfEst\u00e1 listo para actualizar su cadena de fr\u00edo?<\/span><\/h2>\n<p><span data-markdown-start-index=\"5428\">Elija <\/span><strong><span data-markdown-start-index=\"5437\">\u00a0Container House S.L.<\/span><\/strong><span data-markdown-start-index=\"5477\">\u00a0para obtener precios directos de f\u00e1brica y calidad seg\u00fan las normas ISO.<\/span><\/p>\n<h4>Valoro mucho la certificaci\u00f3n del producto, representa la calidad del producto. Puede hablarme de la certificaci\u00f3n de su producto?<\/h4>\n<p>S\u00ed, apoyamos estos servicios sobre el certificado.<span style=\"color: #0000ff;\"><strong> <a style=\"color: #0000ff;\" href=\"https:\/\/www.gkcpro.com\/container-house-factory-ce-certification\/\" target=\"_blank\" rel=\"noopener\">Consulte nuestro certificado CE<\/a><\/strong>.<\/span> Rellenando nuestro formulario, le enviar\u00e9 una certificaci\u00f3n completa y un folleto de la empresa.<\/p>\n<p><img loading=\"lazy\" decoding=\"async\" class=\"alignnone size-full wp-image-1139\" src=\"https:\/\/www.gkcpro.com\/wp-content\/uploads\/2026\/02\/evaluate.jpg\" alt=\"Mis contenedores se exportan a muchos pa\u00edses; este es un escaparate de los testimonios de nuestros clientes.\" width=\"1000\" height=\"474\" srcset=\"https:\/\/www.gkcpro.com\/wp-content\/uploads\/2026\/02\/evaluate.jpg 1000w, https:\/\/www.gkcpro.com\/wp-content\/uploads\/2026\/02\/evaluate-300x142.jpg 300w, https:\/\/www.gkcpro.com\/wp-content\/uploads\/2026\/02\/evaluate-768x364.jpg 768w, https:\/\/www.gkcpro.com\/wp-content\/uploads\/2026\/02\/evaluate-18x9.jpg 18w, https:\/\/www.gkcpro.com\/wp-content\/uploads\/2026\/02\/evaluate-624x296.jpg 624w, https:\/\/www.gkcpro.com\/wp-content\/uploads\/2026\/02\/evaluate-800x379.jpg 800w\" sizes=\"auto, (max-width: 1000px) 100vw, 1000px\" \/><\/p>","protected":false},"excerpt":{"rendered":"<p>&nbsp;<\/p>\n<p><img loading=\"lazy\" decoding=\"async\" class=\"alignnone wp-image-1137 size-full\" src=\"https:\/\/www.gkcpro.com\/wp-content\/uploads\/2026\/02\/container-house-certificates.jpg\" alt=\"Exhibici\u00f3n de certificaciones internacionales, incluyendo ISO 9001, CE y certificados de seguridad estructural para nuestros contenedores y casas contenedor de exportaci\u00f3n\" width=\"1470\" height=\"2000\" srcset=\"https:\/\/www.gkcpro.com\/wp-content\/uploads\/2026\/02\/container-house-certificates.jpg 1470w, https:\/\/www.gkcpro.com\/wp-content\/uploads\/2026\/02\/container-house-certificates-221x300.jpg 221w, https:\/\/www.gkcpro.com\/wp-content\/uploads\/2026\/02\/container-house-certificates-753x1024.jpg 753w, https:\/\/www.gkcpro.com\/wp-content\/uploads\/2026\/02\/container-house-certificates-768x1045.jpg 768w, https:\/\/www.gkcpro.com\/wp-content\/uploads\/2026\/02\/container-house-certificates-1129x1536.jpg 1129w, https:\/\/www.gkcpro.com\/wp-content\/uploads\/2026\/02\/container-house-certificates-9x12.jpg 9w, https:\/\/www.gkcpro.com\/wp-content\/uploads\/2026\/02\/container-house-certificates-624x849.jpg 624w, https:\/\/www.gkcpro.com\/wp-content\/uploads\/2026\/02\/container-house-certificates-800x1088.jpg 800w\" sizes=\"auto, (max-width: 1470px) 100vw, 1470px\" \/><\/p>\n<p>&nbsp;<\/p>","protected":false},"featured_media":774,"template":"","meta":[],"product_brand":[],"product_cat":[49],"product_tag":[],"class_list":{"0":"post-773","1":"product","2":"type-product","3":"status-publish","4":"has-post-thumbnail","6":"product_cat-reefer-container-and-dry-container","8":"first","9":"instock","10":"shipping-taxable","11":"product-type-simple"},"yoast_head":"<!-- This site is optimized with the Yoast SEO plugin v26.6 - https:\/\/yoast.com\/wordpress\/plugins\/seo\/ -->\n<title>wholesale 20ft reefer container - reefer container factory<\/title>\n<meta name=\"description\" content=\"20ft reefer container from China manufacturer. Solution for temperature-sensitive goods, OEM\/ODM custom options for wholesalers distributors.\" \/>\n<meta name=\"robots\" content=\"index, follow, max-snippet:-1, max-image-preview:large, max-video-preview:-1\" \/>\n<link rel=\"canonical\" href=\"https:\/\/www.gkcpro.com\/es\/product\/20ft-reefer-container\/\" \/>\n<meta property=\"og:locale\" content=\"es_ES\" \/>\n<meta property=\"og:type\" content=\"article\" \/>\n<meta property=\"og:title\" content=\"wholesale 20ft reefer container - reefer container factory\" \/>\n<meta property=\"og:description\" content=\"20ft reefer container from China manufacturer. Solution for temperature-sensitive goods, OEM\/ODM custom options for wholesalers distributors.\" \/>\n<meta property=\"og:url\" content=\"https:\/\/www.gkcpro.com\/es\/product\/20ft-reefer-container\/\" \/>\n<meta property=\"og:site_name\" content=\"Container House Co., Ltd.\" \/>\n<meta property=\"article:modified_time\" content=\"2026-04-17T05:40:54+00:00\" \/>\n<meta property=\"og:image\" content=\"https:\/\/www.gkcpro.com\/wp-content\/uploads\/2026\/01\/20ft-container-.jpg\" \/>\n\t<meta property=\"og:image:width\" content=\"800\" \/>\n\t<meta property=\"og:image:height\" content=\"800\" \/>\n\t<meta property=\"og:image:type\" content=\"image\/jpeg\" \/>\n<meta name=\"twitter:card\" content=\"summary_large_image\" \/>\n<meta name=\"twitter:label1\" content=\"Tiempo de lectura\" \/>\n\t<meta name=\"twitter:data1\" content=\"3 minutos\" \/>\n<script type=\"application\/ld+json\" class=\"yoast-schema-graph\">{\"@context\":\"https:\/\/schema.org\",\"@graph\":[{\"@type\":\"WebPage\",\"@id\":\"https:\/\/www.gkcpro.com\/product\/20ft-reefer-container\/\",\"url\":\"https:\/\/www.gkcpro.com\/product\/20ft-reefer-container\/\",\"name\":\"wholesale 20ft reefer container - reefer container factory\",\"isPartOf\":{\"@id\":\"https:\/\/www.gkcpro.com\/#website\"},\"primaryImageOfPage\":{\"@id\":\"https:\/\/www.gkcpro.com\/product\/20ft-reefer-container\/#primaryimage\"},\"image\":{\"@id\":\"https:\/\/www.gkcpro.com\/product\/20ft-reefer-container\/#primaryimage\"},\"thumbnailUrl\":\"https:\/\/www.gkcpro.com\/wp-content\/uploads\/2026\/01\/20ft-container-.jpg\",\"datePublished\":\"2026-02-22T01:36:28+00:00\",\"dateModified\":\"2026-04-17T05:40:54+00:00\",\"description\":\"20ft reefer container from China manufacturer. Solution for temperature-sensitive goods, OEM\/ODM custom options for wholesalers distributors.\",\"breadcrumb\":{\"@id\":\"https:\/\/www.gkcpro.com\/product\/20ft-reefer-container\/#breadcrumb\"},\"inLanguage\":\"es\",\"potentialAction\":[{\"@type\":\"ReadAction\",\"target\":[\"https:\/\/www.gkcpro.com\/product\/20ft-reefer-container\/\"]}]},{\"@type\":\"ImageObject\",\"inLanguage\":\"es\",\"@id\":\"https:\/\/www.gkcpro.com\/product\/20ft-reefer-container\/#primaryimage\",\"url\":\"https:\/\/www.gkcpro.com\/wp-content\/uploads\/2026\/01\/20ft-container-.jpg\",\"contentUrl\":\"https:\/\/www.gkcpro.com\/wp-content\/uploads\/2026\/01\/20ft-container-.jpg\",\"width\":800,\"height\":800,\"caption\":\"This 20ft reefer container is perfect for transporting perishable goods and is designed to maintain consistent temperatures during storage and transport Manufactured by a top China supplier, we offer bespoke refrigeration solutions for wholesalers and distributors\"},{\"@type\":\"BreadcrumbList\",\"@id\":\"https:\/\/www.gkcpro.com\/product\/20ft-reefer-container\/#breadcrumb\",\"itemListElement\":[{\"@type\":\"ListItem\",\"position\":1,\"name\":\"\u9996\u9875\",\"item\":\"https:\/\/www.gkcpro.com\/\"},{\"@type\":\"ListItem\",\"position\":2,\"name\":\"Products\",\"item\":\"https:\/\/www.gkcpro.com\/shop\/\"},{\"@type\":\"ListItem\",\"position\":3,\"name\":\"wholesale 20ft reefer container\"}]},{\"@type\":\"WebSite\",\"@id\":\"https:\/\/www.gkcpro.com\/#website\",\"url\":\"https:\/\/www.gkcpro.com\/\",\"name\":\"Container House Co., Ltd.\",\"description\":\"Container House factory\",\"potentialAction\":[{\"@type\":\"SearchAction\",\"target\":{\"@type\":\"EntryPoint\",\"urlTemplate\":\"https:\/\/www.gkcpro.com\/?s={search_term_string}\"},\"query-input\":{\"@type\":\"PropertyValueSpecification\",\"valueRequired\":true,\"valueName\":\"search_term_string\"}}],\"inLanguage\":\"es\"}]}<\/script>\n<!-- \/ Yoast SEO plugin. -->","yoast_head_json":{"title":"venta al por mayor 20ft contenedor refrigerado - f\u00e1brica de contenedores refrigerados","description":"Contenedor refrigerado de 20 pies del fabricante chino. Soluci\u00f3n para productos sensibles a la temperatura, OEM \/ ODM opciones personalizadas para mayoristas distribuidores.","robots":{"index":"index","follow":"follow","max-snippet":"max-snippet:-1","max-image-preview":"max-image-preview:large","max-video-preview":"max-video-preview:-1"},"canonical":"https:\/\/www.gkcpro.com\/es\/product\/20ft-reefer-container\/","og_locale":"es_ES","og_type":"article","og_title":"wholesale 20ft reefer container - reefer container factory","og_description":"20ft reefer container from China manufacturer. Solution for temperature-sensitive goods, OEM\/ODM custom options for wholesalers distributors.","og_url":"https:\/\/www.gkcpro.com\/es\/product\/20ft-reefer-container\/","og_site_name":"Container House Co., Ltd.","article_modified_time":"2026-04-17T05:40:54+00:00","og_image":[{"width":800,"height":800,"url":"https:\/\/www.gkcpro.com\/wp-content\/uploads\/2026\/01\/20ft-container-.jpg","type":"image\/jpeg"}],"twitter_card":"summary_large_image","twitter_misc":{"Tiempo de lectura":"3 minutos"},"schema":{"@context":"https:\/\/schema.org","@graph":[{"@type":"WebPage","@id":"https:\/\/www.gkcpro.com\/product\/20ft-reefer-container\/","url":"https:\/\/www.gkcpro.com\/product\/20ft-reefer-container\/","name":"venta al por mayor 20ft contenedor refrigerado - f\u00e1brica de contenedores refrigerados","isPartOf":{"@id":"https:\/\/www.gkcpro.com\/#website"},"primaryImageOfPage":{"@id":"https:\/\/www.gkcpro.com\/product\/20ft-reefer-container\/#primaryimage"},"image":{"@id":"https:\/\/www.gkcpro.com\/product\/20ft-reefer-container\/#primaryimage"},"thumbnailUrl":"https:\/\/www.gkcpro.com\/wp-content\/uploads\/2026\/01\/20ft-container-.jpg","datePublished":"2026-02-22T01:36:28+00:00","dateModified":"2026-04-17T05:40:54+00:00","description":"Contenedor refrigerado de 20 pies del fabricante chino. Soluci\u00f3n para productos sensibles a la temperatura, OEM \/ ODM opciones personalizadas para mayoristas distribuidores.","breadcrumb":{"@id":"https:\/\/www.gkcpro.com\/product\/20ft-reefer-container\/#breadcrumb"},"inLanguage":"es","potentialAction":[{"@type":"ReadAction","target":["https:\/\/www.gkcpro.com\/product\/20ft-reefer-container\/"]}]},{"@type":"ImageObject","inLanguage":"es","@id":"https:\/\/www.gkcpro.com\/product\/20ft-reefer-container\/#primaryimage","url":"https:\/\/www.gkcpro.com\/wp-content\/uploads\/2026\/01\/20ft-container-.jpg","contentUrl":"https:\/\/www.gkcpro.com\/wp-content\/uploads\/2026\/01\/20ft-container-.jpg","width":800,"height":800,"caption":"This 20ft reefer container is perfect for transporting perishable goods and is designed to maintain consistent temperatures during storage and transport Manufactured by a top China supplier, we offer bespoke refrigeration solutions for wholesalers and distributors"},{"@type":"BreadcrumbList","@id":"https:\/\/www.gkcpro.com\/product\/20ft-reefer-container\/#breadcrumb","itemListElement":[{"@type":"ListItem","position":1,"name":"\u9996\u9875","item":"https:\/\/www.gkcpro.com\/"},{"@type":"ListItem","position":2,"name":"Products","item":"https:\/\/www.gkcpro.com\/shop\/"},{"@type":"ListItem","position":3,"name":"wholesale 20ft reefer container"}]},{"@type":"WebSite","@id":"https:\/\/www.gkcpro.com\/#website","url":"https:\/\/www.gkcpro.com\/","name":"Container House Co.","description":"F\u00e1brica de casas contenedor","potentialAction":[{"@type":"SearchAction","target":{"@type":"EntryPoint","urlTemplate":"https:\/\/www.gkcpro.com\/?s={search_term_string}"},"query-input":{"@type":"PropertyValueSpecification","valueRequired":true,"valueName":"search_term_string"}}],"inLanguage":"es"}]}},"_links":{"self":[{"href":"https:\/\/www.gkcpro.com\/es\/wp-json\/wp\/v2\/product\/773","targetHints":{"allow":["GET"]}}],"collection":[{"href":"https:\/\/www.gkcpro.com\/es\/wp-json\/wp\/v2\/product"}],"about":[{"href":"https:\/\/www.gkcpro.com\/es\/wp-json\/wp\/v2\/types\/product"}],"wp:featuredmedia":[{"embeddable":true,"href":"https:\/\/www.gkcpro.com\/es\/wp-json\/wp\/v2\/media\/774"}],"wp:attachment":[{"href":"https:\/\/www.gkcpro.com\/es\/wp-json\/wp\/v2\/media?parent=773"}],"wp:term":[{"taxonomy":"product_brand","embeddable":true,"href":"https:\/\/www.gkcpro.com\/es\/wp-json\/wp\/v2\/product_brand?post=773"},{"taxonomy":"product_cat","embeddable":true,"href":"https:\/\/www.gkcpro.com\/es\/wp-json\/wp\/v2\/product_cat?post=773"},{"taxonomy":"product_tag","embeddable":true,"href":"https:\/\/www.gkcpro.com\/es\/wp-json\/wp\/v2\/product_tag?post=773"}],"curies":[{"name":"wp","href":"https:\/\/api.w.org\/{rel}","templated":true}]}}