{"id":387,"date":"2025-11-24T17:18:59","date_gmt":"2025-11-24T09:18:59","guid":{"rendered":"http:\/\/jizhuangxiang.webqd.net\/?post_type=product&#038;p=387"},"modified":"2026-04-17T13:46:54","modified_gmt":"2026-04-17T05:46:54","slug":"used-reefer-container-20ft-40ft","status":"publish","type":"product","link":"https:\/\/www.gkcpro.com\/es\/product\/used-reefer-container-20ft-40ft\/","title":{"rendered":"Contenedor Reefer Usado 20ft 40ft"},"content":{"rendered":"<p>Introducci\u00f3n de productos de contenedores refrigerados usados<\/p>\n<p>Container House Co., Ltd. exporta contenedores frigor\u00edficos usados, dise\u00f1ados para el almacenamiento y transporte de mercanc\u00edas sensibles a la temperatura. Estos contenedores cuentan con un excelente aislamiento, un sistema de refrigeraci\u00f3n confiable y ajustes de temperatura regulables. Est\u00e1n construidos para ser duraderos y pueden utilizarse tanto para almacenamiento a corto plazo como para transporte de larga distancia. <span data-markdown-start-index=\"235\">Los contenedores est\u00e1n equipados con m\u00e1quinas de las marcas Thermo King, Carrier y otras. Exportamos contenedores frigor\u00edficos nuevos y usados a cualquier puerto del mundo.<\/span><\/p>\n<p>Utilizados en industrias como la alimentaria, la farmac\u00e9utica y la qu\u00edmica, garantizan el transporte y almacenamiento seguros de productos perecederos. Las aplicaciones m\u00e1s comunes son la log\u00edstica de la cadena de fr\u00edo, la distribuci\u00f3n de alimentos y el transporte de productos farmac\u00e9uticos.<\/p>\n<p>Container House Co., Ltd. cuenta con a\u00f1os de experiencia en la exportaci\u00f3n de contenedores frigor\u00edficos usados de alta calidad. Garantizamos que los contenedores sean inspeccionados y renovados minuciosamente para cumplir con los est\u00e1ndares de rendimiento. Con ventajas en producci\u00f3n, control de calidad y gesti\u00f3n de suministro, ofrecemos soluciones personalizadas, entregas puntuales y un excelente servicio postventa para nuestros clientes globales.<\/p>\n<h2>Ventajas de los contenedores frigor\u00edficos usados<\/h2>\n<p><strong>Integraci\u00f3n sin fisuras de la normalizaci\u00f3n y el transporte multimodal<\/strong><\/p>\n<p>Las dimensiones y la estructura se ajustan a las normas internacionales y encajan perfectamente con los buques portacontenedores, los camiones portacontenedores y los vagones de ferrocarril, lo que permite una r\u00e1pida conversi\u00f3n entre el transporte mar\u00edtimo, terrestre y ferroviario sin carga y descarga intermedias, mejorando enormemente la eficiencia.<\/p>\n<p><strong>Servicio completo de cadena de fr\u00edo puerta a puerta<\/strong><\/p>\n<p>Esta es su principal ventaja. Desde la carga en el almac\u00e9n frigor\u00edfico del expedidor hasta la descarga en el almac\u00e9n frigor\u00edfico del destinatario, las mercanc\u00edas permanecen en el mismo entorno de temperatura controlada en todo momento, lo que evita eficazmente las fluctuaciones de temperatura y los riesgos de da\u00f1os a la carga causados por el transbordo.<\/p>\n<p><strong>Control preciso de la temperatura<\/strong><\/p>\n<p>Los contenedores refrigerados modernos est\u00e1n equipados con avanzados sistemas de control por microprocesador para cumplir los estrictos requisitos de temperatura de las distintas mercanc\u00edas.<\/p>\n<p><strong>Alta fiabilidad y adaptabilidad<\/strong><\/p>\n<p>Dise\u00f1o robusto capaz de soportar las duras condiciones del transporte mar\u00edtimo de larga distancia. Equipado con un grupo electr\u00f3geno independiente o conectable a una fuente de alimentaci\u00f3n externa, lo que garantiza un funcionamiento continuo y estable del sistema de refrigeraci\u00f3n.<\/p>\n\n<table id=\"tablepress-6\" class=\"tablepress tablepress-id-6 tbody-has-connected-cells\">\n<thead>\n<tr class=\"row-1\">\n\t<td class=\"column-1\"><\/td><td class=\"column-2\"><\/td><td class=\"column-3\"><\/td><td class=\"column-4\"><\/td><td class=\"column-5\"><\/td><td class=\"column-6\"><\/td><td class=\"column-7\"><\/td><td class=\"column-8\"><\/td><td class=\"column-9\"><\/td>\n<\/tr>\n<\/thead>\n<tbody class=\"row-striping row-hover\">\n<tr class=\"row-2\">\n\t<td rowspan=\"3\" class=\"column-1\">Tipo<\/td><td colspan=\"3\" class=\"column-2\">Dimensiones Exteriores<\/td><td colspan=\"3\" class=\"column-5\">Dimensiones Interior<\/td><td class=\"column-8\">Capacidad interior c\u00fabica<\/td><td class=\"column-9\">Peso de tara<\/td>\n<\/tr>\n<tr class=\"row-3\">\n\t<td colspan=\"3\" class=\"column-2\">(mm)<\/td><td colspan=\"3\" class=\"column-5\">(mm)<\/td><td rowspan=\"2\" class=\"column-8\">(m\u00b3)<\/td><td rowspan=\"2\" class=\"column-9\">(kg)<\/td>\n<\/tr>\n<tr class=\"row-4\">\n\t<td class=\"column-2\">Longitud<\/td><td class=\"column-3\">Anchura<\/td><td class=\"column-4\">Altura<\/td><td class=\"column-5\">Longitud<\/td><td class=\"column-6\">Anchura<\/td><td class=\"column-7\">Altura<\/td>\n<\/tr>\n<tr class=\"row-5\">\n\t<td class=\"column-1\">20'<\/td><td class=\"column-2\">6058<\/td><td class=\"column-3\">2438<\/td><td class=\"column-4\">2591<\/td><td class=\"column-5\">5898<\/td><td class=\"column-6\">2352<\/td><td class=\"column-7\">2363<\/td><td class=\"column-8\">33.2<\/td><td class=\"column-9\">2270<\/td>\n<\/tr>\n<tr class=\"row-6\">\n\t<td class=\"column-1\">20HC<\/td><td class=\"column-2\">6058<\/td><td class=\"column-3\">2438<\/td><td class=\"column-4\">2896<\/td><td class=\"column-5\">5898<\/td><td class=\"column-6\">2352<\/td><td class=\"column-7\">2673<\/td><td class=\"column-8\">37<\/td><td class=\"column-9\">2515<\/td>\n<\/tr>\n<tr class=\"row-7\">\n\t<td class=\"column-1\">40'<\/td><td class=\"column-2\">12192<\/td><td class=\"column-3\">2438<\/td><td class=\"column-4\">2591<\/td><td class=\"column-5\">12031<\/td><td class=\"column-6\">2352<\/td><td class=\"column-7\">2384<\/td><td class=\"column-8\">67.7<\/td><td class=\"column-9\">3720<\/td>\n<\/tr>\n<tr class=\"row-8\">\n\t<td class=\"column-1\">40HC<\/td><td class=\"column-2\">12192<\/td><td class=\"column-3\">2438<\/td><td class=\"column-4\">2896<\/td><td class=\"column-5\">12031<\/td><td class=\"column-6\">2352<\/td><td class=\"column-7\">2673<\/td><td class=\"column-8\">76.4<\/td><td class=\"column-9\">3900<\/td>\n<\/tr>\n<\/tbody>\n<\/table>\n<!-- #tablepress-6 from cache -->\n<h3>PREGUNTAS FRECUENTES<\/h3>\n<h3 data-start=\"93\" data-end=\"136\">1. <strong data-start=\"100\" data-end=\"136\">\u00bfQu\u00e9 es un contenedor frigor\u00edfico usado?<\/strong><\/h3>\n<p data-start=\"137\" data-end=\"455\">Un contenedor frigor\u00edfico usado es un contenedor refrigerado de segunda mano dise\u00f1ado para el transporte y almacenamiento de mercanc\u00edas sensibles a la temperatura. Estos contenedores est\u00e1n construidos con aislamiento y una unidad de refrigeraci\u00f3n, lo que les permite mantener una temperatura constante para art\u00edculos perecederos como alimentos, productos farmac\u00e9uticos y productos qu\u00edmicos.<\/p>\n<hr data-start=\"457\" data-end=\"460\" \/>\n<h3 data-start=\"462\" data-end=\"530\">2. <strong data-start=\"469\" data-end=\"530\">\u00bfCu\u00e1les son las ventajas de utilizar un contenedor frigor\u00edfico usado?<\/strong><\/h3>\n<p data-start=\"531\" data-end=\"915\">Los contenedores frigor\u00edficos usados ofrecen una soluci\u00f3n rentable para las empresas que necesitan almacenamiento o transporte refrigerado. Estos contenedores son duraderos, vers\u00e1tiles y siguen manteniendo un rendimiento de refrigeraci\u00f3n fiable. Al ser de segunda mano, son m\u00e1s asequibles que las unidades nuevas, lo que los convierte en una opci\u00f3n ideal para las empresas que buscan ahorrar en costes de equipamiento sin renunciar a la calidad.<\/p>\n<hr data-start=\"917\" data-end=\"920\" \/>\n<h3 data-start=\"922\" data-end=\"997\">3. <strong data-start=\"929\" data-end=\"997\">\u00bfQu\u00e9 tipos de productos pueden almacenarse en un contenedor frigor\u00edfico usado?<\/strong><\/h3>\n<p data-start=\"998\" data-end=\"1363\">Los contenedores refrigerados usados son ideales para almacenar o transportar una amplia gama de productos sensibles a la temperatura, como productos frescos, l\u00e1cteos, carne, productos farmac\u00e9uticos, flores e incluso productos qu\u00edmicos que requieren un estricto control de la temperatura. La unidad de refrigeraci\u00f3n garantiza que sus productos se mantengan dentro del intervalo de temperatura requerido, ya sea para almacenamiento a corto o largo plazo.<\/p>\n<hr data-start=\"1365\" data-end=\"1368\" \/>\n<h3 data-start=\"1370\" data-end=\"1421\">4. <strong data-start=\"1377\" data-end=\"1421\">\u00bfCu\u00e1nto duran los contenedores frigor\u00edficos usados?<\/strong><\/h3>\n<p data-start=\"1422\" data-end=\"1746\">Los contenedores frigor\u00edficos usados pueden durar muchos a\u00f1os con un mantenimiento adecuado. La vida \u00fatil depende de factores como la edad, el uso y el estado del contenedor en el momento de la compra. Un mantenimiento y cuidado regulares, especialmente de la unidad de refrigeraci\u00f3n, pueden prolongar la vida \u00fatil del contenedor y garantizar su funcionamiento eficiente durante muchos a\u00f1os.<\/p>\n<hr data-start=\"1748\" data-end=\"1751\" \/>\n<h3 data-start=\"1753\" data-end=\"1841\">5. <strong data-start=\"1760\" data-end=\"1841\">\u00bfPor qu\u00e9 elegir Qingdao Guoke Container House Co., Ltd para Contenedores Reefer Usados?<\/strong><\/h3>\n<p data-start=\"1842\" data-end=\"2221\">En <strong data-start=\"1845\" data-end=\"1887\">Qingdao Guoke Container House S.L.<\/strong>, Ofrecemos contenedores frigor\u00edficos usados de alta calidad que han sido minuciosamente inspeccionados y reacondicionados. Con a\u00f1os de experiencia y un enfoque en la satisfacci\u00f3n del cliente, ofrecemos soluciones fiables y asequibles para sus necesidades de almacenamiento refrigerado. Garantizamos que nuestros contenedores cumplen las normas necesarias para las operaciones de su empresa.<\/p>\n<h4>6.Valoro mucho la certificaci\u00f3n del producto, representa la calidad del producto. Puede hablarme de la certificaci\u00f3n de su producto?<\/h4>\n<p>S\u00ed, apoyamos estos servicios sobre el certificado.<span style=\"color: #0000ff;\"><strong> <a style=\"color: #0000ff;\" href=\"https:\/\/www.gkcpro.com\/container-house-factory-ce-certification\/\" target=\"_blank\" rel=\"noopener\">Consulte nuestro certificado CE<\/a><\/strong>.<\/span> Rellenando nuestro formulario, le enviar\u00e9 una certificaci\u00f3n completa y un folleto de la empresa.<img loading=\"lazy\" decoding=\"async\" class=\"alignnone size-full wp-image-1139\" src=\"https:\/\/www.gkcpro.com\/wp-content\/uploads\/2026\/02\/evaluate.jpg\" alt=\"Mis contenedores se exportan a muchos pa\u00edses; este es un escaparate de los testimonios de nuestros clientes.\" width=\"1000\" height=\"474\" srcset=\"https:\/\/www.gkcpro.com\/wp-content\/uploads\/2026\/02\/evaluate.jpg 1000w, https:\/\/www.gkcpro.com\/wp-content\/uploads\/2026\/02\/evaluate-300x142.jpg 300w, https:\/\/www.gkcpro.com\/wp-content\/uploads\/2026\/02\/evaluate-768x364.jpg 768w, https:\/\/www.gkcpro.com\/wp-content\/uploads\/2026\/02\/evaluate-18x9.jpg 18w, https:\/\/www.gkcpro.com\/wp-content\/uploads\/2026\/02\/evaluate-624x296.jpg 624w, https:\/\/www.gkcpro.com\/wp-content\/uploads\/2026\/02\/evaluate-800x379.jpg 800w\" sizes=\"auto, (max-width: 1000px) 100vw, 1000px\" \/><\/p>","protected":false},"excerpt":{"rendered":"<p>&nbsp;<\/p>\n<p><img loading=\"lazy\" decoding=\"async\" class=\"alignnone wp-image-1137 size-full\" src=\"https:\/\/www.gkcpro.com\/wp-content\/uploads\/2026\/02\/container-house-certificates.jpg\" alt=\"Exhibici\u00f3n de certificaciones internacionales, incluyendo ISO 9001, CE y certificados de seguridad estructural para nuestros contenedores y casas contenedor de exportaci\u00f3n\" width=\"1470\" height=\"2000\" srcset=\"https:\/\/www.gkcpro.com\/wp-content\/uploads\/2026\/02\/container-house-certificates.jpg 1470w, https:\/\/www.gkcpro.com\/wp-content\/uploads\/2026\/02\/container-house-certificates-221x300.jpg 221w, https:\/\/www.gkcpro.com\/wp-content\/uploads\/2026\/02\/container-house-certificates-753x1024.jpg 753w, https:\/\/www.gkcpro.com\/wp-content\/uploads\/2026\/02\/container-house-certificates-768x1045.jpg 768w, https:\/\/www.gkcpro.com\/wp-content\/uploads\/2026\/02\/container-house-certificates-1129x1536.jpg 1129w, https:\/\/www.gkcpro.com\/wp-content\/uploads\/2026\/02\/container-house-certificates-9x12.jpg 9w, https:\/\/www.gkcpro.com\/wp-content\/uploads\/2026\/02\/container-house-certificates-624x849.jpg 624w, https:\/\/www.gkcpro.com\/wp-content\/uploads\/2026\/02\/container-house-certificates-800x1088.jpg 800w\" sizes=\"auto, (max-width: 1470px) 100vw, 1470px\" \/><\/p>","protected":false},"featured_media":843,"template":"","meta":[],"product_brand":[],"product_cat":[49],"product_tag":[],"class_list":{"0":"post-387","1":"product","2":"type-product","3":"status-publish","4":"has-post-thumbnail","6":"product_cat-reefer-container-and-dry-container","8":"first","9":"instock","10":"shipping-taxable","11":"product-type-simple"},"yoast_head":"<!-- This site is optimized with the Yoast SEO plugin v26.6 - https:\/\/yoast.com\/wordpress\/plugins\/seo\/ -->\n<title>Used Reefer Container 20ft 40ft - China Reefer Container Factory<\/title>\n<meta name=\"description\" content=\"Used Reefer Container for Sale \u2013 Reliable, cost-effective solution for storage and transport. Bulk orders available for wholesalers and distributors.\" \/>\n<meta name=\"robots\" content=\"index, follow, max-snippet:-1, max-image-preview:large, max-video-preview:-1\" \/>\n<link rel=\"canonical\" href=\"https:\/\/www.gkcpro.com\/es\/product\/used-reefer-container-20ft-40ft\/\" \/>\n<meta property=\"og:locale\" content=\"es_ES\" \/>\n<meta property=\"og:type\" content=\"article\" \/>\n<meta property=\"og:title\" content=\"Used Reefer Container 20ft 40ft - China Reefer Container Factory\" \/>\n<meta property=\"og:description\" content=\"Used Reefer Container for Sale \u2013 Reliable, cost-effective solution for storage and transport. Bulk orders available for wholesalers and distributors.\" \/>\n<meta property=\"og:url\" content=\"https:\/\/www.gkcpro.com\/es\/product\/used-reefer-container-20ft-40ft\/\" \/>\n<meta property=\"og:site_name\" content=\"Container House Co., Ltd.\" \/>\n<meta property=\"article:modified_time\" content=\"2026-04-17T05:46:54+00:00\" \/>\n<meta property=\"og:image\" content=\"https:\/\/www.gkcpro.com\/wp-content\/uploads\/2025\/11\/reefer-container-1.jpg\" \/>\n\t<meta property=\"og:image:width\" content=\"800\" \/>\n\t<meta property=\"og:image:height\" content=\"800\" \/>\n\t<meta property=\"og:image:type\" content=\"image\/jpeg\" \/>\n<meta name=\"twitter:card\" content=\"summary_large_image\" \/>\n<meta name=\"twitter:label1\" content=\"Tiempo de lectura\" \/>\n\t<meta name=\"twitter:data1\" content=\"4 minutos\" \/>\n<script type=\"application\/ld+json\" class=\"yoast-schema-graph\">{\"@context\":\"https:\/\/schema.org\",\"@graph\":[{\"@type\":\"WebPage\",\"@id\":\"https:\/\/www.gkcpro.com\/product\/used-reefer-container-20ft-40ft\/\",\"url\":\"https:\/\/www.gkcpro.com\/product\/used-reefer-container-20ft-40ft\/\",\"name\":\"Used Reefer Container 20ft 40ft - China Reefer Container Factory\",\"isPartOf\":{\"@id\":\"https:\/\/www.gkcpro.com\/#website\"},\"primaryImageOfPage\":{\"@id\":\"https:\/\/www.gkcpro.com\/product\/used-reefer-container-20ft-40ft\/#primaryimage\"},\"image\":{\"@id\":\"https:\/\/www.gkcpro.com\/product\/used-reefer-container-20ft-40ft\/#primaryimage\"},\"thumbnailUrl\":\"https:\/\/www.gkcpro.com\/wp-content\/uploads\/2025\/11\/reefer-container-1.jpg\",\"datePublished\":\"2025-11-24T09:18:59+00:00\",\"dateModified\":\"2026-04-17T05:46:54+00:00\",\"description\":\"Used Reefer Container for Sale \u2013 Reliable, cost-effective solution for storage and transport. Bulk orders available for wholesalers and distributors.\",\"breadcrumb\":{\"@id\":\"https:\/\/www.gkcpro.com\/product\/used-reefer-container-20ft-40ft\/#breadcrumb\"},\"inLanguage\":\"es\",\"potentialAction\":[{\"@type\":\"ReadAction\",\"target\":[\"https:\/\/www.gkcpro.com\/product\/used-reefer-container-20ft-40ft\/\"]}]},{\"@type\":\"ImageObject\",\"inLanguage\":\"es\",\"@id\":\"https:\/\/www.gkcpro.com\/product\/used-reefer-container-20ft-40ft\/#primaryimage\",\"url\":\"https:\/\/www.gkcpro.com\/wp-content\/uploads\/2025\/11\/reefer-container-1.jpg\",\"contentUrl\":\"https:\/\/www.gkcpro.com\/wp-content\/uploads\/2025\/11\/reefer-container-1.jpg\",\"width\":800,\"height\":800,\"caption\":\"The 20ft and 40ft reefer containers are designed for safe transport of perishable goods offering temperature control and durability for long-distance shipping\"},{\"@type\":\"BreadcrumbList\",\"@id\":\"https:\/\/www.gkcpro.com\/product\/used-reefer-container-20ft-40ft\/#breadcrumb\",\"itemListElement\":[{\"@type\":\"ListItem\",\"position\":1,\"name\":\"\u9996\u9875\",\"item\":\"https:\/\/www.gkcpro.com\/\"},{\"@type\":\"ListItem\",\"position\":2,\"name\":\"Products\",\"item\":\"https:\/\/www.gkcpro.com\/shop\/\"},{\"@type\":\"ListItem\",\"position\":3,\"name\":\"Used Reefer Container 20ft 40ft\"}]},{\"@type\":\"WebSite\",\"@id\":\"https:\/\/www.gkcpro.com\/#website\",\"url\":\"https:\/\/www.gkcpro.com\/\",\"name\":\"Container House Co., Ltd.\",\"description\":\"Container House factory\",\"potentialAction\":[{\"@type\":\"SearchAction\",\"target\":{\"@type\":\"EntryPoint\",\"urlTemplate\":\"https:\/\/www.gkcpro.com\/?s={search_term_string}\"},\"query-input\":{\"@type\":\"PropertyValueSpecification\",\"valueRequired\":true,\"valueName\":\"search_term_string\"}}],\"inLanguage\":\"es\"}]}<\/script>\n<!-- \/ Yoast SEO plugin. -->","yoast_head_json":{"title":"Contenedor Reefer Usado 20ft 40ft - China Reefer Container Factory","description":"Venta de contenedores refrigerados usados - Soluci\u00f3n fiable y rentable para el almacenamiento y el transporte. Pedidos a granel disponibles para mayoristas y distribuidores.","robots":{"index":"index","follow":"follow","max-snippet":"max-snippet:-1","max-image-preview":"max-image-preview:large","max-video-preview":"max-video-preview:-1"},"canonical":"https:\/\/www.gkcpro.com\/es\/product\/used-reefer-container-20ft-40ft\/","og_locale":"es_ES","og_type":"article","og_title":"Used Reefer Container 20ft 40ft - China Reefer Container Factory","og_description":"Used Reefer Container for Sale \u2013 Reliable, cost-effective solution for storage and transport. Bulk orders available for wholesalers and distributors.","og_url":"https:\/\/www.gkcpro.com\/es\/product\/used-reefer-container-20ft-40ft\/","og_site_name":"Container House Co., Ltd.","article_modified_time":"2026-04-17T05:46:54+00:00","og_image":[{"width":800,"height":800,"url":"https:\/\/www.gkcpro.com\/wp-content\/uploads\/2025\/11\/reefer-container-1.jpg","type":"image\/jpeg"}],"twitter_card":"summary_large_image","twitter_misc":{"Tiempo de lectura":"4 minutos"},"schema":{"@context":"https:\/\/schema.org","@graph":[{"@type":"WebPage","@id":"https:\/\/www.gkcpro.com\/product\/used-reefer-container-20ft-40ft\/","url":"https:\/\/www.gkcpro.com\/product\/used-reefer-container-20ft-40ft\/","name":"Contenedor Reefer Usado 20ft 40ft - China Reefer Container Factory","isPartOf":{"@id":"https:\/\/www.gkcpro.com\/#website"},"primaryImageOfPage":{"@id":"https:\/\/www.gkcpro.com\/product\/used-reefer-container-20ft-40ft\/#primaryimage"},"image":{"@id":"https:\/\/www.gkcpro.com\/product\/used-reefer-container-20ft-40ft\/#primaryimage"},"thumbnailUrl":"https:\/\/www.gkcpro.com\/wp-content\/uploads\/2025\/11\/reefer-container-1.jpg","datePublished":"2025-11-24T09:18:59+00:00","dateModified":"2026-04-17T05:46:54+00:00","description":"Venta de contenedores refrigerados usados - Soluci\u00f3n fiable y rentable para el almacenamiento y el transporte. Pedidos a granel disponibles para mayoristas y distribuidores.","breadcrumb":{"@id":"https:\/\/www.gkcpro.com\/product\/used-reefer-container-20ft-40ft\/#breadcrumb"},"inLanguage":"es","potentialAction":[{"@type":"ReadAction","target":["https:\/\/www.gkcpro.com\/product\/used-reefer-container-20ft-40ft\/"]}]},{"@type":"ImageObject","inLanguage":"es","@id":"https:\/\/www.gkcpro.com\/product\/used-reefer-container-20ft-40ft\/#primaryimage","url":"https:\/\/www.gkcpro.com\/wp-content\/uploads\/2025\/11\/reefer-container-1.jpg","contentUrl":"https:\/\/www.gkcpro.com\/wp-content\/uploads\/2025\/11\/reefer-container-1.jpg","width":800,"height":800,"caption":"The 20ft and 40ft reefer containers are designed for safe transport of perishable goods offering temperature control and durability for long-distance shipping"},{"@type":"BreadcrumbList","@id":"https:\/\/www.gkcpro.com\/product\/used-reefer-container-20ft-40ft\/#breadcrumb","itemListElement":[{"@type":"ListItem","position":1,"name":"\u9996\u9875","item":"https:\/\/www.gkcpro.com\/"},{"@type":"ListItem","position":2,"name":"Products","item":"https:\/\/www.gkcpro.com\/shop\/"},{"@type":"ListItem","position":3,"name":"Used Reefer Container 20ft 40ft"}]},{"@type":"WebSite","@id":"https:\/\/www.gkcpro.com\/#website","url":"https:\/\/www.gkcpro.com\/","name":"Container House Co.","description":"F\u00e1brica de casas contenedor","potentialAction":[{"@type":"SearchAction","target":{"@type":"EntryPoint","urlTemplate":"https:\/\/www.gkcpro.com\/?s={search_term_string}"},"query-input":{"@type":"PropertyValueSpecification","valueRequired":true,"valueName":"search_term_string"}}],"inLanguage":"es"}]}},"_links":{"self":[{"href":"https:\/\/www.gkcpro.com\/es\/wp-json\/wp\/v2\/product\/387","targetHints":{"allow":["GET"]}}],"collection":[{"href":"https:\/\/www.gkcpro.com\/es\/wp-json\/wp\/v2\/product"}],"about":[{"href":"https:\/\/www.gkcpro.com\/es\/wp-json\/wp\/v2\/types\/product"}],"wp:featuredmedia":[{"embeddable":true,"href":"https:\/\/www.gkcpro.com\/es\/wp-json\/wp\/v2\/media\/843"}],"wp:attachment":[{"href":"https:\/\/www.gkcpro.com\/es\/wp-json\/wp\/v2\/media?parent=387"}],"wp:term":[{"taxonomy":"product_brand","embeddable":true,"href":"https:\/\/www.gkcpro.com\/es\/wp-json\/wp\/v2\/product_brand?post=387"},{"taxonomy":"product_cat","embeddable":true,"href":"https:\/\/www.gkcpro.com\/es\/wp-json\/wp\/v2\/product_cat?post=387"},{"taxonomy":"product_tag","embeddable":true,"href":"https:\/\/www.gkcpro.com\/es\/wp-json\/wp\/v2\/product_tag?post=387"}],"curies":[{"name":"wp","href":"https:\/\/api.w.org\/{rel}","templated":true}]}}