{"id":1095,"date":"2026-02-25T16:37:33","date_gmt":"2026-02-25T08:37:33","guid":{"rendered":"https:\/\/www.gkcpro.com\/?post_type=product&#038;p=1095"},"modified":"2026-03-02T11:17:23","modified_gmt":"2026-03-02T03:17:23","slug":"china-genset-container-for-exporting-support-oem-odm","status":"publish","type":"product","link":"https:\/\/www.gkcpro.com\/es\/product\/china-genset-container-for-exporting-support-oem-odm\/","title":{"rendered":"China Contenedor de grupo electr\u00f3geno para exportar-Apoyo OEM ODM"},"content":{"rendered":"<h1 data-start=\"0\" data-end=\"52\"><strong data-start=\"0\" data-end=\"52\">Contenedor de grupo electr\u00f3geno: energ\u00eda fiable para su carga<\/strong><\/h1>\n<p data-start=\"54\" data-end=\"461\">Cuando se trata de transportar productos perecederos, ya sean alimentos, medicamentos o materiales delicados, no puede permitirse renunciar a la potencia. Ah\u00ed es donde nuestro <strong data-start=\"211\" data-end=\"232\">Contenedor de grupo electr\u00f3geno<\/strong>\u00a0llegar. Dise\u00f1ados para que su carga funcione sin problemas, incluso en los lugares m\u00e1s remotos o dif\u00edciles, nuestros contenedores ofrecen una fuente de energ\u00eda eficiente y fiable que garantiza que su cadena de fr\u00edo se mantenga intacta, sin importar la distancia.<\/p>\n<h2 data-start=\"463\" data-end=\"500\"><strong data-start=\"463\" data-end=\"500\">\u00bfPor qu\u00e9 elegir nuestro contenedor para grupos electr\u00f3genos?<\/strong><\/h2>\n<ol data-start=\"501\" data-end=\"2614\">\n<li data-start=\"501\" data-end=\"957\">\n<p data-start=\"504\" data-end=\"957\"><strong data-start=\"504\" data-end=\"556\">Adaptado a sus necesidades con capacidades OEM\/ODM<\/strong><br data-start=\"556\" data-end=\"559\" \/>Entendemos que cada cliente tiene unas necesidades energ\u00e9ticas \u00fanicas, y por eso ofrecemos <strong data-start=\"650\" data-end=\"674\">Servicios OEM y ODM<\/strong>. Si necesita un contenedor de grupo electr\u00f3geno personalizado con dimensiones espec\u00edficas, potencia de salida o caracter\u00edsticas especiales, lo tenemos cubierto. Con nuestras flexibles capacidades de fabricaci\u00f3n, puede tener un <strong data-start=\"883\" data-end=\"921\">Contenedor de grupo electr\u00f3geno de 40 pies<\/strong> construidos seg\u00fan sus especificaciones exactas.<\/p>\n<\/li>\n<li data-start=\"959\" data-end=\"1364\">\n<p data-start=\"962\" data-end=\"1364\"><strong data-start=\"962\" data-end=\"1001\">Energ\u00eda fiable para ubicaciones remotas<\/strong><br data-start=\"1001\" data-end=\"1004\" \/>Nuestros contenedores de grupos electr\u00f3genos est\u00e1n equipados con potentes <strong data-start=\"1056\" data-end=\"1081\">motores di\u00e9sel<\/strong>, capaz de suministrar energ\u00eda continua hasta 5 d\u00edas sin necesidad de repostar. Ideal para <strong data-start=\"1183\" data-end=\"1204\">contenedores frigor\u00edficos<\/strong> en operaciones de transporte, mar\u00edtimas, ferroviarias o de camiones, estas unidades garantizan que sus mercanc\u00edas se mantengan a la temperatura ideal, incluso en zonas sin acceso a energ\u00eda fija.<\/p>\n<\/li>\n<li data-start=\"1366\" data-end=\"2283\">\n<p data-start=\"1369\" data-end=\"1398\"><strong data-start=\"1369\" data-end=\"1396\">Principales caracter\u00edsticas y ventajas<\/strong><\/p>\n<ul data-start=\"1402\" data-end=\"2283\">\n<li data-start=\"1402\" data-end=\"1549\">\n<p data-start=\"1404\" data-end=\"1549\"><strong data-start=\"1404\" data-end=\"1428\">Energ\u00eda aut\u00f3noma<\/strong>: Mantenga intacta su cadena de fr\u00edo con un <strong data-start=\"1465\" data-end=\"1507\">Motor generador de 15 kW-30,1 caballos<\/strong> que proporciona una potencia fiable y constante.<\/p>\n<\/li>\n<li data-start=\"1553\" data-end=\"1841\">\n<p data-start=\"1555\" data-end=\"1841\"><strong data-start=\"1555\" data-end=\"1592\">Flexibilidad y facilidad de instalaci\u00f3n<\/strong>: Elija entre <strong data-start=\"1606\" data-end=\"1625\">grupos electr\u00f3genos con clip<\/strong> que se montan f\u00e1cilmente en la parte delantera de contenedores frigor\u00edficos o <strong data-start=\"1681\" data-end=\"1703\">grupos electr\u00f3genos suspendidos<\/strong> que se acoplan al chasis del remolque para operaciones de transporte m\u00e1s largas. Ofrecemos flexibilidad tanto para aplicaciones a corto como a largo plazo.<\/p>\n<\/li>\n<li data-start=\"1845\" data-end=\"2054\">\n<p data-start=\"1847\" data-end=\"2054\"><strong data-start=\"1847\" data-end=\"1863\">La seguridad ante todo<\/strong>: Equipado con <strong data-start=\"1879\" data-end=\"1911\">regulaci\u00f3n autom\u00e1tica de la tensi\u00f3n<\/strong>, <strong data-start=\"1913\" data-end=\"1938\">soportes antivibraci\u00f3n<\/strong>, y <strong data-start=\"1944\" data-end=\"1961\">protecciones de seguridad<\/strong>, Nuestros contenedores para grupos electr\u00f3genos est\u00e1n dise\u00f1ados para mantener sus equipos -y su carga- seguros en todo momento.<\/p>\n<\/li>\n<li data-start=\"2058\" data-end=\"2283\">\n<p data-start=\"2060\" data-end=\"2283\"><strong data-start=\"2060\" data-end=\"2092\">Dise\u00f1ado para entornos dif\u00edciles<\/strong>: Tanto si opera en <strong data-start=\"2122\" data-end=\"2138\">alto ambiente<\/strong> o <strong data-start=\"2142\" data-end=\"2159\">gran altitud<\/strong> nuestros grupos electr\u00f3genos son de construcci\u00f3n robusta para soportar condiciones duras y ofrecer un rendimiento ininterrumpido.<\/p>\n<\/li>\n<\/ul>\n<\/li>\n<li data-start=\"2285\" data-end=\"2614\">\n<p data-start=\"2288\" data-end=\"2614\"><strong data-start=\"2288\" data-end=\"2315\">La columna vertebral de la cadena de fr\u00edo<\/strong><br data-start=\"2315\" data-end=\"2318\" \/>Los contenedores para grupos electr\u00f3genos son indispensables para <strong data-start=\"2361\" data-end=\"2379\">mar\u00edtimo, ferroviario<\/strong>, y <strong data-start=\"2385\" data-end=\"2408\">industrias del transporte por carretera<\/strong>. Est\u00e1n dise\u00f1ados para soportar <strong data-start=\"2444\" data-end=\"2458\">cadena de fr\u00edo<\/strong> durante todo el viaje, garantizando que <strong data-start=\"2497\" data-end=\"2528\">carga sensible a la temperatura<\/strong> sigue siendo segura y viable, incluso cuando la infraestructura el\u00e9ctrica no est\u00e1 disponible o no es fiable.<\/p>\n<\/li>\n<\/ol>\n<h2 data-start=\"2616\" data-end=\"2637\"><strong data-start=\"2616\" data-end=\"2637\">\u00bfPor qu\u00e9 trabajar con nosotros?<\/strong><\/h2>\n<ul data-start=\"2638\" data-end=\"3347\">\n<li data-start=\"2638\" data-end=\"2856\">\n<p data-start=\"2640\" data-end=\"2856\"><strong data-start=\"2640\" data-end=\"2677\">Experiencia en fabricaci\u00f3n a medida<\/strong>: Con una amplia experiencia en el suministro de soluciones energ\u00e9ticas personalizadas, nos especializamos en construir <strong data-start=\"2772\" data-end=\"2810\">contenedores para grupos electr\u00f3genos de alto rendimiento<\/strong> adaptados a las necesidades exactas de su empresa.<\/p>\n<\/li>\n<li data-start=\"2857\" data-end=\"3093\">\n<p data-start=\"2859\" data-end=\"3093\"><strong data-start=\"2859\" data-end=\"2888\">Rentable y fiable<\/strong>: Al abastecerse directamente en nuestra f\u00e1brica, se beneficia de <strong data-start=\"2946\" data-end=\"2969\">precios competitivos<\/strong> sin comprometer la calidad. Ofrecemos cantidades de pedido flexibles para satisfacer sus necesidades, desde peque\u00f1as tiradas hasta producci\u00f3n a granel.<\/p>\n<\/li>\n<li data-start=\"3094\" data-end=\"3347\">\n<p data-start=\"3096\" data-end=\"3347\"><strong data-start=\"3096\" data-end=\"3123\">Entrega y asistencia r\u00e1pidas<\/strong>: Nuestra <strong data-start=\"3129\" data-end=\"3156\">contenedores listos para la exportaci\u00f3n<\/strong> est\u00e1n dise\u00f1ados para un env\u00edo r\u00e1pido, garantizando que su contenedor de grupo electr\u00f3geno le llegue r\u00e1pida y eficazmente. Adem\u00e1s, nuestro equipo de asistencia est\u00e1 siempre disponible para ayudarle con cualquier duda que pueda tener.<\/p>\n<\/li>\n<\/ul>\n<h2 data-start=\"3349\" data-end=\"3373\"><strong data-start=\"3349\" data-end=\"3371\">Especificaciones<\/strong><\/h2>\n<ul data-start=\"3374\" data-end=\"3721\">\n<li data-start=\"3374\" data-end=\"3415\">\n<p data-start=\"3376\" data-end=\"3415\"><strong data-start=\"3376\" data-end=\"3392\">Potencia de salida<\/strong>: 15 kW-30,1 caballos<\/p>\n<\/li>\n<li data-start=\"3416\" data-end=\"3487\">\n<p data-start=\"3418\" data-end=\"3487\"><strong data-start=\"3418\" data-end=\"3436\">Tama\u00f1o del envase<\/strong>: Personalizable, con opciones como <strong data-start=\"3473\" data-end=\"3481\">40 pies<\/strong> unidades<\/p>\n<\/li>\n<li data-start=\"3488\" data-end=\"3565\">\n<p data-start=\"3490\" data-end=\"3565\"><strong data-start=\"3490\" data-end=\"3509\">Eficiencia de combustible<\/strong>: Hasta 5 d\u00edas de funcionamiento continuo sin repostar<\/p>\n<\/li>\n<li data-start=\"3566\" data-end=\"3659\">\n<p data-start=\"3568\" data-end=\"3659\"><strong data-start=\"3568\" data-end=\"3587\">Caracter\u00edsticas de seguridad<\/strong>: Regulaci\u00f3n autom\u00e1tica de la tensi\u00f3n, soportes antivibraci\u00f3n y protecciones de seguridad<\/p>\n<\/li>\n<li data-start=\"3660\" data-end=\"3721\">\n<p data-start=\"3662\" data-end=\"3721\"><strong data-start=\"3662\" data-end=\"3676\">Durabilidad<\/strong>: Dise\u00f1ado para funcionar en entornos extremos<\/p>\n<\/li>\n<\/ul>\n<h3 data-start=\"3723\" data-end=\"3960\">Presupuesto gratuito<\/h3>\n<p data-start=\"3723\" data-end=\"3960\" data-is-last-node=\"\" data-is-only-node=\"\">\u00bfEst\u00e1 preparado para potenciar su cadena de fr\u00edo? Explore nuestra <strong data-start=\"3770\" data-end=\"3800\">soluciones para contenedores de grupos electr\u00f3genos<\/strong> hoy mismo y perm\u00edtanos ayudarle a encontrar la soluci\u00f3n perfecta para su empresa. <strong data-start=\"3867\" data-end=\"3885\">P\u00f3ngase en contacto con nosotros<\/strong> para obtener un presupuesto personalizado, y comencemos con su soluci\u00f3n energ\u00e9tica a medida.<\/p>","protected":false},"excerpt":{"rendered":"<p><img loading=\"lazy\" decoding=\"async\" class=\"alignnone size-full wp-image-1139\" src=\"https:\/\/www.gkcpro.com\/wp-content\/uploads\/2026\/02\/evaluate.jpg\" alt=\"Mis contenedores se exportan a muchos pa\u00edses; este es un escaparate de los testimonios de nuestros clientes.\" width=\"1000\" height=\"474\" srcset=\"https:\/\/www.gkcpro.com\/wp-content\/uploads\/2026\/02\/evaluate.jpg 1000w, https:\/\/www.gkcpro.com\/wp-content\/uploads\/2026\/02\/evaluate-300x142.jpg 300w, https:\/\/www.gkcpro.com\/wp-content\/uploads\/2026\/02\/evaluate-768x364.jpg 768w, https:\/\/www.gkcpro.com\/wp-content\/uploads\/2026\/02\/evaluate-18x9.jpg 18w, https:\/\/www.gkcpro.com\/wp-content\/uploads\/2026\/02\/evaluate-624x296.jpg 624w, https:\/\/www.gkcpro.com\/wp-content\/uploads\/2026\/02\/evaluate-800x379.jpg 800w\" sizes=\"auto, (max-width: 1000px) 100vw, 1000px\" \/><\/p>\n<p><img loading=\"lazy\" decoding=\"async\" class=\"alignnone size-full wp-image-1137\" src=\"https:\/\/www.gkcpro.com\/wp-content\/uploads\/2026\/02\/container-house-certificates.jpg\" alt=\"\" width=\"1470\" height=\"2000\" srcset=\"https:\/\/www.gkcpro.com\/wp-content\/uploads\/2026\/02\/container-house-certificates.jpg 1470w, https:\/\/www.gkcpro.com\/wp-content\/uploads\/2026\/02\/container-house-certificates-221x300.jpg 221w, https:\/\/www.gkcpro.com\/wp-content\/uploads\/2026\/02\/container-house-certificates-753x1024.jpg 753w, https:\/\/www.gkcpro.com\/wp-content\/uploads\/2026\/02\/container-house-certificates-768x1045.jpg 768w, https:\/\/www.gkcpro.com\/wp-content\/uploads\/2026\/02\/container-house-certificates-1129x1536.jpg 1129w, https:\/\/www.gkcpro.com\/wp-content\/uploads\/2026\/02\/container-house-certificates-9x12.jpg 9w, https:\/\/www.gkcpro.com\/wp-content\/uploads\/2026\/02\/container-house-certificates-624x849.jpg 624w, https:\/\/www.gkcpro.com\/wp-content\/uploads\/2026\/02\/container-house-certificates-800x1088.jpg 800w\" sizes=\"auto, (max-width: 1470px) 100vw, 1470px\" \/><\/p>","protected":false},"featured_media":1098,"template":"","meta":[],"product_brand":[],"product_cat":[54],"product_tag":[],"class_list":{"0":"post-1095","1":"product","2":"type-product","3":"status-publish","4":"has-post-thumbnail","6":"product_cat-special-container","8":"first","9":"instock","10":"shipping-taxable","11":"product-type-simple"},"yoast_head":"<!-- This site is optimized with the Yoast SEO plugin v26.6 - https:\/\/yoast.com\/wordpress\/plugins\/seo\/ -->\n<title>China Genset container for exporting-Support OEM ODM<\/title>\n<meta name=\"robots\" content=\"index, follow, max-snippet:-1, max-image-preview:large, max-video-preview:-1\" \/>\n<link rel=\"canonical\" href=\"https:\/\/www.gkcpro.com\/es\/product\/china-genset-container-for-exporting-support-oem-odm\/\" \/>\n<meta property=\"og:locale\" content=\"es_ES\" \/>\n<meta property=\"og:type\" content=\"article\" \/>\n<meta property=\"og:title\" content=\"China Genset container for exporting-Support OEM ODM\" \/>\n<meta property=\"og:url\" content=\"https:\/\/www.gkcpro.com\/es\/product\/china-genset-container-for-exporting-support-oem-odm\/\" \/>\n<meta property=\"og:site_name\" content=\"Container House Co., Ltd.\" \/>\n<meta property=\"article:modified_time\" content=\"2026-03-02T03:17:23+00:00\" \/>\n<meta property=\"og:image\" content=\"https:\/\/www.gkcpro.com\/wp-content\/uploads\/2026\/02\/Genset-container.jpg\" \/>\n\t<meta property=\"og:image:width\" content=\"2451\" \/>\n\t<meta property=\"og:image:height\" content=\"1840\" \/>\n\t<meta property=\"og:image:type\" content=\"image\/jpeg\" \/>\n<meta name=\"twitter:card\" content=\"summary_large_image\" \/>\n<meta name=\"twitter:label1\" content=\"Tiempo de lectura\" \/>\n\t<meta name=\"twitter:data1\" content=\"3 minutos\" \/>\n<script type=\"application\/ld+json\" class=\"yoast-schema-graph\">{\"@context\":\"https:\/\/schema.org\",\"@graph\":[{\"@type\":\"WebPage\",\"@id\":\"https:\/\/www.gkcpro.com\/product\/china-genset-container-for-exporting-support-oem-odm\/\",\"url\":\"https:\/\/www.gkcpro.com\/product\/china-genset-container-for-exporting-support-oem-odm\/\",\"name\":\"China Genset container for exporting-Support OEM ODM\",\"isPartOf\":{\"@id\":\"https:\/\/www.gkcpro.com\/#website\"},\"primaryImageOfPage\":{\"@id\":\"https:\/\/www.gkcpro.com\/product\/china-genset-container-for-exporting-support-oem-odm\/#primaryimage\"},\"image\":{\"@id\":\"https:\/\/www.gkcpro.com\/product\/china-genset-container-for-exporting-support-oem-odm\/#primaryimage\"},\"thumbnailUrl\":\"https:\/\/www.gkcpro.com\/wp-content\/uploads\/2026\/02\/Genset-container.jpg\",\"datePublished\":\"2026-02-25T08:37:33+00:00\",\"dateModified\":\"2026-03-02T03:17:23+00:00\",\"breadcrumb\":{\"@id\":\"https:\/\/www.gkcpro.com\/product\/china-genset-container-for-exporting-support-oem-odm\/#breadcrumb\"},\"inLanguage\":\"es\",\"potentialAction\":[{\"@type\":\"ReadAction\",\"target\":[\"https:\/\/www.gkcpro.com\/product\/china-genset-container-for-exporting-support-oem-odm\/\"]}]},{\"@type\":\"ImageObject\",\"inLanguage\":\"es\",\"@id\":\"https:\/\/www.gkcpro.com\/product\/china-genset-container-for-exporting-support-oem-odm\/#primaryimage\",\"url\":\"https:\/\/www.gkcpro.com\/wp-content\/uploads\/2026\/02\/Genset-container.jpg\",\"contentUrl\":\"https:\/\/www.gkcpro.com\/wp-content\/uploads\/2026\/02\/Genset-container.jpg\",\"width\":2451,\"height\":1840,\"caption\":\"This robust teal green genset container offers a weatherproof, secure enclosure for diesel generator sets, ensuring reliable power generation in demanding environments. Built with corrosion-resistant panels, a lockable single door for easy access and maintenance, and adjustable feet for stable placement on uneven ground. Ideal for construction sites, remote facilities, backup power systems, or industrial applications requiring protected genset installation.\"},{\"@type\":\"BreadcrumbList\",\"@id\":\"https:\/\/www.gkcpro.com\/product\/china-genset-container-for-exporting-support-oem-odm\/#breadcrumb\",\"itemListElement\":[{\"@type\":\"ListItem\",\"position\":1,\"name\":\"\u9996\u9875\",\"item\":\"https:\/\/www.gkcpro.com\/\"},{\"@type\":\"ListItem\",\"position\":2,\"name\":\"Products\",\"item\":\"https:\/\/www.gkcpro.com\/shop\/\"},{\"@type\":\"ListItem\",\"position\":3,\"name\":\"China Genset container for exporting-Support OEM ODM\"}]},{\"@type\":\"WebSite\",\"@id\":\"https:\/\/www.gkcpro.com\/#website\",\"url\":\"https:\/\/www.gkcpro.com\/\",\"name\":\"Container House Co., Ltd.\",\"description\":\"Container House factory\",\"potentialAction\":[{\"@type\":\"SearchAction\",\"target\":{\"@type\":\"EntryPoint\",\"urlTemplate\":\"https:\/\/www.gkcpro.com\/?s={search_term_string}\"},\"query-input\":{\"@type\":\"PropertyValueSpecification\",\"valueRequired\":true,\"valueName\":\"search_term_string\"}}],\"inLanguage\":\"es\"}]}<\/script>\n<!-- \/ Yoast SEO plugin. -->","yoast_head_json":{"title":"China Contenedor de grupo electr\u00f3geno para exportar-Apoyo OEM ODM","robots":{"index":"index","follow":"follow","max-snippet":"max-snippet:-1","max-image-preview":"max-image-preview:large","max-video-preview":"max-video-preview:-1"},"canonical":"https:\/\/www.gkcpro.com\/es\/product\/china-genset-container-for-exporting-support-oem-odm\/","og_locale":"es_ES","og_type":"article","og_title":"China Genset container for exporting-Support OEM ODM","og_url":"https:\/\/www.gkcpro.com\/es\/product\/china-genset-container-for-exporting-support-oem-odm\/","og_site_name":"Container House Co., Ltd.","article_modified_time":"2026-03-02T03:17:23+00:00","og_image":[{"width":2451,"height":1840,"url":"https:\/\/www.gkcpro.com\/wp-content\/uploads\/2026\/02\/Genset-container.jpg","type":"image\/jpeg"}],"twitter_card":"summary_large_image","twitter_misc":{"Tiempo de lectura":"3 minutos"},"schema":{"@context":"https:\/\/schema.org","@graph":[{"@type":"WebPage","@id":"https:\/\/www.gkcpro.com\/product\/china-genset-container-for-exporting-support-oem-odm\/","url":"https:\/\/www.gkcpro.com\/product\/china-genset-container-for-exporting-support-oem-odm\/","name":"China Contenedor de grupo electr\u00f3geno para exportar-Apoyo OEM ODM","isPartOf":{"@id":"https:\/\/www.gkcpro.com\/#website"},"primaryImageOfPage":{"@id":"https:\/\/www.gkcpro.com\/product\/china-genset-container-for-exporting-support-oem-odm\/#primaryimage"},"image":{"@id":"https:\/\/www.gkcpro.com\/product\/china-genset-container-for-exporting-support-oem-odm\/#primaryimage"},"thumbnailUrl":"https:\/\/www.gkcpro.com\/wp-content\/uploads\/2026\/02\/Genset-container.jpg","datePublished":"2026-02-25T08:37:33+00:00","dateModified":"2026-03-02T03:17:23+00:00","breadcrumb":{"@id":"https:\/\/www.gkcpro.com\/product\/china-genset-container-for-exporting-support-oem-odm\/#breadcrumb"},"inLanguage":"es","potentialAction":[{"@type":"ReadAction","target":["https:\/\/www.gkcpro.com\/product\/china-genset-container-for-exporting-support-oem-odm\/"]}]},{"@type":"ImageObject","inLanguage":"es","@id":"https:\/\/www.gkcpro.com\/product\/china-genset-container-for-exporting-support-oem-odm\/#primaryimage","url":"https:\/\/www.gkcpro.com\/wp-content\/uploads\/2026\/02\/Genset-container.jpg","contentUrl":"https:\/\/www.gkcpro.com\/wp-content\/uploads\/2026\/02\/Genset-container.jpg","width":2451,"height":1840,"caption":"This robust teal green genset container offers a weatherproof, secure enclosure for diesel generator sets, ensuring reliable power generation in demanding environments. Built with corrosion-resistant panels, a lockable single door for easy access and maintenance, and adjustable feet for stable placement on uneven ground. Ideal for construction sites, remote facilities, backup power systems, or industrial applications requiring protected genset installation."},{"@type":"BreadcrumbList","@id":"https:\/\/www.gkcpro.com\/product\/china-genset-container-for-exporting-support-oem-odm\/#breadcrumb","itemListElement":[{"@type":"ListItem","position":1,"name":"\u9996\u9875","item":"https:\/\/www.gkcpro.com\/"},{"@type":"ListItem","position":2,"name":"Products","item":"https:\/\/www.gkcpro.com\/shop\/"},{"@type":"ListItem","position":3,"name":"China Genset container for exporting-Support OEM ODM"}]},{"@type":"WebSite","@id":"https:\/\/www.gkcpro.com\/#website","url":"https:\/\/www.gkcpro.com\/","name":"Container House Co.","description":"F\u00e1brica de casas contenedor","potentialAction":[{"@type":"SearchAction","target":{"@type":"EntryPoint","urlTemplate":"https:\/\/www.gkcpro.com\/?s={search_term_string}"},"query-input":{"@type":"PropertyValueSpecification","valueRequired":true,"valueName":"search_term_string"}}],"inLanguage":"es"}]}},"_links":{"self":[{"href":"https:\/\/www.gkcpro.com\/es\/wp-json\/wp\/v2\/product\/1095","targetHints":{"allow":["GET"]}}],"collection":[{"href":"https:\/\/www.gkcpro.com\/es\/wp-json\/wp\/v2\/product"}],"about":[{"href":"https:\/\/www.gkcpro.com\/es\/wp-json\/wp\/v2\/types\/product"}],"wp:featuredmedia":[{"embeddable":true,"href":"https:\/\/www.gkcpro.com\/es\/wp-json\/wp\/v2\/media\/1098"}],"wp:attachment":[{"href":"https:\/\/www.gkcpro.com\/es\/wp-json\/wp\/v2\/media?parent=1095"}],"wp:term":[{"taxonomy":"product_brand","embeddable":true,"href":"https:\/\/www.gkcpro.com\/es\/wp-json\/wp\/v2\/product_brand?post=1095"},{"taxonomy":"product_cat","embeddable":true,"href":"https:\/\/www.gkcpro.com\/es\/wp-json\/wp\/v2\/product_cat?post=1095"},{"taxonomy":"product_tag","embeddable":true,"href":"https:\/\/www.gkcpro.com\/es\/wp-json\/wp\/v2\/product_tag?post=1095"}],"curies":[{"name":"wp","href":"https:\/\/api.w.org\/{rel}","templated":true}]}}