{"id":1090,"date":"2026-02-25T15:59:33","date_gmt":"2026-02-25T07:59:33","guid":{"rendered":"https:\/\/www.gkcpro.com\/?post_type=product&#038;p=1090"},"modified":"2026-04-17T14:05:44","modified_gmt":"2026-04-17T06:05:44","slug":"motorcycle-storage-container-for-wholesale","status":"publish","type":"product","link":"https:\/\/www.gkcpro.com\/es\/product\/motorcycle-storage-container-for-wholesale\/","title":{"rendered":"Contenedor para motos al por mayor"},"content":{"rendered":"<div class=\"flex flex-col text-sm pb-25\">\n<article class=\"text-token-text-primary w-full focus:outline-none [--shadow-height:45px] has-data-writing-block:pointer-events-none has-data-writing-block:-mt-(--shadow-height) has-data-writing-block:pt-(--shadow-height) [&amp;:has([data-writing-block])&gt;*]:pointer-events-auto scroll-mt-[calc(var(--header-height)+min(200px,max(70px,20svh)))]\" dir=\"auto\" tabindex=\"-1\" data-turn-id=\"request-WEB:d0aa988f-9249-4d7c-8ffd-62851c5cb263-1\" data-testid=\"conversation-turn-2\" data-scroll-anchor=\"true\" data-turn=\"assistant\">\n<div class=\"text-base my-auto mx-auto pb-10 [--thread-content-margin:--spacing(4)] @w-sm\/main:[--thread-content-margin:--spacing(6)] @w-lg\/main:[--thread-content-margin:--spacing(16)] px-(--thread-content-margin)\">\n<div class=\"[--thread-content-max-width:40rem] @w-lg\/main:[--thread-content-max-width:48rem] mx-auto max-w-(--thread-content-max-width) flex-1 group\/turn-messages focus-visible:outline-hidden relative flex w-full min-w-0 flex-col agent-turn\" tabindex=\"-1\">\n<div class=\"flex max-w-full flex-col grow\">\n<div class=\"min-h-8 text-message relative flex w-full flex-col items-end gap-2 text-start break-words whitespace-normal [.text-message+&amp;]:mt-1\" dir=\"auto\" data-message-author-role=\"assistant\" data-message-id=\"745a2cbb-0321-45c9-ad66-55f6140bf4e7\" data-message-model-slug=\"gpt-5-2\">\n<div class=\"flex w-full flex-col gap-1 empty:hidden first:pt-[1px]\">\n<div class=\"markdown prose dark:prose-invert w-full wrap-break-word light markdown-new-styling\">\n<p data-start=\"0\" data-end=\"66\"><strong data-start=\"0\" data-end=\"66\">Contenedor de almacenamiento para motocicletas: su soluci\u00f3n segura y eficaz<\/strong><\/p>\n<p data-start=\"68\" data-end=\"341\">\u00bfBusca una soluci\u00f3n fiable y rentable para almacenar motocicletas y bicicletas al por mayor? Nuestro <strong data-start=\"160\" data-end=\"193\">Contenedor para motos<\/strong>\u00a0est\u00e1n dise\u00f1adas para empresas, distribuidores e importadores que buscan obtener unidades de almacenamiento de alta calidad directamente de un fabricante chino de confianza.<\/p>\n<h2 data-start=\"343\" data-end=\"392\"><strong data-start=\"343\" data-end=\"392\">\u00bfPor qu\u00e9 elegir nuestro contenedor para motos?<\/strong><\/h2>\n<ol data-start=\"393\" data-end=\"2557\">\n<li data-start=\"393\" data-end=\"698\">\n<p data-start=\"396\" data-end=\"698\"><strong data-start=\"396\" data-end=\"428\">Dise\u00f1o duradero y resistente a la intemperie<\/strong><br data-start=\"428\" data-end=\"431\" \/>Construidos para soportar condiciones clim\u00e1ticas extremas, nuestros contenedores est\u00e1n fabricados con materiales resistentes para garantizar una protecci\u00f3n duradera de sus motocicletas y bicicletas. Tanto si las guarda en el interior como en el exterior, nuestros contenedores le ofrecen la seguridad que necesita.<\/p>\n<\/li>\n<li data-start=\"700\" data-end=\"1037\">\n<p data-start=\"703\" data-end=\"1037\"><strong data-start=\"703\" data-end=\"741\">Eficiencia espacial con un dise\u00f1o inteligente<\/strong><br data-start=\"741\" data-end=\"744\" \/>Nuestros contenedores est\u00e1n disponibles en varios tama\u00f1os, como el compacto <strong data-start=\"805\" data-end=\"823\">Contenedor de 10 pies<\/strong> que es perfecto para guardar una o dos motocicletas, con espacio suficiente para equipo adicional. Con un dise\u00f1o modular, puedes desmontar y volver a montar f\u00e1cilmente la unidad de almacenamiento para transportarla y reubicarla c\u00f3modamente.<\/p>\n<\/li>\n<li data-start=\"1039\" data-end=\"1308\">\n<p data-start=\"1042\" data-end=\"1308\"><strong data-start=\"1042\" data-end=\"1072\">Opciones personalizables y OEM<\/strong><br data-start=\"1072\" data-end=\"1075\" \/>Como fabricante especializado en soluciones OEM, ofrecemos productos a medida para satisfacer sus necesidades espec\u00edficas. Elija entre una gama de colores, configuraciones de puertas y disposiciones internas para crear la configuraci\u00f3n de almacenamiento ideal para sus productos.<\/p>\n<\/li>\n<li data-start=\"1310\" data-end=\"1638\">\n<p data-start=\"1313\" data-end=\"1638\"><strong data-start=\"1313\" data-end=\"1355\">Conformidad con las normas internacionales<\/strong><br data-start=\"1355\" data-end=\"1358\" \/>Nuestros contenedores cumplen normas de certificaci\u00f3n mundiales como CE, ISO 9001, etc., lo que garantiza que su producto cumple la normativa exigida en su pa\u00eds. Tanto si desea importar a EE. UU., Europa o cualquier otro mercado, nuestros contenedores est\u00e1n listos para la exportaci\u00f3n.<\/p>\n<\/li>\n<li data-start=\"1640\" data-end=\"1961\">\n<p data-start=\"1643\" data-end=\"1961\"><strong data-start=\"1643\" data-end=\"1673\">Pedidos al por mayor rentables<\/strong><br data-start=\"1673\" data-end=\"1676\" \/>Comprar directamente en nuestra f\u00e1brica ofrece la ventaja de <strong data-start=\"1740\" data-end=\"1755\">menores costes<\/strong> para pedidos al por mayor, por lo que es ideal para compradores mayoristas, distribuidores o empresas que deseen almacenar grandes cantidades. Compare precios, MOQ y capacidades de producci\u00f3n para encontrar la mejor oferta para su negocio.<\/p>\n<\/li>\n<li data-start=\"1963\" data-end=\"2208\">\n<p data-start=\"1966\" data-end=\"2208\"><strong data-start=\"1966\" data-end=\"1996\">Env\u00edo r\u00e1pido y fiable<\/strong><br data-start=\"1996\" data-end=\"1999\" \/>Nuestros contenedores est\u00e1n dise\u00f1ados para un transporte y env\u00edo eficientes por mar o tierra, garantizando que lleguen seguros y a tiempo. Proporcionamos <strong data-start=\"2145\" data-end=\"2177\">servicios de exportaci\u00f3n y transporte<\/strong> a la medida de sus necesidades.<\/p>\n<\/li>\n<li data-start=\"2210\" data-end=\"2557\">\n<p data-start=\"2213\" data-end=\"2240\"><strong data-start=\"2213\" data-end=\"2238\">Proceso de pedido sencillo<\/strong><\/p>\n<ul data-start=\"2244\" data-end=\"2557\">\n<li data-start=\"2244\" data-end=\"2363\">\n<p data-start=\"2246\" data-end=\"2363\"><strong data-start=\"2246\" data-end=\"2276\">Consulte nuestro cat\u00e1logo de productos<\/strong>: Descubra una amplia gama de contenedores para motocicletas disponibles para pedido inmediato.<\/p>\n<\/li>\n<li data-start=\"2367\" data-end=\"2456\">\n<p data-start=\"2369\" data-end=\"2456\"><strong data-start=\"2369\" data-end=\"2394\">Solicitud de presupuesto (RFQ)<\/strong>: Solicite informaci\u00f3n personalizada sobre precios y env\u00edos.<\/p>\n<\/li>\n<li data-start=\"2460\" data-end=\"2557\">\n<p data-start=\"2462\" data-end=\"2557\"><strong data-start=\"2462\" data-end=\"2478\">Preparado para la exportaci\u00f3n<\/strong>: Admitimos env\u00edos internacionales y pedidos al por mayor con opciones de personalizaci\u00f3n.<\/p>\n<\/li>\n<\/ul>\n<\/li>\n<\/ol>\n<h2 data-start=\"2559\" data-end=\"2582\"><strong data-start=\"2559\" data-end=\"2582\">Especificaciones principales:<\/strong><\/h2>\n<ul data-start=\"2583\" data-end=\"2817\">\n<li data-start=\"2583\" data-end=\"2646\">\n<p data-start=\"2585\" data-end=\"2646\"><strong data-start=\"2585\" data-end=\"2608\">Dimensiones exteriores<\/strong>: 2808mm (L) x 1262mm (An) x 2048mm (Al)<\/p>\n<\/li>\n<li data-start=\"2647\" data-end=\"2710\">\n<p data-start=\"2649\" data-end=\"2710\"><strong data-start=\"2649\" data-end=\"2672\">Dimensiones interiores<\/strong>: 2667mm (Largo) x 1166mm (Ancho) x 1911mm (Alto)<\/p>\n<\/li>\n<li data-start=\"2711\" data-end=\"2754\">\n<p data-start=\"2713\" data-end=\"2754\"><strong data-start=\"2713\" data-end=\"2729\">Apertura de puertas<\/strong>: 1098 mm (ancho) x 1820 mm (alto)<\/p>\n<\/li>\n<li data-start=\"2755\" data-end=\"2782\">\n<p data-start=\"2757\" data-end=\"2782\"><strong data-start=\"2757\" data-end=\"2775\">Capacidad c\u00fabica<\/strong>: 6.0m\u00b3<\/p>\n<\/li>\n<li data-start=\"2783\" data-end=\"2817\">\n<p data-start=\"2785\" data-end=\"2817\"><strong data-start=\"2785\" data-end=\"2795\">Peso<\/strong>: 530 kg (peso bruto)<\/p>\n<\/li>\n<\/ul>\n<p data-start=\"2819\" data-end=\"3033\">\u00bfEst\u00e1 listo para encontrar su soluci\u00f3n de almacenamiento para motocicletas? Consulte nuestro cat\u00e1logo, solicite un presupuesto o p\u00f3ngase en contacto con nosotros directamente para empezar. Estamos aqu\u00ed para ayudarle a encontrar las mejores unidades de almacenamiento directamente de la <strong data-start=\"3014\" data-end=\"3032\">fuente - China<\/strong>.<\/p>\n<h3 data-start=\"3035\" data-end=\"3297\"><strong data-start=\"3035\" data-end=\"3056\">P\u00f3ngase en contacto con nosotros<\/strong><\/h3>\n<p data-start=\"3035\" data-end=\"3297\">Si desea m\u00e1s informaci\u00f3n sobre el contenedor para motocicletas, no dude en ponerse en contacto con <strong data-start=\"3152\" data-end=\"3167\">enviar solicitud<\/strong> o p\u00f3ngase en contacto con nuestro equipo si necesita ayuda. Garantizamos un proceso de pedido fluido, una entrega r\u00e1pida y los m\u00e1s altos est\u00e1ndares de calidad.<\/p>\n<\/div>\n<\/div>\n<\/div>\n<\/div>\n<div class=\"z-0 flex min-h-[46px] justify-start\"><\/div>\n<div class=\"mt-3 w-full empty:hidden\">\n<div class=\"text-center\"><\/div>\n<\/div>\n<\/div>\n<\/div>\n<\/article>\n<\/div>\n<div class=\"pointer-events-none h-px w-px absolute bottom-0\" aria-hidden=\"true\" data-edge=\"true\"><\/div>","protected":false},"excerpt":{"rendered":"<p><img loading=\"lazy\" decoding=\"async\" class=\"alignnone size-full wp-image-1139\" src=\"https:\/\/www.gkcpro.com\/wp-content\/uploads\/2026\/02\/evaluate.jpg\" alt=\"Mis contenedores se exportan a muchos pa\u00edses; este es un escaparate de los testimonios de nuestros clientes.\" width=\"1000\" height=\"474\" srcset=\"https:\/\/www.gkcpro.com\/wp-content\/uploads\/2026\/02\/evaluate.jpg 1000w, https:\/\/www.gkcpro.com\/wp-content\/uploads\/2026\/02\/evaluate-300x142.jpg 300w, https:\/\/www.gkcpro.com\/wp-content\/uploads\/2026\/02\/evaluate-768x364.jpg 768w, https:\/\/www.gkcpro.com\/wp-content\/uploads\/2026\/02\/evaluate-18x9.jpg 18w, https:\/\/www.gkcpro.com\/wp-content\/uploads\/2026\/02\/evaluate-624x296.jpg 624w, https:\/\/www.gkcpro.com\/wp-content\/uploads\/2026\/02\/evaluate-800x379.jpg 800w\" sizes=\"auto, (max-width: 1000px) 100vw, 1000px\" \/><\/p>\n<p><img loading=\"lazy\" decoding=\"async\" class=\"alignnone wp-image-1137 size-full\" src=\"https:\/\/www.gkcpro.com\/wp-content\/uploads\/2026\/02\/container-house-certificates.jpg\" alt=\"Exhibici\u00f3n de certificaciones internacionales, incluyendo ISO 9001, CE y certificados de seguridad estructural para nuestros contenedores y casas contenedor de exportaci\u00f3n\" width=\"1470\" height=\"2000\" srcset=\"https:\/\/www.gkcpro.com\/wp-content\/uploads\/2026\/02\/container-house-certificates.jpg 1470w, https:\/\/www.gkcpro.com\/wp-content\/uploads\/2026\/02\/container-house-certificates-221x300.jpg 221w, https:\/\/www.gkcpro.com\/wp-content\/uploads\/2026\/02\/container-house-certificates-753x1024.jpg 753w, https:\/\/www.gkcpro.com\/wp-content\/uploads\/2026\/02\/container-house-certificates-768x1045.jpg 768w, https:\/\/www.gkcpro.com\/wp-content\/uploads\/2026\/02\/container-house-certificates-1129x1536.jpg 1129w, https:\/\/www.gkcpro.com\/wp-content\/uploads\/2026\/02\/container-house-certificates-9x12.jpg 9w, https:\/\/www.gkcpro.com\/wp-content\/uploads\/2026\/02\/container-house-certificates-624x849.jpg 624w, https:\/\/www.gkcpro.com\/wp-content\/uploads\/2026\/02\/container-house-certificates-800x1088.jpg 800w\" sizes=\"auto, (max-width: 1470px) 100vw, 1470px\" \/><\/p>","protected":false},"featured_media":1091,"template":"","meta":[],"product_brand":[],"product_cat":[54],"product_tag":[],"class_list":{"0":"post-1090","1":"product","2":"type-product","3":"status-publish","4":"has-post-thumbnail","6":"product_cat-special-container","8":"first","9":"instock","10":"shipping-taxable","11":"product-type-simple"},"yoast_head":"<!-- This site is optimized with the Yoast SEO plugin v26.6 - https:\/\/yoast.com\/wordpress\/plugins\/seo\/ -->\n<title>Motorcycle storage container for wholesale - china container factory<\/title>\n<meta name=\"robots\" content=\"index, follow, max-snippet:-1, max-image-preview:large, max-video-preview:-1\" \/>\n<link rel=\"canonical\" href=\"https:\/\/www.gkcpro.com\/es\/product\/motorcycle-storage-container-for-wholesale\/\" \/>\n<meta property=\"og:locale\" content=\"es_ES\" \/>\n<meta property=\"og:type\" content=\"article\" \/>\n<meta property=\"og:title\" content=\"Motorcycle storage container for wholesale - china container factory\" \/>\n<meta property=\"og:url\" content=\"https:\/\/www.gkcpro.com\/es\/product\/motorcycle-storage-container-for-wholesale\/\" \/>\n<meta property=\"og:site_name\" content=\"Container House Co., Ltd.\" \/>\n<meta property=\"article:modified_time\" content=\"2026-04-17T06:05:44+00:00\" \/>\n<meta property=\"og:image\" content=\"https:\/\/www.gkcpro.com\/wp-content\/uploads\/2026\/02\/\u4e3b\u56fe-01_\u526f\u672c.jpg\" \/>\n\t<meta property=\"og:image:width\" content=\"800\" \/>\n\t<meta property=\"og:image:height\" content=\"800\" \/>\n\t<meta property=\"og:image:type\" content=\"image\/jpeg\" \/>\n<meta name=\"twitter:card\" content=\"summary_large_image\" \/>\n<meta name=\"twitter:label1\" content=\"Tiempo de lectura\" \/>\n\t<meta name=\"twitter:data1\" content=\"3 minutos\" \/>\n<script type=\"application\/ld+json\" class=\"yoast-schema-graph\">{\"@context\":\"https:\/\/schema.org\",\"@graph\":[{\"@type\":\"WebPage\",\"@id\":\"https:\/\/www.gkcpro.com\/product\/motorcycle-storage-container-for-wholesale\/\",\"url\":\"https:\/\/www.gkcpro.com\/product\/motorcycle-storage-container-for-wholesale\/\",\"name\":\"Motorcycle storage container for wholesale - china container factory\",\"isPartOf\":{\"@id\":\"https:\/\/www.gkcpro.com\/#website\"},\"primaryImageOfPage\":{\"@id\":\"https:\/\/www.gkcpro.com\/product\/motorcycle-storage-container-for-wholesale\/#primaryimage\"},\"image\":{\"@id\":\"https:\/\/www.gkcpro.com\/product\/motorcycle-storage-container-for-wholesale\/#primaryimage\"},\"thumbnailUrl\":\"https:\/\/www.gkcpro.com\/wp-content\/uploads\/2026\/02\/\u4e3b\u56fe-01_\u526f\u672c.jpg\",\"datePublished\":\"2026-02-25T07:59:33+00:00\",\"dateModified\":\"2026-04-17T06:05:44+00:00\",\"breadcrumb\":{\"@id\":\"https:\/\/www.gkcpro.com\/product\/motorcycle-storage-container-for-wholesale\/#breadcrumb\"},\"inLanguage\":\"es\",\"potentialAction\":[{\"@type\":\"ReadAction\",\"target\":[\"https:\/\/www.gkcpro.com\/product\/motorcycle-storage-container-for-wholesale\/\"]}]},{\"@type\":\"ImageObject\",\"inLanguage\":\"es\",\"@id\":\"https:\/\/www.gkcpro.com\/product\/motorcycle-storage-container-for-wholesale\/#primaryimage\",\"url\":\"https:\/\/www.gkcpro.com\/wp-content\/uploads\/2026\/02\/\u4e3b\u56fe-01_\u526f\u672c.jpg\",\"contentUrl\":\"https:\/\/www.gkcpro.com\/wp-content\/uploads\/2026\/02\/\u4e3b\u56fe-01_\u526f\u672c.jpg\",\"width\":800,\"height\":800,\"caption\":\"This durable green motorcycle storage container provides weatherproof, lockable protection for your motorcycle, dirt bike, or scooter. Featuring corrosion-resistant metal construction, a sturdy single door with secure latches, and adjustable leveling feet for stable installation on uneven surfaces. Perfect for homeowners, workshops, or commercial use needing compact, portable outdoor storage without a full garage.\"},{\"@type\":\"BreadcrumbList\",\"@id\":\"https:\/\/www.gkcpro.com\/product\/motorcycle-storage-container-for-wholesale\/#breadcrumb\",\"itemListElement\":[{\"@type\":\"ListItem\",\"position\":1,\"name\":\"\u9996\u9875\",\"item\":\"https:\/\/www.gkcpro.com\/\"},{\"@type\":\"ListItem\",\"position\":2,\"name\":\"Products\",\"item\":\"https:\/\/www.gkcpro.com\/shop\/\"},{\"@type\":\"ListItem\",\"position\":3,\"name\":\"Motorcycle storage container for wholesale\"}]},{\"@type\":\"WebSite\",\"@id\":\"https:\/\/www.gkcpro.com\/#website\",\"url\":\"https:\/\/www.gkcpro.com\/\",\"name\":\"Container House Co., Ltd.\",\"description\":\"Container House factory\",\"potentialAction\":[{\"@type\":\"SearchAction\",\"target\":{\"@type\":\"EntryPoint\",\"urlTemplate\":\"https:\/\/www.gkcpro.com\/?s={search_term_string}\"},\"query-input\":{\"@type\":\"PropertyValueSpecification\",\"valueRequired\":true,\"valueName\":\"search_term_string\"}}],\"inLanguage\":\"es\"}]}<\/script>\n<!-- \/ Yoast SEO plugin. -->","yoast_head_json":{"title":"Contenedor para motos al por mayor - fabrica de contenedores en china","robots":{"index":"index","follow":"follow","max-snippet":"max-snippet:-1","max-image-preview":"max-image-preview:large","max-video-preview":"max-video-preview:-1"},"canonical":"https:\/\/www.gkcpro.com\/es\/product\/motorcycle-storage-container-for-wholesale\/","og_locale":"es_ES","og_type":"article","og_title":"Motorcycle storage container for wholesale - china container factory","og_url":"https:\/\/www.gkcpro.com\/es\/product\/motorcycle-storage-container-for-wholesale\/","og_site_name":"Container House Co., Ltd.","article_modified_time":"2026-04-17T06:05:44+00:00","og_image":[{"width":800,"height":800,"url":"https:\/\/www.gkcpro.com\/wp-content\/uploads\/2026\/02\/\u4e3b\u56fe-01_\u526f\u672c.jpg","type":"image\/jpeg"}],"twitter_card":"summary_large_image","twitter_misc":{"Tiempo de lectura":"3 minutos"},"schema":{"@context":"https:\/\/schema.org","@graph":[{"@type":"WebPage","@id":"https:\/\/www.gkcpro.com\/product\/motorcycle-storage-container-for-wholesale\/","url":"https:\/\/www.gkcpro.com\/product\/motorcycle-storage-container-for-wholesale\/","name":"Contenedor para motos al por mayor - fabrica de contenedores en china","isPartOf":{"@id":"https:\/\/www.gkcpro.com\/#website"},"primaryImageOfPage":{"@id":"https:\/\/www.gkcpro.com\/product\/motorcycle-storage-container-for-wholesale\/#primaryimage"},"image":{"@id":"https:\/\/www.gkcpro.com\/product\/motorcycle-storage-container-for-wholesale\/#primaryimage"},"thumbnailUrl":"https:\/\/www.gkcpro.com\/wp-content\/uploads\/2026\/02\/\u4e3b\u56fe-01_\u526f\u672c.jpg","datePublished":"2026-02-25T07:59:33+00:00","dateModified":"2026-04-17T06:05:44+00:00","breadcrumb":{"@id":"https:\/\/www.gkcpro.com\/product\/motorcycle-storage-container-for-wholesale\/#breadcrumb"},"inLanguage":"es","potentialAction":[{"@type":"ReadAction","target":["https:\/\/www.gkcpro.com\/product\/motorcycle-storage-container-for-wholesale\/"]}]},{"@type":"ImageObject","inLanguage":"es","@id":"https:\/\/www.gkcpro.com\/product\/motorcycle-storage-container-for-wholesale\/#primaryimage","url":"https:\/\/www.gkcpro.com\/wp-content\/uploads\/2026\/02\/\u4e3b\u56fe-01_\u526f\u672c.jpg","contentUrl":"https:\/\/www.gkcpro.com\/wp-content\/uploads\/2026\/02\/\u4e3b\u56fe-01_\u526f\u672c.jpg","width":800,"height":800,"caption":"This durable green motorcycle storage container provides weatherproof, lockable protection for your motorcycle, dirt bike, or scooter. Featuring corrosion-resistant metal construction, a sturdy single door with secure latches, and adjustable leveling feet for stable installation on uneven surfaces. Perfect for homeowners, workshops, or commercial use needing compact, portable outdoor storage without a full garage."},{"@type":"BreadcrumbList","@id":"https:\/\/www.gkcpro.com\/product\/motorcycle-storage-container-for-wholesale\/#breadcrumb","itemListElement":[{"@type":"ListItem","position":1,"name":"\u9996\u9875","item":"https:\/\/www.gkcpro.com\/"},{"@type":"ListItem","position":2,"name":"Products","item":"https:\/\/www.gkcpro.com\/shop\/"},{"@type":"ListItem","position":3,"name":"Motorcycle storage container for wholesale"}]},{"@type":"WebSite","@id":"https:\/\/www.gkcpro.com\/#website","url":"https:\/\/www.gkcpro.com\/","name":"Container House Co.","description":"F\u00e1brica de casas contenedor","potentialAction":[{"@type":"SearchAction","target":{"@type":"EntryPoint","urlTemplate":"https:\/\/www.gkcpro.com\/?s={search_term_string}"},"query-input":{"@type":"PropertyValueSpecification","valueRequired":true,"valueName":"search_term_string"}}],"inLanguage":"es"}]}},"_links":{"self":[{"href":"https:\/\/www.gkcpro.com\/es\/wp-json\/wp\/v2\/product\/1090","targetHints":{"allow":["GET"]}}],"collection":[{"href":"https:\/\/www.gkcpro.com\/es\/wp-json\/wp\/v2\/product"}],"about":[{"href":"https:\/\/www.gkcpro.com\/es\/wp-json\/wp\/v2\/types\/product"}],"wp:featuredmedia":[{"embeddable":true,"href":"https:\/\/www.gkcpro.com\/es\/wp-json\/wp\/v2\/media\/1091"}],"wp:attachment":[{"href":"https:\/\/www.gkcpro.com\/es\/wp-json\/wp\/v2\/media?parent=1090"}],"wp:term":[{"taxonomy":"product_brand","embeddable":true,"href":"https:\/\/www.gkcpro.com\/es\/wp-json\/wp\/v2\/product_brand?post=1090"},{"taxonomy":"product_cat","embeddable":true,"href":"https:\/\/www.gkcpro.com\/es\/wp-json\/wp\/v2\/product_cat?post=1090"},{"taxonomy":"product_tag","embeddable":true,"href":"https:\/\/www.gkcpro.com\/es\/wp-json\/wp\/v2\/product_tag?post=1090"}],"curies":[{"name":"wp","href":"https:\/\/api.w.org\/{rel}","templated":true}]}}