{"id":1022,"date":"2026-02-10T10:47:11","date_gmt":"2026-02-10T02:47:11","guid":{"rendered":"https:\/\/www.gkcpro.com\/?post_type=product&#038;p=1022"},"modified":"2026-04-17T14:00:33","modified_gmt":"2026-04-17T06:00:33","slug":"10ft-storage-container-oem-odm-support","status":"publish","type":"product","link":"https:\/\/www.gkcpro.com\/es\/product\/10ft-storage-container-oem-odm-support\/","title":{"rendered":"Contenedor de almacenamiento de 10 pies\/Soporte OEM ODM"},"content":{"rendered":"<div class=\"flex flex-col text-sm pb-25\">\n<article class=\"text-token-text-primary w-full focus:outline-none [--shadow-height:45px] has-data-writing-block:pointer-events-none has-data-writing-block:-mt-(--shadow-height) has-data-writing-block:pt-(--shadow-height) [&amp;:has([data-writing-block])&gt;*]:pointer-events-auto [content-visibility:auto] supports-[content-visibility:auto]:[contain-intrinsic-size:auto_100lvh] scroll-mt-[calc(var(--header-height)+min(200px,max(70px,20svh)))]\" dir=\"auto\" tabindex=\"-1\" data-turn-id=\"25060405-75fc-4a70-9ba8-9b7f69246fc9\" data-testid=\"conversation-turn-219\" data-scroll-anchor=\"true\" data-turn=\"assistant\">\n<div class=\"text-base my-auto mx-auto pb-10 [--thread-content-margin:--spacing(4)] @w-sm\/main:[--thread-content-margin:--spacing(6)] @w-lg\/main:[--thread-content-margin:--spacing(16)] px-(--thread-content-margin)\">\n<div class=\"[--thread-content-max-width:40rem] @w-lg\/main:[--thread-content-max-width:48rem] mx-auto max-w-(--thread-content-max-width) flex-1 group\/turn-messages focus-visible:outline-hidden relative flex w-full min-w-0 flex-col agent-turn\" tabindex=\"-1\">\n<div class=\"flex max-w-full flex-col grow\">\n<div class=\"min-h-8 text-message relative flex w-full flex-col items-end gap-2 text-start break-words whitespace-normal [.text-message+&amp;]:mt-1\" dir=\"auto\" data-message-author-role=\"assistant\" data-message-id=\"f9387e06-27b3-4117-88a8-17abcf513fe2\" data-message-model-slug=\"gpt-5-2\">\n<div class=\"flex w-full flex-col gap-1 empty:hidden first:pt-[1px]\">\n<div class=\"markdown prose dark:prose-invert w-full wrap-break-word light markdown-new-styling\">\n<p data-start=\"0\" data-end=\"45\">Contenedor de almacenamiento de 3 metros construido en f\u00e1brica<\/p>\n<p data-start=\"47\" data-end=\"290\">A <strong data-start=\"49\" data-end=\"75\">Contenedor de almacenamiento de 10 pies<\/strong> es una peque\u00f1a caja de acero que mantiene las cosas seguras, secas y al alcance de la mano.<br data-start=\"144\" data-end=\"147\" \/>Hacemos este contenedor en nuestra propia f\u00e1brica, utilizando acero resistente y un dise\u00f1o inteligente. Es peque\u00f1o, pero sirve para guardar herramientas, equipos y existencias.<\/p>\n<hr data-start=\"292\" data-end=\"295\" \/>\n<h2 data-start=\"297\" data-end=\"345\">\u00bfQu\u00e9 es un contenedor de almacenamiento de 3 metros?<\/h2>\n<p data-start=\"347\" data-end=\"374\">Piensa en una peque\u00f1a habitaci\u00f3n de acero.<\/p>\n<ul data-start=\"376\" data-end=\"428\">\n<li data-start=\"376\" data-end=\"392\">\n<p data-start=\"378\" data-end=\"392\">Longitud corta<\/p>\n<\/li>\n<li data-start=\"393\" data-end=\"409\">\n<p data-start=\"395\" data-end=\"409\">Paredes fuertes<\/p>\n<\/li>\n<li data-start=\"410\" data-end=\"428\">\n<p data-start=\"412\" data-end=\"428\">Puertas con cerradura<\/p>\n<\/li>\n<\/ul>\n<p data-start=\"430\" data-end=\"539\">Este contenedor de almacenamiento compacto cabe donde el espacio es reducido. Es f\u00e1cil de colocar, f\u00e1cil de usar y f\u00e1cil de mover.<\/p>\n<hr data-start=\"541\" data-end=\"544\" \/>\n<h2 data-start=\"546\" data-end=\"576\">Container Manufacturer Feature<\/h2>\n<p data-start=\"578\" data-end=\"626\">No somos una empresa de alquiler.<br data-start=\"606\" data-end=\"609\" \/>Nosotros somos el creador.<\/p>\n<p data-start=\"628\" data-end=\"643\">En nuestra f\u00e1brica:<\/p>\n<ul data-start=\"644\" data-end=\"782\">\n<li data-start=\"644\" data-end=\"679\">\n<p data-start=\"646\" data-end=\"679\">Las chapas de acero se cortan y moldean<\/p>\n<\/li>\n<li data-start=\"680\" data-end=\"713\">\n<p data-start=\"682\" data-end=\"713\">Los bastidores se sueldan como un solo cuerpo<\/p>\n<\/li>\n<li data-start=\"714\" data-end=\"747\">\n<p data-start=\"716\" data-end=\"747\">Puertas y cerraduras instaladas<\/p>\n<\/li>\n<li data-start=\"748\" data-end=\"782\">\n<p data-start=\"750\" data-end=\"782\">Se pueden a\u00f1adir y probar ruedas<\/p>\n<\/li>\n<\/ul>\n<p data-start=\"784\" data-end=\"804\">\ud83d\udcca <strong data-start=\"787\" data-end=\"803\">Datos de f\u00e1brica<\/strong>:<\/p>\n<ul data-start=\"805\" data-end=\"920\">\n<li data-start=\"805\" data-end=\"834\">\n<p data-start=\"807\" data-end=\"834\">Espesor del acero: calibre 14<\/p>\n<\/li>\n<li data-start=\"835\" data-end=\"866\">\n<p data-start=\"837\" data-end=\"866\">Tama\u00f1o: 10 pies \u00d7 8 pies \u00d7 8,5 pies<\/p>\n<\/li>\n<li data-start=\"867\" data-end=\"892\">\n<p data-start=\"869\" data-end=\"892\">Tiempo de construcci\u00f3n: 7-10 d\u00edas<\/p>\n<\/li>\n<li data-start=\"893\" data-end=\"920\">\n<p data-start=\"895\" data-end=\"920\">Vida \u00fatil: m\u00e1s de 15 a\u00f1os<\/p>\n<\/li>\n<\/ul>\n<p data-start=\"922\" data-end=\"963\">Esto proporciona una calidad estable para cada unidad.<\/p>\n<hr data-start=\"965\" data-end=\"968\" \/>\n<h2 data-start=\"970\" data-end=\"1003\">Por qu\u00e9 las ruedas son una gran ventaja<\/h2>\n<p data-start=\"1005\" data-end=\"1082\">Un contenedor normal se queda en un sitio.<br data-start=\"1042\" data-end=\"1045\" \/>Un contenedor de almacenamiento con ruedas puede moverse.<\/p>\n<p data-start=\"1084\" data-end=\"1096\">Con ruedas:<\/p>\n<ul data-start=\"1097\" data-end=\"1235\">\n<li data-start=\"1097\" data-end=\"1130\">\n<p data-start=\"1099\" data-end=\"1130\">Una o dos personas pueden hacerlo rodar<\/p>\n<\/li>\n<li data-start=\"1131\" data-end=\"1169\">\n<p data-start=\"1133\" data-end=\"1169\">No se necesita carretilla elevadora para traslados cortos<\/p>\n<\/li>\n<li data-start=\"1170\" data-end=\"1205\">\n<p data-start=\"1172\" data-end=\"1205\">F\u00e1cil de cambiar de posici\u00f3n in situ<\/p>\n<\/li>\n<li data-start=\"1206\" data-end=\"1235\">\n<p data-start=\"1208\" data-end=\"1235\">Ahorra tiempo y mano de obra<\/p>\n<\/li>\n<\/ul>\n<p data-start=\"1237\" data-end=\"1279\">Esto la hace perfecta para zonas de trabajo muy concurridas.<\/p>\n<hr data-start=\"1281\" data-end=\"1284\" \/>\n<h2 data-start=\"1286\" data-end=\"1312\">Almacenamiento seguro y resistente<\/h2>\n<p data-start=\"1314\" data-end=\"1381\">El cuerpo de acero es resistente a la intemperie.<br data-start=\"1345\" data-end=\"1348\" \/>La lluvia se queda fuera.<br data-start=\"1363\" data-end=\"1366\" \/>El polvo se queda fuera.<\/p>\n<p data-start=\"1383\" data-end=\"1481\">En el interior, utilizamos cierre de leva para mayor seguridad.<br data-start=\"1434\" data-end=\"1437\" \/>Las herramientas y el equipo permanecen seguros d\u00eda y noche.<\/p>\n<hr data-start=\"1483\" data-end=\"1486\" \/>\n<h2 data-start=\"1488\" data-end=\"1522\">Opciones personalizadas de f\u00e1brica<\/h2>\n<p data-start=\"1524\" data-end=\"1535\">Podemos a\u00f1adir:<\/p>\n<ul data-start=\"1536\" data-end=\"1612\">\n<li data-start=\"1536\" data-end=\"1547\">\n<p data-start=\"1538\" data-end=\"1547\">Estanter\u00edas<\/p>\n<\/li>\n<li data-start=\"1548\" data-end=\"1561\">\n<p data-start=\"1550\" data-end=\"1561\">Rejillas de ventilaci\u00f3n<\/p>\n<\/li>\n<li data-start=\"1562\" data-end=\"1576\">\n<p data-start=\"1564\" data-end=\"1576\">Luces LED<\/p>\n<\/li>\n<li data-start=\"1577\" data-end=\"1591\">\n<p data-start=\"1579\" data-end=\"1591\">Aislamiento<\/p>\n<\/li>\n<li data-start=\"1592\" data-end=\"1612\">\n<p data-start=\"1594\" data-end=\"1612\">Tabiques interiores<\/p>\n<\/li>\n<\/ul>\n<p data-start=\"1614\" data-end=\"1670\">Cada peque\u00f1o contenedor de almacenamiento est\u00e1 construido para adaptarse a un uso real.<\/p>\n<hr data-start=\"1672\" data-end=\"1675\" \/>\n<h2 data-start=\"1677\" data-end=\"1696\">D\u00f3nde se utiliza<\/h2>\n<p data-start=\"1698\" data-end=\"1738\">Los compradores utilizan este minicontenedor de acero en:<\/p>\n<ul data-start=\"1739\" data-end=\"1821\">\n<li data-start=\"1739\" data-end=\"1761\">\n<p data-start=\"1741\" data-end=\"1761\">Obras de construcci\u00f3n<\/p>\n<\/li>\n<li data-start=\"1762\" data-end=\"1779\">\n<p data-start=\"1764\" data-end=\"1779\">Comercios minoristas<\/p>\n<\/li>\n<li data-start=\"1780\" data-end=\"1793\">\n<p data-start=\"1782\" data-end=\"1793\">Hospitales<\/p>\n<\/li>\n<li data-start=\"1794\" data-end=\"1821\">\n<p data-start=\"1796\" data-end=\"1821\">F\u00e1bricas y talleres<\/p>\n<\/li>\n<\/ul>\n<p data-start=\"1823\" data-end=\"1870\">Funciona bien para el almacenamiento de cargas ligeras y medias.<\/p>\n<hr data-start=\"1872\" data-end=\"1875\" \/>\n<h2 data-start=\"1877\" data-end=\"1891\">Palabras finales<\/h2>\n<p data-start=\"1893\" data-end=\"2049\">A <strong data-start=\"1895\" data-end=\"1921\">Contenedor de almacenamiento de 10 pies<\/strong> es peque\u00f1o, fuerte e inteligente, especialmente con ruedas.<br data-start=\"1973\" data-end=\"1976\" \/>Como fabricante, lo construimos para el trabajo real, sitios reales y usuarios reales.<\/p>\n<p data-start=\"2051\" data-end=\"2167\" data-is-last-node=\"\" data-is-only-node=\"\">Si necesita un producto duradero y f\u00e1cil de mover <strong data-start=\"2087\" data-end=\"2113\">Contenedor de almacenamiento de 10 pies<\/strong>, p\u00f3ngase en contacto con nosotros para obtener precios de f\u00e1brica y soluciones personalizadas.<\/p>\n<\/div>\n<\/div>\n<\/div>\n<\/div>\n<div class=\"z-0 flex min-h-[46px] justify-start\"><\/div>\n<\/div>\n<\/div>\n<\/article>\n<\/div>\n<div class=\"pointer-events-none h-px w-px absolute bottom-0\" aria-hidden=\"true\" data-edge=\"true\"><\/div>","protected":false},"excerpt":{"rendered":"<p><img loading=\"lazy\" decoding=\"async\" class=\"alignnone size-full wp-image-1139\" src=\"https:\/\/www.gkcpro.com\/wp-content\/uploads\/2026\/02\/evaluate.jpg\" alt=\"Mis contenedores se exportan a muchos pa\u00edses; este es un escaparate de los testimonios de nuestros clientes.\" width=\"1000\" height=\"474\" srcset=\"https:\/\/www.gkcpro.com\/wp-content\/uploads\/2026\/02\/evaluate.jpg 1000w, https:\/\/www.gkcpro.com\/wp-content\/uploads\/2026\/02\/evaluate-300x142.jpg 300w, https:\/\/www.gkcpro.com\/wp-content\/uploads\/2026\/02\/evaluate-768x364.jpg 768w, https:\/\/www.gkcpro.com\/wp-content\/uploads\/2026\/02\/evaluate-18x9.jpg 18w, https:\/\/www.gkcpro.com\/wp-content\/uploads\/2026\/02\/evaluate-624x296.jpg 624w, https:\/\/www.gkcpro.com\/wp-content\/uploads\/2026\/02\/evaluate-800x379.jpg 800w\" sizes=\"auto, (max-width: 1000px) 100vw, 1000px\" \/><img loading=\"lazy\" decoding=\"async\" class=\"alignnone wp-image-1137 size-full\" src=\"https:\/\/www.gkcpro.com\/wp-content\/uploads\/2026\/02\/container-house-certificates.jpg\" alt=\"Exhibici\u00f3n de certificaciones internacionales, incluyendo ISO 9001, CE y certificados de seguridad estructural para nuestros contenedores y casas contenedor de exportaci\u00f3n\" width=\"1470\" height=\"2000\" srcset=\"https:\/\/www.gkcpro.com\/wp-content\/uploads\/2026\/02\/container-house-certificates.jpg 1470w, https:\/\/www.gkcpro.com\/wp-content\/uploads\/2026\/02\/container-house-certificates-221x300.jpg 221w, https:\/\/www.gkcpro.com\/wp-content\/uploads\/2026\/02\/container-house-certificates-753x1024.jpg 753w, https:\/\/www.gkcpro.com\/wp-content\/uploads\/2026\/02\/container-house-certificates-768x1045.jpg 768w, https:\/\/www.gkcpro.com\/wp-content\/uploads\/2026\/02\/container-house-certificates-1129x1536.jpg 1129w, https:\/\/www.gkcpro.com\/wp-content\/uploads\/2026\/02\/container-house-certificates-9x12.jpg 9w, https:\/\/www.gkcpro.com\/wp-content\/uploads\/2026\/02\/container-house-certificates-624x849.jpg 624w, https:\/\/www.gkcpro.com\/wp-content\/uploads\/2026\/02\/container-house-certificates-800x1088.jpg 800w\" sizes=\"auto, (max-width: 1470px) 100vw, 1470px\" \/><\/p>","protected":false},"featured_media":1023,"template":"","meta":[],"product_brand":[],"product_cat":[54],"product_tag":[],"class_list":{"0":"post-1022","1":"product","2":"type-product","3":"status-publish","4":"has-post-thumbnail","6":"product_cat-special-container","8":"first","9":"instock","10":"shipping-taxable","11":"product-type-simple"},"yoast_head":"<!-- This site is optimized with the Yoast SEO plugin v26.6 - https:\/\/yoast.com\/wordpress\/plugins\/seo\/ -->\n<title>10ft Storage Container - china container manufacturer<\/title>\n<meta name=\"robots\" content=\"index, follow, max-snippet:-1, max-image-preview:large, max-video-preview:-1\" \/>\n<link rel=\"canonical\" href=\"https:\/\/www.gkcpro.com\/es\/product\/10ft-storage-container-oem-odm-support\/\" \/>\n<meta property=\"og:locale\" content=\"es_ES\" \/>\n<meta property=\"og:type\" content=\"article\" \/>\n<meta property=\"og:title\" content=\"10ft Storage Container - china container manufacturer\" \/>\n<meta property=\"og:url\" content=\"https:\/\/www.gkcpro.com\/es\/product\/10ft-storage-container-oem-odm-support\/\" \/>\n<meta property=\"og:site_name\" content=\"Container House Co., Ltd.\" \/>\n<meta property=\"article:modified_time\" content=\"2026-04-17T06:00:33+00:00\" \/>\n<meta property=\"og:image\" content=\"https:\/\/www.gkcpro.com\/wp-content\/uploads\/2026\/02\/10ft-storage-container.jpg\" \/>\n\t<meta property=\"og:image:width\" content=\"1920\" \/>\n\t<meta property=\"og:image:height\" content=\"1080\" \/>\n\t<meta property=\"og:image:type\" content=\"image\/jpeg\" \/>\n<meta name=\"twitter:card\" content=\"summary_large_image\" \/>\n<meta name=\"twitter:label1\" content=\"Tiempo de lectura\" \/>\n\t<meta name=\"twitter:data1\" content=\"2 minutos\" \/>\n<script type=\"application\/ld+json\" class=\"yoast-schema-graph\">{\"@context\":\"https:\/\/schema.org\",\"@graph\":[{\"@type\":\"WebPage\",\"@id\":\"https:\/\/www.gkcpro.com\/product\/10ft-storage-container-oem-odm-support\/\",\"url\":\"https:\/\/www.gkcpro.com\/product\/10ft-storage-container-oem-odm-support\/\",\"name\":\"10ft Storage Container - china container manufacturer\",\"isPartOf\":{\"@id\":\"https:\/\/www.gkcpro.com\/#website\"},\"primaryImageOfPage\":{\"@id\":\"https:\/\/www.gkcpro.com\/product\/10ft-storage-container-oem-odm-support\/#primaryimage\"},\"image\":{\"@id\":\"https:\/\/www.gkcpro.com\/product\/10ft-storage-container-oem-odm-support\/#primaryimage\"},\"thumbnailUrl\":\"https:\/\/www.gkcpro.com\/wp-content\/uploads\/2026\/02\/10ft-storage-container.jpg\",\"datePublished\":\"2026-02-10T02:47:11+00:00\",\"dateModified\":\"2026-04-17T06:00:33+00:00\",\"breadcrumb\":{\"@id\":\"https:\/\/www.gkcpro.com\/product\/10ft-storage-container-oem-odm-support\/#breadcrumb\"},\"inLanguage\":\"es\",\"potentialAction\":[{\"@type\":\"ReadAction\",\"target\":[\"https:\/\/www.gkcpro.com\/product\/10ft-storage-container-oem-odm-support\/\"]}]},{\"@type\":\"ImageObject\",\"inLanguage\":\"es\",\"@id\":\"https:\/\/www.gkcpro.com\/product\/10ft-storage-container-oem-odm-support\/#primaryimage\",\"url\":\"https:\/\/www.gkcpro.com\/wp-content\/uploads\/2026\/02\/10ft-storage-container.jpg\",\"contentUrl\":\"https:\/\/www.gkcpro.com\/wp-content\/uploads\/2026\/02\/10ft-storage-container.jpg\",\"width\":1920,\"height\":1080,\"caption\":\"Reliable 10ft storage container ideal for secure on-site storage and easy stacking\"},{\"@type\":\"BreadcrumbList\",\"@id\":\"https:\/\/www.gkcpro.com\/product\/10ft-storage-container-oem-odm-support\/#breadcrumb\",\"itemListElement\":[{\"@type\":\"ListItem\",\"position\":1,\"name\":\"\u9996\u9875\",\"item\":\"https:\/\/www.gkcpro.com\/\"},{\"@type\":\"ListItem\",\"position\":2,\"name\":\"Products\",\"item\":\"https:\/\/www.gkcpro.com\/shop\/\"},{\"@type\":\"ListItem\",\"position\":3,\"name\":\"10ft Storage Container\/OEM ODM support\"}]},{\"@type\":\"WebSite\",\"@id\":\"https:\/\/www.gkcpro.com\/#website\",\"url\":\"https:\/\/www.gkcpro.com\/\",\"name\":\"Container House Co., Ltd.\",\"description\":\"Container House factory\",\"potentialAction\":[{\"@type\":\"SearchAction\",\"target\":{\"@type\":\"EntryPoint\",\"urlTemplate\":\"https:\/\/www.gkcpro.com\/?s={search_term_string}\"},\"query-input\":{\"@type\":\"PropertyValueSpecification\",\"valueRequired\":true,\"valueName\":\"search_term_string\"}}],\"inLanguage\":\"es\"}]}<\/script>\n<!-- \/ Yoast SEO plugin. -->","yoast_head_json":{"title":"Contenedor de almacenamiento de 10 pies - china fabricante de contenedores","robots":{"index":"index","follow":"follow","max-snippet":"max-snippet:-1","max-image-preview":"max-image-preview:large","max-video-preview":"max-video-preview:-1"},"canonical":"https:\/\/www.gkcpro.com\/es\/product\/10ft-storage-container-oem-odm-support\/","og_locale":"es_ES","og_type":"article","og_title":"10ft Storage Container - china container manufacturer","og_url":"https:\/\/www.gkcpro.com\/es\/product\/10ft-storage-container-oem-odm-support\/","og_site_name":"Container House Co., Ltd.","article_modified_time":"2026-04-17T06:00:33+00:00","og_image":[{"width":1920,"height":1080,"url":"https:\/\/www.gkcpro.com\/wp-content\/uploads\/2026\/02\/10ft-storage-container.jpg","type":"image\/jpeg"}],"twitter_card":"summary_large_image","twitter_misc":{"Tiempo de lectura":"2 minutos"},"schema":{"@context":"https:\/\/schema.org","@graph":[{"@type":"WebPage","@id":"https:\/\/www.gkcpro.com\/product\/10ft-storage-container-oem-odm-support\/","url":"https:\/\/www.gkcpro.com\/product\/10ft-storage-container-oem-odm-support\/","name":"Contenedor de almacenamiento de 10 pies - china fabricante de contenedores","isPartOf":{"@id":"https:\/\/www.gkcpro.com\/#website"},"primaryImageOfPage":{"@id":"https:\/\/www.gkcpro.com\/product\/10ft-storage-container-oem-odm-support\/#primaryimage"},"image":{"@id":"https:\/\/www.gkcpro.com\/product\/10ft-storage-container-oem-odm-support\/#primaryimage"},"thumbnailUrl":"https:\/\/www.gkcpro.com\/wp-content\/uploads\/2026\/02\/10ft-storage-container.jpg","datePublished":"2026-02-10T02:47:11+00:00","dateModified":"2026-04-17T06:00:33+00:00","breadcrumb":{"@id":"https:\/\/www.gkcpro.com\/product\/10ft-storage-container-oem-odm-support\/#breadcrumb"},"inLanguage":"es","potentialAction":[{"@type":"ReadAction","target":["https:\/\/www.gkcpro.com\/product\/10ft-storage-container-oem-odm-support\/"]}]},{"@type":"ImageObject","inLanguage":"es","@id":"https:\/\/www.gkcpro.com\/product\/10ft-storage-container-oem-odm-support\/#primaryimage","url":"https:\/\/www.gkcpro.com\/wp-content\/uploads\/2026\/02\/10ft-storage-container.jpg","contentUrl":"https:\/\/www.gkcpro.com\/wp-content\/uploads\/2026\/02\/10ft-storage-container.jpg","width":1920,"height":1080,"caption":"Reliable 10ft storage container ideal for secure on-site storage and easy stacking"},{"@type":"BreadcrumbList","@id":"https:\/\/www.gkcpro.com\/product\/10ft-storage-container-oem-odm-support\/#breadcrumb","itemListElement":[{"@type":"ListItem","position":1,"name":"\u9996\u9875","item":"https:\/\/www.gkcpro.com\/"},{"@type":"ListItem","position":2,"name":"Products","item":"https:\/\/www.gkcpro.com\/shop\/"},{"@type":"ListItem","position":3,"name":"10ft Storage Container\/OEM ODM support"}]},{"@type":"WebSite","@id":"https:\/\/www.gkcpro.com\/#website","url":"https:\/\/www.gkcpro.com\/","name":"Container House Co.","description":"F\u00e1brica de casas contenedor","potentialAction":[{"@type":"SearchAction","target":{"@type":"EntryPoint","urlTemplate":"https:\/\/www.gkcpro.com\/?s={search_term_string}"},"query-input":{"@type":"PropertyValueSpecification","valueRequired":true,"valueName":"search_term_string"}}],"inLanguage":"es"}]}},"_links":{"self":[{"href":"https:\/\/www.gkcpro.com\/es\/wp-json\/wp\/v2\/product\/1022","targetHints":{"allow":["GET"]}}],"collection":[{"href":"https:\/\/www.gkcpro.com\/es\/wp-json\/wp\/v2\/product"}],"about":[{"href":"https:\/\/www.gkcpro.com\/es\/wp-json\/wp\/v2\/types\/product"}],"wp:featuredmedia":[{"embeddable":true,"href":"https:\/\/www.gkcpro.com\/es\/wp-json\/wp\/v2\/media\/1023"}],"wp:attachment":[{"href":"https:\/\/www.gkcpro.com\/es\/wp-json\/wp\/v2\/media?parent=1022"}],"wp:term":[{"taxonomy":"product_brand","embeddable":true,"href":"https:\/\/www.gkcpro.com\/es\/wp-json\/wp\/v2\/product_brand?post=1022"},{"taxonomy":"product_cat","embeddable":true,"href":"https:\/\/www.gkcpro.com\/es\/wp-json\/wp\/v2\/product_cat?post=1022"},{"taxonomy":"product_tag","embeddable":true,"href":"https:\/\/www.gkcpro.com\/es\/wp-json\/wp\/v2\/product_tag?post=1022"}],"curies":[{"name":"wp","href":"https:\/\/api.w.org\/{rel}","templated":true}]}}