{"id":7,"date":"2025-09-23T10:23:07","date_gmt":"2025-09-23T02:23:07","guid":{"rendered":"http:\/\/jizhuangxiang.webqd.net\/?page_id=7"},"modified":"2026-01-28T10:17:01","modified_gmt":"2026-01-28T02:17:01","slug":"about","status":"publish","type":"page","link":"https:\/\/www.gkcpro.com\/es\/about\/","title":{"rendered":"Qui\u00e9nes somos"},"content":{"rendered":"<p>Container House Co., Ltd. construye productos de vivienda modular para necesidades empresariales reales.  Somos una f\u00e1brica de casas contenedor centrada en una producci\u00f3n estable, especificaciones claras y productos que funcionan bien en los mercados mundiales.<\/p>\n<p>No nos basamos en palabras complicadas ni en promesas vac\u00edas.  Nos centramos en productos f\u00e1ciles de revender, sencillos de transportar y pr\u00e1cticos para su uso in situ.  Desde unidades est\u00e1ndar hasta modelos personalizados, nuestra producci\u00f3n sigue materiales coherentes y procesos controlados, lo que ayuda a los socios a reducir riesgos y ahorrar tiempo.<\/p>\n<p>\u00bfPor qu\u00e9 trabajar con nosotros facilita el progreso de los proyectos?  La respuesta es sencilla.  Primero escuchamos.  Usted comparte su mercado o plan de proyecto, y nosotros respondemos con dise\u00f1os viables, opciones pr\u00e1cticas y precios que se ajustan a su modelo de negocio.  Los importadores obtienen una cadena de suministro fiable, los mayoristas reciben productos listos para el mercado y los contratistas salas de contenedores usados con estructuras adecuadas a las condiciones reales del emplazamiento.<\/p>\n<p>Seguimos implicados m\u00e1s all\u00e1 de la producci\u00f3n.  Desde los planos y la confirmaci\u00f3n hasta el embalaje y la entrega, nuestro equipo mantiene una comunicaci\u00f3n clara y eficaz.  Las soluciones personalizadas para diferentes socios son la forma en que construimos una cooperaci\u00f3n a largo plazo.<\/p>\n<p>Si necesita contenedores para proyectos de importaci\u00f3n, distribuci\u00f3n o construcci\u00f3n, \u00e9ste es un buen punto de partida.  P\u00f3ngase en contacto con nosotros y descubra c\u00f3mo un socio de fabricaci\u00f3n especializado puede ayudarle en su pr\u00f3ximo pedido.<\/p>","protected":false},"excerpt":{"rendered":"<p>Container House Co., Ltd. builds modular housing products for real business needs. \u00a0We are a container house factory focused on stable production, clear specifications, and products that perform well in global markets. We don\u2019t rely on complicated words or empty promises. \u00a0We focus on products that are easy to resell, simple to transport, and practical [&hellip;]<\/p>","protected":false},"author":1,"featured_media":0,"parent":0,"menu_order":0,"comment_status":"closed","ping_status":"closed","template":"","meta":{"footnotes":""},"class_list":["post-7","page","type-page","status-publish","hentry"],"yoast_head":"<!-- This site is optimized with the Yoast SEO plugin v26.6 - https:\/\/yoast.com\/wordpress\/plugins\/seo\/ -->\n<title>About Us - Container House Co., Ltd<\/title>\n<meta name=\"robots\" content=\"index, follow, max-snippet:-1, max-image-preview:large, max-video-preview:-1\" \/>\n<link rel=\"canonical\" href=\"https:\/\/www.gkcpro.com\/es\/about\/\" \/>\n<meta property=\"og:locale\" content=\"es_ES\" \/>\n<meta property=\"og:type\" content=\"article\" \/>\n<meta property=\"og:title\" content=\"About Us - Container House Co., Ltd\" \/>\n<meta property=\"og:description\" content=\"Container House Co., Ltd. builds modular housing products for real business needs. \u00a0We are a container house factory focused on stable production, clear specifications, and products that perform well in global markets. We don\u2019t rely on complicated words or empty promises. \u00a0We focus on products that are easy to resell, simple to transport, and practical [&hellip;]\" \/>\n<meta property=\"og:url\" content=\"https:\/\/www.gkcpro.com\/es\/about\/\" \/>\n<meta property=\"og:site_name\" content=\"Container House Co., Ltd.\" \/>\n<meta property=\"article:modified_time\" content=\"2026-01-28T02:17:01+00:00\" \/>\n<meta name=\"twitter:card\" content=\"summary_large_image\" \/>\n<meta name=\"twitter:label1\" content=\"Tiempo de lectura\" \/>\n\t<meta name=\"twitter:data1\" content=\"1 minuto\" \/>\n<script type=\"application\/ld+json\" class=\"yoast-schema-graph\">{\"@context\":\"https:\/\/schema.org\",\"@graph\":[{\"@type\":\"WebPage\",\"@id\":\"https:\/\/www.gkcpro.com\/about\/\",\"url\":\"https:\/\/www.gkcpro.com\/about\/\",\"name\":\"About Us - Container House Co., Ltd\",\"isPartOf\":{\"@id\":\"https:\/\/www.gkcpro.com\/#website\"},\"datePublished\":\"2025-09-23T02:23:07+00:00\",\"dateModified\":\"2026-01-28T02:17:01+00:00\",\"breadcrumb\":{\"@id\":\"https:\/\/www.gkcpro.com\/about\/#breadcrumb\"},\"inLanguage\":\"es\",\"potentialAction\":[{\"@type\":\"ReadAction\",\"target\":[\"https:\/\/www.gkcpro.com\/about\/\"]}]},{\"@type\":\"BreadcrumbList\",\"@id\":\"https:\/\/www.gkcpro.com\/about\/#breadcrumb\",\"itemListElement\":[{\"@type\":\"ListItem\",\"position\":1,\"name\":\"\u9996\u9875\",\"item\":\"https:\/\/www.gkcpro.com\/\"},{\"@type\":\"ListItem\",\"position\":2,\"name\":\"About Us\"}]},{\"@type\":\"WebSite\",\"@id\":\"https:\/\/www.gkcpro.com\/#website\",\"url\":\"https:\/\/www.gkcpro.com\/\",\"name\":\"Container House Co., Ltd.\",\"description\":\"Container House factory\",\"potentialAction\":[{\"@type\":\"SearchAction\",\"target\":{\"@type\":\"EntryPoint\",\"urlTemplate\":\"https:\/\/www.gkcpro.com\/?s={search_term_string}\"},\"query-input\":{\"@type\":\"PropertyValueSpecification\",\"valueRequired\":true,\"valueName\":\"search_term_string\"}}],\"inLanguage\":\"es\"}]}<\/script>\n<!-- \/ Yoast SEO plugin. -->","yoast_head_json":{"title":"Sobre nosotros - Container House Co., Ltd","robots":{"index":"index","follow":"follow","max-snippet":"max-snippet:-1","max-image-preview":"max-image-preview:large","max-video-preview":"max-video-preview:-1"},"canonical":"https:\/\/www.gkcpro.com\/es\/about\/","og_locale":"es_ES","og_type":"article","og_title":"About Us - Container House Co., Ltd","og_description":"Container House Co., Ltd. builds modular housing products for real business needs. \u00a0We are a container house factory focused on stable production, clear specifications, and products that perform well in global markets. We don\u2019t rely on complicated words or empty promises. \u00a0We focus on products that are easy to resell, simple to transport, and practical [&hellip;]","og_url":"https:\/\/www.gkcpro.com\/es\/about\/","og_site_name":"Container House Co., Ltd.","article_modified_time":"2026-01-28T02:17:01+00:00","twitter_card":"summary_large_image","twitter_misc":{"Tiempo de lectura":"1 minuto"},"schema":{"@context":"https:\/\/schema.org","@graph":[{"@type":"WebPage","@id":"https:\/\/www.gkcpro.com\/about\/","url":"https:\/\/www.gkcpro.com\/about\/","name":"Sobre nosotros - Container House Co., Ltd","isPartOf":{"@id":"https:\/\/www.gkcpro.com\/#website"},"datePublished":"2025-09-23T02:23:07+00:00","dateModified":"2026-01-28T02:17:01+00:00","breadcrumb":{"@id":"https:\/\/www.gkcpro.com\/about\/#breadcrumb"},"inLanguage":"es","potentialAction":[{"@type":"ReadAction","target":["https:\/\/www.gkcpro.com\/about\/"]}]},{"@type":"BreadcrumbList","@id":"https:\/\/www.gkcpro.com\/about\/#breadcrumb","itemListElement":[{"@type":"ListItem","position":1,"name":"\u9996\u9875","item":"https:\/\/www.gkcpro.com\/"},{"@type":"ListItem","position":2,"name":"About Us"}]},{"@type":"WebSite","@id":"https:\/\/www.gkcpro.com\/#website","url":"https:\/\/www.gkcpro.com\/","name":"Container House Co.","description":"F\u00e1brica de casas contenedor","potentialAction":[{"@type":"SearchAction","target":{"@type":"EntryPoint","urlTemplate":"https:\/\/www.gkcpro.com\/?s={search_term_string}"},"query-input":{"@type":"PropertyValueSpecification","valueRequired":true,"valueName":"search_term_string"}}],"inLanguage":"es"}]}},"_links":{"self":[{"href":"https:\/\/www.gkcpro.com\/es\/wp-json\/wp\/v2\/pages\/7","targetHints":{"allow":["GET"]}}],"collection":[{"href":"https:\/\/www.gkcpro.com\/es\/wp-json\/wp\/v2\/pages"}],"about":[{"href":"https:\/\/www.gkcpro.com\/es\/wp-json\/wp\/v2\/types\/page"}],"author":[{"embeddable":true,"href":"https:\/\/www.gkcpro.com\/es\/wp-json\/wp\/v2\/users\/1"}],"replies":[{"embeddable":true,"href":"https:\/\/www.gkcpro.com\/es\/wp-json\/wp\/v2\/comments?post=7"}],"version-history":[{"count":15,"href":"https:\/\/www.gkcpro.com\/es\/wp-json\/wp\/v2\/pages\/7\/revisions"}],"predecessor-version":[{"id":878,"href":"https:\/\/www.gkcpro.com\/es\/wp-json\/wp\/v2\/pages\/7\/revisions\/878"}],"wp:attachment":[{"href":"https:\/\/www.gkcpro.com\/es\/wp-json\/wp\/v2\/media?parent=7"}],"curies":[{"name":"wp","href":"https:\/\/api.w.org\/{rel}","templated":true}]}}