{"id":945,"date":"2026-01-30T15:56:22","date_gmt":"2026-01-30T07:56:22","guid":{"rendered":"https:\/\/www.gkcpro.com\/?post_type=product&#038;p=945"},"modified":"2026-04-17T13:53:48","modified_gmt":"2026-04-17T05:53:48","slug":"10x8-shipping-container","status":"publish","type":"product","link":"https:\/\/www.gkcpro.com\/de\/product\/10x8-shipping-container\/","title":{"rendered":"10\u00d78 Schiffscontainer - Containerhersteller"},"content":{"rendered":"<h2 data-start=\"363\" data-end=\"430\">10\u00d78 Versandcontainer: Die ideale L\u00f6sung f\u00fcr Lagerung und Transport<\/h2>\n<p data-start=\"432\" data-end=\"817\">Wenn Sie auf der Suche nach einer vielseitigen und langlebigen Aufbewahrungsl\u00f6sung sind, ist unser <strong data-start=\"500\" data-end=\"527\">10\u00d78 Schiffscontainer<\/strong> ist die perfekte Wahl. Hergestellt von <strong data-start=\"567\" data-end=\"595\">Container House Co. Ltd.<\/strong>, Dieser Container wurde f\u00fcr Unternehmen und Privatpersonen entwickelt, die sichere, zuverl\u00e4ssige und erschwingliche Lagerm\u00f6glichkeiten ben\u00f6tigen. Ob f\u00fcr Lagerung, Versand oder Transport, unsere <strong data-start=\"768\" data-end=\"796\">10\u00d78 Schiffscontainer<\/strong> alle Ihre Bed\u00fcrfnisse zu erf\u00fcllen.<\/p>\n<p data-start=\"432\" data-end=\"817\"><img loading=\"lazy\" decoding=\"async\" class=\"alignnone size-full wp-image-1139\" src=\"https:\/\/www.gkcpro.com\/wp-content\/uploads\/2026\/02\/evaluate.jpg\" alt=\"Meine Container werden in viele L\u00e4nder exportiert; dies ist ein Beispiel f\u00fcr die Erfahrungen unserer Kunden.\" width=\"1000\" height=\"474\" srcset=\"https:\/\/www.gkcpro.com\/wp-content\/uploads\/2026\/02\/evaluate.jpg 1000w, https:\/\/www.gkcpro.com\/wp-content\/uploads\/2026\/02\/evaluate-300x142.jpg 300w, https:\/\/www.gkcpro.com\/wp-content\/uploads\/2026\/02\/evaluate-768x364.jpg 768w, https:\/\/www.gkcpro.com\/wp-content\/uploads\/2026\/02\/evaluate-18x9.jpg 18w, https:\/\/www.gkcpro.com\/wp-content\/uploads\/2026\/02\/evaluate-624x296.jpg 624w, https:\/\/www.gkcpro.com\/wp-content\/uploads\/2026\/02\/evaluate-800x379.jpg 800w\" sizes=\"auto, (max-width: 1000px) 100vw, 1000px\" \/><\/p>\n<h2 data-start=\"819\" data-end=\"856\">Was ist ein 10\u00d78 Schiffscontainer?<\/h2>\n<p data-start=\"858\" data-end=\"1230\">Unser Container ist ein kompakter und dennoch ger\u00e4umiger Container, der f\u00fcr eine Vielzahl von Zwecken verwendet werden kann. Mit einer L\u00e4nge von 10 Fu\u00df und einer Breite von 8 Fu\u00df bietet er reichlich Platz f\u00fcr die Lagerung von Ausr\u00fcstung, Inventar oder pers\u00f6nlichen Gegenst\u00e4nden. Die aus hochwertigen Materialien gefertigten Container sind so konzipiert, dass sie auch den h\u00e4rtesten Umgebungen standhalten und gleichzeitig hervorragende Sicherheit bieten.<\/p>\n<p data-start=\"1232\" data-end=\"1386\">Unter <strong data-start=\"1235\" data-end=\"1263\">Container House Co. Ltd.<\/strong>, Wir stellen jeden Beh\u00e4lter mit Pr\u00e4zision her und stellen sicher, dass er alle Branchenstandards f\u00fcr Qualit\u00e4t und Haltbarkeit erf\u00fcllt.<\/p>\n<h2 data-start=\"1388\" data-end=\"1434\">Hauptmerkmale des 10\u00d78 Versandcontainers<\/h2>\n<h3 data-start=\"1436\" data-end=\"1472\">1. <strong data-start=\"1443\" data-end=\"1472\">Hochwertige Konstruktion<\/strong><\/h3>\n<p data-start=\"1473\" data-end=\"1674\">Unser <strong data-start=\"1477\" data-end=\"1505\">10\u00d78 Schiffscontainer<\/strong> sind aus hochfestem Stahl gefertigt und bieten eine lange Lebensdauer. Diese Beh\u00e4lter sind so konzipiert, dass sie Ihre Gegenst\u00e4nde vor Diebstahl, Witterung und Abnutzung sch\u00fctzen.<\/p>\n<h3 data-start=\"1676\" data-end=\"1707\">2. <strong data-start=\"1683\" data-end=\"1707\">Kompakt und doch ger\u00e4umig<\/strong><\/h3>\n<p data-start=\"1708\" data-end=\"1923\">Trotz seiner kompakten Gr\u00f6\u00dfe ist der <strong data-start=\"1740\" data-end=\"1767\">\u00a0Schiffscontainer<\/strong> bietet ausreichend Stauraum f\u00fcr kleine bis mittelgro\u00dfe G\u00fcter. Sein effizientes Design erm\u00f6glicht es Ihnen, eine Vielzahl von Gegenst\u00e4nden auf kleinstem Raum zu lagern.<\/p>\n<h3 data-start=\"1925\" data-end=\"1959\">3. <strong data-start=\"1932\" data-end=\"1959\">Sicherheit und Schutz<\/strong><\/h3>\n<p data-start=\"1960\" data-end=\"2131\">Jede <strong data-start=\"1965\" data-end=\"1992\">10\u00d78 Schiffscontainer<\/strong> ist mit sicheren Verriegelungsmechanismen und wetterfesten Dichtungen ausgestattet, die daf\u00fcr sorgen, dass Ihre Gegenst\u00e4nde sicher und vor \u00e4u\u00dferen Gefahren gesch\u00fctzt sind.<\/p>\n<h3 data-start=\"2133\" data-end=\"2171\">4. <strong data-start=\"2140\" data-end=\"2171\">Erschwingliche Speicherl\u00f6sung<\/strong><\/h3>\n<p data-start=\"2172\" data-end=\"2377\">Unser <strong data-start=\"2176\" data-end=\"2204\">10\u00d78 Schiffscontainer<\/strong> bieten eine kosteng\u00fcnstige Alternative zu herk\u00f6mmlichen Lagermethoden. Mit erschwinglichen Anschaffungskosten und geringen Wartungsanforderungen bieten sie ein hervorragendes Preis-Leistungs-Verh\u00e4ltnis.<\/p>\n<h3 data-start=\"2379\" data-end=\"2410\">5. <strong data-start=\"2386\" data-end=\"2410\">Anpassbare Optionen<\/strong><\/h3>\n<p data-start=\"2411\" data-end=\"2611\">Wir bieten kundenspezifische Anpassungen an, um spezielle Lageranforderungen zu erf\u00fcllen, einschlie\u00dflich zus\u00e4tzlicher Regale, Bel\u00fcftungsoptionen und individueller Farben. Sie k\u00f6nnen die <strong data-start=\"2557\" data-end=\"2584\">10\u00d78 Schiffscontainer<\/strong> Ihren Anforderungen entsprechend.<\/p>\n<h3 data-start=\"2613\" data-end=\"2641\">6. <strong data-start=\"2620\" data-end=\"2641\">Leicht zu transportieren<\/strong><\/h3>\n<p data-start=\"2642\" data-end=\"2844\">Die Standardausf\u00fchrung des <strong data-start=\"2669\" data-end=\"2696\">10\u00d78 Schiffscontainer<\/strong> macht den Transport per Lkw, Schiff oder Bahn einfach. Seine kompakte Gr\u00f6\u00dfe erm\u00f6glicht eine einfache Handhabung und Bef\u00f6rderung im In- und Ausland.<\/p>\n<h2 data-start=\"3383\" data-end=\"3429\">Anwendungen des 10\u00d78-Containers<\/h2>\n<p data-start=\"3431\" data-end=\"3524\">Unser <strong data-start=\"3435\" data-end=\"3463\">10\u2032 Schiffscontainer<\/strong> werden in verschiedenen Industriezweigen f\u00fcr zahlreiche Zwecke eingesetzt:<\/p>\n<ul data-start=\"3526\" data-end=\"3911\">\n<li data-start=\"3526\" data-end=\"3622\">\n<p data-start=\"3528\" data-end=\"3622\"><strong data-start=\"3528\" data-end=\"3549\">L\u00f6sungen f\u00fcr die Lagerung<\/strong>: Ideal f\u00fcr die pers\u00f6nliche Aufbewahrung, f\u00fcr Gesch\u00e4ftsinventar und f\u00fcr Baustellen.<\/p>\n<\/li>\n<li data-start=\"3623\" data-end=\"3711\">\n<p data-start=\"3625\" data-end=\"3711\"><strong data-start=\"3625\" data-end=\"3651\">Versand und Logistik<\/strong>: Perfekt f\u00fcr den Transport von G\u00fctern auf dem Land-, See- und Schienenweg.<\/p>\n<\/li>\n<li data-start=\"3712\" data-end=\"3789\">\n<p data-start=\"3714\" data-end=\"3789\"><strong data-start=\"3714\" data-end=\"3733\">Lagereinheiten<\/strong>: Kann als tempor\u00e4re oder permanente Lagerfl\u00e4che genutzt werden.<\/p>\n<\/li>\n<li data-start=\"3790\" data-end=\"3911\">\n<p data-start=\"3792\" data-end=\"3911\"><strong data-start=\"3792\" data-end=\"3810\">Mobile B\u00fcros<\/strong>: Kann als mobiles B\u00fcro f\u00fcr Arbeiter auf Baustellen oder an abgelegenen Orten eingesetzt werden.<\/p>\n<\/li>\n<\/ul>\n<h2 data-start=\"3913\" data-end=\"3944\">Container FAQ<\/h2>\n<p data-start=\"3946\" data-end=\"4127\"><strong data-start=\"3946\" data-end=\"3995\">1. Kann ich einen Versandcontainer individuell gestalten?<\/strong><br data-start=\"3995\" data-end=\"3998\" \/>Ja, wir bieten individuelle Anpassungsm\u00f6glichkeiten wie zus\u00e4tzliche Einlegeb\u00f6den, Bel\u00fcftung, Schl\u00f6sser und Farbauswahl, um Ihren Lagerbedarf zu erf\u00fcllen.<\/p>\n<p data-start=\"4129\" data-end=\"4331\"><strong data-start=\"4129\" data-end=\"4186\">2. Wie hoch ist die Lebensdauer eines Schiffscontainers?<\/strong><br data-start=\"4186\" data-end=\"4189\" \/>Bei richtiger Pflege kann ein <strong data-start=\"4209\" data-end=\"4236\">\u00a0Schiffscontainer<\/strong> kann bis zu 15-20 Jahre halten. Regelm\u00e4\u00dfige Reinigung und Inspektion tragen zur Erhaltung der Haltbarkeit bei.<\/p>\n<p data-start=\"4333\" data-end=\"4524\"><strong data-start=\"4333\" data-end=\"4386\">3. Wie kann ich es transportieren?<\/strong><br data-start=\"4386\" data-end=\"4389\" \/>Die <strong data-start=\"4393\" data-end=\"4420\">Schiffscontainer<\/strong> kann dank seiner Standardabmessungen und seiner robusten Konstruktion problemlos per Lkw, Bahn oder Schiff transportiert werden.<\/p>\n<p data-start=\"4526\" data-end=\"4715\"><strong data-start=\"4526\" data-end=\"4579\">4. Wie hoch sind die Kosten f\u00fcr einen 10\u00d78 Container?<\/strong><br data-start=\"4579\" data-end=\"4582\" \/>Der Preis variiert je nach Personalisierung, Standort und Versand. Kontaktieren Sie uns f\u00fcr ein kostenloses Angebot auf der Grundlage Ihrer spezifischen Anforderungen.<\/p>\n<p data-start=\"4717\" data-end=\"4913\"><strong data-start=\"4717\" data-end=\"4764\">5. Wie kann ich sicherstellen, dass der Container sicher ist?<\/strong><br data-start=\"4764\" data-end=\"4767\" \/>Jede <strong data-start=\"4772\" data-end=\"4799\">Container<\/strong> ist mit hochwertigen Schl\u00f6ssern und wetterfesten Dichtungen ausgestattet, um Ihre Gegenst\u00e4nde vor Diebstahl und Umweltsch\u00e4den zu sch\u00fctzen.<\/p>\n<h2 data-start=\"4915\" data-end=\"4928\">Shipping container Conclusion<\/h2>\n<p data-start=\"4930\" data-end=\"5264\">Unter <strong data-start=\"4933\" data-end=\"4961\">Container House Co. Ltd.<\/strong>, Wir haben uns auf die Herstellung hochwertiger, langlebiger und anpassbarer Produkte spezialisiert. <strong data-start=\"5034\" data-end=\"5062\">10-Fu\u00df-Schiffscontainer<\/strong>\u00a0die den unterschiedlichsten Bed\u00fcrfnissen gerecht werden. Ganz gleich, ob Sie eine Lagerl\u00f6sung, einen Transportcontainer oder ein mobiles B\u00fcro suchen, unsere Container sind langlebig und bieten sichere und erschwingliche Optionen.<\/p>\n<p data-start=\"5266\" data-end=\"5383\">\ud83d\udc49 <strong data-start=\"5269\" data-end=\"5289\">Kontaktieren Sie uns heute<\/strong> und erfahren Sie mehr \u00fcber unser <strong data-start=\"5314\" data-end=\"5341\">10\u00d78 Schiffscontainer<\/strong> L\u00f6sungen und holen Sie ein Angebot f\u00fcr Ihren Bedarf ein.<\/p>","protected":false},"excerpt":{"rendered":"<p><img loading=\"lazy\" decoding=\"async\" class=\"alignnone wp-image-1137 size-full\" src=\"https:\/\/www.gkcpro.com\/wp-content\/uploads\/2026\/02\/container-house-certificates.jpg\" alt=\"Pr\u00e4sentation internationaler Zertifikate, einschlie\u00dflich ISO 9001, CE und Struktursicherheitszertifizierungen f\u00fcr unsere Export-Containerh\u00e4user und Container\" width=\"1470\" height=\"2000\" srcset=\"https:\/\/www.gkcpro.com\/wp-content\/uploads\/2026\/02\/container-house-certificates.jpg 1470w, https:\/\/www.gkcpro.com\/wp-content\/uploads\/2026\/02\/container-house-certificates-221x300.jpg 221w, https:\/\/www.gkcpro.com\/wp-content\/uploads\/2026\/02\/container-house-certificates-753x1024.jpg 753w, https:\/\/www.gkcpro.com\/wp-content\/uploads\/2026\/02\/container-house-certificates-768x1045.jpg 768w, https:\/\/www.gkcpro.com\/wp-content\/uploads\/2026\/02\/container-house-certificates-1129x1536.jpg 1129w, https:\/\/www.gkcpro.com\/wp-content\/uploads\/2026\/02\/container-house-certificates-9x12.jpg 9w, https:\/\/www.gkcpro.com\/wp-content\/uploads\/2026\/02\/container-house-certificates-624x849.jpg 624w, https:\/\/www.gkcpro.com\/wp-content\/uploads\/2026\/02\/container-house-certificates-800x1088.jpg 800w\" sizes=\"auto, (max-width: 1470px) 100vw, 1470px\" \/><\/p>","protected":false},"featured_media":947,"template":"","meta":[],"product_brand":[],"product_cat":[54],"product_tag":[],"class_list":{"0":"post-945","1":"product","2":"type-product","3":"status-publish","4":"has-post-thumbnail","6":"product_cat-special-container","8":"first","9":"instock","10":"shipping-taxable","11":"product-type-simple"},"yoast_head":"<!-- This site is optimized with the Yoast SEO plugin v26.6 - https:\/\/yoast.com\/wordpress\/plugins\/seo\/ -->\n<title>10x8 shipping container\u200b-Container manufacturer<\/title>\n<meta name=\"robots\" content=\"index, follow, max-snippet:-1, max-image-preview:large, max-video-preview:-1\" \/>\n<link rel=\"canonical\" href=\"https:\/\/www.gkcpro.com\/de\/product\/10x8-shipping-container\/\" \/>\n<meta property=\"og:locale\" content=\"de_DE\" \/>\n<meta property=\"og:type\" content=\"article\" \/>\n<meta property=\"og:title\" content=\"10x8 shipping container\u200b-Container manufacturer\" \/>\n<meta property=\"og:url\" content=\"https:\/\/www.gkcpro.com\/de\/product\/10x8-shipping-container\/\" \/>\n<meta property=\"og:site_name\" content=\"Container House Co., Ltd.\" \/>\n<meta property=\"article:modified_time\" content=\"2026-04-17T05:53:48+00:00\" \/>\n<meta property=\"og:image\" content=\"https:\/\/www.gkcpro.com\/wp-content\/uploads\/2026\/01\/10ft-container.jpg\" \/>\n\t<meta property=\"og:image:width\" content=\"1000\" \/>\n\t<meta property=\"og:image:height\" content=\"665\" \/>\n\t<meta property=\"og:image:type\" content=\"image\/jpeg\" \/>\n<meta name=\"twitter:card\" content=\"summary_large_image\" \/>\n<meta name=\"twitter:label1\" content=\"Gesch\u00e4tzte Lesezeit\" \/>\n\t<meta name=\"twitter:data1\" content=\"4\u00a0Minuten\" \/>\n<script type=\"application\/ld+json\" class=\"yoast-schema-graph\">{\"@context\":\"https:\/\/schema.org\",\"@graph\":[{\"@type\":\"WebPage\",\"@id\":\"https:\/\/www.gkcpro.com\/product\/10x8-shipping-container\/\",\"url\":\"https:\/\/www.gkcpro.com\/product\/10x8-shipping-container\/\",\"name\":\"10x8 shipping container\u200b-Container manufacturer\",\"isPartOf\":{\"@id\":\"https:\/\/www.gkcpro.com\/#website\"},\"primaryImageOfPage\":{\"@id\":\"https:\/\/www.gkcpro.com\/product\/10x8-shipping-container\/#primaryimage\"},\"image\":{\"@id\":\"https:\/\/www.gkcpro.com\/product\/10x8-shipping-container\/#primaryimage\"},\"thumbnailUrl\":\"https:\/\/www.gkcpro.com\/wp-content\/uploads\/2026\/01\/10ft-container.jpg\",\"datePublished\":\"2026-01-30T07:56:22+00:00\",\"dateModified\":\"2026-04-17T05:53:48+00:00\",\"breadcrumb\":{\"@id\":\"https:\/\/www.gkcpro.com\/product\/10x8-shipping-container\/#breadcrumb\"},\"inLanguage\":\"de\",\"potentialAction\":[{\"@type\":\"ReadAction\",\"target\":[\"https:\/\/www.gkcpro.com\/product\/10x8-shipping-container\/\"]}]},{\"@type\":\"ImageObject\",\"inLanguage\":\"de\",\"@id\":\"https:\/\/www.gkcpro.com\/product\/10x8-shipping-container\/#primaryimage\",\"url\":\"https:\/\/www.gkcpro.com\/wp-content\/uploads\/2026\/01\/10ft-container.jpg\",\"contentUrl\":\"https:\/\/www.gkcpro.com\/wp-content\/uploads\/2026\/01\/10ft-container.jpg\",\"width\":1000,\"height\":665,\"caption\":\"10x8 shipping container external dimensions 10 ft length by 8 ft width, robust build suited to enterprise temporary offices and material storage applications\"},{\"@type\":\"BreadcrumbList\",\"@id\":\"https:\/\/www.gkcpro.com\/product\/10x8-shipping-container\/#breadcrumb\",\"itemListElement\":[{\"@type\":\"ListItem\",\"position\":1,\"name\":\"\u9996\u9875\",\"item\":\"https:\/\/www.gkcpro.com\/\"},{\"@type\":\"ListItem\",\"position\":2,\"name\":\"Products\",\"item\":\"https:\/\/www.gkcpro.com\/shop\/\"},{\"@type\":\"ListItem\",\"position\":3,\"name\":\"10&#215;8 shipping container\u200b-Container manufacturer\"}]},{\"@type\":\"WebSite\",\"@id\":\"https:\/\/www.gkcpro.com\/#website\",\"url\":\"https:\/\/www.gkcpro.com\/\",\"name\":\"Container House Co., Ltd.\",\"description\":\"Container House factory\",\"potentialAction\":[{\"@type\":\"SearchAction\",\"target\":{\"@type\":\"EntryPoint\",\"urlTemplate\":\"https:\/\/www.gkcpro.com\/?s={search_term_string}\"},\"query-input\":{\"@type\":\"PropertyValueSpecification\",\"valueRequired\":true,\"valueName\":\"search_term_string\"}}],\"inLanguage\":\"de\"}]}<\/script>\n<!-- \/ Yoast SEO plugin. -->","yoast_head_json":{"title":"10x8 Schiffscontainer - Containerhersteller","robots":{"index":"index","follow":"follow","max-snippet":"max-snippet:-1","max-image-preview":"max-image-preview:large","max-video-preview":"max-video-preview:-1"},"canonical":"https:\/\/www.gkcpro.com\/de\/product\/10x8-shipping-container\/","og_locale":"de_DE","og_type":"article","og_title":"10x8 shipping container\u200b-Container manufacturer","og_url":"https:\/\/www.gkcpro.com\/de\/product\/10x8-shipping-container\/","og_site_name":"Container House Co., Ltd.","article_modified_time":"2026-04-17T05:53:48+00:00","og_image":[{"width":1000,"height":665,"url":"https:\/\/www.gkcpro.com\/wp-content\/uploads\/2026\/01\/10ft-container.jpg","type":"image\/jpeg"}],"twitter_card":"summary_large_image","twitter_misc":{"Gesch\u00e4tzte Lesezeit":"4\u00a0Minuten"},"schema":{"@context":"https:\/\/schema.org","@graph":[{"@type":"WebPage","@id":"https:\/\/www.gkcpro.com\/product\/10x8-shipping-container\/","url":"https:\/\/www.gkcpro.com\/product\/10x8-shipping-container\/","name":"10x8 Schiffscontainer - Containerhersteller","isPartOf":{"@id":"https:\/\/www.gkcpro.com\/#website"},"primaryImageOfPage":{"@id":"https:\/\/www.gkcpro.com\/product\/10x8-shipping-container\/#primaryimage"},"image":{"@id":"https:\/\/www.gkcpro.com\/product\/10x8-shipping-container\/#primaryimage"},"thumbnailUrl":"https:\/\/www.gkcpro.com\/wp-content\/uploads\/2026\/01\/10ft-container.jpg","datePublished":"2026-01-30T07:56:22+00:00","dateModified":"2026-04-17T05:53:48+00:00","breadcrumb":{"@id":"https:\/\/www.gkcpro.com\/product\/10x8-shipping-container\/#breadcrumb"},"inLanguage":"de","potentialAction":[{"@type":"ReadAction","target":["https:\/\/www.gkcpro.com\/product\/10x8-shipping-container\/"]}]},{"@type":"ImageObject","inLanguage":"de","@id":"https:\/\/www.gkcpro.com\/product\/10x8-shipping-container\/#primaryimage","url":"https:\/\/www.gkcpro.com\/wp-content\/uploads\/2026\/01\/10ft-container.jpg","contentUrl":"https:\/\/www.gkcpro.com\/wp-content\/uploads\/2026\/01\/10ft-container.jpg","width":1000,"height":665,"caption":"10x8 shipping container external dimensions 10 ft length by 8 ft width, robust build suited to enterprise temporary offices and material storage applications"},{"@type":"BreadcrumbList","@id":"https:\/\/www.gkcpro.com\/product\/10x8-shipping-container\/#breadcrumb","itemListElement":[{"@type":"ListItem","position":1,"name":"\u9996\u9875","item":"https:\/\/www.gkcpro.com\/"},{"@type":"ListItem","position":2,"name":"Products","item":"https:\/\/www.gkcpro.com\/shop\/"},{"@type":"ListItem","position":3,"name":"10&#215;8 shipping container\u200b-Container manufacturer"}]},{"@type":"WebSite","@id":"https:\/\/www.gkcpro.com\/#website","url":"https:\/\/www.gkcpro.com\/","name":"Container House Co. Ltd.","description":"Containerhaus-Fabrik","potentialAction":[{"@type":"SearchAction","target":{"@type":"EntryPoint","urlTemplate":"https:\/\/www.gkcpro.com\/?s={search_term_string}"},"query-input":{"@type":"PropertyValueSpecification","valueRequired":true,"valueName":"search_term_string"}}],"inLanguage":"de"}]}},"_links":{"self":[{"href":"https:\/\/www.gkcpro.com\/de\/wp-json\/wp\/v2\/product\/945","targetHints":{"allow":["GET"]}}],"collection":[{"href":"https:\/\/www.gkcpro.com\/de\/wp-json\/wp\/v2\/product"}],"about":[{"href":"https:\/\/www.gkcpro.com\/de\/wp-json\/wp\/v2\/types\/product"}],"wp:featuredmedia":[{"embeddable":true,"href":"https:\/\/www.gkcpro.com\/de\/wp-json\/wp\/v2\/media\/947"}],"wp:attachment":[{"href":"https:\/\/www.gkcpro.com\/de\/wp-json\/wp\/v2\/media?parent=945"}],"wp:term":[{"taxonomy":"product_brand","embeddable":true,"href":"https:\/\/www.gkcpro.com\/de\/wp-json\/wp\/v2\/product_brand?post=945"},{"taxonomy":"product_cat","embeddable":true,"href":"https:\/\/www.gkcpro.com\/de\/wp-json\/wp\/v2\/product_cat?post=945"},{"taxonomy":"product_tag","embeddable":true,"href":"https:\/\/www.gkcpro.com\/de\/wp-json\/wp\/v2\/product_tag?post=945"}],"curies":[{"name":"wp","href":"https:\/\/api.w.org\/{rel}","templated":true}]}}