{"id":938,"date":"2026-01-30T15:07:23","date_gmt":"2026-01-30T07:07:23","guid":{"rendered":"https:\/\/www.gkcpro.com\/?post_type=product&#038;p=938"},"modified":"2026-04-17T13:52:35","modified_gmt":"2026-04-17T05:52:35","slug":"home-sauna-steam-room","status":"publish","type":"product","link":"https:\/\/www.gkcpro.com\/de\/product\/home-sauna-steam-room\/","title":{"rendered":"Home Sauna Dampfbad"},"content":{"rendered":"<p data-start=\"180\" data-end=\"239\">Heim-Sauna-Dampfbad: Das ultimative Entspannungserlebnis<\/p>\n<p data-start=\"241\" data-end=\"654\">Wenn Sie nach einer M\u00f6glichkeit suchen, sich zu Hause zu entspannen und zu erholen, ist ein <strong data-start=\"300\" data-end=\"325\">Heimsauna-Dampfbad<\/strong> ist eine ideale Wahl. Unter <strong data-start=\"349\" data-end=\"377\">Container House Co. Ltd.<\/strong>, Wir sind spezialisiert auf die Herstellung hochwertiger <strong data-start=\"423\" data-end=\"449\">Heimsauna-Dampfb\u00e4der<\/strong> die den Luxus eines Spa-Erlebnisses direkt zu Ihnen nach Hause bringen. Egal, ob Sie Stress abbauen, Ihre Muskeln entspannen oder einfach nur die Seele baumeln lassen wollen, unsere <strong data-start=\"602\" data-end=\"627\">Heimsauna-Dampfbad<\/strong> bietet eine perfekte L\u00f6sung.<\/p>\n<h2 data-start=\"656\" data-end=\"691\">Was ist unser Sauna-Dampfbad?<\/h2>\n<p data-start=\"693\" data-end=\"1021\">A <strong data-start=\"695\" data-end=\"720\">Heimsauna-Dampfbad<\/strong> ist ein speziell konzipierter Raum, in dem Dampf zur Entspannung und Verbesserung der Gesundheit eingesetzt wird. Durch die Erzeugung von W\u00e4rme und Feuchtigkeit werden die Poren ge\u00f6ffnet, der K\u00f6rper entgiftet und Verspannungen abgebaut. Unser <strong data-start=\"907\" data-end=\"933\">Heimsauna-Dampfb\u00e4der<\/strong> werden aus haltbaren, hochwertigen Materialien hergestellt, um Sicherheit, Komfort und Langlebigkeit zu gew\u00e4hrleisten.<\/p>\n<p data-start=\"1023\" data-end=\"1300\"><strong data-start=\"1023\" data-end=\"1051\">Container House Co. Ltd.<\/strong> fertigt <strong data-start=\"1065\" data-end=\"1091\">Sauna-Dampfb\u00e4der<\/strong> mit dem Schwerpunkt auf Energieeffizienz, Benutzerfreundlichkeit und langfristiger Leistung. Diese Dampfb\u00e4der sind so konzipiert, dass sie perfekt in jedes Haus passen und ein professionelles Spa-Erlebnis in den eigenen vier W\u00e4nden bieten.<\/p>\n<h2 data-start=\"1302\" data-end=\"1343\">Warum sollten Sie sich f\u00fcr unsere Heimsauna-Dampfb\u00e4der entscheiden?<\/h2>\n<h3 data-start=\"1345\" data-end=\"1377\">1. Hochwertige Materialien<\/h3>\n<p data-start=\"1379\" data-end=\"1701\">Unser <strong data-start=\"1383\" data-end=\"1409\">Sauna-Dampfb\u00e4der<\/strong> werden aus den hochwertigsten Materialien hergestellt. Die Struktur besteht aus robustem, hitzebest\u00e4ndigem Stahl, w\u00e4hrend das Innere mit feuchtigkeitsbest\u00e4ndigem Holz und effizienten Heizelementen ausgestattet ist. Das Design garantiert maximale Haltbarkeit, sodass Sie viele Jahre lang ein hochwertiges Erlebnis genie\u00dfen k\u00f6nnen.<\/p>\n<h3 data-start=\"1703\" data-end=\"1729\">2. Anpassbares Design<\/h3>\n<p data-start=\"1731\" data-end=\"2002\">Wir wissen, dass jedes Haus anders ist. Deshalb bieten wir vollst\u00e4ndig anpassbare <strong data-start=\"1814\" data-end=\"1840\">Heimsauna Dampf <\/strong>\u00a0um Ihre spezifischen Bed\u00fcrfnisse zu erf\u00fcllen. Von der Gr\u00f6\u00dfe des Raums bis hin zur Art des verwendeten Holzes k\u00f6nnen wir Ihre <strong data-start=\"1941\" data-end=\"1961\">Sauna-Dampfbad<\/strong> um sich perfekt in die Einrichtung Ihres Hauses einzuf\u00fcgen.<\/p>\n<h3 data-start=\"2004\" data-end=\"2026\">3. Gesundheitliche Vorteile<\/h3>\n<p data-start=\"2028\" data-end=\"2307\">Mit einer <strong data-start=\"2036\" data-end=\"2061\">Heimsauna-Dampfbad<\/strong> bietet zahlreiche gesundheitliche Vorteile, darunter verbesserte Durchblutung, Stressabbau, Muskelentspannung und Hautreinigung. Der Dampf reinigt Ihre Haut und entgiftet Ihren K\u00f6rper, sodass Sie sich nach jeder Sitzung erfrischt und verj\u00fcngt f\u00fchlen.<\/p>\n<h3 data-start=\"2309\" data-end=\"2333\">4. Einfache Installation<\/h3>\n<p data-start=\"2335\" data-end=\"2610\">Unser <strong data-start=\"2339\" data-end=\"2365\">Sauna-Dampfb\u00e4der<\/strong> sind f\u00fcr eine einfache Installation konzipiert. Dank klarer Anweisungen und fachkundiger Unterst\u00fctzung ist der Aufbau Ihrer Sauna zu Hause ein reibungsloser und m\u00fcheloser Prozess. Egal, ob Sie sich f\u00fcr ein kompaktes Ger\u00e4t oder eine gr\u00f6\u00dfere Sonderanfertigung entscheiden, Sie k\u00f6nnen Ihre Sauna im Handumdrehen genie\u00dfen.<\/p>\n<h3 data-start=\"2612\" data-end=\"2654\">5. Energieeffizient und kosteneffektiv<\/h3>\n<p data-start=\"2656\" data-end=\"2906\">Unter <strong data-start=\"2659\" data-end=\"2687\">Container House Co. Ltd.<\/strong>, Bei all unseren Entw\u00fcrfen legen wir gr\u00f6\u00dften Wert auf Energieeffizienz. Unser <strong data-start=\"2745\" data-end=\"2771\">Heimsauna-R\u00e4ume<\/strong> verwenden eine fortschrittliche Heiztechnologie, die sich schnell aufheizt und gleichm\u00e4\u00dfige Temperaturen aufrechterh\u00e4lt, was Ihnen hilft, Energie zu sparen und Kosten zu senken.<\/p>\n<h2 data-start=\"3538\" data-end=\"3586\">Kundenrezensionen zu unserer Heimsauna Dampfbad<\/h2>\n<p data-start=\"3588\" data-end=\"3800\">\u201cIch habe noch nie ein so entspannendes Bad erlebt wie in meinem neuen <strong data-start=\"3648\" data-end=\"3673\">Heimsauna-Dampfbad<\/strong>. Die Einrichtung war einfach, und die Qualit\u00e4t ist erstaunlich. Es ist mein Lieblingsplatz zum Entspannen nach einem langen Tag geworden!\u201d - Sarah, Australien<\/p>\n<p data-start=\"3802\" data-end=\"3995\">\u201cDas Design ist genau das, was ich f\u00fcr mein Haus wollte. Ich finde es toll, wie anpassbar es ist und dass es nicht viel Platz wegnimmt. Sehr zu empfehlen f\u00fcr jeden, der ein Home Spa sucht!\u201d - Mark, UK<\/p>\n<p data-start=\"3997\" data-end=\"4157\">\u201cIch benutze die Sauna jetzt seit ein paar Wochen, und sie hat mir bei der Erholung meiner Muskeln und beim Stressabbau geholfen. Ich bin sehr zufrieden mit dem Produkt.\u201d - James, Kanada<\/p>\n<h2 data-start=\"4159\" data-end=\"4201\">So bestellen Sie Ihre Heimsauna-Dampfkabine<\/h2>\n<p data-start=\"4203\" data-end=\"4535\">Unter <strong data-start=\"4206\" data-end=\"4234\">Container House Co. Ltd.<\/strong>, bieten wir eine nahtlose Erfahrung vom Entwurf bis zur Installation. Unser Team wird mit Ihnen zusammenarbeiten, um Ihre <strong data-start=\"4344\" data-end=\"4369\">Heimsauna-Dampfbad<\/strong> um Ihre Spezifikationen zu erf\u00fcllen. Von der ersten Beratung bis zur Lieferung und Einrichtung sorgen wir daf\u00fcr, dass Sie ein Produkt von h\u00f6chster Qualit\u00e4t erhalten, das Ihren Anforderungen entspricht.<\/p>\n<h2 data-start=\"4537\" data-end=\"4566\">FAQ: Heimsauna Dampfbad<\/h2>\n<p data-start=\"4568\" data-end=\"4727\"><strong data-start=\"4568\" data-end=\"4632\">1. Wie lange dauert es, eine Heimsauna zu installieren?<\/strong><br data-start=\"4632\" data-end=\"4635\" \/>Die Installation dauert in der Regel 1-2 Tage, abh\u00e4ngig von der Gr\u00f6\u00dfe und der individuellen Anpassung Ihres Ger\u00e4ts.<\/p>\n<p data-start=\"4729\" data-end=\"4909\"><strong data-start=\"4729\" data-end=\"4759\">2. Ist sie energieeffizient?<\/strong><br data-start=\"4759\" data-end=\"4762\" \/>Ja, unser <strong data-start=\"4771\" data-end=\"4797\">Heimsauna-R\u00e4ume<\/strong> sind mit energiesparenden Funktionen ausgestattet, die einen minimalen Energieverbrauch bei maximalem Komfort gew\u00e4hrleisten.<\/p>\n<p data-start=\"4911\" data-end=\"5106\"><strong data-start=\"4911\" data-end=\"4967\">3. Kann ich die Gr\u00f6\u00dfe und das Design der Sauna individuell gestalten?<\/strong><br data-start=\"4967\" data-end=\"4970\" \/>Ja! Unser <strong data-start=\"4979\" data-end=\"5005\">Heimsauna-R\u00e4ume<\/strong> sind in Bezug auf Gr\u00f6\u00dfe, Holzart und Innenausstattung vollst\u00e4ndig anpassbar und passen perfekt in Ihren Raum.<\/p>\n<p data-start=\"5108\" data-end=\"5290\"><strong data-start=\"5108\" data-end=\"5172\">4. Welche gesundheitlichen Vorteile hat die Nutzung einer Sauna-Dampfkabine?<\/strong><br data-start=\"5172\" data-end=\"5175\" \/>Die Nutzung einer Sauna-Dampfkabine f\u00f6rdert die Durchblutung, die Muskelentspannung, den Stressabbau und die Entgiftung der Haut.<\/p>\n<h2 data-start=\"5292\" data-end=\"5305\">Schlussfolgerung<\/h2>\n<p data-start=\"5307\" data-end=\"5622\">A <strong data-start=\"5309\" data-end=\"5334\">Saunaraum<\/strong> ist mehr als nur ein Luxus; es ist eine Investition in Ihr Wohlbefinden. Unter <strong data-start=\"5405\" data-end=\"5433\">Container House Co. Ltd.<\/strong>, stellen wir hochwertige, individuell anpassbare Sauna-Dampfkabinen her, die auf Ihre Bed\u00fcrfnisse zugeschnitten sind. Ganz gleich, ob Sie auf der Suche nach Entspannung oder gesundheitlichen Vorteilen sind, unsere Saunen bieten die perfekte L\u00f6sung.<\/p>\n<p data-start=\"5624\" data-end=\"5781\">\ud83d\udc49 <strong data-start=\"5627\" data-end=\"5647\">Kontaktieren Sie uns heute<\/strong> um ein kostenloses Angebot f\u00fcr Ihr <strong data-start=\"5677\" data-end=\"5702\">Heimsauna-Dampfbad<\/strong> und entdecken Sie, wie wir Ihnen helfen k\u00f6nnen, ein pers\u00f6nliches Spa-Erlebnis zu Hause zu schaffen.<\/p>","protected":false},"excerpt":{"rendered":"<p>Home Sauna Steam Room: The Ultimate Relaxation Experience If you&#8217;re looking for a way to unwind and relax at home, a Home sauna steam room is an ideal choice. At Container House Co., Ltd, we specialize in manufacturing high-quality home sauna steam rooms that bring the luxury of a spa experience right into your home. [&hellip;]<\/p>","protected":false},"featured_media":944,"template":"","meta":[],"product_brand":[],"product_cat":[19],"product_tag":[],"class_list":{"0":"post-938","1":"product","2":"type-product","3":"status-publish","4":"has-post-thumbnail","6":"product_cat-sauna-room","8":"first","9":"instock","10":"shipping-taxable","11":"product-type-simple"},"yoast_head":"<!-- This site is optimized with the Yoast SEO plugin v26.6 - https:\/\/yoast.com\/wordpress\/plugins\/seo\/ -->\n<title>Home Sauna Steam Room - china container house manufacturer<\/title>\n<meta name=\"description\" content=\"Home Sauna Steam Room manufacturer in China offering wholesale custom OEM ODM solutions for distributors exporters and dealers.\" \/>\n<meta name=\"robots\" content=\"index, follow, max-snippet:-1, max-image-preview:large, max-video-preview:-1\" \/>\n<link rel=\"canonical\" href=\"https:\/\/www.gkcpro.com\/de\/product\/home-sauna-steam-room\/\" \/>\n<meta property=\"og:locale\" content=\"de_DE\" \/>\n<meta property=\"og:type\" content=\"article\" \/>\n<meta property=\"og:title\" content=\"Home Sauna Steam Room - china container house manufacturer\" \/>\n<meta property=\"og:description\" content=\"Home Sauna Steam Room manufacturer in China offering wholesale custom OEM ODM solutions for distributors exporters and dealers.\" \/>\n<meta property=\"og:url\" content=\"https:\/\/www.gkcpro.com\/de\/product\/home-sauna-steam-room\/\" \/>\n<meta property=\"og:site_name\" content=\"Container House Co., Ltd.\" \/>\n<meta property=\"article:modified_time\" content=\"2026-04-17T05:52:35+00:00\" \/>\n<meta property=\"og:image\" content=\"https:\/\/www.gkcpro.com\/wp-content\/uploads\/2026\/01\/outdoor-sauna.jpg\" \/>\n\t<meta property=\"og:image:width\" content=\"800\" \/>\n\t<meta property=\"og:image:height\" content=\"800\" \/>\n\t<meta property=\"og:image:type\" content=\"image\/jpeg\" \/>\n<meta name=\"twitter:card\" content=\"summary_large_image\" \/>\n<meta name=\"twitter:label1\" content=\"Gesch\u00e4tzte Lesezeit\" \/>\n\t<meta name=\"twitter:data1\" content=\"4\u00a0Minuten\" \/>\n<script type=\"application\/ld+json\" class=\"yoast-schema-graph\">{\"@context\":\"https:\/\/schema.org\",\"@graph\":[{\"@type\":\"WebPage\",\"@id\":\"https:\/\/www.gkcpro.com\/product\/home-sauna-steam-room\/\",\"url\":\"https:\/\/www.gkcpro.com\/product\/home-sauna-steam-room\/\",\"name\":\"Home Sauna Steam Room - china container house manufacturer\",\"isPartOf\":{\"@id\":\"https:\/\/www.gkcpro.com\/#website\"},\"primaryImageOfPage\":{\"@id\":\"https:\/\/www.gkcpro.com\/product\/home-sauna-steam-room\/#primaryimage\"},\"image\":{\"@id\":\"https:\/\/www.gkcpro.com\/product\/home-sauna-steam-room\/#primaryimage\"},\"thumbnailUrl\":\"https:\/\/www.gkcpro.com\/wp-content\/uploads\/2026\/01\/outdoor-sauna.jpg\",\"datePublished\":\"2026-01-30T07:07:23+00:00\",\"dateModified\":\"2026-04-17T05:52:35+00:00\",\"description\":\"Home Sauna Steam Room manufacturer in China offering wholesale custom OEM ODM solutions for distributors exporters and dealers.\",\"breadcrumb\":{\"@id\":\"https:\/\/www.gkcpro.com\/product\/home-sauna-steam-room\/#breadcrumb\"},\"inLanguage\":\"de\",\"potentialAction\":[{\"@type\":\"ReadAction\",\"target\":[\"https:\/\/www.gkcpro.com\/product\/home-sauna-steam-room\/\"]}]},{\"@type\":\"ImageObject\",\"inLanguage\":\"de\",\"@id\":\"https:\/\/www.gkcpro.com\/product\/home-sauna-steam-room\/#primaryimage\",\"url\":\"https:\/\/www.gkcpro.com\/wp-content\/uploads\/2026\/01\/outdoor-sauna.jpg\",\"contentUrl\":\"https:\/\/www.gkcpro.com\/wp-content\/uploads\/2026\/01\/outdoor-sauna.jpg\",\"width\":800,\"height\":800,\"caption\":\"Modern stylish Home Sauna Steam Room with glass panels produced by dedicated manufacturing factory China wholesaler\"},{\"@type\":\"BreadcrumbList\",\"@id\":\"https:\/\/www.gkcpro.com\/product\/home-sauna-steam-room\/#breadcrumb\",\"itemListElement\":[{\"@type\":\"ListItem\",\"position\":1,\"name\":\"\u9996\u9875\",\"item\":\"https:\/\/www.gkcpro.com\/\"},{\"@type\":\"ListItem\",\"position\":2,\"name\":\"Products\",\"item\":\"https:\/\/www.gkcpro.com\/shop\/\"},{\"@type\":\"ListItem\",\"position\":3,\"name\":\"Home Sauna Steam Room\"}]},{\"@type\":\"WebSite\",\"@id\":\"https:\/\/www.gkcpro.com\/#website\",\"url\":\"https:\/\/www.gkcpro.com\/\",\"name\":\"Container House Co., Ltd.\",\"description\":\"Container House factory\",\"potentialAction\":[{\"@type\":\"SearchAction\",\"target\":{\"@type\":\"EntryPoint\",\"urlTemplate\":\"https:\/\/www.gkcpro.com\/?s={search_term_string}\"},\"query-input\":{\"@type\":\"PropertyValueSpecification\",\"valueRequired\":true,\"valueName\":\"search_term_string\"}}],\"inLanguage\":\"de\"}]}<\/script>\n<!-- \/ Yoast SEO plugin. -->","yoast_head_json":{"title":"Home Sauna Dampfbad - china container house Hersteller","description":"Home Sauna Dampfbad Hersteller in China bietet Gro\u00dfhandel benutzerdefinierte OEM ODM L\u00f6sungen f\u00fcr Gro\u00dfh\u00e4ndler Exporteure und H\u00e4ndler.","robots":{"index":"index","follow":"follow","max-snippet":"max-snippet:-1","max-image-preview":"max-image-preview:large","max-video-preview":"max-video-preview:-1"},"canonical":"https:\/\/www.gkcpro.com\/de\/product\/home-sauna-steam-room\/","og_locale":"de_DE","og_type":"article","og_title":"Home Sauna Steam Room - china container house manufacturer","og_description":"Home Sauna Steam Room manufacturer in China offering wholesale custom OEM ODM solutions for distributors exporters and dealers.","og_url":"https:\/\/www.gkcpro.com\/de\/product\/home-sauna-steam-room\/","og_site_name":"Container House Co., Ltd.","article_modified_time":"2026-04-17T05:52:35+00:00","og_image":[{"width":800,"height":800,"url":"https:\/\/www.gkcpro.com\/wp-content\/uploads\/2026\/01\/outdoor-sauna.jpg","type":"image\/jpeg"}],"twitter_card":"summary_large_image","twitter_misc":{"Gesch\u00e4tzte Lesezeit":"4\u00a0Minuten"},"schema":{"@context":"https:\/\/schema.org","@graph":[{"@type":"WebPage","@id":"https:\/\/www.gkcpro.com\/product\/home-sauna-steam-room\/","url":"https:\/\/www.gkcpro.com\/product\/home-sauna-steam-room\/","name":"Home Sauna Dampfbad - china container house Hersteller","isPartOf":{"@id":"https:\/\/www.gkcpro.com\/#website"},"primaryImageOfPage":{"@id":"https:\/\/www.gkcpro.com\/product\/home-sauna-steam-room\/#primaryimage"},"image":{"@id":"https:\/\/www.gkcpro.com\/product\/home-sauna-steam-room\/#primaryimage"},"thumbnailUrl":"https:\/\/www.gkcpro.com\/wp-content\/uploads\/2026\/01\/outdoor-sauna.jpg","datePublished":"2026-01-30T07:07:23+00:00","dateModified":"2026-04-17T05:52:35+00:00","description":"Home Sauna Dampfbad Hersteller in China bietet Gro\u00dfhandel benutzerdefinierte OEM ODM L\u00f6sungen f\u00fcr Gro\u00dfh\u00e4ndler Exporteure und H\u00e4ndler.","breadcrumb":{"@id":"https:\/\/www.gkcpro.com\/product\/home-sauna-steam-room\/#breadcrumb"},"inLanguage":"de","potentialAction":[{"@type":"ReadAction","target":["https:\/\/www.gkcpro.com\/product\/home-sauna-steam-room\/"]}]},{"@type":"ImageObject","inLanguage":"de","@id":"https:\/\/www.gkcpro.com\/product\/home-sauna-steam-room\/#primaryimage","url":"https:\/\/www.gkcpro.com\/wp-content\/uploads\/2026\/01\/outdoor-sauna.jpg","contentUrl":"https:\/\/www.gkcpro.com\/wp-content\/uploads\/2026\/01\/outdoor-sauna.jpg","width":800,"height":800,"caption":"Modern stylish Home Sauna Steam Room with glass panels produced by dedicated manufacturing factory China wholesaler"},{"@type":"BreadcrumbList","@id":"https:\/\/www.gkcpro.com\/product\/home-sauna-steam-room\/#breadcrumb","itemListElement":[{"@type":"ListItem","position":1,"name":"\u9996\u9875","item":"https:\/\/www.gkcpro.com\/"},{"@type":"ListItem","position":2,"name":"Products","item":"https:\/\/www.gkcpro.com\/shop\/"},{"@type":"ListItem","position":3,"name":"Home Sauna Steam Room"}]},{"@type":"WebSite","@id":"https:\/\/www.gkcpro.com\/#website","url":"https:\/\/www.gkcpro.com\/","name":"Container House Co. Ltd.","description":"Containerhaus-Fabrik","potentialAction":[{"@type":"SearchAction","target":{"@type":"EntryPoint","urlTemplate":"https:\/\/www.gkcpro.com\/?s={search_term_string}"},"query-input":{"@type":"PropertyValueSpecification","valueRequired":true,"valueName":"search_term_string"}}],"inLanguage":"de"}]}},"_links":{"self":[{"href":"https:\/\/www.gkcpro.com\/de\/wp-json\/wp\/v2\/product\/938","targetHints":{"allow":["GET"]}}],"collection":[{"href":"https:\/\/www.gkcpro.com\/de\/wp-json\/wp\/v2\/product"}],"about":[{"href":"https:\/\/www.gkcpro.com\/de\/wp-json\/wp\/v2\/types\/product"}],"wp:featuredmedia":[{"embeddable":true,"href":"https:\/\/www.gkcpro.com\/de\/wp-json\/wp\/v2\/media\/944"}],"wp:attachment":[{"href":"https:\/\/www.gkcpro.com\/de\/wp-json\/wp\/v2\/media?parent=938"}],"wp:term":[{"taxonomy":"product_brand","embeddable":true,"href":"https:\/\/www.gkcpro.com\/de\/wp-json\/wp\/v2\/product_brand?post=938"},{"taxonomy":"product_cat","embeddable":true,"href":"https:\/\/www.gkcpro.com\/de\/wp-json\/wp\/v2\/product_cat?post=938"},{"taxonomy":"product_tag","embeddable":true,"href":"https:\/\/www.gkcpro.com\/de\/wp-json\/wp\/v2\/product_tag?post=938"}],"curies":[{"name":"wp","href":"https:\/\/api.w.org\/{rel}","templated":true}]}}