{"id":922,"date":"2026-01-30T11:44:16","date_gmt":"2026-01-30T03:44:16","guid":{"rendered":"https:\/\/www.gkcpro.com\/?post_type=product&#038;p=922"},"modified":"2026-04-17T13:43:02","modified_gmt":"2026-04-17T05:43:02","slug":"40ft-used-shipping-container","status":"publish","type":"product","link":"https:\/\/www.gkcpro.com\/de\/product\/40ft-used-shipping-container\/","title":{"rendered":"40ft gebrauchte Schiffscontainer"},"content":{"rendered":"<p data-start=\"213\" data-end=\"284\">40ft gebrauchte Schiffscontainer: Zuverl\u00e4ssige L\u00f6sungen f\u00fcr Lagerung und Versand<\/p>\n<p data-start=\"286\" data-end=\"663\">Suchen Sie nach einer erschwinglichen und dauerhaften Aufbewahrungsl\u00f6sung? A <strong data-start=\"344\" data-end=\"376\">40ft gebrauchte Schiffscontainer<\/strong> ist die perfekte Wahl. Unter <strong data-start=\"403\" data-end=\"431\">Container House Co. Ltd.<\/strong>, Wir haben uns auf die Herstellung und \u00dcberholung von hochwertigen <strong data-start=\"494\" data-end=\"522\">40ft Schiffscontainer<\/strong> f\u00fcr Lager- und Versandzwecke. Diese Container sind so konzipiert, dass sie den h\u00e4rtesten Bedingungen standhalten und Ihre Waren sicher und trocken bleiben.<\/p>\n<h2 data-start=\"665\" data-end=\"707\">Was ist ein gebrauchter 40-Fu\u00df-Schiffscontainer?<\/h2>\n<p data-start=\"709\" data-end=\"999\">A <strong data-start=\"711\" data-end=\"743\">gebrauchte Schiffscontainer<\/strong> ist ein gro\u00dfer Stahlcontainer, der \u00fcblicherweise f\u00fcr den Transport von G\u00fctern auf dem Seeweg, der Schiene oder der Stra\u00dfe verwendet wird. Diese nach weltweiten Standards gefertigten Container eignen sich sowohl f\u00fcr die Lagerung als auch f\u00fcr den Transport und bieten eine kosteng\u00fcnstige L\u00f6sung ohne Kompromisse bei der Haltbarkeit.<\/p>\n<p data-start=\"1001\" data-end=\"1157\">Unter <strong data-start=\"1004\" data-end=\"1032\">Container House Co. Ltd.<\/strong>, Unsere Container werden nach den h\u00f6chsten Standards aufbereitet, so dass sie in jeder Umgebung sofort einsatzbereit sind.<\/p>\n<hr data-start=\"1159\" data-end=\"1162\" \/>\n<h2 data-start=\"1164\" data-end=\"1218\">Wie wird ein gebrauchter 40-Fu\u00df-Schiffscontainer hergestellt?<\/h2>\n<p data-start=\"1220\" data-end=\"1390\">Unser <strong data-start=\"1224\" data-end=\"1257\">40ft gebrauchte Schiffscontainer<\/strong> durchlaufen einen detaillierten Herstellungs- und Aufarbeitungsprozess, der garantiert, dass jeder Container stabil, sicher und langlebig ist.<\/p>\n<h3 data-start=\"1392\" data-end=\"1418\">1. Vorbereitung des Stahls<\/h3>\n<p data-start=\"1419\" data-end=\"1526\">Das Verfahren beginnt mit hochwertigen Stahlcoils, die gegl\u00e4ttet und gereinigt werden, um Rost und Staub zu entfernen.<\/p>\n<h3 data-start=\"1528\" data-end=\"1557\">2. Montage und Schwei\u00dfen<\/h3>\n<p data-start=\"1558\" data-end=\"1723\">Die Stahlbleche werden zugeschnitten und zu Containerpaneelen zusammengesetzt, die dann zur Containerstruktur zusammengeschwei\u00dft werden. Dieses Verfahren gew\u00e4hrleistet Festigkeit und Stabilit\u00e4t.<\/p>\n<h3 data-start=\"1725\" data-end=\"1761\">3. Inspektion und Instandsetzung<\/h3>\n<p data-start=\"1762\" data-end=\"1887\">Jede <strong data-start=\"1767\" data-end=\"1794\">40ft Schiffscontainer<\/strong> wird einer gr\u00fcndlichen Inspektion unterzogen. Alle besch\u00e4digten Teile werden ersetzt, um unsere Qualit\u00e4tsstandards zu erf\u00fcllen.<\/p>\n<h3 data-start=\"1889\" data-end=\"1918\">4. Anstrich und Versiegelung<\/h3>\n<p data-start=\"1919\" data-end=\"2065\">Auf den Stahl wird eine Schutzschicht aufgetragen, um Korrosion zu verhindern. T\u00fcrdichtungen und Fugen werden \u00fcberpr\u00fcft, um sicherzustellen, dass der Container wasserdicht ist.<\/p>\n<hr data-start=\"2067\" data-end=\"2070\" \/>\n<h2 data-start=\"2072\" data-end=\"2126\">Spezifikationen f\u00fcr den gebrauchten 40ft Shipping Container<\/h2>\n<p data-start=\"2128\" data-end=\"2253\">Unser <strong data-start=\"2132\" data-end=\"2165\">40ft gebrauchte Schiffscontainer<\/strong> werden nach internationalen Normen hergestellt. Hier sind die wichtigsten Spezifikationen:<\/p>\n<p data-start=\"2128\" data-end=\"2253\">\n<table id=\"tablepress-21\" class=\"tablepress tablepress-id-21\">\n<thead>\n<tr class=\"row-1\">\n\t<th class=\"column-1\"><strong>Spezifikation<\/strong><\/th><th class=\"column-2\"><strong>40ft gebrauchte Schiffscontainer<\/strong><\/th>\n<\/tr>\n<\/thead>\n<tbody class=\"row-striping row-hover\">\n<tr class=\"row-2\">\n\t<td class=\"column-1\"><strong>Externe L\u00e4nge<\/strong><\/td><td class=\"column-2\">12,03 Meter (40 Fu\u00df)<\/td>\n<\/tr>\n<tr class=\"row-3\">\n\t<td class=\"column-1\"><strong>\u00c4u\u00dfere Breite<\/strong><\/td><td class=\"column-2\">2,44 Meter (8 Fu\u00df)<\/td>\n<\/tr>\n<tr class=\"row-4\">\n\t<td class=\"column-1\"><strong>\u00c4u\u00dfere H\u00f6he<\/strong><\/td><td class=\"column-2\">2,59 Meter (8,5 Fu\u00df)<\/td>\n<\/tr>\n<tr class=\"row-5\">\n\t<td class=\"column-1\"><strong>Interne L\u00e4nge<\/strong><\/td><td class=\"column-2\">11,58 Meter<\/td>\n<\/tr>\n<tr class=\"row-6\">\n\t<td class=\"column-1\"><strong>Innere Breite<\/strong><\/td><td class=\"column-2\">2,35 Meter<\/td>\n<\/tr>\n<tr class=\"row-7\">\n\t<td class=\"column-1\"><strong>Innere H\u00f6he<\/strong><\/td><td class=\"column-2\">2,39 Meter<\/td>\n<\/tr>\n<tr class=\"row-8\">\n\t<td class=\"column-1\"><strong>Gewicht<\/strong><\/td><td class=\"column-2\">ca. 3.800 kg<\/td>\n<\/tr>\n<tr class=\"row-9\">\n\t<td class=\"column-1\"><strong>Kapazit\u00e4t<\/strong><\/td><td class=\"column-2\">67,5 Kubikmeter<\/td>\n<\/tr>\n<tr class=\"row-10\">\n\t<td class=\"column-1\"><strong>Maximale Nutzlast<\/strong><\/td><td class=\"column-2\">26.000 kg<\/td>\n<\/tr>\n<\/tbody>\n<\/table>\n<!-- #tablepress-21 from cache --><\/p>\n<h2 data-start=\"2880\" data-end=\"2928\">Warum w\u00e4hlen Sie unsere 40ft Versandcontainer verwendet?<\/h2>\n<ul data-start=\"2930\" data-end=\"3493\">\n<li data-start=\"2930\" data-end=\"3068\">\n<p data-start=\"2932\" data-end=\"3068\"><strong data-start=\"2932\" data-end=\"2950\">Kosteng\u00fcnstig<\/strong>: Unser <strong data-start=\"2956\" data-end=\"2989\">40ft gebrauchte Schiffscontainer<\/strong> sind eine budgetfreundliche Option, die im Vergleich zu neuen Containern ein gutes Preis-Leistungs-Verh\u00e4ltnis bietet.<\/p>\n<\/li>\n<li data-start=\"3069\" data-end=\"3234\">\n<p data-start=\"3071\" data-end=\"3234\"><strong data-start=\"3071\" data-end=\"3082\">Dauerhaft<\/strong>: Wir renovieren jeden Container, um sicherzustellen, dass er f\u00fcr den Einsatz in verschiedenen Umgebungen bereit ist, sei es f\u00fcr den Transport, die Lagerung oder den Umbau in andere Strukturen.<\/p>\n<\/li>\n<li data-start=\"3235\" data-end=\"3393\">\n<p data-start=\"3237\" data-end=\"3393\"><strong data-start=\"3237\" data-end=\"3250\">Vielseitig<\/strong>: Perfekt f\u00fcr die Lagerung, den Bau oder auch f\u00fcr individuelle Projekte. Die <strong data-start=\"3316\" data-end=\"3348\">40ft gebrauchte Schiffscontainer<\/strong> bietet reichlich Platz f\u00fcr eine breite Palette von Nutzungen.<\/p>\n<\/li>\n<li data-start=\"3394\" data-end=\"3493\">\n<p data-start=\"3396\" data-end=\"3493\"><strong data-start=\"3396\" data-end=\"3412\">Umweltfreundlich<\/strong>: Wenn Sie sich f\u00fcr einen gebrauchten Container entscheiden, tragen Sie zur Abfallvermeidung und zur Nachhaltigkeit bei.<\/p>\n<\/li>\n<\/ul>\n<hr data-start=\"3495\" data-end=\"3498\" \/>\n<h2 data-start=\"3500\" data-end=\"3577\">Warum Container House Co. f\u00fcr Ihren gebrauchten Schiffscontainer w\u00e4hlen?<\/h2>\n<p data-start=\"3579\" data-end=\"3775\">Wir sind ein f\u00fchrendes <strong data-start=\"3596\" data-end=\"3612\">Hersteller<\/strong> von <strong data-start=\"3616\" data-end=\"3649\">40ft gebrauchte Schiffscontainer<\/strong>, Wir haben uns auf Qualit\u00e4t und individuelle Anpassung spezialisiert. Unsere Container werden vollst\u00e4ndig inspiziert und \u00fcberholt, um den h\u00f6chsten Standards zu entsprechen.<\/p>\n<ul data-start=\"3777\" data-end=\"4156\">\n<li data-start=\"3777\" data-end=\"3932\">\n<p data-start=\"3779\" data-end=\"3932\"><strong data-start=\"3779\" data-end=\"3796\">Personalisierung<\/strong>: Wir bieten ma\u00dfgeschneiderte Modifikationen f\u00fcr Ihre <strong data-start=\"3837\" data-end=\"3864\">40ft Schiffscontainer<\/strong>, Dazu geh\u00f6ren zus\u00e4tzliche T\u00fcren, Regale, Isolierung und Bel\u00fcftung.<\/p>\n<\/li>\n<li data-start=\"3933\" data-end=\"4017\">\n<p data-start=\"3935\" data-end=\"4017\"><strong data-start=\"3935\" data-end=\"3955\">P\u00fcnktliche Lieferung<\/strong>: Wir garantieren eine p\u00fcnktliche Lieferung sowohl bei Einzel- als auch bei Gro\u00dfbestellungen.<\/p>\n<\/li>\n<li data-start=\"4018\" data-end=\"4156\">\n<p data-start=\"4020\" data-end=\"4156\"><strong data-start=\"4020\" data-end=\"4047\">Erschwinglich und verl\u00e4sslich<\/strong>: Mit konkurrenzf\u00e4higer Preisgestaltung und Qualit\u00e4tssicherung bieten wir den besten Wert f\u00fcr Ihren Versand- oder Lagerbedarf.<\/p>\n<\/li>\n<\/ul>\n<hr data-start=\"4158\" data-end=\"4161\" \/>\n<h2 data-start=\"4163\" data-end=\"4200\">FAQ - 40ft gebrauchte Schiffscontainer<\/h2>\n<p data-start=\"4202\" data-end=\"4385\"><strong data-start=\"4202\" data-end=\"4257\">1. Kann ich einen 40-Fu\u00df-Container f\u00fcr die Lagerung verwenden?<\/strong><br data-start=\"4257\" data-end=\"4260\" \/>Ja, unser <strong data-start=\"4269\" data-end=\"4302\">40ft gebrauchte Schiffscontainer<\/strong> sind ideal f\u00fcr die Lagerung von Waren, Ger\u00e4ten und Materialien.<\/p>\n<p data-start=\"4387\" data-end=\"4552\"><strong data-start=\"4387\" data-end=\"4445\">2. Wie kann ich sicherstellen, dass der Container in gutem Zustand ist?<\/strong><br data-start=\"4445\" data-end=\"4448\" \/>Wir pr\u00fcfen und \u00fcberholen jeden Container, um sicherzustellen, dass er unseren hohen Anforderungen an Sicherheit und Haltbarkeit entspricht.<\/p>\n<p data-start=\"4554\" data-end=\"4727\"><strong data-start=\"4554\" data-end=\"4609\">3. Kann ich meinen gebrauchten Versandcontainer individuell gestalten?<\/strong><br data-start=\"4609\" data-end=\"4612\" \/>Ja, wir bieten individuelle Anpassungen an Ihre speziellen Bed\u00fcrfnisse, wie z. B. zus\u00e4tzliche Regale, Isolierung und Bel\u00fcftung.<\/p>\n<p data-start=\"4729\" data-end=\"4923\"><strong data-start=\"4729\" data-end=\"4785\">4. Wie lange kann ein gebrauchter 40-Fu\u00df-Container halten?<\/strong><br data-start=\"4785\" data-end=\"4788\" \/>Bei ordnungsgem\u00e4\u00dfer Wartung kann ein <strong data-start=\"4815\" data-end=\"4847\">gebrauchte Schiffscontainer<\/strong> k\u00f6nnen viele Jahre halten und bieten zuverl\u00e4ssige Lager- und Versandl\u00f6sungen.<\/p>\n<hr data-start=\"4925\" data-end=\"4928\" \/>\n<h2 data-start=\"4930\" data-end=\"5000\">Schlussfolgerung: W\u00e4hlen Sie unsere gebrauchten 40ft Versandcontainer f\u00fcr Ihren Bedarf<\/h2>\n<p data-start=\"5002\" data-end=\"5264\">A <strong data-start=\"5004\" data-end=\"5036\">40ft gebrauchte Schiffscontainer <\/strong>bietet eine vielseitige und kosteng\u00fcnstige L\u00f6sung f\u00fcr Lagerung und Versand. Unter <strong data-start=\"5113\" data-end=\"5141\">Container House Co. Ltd.<\/strong>, Wir fertigen und \u00fcberholen Container, um sicherzustellen, dass sie den h\u00f6chsten Standards entsprechen und f\u00fcr den Einsatz in verschiedenen Umgebungen geeignet sind.<\/p>\n<p data-start=\"5266\" data-end=\"5399\" data-is-last-node=\"\" data-is-only-node=\"\">\ud83d\udc49 <strong data-start=\"5269\" data-end=\"5289\">Kontaktieren Sie uns heute<\/strong> um ein Angebot zu erhalten oder mehr \u00fcber unser <strong data-start=\"5329\" data-end=\"5362\">40ft gebrauchte Schiffscontainer<\/strong> und wie sie Ihrem Unternehmen helfen k\u00f6nnen.<\/p>","protected":false},"excerpt":{"rendered":"<p><img loading=\"lazy\" decoding=\"async\" class=\"alignnone size-full wp-image-1139\" src=\"https:\/\/www.gkcpro.com\/wp-content\/uploads\/2026\/02\/evaluate.jpg\" alt=\"Meine Container werden in viele L\u00e4nder exportiert; dies ist ein Beispiel f\u00fcr die Erfahrungen unserer Kunden.\" width=\"1000\" height=\"474\" srcset=\"https:\/\/www.gkcpro.com\/wp-content\/uploads\/2026\/02\/evaluate.jpg 1000w, https:\/\/www.gkcpro.com\/wp-content\/uploads\/2026\/02\/evaluate-300x142.jpg 300w, https:\/\/www.gkcpro.com\/wp-content\/uploads\/2026\/02\/evaluate-768x364.jpg 768w, https:\/\/www.gkcpro.com\/wp-content\/uploads\/2026\/02\/evaluate-18x9.jpg 18w, https:\/\/www.gkcpro.com\/wp-content\/uploads\/2026\/02\/evaluate-624x296.jpg 624w, https:\/\/www.gkcpro.com\/wp-content\/uploads\/2026\/02\/evaluate-800x379.jpg 800w\" sizes=\"auto, (max-width: 1000px) 100vw, 1000px\" \/><img loading=\"lazy\" decoding=\"async\" class=\"alignnone wp-image-1137 size-full\" src=\"https:\/\/www.gkcpro.com\/wp-content\/uploads\/2026\/02\/container-house-certificates.jpg\" alt=\"Pr\u00e4sentation internationaler Zertifikate, einschlie\u00dflich ISO 9001, CE und Struktursicherheitszertifizierungen f\u00fcr unsere Export-Containerh\u00e4user und Container\" width=\"1470\" height=\"2000\" srcset=\"https:\/\/www.gkcpro.com\/wp-content\/uploads\/2026\/02\/container-house-certificates.jpg 1470w, https:\/\/www.gkcpro.com\/wp-content\/uploads\/2026\/02\/container-house-certificates-221x300.jpg 221w, https:\/\/www.gkcpro.com\/wp-content\/uploads\/2026\/02\/container-house-certificates-753x1024.jpg 753w, https:\/\/www.gkcpro.com\/wp-content\/uploads\/2026\/02\/container-house-certificates-768x1045.jpg 768w, https:\/\/www.gkcpro.com\/wp-content\/uploads\/2026\/02\/container-house-certificates-1129x1536.jpg 1129w, https:\/\/www.gkcpro.com\/wp-content\/uploads\/2026\/02\/container-house-certificates-9x12.jpg 9w, https:\/\/www.gkcpro.com\/wp-content\/uploads\/2026\/02\/container-house-certificates-624x849.jpg 624w, https:\/\/www.gkcpro.com\/wp-content\/uploads\/2026\/02\/container-house-certificates-800x1088.jpg 800w\" sizes=\"auto, (max-width: 1470px) 100vw, 1470px\" \/><\/p>","protected":false},"featured_media":925,"template":"","meta":[],"product_brand":[],"product_cat":[49],"product_tag":[],"class_list":{"0":"post-922","1":"product","2":"type-product","3":"status-publish","4":"has-post-thumbnail","6":"product_cat-reefer-container-and-dry-container","8":"first","9":"instock","10":"shipping-taxable","11":"product-type-simple"},"yoast_head":"<!-- This site is optimized with the Yoast SEO plugin v26.6 - https:\/\/yoast.com\/wordpress\/plugins\/seo\/ -->\n<title>40ft used shipping container\u200b - china container manufacturer<\/title>\n<meta name=\"robots\" content=\"index, follow, max-snippet:-1, max-image-preview:large, max-video-preview:-1\" \/>\n<link rel=\"canonical\" href=\"https:\/\/www.gkcpro.com\/de\/product\/40ft-used-shipping-container\/\" \/>\n<meta property=\"og:locale\" content=\"de_DE\" \/>\n<meta property=\"og:type\" content=\"article\" \/>\n<meta property=\"og:title\" content=\"40ft used shipping container\u200b - china container manufacturer\" \/>\n<meta property=\"og:url\" content=\"https:\/\/www.gkcpro.com\/de\/product\/40ft-used-shipping-container\/\" \/>\n<meta property=\"og:site_name\" content=\"Container House Co., Ltd.\" \/>\n<meta property=\"article:modified_time\" content=\"2026-04-17T05:43:02+00:00\" \/>\n<meta property=\"og:image\" content=\"https:\/\/www.gkcpro.com\/wp-content\/uploads\/2026\/01\/used-container.jpg\" \/>\n\t<meta property=\"og:image:width\" content=\"800\" \/>\n\t<meta property=\"og:image:height\" content=\"800\" \/>\n\t<meta property=\"og:image:type\" content=\"image\/jpeg\" \/>\n<meta name=\"twitter:card\" content=\"summary_large_image\" \/>\n<meta name=\"twitter:label1\" content=\"Gesch\u00e4tzte Lesezeit\" \/>\n\t<meta name=\"twitter:data1\" content=\"4\u00a0Minuten\" \/>\n<script type=\"application\/ld+json\" class=\"yoast-schema-graph\">{\"@context\":\"https:\/\/schema.org\",\"@graph\":[{\"@type\":\"WebPage\",\"@id\":\"https:\/\/www.gkcpro.com\/product\/40ft-used-shipping-container\/\",\"url\":\"https:\/\/www.gkcpro.com\/product\/40ft-used-shipping-container\/\",\"name\":\"40ft used shipping container\u200b - china container manufacturer\",\"isPartOf\":{\"@id\":\"https:\/\/www.gkcpro.com\/#website\"},\"primaryImageOfPage\":{\"@id\":\"https:\/\/www.gkcpro.com\/product\/40ft-used-shipping-container\/#primaryimage\"},\"image\":{\"@id\":\"https:\/\/www.gkcpro.com\/product\/40ft-used-shipping-container\/#primaryimage\"},\"thumbnailUrl\":\"https:\/\/www.gkcpro.com\/wp-content\/uploads\/2026\/01\/used-container.jpg\",\"datePublished\":\"2026-01-30T03:44:16+00:00\",\"dateModified\":\"2026-04-17T05:43:02+00:00\",\"breadcrumb\":{\"@id\":\"https:\/\/www.gkcpro.com\/product\/40ft-used-shipping-container\/#breadcrumb\"},\"inLanguage\":\"de\",\"potentialAction\":[{\"@type\":\"ReadAction\",\"target\":[\"https:\/\/www.gkcpro.com\/product\/40ft-used-shipping-container\/\"]}]},{\"@type\":\"ImageObject\",\"inLanguage\":\"de\",\"@id\":\"https:\/\/www.gkcpro.com\/product\/40ft-used-shipping-container\/#primaryimage\",\"url\":\"https:\/\/www.gkcpro.com\/wp-content\/uploads\/2026\/01\/used-container.jpg\",\"contentUrl\":\"https:\/\/www.gkcpro.com\/wp-content\/uploads\/2026\/01\/used-container.jpg\",\"width\":800,\"height\":800,\"caption\":\"Enhanced storage 40ft Used Shipping Container high cube model manufactured by leading China company for export markets\"},{\"@type\":\"BreadcrumbList\",\"@id\":\"https:\/\/www.gkcpro.com\/product\/40ft-used-shipping-container\/#breadcrumb\",\"itemListElement\":[{\"@type\":\"ListItem\",\"position\":1,\"name\":\"\u9996\u9875\",\"item\":\"https:\/\/www.gkcpro.com\/\"},{\"@type\":\"ListItem\",\"position\":2,\"name\":\"Products\",\"item\":\"https:\/\/www.gkcpro.com\/shop\/\"},{\"@type\":\"ListItem\",\"position\":3,\"name\":\"40ft used shipping container\u200b\"}]},{\"@type\":\"WebSite\",\"@id\":\"https:\/\/www.gkcpro.com\/#website\",\"url\":\"https:\/\/www.gkcpro.com\/\",\"name\":\"Container House Co., Ltd.\",\"description\":\"Container House factory\",\"potentialAction\":[{\"@type\":\"SearchAction\",\"target\":{\"@type\":\"EntryPoint\",\"urlTemplate\":\"https:\/\/www.gkcpro.com\/?s={search_term_string}\"},\"query-input\":{\"@type\":\"PropertyValueSpecification\",\"valueRequired\":true,\"valueName\":\"search_term_string\"}}],\"inLanguage\":\"de\"}]}<\/script>\n<!-- \/ Yoast SEO plugin. -->","yoast_head_json":{"title":"40ft gebrauchte Schiffscontainer - China Container Hersteller","robots":{"index":"index","follow":"follow","max-snippet":"max-snippet:-1","max-image-preview":"max-image-preview:large","max-video-preview":"max-video-preview:-1"},"canonical":"https:\/\/www.gkcpro.com\/de\/product\/40ft-used-shipping-container\/","og_locale":"de_DE","og_type":"article","og_title":"40ft used shipping container\u200b - china container manufacturer","og_url":"https:\/\/www.gkcpro.com\/de\/product\/40ft-used-shipping-container\/","og_site_name":"Container House Co., Ltd.","article_modified_time":"2026-04-17T05:43:02+00:00","og_image":[{"width":800,"height":800,"url":"https:\/\/www.gkcpro.com\/wp-content\/uploads\/2026\/01\/used-container.jpg","type":"image\/jpeg"}],"twitter_card":"summary_large_image","twitter_misc":{"Gesch\u00e4tzte Lesezeit":"4\u00a0Minuten"},"schema":{"@context":"https:\/\/schema.org","@graph":[{"@type":"WebPage","@id":"https:\/\/www.gkcpro.com\/product\/40ft-used-shipping-container\/","url":"https:\/\/www.gkcpro.com\/product\/40ft-used-shipping-container\/","name":"40ft gebrauchte Schiffscontainer - China Container Hersteller","isPartOf":{"@id":"https:\/\/www.gkcpro.com\/#website"},"primaryImageOfPage":{"@id":"https:\/\/www.gkcpro.com\/product\/40ft-used-shipping-container\/#primaryimage"},"image":{"@id":"https:\/\/www.gkcpro.com\/product\/40ft-used-shipping-container\/#primaryimage"},"thumbnailUrl":"https:\/\/www.gkcpro.com\/wp-content\/uploads\/2026\/01\/used-container.jpg","datePublished":"2026-01-30T03:44:16+00:00","dateModified":"2026-04-17T05:43:02+00:00","breadcrumb":{"@id":"https:\/\/www.gkcpro.com\/product\/40ft-used-shipping-container\/#breadcrumb"},"inLanguage":"de","potentialAction":[{"@type":"ReadAction","target":["https:\/\/www.gkcpro.com\/product\/40ft-used-shipping-container\/"]}]},{"@type":"ImageObject","inLanguage":"de","@id":"https:\/\/www.gkcpro.com\/product\/40ft-used-shipping-container\/#primaryimage","url":"https:\/\/www.gkcpro.com\/wp-content\/uploads\/2026\/01\/used-container.jpg","contentUrl":"https:\/\/www.gkcpro.com\/wp-content\/uploads\/2026\/01\/used-container.jpg","width":800,"height":800,"caption":"Enhanced storage 40ft Used Shipping Container high cube model manufactured by leading China company for export markets"},{"@type":"BreadcrumbList","@id":"https:\/\/www.gkcpro.com\/product\/40ft-used-shipping-container\/#breadcrumb","itemListElement":[{"@type":"ListItem","position":1,"name":"\u9996\u9875","item":"https:\/\/www.gkcpro.com\/"},{"@type":"ListItem","position":2,"name":"Products","item":"https:\/\/www.gkcpro.com\/shop\/"},{"@type":"ListItem","position":3,"name":"40ft used shipping container\u200b"}]},{"@type":"WebSite","@id":"https:\/\/www.gkcpro.com\/#website","url":"https:\/\/www.gkcpro.com\/","name":"Container House Co. Ltd.","description":"Containerhaus-Fabrik","potentialAction":[{"@type":"SearchAction","target":{"@type":"EntryPoint","urlTemplate":"https:\/\/www.gkcpro.com\/?s={search_term_string}"},"query-input":{"@type":"PropertyValueSpecification","valueRequired":true,"valueName":"search_term_string"}}],"inLanguage":"de"}]}},"_links":{"self":[{"href":"https:\/\/www.gkcpro.com\/de\/wp-json\/wp\/v2\/product\/922","targetHints":{"allow":["GET"]}}],"collection":[{"href":"https:\/\/www.gkcpro.com\/de\/wp-json\/wp\/v2\/product"}],"about":[{"href":"https:\/\/www.gkcpro.com\/de\/wp-json\/wp\/v2\/types\/product"}],"wp:featuredmedia":[{"embeddable":true,"href":"https:\/\/www.gkcpro.com\/de\/wp-json\/wp\/v2\/media\/925"}],"wp:attachment":[{"href":"https:\/\/www.gkcpro.com\/de\/wp-json\/wp\/v2\/media?parent=922"}],"wp:term":[{"taxonomy":"product_brand","embeddable":true,"href":"https:\/\/www.gkcpro.com\/de\/wp-json\/wp\/v2\/product_brand?post=922"},{"taxonomy":"product_cat","embeddable":true,"href":"https:\/\/www.gkcpro.com\/de\/wp-json\/wp\/v2\/product_cat?post=922"},{"taxonomy":"product_tag","embeddable":true,"href":"https:\/\/www.gkcpro.com\/de\/wp-json\/wp\/v2\/product_tag?post=922"}],"curies":[{"name":"wp","href":"https:\/\/api.w.org\/{rel}","templated":true}]}}