{"id":919,"date":"2026-01-30T11:49:17","date_gmt":"2026-01-30T03:49:17","guid":{"rendered":"https:\/\/www.gkcpro.com\/?post_type=product&#038;p=919"},"modified":"2026-04-17T13:42:24","modified_gmt":"2026-04-17T05:42:24","slug":"20ft-shipping-container-used","status":"publish","type":"product","link":"https:\/\/www.gkcpro.com\/de\/product\/20ft-shipping-container-used\/","title":{"rendered":"20ft Schiffscontainer gebraucht"},"content":{"rendered":"<p data-start=\"260\" data-end=\"334\">20ft Versandcontainer gebraucht: Eine zuverl\u00e4ssige L\u00f6sung f\u00fcr Ihren Lagerbedarf<\/p>\n<p data-start=\"336\" data-end=\"690\">Suchen Sie einen <strong data-start=\"358\" data-end=\"390\">20ft Schiffscontainer gebraucht<\/strong> zur Lagerung oder zum Versand? Unter <strong data-start=\"419\" data-end=\"447\">Container House Co. Ltd.<\/strong>, Wir haben uns auf die Herstellung von qualitativ hochwertigen und zuverl\u00e4ssigen gebrauchten Transportcontainern spezialisiert, die Ihren Anforderungen entsprechen. Egal, ob Sie zus\u00e4tzlichen Lagerraum, ein mobiles B\u00fcro oder eine Transportl\u00f6sung ben\u00f6tigen, unsere <strong data-start=\"635\" data-end=\"668\">20ft gebrauchte Schiffscontainer<\/strong> sind eine perfekte Wahl.<\/p>\n<h2 data-start=\"692\" data-end=\"738\">Wozu dient ein gebrauchter 20-Fu\u00df-Schiffscontainer?<\/h2>\n<p data-start=\"740\" data-end=\"797\">A verwendet<strong data-start=\"742\" data-end=\"774\">\u00a0Schiffscontainer <\/strong>wird in der Regel verwendet f\u00fcr:<\/p>\n<ul data-start=\"799\" data-end=\"1022\">\n<li data-start=\"799\" data-end=\"853\">\n<p data-start=\"801\" data-end=\"853\"><strong data-start=\"801\" data-end=\"822\">L\u00f6sungen f\u00fcr die Lagerung<\/strong> f\u00fcr Unternehmen oder zum pers\u00f6nlichen Gebrauch<\/p>\n<\/li>\n<li data-start=\"854\" data-end=\"903\">\n<p data-start=\"856\" data-end=\"903\"><strong data-start=\"856\" data-end=\"874\">Versand von Waren<\/strong> l\u00e4nder- und regionen\u00fcbergreifend<\/p>\n<\/li>\n<li data-start=\"904\" data-end=\"958\">\n<p data-start=\"906\" data-end=\"958\"><strong data-start=\"906\" data-end=\"932\">Tempor\u00e4re B\u00fcros auf der Baustelle<\/strong> f\u00fcr Bauprojekte<\/p>\n<\/li>\n<li data-start=\"959\" data-end=\"1022\">\n<p data-start=\"961\" data-end=\"1022\"><strong data-start=\"961\" data-end=\"985\">Kundenspezifische \u00c4nderungen<\/strong> wie Wohnungen, B\u00fcros oder Pop-up-L\u00e4den<\/p>\n<\/li>\n<\/ul>\n<p data-start=\"1024\" data-end=\"1170\">Unser <strong data-start=\"1028\" data-end=\"1052\">gebrauchte 20ft Container<\/strong> sind ideal f\u00fcr kleine Unternehmen, Logistikunternehmen oder alle, die zus\u00e4tzlichen Platz f\u00fcr ihre Produkte oder Ausr\u00fcstung ben\u00f6tigen.<\/p>\n<hr data-start=\"1172\" data-end=\"1175\" \/>\n<h2 data-start=\"1177\" data-end=\"1231\">Wie wird ein gebrauchter 20-Fu\u00df-Schiffscontainer hergestellt?<\/h2>\n<p data-start=\"1233\" data-end=\"1398\">Unter <strong data-start=\"1236\" data-end=\"1264\">Container House Co. Ltd.<\/strong>, fertigen wir jede <strong data-start=\"1286\" data-end=\"1318\">20ft gebrauchte Schiffscontainer<\/strong> mit Sorgfalt und nach einem detaillierten Verfahren, um Haltbarkeit und Funktionalit\u00e4t zu gew\u00e4hrleisten.<\/p>\n<h3 data-start=\"1400\" data-end=\"1426\">1. Vorbereitung des Stahls<\/h3>\n<p data-start=\"1427\" data-end=\"1580\">Wir beginnen mit hochwertigem Stahl, der gegl\u00e4ttet und gereinigt wird, um Rost und Staub zu entfernen. Anschlie\u00dfend wird der Stahl zu Containerplatten und -teilen verarbeitet.<\/p>\n<h3 data-start=\"1582\" data-end=\"1611\">2. Montage und Schwei\u00dfen<\/h3>\n<p data-start=\"1612\" data-end=\"1714\">Die Paneele des Containers werden zusammengeschwei\u00dft und bilden so einen stabilen und sicheren Rahmen f\u00fcr Transport und Lagerung.<\/p>\n<h3 data-start=\"1716\" data-end=\"1740\">3. Qualit\u00e4tskontrolle<\/h3>\n<p data-start=\"1741\" data-end=\"1885\">Jede <strong data-start=\"1746\" data-end=\"1778\">20ft gebrauchte Schiffscontainer<\/strong> wird einer gr\u00fcndlichen Inspektion unterzogen, um sicherzustellen, dass es die hohen Standards f\u00fcr Sicherheit, Haltbarkeit und Leistung erf\u00fcllt.<\/p>\n<h3 data-start=\"1887\" data-end=\"1916\">4. Anstrich und Versiegelung<\/h3>\n<p data-start=\"1917\" data-end=\"2123\">Wir tragen einen Rostschutzanstrich auf, um den Container vor Korrosion zu sch\u00fctzen, insbesondere bei langen Seetransporten. Die Dichtungen an den T\u00fcren und Fugen werden \u00fcberpr\u00fcft, um sicherzustellen, dass der Container wasserdicht ist.<\/p>\n<h3 data-start=\"2125\" data-end=\"2147\">5. Abschlie\u00dfende Pr\u00fcfung<\/h3>\n<p data-start=\"2148\" data-end=\"2264\">Wir pr\u00fcfen die strukturelle Integrit\u00e4t und Wasserdichtigkeit der <strong data-start=\"2208\" data-end=\"2235\">gebrauchte Schiffscontainer<\/strong> um sicherzustellen, dass es gebrauchstauglich ist.<\/p>\n<hr data-start=\"2266\" data-end=\"2269\" \/>\n<h2 data-start=\"2271\" data-end=\"2325\">Vorteile der Wahl eines gebrauchten 20-Fu\u00df-Schiffscontainers<\/h2>\n<ul data-start=\"2327\" data-end=\"2791\">\n<li data-start=\"2327\" data-end=\"2443\">\n<p data-start=\"2329\" data-end=\"2443\"><strong data-start=\"2329\" data-end=\"2343\">Erschwinglich<\/strong>: Kauf eines <strong data-start=\"2358\" data-end=\"2390\">20ft gebrauchter Container <\/strong>ist kosteng\u00fcnstiger als der Kauf neuer Container.<\/p>\n<\/li>\n<li data-start=\"2444\" data-end=\"2563\">\n<p data-start=\"2446\" data-end=\"2563\"><strong data-start=\"2446\" data-end=\"2457\">Dauerhaft<\/strong>: Obwohl unsere Container gebraucht sind, werden sie gr\u00fcndlich gepr\u00fcft und \u00fcberholt, um den Qualit\u00e4tsstandards zu entsprechen.<\/p>\n<\/li>\n<li data-start=\"2564\" data-end=\"2671\">\n<p data-start=\"2566\" data-end=\"2671\"><strong data-start=\"2566\" data-end=\"2579\">Vielseitig<\/strong>: Geeignet f\u00fcr verschiedene Verwendungszwecke, von der Lagerung bis hin zu individuellen Anpassungen f\u00fcr Wohnungen oder Unternehmen.<\/p>\n<\/li>\n<li data-start=\"2672\" data-end=\"2791\">\n<p data-start=\"2674\" data-end=\"2791\"><strong data-start=\"2674\" data-end=\"2690\">Umweltfreundlich<\/strong>: Mit einer <strong data-start=\"2700\" data-end=\"2727\">gebrauchte Schiffscontainer<\/strong> ist eine nachhaltige Wahl, die den Bedarf an neuen Materialien reduziert.<\/p>\n<\/li>\n<\/ul>\n<hr data-start=\"2793\" data-end=\"2796\" \/>\n<h2 data-start=\"2798\" data-end=\"2845\">20ft Container verwendet: Spezifikationen<\/h2>\n<p data-start=\"2847\" data-end=\"2942\">Hier sind die Standardma\u00dfe und Spezifikationen f\u00fcr unsere <strong data-start=\"2909\" data-end=\"2941\">20ft Container gebraucht<\/strong>:<\/p>\n<p data-start=\"2847\" data-end=\"2942\">\n<table id=\"tablepress-20\" class=\"tablepress tablepress-id-20\">\n<thead>\n<tr class=\"row-1\">\n\t<th class=\"column-1\"><strong>Spezifikation<\/strong><\/th><th class=\"column-2\"><strong>20ft Schiffscontainer gebraucht<\/strong><\/th>\n<\/tr>\n<\/thead>\n<tbody class=\"row-striping row-hover\">\n<tr class=\"row-2\">\n\t<td class=\"column-1\"><strong>Externe L\u00e4nge<\/strong><\/td><td class=\"column-2\">6,06 Meter (20 Fu\u00df)<\/td>\n<\/tr>\n<tr class=\"row-3\">\n\t<td class=\"column-1\"><strong>\u00c4u\u00dfere Breite<\/strong><\/td><td class=\"column-2\">2,44 Meter (8 Fu\u00df)<\/td>\n<\/tr>\n<tr class=\"row-4\">\n\t<td class=\"column-1\"><strong>\u00c4u\u00dfere H\u00f6he<\/strong><\/td><td class=\"column-2\">2,59 Meter (8,5 Fu\u00df)<\/td>\n<\/tr>\n<tr class=\"row-5\">\n\t<td class=\"column-1\"><strong>Interne L\u00e4nge<\/strong><\/td><td class=\"column-2\">5,90 Meter<\/td>\n<\/tr>\n<tr class=\"row-6\">\n\t<td class=\"column-1\"><strong>Innere Breite<\/strong><\/td><td class=\"column-2\">2,35 Meter<\/td>\n<\/tr>\n<tr class=\"row-7\">\n\t<td class=\"column-1\"><strong>Innere H\u00f6he<\/strong><\/td><td class=\"column-2\">2,39 Meter<\/td>\n<\/tr>\n<tr class=\"row-8\">\n\t<td class=\"column-1\"><strong>Maximale Nutzlast<\/strong><\/td><td class=\"column-2\">25.000 kg<\/td>\n<\/tr>\n<tr class=\"row-9\">\n\t<td class=\"column-1\"><strong>Kapazit\u00e4t<\/strong><\/td><td class=\"column-2\">33 Kubikmeter<\/td>\n<\/tr>\n<tr class=\"row-10\">\n\t<td class=\"column-1\"><strong>Gewicht<\/strong><\/td><td class=\"column-2\">2.300 kg (ca.)<\/td>\n<\/tr>\n<\/tbody>\n<\/table>\n<!-- #tablepress-20 from cache --><\/p>\n<h2 data-start=\"3411\" data-end=\"3488\">Warum Container House Co. f\u00fcr Ihren gebrauchten 20ft Versandcontainer w\u00e4hlen?<\/h2>\n<p data-start=\"3490\" data-end=\"3748\">Unter <strong data-start=\"3493\" data-end=\"3521\">Container House Co. Ltd.<\/strong>, sind wir mehr als nur Lieferanten. Wir sind Hersteller mit der Verpflichtung, qualitativ hochwertige Produkte zu liefern, und wir sind stolz auf die Herstellung langlebiger <strong data-start=\"3671\" data-end=\"3699\">gebrauchte Schiffscontainer<\/strong> die Unternehmen und Privatpersonen weltweit dienen.<\/p>\n<ul data-start=\"3750\" data-end=\"4082\">\n<li data-start=\"3750\" data-end=\"3857\">\n<p data-start=\"3752\" data-end=\"3857\"><strong data-start=\"3752\" data-end=\"3772\">Kundenspezifische L\u00f6sungen<\/strong>: Wir bieten Modifikationen f\u00fcr alle Arten von Bed\u00fcrfnissen, von zus\u00e4tzlichen T\u00fcren bis hin zu ma\u00dfgeschneiderten Bodenbel\u00e4gen.<\/p>\n<\/li>\n<li data-start=\"3858\" data-end=\"3957\">\n<p data-start=\"3860\" data-end=\"3957\"><strong data-start=\"3860\" data-end=\"3881\">Zuverl\u00e4ssige Lieferung<\/strong>: Wir garantieren eine p\u00fcnktliche Lieferung und \u00fcbernehmen die gesamte Logistik f\u00fcr Ihre Gro\u00dfbestellung.<\/p>\n<\/li>\n<li data-start=\"3958\" data-end=\"4082\">\n<p data-start=\"3960\" data-end=\"4082\"><strong data-start=\"3960\" data-end=\"3978\">Nachhaltigkeit<\/strong>: Verwendung von <strong data-start=\"3986\" data-end=\"4019\">20ft gebrauchte Schiffscontainer<\/strong> ist eine umweltfreundliche und kosteng\u00fcnstige L\u00f6sung f\u00fcr Unternehmen.<\/p>\n<\/li>\n<\/ul>\n<hr data-start=\"4084\" data-end=\"4087\" \/>\n<h2 data-start=\"4089\" data-end=\"4126\">FAQ - ABout Shipping Container Gebraucht<\/h2>\n<p data-start=\"4128\" data-end=\"4373\"><strong data-start=\"4128\" data-end=\"4204\">1. Woran erkenne ich, ob ein gebrauchter Schiffscontainer in gutem Zustand ist?<\/strong><br data-start=\"4204\" data-end=\"4207\" \/>Wir pr\u00fcfen jeden Container gr\u00fcndlich auf strukturelle Integrit\u00e4t, Rost und Wasserdichtigkeit. Nur Container, die unsere strengen Qualit\u00e4tskontrollen bestehen, werden an Sie ausgeliefert.<\/p>\n<p data-start=\"4375\" data-end=\"4540\"><strong data-start=\"4375\" data-end=\"4430\">2. Kann ich einen gebrauchten Schiffscontainer f\u00fcr die Lagerung verwenden?<\/strong><br data-start=\"4430\" data-end=\"4433\" \/>Ja! A <strong data-start=\"4440\" data-end=\"4472\">20ft Container gebraucht<\/strong> eignet sich perfekt f\u00fcr die sichere Aufbewahrung von Waren oder pers\u00f6nlichen Gegenst\u00e4nden.<\/p>\n<p data-start=\"4542\" data-end=\"4704\"><strong data-start=\"4542\" data-end=\"4591\">3. Kann ich einen gebrauchten Schiffscontainer individuell gestalten?<\/strong><br data-start=\"4591\" data-end=\"4594\" \/>Ja, wir bieten individuelle Anpassungen wie zus\u00e4tzliche T\u00fcren, Regale, Bel\u00fcftung und Bodenbel\u00e4ge, um Ihren Bed\u00fcrfnissen gerecht zu werden.<\/p>\n<p data-start=\"4706\" data-end=\"4858\"><strong data-start=\"4706\" data-end=\"4763\">4. Wie lange h\u00e4lt ein gebrauchter 20-Fu\u00df-Container?<\/strong><br data-start=\"4763\" data-end=\"4766\" \/>Bei ordnungsgem\u00e4\u00dfer Wartung kann unser<strong data-start=\"4793\" data-end=\"4825\">\u00a0gebrauchte Schiffscontainer<\/strong> kann bis zu 15 Jahre oder l\u00e4nger dauern.<\/p>\n<hr data-start=\"4860\" data-end=\"4863\" \/>\n<h2 data-start=\"4865\" data-end=\"4923\">Schlussfolgerung: Holen Sie sich noch heute Ihren gebrauchten 20-Fu\u00df-Schiffscontainer<\/h2>\n<p data-start=\"4925\" data-end=\"5254\">Auswahl eines Gebrauchtwagens <strong data-start=\"4936\" data-end=\"4968\">20ft Schiffscontainer <\/strong>\u00a0ist eine hervorragende Option f\u00fcr Unternehmen, Logistikunternehmen und Privatpersonen, die erschwingliche, sichere und zuverl\u00e4ssige Lagerl\u00f6sungen ben\u00f6tigen. Ganz gleich, ob Sie Waren versenden, Ausr\u00fcstung lagern oder einen individuellen Raum schaffen m\u00f6chten, unsere <strong data-start=\"5190\" data-end=\"5223\">20ft gebrauchte Schiffscontainer<\/strong> sind langlebig und f\u00fcr die Ewigkeit gebaut.<\/p>\n<p data-start=\"5256\" data-end=\"5380\" data-is-only-node=\"\">\ud83d\udc49 <strong data-start=\"5259\" data-end=\"5279\">Kontaktieren Sie uns heute<\/strong> f\u00fcr ein Angebot oder um mehr dar\u00fcber zu erfahren, wie unser <strong data-start=\"5323\" data-end=\"5356\">20ft Schiffscontainer gebraucht<\/strong> kann Ihrem Unternehmen helfen.<\/p>","protected":false},"excerpt":{"rendered":"<p><img loading=\"lazy\" decoding=\"async\" class=\"alignnone size-full wp-image-1139\" src=\"https:\/\/www.gkcpro.com\/wp-content\/uploads\/2026\/02\/evaluate.jpg\" alt=\"Meine Container werden in viele L\u00e4nder exportiert; dies ist ein Beispiel f\u00fcr die Erfahrungen unserer Kunden.\" width=\"1000\" height=\"474\" srcset=\"https:\/\/www.gkcpro.com\/wp-content\/uploads\/2026\/02\/evaluate.jpg 1000w, https:\/\/www.gkcpro.com\/wp-content\/uploads\/2026\/02\/evaluate-300x142.jpg 300w, https:\/\/www.gkcpro.com\/wp-content\/uploads\/2026\/02\/evaluate-768x364.jpg 768w, https:\/\/www.gkcpro.com\/wp-content\/uploads\/2026\/02\/evaluate-18x9.jpg 18w, https:\/\/www.gkcpro.com\/wp-content\/uploads\/2026\/02\/evaluate-624x296.jpg 624w, https:\/\/www.gkcpro.com\/wp-content\/uploads\/2026\/02\/evaluate-800x379.jpg 800w\" sizes=\"auto, (max-width: 1000px) 100vw, 1000px\" \/><\/p>\n<p><img loading=\"lazy\" decoding=\"async\" class=\"alignnone wp-image-1137 size-full\" src=\"https:\/\/www.gkcpro.com\/wp-content\/uploads\/2026\/02\/container-house-certificates.jpg\" alt=\"Pr\u00e4sentation internationaler Zertifikate, einschlie\u00dflich ISO 9001, CE und Struktursicherheitszertifizierungen f\u00fcr unsere Export-Containerh\u00e4user und Container\" width=\"1470\" height=\"2000\" srcset=\"https:\/\/www.gkcpro.com\/wp-content\/uploads\/2026\/02\/container-house-certificates.jpg 1470w, https:\/\/www.gkcpro.com\/wp-content\/uploads\/2026\/02\/container-house-certificates-221x300.jpg 221w, https:\/\/www.gkcpro.com\/wp-content\/uploads\/2026\/02\/container-house-certificates-753x1024.jpg 753w, https:\/\/www.gkcpro.com\/wp-content\/uploads\/2026\/02\/container-house-certificates-768x1045.jpg 768w, https:\/\/www.gkcpro.com\/wp-content\/uploads\/2026\/02\/container-house-certificates-1129x1536.jpg 1129w, https:\/\/www.gkcpro.com\/wp-content\/uploads\/2026\/02\/container-house-certificates-9x12.jpg 9w, https:\/\/www.gkcpro.com\/wp-content\/uploads\/2026\/02\/container-house-certificates-624x849.jpg 624w, https:\/\/www.gkcpro.com\/wp-content\/uploads\/2026\/02\/container-house-certificates-800x1088.jpg 800w\" sizes=\"auto, (max-width: 1470px) 100vw, 1470px\" \/><\/p>","protected":false},"featured_media":928,"template":"","meta":[],"product_brand":[],"product_cat":[49],"product_tag":[],"class_list":{"0":"post-919","1":"product","2":"type-product","3":"status-publish","4":"has-post-thumbnail","6":"product_cat-reefer-container-and-dry-container","8":"first","9":"instock","10":"shipping-taxable","11":"product-type-simple"},"yoast_head":"<!-- This site is optimized with the Yoast SEO plugin v26.6 - https:\/\/yoast.com\/wordpress\/plugins\/seo\/ -->\n<title>20ft shipping container used - china container manufacturer<\/title>\n<meta name=\"description\" content=\"Used 20ft containers for sale: durable, high quality,perfect for B2B storage &amp; shipping. Bulk discounts and nationwide delivery.\" \/>\n<meta name=\"robots\" content=\"index, follow, max-snippet:-1, max-image-preview:large, max-video-preview:-1\" \/>\n<link rel=\"canonical\" href=\"https:\/\/www.gkcpro.com\/de\/product\/20ft-shipping-container-used\/\" \/>\n<meta property=\"og:locale\" content=\"de_DE\" \/>\n<meta property=\"og:type\" content=\"article\" \/>\n<meta property=\"og:title\" content=\"20ft shipping container used - china container manufacturer\" \/>\n<meta property=\"og:description\" content=\"Used 20ft containers for sale: durable, high quality,perfect for B2B storage &amp; shipping. Bulk discounts and nationwide delivery.\" \/>\n<meta property=\"og:url\" content=\"https:\/\/www.gkcpro.com\/de\/product\/20ft-shipping-container-used\/\" \/>\n<meta property=\"og:site_name\" content=\"Container House Co., Ltd.\" \/>\n<meta property=\"article:modified_time\" content=\"2026-04-17T05:42:24+00:00\" \/>\n<meta property=\"og:image\" content=\"https:\/\/www.gkcpro.com\/wp-content\/uploads\/2026\/01\/used-container-1.jpg\" \/>\n\t<meta property=\"og:image:width\" content=\"800\" \/>\n\t<meta property=\"og:image:height\" content=\"800\" \/>\n\t<meta property=\"og:image:type\" content=\"image\/jpeg\" \/>\n<meta name=\"twitter:card\" content=\"summary_large_image\" \/>\n<meta name=\"twitter:label1\" content=\"Gesch\u00e4tzte Lesezeit\" \/>\n\t<meta name=\"twitter:data1\" content=\"4\u00a0Minuten\" \/>\n<script type=\"application\/ld+json\" class=\"yoast-schema-graph\">{\"@context\":\"https:\/\/schema.org\",\"@graph\":[{\"@type\":\"WebPage\",\"@id\":\"https:\/\/www.gkcpro.com\/product\/20ft-shipping-container-used\/\",\"url\":\"https:\/\/www.gkcpro.com\/product\/20ft-shipping-container-used\/\",\"name\":\"20ft shipping container used - china container manufacturer\",\"isPartOf\":{\"@id\":\"https:\/\/www.gkcpro.com\/#website\"},\"primaryImageOfPage\":{\"@id\":\"https:\/\/www.gkcpro.com\/product\/20ft-shipping-container-used\/#primaryimage\"},\"image\":{\"@id\":\"https:\/\/www.gkcpro.com\/product\/20ft-shipping-container-used\/#primaryimage\"},\"thumbnailUrl\":\"https:\/\/www.gkcpro.com\/wp-content\/uploads\/2026\/01\/used-container-1.jpg\",\"datePublished\":\"2026-01-30T03:49:17+00:00\",\"dateModified\":\"2026-04-17T05:42:24+00:00\",\"description\":\"Used 20ft containers for sale: durable, high quality,perfect for B2B storage & shipping. Bulk discounts and nationwide delivery.\",\"breadcrumb\":{\"@id\":\"https:\/\/www.gkcpro.com\/product\/20ft-shipping-container-used\/#breadcrumb\"},\"inLanguage\":\"de\",\"potentialAction\":[{\"@type\":\"ReadAction\",\"target\":[\"https:\/\/www.gkcpro.com\/product\/20ft-shipping-container-used\/\"]}]},{\"@type\":\"ImageObject\",\"inLanguage\":\"de\",\"@id\":\"https:\/\/www.gkcpro.com\/product\/20ft-shipping-container-used\/#primaryimage\",\"url\":\"https:\/\/www.gkcpro.com\/wp-content\/uploads\/2026\/01\/used-container-1.jpg\",\"contentUrl\":\"https:\/\/www.gkcpro.com\/wp-content\/uploads\/2026\/01\/used-container-1.jpg\",\"width\":800,\"height\":800,\"caption\":\"High-grade 20ft Used Shipping Container provided by established factory China maker perfect for secure storage and logistics\"},{\"@type\":\"BreadcrumbList\",\"@id\":\"https:\/\/www.gkcpro.com\/product\/20ft-shipping-container-used\/#breadcrumb\",\"itemListElement\":[{\"@type\":\"ListItem\",\"position\":1,\"name\":\"\u9996\u9875\",\"item\":\"https:\/\/www.gkcpro.com\/\"},{\"@type\":\"ListItem\",\"position\":2,\"name\":\"Products\",\"item\":\"https:\/\/www.gkcpro.com\/shop\/\"},{\"@type\":\"ListItem\",\"position\":3,\"name\":\"20ft shipping container used\"}]},{\"@type\":\"WebSite\",\"@id\":\"https:\/\/www.gkcpro.com\/#website\",\"url\":\"https:\/\/www.gkcpro.com\/\",\"name\":\"Container House Co., Ltd.\",\"description\":\"Container House factory\",\"potentialAction\":[{\"@type\":\"SearchAction\",\"target\":{\"@type\":\"EntryPoint\",\"urlTemplate\":\"https:\/\/www.gkcpro.com\/?s={search_term_string}\"},\"query-input\":{\"@type\":\"PropertyValueSpecification\",\"valueRequired\":true,\"valueName\":\"search_term_string\"}}],\"inLanguage\":\"de\"}]}<\/script>\n<!-- \/ Yoast SEO plugin. -->","yoast_head_json":{"title":"20ft shipping container used - china container manufacturer","description":"Gebrauchte 20-Fu\u00df-Container zum Verkauf: langlebig, hochwertig, perfekt f\u00fcr B2B-Lagerung und Versand. Mengenrabatte und landesweite Lieferung.","robots":{"index":"index","follow":"follow","max-snippet":"max-snippet:-1","max-image-preview":"max-image-preview:large","max-video-preview":"max-video-preview:-1"},"canonical":"https:\/\/www.gkcpro.com\/de\/product\/20ft-shipping-container-used\/","og_locale":"de_DE","og_type":"article","og_title":"20ft shipping container used - china container manufacturer","og_description":"Used 20ft containers for sale: durable, high quality,perfect for B2B storage & shipping. Bulk discounts and nationwide delivery.","og_url":"https:\/\/www.gkcpro.com\/de\/product\/20ft-shipping-container-used\/","og_site_name":"Container House Co., Ltd.","article_modified_time":"2026-04-17T05:42:24+00:00","og_image":[{"width":800,"height":800,"url":"https:\/\/www.gkcpro.com\/wp-content\/uploads\/2026\/01\/used-container-1.jpg","type":"image\/jpeg"}],"twitter_card":"summary_large_image","twitter_misc":{"Gesch\u00e4tzte Lesezeit":"4\u00a0Minuten"},"schema":{"@context":"https:\/\/schema.org","@graph":[{"@type":"WebPage","@id":"https:\/\/www.gkcpro.com\/product\/20ft-shipping-container-used\/","url":"https:\/\/www.gkcpro.com\/product\/20ft-shipping-container-used\/","name":"20ft shipping container used - china container manufacturer","isPartOf":{"@id":"https:\/\/www.gkcpro.com\/#website"},"primaryImageOfPage":{"@id":"https:\/\/www.gkcpro.com\/product\/20ft-shipping-container-used\/#primaryimage"},"image":{"@id":"https:\/\/www.gkcpro.com\/product\/20ft-shipping-container-used\/#primaryimage"},"thumbnailUrl":"https:\/\/www.gkcpro.com\/wp-content\/uploads\/2026\/01\/used-container-1.jpg","datePublished":"2026-01-30T03:49:17+00:00","dateModified":"2026-04-17T05:42:24+00:00","description":"Gebrauchte 20-Fu\u00df-Container zum Verkauf: langlebig, hochwertig, perfekt f\u00fcr B2B-Lagerung und Versand. Mengenrabatte und landesweite Lieferung.","breadcrumb":{"@id":"https:\/\/www.gkcpro.com\/product\/20ft-shipping-container-used\/#breadcrumb"},"inLanguage":"de","potentialAction":[{"@type":"ReadAction","target":["https:\/\/www.gkcpro.com\/product\/20ft-shipping-container-used\/"]}]},{"@type":"ImageObject","inLanguage":"de","@id":"https:\/\/www.gkcpro.com\/product\/20ft-shipping-container-used\/#primaryimage","url":"https:\/\/www.gkcpro.com\/wp-content\/uploads\/2026\/01\/used-container-1.jpg","contentUrl":"https:\/\/www.gkcpro.com\/wp-content\/uploads\/2026\/01\/used-container-1.jpg","width":800,"height":800,"caption":"High-grade 20ft Used Shipping Container provided by established factory China maker perfect for secure storage and logistics"},{"@type":"BreadcrumbList","@id":"https:\/\/www.gkcpro.com\/product\/20ft-shipping-container-used\/#breadcrumb","itemListElement":[{"@type":"ListItem","position":1,"name":"\u9996\u9875","item":"https:\/\/www.gkcpro.com\/"},{"@type":"ListItem","position":2,"name":"Products","item":"https:\/\/www.gkcpro.com\/shop\/"},{"@type":"ListItem","position":3,"name":"20ft shipping container used"}]},{"@type":"WebSite","@id":"https:\/\/www.gkcpro.com\/#website","url":"https:\/\/www.gkcpro.com\/","name":"Container House Co. Ltd.","description":"Containerhaus-Fabrik","potentialAction":[{"@type":"SearchAction","target":{"@type":"EntryPoint","urlTemplate":"https:\/\/www.gkcpro.com\/?s={search_term_string}"},"query-input":{"@type":"PropertyValueSpecification","valueRequired":true,"valueName":"search_term_string"}}],"inLanguage":"de"}]}},"_links":{"self":[{"href":"https:\/\/www.gkcpro.com\/de\/wp-json\/wp\/v2\/product\/919","targetHints":{"allow":["GET"]}}],"collection":[{"href":"https:\/\/www.gkcpro.com\/de\/wp-json\/wp\/v2\/product"}],"about":[{"href":"https:\/\/www.gkcpro.com\/de\/wp-json\/wp\/v2\/types\/product"}],"wp:featuredmedia":[{"embeddable":true,"href":"https:\/\/www.gkcpro.com\/de\/wp-json\/wp\/v2\/media\/928"}],"wp:attachment":[{"href":"https:\/\/www.gkcpro.com\/de\/wp-json\/wp\/v2\/media?parent=919"}],"wp:term":[{"taxonomy":"product_brand","embeddable":true,"href":"https:\/\/www.gkcpro.com\/de\/wp-json\/wp\/v2\/product_brand?post=919"},{"taxonomy":"product_cat","embeddable":true,"href":"https:\/\/www.gkcpro.com\/de\/wp-json\/wp\/v2\/product_cat?post=919"},{"taxonomy":"product_tag","embeddable":true,"href":"https:\/\/www.gkcpro.com\/de\/wp-json\/wp\/v2\/product_tag?post=919"}],"curies":[{"name":"wp","href":"https:\/\/api.w.org\/{rel}","templated":true}]}}