{"id":907,"date":"2026-01-29T17:28:12","date_gmt":"2026-01-29T09:28:12","guid":{"rendered":"https:\/\/www.gkcpro.com\/?post_type=product&#038;p=907"},"modified":"2026-04-17T13:44:03","modified_gmt":"2026-04-17T05:44:03","slug":"side-opening-shipping-container","status":"publish","type":"product","link":"https:\/\/www.gkcpro.com\/de\/product\/side-opening-shipping-container\/","title":{"rendered":"Versandcontainer mit seitlicher \u00d6ffnung"},"content":{"rendered":"<p data-start=\"0\" data-end=\"72\">Seitlich zu \u00f6ffnender Schiffscontainer - hergestellt von einem echten Hersteller in China<\/p>\n<p data-start=\"74\" data-end=\"366\">A <strong data-start=\"76\" data-end=\"111\">Versandcontainer mit seitlicher \u00d6ffnung<\/strong> ist eine gro\u00dfe Stahlbox, die sich an der L\u00e4ngsseite und nicht nur an der Stirnseite \u00f6ffnen l\u00e4sst. Das macht das Be- und Entladen sehr einfach. Als direkter Hersteller in China entwerfen und bauen wir diese Container in unserem eigenen Werk und verwenden dabei starken Stahl und klare Produktionsstandards.<\/p>\n<hr data-start=\"368\" data-end=\"371\" \/>\n<h2 data-start=\"373\" data-end=\"418\">Was ist ein seitlich zu \u00f6ffnender Schiffscontainer?<\/h2>\n<p data-start=\"420\" data-end=\"589\">Stellen Sie sich einen normalen Container wie eine lange Kiste mit einer T\u00fcr am Ende vor.<br data-start=\"489\" data-end=\"492\" \/>Stellen Sie sich nun vor, dass sich die ganze Seite wie ein Buch \u00f6ffnen l\u00e4sst.<br data-start=\"540\" data-end=\"543\" \/>Das ist ein <strong data-start=\"553\" data-end=\"588\">Versandcontainer mit seitlicher \u00d6ffnung<\/strong>.<\/p>\n<p data-start=\"591\" data-end=\"715\">Da sich die Seite weit \u00f6ffnen l\u00e4sst, kann man alles auf einmal sehen. Man muss nicht w\u00fchlen oder Dinge von vorne herausziehen.<\/p>\n<hr data-start=\"717\" data-end=\"720\" \/>\n<h2 data-start=\"558\" data-end=\"617\">\u00dcbersicht \u00fcber Gr\u00f6\u00dfe und Kapazit\u00e4t der seitlich zu \u00f6ffnenden Versandcontainer<\/h2>\n<p data-start=\"619\" data-end=\"762\">Alle Container werden auf der Grundlage von <strong data-start=\"660\" data-end=\"687\">ISO-Container-Normen<\/strong>, die eine weltweite Kompatibilit\u00e4t f\u00fcr Versand, Lagerung und Gro\u00dfeinkauf gew\u00e4hrleisten.<\/p>\n<p data-start=\"764\" data-end=\"816\">A <strong data-start=\"766\" data-end=\"806\">40ft seitlich zu \u00f6ffnender Schiffscontainer<\/strong> halten kann:<\/p>\n<ul data-start=\"817\" data-end=\"910\">\n<li data-start=\"817\" data-end=\"856\">\n<p data-start=\"819\" data-end=\"856\">Rund um <strong data-start=\"826\" data-end=\"850\">600 Standardkartons<\/strong>, oder<\/p>\n<\/li>\n<li data-start=\"857\" data-end=\"910\">\n<p data-start=\"859\" data-end=\"910\">Der Hausrat von <strong data-start=\"882\" data-end=\"910\">8 Ein-Zimmer-Wohnungen<\/strong><\/p>\n<\/li>\n<\/ul>\n<p data-start=\"912\" data-end=\"965\">A <strong data-start=\"914\" data-end=\"955\">40ft High Cube Container mit Seiten\u00f6ffnung<\/strong> laden kann:<\/p>\n<ul data-start=\"966\" data-end=\"1047\">\n<li data-start=\"966\" data-end=\"1009\">\n<p data-start=\"968\" data-end=\"1009\"><strong data-start=\"968\" data-end=\"987\">30 Europaletten<\/strong> (1,2 m \u00d7 0,8 m), oder<\/p>\n<\/li>\n<li data-start=\"1010\" data-end=\"1047\">\n<p data-start=\"1012\" data-end=\"1047\"><strong data-start=\"1012\" data-end=\"1029\">25 US-Paletten<\/strong> (1,01 m \u00d7 1,21 m)<\/p>\n<\/li>\n<\/ul>\n<p data-start=\"1049\" data-end=\"1195\">Damit sind die seitlich zu \u00f6ffnenden Container ideal f\u00fcr Lagerbetreiber, Logistikunternehmen und Bauunternehmer, die eine schnelle, seitlich zug\u00e4ngliche Beladung ben\u00f6tigen.<\/p>\n<p data-start=\"1049\" data-end=\"1195\">\n<table id=\"tablepress-19\" class=\"tablepress tablepress-id-19\">\n<thead>\n<tr class=\"row-1\">\n\t<th class=\"column-1\"><strong>Spezifikation<\/strong><\/th><th class=\"column-2\"><strong>20ft Side Opening Container<\/strong><\/th><th class=\"column-3\"><strong>40ft Side Opening Container<\/strong><\/th><th class=\"column-4\"><strong>40ft High Cube Seiten\u00f6ffnung<\/strong><\/th>\n<\/tr>\n<\/thead>\n<tbody class=\"row-striping row-hover\">\n<tr class=\"row-2\">\n\t<td class=\"column-1\">Interne L\u00e4nge<\/td><td class=\"column-2\">5.89 m<\/td><td class=\"column-3\">12.03 m<\/td><td class=\"column-4\">12.03 m<\/td>\n<\/tr>\n<tr class=\"row-3\">\n\t<td class=\"column-1\">Innere Breite<\/td><td class=\"column-2\">2.34 m<\/td><td class=\"column-3\">2.34 m<\/td><td class=\"column-4\">2.34 m<\/td>\n<\/tr>\n<tr class=\"row-4\">\n\t<td class=\"column-1\">Innere H\u00f6he<\/td><td class=\"column-2\">2.38 m<\/td><td class=\"column-3\">2.38 m<\/td><td class=\"column-4\">2.69 m<\/td>\n<\/tr>\n<tr class=\"row-5\">\n\t<td class=\"column-1\">Tara Gewicht<\/td><td class=\"column-2\">2.700 kg<\/td><td class=\"column-3\">4.700 kg<\/td><td class=\"column-4\">5.200 kg<\/td>\n<\/tr>\n<tr class=\"row-6\">\n\t<td class=\"column-1\">Nutzlast<\/td><td class=\"column-2\">27.780 kg<\/td><td class=\"column-3\">27.300 kg<\/td><td class=\"column-4\">28.600 kg<\/td>\n<\/tr>\n<tr class=\"row-7\">\n\t<td class=\"column-1\">Kapazit\u00e4t<\/td><td class=\"column-2\">33.0 m<\/td><td class=\"column-3\">65.3 m<\/td><td class=\"column-4\">76.3 m<\/td>\n<\/tr>\n<\/tbody>\n<\/table>\n<!-- #tablepress-19 from cache --><\/p>\n<h2 data-start=\"722\" data-end=\"766\">Warum viele Unternehmen diesen Container w\u00e4hlen<\/h2>\n<p data-start=\"768\" data-end=\"798\">Hier erfahren Sie, warum B2B-Eink\u00e4ufer sie lieben:<\/p>\n<ul data-start=\"800\" data-end=\"1042\">\n<li data-start=\"800\" data-end=\"866\">\n<p data-start=\"802\" data-end=\"866\"><strong data-start=\"802\" data-end=\"818\">Einfaches Laden<\/strong>: Gabelstapler k\u00f6nnen in einem Arbeitsgang von der Seite beladen werden<\/p>\n<\/li>\n<li data-start=\"867\" data-end=\"931\">\n<p data-start=\"869\" data-end=\"931\"><strong data-start=\"869\" data-end=\"884\">Schneller Zugang<\/strong>: \u00d6ffnen Sie die T\u00fcr, nehmen Sie, was Sie brauchen, schlie\u00dfen Sie sie<\/p>\n<\/li>\n<li data-start=\"932\" data-end=\"986\">\n<p data-start=\"934\" data-end=\"986\"><strong data-start=\"934\" data-end=\"954\">Bessere Raumnutzung<\/strong>: 100% der L\u00e4nge ist nutzbar<\/p>\n<\/li>\n<li data-start=\"987\" data-end=\"1042\">\n<p data-start=\"989\" data-end=\"1042\"><strong data-start=\"989\" data-end=\"1004\">Weniger Schaden<\/strong>: Die Waren werden nicht zerkratzt oder zerdr\u00fcckt<\/p>\n<\/li>\n<\/ul>\n<p data-start=\"1044\" data-end=\"1129\">In Lagerh\u00e4usern, auf Baustellen und bei der Lagerung von Ger\u00e4ten spart dies Zeit und Geld.<\/p>\n<hr data-start=\"1131\" data-end=\"1134\" \/>\n<h2 data-start=\"1136\" data-end=\"1187\">Gebaut in unserer eigenen Fabrik<\/h2>\n<p data-start=\"1189\" data-end=\"1243\">Wir sind ein echter Containerhersteller und kein Zwischenh\u00e4ndler.<\/p>\n<p data-start=\"1245\" data-end=\"1260\">In unserer Fabrik:<\/p>\n<ul data-start=\"1261\" data-end=\"1459\">\n<li data-start=\"1261\" data-end=\"1313\">\n<p data-start=\"1263\" data-end=\"1313\">Stahlplatten sind <strong data-start=\"1280\" data-end=\"1298\">maschinell geschnitten<\/strong> f\u00fcr Genauigkeit<\/p>\n<\/li>\n<li data-start=\"1314\" data-end=\"1357\">\n<p data-start=\"1316\" data-end=\"1357\">Rahmen sind <strong data-start=\"1327\" data-end=\"1343\">vollverschwei\u00dft<\/strong>, nicht verschraubt<\/p>\n<\/li>\n<li data-start=\"1358\" data-end=\"1415\">\n<p data-start=\"1360\" data-end=\"1415\">T\u00fcren werden getestet <strong data-start=\"1377\" data-end=\"1413\">\u00fcber 5.000 \u00d6ffnungs- und Schlie\u00dfzyklen<\/strong><\/p>\n<\/li>\n<li data-start=\"1416\" data-end=\"1459\">\n<p data-start=\"1418\" data-end=\"1459\">Jeder Container wird vor dem Versand kontrolliert<\/p>\n<\/li>\n<\/ul>\n<p data-start=\"1461\" data-end=\"1476\">Standardgr\u00f6\u00dfen:<\/p>\n<ul data-start=\"1477\" data-end=\"1546\">\n<li data-start=\"1477\" data-end=\"1511\">\n<p data-start=\"1479\" data-end=\"1511\">20ft: etwa <strong data-start=\"1491\" data-end=\"1500\">33 m\u00b3<\/strong> des Raumes<\/p>\n<\/li>\n<li data-start=\"1512\" data-end=\"1546\">\n<p data-start=\"1514\" data-end=\"1546\">40ft: etwa <strong data-start=\"1526\" data-end=\"1535\">67 m\u00b3<\/strong> des Raumes<\/p>\n<\/li>\n<\/ul>\n<p data-start=\"1548\" data-end=\"1597\">Dicke des Stahls: <strong data-start=\"1565\" data-end=\"1579\">1,6-2,0 mm<\/strong>, je nach Verwendung<\/p>\n<hr data-start=\"1599\" data-end=\"1602\" \/>\n<h2 data-start=\"1604\" data-end=\"1638\">Custom container Options for Your Project<\/h2>\n<p data-start=\"1640\" data-end=\"1698\">Jedes Projekt ist anders. Wir unterst\u00fctzen die vollst\u00e4ndige Anpassung:<\/p>\n<ul data-start=\"1700\" data-end=\"1874\">\n<li data-start=\"1700\" data-end=\"1742\">\n<p data-start=\"1702\" data-end=\"1742\">T\u00fcr\u00f6ffnung auf einer Seite oder auf beiden Seiten<\/p>\n<\/li>\n<li data-start=\"1743\" data-end=\"1778\">\n<p data-start=\"1745\" data-end=\"1778\">Individuelle Farben und Firmenlogos<\/p>\n<\/li>\n<li data-start=\"1779\" data-end=\"1811\">\n<p data-start=\"1781\" data-end=\"1811\">Zus\u00e4tzliche Sperrstangen f\u00fcr die Sicherheit<\/p>\n<\/li>\n<li data-start=\"1812\" data-end=\"1840\">\n<p data-start=\"1814\" data-end=\"1840\">Bodenbelag aus Holz oder Stahl<\/p>\n<\/li>\n<li data-start=\"1841\" data-end=\"1874\">\n<p data-start=\"1843\" data-end=\"1874\">Bel\u00fcftungsl\u00f6cher oder Isolierung<\/p>\n<\/li>\n<\/ul>\n<p data-start=\"1876\" data-end=\"1985\">Das macht den Container perfekt f\u00fcr <strong data-start=\"1913\" data-end=\"1933\">Aufk\u00e4ufer<\/strong>, <strong data-start=\"1935\" data-end=\"1958\">Projekttr\u00e4ger<\/strong>, und <strong data-start=\"1964\" data-end=\"1984\">Vermietungsunternehmen<\/strong>.<\/p>\n<hr data-start=\"1987\" data-end=\"1990\" \/>\n<h2 data-start=\"1992\" data-end=\"2026\">Wo diese Container verwendet werden<\/h2>\n<p data-start=\"2028\" data-end=\"2053\">Unsere Kunden nutzen sie f\u00fcr:<\/p>\n<ul data-start=\"2054\" data-end=\"2215\">\n<li data-start=\"2054\" data-end=\"2083\">\n<p data-start=\"2056\" data-end=\"2083\">Lagerung auf der Baustelle<\/p>\n<\/li>\n<li data-start=\"2084\" data-end=\"2117\">\n<p data-start=\"2086\" data-end=\"2117\">Werkzeug- und Ger\u00e4telager<\/p>\n<\/li>\n<li data-start=\"2118\" data-end=\"2143\">\n<p data-start=\"2120\" data-end=\"2143\">Pop-up-Lager f\u00fcr den Einzelhandel<\/p>\n<\/li>\n<li data-start=\"2144\" data-end=\"2176\">\n<p data-start=\"2146\" data-end=\"2176\">Industrieller Materialtransport<\/p>\n<\/li>\n<li data-start=\"2177\" data-end=\"2215\">\n<p data-start=\"2179\" data-end=\"2215\">Export- und Massengutlogistikprojekte<\/p>\n<\/li>\n<\/ul>\n<p data-start=\"2217\" data-end=\"2269\">Sie sind stark, einfach und f\u00fcr den t\u00e4glichen Gebrauch gemacht.<\/p>\n<h2 data-start=\"2300\" data-end=\"2335\">H\u00e4ufig gestellte Fragen (FAQ)<\/h2>\n<h3 data-start=\"2337\" data-end=\"2395\">1. Ist ein Container mit Seiten\u00f6ffnung ISO-zertifiziert?<\/h3>\n<p data-start=\"2396\" data-end=\"2550\">Ja. Alle unsere seitlich zu \u00f6ffnenden Container werden nach ISO-Normen hergestellt und sind daher f\u00fcr den internationalen Transport und die kommerzielle Lagerung geeignet.<\/p>\n<h3 data-start=\"2552\" data-end=\"2598\">2. Kann ich die seitlich \u00f6ffnenden T\u00fcren individuell gestalten?<\/h3>\n<p data-start=\"2599\" data-end=\"2724\">Ja. Wir unterst\u00fctzen die vollst\u00e4ndige Anpassung, einschlie\u00dflich einseitiger T\u00fcren, doppelseitiger T\u00fcren, verst\u00e4rkter Schl\u00f6sser und Diebstahlsicherungssysteme.<\/p>\n<h3 data-start=\"2726\" data-end=\"2785\">3. Sind diese Container f\u00fcr die Lagerhaltung geeignet?<\/h3>\n<p data-start=\"2786\" data-end=\"2930\">Unbedingt. Container mit seitlicher \u00d6ffnung werden h\u00e4ufig als Lagereinheiten verwendet, da sie einen schnellen Zugriff auf die Waren \u00fcber die gesamte L\u00e4nge erm\u00f6glichen.<\/p>\n<h3 data-start=\"2932\" data-end=\"2988\">4. Unterst\u00fctzen Sie Gro\u00dfbestellungen und Gro\u00dfhandelspreise?<\/h3>\n<p data-start=\"2989\" data-end=\"3128\">Ja. Als Hersteller bieten wir <strong data-start=\"3022\" data-end=\"3048\">Fabrikdirektpreise<\/strong>, stabile Lieferzeiten und ma\u00dfgeschneiderte L\u00f6sungen f\u00fcr Gro\u00df- und Projektauftr\u00e4ge.<\/p>\n<hr data-start=\"2271\" data-end=\"2274\" \/>\n<h2 data-start=\"2276\" data-end=\"2290\">Letzte Worte<\/h2>\n<p data-start=\"2292\" data-end=\"2541\">A <strong data-start=\"2294\" data-end=\"2329\">Versandcontainer mit seitlicher \u00d6ffnung<\/strong> ist einfach, stark und intelligent.<br data-start=\"2359\" data-end=\"2362\" \/>Als Hersteller kontrollieren wir Qualit\u00e4t, Kosten und Lieferung.<br data-start=\"2420\" data-end=\"2423\" \/>Wenn Sie f\u00fcr Ihr n\u00e4chstes Projekt zuverl\u00e4ssige Container ben\u00f6tigen, ist ein <strong data-start=\"2480\" data-end=\"2515\">Versandcontainer mit seitlicher \u00d6ffnung<\/strong> ist eine L\u00f6sung, die funktioniert.<\/p>","protected":false},"excerpt":{"rendered":"<p><img loading=\"lazy\" decoding=\"async\" class=\"alignnone size-full wp-image-1139\" src=\"https:\/\/www.gkcpro.com\/wp-content\/uploads\/2026\/02\/evaluate.jpg\" alt=\"Meine Container werden in viele L\u00e4nder exportiert; dies ist ein Beispiel f\u00fcr die Erfahrungen unserer Kunden.\" width=\"1000\" height=\"474\" srcset=\"https:\/\/www.gkcpro.com\/wp-content\/uploads\/2026\/02\/evaluate.jpg 1000w, https:\/\/www.gkcpro.com\/wp-content\/uploads\/2026\/02\/evaluate-300x142.jpg 300w, https:\/\/www.gkcpro.com\/wp-content\/uploads\/2026\/02\/evaluate-768x364.jpg 768w, https:\/\/www.gkcpro.com\/wp-content\/uploads\/2026\/02\/evaluate-18x9.jpg 18w, https:\/\/www.gkcpro.com\/wp-content\/uploads\/2026\/02\/evaluate-624x296.jpg 624w, https:\/\/www.gkcpro.com\/wp-content\/uploads\/2026\/02\/evaluate-800x379.jpg 800w\" sizes=\"auto, (max-width: 1000px) 100vw, 1000px\" \/><img loading=\"lazy\" decoding=\"async\" class=\"alignnone size-full wp-image-1137\" src=\"https:\/\/www.gkcpro.com\/wp-content\/uploads\/2026\/02\/container-house-certificates.jpg\" alt=\"\" width=\"1470\" height=\"2000\" srcset=\"https:\/\/www.gkcpro.com\/wp-content\/uploads\/2026\/02\/container-house-certificates.jpg 1470w, https:\/\/www.gkcpro.com\/wp-content\/uploads\/2026\/02\/container-house-certificates-221x300.jpg 221w, https:\/\/www.gkcpro.com\/wp-content\/uploads\/2026\/02\/container-house-certificates-753x1024.jpg 753w, https:\/\/www.gkcpro.com\/wp-content\/uploads\/2026\/02\/container-house-certificates-768x1045.jpg 768w, https:\/\/www.gkcpro.com\/wp-content\/uploads\/2026\/02\/container-house-certificates-1129x1536.jpg 1129w, https:\/\/www.gkcpro.com\/wp-content\/uploads\/2026\/02\/container-house-certificates-9x12.jpg 9w, https:\/\/www.gkcpro.com\/wp-content\/uploads\/2026\/02\/container-house-certificates-624x849.jpg 624w, https:\/\/www.gkcpro.com\/wp-content\/uploads\/2026\/02\/container-house-certificates-800x1088.jpg 800w\" sizes=\"auto, (max-width: 1470px) 100vw, 1470px\" \/><\/p>","protected":false},"featured_media":916,"template":"","meta":[],"product_brand":[],"product_cat":[49],"product_tag":[],"class_list":{"0":"post-907","1":"product","2":"type-product","3":"status-publish","4":"has-post-thumbnail","6":"product_cat-reefer-container-and-dry-container","8":"first","9":"instock","10":"shipping-taxable","11":"product-type-simple"},"yoast_head":"<!-- This site is optimized with the Yoast SEO plugin v26.6 - https:\/\/yoast.com\/wordpress\/plugins\/seo\/ -->\n<title>side opening shipping container - china container house manufacturer<\/title>\n<meta name=\"description\" content=\"Our side-opening shipping container have more certifications. You can communicate with our sales team and we will provide you with a free quote.\" \/>\n<meta name=\"robots\" content=\"index, follow, max-snippet:-1, max-image-preview:large, max-video-preview:-1\" \/>\n<link rel=\"canonical\" href=\"https:\/\/www.gkcpro.com\/de\/product\/side-opening-shipping-container\/\" \/>\n<meta property=\"og:locale\" content=\"de_DE\" \/>\n<meta property=\"og:type\" content=\"article\" \/>\n<meta property=\"og:title\" content=\"side opening shipping container - china container house manufacturer\" \/>\n<meta property=\"og:description\" content=\"Our side-opening shipping container have more certifications. You can communicate with our sales team and we will provide you with a free quote.\" \/>\n<meta property=\"og:url\" content=\"https:\/\/www.gkcpro.com\/de\/product\/side-opening-shipping-container\/\" \/>\n<meta property=\"og:site_name\" content=\"Container House Co., Ltd.\" \/>\n<meta property=\"article:modified_time\" content=\"2026-04-17T05:44:03+00:00\" \/>\n<meta property=\"og:image\" content=\"https:\/\/www.gkcpro.com\/wp-content\/uploads\/2026\/01\/open-container-1.jpg\" \/>\n\t<meta property=\"og:image:width\" content=\"1024\" \/>\n\t<meta property=\"og:image:height\" content=\"952\" \/>\n\t<meta property=\"og:image:type\" content=\"image\/jpeg\" \/>\n<meta name=\"twitter:card\" content=\"summary_large_image\" \/>\n<meta name=\"twitter:label1\" content=\"Gesch\u00e4tzte Lesezeit\" \/>\n\t<meta name=\"twitter:data1\" content=\"3\u00a0Minuten\" \/>\n<script type=\"application\/ld+json\" class=\"yoast-schema-graph\">{\"@context\":\"https:\/\/schema.org\",\"@graph\":[{\"@type\":\"WebPage\",\"@id\":\"https:\/\/www.gkcpro.com\/product\/side-opening-shipping-container\/\",\"url\":\"https:\/\/www.gkcpro.com\/product\/side-opening-shipping-container\/\",\"name\":\"side opening shipping container - china container house manufacturer\",\"isPartOf\":{\"@id\":\"https:\/\/www.gkcpro.com\/#website\"},\"primaryImageOfPage\":{\"@id\":\"https:\/\/www.gkcpro.com\/product\/side-opening-shipping-container\/#primaryimage\"},\"image\":{\"@id\":\"https:\/\/www.gkcpro.com\/product\/side-opening-shipping-container\/#primaryimage\"},\"thumbnailUrl\":\"https:\/\/www.gkcpro.com\/wp-content\/uploads\/2026\/01\/open-container-1.jpg\",\"datePublished\":\"2026-01-29T09:28:12+00:00\",\"dateModified\":\"2026-04-17T05:44:03+00:00\",\"description\":\"Our side-opening shipping container have more certifications. You can communicate with our sales team and we will provide you with a free quote.\",\"breadcrumb\":{\"@id\":\"https:\/\/www.gkcpro.com\/product\/side-opening-shipping-container\/#breadcrumb\"},\"inLanguage\":\"de\",\"potentialAction\":[{\"@type\":\"ReadAction\",\"target\":[\"https:\/\/www.gkcpro.com\/product\/side-opening-shipping-container\/\"]}]},{\"@type\":\"ImageObject\",\"inLanguage\":\"de\",\"@id\":\"https:\/\/www.gkcpro.com\/product\/side-opening-shipping-container\/#primaryimage\",\"url\":\"https:\/\/www.gkcpro.com\/wp-content\/uploads\/2026\/01\/open-container-1.jpg\",\"contentUrl\":\"https:\/\/www.gkcpro.com\/wp-content\/uploads\/2026\/01\/open-container-1.jpg\",\"width\":1024,\"height\":952,\"caption\":\"Discover this impressive side opening shipping container home engineered by our China factory renowned as a leading supplier and exporter delivering reliable modular structures to wholesaler and distributor networks worldwide.\"},{\"@type\":\"BreadcrumbList\",\"@id\":\"https:\/\/www.gkcpro.com\/product\/side-opening-shipping-container\/#breadcrumb\",\"itemListElement\":[{\"@type\":\"ListItem\",\"position\":1,\"name\":\"\u9996\u9875\",\"item\":\"https:\/\/www.gkcpro.com\/\"},{\"@type\":\"ListItem\",\"position\":2,\"name\":\"Products\",\"item\":\"https:\/\/www.gkcpro.com\/shop\/\"},{\"@type\":\"ListItem\",\"position\":3,\"name\":\"side opening shipping container\"}]},{\"@type\":\"WebSite\",\"@id\":\"https:\/\/www.gkcpro.com\/#website\",\"url\":\"https:\/\/www.gkcpro.com\/\",\"name\":\"Container House Co., Ltd.\",\"description\":\"Container House factory\",\"potentialAction\":[{\"@type\":\"SearchAction\",\"target\":{\"@type\":\"EntryPoint\",\"urlTemplate\":\"https:\/\/www.gkcpro.com\/?s={search_term_string}\"},\"query-input\":{\"@type\":\"PropertyValueSpecification\",\"valueRequired\":true,\"valueName\":\"search_term_string\"}}],\"inLanguage\":\"de\"}]}<\/script>\n<!-- \/ Yoast SEO plugin. -->","yoast_head_json":{"title":"Schiffscontainer mit seitlicher \u00d6ffnung - Hersteller von Containerh\u00e4usern aus China","description":"Unsere seitlich zu \u00f6ffnenden Versandcontainer haben mehr Zertifizierungen. Sie k\u00f6nnen mit unserem Verkaufsteam kommunizieren und wir werden Ihnen ein kostenloses Angebot machen.","robots":{"index":"index","follow":"follow","max-snippet":"max-snippet:-1","max-image-preview":"max-image-preview:large","max-video-preview":"max-video-preview:-1"},"canonical":"https:\/\/www.gkcpro.com\/de\/product\/side-opening-shipping-container\/","og_locale":"de_DE","og_type":"article","og_title":"side opening shipping container - china container house manufacturer","og_description":"Our side-opening shipping container have more certifications. You can communicate with our sales team and we will provide you with a free quote.","og_url":"https:\/\/www.gkcpro.com\/de\/product\/side-opening-shipping-container\/","og_site_name":"Container House Co., Ltd.","article_modified_time":"2026-04-17T05:44:03+00:00","og_image":[{"width":1024,"height":952,"url":"https:\/\/www.gkcpro.com\/wp-content\/uploads\/2026\/01\/open-container-1.jpg","type":"image\/jpeg"}],"twitter_card":"summary_large_image","twitter_misc":{"Gesch\u00e4tzte Lesezeit":"3\u00a0Minuten"},"schema":{"@context":"https:\/\/schema.org","@graph":[{"@type":"WebPage","@id":"https:\/\/www.gkcpro.com\/product\/side-opening-shipping-container\/","url":"https:\/\/www.gkcpro.com\/product\/side-opening-shipping-container\/","name":"Schiffscontainer mit seitlicher \u00d6ffnung - Hersteller von Containerh\u00e4usern aus China","isPartOf":{"@id":"https:\/\/www.gkcpro.com\/#website"},"primaryImageOfPage":{"@id":"https:\/\/www.gkcpro.com\/product\/side-opening-shipping-container\/#primaryimage"},"image":{"@id":"https:\/\/www.gkcpro.com\/product\/side-opening-shipping-container\/#primaryimage"},"thumbnailUrl":"https:\/\/www.gkcpro.com\/wp-content\/uploads\/2026\/01\/open-container-1.jpg","datePublished":"2026-01-29T09:28:12+00:00","dateModified":"2026-04-17T05:44:03+00:00","description":"Unsere seitlich zu \u00f6ffnenden Versandcontainer haben mehr Zertifizierungen. Sie k\u00f6nnen mit unserem Verkaufsteam kommunizieren und wir werden Ihnen ein kostenloses Angebot machen.","breadcrumb":{"@id":"https:\/\/www.gkcpro.com\/product\/side-opening-shipping-container\/#breadcrumb"},"inLanguage":"de","potentialAction":[{"@type":"ReadAction","target":["https:\/\/www.gkcpro.com\/product\/side-opening-shipping-container\/"]}]},{"@type":"ImageObject","inLanguage":"de","@id":"https:\/\/www.gkcpro.com\/product\/side-opening-shipping-container\/#primaryimage","url":"https:\/\/www.gkcpro.com\/wp-content\/uploads\/2026\/01\/open-container-1.jpg","contentUrl":"https:\/\/www.gkcpro.com\/wp-content\/uploads\/2026\/01\/open-container-1.jpg","width":1024,"height":952,"caption":"Discover this impressive side opening shipping container home engineered by our China factory renowned as a leading supplier and exporter delivering reliable modular structures to wholesaler and distributor networks worldwide."},{"@type":"BreadcrumbList","@id":"https:\/\/www.gkcpro.com\/product\/side-opening-shipping-container\/#breadcrumb","itemListElement":[{"@type":"ListItem","position":1,"name":"\u9996\u9875","item":"https:\/\/www.gkcpro.com\/"},{"@type":"ListItem","position":2,"name":"Products","item":"https:\/\/www.gkcpro.com\/shop\/"},{"@type":"ListItem","position":3,"name":"side opening shipping container"}]},{"@type":"WebSite","@id":"https:\/\/www.gkcpro.com\/#website","url":"https:\/\/www.gkcpro.com\/","name":"Container House Co. Ltd.","description":"Containerhaus-Fabrik","potentialAction":[{"@type":"SearchAction","target":{"@type":"EntryPoint","urlTemplate":"https:\/\/www.gkcpro.com\/?s={search_term_string}"},"query-input":{"@type":"PropertyValueSpecification","valueRequired":true,"valueName":"search_term_string"}}],"inLanguage":"de"}]}},"_links":{"self":[{"href":"https:\/\/www.gkcpro.com\/de\/wp-json\/wp\/v2\/product\/907","targetHints":{"allow":["GET"]}}],"collection":[{"href":"https:\/\/www.gkcpro.com\/de\/wp-json\/wp\/v2\/product"}],"about":[{"href":"https:\/\/www.gkcpro.com\/de\/wp-json\/wp\/v2\/types\/product"}],"wp:featuredmedia":[{"embeddable":true,"href":"https:\/\/www.gkcpro.com\/de\/wp-json\/wp\/v2\/media\/916"}],"wp:attachment":[{"href":"https:\/\/www.gkcpro.com\/de\/wp-json\/wp\/v2\/media?parent=907"}],"wp:term":[{"taxonomy":"product_brand","embeddable":true,"href":"https:\/\/www.gkcpro.com\/de\/wp-json\/wp\/v2\/product_brand?post=907"},{"taxonomy":"product_cat","embeddable":true,"href":"https:\/\/www.gkcpro.com\/de\/wp-json\/wp\/v2\/product_cat?post=907"},{"taxonomy":"product_tag","embeddable":true,"href":"https:\/\/www.gkcpro.com\/de\/wp-json\/wp\/v2\/product_tag?post=907"}],"curies":[{"name":"wp","href":"https:\/\/api.w.org\/{rel}","templated":true}]}}