{"id":903,"date":"2026-01-29T11:57:41","date_gmt":"2026-01-29T03:57:41","guid":{"rendered":"https:\/\/www.gkcpro.com\/?post_type=product&#038;p=903"},"modified":"2026-04-17T13:46:04","modified_gmt":"2026-04-17T05:46:04","slug":"nested-shipping-container","status":"publish","type":"product","link":"https:\/\/www.gkcpro.com\/de\/product\/nested-shipping-container\/","title":{"rendered":"Verschachtelter Versandcontainer f\u00fcr die Aufbewahrung"},"content":{"rendered":"<div class=\"flex flex-col text-sm pb-25\">\n<article class=\"text-token-text-primary w-full focus:outline-none [--shadow-height:45px] has-data-writing-block:pointer-events-none has-data-writing-block:-mt-(--shadow-height) has-data-writing-block:pt-(--shadow-height) [&amp;:has([data-writing-block])&gt;*]:pointer-events-auto scroll-mt-[calc(var(--header-height)+min(200px,max(70px,20svh)))]\" dir=\"auto\" tabindex=\"-1\" data-turn-id=\"16a09ce1-1c77-489c-9072-100508141948\" data-testid=\"conversation-turn-173\" data-scroll-anchor=\"true\" data-turn=\"assistant\">\n<div class=\"text-base my-auto mx-auto pb-10 [--thread-content-margin:--spacing(4)] @w-sm\/main:[--thread-content-margin:--spacing(6)] @w-lg\/main:[--thread-content-margin:--spacing(16)] px-(--thread-content-margin)\">\n<div class=\"[--thread-content-max-width:40rem] @w-lg\/main:[--thread-content-max-width:48rem] mx-auto max-w-(--thread-content-max-width) flex-1 group\/turn-messages focus-visible:outline-hidden relative flex w-full min-w-0 flex-col agent-turn\" tabindex=\"-1\">\n<div class=\"flex max-w-full flex-col grow\">\n<div class=\"min-h-8 text-message relative flex w-full flex-col items-end gap-2 text-start break-words whitespace-normal [.text-message+&amp;]:mt-1\" dir=\"auto\" data-message-author-role=\"assistant\" data-message-id=\"df00e911-849b-4dd0-9e8d-fef365178341\" data-message-model-slug=\"gpt-5-2\">\n<div class=\"flex w-full flex-col gap-1 empty:hidden first:pt-[1px]\">\n<div class=\"markdown prose dark:prose-invert w-full wrap-break-word light markdown-new-styling\">\n<p data-start=\"0\" data-end=\"65\">Verschachtelter Versandcontainer: Eine intelligentere Art, mehr zu lagern und zu versenden<\/p>\n<p data-start=\"67\" data-end=\"399\">A <strong data-start=\"69\" data-end=\"98\">Verschachtelter Versandcontainer<\/strong> ist ein spezieller Container, der so konstruiert ist, dass er in einen anderen Container passt. Das bedeutet, dass Sie ihn im leeren Zustand zu vielen Einheiten stapeln und als eine Einheit versenden k\u00f6nnen. Einfache Idee. Gro\u00dfe Einsparungen. F\u00fcr Importeure, Logistikunternehmen und Projekteink\u00e4ufer reduziert dieses Design gleichzeitig Transportkosten und Lagerplatz.<\/p>\n<hr data-start=\"401\" data-end=\"404\" \/>\n<h2 data-start=\"406\" data-end=\"459\">Was ist ein verschachtelter Versandcontainer?<\/h2>\n<p data-start=\"461\" data-end=\"475\">Denken Sie an Becher.<\/p>\n<p data-start=\"477\" data-end=\"550\">Ein Becher kann in einen anderen Becher gestellt werden.<br data-start=\"511\" data-end=\"514\" \/>Zehn Becher k\u00f6nnen zu einem kleinen Stapel werden.<\/p>\n<p data-start=\"552\" data-end=\"589\">So funktioniert ein verschachtelter Container.<\/p>\n<p data-start=\"591\" data-end=\"736\">Wenn der Container <strong data-start=\"613\" data-end=\"622\">leer<\/strong>, ist, kann er in einen anderen geschoben werden.<br data-start=\"660\" data-end=\"663\" \/>Wenn Sie ihn <strong data-start=\"672\" data-end=\"683\">ben\u00f6tigen<\/strong>, ziehen Sie ihn heraus und nutzen ihn wie einen normalen Container.<\/p>\n<p data-start=\"738\" data-end=\"793\">Gleiche Gr\u00f6\u00dfe im Gebrauch.<br data-start=\"758\" data-end=\"761\" \/>Viel kleiner beim Leerversand.<\/p>\n<hr data-start=\"795\" data-end=\"798\" \/>\n<h2 data-start=\"800\" data-end=\"842\">Warum Unternehmen verschachtelte Container w\u00e4hlen<\/h2>\n<p data-start=\"844\" data-end=\"865\">Das ist der entscheidende Punkt:<\/p>\n<p data-start=\"867\" data-end=\"895\">Leere Container kosten Geld.<\/p>\n<p data-start=\"897\" data-end=\"912\">Viel Geld.<\/p>\n<p data-start=\"914\" data-end=\"1059\">Bei einem Standardcontainer versenden Sie <strong data-start=\"950\" data-end=\"977\">jeweils einen leeren Beh\u00e4lter<\/strong>.<br data-start=\"978\" data-end=\"981\" \/>Mit einem verschachtelten Design k\u00f6nnen Sie <strong data-start=\"1016\" data-end=\"1058\">4\u20136 leere Einheiten im Platz eines Containers versenden<\/strong>.<\/p>\n<h3 data-start=\"1061\" data-end=\"1078\">Konkrete Zahlen:<\/h3>\n<ul data-start=\"1079\" data-end=\"1220\">\n<li data-start=\"1079\" data-end=\"1128\">\n<p data-start=\"1081\" data-end=\"1128\">Einsparungen von bis zu <strong data-start=\"1092\" data-end=\"1128\">60 % beim Leercontainertransport<\/strong><\/p>\n<\/li>\n<li data-start=\"1129\" data-end=\"1165\">\n<p data-start=\"1131\" data-end=\"1165\">Reduzierung des Lagerraums um <strong data-start=\"1155\" data-end=\"1165\">50\u201370 %<\/strong><\/p>\n<\/li>\n<li data-start=\"1166\" data-end=\"1220\">\n<p data-start=\"1168\" data-end=\"1220\">Schnellere Umpositionierung f\u00fcr H\u00e4fen, Depots und Projekte<\/p>\n<\/li>\n<\/ul>\n<p data-start=\"1222\" data-end=\"1260\">F\u00fcr Gro\u00dfabnehmer sind diese Zahlen entscheidend.<\/p>\n<hr data-start=\"1262\" data-end=\"1265\" \/>\n<h2 data-start=\"1267\" data-end=\"1312\">Made by a Real container Manufacturer<\/h2>\n<p data-start=\"1314\" data-end=\"1366\">Wir sind ein <strong data-start=\"1323\" data-end=\"1349\">Containerhersteller<\/strong>, kein Wiederverk\u00e4ufer.<\/p>\n<p data-start=\"1368\" data-end=\"1379\">Das bedeutet:<\/p>\n<ul data-start=\"1380\" data-end=\"1518\">\n<li data-start=\"1380\" data-end=\"1405\">\n<p data-start=\"1382\" data-end=\"1405\">Wir konstruieren die Struktur<\/p>\n<\/li>\n<li data-start=\"1406\" data-end=\"1438\">\n<p data-start=\"1408\" data-end=\"1438\">Wir kontrollieren die St\u00e4rke des Stahls<\/p>\n<\/li>\n<li data-start=\"1439\" data-end=\"1476\">\n<p data-start=\"1441\" data-end=\"1476\">Wir testen das Verschachtelungssystem intern<\/p>\n<\/li>\n<li data-start=\"1477\" data-end=\"1518\">\n<p data-start=\"1479\" data-end=\"1518\">Wir produzieren in Serie f\u00fcr Gro\u00dfauftr\u00e4ge<\/p>\n<\/li>\n<\/ul>\n<p data-start=\"1520\" data-end=\"1654\">Jeder Container besteht aus <strong data-start=\"1548\" data-end=\"1582\">hochfester verzinkter Stahl<\/strong>, mit verst\u00e4rkten Eckpfosten, sodass die Verschachtelung die Struktur nicht schw\u00e4cht.<\/p>\n<p data-start=\"1656\" data-end=\"1696\">Das ist Fabriktechnik, nicht Theorie.<\/p>\n<hr data-start=\"1698\" data-end=\"1701\" \/>\n<h2 data-start=\"1703\" data-end=\"1753\">Wie das Verschachtelungssystem funktioniert (Einfach aber intelligent)<\/h2>\n<p data-start=\"1755\" data-end=\"1771\">So sieht es aus:<\/p>\n<ul data-start=\"1773\" data-end=\"1923\">\n<li data-start=\"1773\" data-end=\"1828\">\n<p data-start=\"1775\" data-end=\"1828\">Dach und Seitenw\u00e4nde sind f\u00fcr sicheres Gleiten ausgelegt<\/p>\n<\/li>\n<li data-start=\"1829\" data-end=\"1877\">\n<p data-start=\"1831\" data-end=\"1877\">Eckbeschl\u00e4ge richten sich beim Verschachteln perfekt aus<\/p>\n<\/li>\n<li data-start=\"1878\" data-end=\"1923\">\n<p data-start=\"1880\" data-end=\"1923\">Verriegelungspunkte verhindern Sch\u00e4den w\u00e4hrend des Transports<\/p>\n<\/li>\n<\/ul>\n<p data-start=\"1925\" data-end=\"1997\">Selbst ein angelernte Arbeiter kann eine Einheit in Minuten verschachteln oder entnehmen.<\/p>\n<p data-start=\"1999\" data-end=\"2039\">Keine komplexen Werkzeuge.<br data-start=\"2016\" data-end=\"2019\" \/>Keine Spezialmaschinen.<\/p>\n<hr data-start=\"2041\" data-end=\"2044\" \/>\n<h2 data-start=\"2046\" data-end=\"2081\">Wo verschachtelte Container eingesetzt werden<\/h2>\n<p data-start=\"2083\" data-end=\"2112\">Unsere B2B-Kunden nutzen sie f\u00fcr:<\/p>\n<ul data-start=\"2114\" data-end=\"2259\">\n<li data-start=\"2114\" data-end=\"2136\">\n<p data-start=\"2116\" data-end=\"2136\"><strong data-start=\"2116\" data-end=\"2136\">Logistikdepots<\/strong><\/p>\n<\/li>\n<li data-start=\"2137\" data-end=\"2155\">\n<p data-start=\"2139\" data-end=\"2155\"><strong data-start=\"2139\" data-end=\"2155\">Hafenlager<\/strong><\/p>\n<\/li>\n<li data-start=\"2156\" data-end=\"2183\">\n<p data-start=\"2158\" data-end=\"2183\"><strong data-start=\"2158\" data-end=\"2183\">Bauprojekte<\/strong><\/p>\n<\/li>\n<li data-start=\"2184\" data-end=\"2221\">\n<p data-start=\"2186\" data-end=\"2221\"><strong data-start=\"2186\" data-end=\"2221\">Bergbau- und Infrastrukturstandorte<\/strong><\/p>\n<\/li>\n<li data-start=\"2222\" data-end=\"2259\">\n<p data-start=\"2224\" data-end=\"2259\"><strong data-start=\"2224\" data-end=\"2259\">Mietflotten f\u00fcr Zwischenlagerung<\/strong><\/p>\n<\/li>\n<\/ul>\n<p data-start=\"2261\" data-end=\"2341\">Wenn Ihr Unternehmen h\u00e4ufig leere Container bewegt, amortisiert sich dieses Design schnell.<\/p>\n<hr data-start=\"2343\" data-end=\"2346\" \/>\n<h2 data-start=\"2348\" data-end=\"2381\">Custom container Options for Bulk Orders<\/h2>\n<p data-start=\"2383\" data-end=\"2438\">Da wir selbst produzieren, ist Individualisierung einfach:<\/p>\n<ul data-start=\"2440\" data-end=\"2545\">\n<li data-start=\"2440\" data-end=\"2454\">\n<p data-start=\"2442\" data-end=\"2454\">Individuelle Gr\u00f6\u00dfen<\/p>\n<\/li>\n<li data-start=\"2455\" data-end=\"2471\">\n<p data-start=\"2457\" data-end=\"2471\">T\u00fcrpositionen<\/p>\n<\/li>\n<li data-start=\"2472\" data-end=\"2486\">\n<p data-start=\"2474\" data-end=\"2486\">Schlie\u00dfsysteme<\/p>\n<\/li>\n<li data-start=\"2487\" data-end=\"2513\">\n<p data-start=\"2489\" data-end=\"2513\">Lackfarbe und Branding<\/p>\n<\/li>\n<\/ul>\n<p data-start=\"2547\" data-end=\"2642\">F\u00fcr Gro\u00dfprojekte bieten wir au\u00dferdem <strong data-start=\"2581\" data-end=\"2599\">OEM-Produktion<\/strong> und <strong data-start=\"2604\" data-end=\"2641\">projektbezogene technische Unterst\u00fctzung<\/strong>.<\/p>\n<hr data-start=\"2644\" data-end=\"2647\" \/>\n<h2 data-start=\"2649\" data-end=\"2666\">FAQ zu unserem Container<\/h2>\n<div class=\"flex flex-col text-sm pb-25\">\n<article class=\"text-token-text-primary w-full focus:outline-none [--shadow-height:45px] has-data-writing-block:pointer-events-none has-data-writing-block:-mt-(--shadow-height) has-data-writing-block:pt-(--shadow-height) [&amp;:has([data-writing-block])&gt;*]:pointer-events-auto scroll-mt-[calc(var(--header-height)+min(200px,max(70px,20svh)))]\" dir=\"auto\" tabindex=\"-1\" data-turn-id=\"2c274eca-1377-451e-b566-508a06e4cc6b\" data-testid=\"conversation-turn-175\" data-scroll-anchor=\"true\" data-turn=\"assistant\">\n<div class=\"text-base my-auto mx-auto pb-10 [--thread-content-margin:--spacing(4)] @w-sm\/main:[--thread-content-margin:--spacing(6)] @w-lg\/main:[--thread-content-margin:--spacing(16)] px-(--thread-content-margin)\">\n<div class=\"[--thread-content-max-width:40rem] @w-lg\/main:[--thread-content-max-width:48rem] mx-auto max-w-(--thread-content-max-width) flex-1 group\/turn-messages focus-visible:outline-hidden relative flex w-full min-w-0 flex-col agent-turn\" tabindex=\"-1\">\n<div class=\"flex max-w-full flex-col grow\">\n<div class=\"min-h-8 text-message relative flex w-full flex-col items-end gap-2 text-start break-words whitespace-normal [.text-message+&amp;]:mt-1\" dir=\"auto\" data-message-author-role=\"assistant\" data-message-id=\"95ef22e2-7e17-49cc-a02b-ab50ec14aaf2\" data-message-model-slug=\"gpt-5-2\">\n<div class=\"flex w-full flex-col gap-1 empty:hidden first:pt-[1px]\">\n<div class=\"markdown prose dark:prose-invert w-full wrap-break-word light markdown-new-styling\">\n<p data-start=\"36\" data-end=\"297\"><strong data-start=\"36\" data-end=\"107\">F: Was sind die Hauptvorteile der Verwendung eines Nest-Containers?<\/strong><br data-start=\"107\" data-end=\"110\" \/>A: Die wichtigsten Vorteile sind reduzierte Versandkosten, effiziente Lagerung und platzsparender Transport. Es passen 4\u20136 Container ineinander, wodurch bis zu 60 % der Leercontainertransportkosten eingespart werden.<\/p>\n<p data-start=\"480\" data-end=\"726\"><strong data-start=\"480\" data-end=\"521\">F: Wie funktioniert das Nesting-Verfahren?<\/strong><br data-start=\"521\" data-end=\"524\" \/>A: Unsere Container sind mit speziellen Eckbeschl\u00e4gen und Schiebeelementen konstruiert, die ein sicheres Stapeln und Ineinanderstellen ohne Besch\u00e4digung der Struktur erm\u00f6glichen. Es handelt sich um einen einfachen Prozess, der innerhalb weniger Minuten durchgef\u00fchrt werden kann.<\/p>\n<p data-start=\"728\" data-end=\"939\"><strong data-start=\"728\" data-end=\"782\">F: Welche Branchen nutzen Nest-Container?<\/strong><br data-start=\"782\" data-end=\"785\" \/>A: Branchen wie Logistik, Bauwesen, Bergbau und Vermietung von tempor\u00e4ren Lagerl\u00f6sungen setzen Nest-Container f\u00fcr effizienten Versand, Lagerung und Transport ein.<\/p>\n<\/div>\n<\/div>\n<\/div>\n<\/div>\n<h3 class=\"z-0 flex min-h-[46px] justify-start\">F: Welche anderen Containertypen bieten Sie an?<\/h3>\n<p class=\"z-0 flex min-h-[46px] justify-start\">A: Wir k\u00f6nnen Containerh\u00e4user, Lagerboxen, Trib\u00fcnencontainer, K\u00fchlcontainer, Sondercontainer und andere Containertypen bereitstellen. Bei weiteren Containerspezifikationen informieren Sie mich bitte \u2013 ich produziere diese dann individuell f\u00fcr Sie.<\/p>\n<h3>F: Verf\u00fcgen Ihre Produkte \u00fcber Zertifizierungen? Das ist mir sehr wichtig.<\/h3>\n<p>Ja, ich f\u00fcge unsere<a href=\"https:\/\/www.gkcpro.com\/wp-content\/uploads\/2026\/01\/container-house-factory-CE-certification.pdf\" target=\"_blank\" rel=\"noopener\"><strong>\u00a0CE-Zertifikat<\/strong><\/a> f\u00fcr Ihre Referenz, bitte \u00fcberpr\u00fcfen Sie es.<\/p>\n<\/div>\n<\/div>\n<\/article>\n<\/div>\n<h2 data-start=\"2649\" data-end=\"2666\">Abschlie\u00dfende \u00dcberlegungen<\/h2>\n<p data-start=\"2668\" data-end=\"2756\">A <strong data-start=\"2670\" data-end=\"2699\">Verschachtelter Versandcontainer<\/strong> Es geht nicht um ausgefallene Designs.<br data-start=\"2725\" data-end=\"2728\" \/>Es geht um Effizienz.<\/p>\n<p data-start=\"2758\" data-end=\"2804\">Weniger Platzbedarf.<br data-start=\"2769\" data-end=\"2772\" \/>Geringere Kosten.<br data-start=\"2783\" data-end=\"2786\" \/>Intelligentere Logistik.<\/p>\n<p data-start=\"2806\" data-end=\"2999\">Wenn Sie Container f\u00fcr gewerbliche Nutzung, Gro\u00dfabnahmen oder Langzeitprojekte beschaffen, ist diese L\u00f6sung f\u00fcr Sie konzipiert \u2013 und wird von einem Hersteller gefertigt, der die praktischen Herausforderungen des Containerverkehrs versteht.<\/p>\n<\/div>\n<\/div>\n<\/div>\n<\/div>\n<div class=\"z-0 flex min-h-[46px] justify-start\"><\/div>\n<div class=\"mt-3 w-full empty:hidden\">\n<div class=\"text-center\"><\/div>\n<\/div>\n<\/div>\n<\/div>\n<\/article>\n<\/div>\n<div class=\"pointer-events-none h-px w-px absolute bottom-0\" aria-hidden=\"true\" data-edge=\"true\"><\/div>","protected":false},"excerpt":{"rendered":"<p><img loading=\"lazy\" decoding=\"async\" class=\"alignnone size-full wp-image-1139\" src=\"https:\/\/www.gkcpro.com\/wp-content\/uploads\/2026\/02\/evaluate.jpg\" alt=\"Meine Container werden in viele L\u00e4nder exportiert; dies ist ein Beispiel f\u00fcr die Erfahrungen unserer Kunden.\" width=\"1000\" height=\"474\" srcset=\"https:\/\/www.gkcpro.com\/wp-content\/uploads\/2026\/02\/evaluate.jpg 1000w, https:\/\/www.gkcpro.com\/wp-content\/uploads\/2026\/02\/evaluate-300x142.jpg 300w, https:\/\/www.gkcpro.com\/wp-content\/uploads\/2026\/02\/evaluate-768x364.jpg 768w, https:\/\/www.gkcpro.com\/wp-content\/uploads\/2026\/02\/evaluate-18x9.jpg 18w, https:\/\/www.gkcpro.com\/wp-content\/uploads\/2026\/02\/evaluate-624x296.jpg 624w, https:\/\/www.gkcpro.com\/wp-content\/uploads\/2026\/02\/evaluate-800x379.jpg 800w\" sizes=\"auto, (max-width: 1000px) 100vw, 1000px\" \/><\/p>\n<p><img loading=\"lazy\" decoding=\"async\" class=\"alignnone wp-image-1137 size-full\" src=\"https:\/\/www.gkcpro.com\/wp-content\/uploads\/2026\/02\/container-house-certificates.jpg\" alt=\"Pr\u00e4sentation internationaler Zertifikate, einschlie\u00dflich ISO 9001, CE und Struktursicherheitszertifizierungen f\u00fcr unsere Export-Containerh\u00e4user und Container\" width=\"1470\" height=\"2000\" srcset=\"https:\/\/www.gkcpro.com\/wp-content\/uploads\/2026\/02\/container-house-certificates.jpg 1470w, https:\/\/www.gkcpro.com\/wp-content\/uploads\/2026\/02\/container-house-certificates-221x300.jpg 221w, https:\/\/www.gkcpro.com\/wp-content\/uploads\/2026\/02\/container-house-certificates-753x1024.jpg 753w, https:\/\/www.gkcpro.com\/wp-content\/uploads\/2026\/02\/container-house-certificates-768x1045.jpg 768w, https:\/\/www.gkcpro.com\/wp-content\/uploads\/2026\/02\/container-house-certificates-1129x1536.jpg 1129w, https:\/\/www.gkcpro.com\/wp-content\/uploads\/2026\/02\/container-house-certificates-9x12.jpg 9w, https:\/\/www.gkcpro.com\/wp-content\/uploads\/2026\/02\/container-house-certificates-624x849.jpg 624w, https:\/\/www.gkcpro.com\/wp-content\/uploads\/2026\/02\/container-house-certificates-800x1088.jpg 800w\" sizes=\"auto, (max-width: 1470px) 100vw, 1470px\" \/><\/p>","protected":false},"featured_media":904,"template":"","meta":[],"product_brand":[],"product_cat":[49],"product_tag":[],"class_list":{"0":"post-903","1":"product","2":"type-product","3":"status-publish","4":"has-post-thumbnail","6":"product_cat-reefer-container-and-dry-container","8":"first","9":"instock","10":"shipping-taxable","11":"product-type-simple"},"yoast_head":"<!-- This site is optimized with the Yoast SEO plugin v26.6 - https:\/\/yoast.com\/wordpress\/plugins\/seo\/ -->\n<title>Nested shipping container - china container manufacturer<\/title>\n<meta name=\"robots\" content=\"index, follow, max-snippet:-1, max-image-preview:large, max-video-preview:-1\" \/>\n<link rel=\"canonical\" href=\"https:\/\/www.gkcpro.com\/de\/product\/nested-shipping-container\/\" \/>\n<meta property=\"og:locale\" content=\"de_DE\" \/>\n<meta property=\"og:type\" content=\"article\" \/>\n<meta property=\"og:title\" content=\"Nested shipping container - china container manufacturer\" \/>\n<meta property=\"og:url\" content=\"https:\/\/www.gkcpro.com\/de\/product\/nested-shipping-container\/\" \/>\n<meta property=\"og:site_name\" content=\"Container House Co., Ltd.\" \/>\n<meta property=\"article:modified_time\" content=\"2026-04-17T05:46:04+00:00\" \/>\n<meta property=\"og:image\" content=\"https:\/\/www.gkcpro.com\/wp-content\/uploads\/2026\/01\/new-1.jpg\" \/>\n\t<meta property=\"og:image:width\" content=\"800\" \/>\n\t<meta property=\"og:image:height\" content=\"800\" \/>\n\t<meta property=\"og:image:type\" content=\"image\/jpeg\" \/>\n<meta name=\"twitter:card\" content=\"summary_large_image\" \/>\n<meta name=\"twitter:label1\" content=\"Gesch\u00e4tzte Lesezeit\" \/>\n\t<meta name=\"twitter:data1\" content=\"4\u00a0Minuten\" \/>\n<script type=\"application\/ld+json\" class=\"yoast-schema-graph\">{\"@context\":\"https:\/\/schema.org\",\"@graph\":[{\"@type\":\"WebPage\",\"@id\":\"https:\/\/www.gkcpro.com\/product\/nested-shipping-container\/\",\"url\":\"https:\/\/www.gkcpro.com\/product\/nested-shipping-container\/\",\"name\":\"Nested shipping container - china container manufacturer\",\"isPartOf\":{\"@id\":\"https:\/\/www.gkcpro.com\/#website\"},\"primaryImageOfPage\":{\"@id\":\"https:\/\/www.gkcpro.com\/product\/nested-shipping-container\/#primaryimage\"},\"image\":{\"@id\":\"https:\/\/www.gkcpro.com\/product\/nested-shipping-container\/#primaryimage\"},\"thumbnailUrl\":\"https:\/\/www.gkcpro.com\/wp-content\/uploads\/2026\/01\/new-1.jpg\",\"datePublished\":\"2026-01-29T03:57:41+00:00\",\"dateModified\":\"2026-04-17T05:46:04+00:00\",\"breadcrumb\":{\"@id\":\"https:\/\/www.gkcpro.com\/product\/nested-shipping-container\/#breadcrumb\"},\"inLanguage\":\"de\",\"potentialAction\":[{\"@type\":\"ReadAction\",\"target\":[\"https:\/\/www.gkcpro.com\/product\/nested-shipping-container\/\"]}]},{\"@type\":\"ImageObject\",\"inLanguage\":\"de\",\"@id\":\"https:\/\/www.gkcpro.com\/product\/nested-shipping-container\/#primaryimage\",\"url\":\"https:\/\/www.gkcpro.com\/wp-content\/uploads\/2026\/01\/new-1.jpg\",\"contentUrl\":\"https:\/\/www.gkcpro.com\/wp-content\/uploads\/2026\/01\/new-1.jpg\",\"width\":800,\"height\":800,\"caption\":\"Caption Heavy duty nesting container manufactured in China for bulk logistics solutions supporting OEM ODM and customized production services\"},{\"@type\":\"BreadcrumbList\",\"@id\":\"https:\/\/www.gkcpro.com\/product\/nested-shipping-container\/#breadcrumb\",\"itemListElement\":[{\"@type\":\"ListItem\",\"position\":1,\"name\":\"\u9996\u9875\",\"item\":\"https:\/\/www.gkcpro.com\/\"},{\"@type\":\"ListItem\",\"position\":2,\"name\":\"Products\",\"item\":\"https:\/\/www.gkcpro.com\/shop\/\"},{\"@type\":\"ListItem\",\"position\":3,\"name\":\"Nested shipping container for storaging\"}]},{\"@type\":\"WebSite\",\"@id\":\"https:\/\/www.gkcpro.com\/#website\",\"url\":\"https:\/\/www.gkcpro.com\/\",\"name\":\"Container House Co., Ltd.\",\"description\":\"Container House factory\",\"potentialAction\":[{\"@type\":\"SearchAction\",\"target\":{\"@type\":\"EntryPoint\",\"urlTemplate\":\"https:\/\/www.gkcpro.com\/?s={search_term_string}\"},\"query-input\":{\"@type\":\"PropertyValueSpecification\",\"valueRequired\":true,\"valueName\":\"search_term_string\"}}],\"inLanguage\":\"de\"}]}<\/script>\n<!-- \/ Yoast SEO plugin. -->","yoast_head_json":{"title":"Verschachtelter Versandcontainer - chinesischer Containerhersteller","robots":{"index":"index","follow":"follow","max-snippet":"max-snippet:-1","max-image-preview":"max-image-preview:large","max-video-preview":"max-video-preview:-1"},"canonical":"https:\/\/www.gkcpro.com\/de\/product\/nested-shipping-container\/","og_locale":"de_DE","og_type":"article","og_title":"Nested shipping container - china container manufacturer","og_url":"https:\/\/www.gkcpro.com\/de\/product\/nested-shipping-container\/","og_site_name":"Container House Co., Ltd.","article_modified_time":"2026-04-17T05:46:04+00:00","og_image":[{"width":800,"height":800,"url":"https:\/\/www.gkcpro.com\/wp-content\/uploads\/2026\/01\/new-1.jpg","type":"image\/jpeg"}],"twitter_card":"summary_large_image","twitter_misc":{"Gesch\u00e4tzte Lesezeit":"4\u00a0Minuten"},"schema":{"@context":"https:\/\/schema.org","@graph":[{"@type":"WebPage","@id":"https:\/\/www.gkcpro.com\/product\/nested-shipping-container\/","url":"https:\/\/www.gkcpro.com\/product\/nested-shipping-container\/","name":"Verschachtelter Versandcontainer - chinesischer Containerhersteller","isPartOf":{"@id":"https:\/\/www.gkcpro.com\/#website"},"primaryImageOfPage":{"@id":"https:\/\/www.gkcpro.com\/product\/nested-shipping-container\/#primaryimage"},"image":{"@id":"https:\/\/www.gkcpro.com\/product\/nested-shipping-container\/#primaryimage"},"thumbnailUrl":"https:\/\/www.gkcpro.com\/wp-content\/uploads\/2026\/01\/new-1.jpg","datePublished":"2026-01-29T03:57:41+00:00","dateModified":"2026-04-17T05:46:04+00:00","breadcrumb":{"@id":"https:\/\/www.gkcpro.com\/product\/nested-shipping-container\/#breadcrumb"},"inLanguage":"de","potentialAction":[{"@type":"ReadAction","target":["https:\/\/www.gkcpro.com\/product\/nested-shipping-container\/"]}]},{"@type":"ImageObject","inLanguage":"de","@id":"https:\/\/www.gkcpro.com\/product\/nested-shipping-container\/#primaryimage","url":"https:\/\/www.gkcpro.com\/wp-content\/uploads\/2026\/01\/new-1.jpg","contentUrl":"https:\/\/www.gkcpro.com\/wp-content\/uploads\/2026\/01\/new-1.jpg","width":800,"height":800,"caption":"Caption Heavy duty nesting container manufactured in China for bulk logistics solutions supporting OEM ODM and customized production services"},{"@type":"BreadcrumbList","@id":"https:\/\/www.gkcpro.com\/product\/nested-shipping-container\/#breadcrumb","itemListElement":[{"@type":"ListItem","position":1,"name":"\u9996\u9875","item":"https:\/\/www.gkcpro.com\/"},{"@type":"ListItem","position":2,"name":"Products","item":"https:\/\/www.gkcpro.com\/shop\/"},{"@type":"ListItem","position":3,"name":"Nested shipping container for storaging"}]},{"@type":"WebSite","@id":"https:\/\/www.gkcpro.com\/#website","url":"https:\/\/www.gkcpro.com\/","name":"Container House Co. Ltd.","description":"Containerhaus-Fabrik","potentialAction":[{"@type":"SearchAction","target":{"@type":"EntryPoint","urlTemplate":"https:\/\/www.gkcpro.com\/?s={search_term_string}"},"query-input":{"@type":"PropertyValueSpecification","valueRequired":true,"valueName":"search_term_string"}}],"inLanguage":"de"}]}},"_links":{"self":[{"href":"https:\/\/www.gkcpro.com\/de\/wp-json\/wp\/v2\/product\/903","targetHints":{"allow":["GET"]}}],"collection":[{"href":"https:\/\/www.gkcpro.com\/de\/wp-json\/wp\/v2\/product"}],"about":[{"href":"https:\/\/www.gkcpro.com\/de\/wp-json\/wp\/v2\/types\/product"}],"wp:featuredmedia":[{"embeddable":true,"href":"https:\/\/www.gkcpro.com\/de\/wp-json\/wp\/v2\/media\/904"}],"wp:attachment":[{"href":"https:\/\/www.gkcpro.com\/de\/wp-json\/wp\/v2\/media?parent=903"}],"wp:term":[{"taxonomy":"product_brand","embeddable":true,"href":"https:\/\/www.gkcpro.com\/de\/wp-json\/wp\/v2\/product_brand?post=903"},{"taxonomy":"product_cat","embeddable":true,"href":"https:\/\/www.gkcpro.com\/de\/wp-json\/wp\/v2\/product_cat?post=903"},{"taxonomy":"product_tag","embeddable":true,"href":"https:\/\/www.gkcpro.com\/de\/wp-json\/wp\/v2\/product_tag?post=903"}],"curies":[{"name":"wp","href":"https:\/\/api.w.org\/{rel}","templated":true}]}}