{"id":886,"date":"2026-01-28T17:43:36","date_gmt":"2026-01-28T09:43:36","guid":{"rendered":"https:\/\/www.gkcpro.com\/?post_type=product&#038;p=886"},"modified":"2026-04-17T13:47:46","modified_gmt":"2026-04-17T05:47:46","slug":"20ft-dry-box-container","status":"publish","type":"product","link":"https:\/\/www.gkcpro.com\/de\/product\/20ft-dry-box-container\/","title":{"rendered":"20ft Trockener Boxcontainer"},"content":{"rendered":"<h2>20ft Dry Box Container f\u00fcr den Versand\/Containerhersteller<\/h2>\n<p>Ein Trockenboxcontainer ist eine Stahlbox, die f\u00fcr den Transport von G\u00fctern auf dem Seeweg, der Schiene und dem LKW verwendet wird.<br \/>\nEr h\u00e4lt die Ladung trocken, sch\u00fctzt sie und l\u00e4sst sich leicht von einem Ort zum anderen transportieren.<\/p>\n<p>Bei Container House Co., Ltd. wird ein Trockenboxcontainer aus Stahl gebaut, nicht aus Worten.<\/p>\n<h2 data-start=\"116\" data-end=\"158\">Wie ein Dry Box Container hergestellt wird<\/h2>\n<p data-start=\"160\" data-end=\"291\">Unter <strong data-start=\"163\" data-end=\"191\">Container House Co. Ltd.<\/strong>, a <strong data-start=\"195\" data-end=\"216\">\u00a0Container<\/strong> wird Schritt f\u00fcr Schritt in einer echten Produktionslinie hergestellt, ausgehend von Stahlcoils.<\/p>\n<p data-start=\"293\" data-end=\"422\"><strong data-start=\"293\" data-end=\"314\">Vorbereitung des Stahls<\/strong><br data-start=\"314\" data-end=\"317\" \/>Stahlcoils werden zun\u00e4chst abgerollt und gegl\u00e4ttet.<\/p>\n<p data-start=\"424\" data-end=\"609\"><strong data-start=\"424\" data-end=\"459\">Reinigung und Schutz von Oberfl\u00e4chen<\/strong><br data-start=\"459\" data-end=\"462\" \/>Die Stahlbleche werden kugelgestrahlt, um Rost und Staub zu entfernen.<br data-start=\"528\" data-end=\"531\" \/>Danach wird zum Schutz der Stahloberfl\u00e4che eine Werkstattgrundierung aufgespr\u00fcht und getrocknet.<\/p>\n<p data-start=\"611\" data-end=\"777\"><strong data-start=\"611\" data-end=\"639\">Kaltumformung und Formgebung<\/strong><br data-start=\"639\" data-end=\"642\" \/>Saubere Stahlbleche werden kaltverarbeitet und zu Beh\u00e4lterplatten und -teilen geformt.<br data-start=\"723\" data-end=\"726\" \/>Jedes Teil ist so geformt, dass es in die Beh\u00e4lterstruktur passt.<\/p>\n<p data-start=\"779\" data-end=\"944\"><strong data-start=\"779\" data-end=\"813\">Montage und Schwei\u00dfen von Bauteilen<\/strong><br data-start=\"813\" data-end=\"816\" \/>Seitenw\u00e4nde, Dachplatten, Bodenrahmen und Eckteile werden zusammengesetzt und verschwei\u00dft.<br data-start=\"898\" data-end=\"901\" \/>Damit ist die grundlegende Containerstruktur geschaffen.<\/p>\n<p data-start=\"946\" data-end=\"1107\"><strong data-start=\"946\" data-end=\"989\">Schwei\u00dfen und Sandstrahlen von Vollcontainern<\/strong><br data-start=\"989\" data-end=\"992\" \/>Der gesamte Beh\u00e4lterk\u00f6rper ist zusammengeschwei\u00dft.<br data-start=\"1036\" data-end=\"1039\" \/>Dann wird erneut sandgestrahlt, um die Oberfl\u00e4che f\u00fcr die Lackierung vorzubereiten.<\/p>\n<p data-start=\"1109\" data-end=\"1264\"><strong data-start=\"1109\" data-end=\"1138\">Primer-Beschichtung und Trocknung<\/strong><br data-start=\"1138\" data-end=\"1141\" \/>Die Rostschutzgrundierung wird gleichm\u00e4\u00dfig aufgetragen und im Ofen getrocknet.<br data-start=\"1198\" data-end=\"1201\" \/>Dies tr\u00e4gt dazu bei, dass der Container w\u00e4hrend des Seetransports korrosionsbest\u00e4ndig ist.<\/p>\n<p data-start=\"1266\" data-end=\"1474\"><strong data-start=\"1266\" data-end=\"1296\">Mittel- und Endlackierung<\/strong><br data-start=\"1296\" data-end=\"1299\" \/>Die mittlere Beschichtung und die Innenfarbe werden zuerst aufgetragen.<br data-start=\"1351\" data-end=\"1354\" \/>Dann wird die Au\u00dfenfarbe gespritzt, gespachtelt und getrocknet.<br data-start=\"1405\" data-end=\"1408\" \/>Dieser Vorgang wird wiederholt, um die Dicke und Haltbarkeit der Farbe zu gew\u00e4hrleisten.<\/p>\n<p data-start=\"1476\" data-end=\"1611\"><strong data-start=\"1476\" data-end=\"1499\">Endmontagelinie<\/strong><br data-start=\"1499\" data-end=\"1502\" \/>Nach dem Anstrich werden T\u00fcren, Dichtungen, Namensschilder und Etiketten angebracht.<br data-start=\"1569\" data-end=\"1572\" \/>Auf Fugen und Kanten wird Dichtungsmasse aufgetragen.<\/p>\n<p data-start=\"1613\" data-end=\"1770\"><strong data-start=\"1613\" data-end=\"1656\">Bodenbeschichtung und Wasserdichtigkeitstest<\/strong><br data-start=\"1656\" data-end=\"1659\" \/>Auf den Containerboden wird Bitumenfarbe aufgetragen.<br data-start=\"1708\" data-end=\"1711\" \/>Jeder Trockenkistenbeh\u00e4lter wird einer Wasserdichtheitspr\u00fcfung unterzogen.<\/p>\n<h2>Dry Box Container Vorteile<\/h2>\n<p>Eigene Herstellung vom Stahlcoil bis zum fertigen Container durch Container House Co.<\/p>\n<p>Vollst\u00e4ndig geschwei\u00dfte Struktur, die f\u00fcr das Heben, Stapeln und den wiederholten Seetransport ausgelegt ist<\/p>\n<p>Mehrschichtige Korrosionsschutzbeschichtung nach dem Strahlen der Oberfl\u00e4che<\/p>\n<p>T\u00fcren, Dichtungen und Fugen werden vor der Auslieferung auf Wasserdichtigkeit gepr\u00fcft<\/p>\n<p>Jeder Trockenkastenbeh\u00e4lter wird vor Verlassen des Werks inspiziert und auf Wasserdichtigkeit gepr\u00fcft.<\/p>\n<h2>Unsere Container-Anwendung<\/h2>\n\n<table id=\"tablepress-17\" class=\"tablepress tablepress-id-17\">\n<thead>\n<tr class=\"row-1\">\n\t<th class=\"column-1\"><strong>B2B-Einsatz <\/strong><\/th><th class=\"column-2\"><strong>Schmerzpunkt des K\u00e4ufers<\/strong><\/th><th class=\"column-3\"><strong>Unsere Trockencontainer-L\u00f6sung<\/strong><\/th>\n<\/tr>\n<\/thead>\n<tbody class=\"row-striping row-hover\">\n<tr class=\"row-2\">\n\t<td class=\"column-1\">Internationale Seefracht<\/td><td class=\"column-2\">Ladung wird w\u00e4hrend des langen Transports nass oder besch\u00e4digt<\/td><td class=\"column-3\">Versiegelte Stahlkonstruktion mit gepr\u00fcften T\u00fcrdichtungen h\u00e4lt die Ladung trocken<\/td>\n<\/tr>\n<tr class=\"row-3\">\n\t<td class=\"column-1\">Export Hersteller<\/td><td class=\"column-2\">Bedarf an Standardcontainern, die von den Reedereien akzeptiert werden<\/td><td class=\"column-3\">ISO-konforme Dry-Box-Container bereit f\u00fcr den weltweiten Transport<\/td>\n<\/tr>\n<tr class=\"row-4\">\n\t<td class=\"column-1\">Logistik- und Frachtunternehmen<\/td><td class=\"column-2\">Container werden viele Male angehoben und gestapelt<\/td><td class=\"column-3\">Vollst\u00e4ndig geschwei\u00dfter Stahlrahmen f\u00fcr wiederholte Handhabung<\/td>\n<\/tr>\n<tr class=\"row-5\">\n\t<td class=\"column-1\">Projekte im Bereich Lagerhaltung und Lieferkette<\/td><td class=\"column-2\">Vorl\u00e4ufige Lagerung bietet keinen Schutz<\/td><td class=\"column-3\">Trockenfrachtcontainer aus Stahl sch\u00fctzt Waren vor Ort<\/td>\n<\/tr>\n<tr class=\"row-6\">\n\t<td class=\"column-1\">Gro\u00dfprojekt-Bestellungen<\/td><td class=\"column-2\">Qualit\u00e4t variiert zwischen den Anbietern<\/td><td class=\"column-3\">Hausintern produziert von <strong>Container House Co. Ltd.<\/strong> mit Werkskontrolle<\/td>\n<\/tr>\n<\/tbody>\n<\/table>\n<!-- #tablepress-17 from cache -->\n<h2>Unser Trockencontainer PRODUKTSPEZIFIKATION<\/h2>\n\n<table id=\"tablepress-18\" class=\"tablepress tablepress-id-18\">\n<thead>\n<tr class=\"row-1\">\n\t<th class=\"column-1\"><strong>Artikel<\/strong><\/th><th class=\"column-2\"><strong>Spezifikation<\/strong><\/th>\n<\/tr>\n<\/thead>\n<tbody class=\"row-striping row-hover\">\n<tr class=\"row-2\">\n\t<td class=\"column-1\">Container-Typ<\/td><td class=\"column-2\">20FT Standard-Trockenbox-Container<\/td>\n<\/tr>\n<tr class=\"row-3\">\n\t<td class=\"column-1\">Externe L\u00e4nge<\/td><td class=\"column-2\">6.058 mm<\/td>\n<\/tr>\n<tr class=\"row-4\">\n\t<td class=\"column-1\">\u00c4u\u00dfere Breite<\/td><td class=\"column-2\">2.438 mm<\/td>\n<\/tr>\n<tr class=\"row-5\">\n\t<td class=\"column-1\">\u00c4u\u00dfere H\u00f6he<\/td><td class=\"column-2\">2.591 mm<\/td>\n<\/tr>\n<tr class=\"row-6\">\n\t<td class=\"column-1\">Interne L\u00e4nge<\/td><td class=\"column-2\">ca. 5.898 mm<\/td>\n<\/tr>\n<tr class=\"row-7\">\n\t<td class=\"column-1\">Innere Breite<\/td><td class=\"column-2\">ca. 2.352 mm<\/td>\n<\/tr>\n<tr class=\"row-8\">\n\t<td class=\"column-1\">Innere H\u00f6he<\/td><td class=\"column-2\">ca. 2.393 mm<\/td>\n<\/tr>\n<tr class=\"row-9\">\n\t<td class=\"column-1\">Breite der T\u00fcr\u00f6ffnung<\/td><td class=\"column-2\">ca. 2.340 mm<\/td>\n<\/tr>\n<tr class=\"row-10\">\n\t<td class=\"column-1\">H\u00f6he der T\u00fcr\u00f6ffnung<\/td><td class=\"column-2\">ca. 2.280 mm<\/td>\n<\/tr>\n<tr class=\"row-11\">\n\t<td class=\"column-1\">Interne Kapazit\u00e4t<\/td><td class=\"column-2\">ca. 33 CBM<\/td>\n<\/tr>\n<tr class=\"row-12\">\n\t<td class=\"column-1\">Tara Gewicht<\/td><td class=\"column-2\">ca. 2.200-2.300 kg<\/td>\n<\/tr>\n<tr class=\"row-13\">\n\t<td class=\"column-1\">Max. Bruttogewicht<\/td><td class=\"column-2\">30.480 kg<\/td>\n<\/tr>\n<tr class=\"row-14\">\n\t<td class=\"column-1\">Nutzlast<\/td><td class=\"column-2\">ca. 28.000 kg<\/td>\n<\/tr>\n<tr class=\"row-15\">\n\t<td class=\"column-1\">Boden Typ<\/td><td class=\"column-2\">Sperrholz \/ Bambussperrholz (optional)<\/td>\n<\/tr>\n<tr class=\"row-16\">\n\t<td class=\"column-1\">Struktur<\/td><td class=\"column-2\">Vollst\u00e4ndig geschwei\u00dfter Stahlrahmen<\/td>\n<\/tr>\n<tr class=\"row-17\">\n\t<td class=\"column-1\">Standard<\/td><td class=\"column-2\">ISO-Schiffscontainer<\/td>\n<\/tr>\n<\/tbody>\n<\/table>\n<!-- #tablepress-18 from cache -->\n<h2 data-start=\"93\" data-end=\"142\">Transport und Verpackung von Containerh\u00e4usern<\/h2>\n<h3 data-start=\"91\" data-end=\"147\"><strong data-start=\"95\" data-end=\"147\">Dry Box Container Verpackung, Inspektion und Lieferung<\/strong><\/h3>\n<ul data-start=\"149\" data-end=\"724\">\n<li data-start=\"149\" data-end=\"283\">\n<p data-start=\"151\" data-end=\"283\">Nach der Auftragsbest\u00e4tigung wird jede <strong data-start=\"182\" data-end=\"203\">Container<\/strong> f\u00fcr Exporteure und Logistikeink\u00e4ufer wird in der Fabrik fertiggestellt und gereinigt<\/p>\n<\/li>\n<li data-start=\"284\" data-end=\"390\">\n<p data-start=\"286\" data-end=\"390\">Containert\u00fcren, Dichtungen und Struktur werden im Rahmen der <strong data-start=\"353\" data-end=\"388\">Qualit\u00e4tskontrolle vor der Verschiffung<\/strong><\/p>\n<\/li>\n<li data-start=\"391\" data-end=\"499\">\n<p data-start=\"393\" data-end=\"499\">F\u00fcr <strong data-start=\"397\" data-end=\"431\">Bestellungen von Gro\u00dfbeh\u00e4ltern<\/strong>, Die Einheiten werden gem\u00e4\u00df den Vorschriften f\u00fcr den Seetransport gestapelt oder positioniert.<\/p>\n<\/li>\n<li data-start=\"500\" data-end=\"605\">\n<p data-start=\"502\" data-end=\"605\">Die Container werden geliefert als <strong data-start=\"530\" data-end=\"560\">neue Trockenfrachtcontainer<\/strong>, bereit f\u00fcr Direktverladung oder Hafenanlieferung<\/p>\n<\/li>\n<\/ul>\n<h3 data-start=\"93\" data-end=\"142\"><strong data-start=\"97\" data-end=\"142\">Verwendung von Schiffscontainern Wartungshinweise<\/strong><\/h3>\n<ul data-start=\"144\" data-end=\"799\">\n<li data-start=\"144\" data-end=\"308\">\n<p data-start=\"146\" data-end=\"308\">Benutzt von <strong data-start=\"154\" data-end=\"211\">Exporteure, Logistikunternehmen und Frachtunternehmen<\/strong>, ein trockener Boxcontainer sollte mit gleichm\u00e4\u00dfig verteilter Ladung beladen werden, um den Stahlboden zu sch\u00fctzen<\/p>\n<\/li>\n<li data-start=\"309\" data-end=\"444\">\n<p data-start=\"311\" data-end=\"444\">F\u00fcr <strong data-start=\"315\" data-end=\"345\">neue Trockenfrachtcontainer<\/strong> bei langen Seetransporten sollten die T\u00fcrdichtungen vor jedem Transport \u00fcberpr\u00fcft werden, um das Eindringen von Wasser zu verhindern<\/p>\n<\/li>\n<li data-start=\"445\" data-end=\"557\">\n<p data-start=\"447\" data-end=\"557\">Unter <strong data-start=\"450\" data-end=\"488\">Lager und Lieferkettenlagerung<\/strong>, Container sollten auf ebenem Boden aufgestellt werden, um eine Belastung des Rahmens zu vermeiden.<\/p>\n<\/li>\n<li data-start=\"558\" data-end=\"664\">\n<p data-start=\"560\" data-end=\"664\">Regelm\u00e4\u00dfige Reinigung und Lackkontrolle helfen <strong data-start=\"603\" data-end=\"632\">Schiffscontainer aus Stahl<\/strong> langsame Korrosion in feuchten H\u00e4fen<\/p>\n<\/li>\n<li data-start=\"665\" data-end=\"799\">\n<p data-start=\"667\" data-end=\"799\">Geliefert von <strong data-start=\"679\" data-end=\"707\">Container House Co. Ltd.<\/strong>, Diese Trockenbeh\u00e4lter sind f\u00fcr den wiederholten Einsatz bei einfacher und kosteng\u00fcnstiger Wartung konzipiert.<\/p>\n<p><strong>FAQ about container<\/strong><\/p>\n<p>1. Ist der Trockenboxcontainer nach der Lieferung einsatzbereit?<\/p>\n<p>Ja.<br \/>\nJeder Trockenboxcontainer von Container House Co. wird als neuer Schiffscontainer geliefert.<br \/>\nEs kann ohne zus\u00e4tzlichen Aufwand mit Fracht beladen oder direkt zum Hafen geschickt werden.<\/p>\n<p>2. Woher wei\u00df ich, dass der Container w\u00e4hrend des Seetransports nicht auslaufen wird?<\/p>\n<p>Vor dem Versand werden die T\u00fcren, Dichtungen und Fugen im Werk gepr\u00fcft.<br \/>\nJeder Container wird vor der Auslieferung auf seine Wasserdichtigkeit \u00fcberpr\u00fcft.<\/p>\n<p>3. Kann der Container nach dem Versand zur Lagerung verwendet werden?<\/p>\n<p>Ja.<br \/>\nViele Exporteure und Logistikunternehmen nutzen Trockenfrachtcontainer wiederum f\u00fcr die Lagerung in Lagern oder auf Baustellen.<br \/>\nDie Stahlkonstruktion ist f\u00fcr den wiederholten Einsatz konzipiert.<\/p>\n<p>4. Was muss ich bei der Ankunft des Containers \u00fcberpr\u00fcfen?<\/p>\n<p>Pr\u00fcfen Sie die T\u00fcr\u00f6ffnung, die Gummidichtungen und den Zustand des Bodens.<br \/>\nWenn sich der Beh\u00e4lter leichtg\u00e4ngig \u00f6ffnen und schlie\u00dfen l\u00e4sst, ist er einsatzbereit.<\/p>\n<p>5. Wie lange kann ein trockener Beh\u00e4lter verwendet werden?<\/p>\n<p>Bei einfacher Wartung kann ein Stahlcontainer mehr als 15 Jahre lang genutzt werden.<br \/>\nEinfaches Reinigen und \u00dcberpr\u00fcfen des Anstrichs helfen, die Korrosion zu verlangsamen.<\/p>\n<p>6. Kann ich Versandbeh\u00e4lter f\u00fcr Projekte in gro\u00dfen Mengen bestellen?<\/p>\n<p>Ja.<br \/>\nContainer House Co. liefert Trockenboxcontainer f\u00fcr Exporteure, Frachtunternehmen und Projektk\u00e4ufer in werkskontrollierter Qualit\u00e4t.<\/p>\n<p>7. haben Sie die Zertifikate f\u00fcr Ihre Produkte? Dies ist sehr wichtig f\u00fcr mich.<\/p>\n<p>Ja, ich f\u00fcge unsere<a href=\"https:\/\/www.gkcpro.com\/wp-content\/uploads\/2026\/01\/container-house-factory-CE-certification.pdf\" target=\"_blank\" rel=\"noopener\"><span style=\"color: #0000ff;\"><strong> CE-Zertifikat<\/strong><\/span><\/a> f\u00fcr Ihre Referenz, bitte \u00fcberpr\u00fcfen Sie es.<\/li>\n<\/ul>\n<h3 data-start=\"58\" data-end=\"116\"><strong data-start=\"62\" data-end=\"116\">Suchen Sie einen zuverl\u00e4ssigen Lieferanten f\u00fcr Trockencontainer?<\/strong><\/h3>\n<p data-start=\"118\" data-end=\"296\">Wenn Sie beschaffen <strong data-start=\"138\" data-end=\"160\">Trockenbox-Container<\/strong>\u00a0f\u00fcr den Export, die Logistik oder f\u00fcr Projekte,<br data-start=\"199\" data-end=\"202\" \/><strong data-start=\"202\" data-end=\"230\">Container House Co. Ltd.<\/strong> bietet fabrikgefertigte Container mit Inspektion vor der Auslieferung.<\/p>\n<p data-start=\"298\" data-end=\"470\">Kontaktieren Sie uns f\u00fcr <strong data-start=\"316\" data-end=\"367\">Preise, Spezifikationen und Unterst\u00fctzung bei Gro\u00dfbestellungen<\/strong>.<br data-start=\"368\" data-end=\"371\" \/>Unser Team hilft Ihnen bei der Auswahl der richtigen <strong data-start=\"411\" data-end=\"440\">neuer Trockenfrachtcontainer<\/strong> f\u00fcr Ihre Sendung oder Ihr Projekt.<\/p>\n<p data-start=\"472\" data-end=\"551\">\ud83d\udc49 <strong data-start=\"475\" data-end=\"551\">Senden Sie Ihre Anfrage noch heute und Sie erhalten eine Antwort vom Werk, keine Handelsantwort.<\/strong><\/p>","protected":false},"excerpt":{"rendered":"<p><img loading=\"lazy\" decoding=\"async\" class=\"alignnone size-full wp-image-1139\" src=\"https:\/\/www.gkcpro.com\/wp-content\/uploads\/2026\/02\/evaluate.jpg\" alt=\"Meine Container werden in viele L\u00e4nder exportiert; dies ist ein Beispiel f\u00fcr die Erfahrungen unserer Kunden.\" width=\"1000\" height=\"474\" srcset=\"https:\/\/www.gkcpro.com\/wp-content\/uploads\/2026\/02\/evaluate.jpg 1000w, https:\/\/www.gkcpro.com\/wp-content\/uploads\/2026\/02\/evaluate-300x142.jpg 300w, https:\/\/www.gkcpro.com\/wp-content\/uploads\/2026\/02\/evaluate-768x364.jpg 768w, https:\/\/www.gkcpro.com\/wp-content\/uploads\/2026\/02\/evaluate-18x9.jpg 18w, https:\/\/www.gkcpro.com\/wp-content\/uploads\/2026\/02\/evaluate-624x296.jpg 624w, https:\/\/www.gkcpro.com\/wp-content\/uploads\/2026\/02\/evaluate-800x379.jpg 800w\" sizes=\"auto, (max-width: 1000px) 100vw, 1000px\" \/><img loading=\"lazy\" decoding=\"async\" class=\"alignnone wp-image-1137 size-full\" src=\"https:\/\/www.gkcpro.com\/wp-content\/uploads\/2026\/02\/container-house-certificates.jpg\" alt=\"Pr\u00e4sentation internationaler Zertifikate, einschlie\u00dflich ISO 9001, CE und Struktursicherheitszertifizierungen f\u00fcr unsere Export-Containerh\u00e4user und Container\" width=\"1470\" height=\"2000\" srcset=\"https:\/\/www.gkcpro.com\/wp-content\/uploads\/2026\/02\/container-house-certificates.jpg 1470w, https:\/\/www.gkcpro.com\/wp-content\/uploads\/2026\/02\/container-house-certificates-221x300.jpg 221w, https:\/\/www.gkcpro.com\/wp-content\/uploads\/2026\/02\/container-house-certificates-753x1024.jpg 753w, https:\/\/www.gkcpro.com\/wp-content\/uploads\/2026\/02\/container-house-certificates-768x1045.jpg 768w, https:\/\/www.gkcpro.com\/wp-content\/uploads\/2026\/02\/container-house-certificates-1129x1536.jpg 1129w, https:\/\/www.gkcpro.com\/wp-content\/uploads\/2026\/02\/container-house-certificates-9x12.jpg 9w, https:\/\/www.gkcpro.com\/wp-content\/uploads\/2026\/02\/container-house-certificates-624x849.jpg 624w, https:\/\/www.gkcpro.com\/wp-content\/uploads\/2026\/02\/container-house-certificates-800x1088.jpg 800w\" sizes=\"auto, (max-width: 1470px) 100vw, 1470px\" \/><\/p>","protected":false},"featured_media":899,"template":"","meta":[],"product_brand":[],"product_cat":[49],"product_tag":[],"class_list":{"0":"post-886","1":"product","2":"type-product","3":"status-publish","4":"has-post-thumbnail","6":"product_cat-reefer-container-and-dry-container","8":"first","9":"instock","10":"shipping-taxable","11":"product-type-simple"},"yoast_head":"<!-- This site is optimized with the Yoast SEO plugin v26.6 - https:\/\/yoast.com\/wordpress\/plugins\/seo\/ -->\n<title>20ft Dry box container\u200b - china container house manufacturer<\/title>\n<meta name=\"description\" content=\"We are container factory. dry box container for exporting, if you want to import dry container and more container, pls contact me.\" \/>\n<meta name=\"robots\" content=\"index, follow, max-snippet:-1, max-image-preview:large, max-video-preview:-1\" \/>\n<link rel=\"canonical\" href=\"https:\/\/www.gkcpro.com\/de\/product\/20ft-dry-box-container\/\" \/>\n<meta property=\"og:locale\" content=\"de_DE\" \/>\n<meta property=\"og:type\" content=\"article\" \/>\n<meta property=\"og:title\" content=\"20ft Dry box container\u200b - china container house manufacturer\" \/>\n<meta property=\"og:description\" content=\"We are container factory. dry box container for exporting, if you want to import dry container and more container, pls contact me.\" \/>\n<meta property=\"og:url\" content=\"https:\/\/www.gkcpro.com\/de\/product\/20ft-dry-box-container\/\" \/>\n<meta property=\"og:site_name\" content=\"Container House Co., Ltd.\" \/>\n<meta property=\"article:modified_time\" content=\"2026-04-17T05:47:46+00:00\" \/>\n<meta property=\"og:image\" content=\"https:\/\/www.gkcpro.com\/wp-content\/uploads\/2026\/01\/20ft-dry-container.jpg\" \/>\n\t<meta property=\"og:image:width\" content=\"800\" \/>\n\t<meta property=\"og:image:height\" content=\"800\" \/>\n\t<meta property=\"og:image:type\" content=\"image\/jpeg\" \/>\n<meta name=\"twitter:card\" content=\"summary_large_image\" \/>\n<meta name=\"twitter:label1\" content=\"Gesch\u00e4tzte Lesezeit\" \/>\n\t<meta name=\"twitter:data1\" content=\"4\u00a0Minuten\" \/>\n<script type=\"application\/ld+json\" class=\"yoast-schema-graph\">{\"@context\":\"https:\/\/schema.org\",\"@graph\":[{\"@type\":\"WebPage\",\"@id\":\"https:\/\/www.gkcpro.com\/product\/20ft-dry-box-container\/\",\"url\":\"https:\/\/www.gkcpro.com\/product\/20ft-dry-box-container\/\",\"name\":\"20ft Dry box container\u200b - china container house manufacturer\",\"isPartOf\":{\"@id\":\"https:\/\/www.gkcpro.com\/#website\"},\"primaryImageOfPage\":{\"@id\":\"https:\/\/www.gkcpro.com\/product\/20ft-dry-box-container\/#primaryimage\"},\"image\":{\"@id\":\"https:\/\/www.gkcpro.com\/product\/20ft-dry-box-container\/#primaryimage\"},\"thumbnailUrl\":\"https:\/\/www.gkcpro.com\/wp-content\/uploads\/2026\/01\/20ft-dry-container.jpg\",\"datePublished\":\"2026-01-28T09:43:36+00:00\",\"dateModified\":\"2026-04-17T05:47:46+00:00\",\"description\":\"We are container factory. dry box container for exporting, if you want to import dry container and more container, pls contact me.\",\"breadcrumb\":{\"@id\":\"https:\/\/www.gkcpro.com\/product\/20ft-dry-box-container\/#breadcrumb\"},\"inLanguage\":\"de\",\"potentialAction\":[{\"@type\":\"ReadAction\",\"target\":[\"https:\/\/www.gkcpro.com\/product\/20ft-dry-box-container\/\"]}]},{\"@type\":\"ImageObject\",\"inLanguage\":\"de\",\"@id\":\"https:\/\/www.gkcpro.com\/product\/20ft-dry-box-container\/#primaryimage\",\"url\":\"https:\/\/www.gkcpro.com\/wp-content\/uploads\/2026\/01\/20ft-dry-container.jpg\",\"contentUrl\":\"https:\/\/www.gkcpro.com\/wp-content\/uploads\/2026\/01\/20ft-dry-container.jpg\",\"width\":800,\"height\":800,\"caption\":\"This dry box container is produced for secure cargo storage and transport by a professional China manufacturer offering bulk and customized production services\"},{\"@type\":\"BreadcrumbList\",\"@id\":\"https:\/\/www.gkcpro.com\/product\/20ft-dry-box-container\/#breadcrumb\",\"itemListElement\":[{\"@type\":\"ListItem\",\"position\":1,\"name\":\"\u9996\u9875\",\"item\":\"https:\/\/www.gkcpro.com\/\"},{\"@type\":\"ListItem\",\"position\":2,\"name\":\"Products\",\"item\":\"https:\/\/www.gkcpro.com\/shop\/\"},{\"@type\":\"ListItem\",\"position\":3,\"name\":\"20ft Dry box container\u200b\"}]},{\"@type\":\"WebSite\",\"@id\":\"https:\/\/www.gkcpro.com\/#website\",\"url\":\"https:\/\/www.gkcpro.com\/\",\"name\":\"Container House Co., Ltd.\",\"description\":\"Container House factory\",\"potentialAction\":[{\"@type\":\"SearchAction\",\"target\":{\"@type\":\"EntryPoint\",\"urlTemplate\":\"https:\/\/www.gkcpro.com\/?s={search_term_string}\"},\"query-input\":{\"@type\":\"PropertyValueSpecification\",\"valueRequired\":true,\"valueName\":\"search_term_string\"}}],\"inLanguage\":\"de\"}]}<\/script>\n<!-- \/ Yoast SEO plugin. -->","yoast_head_json":{"title":"20ft Dry box container - china container house Hersteller","description":"Wir sind Container Fabrik. trockenen Box-Container f\u00fcr den Export, wenn Sie zu importieren trockenen Container und mehr Container wollen, pls kontaktieren Sie mich.","robots":{"index":"index","follow":"follow","max-snippet":"max-snippet:-1","max-image-preview":"max-image-preview:large","max-video-preview":"max-video-preview:-1"},"canonical":"https:\/\/www.gkcpro.com\/de\/product\/20ft-dry-box-container\/","og_locale":"de_DE","og_type":"article","og_title":"20ft Dry box container\u200b - china container house manufacturer","og_description":"We are container factory. dry box container for exporting, if you want to import dry container and more container, pls contact me.","og_url":"https:\/\/www.gkcpro.com\/de\/product\/20ft-dry-box-container\/","og_site_name":"Container House Co., Ltd.","article_modified_time":"2026-04-17T05:47:46+00:00","og_image":[{"width":800,"height":800,"url":"https:\/\/www.gkcpro.com\/wp-content\/uploads\/2026\/01\/20ft-dry-container.jpg","type":"image\/jpeg"}],"twitter_card":"summary_large_image","twitter_misc":{"Gesch\u00e4tzte Lesezeit":"4\u00a0Minuten"},"schema":{"@context":"https:\/\/schema.org","@graph":[{"@type":"WebPage","@id":"https:\/\/www.gkcpro.com\/product\/20ft-dry-box-container\/","url":"https:\/\/www.gkcpro.com\/product\/20ft-dry-box-container\/","name":"20ft Dry box container - china container house Hersteller","isPartOf":{"@id":"https:\/\/www.gkcpro.com\/#website"},"primaryImageOfPage":{"@id":"https:\/\/www.gkcpro.com\/product\/20ft-dry-box-container\/#primaryimage"},"image":{"@id":"https:\/\/www.gkcpro.com\/product\/20ft-dry-box-container\/#primaryimage"},"thumbnailUrl":"https:\/\/www.gkcpro.com\/wp-content\/uploads\/2026\/01\/20ft-dry-container.jpg","datePublished":"2026-01-28T09:43:36+00:00","dateModified":"2026-04-17T05:47:46+00:00","description":"Wir sind Container Fabrik. trockenen Box-Container f\u00fcr den Export, wenn Sie zu importieren trockenen Container und mehr Container wollen, pls kontaktieren Sie mich.","breadcrumb":{"@id":"https:\/\/www.gkcpro.com\/product\/20ft-dry-box-container\/#breadcrumb"},"inLanguage":"de","potentialAction":[{"@type":"ReadAction","target":["https:\/\/www.gkcpro.com\/product\/20ft-dry-box-container\/"]}]},{"@type":"ImageObject","inLanguage":"de","@id":"https:\/\/www.gkcpro.com\/product\/20ft-dry-box-container\/#primaryimage","url":"https:\/\/www.gkcpro.com\/wp-content\/uploads\/2026\/01\/20ft-dry-container.jpg","contentUrl":"https:\/\/www.gkcpro.com\/wp-content\/uploads\/2026\/01\/20ft-dry-container.jpg","width":800,"height":800,"caption":"This dry box container is produced for secure cargo storage and transport by a professional China manufacturer offering bulk and customized production services"},{"@type":"BreadcrumbList","@id":"https:\/\/www.gkcpro.com\/product\/20ft-dry-box-container\/#breadcrumb","itemListElement":[{"@type":"ListItem","position":1,"name":"\u9996\u9875","item":"https:\/\/www.gkcpro.com\/"},{"@type":"ListItem","position":2,"name":"Products","item":"https:\/\/www.gkcpro.com\/shop\/"},{"@type":"ListItem","position":3,"name":"20ft Dry box container\u200b"}]},{"@type":"WebSite","@id":"https:\/\/www.gkcpro.com\/#website","url":"https:\/\/www.gkcpro.com\/","name":"Container House Co. Ltd.","description":"Containerhaus-Fabrik","potentialAction":[{"@type":"SearchAction","target":{"@type":"EntryPoint","urlTemplate":"https:\/\/www.gkcpro.com\/?s={search_term_string}"},"query-input":{"@type":"PropertyValueSpecification","valueRequired":true,"valueName":"search_term_string"}}],"inLanguage":"de"}]}},"_links":{"self":[{"href":"https:\/\/www.gkcpro.com\/de\/wp-json\/wp\/v2\/product\/886","targetHints":{"allow":["GET"]}}],"collection":[{"href":"https:\/\/www.gkcpro.com\/de\/wp-json\/wp\/v2\/product"}],"about":[{"href":"https:\/\/www.gkcpro.com\/de\/wp-json\/wp\/v2\/types\/product"}],"wp:featuredmedia":[{"embeddable":true,"href":"https:\/\/www.gkcpro.com\/de\/wp-json\/wp\/v2\/media\/899"}],"wp:attachment":[{"href":"https:\/\/www.gkcpro.com\/de\/wp-json\/wp\/v2\/media?parent=886"}],"wp:term":[{"taxonomy":"product_brand","embeddable":true,"href":"https:\/\/www.gkcpro.com\/de\/wp-json\/wp\/v2\/product_brand?post=886"},{"taxonomy":"product_cat","embeddable":true,"href":"https:\/\/www.gkcpro.com\/de\/wp-json\/wp\/v2\/product_cat?post=886"},{"taxonomy":"product_tag","embeddable":true,"href":"https:\/\/www.gkcpro.com\/de\/wp-json\/wp\/v2\/product_tag?post=886"}],"curies":[{"name":"wp","href":"https:\/\/api.w.org\/{rel}","templated":true}]}}