{"id":800,"date":"2026-01-22T17:06:37","date_gmt":"2026-01-22T09:06:37","guid":{"rendered":"https:\/\/www.gkcpro.com\/?post_type=product&#038;p=800"},"modified":"2026-04-17T14:09:11","modified_gmt":"2026-04-17T06:09:11","slug":"warehouse-storage-container","status":"publish","type":"product","link":"https:\/\/www.gkcpro.com\/de\/product\/warehouse-storage-container\/","title":{"rendered":"Lagerungscontainer"},"content":{"rendered":"<h2>Lagerbeh\u00e4lter Produktbeschreibung<\/h2>\n<p><strong><span data-markdown-start-index=\"99\">Container House Co. Ltd.<\/span><\/strong><span data-markdown-start-index=\"139\">\u00a0fertigt aktiv hochwertige\u00a0<\/span><strong><span data-markdown-start-index=\"177\">Lagerschuppen Schiffscontainer<\/span><\/strong><span data-markdown-start-index=\"211\">\u00a0die sowohl Stil als auch Sicherheit bieten.\u00a0<\/span><strong><span data-markdown-start-index=\"250\">Speziell<\/span><\/strong><span data-markdown-start-index=\"264\">, Wir konstruieren sie aus verst\u00e4rktem Stahl, damit sie Ihre Gegenst\u00e4nde wirksam vor Diebstahl und Witterungssch\u00e4den sch\u00fctzen.\u00a0<\/span><strong><span data-markdown-start-index=\"379\">Dar\u00fcber hinaus<\/span><\/strong><span data-markdown-start-index=\"392\">, Sie k\u00f6nnen die Einheiten mit Sicherheitsschl\u00f6ssern, Bel\u00fcftung und T\u00fcren an die verschiedenen Lageranforderungen anpassen.<\/span><\/p>\n<p><strong><span data-markdown-start-index=\"496\">Folglich<\/span><\/strong><span data-markdown-start-index=\"510\">, unser\u00a0<\/span><strong><span data-markdown-start-index=\"518\">Lagerschuppen Schiffscontainer<\/span><\/strong><span data-markdown-start-index=\"552\">\u00a0sind in den USA, Deutschland und Spanien popul\u00e4r geworden.\u00a0<\/span><strong><span data-markdown-start-index=\"608\">Zum Beispiel<\/span><\/strong><span data-markdown-start-index=\"621\">, In den USA werden sie von Baufirmen f\u00fcr die Lagerung von Materialien verwendet, w\u00e4hrend Unternehmen in Spanien sie f\u00fcr die Lagerung von Inventar nutzen.\u00a0<\/span><strong><span data-markdown-start-index=\"747\">Letztlich<\/span><\/strong><span data-markdown-start-index=\"759\">, Wir bauen jeden Container von Grund auf neu und gew\u00e4hrleisten durch strenge Qualit\u00e4tskontrollen Haltbarkeit und dauerhafte Leistung.<\/span><\/p>\n<h2>Warehouse Storage shed shipping container Advantage<\/h2>\n<p><strong>Extrem hohe Flexibilit\u00e4t und Mobilit\u00e4t<\/strong><\/p>\n<ul>\n<li><strong>Sofort einsatzbereit:<\/strong> Eine perfekte L\u00f6sung f\u00fcr tempor\u00e4re oder saisonale Lagerhaltung. Die Lagerfl\u00e4che kann in Spitzenzeiten (z. B. bei E-Commerce-Aktionen und in der Erntezeit) schnell vergr\u00f6\u00dfert werden.<\/li>\n<li><strong>Flexibler Standort:<\/strong> Kann an praktisch jedem Ort mit ebenem Boden aufgestellt werden, was die N\u00e4he zum Einsatzort maximiert und die Kosten f\u00fcr sekund\u00e4res Handling reduziert.<\/li>\n<li><strong>Leicht zu verlagern:<\/strong> Bei einem Standortwechsel kann der gesamte Inhalt mit Standardanh\u00e4ngern an den neuen Standort transportiert werden.<\/li>\n<\/ul>\n<p><strong>Erhebliche wirtschaftliche Vorteile<\/strong><\/p>\n<ul>\n<li><strong>Beherrschbare Kosten:<\/strong> Die Bau- und Mietkosten sind niedriger als bei herk\u00f6mmlichen Lagern, da keine komplexen Tiefbauarbeiten erforderlich sind und die Wartungskosten gering sind.<\/li>\n<li><strong>Null Baukosten:<\/strong> Es sind keine Fundament- oder Bauarbeiten erforderlich, was eine erhebliche Zeit- und Kostenersparnis bedeutet.<\/li>\n<li><strong>Flexible Leasing-Optionen:<\/strong> Langfristige oder kurzfristige Mietvertr\u00e4ge sind m\u00f6glich, was die Kapitalbindung minimiert und den finanziellen Druck verringert.\n<table id=\"tablepress-5\" class=\"tablepress tablepress-id-5\">\n<thead>\n<tr class=\"row-1\">\n\t<th class=\"column-1\">Typ<\/th><th class=\"column-2\">Abmessungen Extern<br \/>\n( L\u00e4nge * Breite * H\u00f6he) mm<\/th><th class=\"column-3\">Dimension Intern <br \/>\n( L\u00e4nge * Breite * H\u00f6he) mm<\/th><th class=\"column-4\">Innen Hubraum<br \/>\nm3<\/th><th class=\"column-5\">Tara Gewicht<br \/>\nkgs<\/th>\n<\/tr>\n<\/thead>\n<tbody class=\"row-striping row-hover\">\n<tr class=\"row-2\">\n\t<td class=\"column-1\">20'GP<\/td><td class=\"column-2\">6058 * 2438 * 2591<\/td><td class=\"column-3\">5910 * 2352 * 2363<\/td><td class=\"column-4\">28.8<\/td><td class=\"column-5\">2400<\/td>\n<\/tr>\n<tr class=\"row-3\">\n\t<td class=\"column-1\">20'HC<\/td><td class=\"column-2\">6058 * 2438 * 2896<\/td><td class=\"column-3\">5898 * 2352 * 2373<\/td><td class=\"column-4\">37<\/td><td class=\"column-5\">2515<\/td>\n<\/tr>\n<tr class=\"row-4\">\n\t<td class=\"column-1\">40'GP<\/td><td class=\"column-2\">12192 * 2438 * 2591<\/td><td class=\"column-3\">12031 * 2346 * 2384<\/td><td class=\"column-4\">67<\/td><td class=\"column-5\">3950<\/td>\n<\/tr>\n<tr class=\"row-5\">\n\t<td class=\"column-1\">40'HC<\/td><td class=\"column-2\">12192 * 2438 * 2896<\/td><td class=\"column-3\">12031 * 2346 * 2673<\/td><td class=\"column-4\">75<\/td><td class=\"column-5\">4100<\/td>\n<\/tr>\n<\/tbody>\n<\/table>\n<!-- #tablepress-5 from cache --><img loading=\"lazy\" decoding=\"async\" class=\"alignnone wp-image-306 size-full\" src=\"https:\/\/www.gkcpro.com\/wp-content\/uploads\/2025\/11\/3.webp\" alt=\"the type of storage container \" width=\"1000\" height=\"1500\" srcset=\"https:\/\/www.gkcpro.com\/wp-content\/uploads\/2025\/11\/3.webp 1000w, https:\/\/www.gkcpro.com\/wp-content\/uploads\/2025\/11\/3-800x1200.webp 800w, https:\/\/www.gkcpro.com\/wp-content\/uploads\/2025\/11\/3-200x300.webp 200w, https:\/\/www.gkcpro.com\/wp-content\/uploads\/2025\/11\/3-683x1024.webp 683w, https:\/\/www.gkcpro.com\/wp-content\/uploads\/2025\/11\/3-768x1152.webp 768w, https:\/\/www.gkcpro.com\/wp-content\/uploads\/2025\/11\/3-624x936.webp 624w\" sizes=\"auto, (max-width: 1000px) 100vw, 1000px\" \/><\/li>\n<\/ul>\n<h3>Storage container FAQ<\/h3>\n<h3 data-start=\"132\" data-end=\"198\">1. <strong data-start=\"139\" data-end=\"196\">Was ist eine Lagereinheit aus Schiffscontainern?<\/strong><\/h3>\n<p data-start=\"199\" data-end=\"457\">A <strong data-start=\"201\" data-end=\"247\">Lagereinheit aus Schiffscontainern<\/strong> ist eine sichere, langlebige Konstruktion aus hochwertigem Stahl. Er bietet individuelle Anpassungsm\u00f6glichkeiten, einschlie\u00dflich Schl\u00f6sser und Bel\u00fcftung. Dieser Containertyp ist sowohl f\u00fcr private als auch f\u00fcr gesch\u00e4ftliche Lagerzwecke perfekt geeignet.<\/p>\n<hr data-start=\"459\" data-end=\"462\" \/>\n<h3 data-start=\"464\" data-end=\"543\">2. <strong data-start=\"471\" data-end=\"541\">Was sind die Vorteile der Verwendung eines Schiffscontainers f\u00fcr die Lagerung?<\/strong><\/h3>\n<p data-start=\"544\" data-end=\"804\">Diese <strong data-start=\"550\" data-end=\"585\">Schiffscontainer f\u00fcr die Lagerung<\/strong> bieten starken Schutz vor Diebstahl und Witterung. Sie sind erschwinglich, tragbar und k\u00f6nnen an unterschiedliche Bed\u00fcrfnisse angepasst werden. Sie sind ideal f\u00fcr die Lagerung von Werkzeugen, Ausr\u00fcstung oder Materialien und bieten sowohl Sicherheit als auch Komfort.<\/p>\n<hr data-start=\"806\" data-end=\"809\" \/>\n<h3 data-start=\"811\" data-end=\"876\">3. <strong data-start=\"818\" data-end=\"874\">Wo kann ein Schiffscontainer-Lagerhaus eingesetzt werden?<\/strong><\/h3>\n<p data-start=\"877\" data-end=\"1169\"><strong data-start=\"877\" data-end=\"913\">Schiffscontainer-Lagereinheiten<\/strong> sind ideal f\u00fcr Baustellen, landwirtschaftliche Einrichtungen und Unternehmen, die eine sichere Lagerung ben\u00f6tigen. Sie eignen sich auch hervorragend f\u00fcr den privaten Gebrauch, z. B. f\u00fcr die Lagerung von Au\u00dfenger\u00e4ten oder saisonalen Artikeln. Diese Einheiten sind vielseitig und praktisch in verschiedenen Umgebungen.<\/p>\n<hr data-start=\"1171\" data-end=\"1174\" \/>\n<h3 data-start=\"1176\" data-end=\"1241\">4. <strong data-start=\"1183\" data-end=\"1239\">Wie lange h\u00e4lt ein Schiffscontainer f\u00fcr die Lagerung?<\/strong><\/h3>\n<p data-start=\"1242\" data-end=\"1447\">A <strong data-start=\"1244\" data-end=\"1278\">Schiffscontainer f\u00fcr die Lagerung<\/strong> kann bei richtiger Pflege viele Jahre lang halten. Aus robustem Stahl gefertigt, ist er resistent gegen Rost und andere Umwelteinfl\u00fcsse, so dass er \u00fcber lange Zeit zuverl\u00e4ssig und sicher bleibt.<\/p>\n<hr data-start=\"1449\" data-end=\"1452\" \/>\n<h3 data-start=\"1454\" data-end=\"1558\">5. <strong data-start=\"1461\" data-end=\"1556\">Warum sollten Sie sich f\u00fcr Qingdao Guoke Container House Co. f\u00fcr Lagerl\u00f6sungen in Schiffscontainern entscheiden?<\/strong><\/h3>\n<p data-start=\"1559\" data-end=\"1852\">Unter <strong data-start=\"1562\" data-end=\"1579\">Qingdao Guoke<\/strong>, Wir sind spezialisiert auf die Herstellung hochwertiger <strong data-start=\"1621\" data-end=\"1661\">Lagerl\u00f6sungen in Schiffscontainern<\/strong> von Grund auf neu. Im Gegensatz zu general\u00fcberholten Modellen durchlaufen unsere Container strenge Qualit\u00e4tskontrollen, um h\u00f6chste Haltbarkeit und Sicherheit zu gew\u00e4hrleisten. Sie k\u00f6nnen sich auf uns verlassen, wenn es um langlebige, zuverl\u00e4ssige Lagerm\u00f6glichkeiten geht.<\/p>","protected":false},"excerpt":{"rendered":"<p>Unsere Lagerschuppen-Versandcontainer sind f\u00fcr eine sichere und zuverl\u00e4ssige Lagerung konzipiert. Zu den g\u00e4ngigen Gr\u00f6\u00dfen geh\u00f6ren 6,1 m (20ft) und 12,2 m (40ft) L\u00e4nge. Der 20-Fu\u00df-Container wiegt etwa 2.300 kg, w\u00e4hrend der 40-Fu\u00df-Container etwa 3.700 kg wiegt. Sie eignen sich perfekt f\u00fcr die Langzeitlagerung und sind so gebaut, dass sie auch rauen Bedingungen standhalten.<\/p>","protected":false},"featured_media":807,"template":"","meta":[],"product_brand":[],"product_cat":[45],"product_tag":[34,35,37,41,47],"class_list":{"0":"post-800","1":"product","2":"type-product","3":"status-publish","4":"has-post-thumbnail","6":"product_cat-storage-container","7":"product_tag-20ft","8":"product_tag-40ft","9":"product_tag-container","10":"product_tag-shipping","11":"product_tag-storage","13":"first","14":"instock","15":"shipping-taxable","16":"product-type-simple"},"yoast_head":"<!-- This site is optimized with the Yoast SEO plugin v26.6 - https:\/\/yoast.com\/wordpress\/plugins\/seo\/ -->\n<title>Warehouse storage container- Storage container Manufacturer<\/title>\n<meta name=\"description\" content=\"Factory Direct Warehouse storage container. Wholesale pricing for global procurement. custom size and solution for your choose.\" \/>\n<meta name=\"robots\" content=\"index, follow, max-snippet:-1, max-image-preview:large, max-video-preview:-1\" \/>\n<link rel=\"canonical\" href=\"https:\/\/www.gkcpro.com\/de\/product\/warehouse-storage-container\/\" \/>\n<meta property=\"og:locale\" content=\"de_DE\" \/>\n<meta property=\"og:type\" content=\"article\" \/>\n<meta property=\"og:title\" content=\"Warehouse storage container- Storage container Manufacturer\" \/>\n<meta property=\"og:description\" content=\"Factory Direct Warehouse storage container. Wholesale pricing for global procurement. custom size and solution for your choose.\" \/>\n<meta property=\"og:url\" content=\"https:\/\/www.gkcpro.com\/de\/product\/warehouse-storage-container\/\" \/>\n<meta property=\"og:site_name\" content=\"Container House Co., Ltd.\" \/>\n<meta property=\"article:modified_time\" content=\"2026-04-17T06:09:11+00:00\" \/>\n<meta property=\"og:image\" content=\"https:\/\/www.gkcpro.com\/wp-content\/uploads\/2026\/01\/7a07667a-f5a4-4244-9c7c-297c744ebe5b.png\" \/>\n\t<meta property=\"og:image:width\" content=\"800\" \/>\n\t<meta property=\"og:image:height\" content=\"800\" \/>\n\t<meta property=\"og:image:type\" content=\"image\/png\" \/>\n<meta name=\"twitter:card\" content=\"summary_large_image\" \/>\n<meta name=\"twitter:label1\" content=\"Gesch\u00e4tzte Lesezeit\" \/>\n\t<meta name=\"twitter:data1\" content=\"3\u00a0Minuten\" \/>\n<script type=\"application\/ld+json\" class=\"yoast-schema-graph\">{\"@context\":\"https:\/\/schema.org\",\"@graph\":[{\"@type\":\"WebPage\",\"@id\":\"https:\/\/www.gkcpro.com\/product\/warehouse-storage-container\/\",\"url\":\"https:\/\/www.gkcpro.com\/product\/warehouse-storage-container\/\",\"name\":\"Warehouse storage container- Storage container Manufacturer\",\"isPartOf\":{\"@id\":\"https:\/\/www.gkcpro.com\/#website\"},\"primaryImageOfPage\":{\"@id\":\"https:\/\/www.gkcpro.com\/product\/warehouse-storage-container\/#primaryimage\"},\"image\":{\"@id\":\"https:\/\/www.gkcpro.com\/product\/warehouse-storage-container\/#primaryimage\"},\"thumbnailUrl\":\"https:\/\/www.gkcpro.com\/wp-content\/uploads\/2026\/01\/7a07667a-f5a4-4244-9c7c-297c744ebe5b.png\",\"datePublished\":\"2026-01-22T09:06:37+00:00\",\"dateModified\":\"2026-04-17T06:09:11+00:00\",\"description\":\"Factory Direct Warehouse storage container. Wholesale pricing for global procurement. custom size and solution for your choose.\",\"breadcrumb\":{\"@id\":\"https:\/\/www.gkcpro.com\/product\/warehouse-storage-container\/#breadcrumb\"},\"inLanguage\":\"de\",\"potentialAction\":[{\"@type\":\"ReadAction\",\"target\":[\"https:\/\/www.gkcpro.com\/product\/warehouse-storage-container\/\"]}]},{\"@type\":\"ImageObject\",\"inLanguage\":\"de\",\"@id\":\"https:\/\/www.gkcpro.com\/product\/warehouse-storage-container\/#primaryimage\",\"url\":\"https:\/\/www.gkcpro.com\/wp-content\/uploads\/2026\/01\/7a07667a-f5a4-4244-9c7c-297c744ebe5b.png\",\"contentUrl\":\"https:\/\/www.gkcpro.com\/wp-content\/uploads\/2026\/01\/7a07667a-f5a4-4244-9c7c-297c744ebe5b.png\",\"width\":800,\"height\":800,\"caption\":\"This storage container features a reinforced steel structure and multiple access points making it suitable for warehouse storage rental yards and site based inventory management Manufactured by an experienced China manufacturer offering OEM ODM custom solutions for distributors and wholesalers\"},{\"@type\":\"BreadcrumbList\",\"@id\":\"https:\/\/www.gkcpro.com\/product\/warehouse-storage-container\/#breadcrumb\",\"itemListElement\":[{\"@type\":\"ListItem\",\"position\":1,\"name\":\"\u9996\u9875\",\"item\":\"https:\/\/www.gkcpro.com\/\"},{\"@type\":\"ListItem\",\"position\":2,\"name\":\"Products\",\"item\":\"https:\/\/www.gkcpro.com\/shop\/\"},{\"@type\":\"ListItem\",\"position\":3,\"name\":\"Warehouse storage container\"}]},{\"@type\":\"WebSite\",\"@id\":\"https:\/\/www.gkcpro.com\/#website\",\"url\":\"https:\/\/www.gkcpro.com\/\",\"name\":\"Container House Co., Ltd.\",\"description\":\"Container House factory\",\"potentialAction\":[{\"@type\":\"SearchAction\",\"target\":{\"@type\":\"EntryPoint\",\"urlTemplate\":\"https:\/\/www.gkcpro.com\/?s={search_term_string}\"},\"query-input\":{\"@type\":\"PropertyValueSpecification\",\"valueRequired\":true,\"valueName\":\"search_term_string\"}}],\"inLanguage\":\"de\"}]}<\/script>\n<!-- \/ Yoast SEO plugin. -->","yoast_head_json":{"title":"Lagerhaus-Lagerbeh\u00e4lter - Hersteller von Lagerbeh\u00e4ltern","description":"Fabrikdirektlager Lagercontainer. Gro\u00dfhandelspreise f\u00fcr den globalen Einkauf. Individuelle Gr\u00f6\u00dfen und L\u00f6sungen nach Ihrer Wahl.","robots":{"index":"index","follow":"follow","max-snippet":"max-snippet:-1","max-image-preview":"max-image-preview:large","max-video-preview":"max-video-preview:-1"},"canonical":"https:\/\/www.gkcpro.com\/de\/product\/warehouse-storage-container\/","og_locale":"de_DE","og_type":"article","og_title":"Warehouse storage container- Storage container Manufacturer","og_description":"Factory Direct Warehouse storage container. Wholesale pricing for global procurement. custom size and solution for your choose.","og_url":"https:\/\/www.gkcpro.com\/de\/product\/warehouse-storage-container\/","og_site_name":"Container House Co., Ltd.","article_modified_time":"2026-04-17T06:09:11+00:00","og_image":[{"width":800,"height":800,"url":"https:\/\/www.gkcpro.com\/wp-content\/uploads\/2026\/01\/7a07667a-f5a4-4244-9c7c-297c744ebe5b.png","type":"image\/png"}],"twitter_card":"summary_large_image","twitter_misc":{"Gesch\u00e4tzte Lesezeit":"3\u00a0Minuten"},"schema":{"@context":"https:\/\/schema.org","@graph":[{"@type":"WebPage","@id":"https:\/\/www.gkcpro.com\/product\/warehouse-storage-container\/","url":"https:\/\/www.gkcpro.com\/product\/warehouse-storage-container\/","name":"Lagerhaus-Lagerbeh\u00e4lter - Hersteller von Lagerbeh\u00e4ltern","isPartOf":{"@id":"https:\/\/www.gkcpro.com\/#website"},"primaryImageOfPage":{"@id":"https:\/\/www.gkcpro.com\/product\/warehouse-storage-container\/#primaryimage"},"image":{"@id":"https:\/\/www.gkcpro.com\/product\/warehouse-storage-container\/#primaryimage"},"thumbnailUrl":"https:\/\/www.gkcpro.com\/wp-content\/uploads\/2026\/01\/7a07667a-f5a4-4244-9c7c-297c744ebe5b.png","datePublished":"2026-01-22T09:06:37+00:00","dateModified":"2026-04-17T06:09:11+00:00","description":"Fabrikdirektlager Lagercontainer. Gro\u00dfhandelspreise f\u00fcr den globalen Einkauf. Individuelle Gr\u00f6\u00dfen und L\u00f6sungen nach Ihrer Wahl.","breadcrumb":{"@id":"https:\/\/www.gkcpro.com\/product\/warehouse-storage-container\/#breadcrumb"},"inLanguage":"de","potentialAction":[{"@type":"ReadAction","target":["https:\/\/www.gkcpro.com\/product\/warehouse-storage-container\/"]}]},{"@type":"ImageObject","inLanguage":"de","@id":"https:\/\/www.gkcpro.com\/product\/warehouse-storage-container\/#primaryimage","url":"https:\/\/www.gkcpro.com\/wp-content\/uploads\/2026\/01\/7a07667a-f5a4-4244-9c7c-297c744ebe5b.png","contentUrl":"https:\/\/www.gkcpro.com\/wp-content\/uploads\/2026\/01\/7a07667a-f5a4-4244-9c7c-297c744ebe5b.png","width":800,"height":800,"caption":"This storage container features a reinforced steel structure and multiple access points making it suitable for warehouse storage rental yards and site based inventory management Manufactured by an experienced China manufacturer offering OEM ODM custom solutions for distributors and wholesalers"},{"@type":"BreadcrumbList","@id":"https:\/\/www.gkcpro.com\/product\/warehouse-storage-container\/#breadcrumb","itemListElement":[{"@type":"ListItem","position":1,"name":"\u9996\u9875","item":"https:\/\/www.gkcpro.com\/"},{"@type":"ListItem","position":2,"name":"Products","item":"https:\/\/www.gkcpro.com\/shop\/"},{"@type":"ListItem","position":3,"name":"Warehouse storage container"}]},{"@type":"WebSite","@id":"https:\/\/www.gkcpro.com\/#website","url":"https:\/\/www.gkcpro.com\/","name":"Container House Co. Ltd.","description":"Containerhaus-Fabrik","potentialAction":[{"@type":"SearchAction","target":{"@type":"EntryPoint","urlTemplate":"https:\/\/www.gkcpro.com\/?s={search_term_string}"},"query-input":{"@type":"PropertyValueSpecification","valueRequired":true,"valueName":"search_term_string"}}],"inLanguage":"de"}]}},"_links":{"self":[{"href":"https:\/\/www.gkcpro.com\/de\/wp-json\/wp\/v2\/product\/800","targetHints":{"allow":["GET"]}}],"collection":[{"href":"https:\/\/www.gkcpro.com\/de\/wp-json\/wp\/v2\/product"}],"about":[{"href":"https:\/\/www.gkcpro.com\/de\/wp-json\/wp\/v2\/types\/product"}],"wp:featuredmedia":[{"embeddable":true,"href":"https:\/\/www.gkcpro.com\/de\/wp-json\/wp\/v2\/media\/807"}],"wp:attachment":[{"href":"https:\/\/www.gkcpro.com\/de\/wp-json\/wp\/v2\/media?parent=800"}],"wp:term":[{"taxonomy":"product_brand","embeddable":true,"href":"https:\/\/www.gkcpro.com\/de\/wp-json\/wp\/v2\/product_brand?post=800"},{"taxonomy":"product_cat","embeddable":true,"href":"https:\/\/www.gkcpro.com\/de\/wp-json\/wp\/v2\/product_cat?post=800"},{"taxonomy":"product_tag","embeddable":true,"href":"https:\/\/www.gkcpro.com\/de\/wp-json\/wp\/v2\/product_tag?post=800"}],"curies":[{"name":"wp","href":"https:\/\/api.w.org\/{rel}","templated":true}]}}