{"id":773,"date":"2026-02-22T09:36:28","date_gmt":"2026-02-22T01:36:28","guid":{"rendered":"https:\/\/www.gkcpro.com\/?post_type=product&#038;p=773"},"modified":"2026-04-17T13:40:54","modified_gmt":"2026-04-17T05:40:54","slug":"20ft-reefer-container","status":"publish","type":"product","link":"https:\/\/www.gkcpro.com\/de\/product\/20ft-reefer-container\/","title":{"rendered":"Gro\u00dfhandel 20ft Reefer Container"},"content":{"rendered":"<h2><span data-markdown-start-index=\"1123\">20ft Reefer Container Produktspezifikationen\u00a0<\/span><\/h2>\n<p><span data-markdown-start-index=\"1196\">Suche nach einem zuverl\u00e4ssigen\u00a0<\/span><strong><span data-markdown-start-index=\"1221\">20ft K\u00fchlcontainer<\/span><\/strong><span data-markdown-start-index=\"1244\">\u00a0um Ihre temperaturempfindliche Fracht zu sch\u00fctzen?<\/span><\/p>\n<p><span data-markdown-start-index=\"1290\">Hier sind Sie richtig.<\/span><\/p>\n<p><span data-markdown-start-index=\"1318\">Unter <\/span><strong><span data-markdown-start-index=\"1323\">Container House Co. Ltd.<\/span><\/strong><span data-markdown-start-index=\"1363\">, Wir stellen nicht nur Container her, wir entwickeln auch\u00a0<\/span><strong><span data-markdown-start-index=\"1417\">K\u00fchlkettenl\u00f6sungen<\/span><\/strong><span data-markdown-start-index=\"1439\">. Die Container sind mit Maschinen der Marken Thermo King, Carrier und anderen ausgestattet. Wir exportieren gebrauchte und neue K\u00fchlcontainer in jeden Hafen der Welt.<\/span><\/p>\n<p><span data-markdown-start-index=\"1441\">Ganz gleich, ob Sie Arzneimittel, Frischwaren oder gefrorene Meeresfr\u00fcchte transportieren, unsere ISO-zertifizierten 20-Fu\u00df-K\u00fchlcontainer bieten pr\u00e4zise Temperaturkontrolle (-30 \u00b0C bis +30 \u00b0C) und hervorragende Isolierung.<\/span><\/p>\n<p><strong><span data-markdown-start-index=\"1638\">Und das Beste daran?<\/span><\/strong><\/p>\n<p><span data-markdown-start-index=\"1655\">Unsere Container sind konzipiert f\u00fcr\u00a0<\/span><strong><span data-markdown-start-index=\"1691\">h\u00f6chste Energieeffizienz<\/span><\/strong><span data-markdown-start-index=\"1718\">, Dadurch k\u00f6nnen Sie Ihre Betriebskosten erheblich senken.<\/span><\/p>\n<p><span data-markdown-start-index=\"1769\">Im Folgenden erl\u00e4utern wir genau, warum unsere\u00a0<\/span><strong><span data-markdown-start-index=\"1808\">20ft K\u00fchlcontainer<\/span><\/strong><span data-markdown-start-index=\"1831\">\u00a0ist die #1-Wahl f\u00fcr B2B-Eink\u00e4ufer weltweit.<\/span><\/p>\n<h2><span data-markdown-start-index=\"2794\">Warum sollten Sie sich f\u00fcr unseren 20ft Reefer Container entscheiden?<\/span><\/h2>\n<p><span data-markdown-start-index=\"2832\">Wenn Sie eine Quelle von einem\u00a0<\/span><strong><span data-markdown-start-index=\"2857\">China Schiffscontainer Hersteller<\/span><\/strong><span data-markdown-start-index=\"2896\">, brauchen Sie mehr als nur einen Metallkasten. Sie brauchen Zuverl\u00e4ssigkeit.<\/span><\/p>\n<p><span data-markdown-start-index=\"2957\">Das sind die Gr\u00fcnde, warum sich unsere Container auszeichnen:<\/span><\/p>\n<h3><span data-markdown-start-index=\"2999\">1. \u201cSmart-Cool\u201d-Energieeffizienz<\/span><\/h3>\n<p><span data-markdown-start-index=\"3032\">Die Stromkosten k\u00f6nnen Ihre Gewinnspanne zunichte machen.<\/span><\/p>\n<p><span data-markdown-start-index=\"3073\">Deshalb ist unser\u00a0<\/span><strong><span data-markdown-start-index=\"3092\">20ft K\u00fchlcontainer<\/span><\/strong><span data-markdown-start-index=\"3115\">\u00a0ist mit einer hochdichten Polyurethanschaum-Isolierung und modernen T\u00fcrdichtungen ausgestattet. Diese Konstruktion minimiert W\u00e4rmelecks (niedriger K-Wert).<\/span><\/p>\n<p><strong><span data-markdown-start-index=\"3247\">Das Ergebnis?<\/span><\/strong><\/p>\n<ul>\n<li><span data-markdown-start-index=\"3264\">Ihr K\u00fchlger\u00e4t arbeitet weniger.<\/span><\/li>\n<li><span data-markdown-start-index=\"3297\">Sie sparen Geld f\u00fcr Kraftstoff und Strom.<\/span><\/li>\n<li><span data-markdown-start-index=\"3340\">Die Ladung bleibt frisch, auch bei extremer \u00e4u\u00dferer Hitze.<\/span><\/li>\n<\/ul>\n<h3><span data-markdown-start-index=\"3398\">2. Pr\u00e4zise Temperaturkontrolle (kein Verderb)<\/span><\/h3>\n<p><span data-markdown-start-index=\"3444\">F\u00fcr Pharmazeutika und Gefrierfleisch kann eine Schwankung von 1\u00b0C eine Katastrophe sein.<\/span><\/p>\n<p><span data-markdown-start-index=\"3522\">Unsere Einheiten unterhalten eine\u00a0<\/span><strong><span data-markdown-start-index=\"3545\">konstanter Luftstrom<\/span><\/strong><span data-markdown-start-index=\"3563\">\u00a0durch den T-Bar-Boden und sorgt daf\u00fcr, dass jede Palette von kalter Luft umstr\u00f6mt wird. Ob Sie nun \u201ctiefgek\u00fchlt\u201d oder \u201cgek\u00fchlt\u201d ben\u00f6tigen, unser System h\u00e4lt den Sollwert unerbittlich ein.<\/span><\/p>\n<h3><span data-markdown-start-index=\"3728\">3. Gebaut f\u00fcr die rauesten Ozeane<\/span><\/h3>\n<p><span data-markdown-start-index=\"3760\">Wir verwenden\u00a0<\/span><strong><span data-markdown-start-index=\"3769\">Cortenstahl (wetterfester Stahl)<\/span><\/strong><span data-markdown-start-index=\"3802\">\u00a0f\u00fcr die Hauptstruktur.<\/span><\/p>\n<p><strong><span data-markdown-start-index=\"3829\">Warum ist das wichtig?<\/span><\/strong><br \/>\n<span data-markdown-start-index=\"3852\">Salzwasser ist korrosiv. Unsere Anti-Korrosions-Beschichtung und die robuste Stahlkonstruktion sorgen daf\u00fcr, dass Ihre Investition mehr als 15 Jahre lang h\u00e4lt, selbst bei h\u00e4ufigem internationalem Versand.<\/span><\/p>\n<hr \/>\n<h2><span data-markdown-start-index=\"4025\">Shipping reefer container Applications: What Can You Ship?<\/span><\/h2>\n<p><span data-markdown-start-index=\"4058\">Unser\u00a0<\/span><strong><span data-markdown-start-index=\"4064\">20ft K\u00fchlcontainer<\/span><\/strong><span data-markdown-start-index=\"4088\">\u00a0sind vielseitige Arbeitstiere. Sie genie\u00dfen das Vertrauen von Branchen wie:<\/span><\/p>\n<ul>\n<li><strong><span data-markdown-start-index=\"4163\">Frisches Obst und Gem\u00fcse:<\/span><\/strong><span data-markdown-start-index=\"4179\">\u00a0Obst, Gem\u00fcse und Blumen (Feuchtigkeitsregelung m\u00f6glich).<\/span><\/li>\n<li><strong><span data-markdown-start-index=\"4247\">Pharmazeutika:<\/span><\/strong><span data-markdown-start-index=\"4265\">\u00a0Impfstoffe und medizinisches Material, die eine strenge Einhaltung der GDP-Vorschriften erfordern.<\/span><\/li>\n<li><strong><span data-markdown-start-index=\"4334\">Tiefk\u00fchlkost:<\/span><\/strong><span data-markdown-start-index=\"4349\">\u00a0Fleisch, Meeresfr\u00fcchte und Eiscreme.<\/span><\/li>\n<li><strong><span data-markdown-start-index=\"4385\">Industrielle Chemikalien:<\/span><\/strong><span data-markdown-start-index=\"4408\">\u00a0Temperaturempfindliche fl\u00fcchtige Stoffe.<\/span><\/li>\n<\/ul>\n\n<table id=\"tablepress-6\" class=\"tablepress tablepress-id-6 tbody-has-connected-cells\">\n<thead>\n<tr class=\"row-1\">\n\t<td class=\"column-1\"><\/td><td class=\"column-2\"><\/td><td class=\"column-3\"><\/td><td class=\"column-4\"><\/td><td class=\"column-5\"><\/td><td class=\"column-6\"><\/td><td class=\"column-7\"><\/td><td class=\"column-8\"><\/td><td class=\"column-9\"><\/td>\n<\/tr>\n<\/thead>\n<tbody class=\"row-striping row-hover\">\n<tr class=\"row-2\">\n\t<td rowspan=\"3\" class=\"column-1\">Typ<\/td><td colspan=\"3\" class=\"column-2\">Abmessungen Extern<\/td><td colspan=\"3\" class=\"column-5\">Abmessungen Intern<\/td><td class=\"column-8\">Innen Hubraum<\/td><td class=\"column-9\">Tara Gewicht<\/td>\n<\/tr>\n<tr class=\"row-3\">\n\t<td colspan=\"3\" class=\"column-2\">(mm)<\/td><td colspan=\"3\" class=\"column-5\">(mm)<\/td><td rowspan=\"2\" class=\"column-8\">(cu.m)<\/td><td rowspan=\"2\" class=\"column-9\">(kg)<\/td>\n<\/tr>\n<tr class=\"row-4\">\n\t<td class=\"column-2\">L\u00e4nge<\/td><td class=\"column-3\">Breite<\/td><td class=\"column-4\">H\u00f6he<\/td><td class=\"column-5\">L\u00e4nge<\/td><td class=\"column-6\">Breite<\/td><td class=\"column-7\">H\u00f6he<\/td>\n<\/tr>\n<tr class=\"row-5\">\n\t<td class=\"column-1\">20'<\/td><td class=\"column-2\">6058<\/td><td class=\"column-3\">2438<\/td><td class=\"column-4\">2591<\/td><td class=\"column-5\">5898<\/td><td class=\"column-6\">2352<\/td><td class=\"column-7\">2363<\/td><td class=\"column-8\">33.2<\/td><td class=\"column-9\">2270<\/td>\n<\/tr>\n<tr class=\"row-6\">\n\t<td class=\"column-1\">20HC<\/td><td class=\"column-2\">6058<\/td><td class=\"column-3\">2438<\/td><td class=\"column-4\">2896<\/td><td class=\"column-5\">5898<\/td><td class=\"column-6\">2352<\/td><td class=\"column-7\">2673<\/td><td class=\"column-8\">37<\/td><td class=\"column-9\">2515<\/td>\n<\/tr>\n<tr class=\"row-7\">\n\t<td class=\"column-1\">40'<\/td><td class=\"column-2\">12192<\/td><td class=\"column-3\">2438<\/td><td class=\"column-4\">2591<\/td><td class=\"column-5\">12031<\/td><td class=\"column-6\">2352<\/td><td class=\"column-7\">2384<\/td><td class=\"column-8\">67.7<\/td><td class=\"column-9\">3720<\/td>\n<\/tr>\n<tr class=\"row-8\">\n\t<td class=\"column-1\">40HC<\/td><td class=\"column-2\">12192<\/td><td class=\"column-3\">2438<\/td><td class=\"column-4\">2896<\/td><td class=\"column-5\">12031<\/td><td class=\"column-6\">2352<\/td><td class=\"column-7\">2673<\/td><td class=\"column-8\">76.4<\/td><td class=\"column-9\">3900<\/td>\n<\/tr>\n<\/tbody>\n<\/table>\n<!-- #tablepress-6 from cache -->\n<h2><span data-markdown-start-index=\"4458\">FAQ: B2B Procurement Guide about reefer container<\/span><\/h2>\n<p><strong><span data-markdown-start-index=\"4487\">F: Wie lange ist die Vorlaufzeit f\u00fcr eine Gro\u00dfbestellung?<\/span><\/strong><br \/>\n<span data-markdown-start-index=\"4531\">A: Als Direktlieferant k\u00f6nnen wir Standardger\u00e4te in der Regel innerhalb von\u00a0<\/span><strong><span data-markdown-start-index=\"4612\">7-14 Tage<\/span><\/strong><span data-markdown-start-index=\"4623\">. F\u00fcr Sonderbestellungen wenden Sie sich bitte an unser Verkaufsteam.<\/span><\/p>\n<p><strong><span data-markdown-start-index=\"4677\">F: K\u00f6nnen Sie eine bestimmte Marke von Maschinen installieren (z. B. Carrier)?<\/span><\/strong><br \/>\n<span data-markdown-start-index=\"4744\">A: Ja. Wir arbeiten mit Top-Marken wie\u00a0<\/span><strong><span data-markdown-start-index=\"4786\">Carrier, Thermo King und Daikin<\/span><\/strong><span data-markdown-start-index=\"4820\">. Sie bestimmen die Maschinen, wir installieren sie.<\/span><\/p>\n<p><strong><span data-markdown-start-index=\"4866\">F: Bieten Sie einen \u201cOne-Way-Use\u201d-Service f\u00fcr mein Land an?<\/span><\/strong><br \/>\n<span data-markdown-start-index=\"4920\">A: Ja! Wir k\u00f6nnen oft SOC (Shipper Owned Container) Einweg-Transporte zu den wichtigsten H\u00e4fen in den USA, Europa und S\u00fcdostasien organisieren. Dadurch sparen Sie Frachtkosten.<\/span><\/p>\n<p><strong><span data-markdown-start-index=\"5078\">F: Was ist der Unterschied zwischen einem 20-Fu\u00df- und einem 40-Fu\u00df-K\u00fchltransporter?<\/span><\/strong><br \/>\n<span data-markdown-start-index=\"5139\">A: A\u00a0<\/span><strong><span data-markdown-start-index=\"5146\">20ft K\u00fchlkoffer<\/span><\/strong><span data-markdown-start-index=\"5159\">\u00a0ist ideal f\u00fcr schwere, dichte Ladung (wie gefrorenes Fleisch), da er die Gewichtsgrenze vor der Volumengrenze erreicht. Ein 40-Fu\u00df-K\u00fchltransporter ist besser f\u00fcr volumin\u00f6se, leichtere Fracht (wie Gem\u00fcse) geeignet.<\/span><\/p>\n<hr \/>\n<h2><span data-markdown-start-index=\"5349\">Sind Sie bereit f\u00fcr ein Upgrade Ihrer K\u00fchlkette?<\/span><\/h2>\n<p><span data-markdown-start-index=\"5428\">W\u00e4hlen Sie <\/span><strong><span data-markdown-start-index=\"5437\">\u00a0Container House Co. Ltd.<\/span><\/strong><span data-markdown-start-index=\"5477\">\u00a0f\u00fcr werkseigene Direktpreise und ISO-Norm-Qualit\u00e4t.<\/span><\/p>\n<h4>Ich sch\u00e4tze die Produktzertifizierung sehr, sie steht f\u00fcr die Qualit\u00e4t des Produkts. K\u00f6nnen Sie mir etwas \u00fcber die Zertifizierung Ihres Produkts sagen?<\/h4>\n<p>Ja, wir unterst\u00fctzen diese Dienste \u00fcber das Zertifikat.<span style=\"color: #0000ff;\"><strong> <a style=\"color: #0000ff;\" href=\"https:\/\/www.gkcpro.com\/container-house-factory-ce-certification\/\" target=\"_blank\" rel=\"noopener\">Bitte pr\u00fcfen Sie unser CE-Zertifikat<\/a><\/strong>.<\/span> Wenn Sie unser Formular ausf\u00fcllen, sende ich Ihnen eine vollst\u00e4ndige Zertifizierungs- und Unternehmensbrosch\u00fcre zu.<\/p>\n<p><img loading=\"lazy\" decoding=\"async\" class=\"alignnone size-full wp-image-1139\" src=\"https:\/\/www.gkcpro.com\/wp-content\/uploads\/2026\/02\/evaluate.jpg\" alt=\"Meine Container werden in viele L\u00e4nder exportiert; dies ist ein Beispiel f\u00fcr die Erfahrungen unserer Kunden.\" width=\"1000\" height=\"474\" srcset=\"https:\/\/www.gkcpro.com\/wp-content\/uploads\/2026\/02\/evaluate.jpg 1000w, https:\/\/www.gkcpro.com\/wp-content\/uploads\/2026\/02\/evaluate-300x142.jpg 300w, https:\/\/www.gkcpro.com\/wp-content\/uploads\/2026\/02\/evaluate-768x364.jpg 768w, https:\/\/www.gkcpro.com\/wp-content\/uploads\/2026\/02\/evaluate-18x9.jpg 18w, https:\/\/www.gkcpro.com\/wp-content\/uploads\/2026\/02\/evaluate-624x296.jpg 624w, https:\/\/www.gkcpro.com\/wp-content\/uploads\/2026\/02\/evaluate-800x379.jpg 800w\" sizes=\"auto, (max-width: 1000px) 100vw, 1000px\" \/><\/p>","protected":false},"excerpt":{"rendered":"<p>&nbsp;<\/p>\n<p><img loading=\"lazy\" decoding=\"async\" class=\"alignnone wp-image-1137 size-full\" src=\"https:\/\/www.gkcpro.com\/wp-content\/uploads\/2026\/02\/container-house-certificates.jpg\" alt=\"Pr\u00e4sentation internationaler Zertifikate, einschlie\u00dflich ISO 9001, CE und Struktursicherheitszertifizierungen f\u00fcr unsere Export-Containerh\u00e4user und Container\" width=\"1470\" height=\"2000\" srcset=\"https:\/\/www.gkcpro.com\/wp-content\/uploads\/2026\/02\/container-house-certificates.jpg 1470w, https:\/\/www.gkcpro.com\/wp-content\/uploads\/2026\/02\/container-house-certificates-221x300.jpg 221w, https:\/\/www.gkcpro.com\/wp-content\/uploads\/2026\/02\/container-house-certificates-753x1024.jpg 753w, https:\/\/www.gkcpro.com\/wp-content\/uploads\/2026\/02\/container-house-certificates-768x1045.jpg 768w, https:\/\/www.gkcpro.com\/wp-content\/uploads\/2026\/02\/container-house-certificates-1129x1536.jpg 1129w, https:\/\/www.gkcpro.com\/wp-content\/uploads\/2026\/02\/container-house-certificates-9x12.jpg 9w, https:\/\/www.gkcpro.com\/wp-content\/uploads\/2026\/02\/container-house-certificates-624x849.jpg 624w, https:\/\/www.gkcpro.com\/wp-content\/uploads\/2026\/02\/container-house-certificates-800x1088.jpg 800w\" sizes=\"auto, (max-width: 1470px) 100vw, 1470px\" \/><\/p>\n<p>&nbsp;<\/p>","protected":false},"featured_media":774,"template":"","meta":[],"product_brand":[],"product_cat":[49],"product_tag":[],"class_list":{"0":"post-773","1":"product","2":"type-product","3":"status-publish","4":"has-post-thumbnail","6":"product_cat-reefer-container-and-dry-container","8":"first","9":"instock","10":"shipping-taxable","11":"product-type-simple"},"yoast_head":"<!-- This site is optimized with the Yoast SEO plugin v26.6 - https:\/\/yoast.com\/wordpress\/plugins\/seo\/ -->\n<title>wholesale 20ft reefer container - reefer container factory<\/title>\n<meta name=\"description\" content=\"20ft reefer container from China manufacturer. Solution for temperature-sensitive goods, OEM\/ODM custom options for wholesalers distributors.\" \/>\n<meta name=\"robots\" content=\"index, follow, max-snippet:-1, max-image-preview:large, max-video-preview:-1\" \/>\n<link rel=\"canonical\" href=\"https:\/\/www.gkcpro.com\/de\/product\/20ft-reefer-container\/\" \/>\n<meta property=\"og:locale\" content=\"de_DE\" \/>\n<meta property=\"og:type\" content=\"article\" \/>\n<meta property=\"og:title\" content=\"wholesale 20ft reefer container - reefer container factory\" \/>\n<meta property=\"og:description\" content=\"20ft reefer container from China manufacturer. Solution for temperature-sensitive goods, OEM\/ODM custom options for wholesalers distributors.\" \/>\n<meta property=\"og:url\" content=\"https:\/\/www.gkcpro.com\/de\/product\/20ft-reefer-container\/\" \/>\n<meta property=\"og:site_name\" content=\"Container House Co., Ltd.\" \/>\n<meta property=\"article:modified_time\" content=\"2026-04-17T05:40:54+00:00\" \/>\n<meta property=\"og:image\" content=\"https:\/\/www.gkcpro.com\/wp-content\/uploads\/2026\/01\/20ft-container-.jpg\" \/>\n\t<meta property=\"og:image:width\" content=\"800\" \/>\n\t<meta property=\"og:image:height\" content=\"800\" \/>\n\t<meta property=\"og:image:type\" content=\"image\/jpeg\" \/>\n<meta name=\"twitter:card\" content=\"summary_large_image\" \/>\n<meta name=\"twitter:label1\" content=\"Gesch\u00e4tzte Lesezeit\" \/>\n\t<meta name=\"twitter:data1\" content=\"3\u00a0Minuten\" \/>\n<script type=\"application\/ld+json\" class=\"yoast-schema-graph\">{\"@context\":\"https:\/\/schema.org\",\"@graph\":[{\"@type\":\"WebPage\",\"@id\":\"https:\/\/www.gkcpro.com\/product\/20ft-reefer-container\/\",\"url\":\"https:\/\/www.gkcpro.com\/product\/20ft-reefer-container\/\",\"name\":\"wholesale 20ft reefer container - reefer container factory\",\"isPartOf\":{\"@id\":\"https:\/\/www.gkcpro.com\/#website\"},\"primaryImageOfPage\":{\"@id\":\"https:\/\/www.gkcpro.com\/product\/20ft-reefer-container\/#primaryimage\"},\"image\":{\"@id\":\"https:\/\/www.gkcpro.com\/product\/20ft-reefer-container\/#primaryimage\"},\"thumbnailUrl\":\"https:\/\/www.gkcpro.com\/wp-content\/uploads\/2026\/01\/20ft-container-.jpg\",\"datePublished\":\"2026-02-22T01:36:28+00:00\",\"dateModified\":\"2026-04-17T05:40:54+00:00\",\"description\":\"20ft reefer container from China manufacturer. Solution for temperature-sensitive goods, OEM\/ODM custom options for wholesalers distributors.\",\"breadcrumb\":{\"@id\":\"https:\/\/www.gkcpro.com\/product\/20ft-reefer-container\/#breadcrumb\"},\"inLanguage\":\"de\",\"potentialAction\":[{\"@type\":\"ReadAction\",\"target\":[\"https:\/\/www.gkcpro.com\/product\/20ft-reefer-container\/\"]}]},{\"@type\":\"ImageObject\",\"inLanguage\":\"de\",\"@id\":\"https:\/\/www.gkcpro.com\/product\/20ft-reefer-container\/#primaryimage\",\"url\":\"https:\/\/www.gkcpro.com\/wp-content\/uploads\/2026\/01\/20ft-container-.jpg\",\"contentUrl\":\"https:\/\/www.gkcpro.com\/wp-content\/uploads\/2026\/01\/20ft-container-.jpg\",\"width\":800,\"height\":800,\"caption\":\"This 20ft reefer container is perfect for transporting perishable goods and is designed to maintain consistent temperatures during storage and transport Manufactured by a top China supplier, we offer bespoke refrigeration solutions for wholesalers and distributors\"},{\"@type\":\"BreadcrumbList\",\"@id\":\"https:\/\/www.gkcpro.com\/product\/20ft-reefer-container\/#breadcrumb\",\"itemListElement\":[{\"@type\":\"ListItem\",\"position\":1,\"name\":\"\u9996\u9875\",\"item\":\"https:\/\/www.gkcpro.com\/\"},{\"@type\":\"ListItem\",\"position\":2,\"name\":\"Products\",\"item\":\"https:\/\/www.gkcpro.com\/shop\/\"},{\"@type\":\"ListItem\",\"position\":3,\"name\":\"wholesale 20ft reefer container\"}]},{\"@type\":\"WebSite\",\"@id\":\"https:\/\/www.gkcpro.com\/#website\",\"url\":\"https:\/\/www.gkcpro.com\/\",\"name\":\"Container House Co., Ltd.\",\"description\":\"Container House factory\",\"potentialAction\":[{\"@type\":\"SearchAction\",\"target\":{\"@type\":\"EntryPoint\",\"urlTemplate\":\"https:\/\/www.gkcpro.com\/?s={search_term_string}\"},\"query-input\":{\"@type\":\"PropertyValueSpecification\",\"valueRequired\":true,\"valueName\":\"search_term_string\"}}],\"inLanguage\":\"de\"}]}<\/script>\n<!-- \/ Yoast SEO plugin. -->","yoast_head_json":{"title":"Gro\u00dfhandel 20ft K\u00fchlcontainer - K\u00fchlcontainer Fabrik","description":"20-Fu\u00df-K\u00fchlcontainer von einem chinesischen Hersteller. L\u00f6sung f\u00fcr temperaturempfindliche Waren, OEM\/ODM kundenspezifische Optionen f\u00fcr Gro\u00dfh\u00e4ndler und Distributoren.","robots":{"index":"index","follow":"follow","max-snippet":"max-snippet:-1","max-image-preview":"max-image-preview:large","max-video-preview":"max-video-preview:-1"},"canonical":"https:\/\/www.gkcpro.com\/de\/product\/20ft-reefer-container\/","og_locale":"de_DE","og_type":"article","og_title":"wholesale 20ft reefer container - reefer container factory","og_description":"20ft reefer container from China manufacturer. Solution for temperature-sensitive goods, OEM\/ODM custom options for wholesalers distributors.","og_url":"https:\/\/www.gkcpro.com\/de\/product\/20ft-reefer-container\/","og_site_name":"Container House Co., Ltd.","article_modified_time":"2026-04-17T05:40:54+00:00","og_image":[{"width":800,"height":800,"url":"https:\/\/www.gkcpro.com\/wp-content\/uploads\/2026\/01\/20ft-container-.jpg","type":"image\/jpeg"}],"twitter_card":"summary_large_image","twitter_misc":{"Gesch\u00e4tzte Lesezeit":"3\u00a0Minuten"},"schema":{"@context":"https:\/\/schema.org","@graph":[{"@type":"WebPage","@id":"https:\/\/www.gkcpro.com\/product\/20ft-reefer-container\/","url":"https:\/\/www.gkcpro.com\/product\/20ft-reefer-container\/","name":"Gro\u00dfhandel 20ft K\u00fchlcontainer - K\u00fchlcontainer Fabrik","isPartOf":{"@id":"https:\/\/www.gkcpro.com\/#website"},"primaryImageOfPage":{"@id":"https:\/\/www.gkcpro.com\/product\/20ft-reefer-container\/#primaryimage"},"image":{"@id":"https:\/\/www.gkcpro.com\/product\/20ft-reefer-container\/#primaryimage"},"thumbnailUrl":"https:\/\/www.gkcpro.com\/wp-content\/uploads\/2026\/01\/20ft-container-.jpg","datePublished":"2026-02-22T01:36:28+00:00","dateModified":"2026-04-17T05:40:54+00:00","description":"20-Fu\u00df-K\u00fchlcontainer von einem chinesischen Hersteller. L\u00f6sung f\u00fcr temperaturempfindliche Waren, OEM\/ODM kundenspezifische Optionen f\u00fcr Gro\u00dfh\u00e4ndler und Distributoren.","breadcrumb":{"@id":"https:\/\/www.gkcpro.com\/product\/20ft-reefer-container\/#breadcrumb"},"inLanguage":"de","potentialAction":[{"@type":"ReadAction","target":["https:\/\/www.gkcpro.com\/product\/20ft-reefer-container\/"]}]},{"@type":"ImageObject","inLanguage":"de","@id":"https:\/\/www.gkcpro.com\/product\/20ft-reefer-container\/#primaryimage","url":"https:\/\/www.gkcpro.com\/wp-content\/uploads\/2026\/01\/20ft-container-.jpg","contentUrl":"https:\/\/www.gkcpro.com\/wp-content\/uploads\/2026\/01\/20ft-container-.jpg","width":800,"height":800,"caption":"This 20ft reefer container is perfect for transporting perishable goods and is designed to maintain consistent temperatures during storage and transport Manufactured by a top China supplier, we offer bespoke refrigeration solutions for wholesalers and distributors"},{"@type":"BreadcrumbList","@id":"https:\/\/www.gkcpro.com\/product\/20ft-reefer-container\/#breadcrumb","itemListElement":[{"@type":"ListItem","position":1,"name":"\u9996\u9875","item":"https:\/\/www.gkcpro.com\/"},{"@type":"ListItem","position":2,"name":"Products","item":"https:\/\/www.gkcpro.com\/shop\/"},{"@type":"ListItem","position":3,"name":"wholesale 20ft reefer container"}]},{"@type":"WebSite","@id":"https:\/\/www.gkcpro.com\/#website","url":"https:\/\/www.gkcpro.com\/","name":"Container House Co. Ltd.","description":"Containerhaus-Fabrik","potentialAction":[{"@type":"SearchAction","target":{"@type":"EntryPoint","urlTemplate":"https:\/\/www.gkcpro.com\/?s={search_term_string}"},"query-input":{"@type":"PropertyValueSpecification","valueRequired":true,"valueName":"search_term_string"}}],"inLanguage":"de"}]}},"_links":{"self":[{"href":"https:\/\/www.gkcpro.com\/de\/wp-json\/wp\/v2\/product\/773","targetHints":{"allow":["GET"]}}],"collection":[{"href":"https:\/\/www.gkcpro.com\/de\/wp-json\/wp\/v2\/product"}],"about":[{"href":"https:\/\/www.gkcpro.com\/de\/wp-json\/wp\/v2\/types\/product"}],"wp:featuredmedia":[{"embeddable":true,"href":"https:\/\/www.gkcpro.com\/de\/wp-json\/wp\/v2\/media\/774"}],"wp:attachment":[{"href":"https:\/\/www.gkcpro.com\/de\/wp-json\/wp\/v2\/media?parent=773"}],"wp:term":[{"taxonomy":"product_brand","embeddable":true,"href":"https:\/\/www.gkcpro.com\/de\/wp-json\/wp\/v2\/product_brand?post=773"},{"taxonomy":"product_cat","embeddable":true,"href":"https:\/\/www.gkcpro.com\/de\/wp-json\/wp\/v2\/product_cat?post=773"},{"taxonomy":"product_tag","embeddable":true,"href":"https:\/\/www.gkcpro.com\/de\/wp-json\/wp\/v2\/product_tag?post=773"}],"curies":[{"name":"wp","href":"https:\/\/api.w.org\/{rel}","templated":true}]}}