{"id":387,"date":"2025-11-24T17:18:59","date_gmt":"2025-11-24T09:18:59","guid":{"rendered":"http:\/\/jizhuangxiang.webqd.net\/?post_type=product&#038;p=387"},"modified":"2026-04-17T13:46:54","modified_gmt":"2026-04-17T05:46:54","slug":"used-reefer-container-20ft-40ft","status":"publish","type":"product","link":"https:\/\/www.gkcpro.com\/de\/product\/used-reefer-container-20ft-40ft\/","title":{"rendered":"Gebrauchte Reefer Container 20ft 40ft"},"content":{"rendered":"<p>Gebrauchte Reefer Container Produkteinf\u00fchrung<\/p>\n<p>Die Container House Co., Ltd. exportiert gebrauchte K\u00fchlcontainer, die f\u00fcr die Lagerung und den Transport temperatur\u00adempfindlicher G\u00fcter konzipiert sind. Diese Container zeichnen sich durch eine hervorragende Isolierung, ein zuverl\u00e4ssiges K\u00fchlsystem und einstellbare Temperaturregelungen aus. Sie sind auf Langlebigkeit ausgelegt und eignen sich sowohl f\u00fcr die Kurzzeitlagerung als auch f\u00fcr den Langstreckentransport. <span data-markdown-start-index=\"235\">Die Container sind mit Maschinen von Thermo King, Carrier und weiteren Marken ausgestattet. Wir exportieren gebrauchte und neue K\u00fchlcontainer in alle H\u00e4fen weltweit.<\/span><\/p>\n<p>Sie werden in Branchen wie der Lebensmittel-, Pharma- und Chemieindustrie eingesetzt und gew\u00e4hrleisten den sicheren Transport und die Lagerung verderblicher Produkte. Zu den \u00fcblichen Anwendungen geh\u00f6ren die K\u00fchlkettenlogistik, die Lebensmittelverteilung und der Transport von Arzneimitteln.<\/p>\n<p>Die Container House Co., Ltd. verf\u00fcgt \u00fcber langj\u00e4hrige Erfahrung im Export hochwertiger gebrauchter K\u00fchlcontainer. Wir stellen sicher, dass alle Container umfassend gepr\u00fcft und aufgearbeitet werden, um die Leistungsstandards zu erf\u00fcllen. Mit unseren St\u00e4rken in Produktion, Qualit\u00e4tskontrolle und Lieferkettenmanagement bieten wir ma\u00dfgeschneiderte L\u00f6sungen, termingerechte Lieferungen und exzellenten Kundendienst f\u00fcr unsere internationalen Kunden.<\/p>\n<h2>Gebrauchte K\u00fchlcontainer Vorteil<\/h2>\n<p><strong>Nahtlose Integration von Standardisierung und multimodalem Transport<\/strong><\/p>\n<p>Abmessungen und Struktur entsprechen internationalen Standards und passen perfekt zu Containerschiffen, Container-LKWs und Eisenbahnwaggons, was eine schnelle Umstellung zwischen See-, Land- und Schienentransport ohne zwischenzeitliches Be- und Entladen erm\u00f6glicht und die Effizienz erheblich verbessert.<\/p>\n<p><strong>Vollst\u00e4ndiger T\u00fcr-zu-T\u00fcr-K\u00fchlkettenservice<\/strong><\/p>\n<p>Das ist sein Hauptvorteil. Von der Beladung im K\u00fchlhaus des Versenders bis zur Entladung im K\u00fchlhaus des Empf\u00e4ngers verbleiben die Waren durchgehend in derselben temperaturkontrollierten Umgebung, wodurch Temperaturschwankungen und die Gefahr von Ladungssch\u00e4den durch den Umschlag wirksam vermieden werden.<\/p>\n<p><strong>Pr\u00e4zise Temperaturkontrolle<\/strong><\/p>\n<p>Moderne K\u00fchlcontainer sind mit fortschrittlichen Mikroprozessor-Steuerungssystemen ausgestattet, um die strengen Temperaturanforderungen der verschiedenen Waren zu erf\u00fcllen.<\/p>\n<p><strong>Hohe Verl\u00e4sslichkeit und Anpassungsf\u00e4higkeit<\/strong><\/p>\n<p>Robuste Konstruktion, die den rauen Bedingungen des Langstreckentransports auf See standh\u00e4lt. Ausgestattet mit einem unabh\u00e4ngigen Generator oder anschlie\u00dfbar an eine externe Stromquelle, um einen kontinuierlichen und stabilen Betrieb des K\u00fchlsystems zu gew\u00e4hrleisten.<\/p>\n\n<table id=\"tablepress-6\" class=\"tablepress tablepress-id-6 tbody-has-connected-cells\">\n<thead>\n<tr class=\"row-1\">\n\t<td class=\"column-1\"><\/td><td class=\"column-2\"><\/td><td class=\"column-3\"><\/td><td class=\"column-4\"><\/td><td class=\"column-5\"><\/td><td class=\"column-6\"><\/td><td class=\"column-7\"><\/td><td class=\"column-8\"><\/td><td class=\"column-9\"><\/td>\n<\/tr>\n<\/thead>\n<tbody class=\"row-striping row-hover\">\n<tr class=\"row-2\">\n\t<td rowspan=\"3\" class=\"column-1\">Typ<\/td><td colspan=\"3\" class=\"column-2\">Abmessungen Extern<\/td><td colspan=\"3\" class=\"column-5\">Abmessungen Intern<\/td><td class=\"column-8\">Innen Hubraum<\/td><td class=\"column-9\">Tara Gewicht<\/td>\n<\/tr>\n<tr class=\"row-3\">\n\t<td colspan=\"3\" class=\"column-2\">(mm)<\/td><td colspan=\"3\" class=\"column-5\">(mm)<\/td><td rowspan=\"2\" class=\"column-8\">(cu.m)<\/td><td rowspan=\"2\" class=\"column-9\">(kg)<\/td>\n<\/tr>\n<tr class=\"row-4\">\n\t<td class=\"column-2\">L\u00e4nge<\/td><td class=\"column-3\">Breite<\/td><td class=\"column-4\">H\u00f6he<\/td><td class=\"column-5\">L\u00e4nge<\/td><td class=\"column-6\">Breite<\/td><td class=\"column-7\">H\u00f6he<\/td>\n<\/tr>\n<tr class=\"row-5\">\n\t<td class=\"column-1\">20'<\/td><td class=\"column-2\">6058<\/td><td class=\"column-3\">2438<\/td><td class=\"column-4\">2591<\/td><td class=\"column-5\">5898<\/td><td class=\"column-6\">2352<\/td><td class=\"column-7\">2363<\/td><td class=\"column-8\">33.2<\/td><td class=\"column-9\">2270<\/td>\n<\/tr>\n<tr class=\"row-6\">\n\t<td class=\"column-1\">20HC<\/td><td class=\"column-2\">6058<\/td><td class=\"column-3\">2438<\/td><td class=\"column-4\">2896<\/td><td class=\"column-5\">5898<\/td><td class=\"column-6\">2352<\/td><td class=\"column-7\">2673<\/td><td class=\"column-8\">37<\/td><td class=\"column-9\">2515<\/td>\n<\/tr>\n<tr class=\"row-7\">\n\t<td class=\"column-1\">40'<\/td><td class=\"column-2\">12192<\/td><td class=\"column-3\">2438<\/td><td class=\"column-4\">2591<\/td><td class=\"column-5\">12031<\/td><td class=\"column-6\">2352<\/td><td class=\"column-7\">2384<\/td><td class=\"column-8\">67.7<\/td><td class=\"column-9\">3720<\/td>\n<\/tr>\n<tr class=\"row-8\">\n\t<td class=\"column-1\">40HC<\/td><td class=\"column-2\">12192<\/td><td class=\"column-3\">2438<\/td><td class=\"column-4\">2896<\/td><td class=\"column-5\">12031<\/td><td class=\"column-6\">2352<\/td><td class=\"column-7\">2673<\/td><td class=\"column-8\">76.4<\/td><td class=\"column-9\">3900<\/td>\n<\/tr>\n<\/tbody>\n<\/table>\n<!-- #tablepress-6 from cache -->\n<h3>FAQ<\/h3>\n<h3 data-start=\"93\" data-end=\"136\">1. <strong data-start=\"100\" data-end=\"136\">Was ist ein gebrauchter Reefer-Container?<\/strong><\/h3>\n<p data-start=\"137\" data-end=\"455\">Ein gebrauchter K\u00fchlcontainer ist ein gebrauchter K\u00fchlcontainer, der f\u00fcr den Transport und die Lagerung von temperaturempfindlichen G\u00fctern konzipiert ist. Diese Container sind mit einer Isolierung und einem K\u00fchlaggregat ausgestattet, so dass sie eine konstante Temperatur f\u00fcr verderbliche G\u00fcter wie Lebensmittel, Arzneimittel und Chemikalien aufrechterhalten k\u00f6nnen.<\/p>\n<hr data-start=\"457\" data-end=\"460\" \/>\n<h3 data-start=\"462\" data-end=\"530\">2. <strong data-start=\"469\" data-end=\"530\">Was sind die Vorteile eines gebrauchten K\u00fchlcontainers?<\/strong><\/h3>\n<p data-start=\"531\" data-end=\"915\">Gebrauchte K\u00fchlcontainer bieten eine kosteneffiziente L\u00f6sung f\u00fcr Unternehmen, die gek\u00fchlte Lagerung oder Transport ben\u00f6tigen. Diese Container sind langlebig, vielseitig und bieten dennoch eine zuverl\u00e4ssige K\u00fchlleistung. Da sie aus zweiter Hand stammen, sind sie preiswerter als neue Einheiten und damit die ideale Wahl f\u00fcr Unternehmen, die bei den Ausr\u00fcstungskosten sparen wollen, ohne Kompromisse bei der Qualit\u00e4t einzugehen.<\/p>\n<hr data-start=\"917\" data-end=\"920\" \/>\n<h3 data-start=\"922\" data-end=\"997\">3. <strong data-start=\"929\" data-end=\"997\">Welche Arten von Produkten k\u00f6nnen in einem gebrauchten Reefer-Container gelagert werden?<\/strong><\/h3>\n<p data-start=\"998\" data-end=\"1363\">Gebrauchte K\u00fchlcontainer eignen sich ideal f\u00fcr die Lagerung oder den Transport einer breiten Palette temperaturempfindlicher Produkte, darunter Frischwaren, Milchprodukte, Fleisch, Arzneimittel, Blumen und sogar Chemikalien, die eine strenge Temperaturkontrolle erfordern. Die K\u00fchleinheit sorgt daf\u00fcr, dass Ihre Waren innerhalb des erforderlichen Temperaturbereichs bleiben, egal ob bei kurz- oder langfristiger Lagerung.<\/p>\n<hr data-start=\"1365\" data-end=\"1368\" \/>\n<h3 data-start=\"1370\" data-end=\"1421\">4. <strong data-start=\"1377\" data-end=\"1421\">Wie lange halten gebrauchte K\u00fchlcontainer?<\/strong><\/h3>\n<p data-start=\"1422\" data-end=\"1746\">Gebrauchte K\u00fchlcontainer k\u00f6nnen bei ordnungsgem\u00e4\u00dfer Wartung viele Jahre lang halten. Die Lebensdauer h\u00e4ngt von Faktoren wie dem Alter des Containers, der Nutzung und dem Zustand beim Kauf ab. Regelm\u00e4\u00dfige Wartung und Pflege, insbesondere des K\u00fchlaggregats, k\u00f6nnen die Lebensdauer des Containers verl\u00e4ngern und sicherstellen, dass er viele Jahre lang effizient arbeitet.<\/p>\n<hr data-start=\"1748\" data-end=\"1751\" \/>\n<h3 data-start=\"1753\" data-end=\"1841\">5. <strong data-start=\"1760\" data-end=\"1841\">Warum Qingdao Guoke Container House Co. f\u00fcr gebrauchte K\u00fchlcontainer w\u00e4hlen?<\/strong><\/h3>\n<p data-start=\"1842\" data-end=\"2221\">Unter <strong data-start=\"1845\" data-end=\"1887\">Qingdao Guoke Container House Co, Ltd.<\/strong>, bieten wir hochwertige gebrauchte K\u00fchlcontainer an, die gr\u00fcndlich inspiziert und \u00fcberholt wurden. Mit unserer langj\u00e4hrigen Erfahrung und unserem Fokus auf Kundenzufriedenheit bieten wir zuverl\u00e4ssige und erschwingliche L\u00f6sungen f\u00fcr Ihren Bedarf an K\u00fchllagerung. Unsere Container erf\u00fcllen garantiert die erforderlichen Standards f\u00fcr Ihren Gesch\u00e4ftsbetrieb.<\/p>\n<h4>6. ich sch\u00e4tze die Produktzertifizierung sehr, sie steht f\u00fcr die Qualit\u00e4t des Produkts. K\u00f6nnen Sie mir etwas \u00fcber die Zertifizierung Ihres Produkts sagen?<\/h4>\n<p>Ja, wir unterst\u00fctzen diese Dienste \u00fcber das Zertifikat.<span style=\"color: #0000ff;\"><strong> <a style=\"color: #0000ff;\" href=\"https:\/\/www.gkcpro.com\/container-house-factory-ce-certification\/\" target=\"_blank\" rel=\"noopener\">Bitte pr\u00fcfen Sie unser CE-Zertifikat<\/a><\/strong>.<\/span> Wenn Sie unser Formular ausf\u00fcllen, sende ich Ihnen eine vollst\u00e4ndige Zertifizierungs- und Unternehmensbrosch\u00fcre zu.<img loading=\"lazy\" decoding=\"async\" class=\"alignnone size-full wp-image-1139\" src=\"https:\/\/www.gkcpro.com\/wp-content\/uploads\/2026\/02\/evaluate.jpg\" alt=\"Meine Container werden in viele L\u00e4nder exportiert; dies ist ein Beispiel f\u00fcr die Erfahrungen unserer Kunden.\" width=\"1000\" height=\"474\" srcset=\"https:\/\/www.gkcpro.com\/wp-content\/uploads\/2026\/02\/evaluate.jpg 1000w, https:\/\/www.gkcpro.com\/wp-content\/uploads\/2026\/02\/evaluate-300x142.jpg 300w, https:\/\/www.gkcpro.com\/wp-content\/uploads\/2026\/02\/evaluate-768x364.jpg 768w, https:\/\/www.gkcpro.com\/wp-content\/uploads\/2026\/02\/evaluate-18x9.jpg 18w, https:\/\/www.gkcpro.com\/wp-content\/uploads\/2026\/02\/evaluate-624x296.jpg 624w, https:\/\/www.gkcpro.com\/wp-content\/uploads\/2026\/02\/evaluate-800x379.jpg 800w\" sizes=\"auto, (max-width: 1000px) 100vw, 1000px\" \/><\/p>","protected":false},"excerpt":{"rendered":"<p>&nbsp;<\/p>\n<p><img loading=\"lazy\" decoding=\"async\" class=\"alignnone wp-image-1137 size-full\" src=\"https:\/\/www.gkcpro.com\/wp-content\/uploads\/2026\/02\/container-house-certificates.jpg\" alt=\"Pr\u00e4sentation internationaler Zertifikate, einschlie\u00dflich ISO 9001, CE und Struktursicherheitszertifizierungen f\u00fcr unsere Export-Containerh\u00e4user und Container\" width=\"1470\" height=\"2000\" srcset=\"https:\/\/www.gkcpro.com\/wp-content\/uploads\/2026\/02\/container-house-certificates.jpg 1470w, https:\/\/www.gkcpro.com\/wp-content\/uploads\/2026\/02\/container-house-certificates-221x300.jpg 221w, https:\/\/www.gkcpro.com\/wp-content\/uploads\/2026\/02\/container-house-certificates-753x1024.jpg 753w, https:\/\/www.gkcpro.com\/wp-content\/uploads\/2026\/02\/container-house-certificates-768x1045.jpg 768w, https:\/\/www.gkcpro.com\/wp-content\/uploads\/2026\/02\/container-house-certificates-1129x1536.jpg 1129w, https:\/\/www.gkcpro.com\/wp-content\/uploads\/2026\/02\/container-house-certificates-9x12.jpg 9w, https:\/\/www.gkcpro.com\/wp-content\/uploads\/2026\/02\/container-house-certificates-624x849.jpg 624w, https:\/\/www.gkcpro.com\/wp-content\/uploads\/2026\/02\/container-house-certificates-800x1088.jpg 800w\" sizes=\"auto, (max-width: 1470px) 100vw, 1470px\" \/><\/p>","protected":false},"featured_media":843,"template":"","meta":[],"product_brand":[],"product_cat":[49],"product_tag":[],"class_list":{"0":"post-387","1":"product","2":"type-product","3":"status-publish","4":"has-post-thumbnail","6":"product_cat-reefer-container-and-dry-container","8":"first","9":"instock","10":"shipping-taxable","11":"product-type-simple"},"yoast_head":"<!-- This site is optimized with the Yoast SEO plugin v26.6 - https:\/\/yoast.com\/wordpress\/plugins\/seo\/ -->\n<title>Used Reefer Container 20ft 40ft - China Reefer Container Factory<\/title>\n<meta name=\"description\" content=\"Used Reefer Container for Sale \u2013 Reliable, cost-effective solution for storage and transport. Bulk orders available for wholesalers and distributors.\" \/>\n<meta name=\"robots\" content=\"index, follow, max-snippet:-1, max-image-preview:large, max-video-preview:-1\" \/>\n<link rel=\"canonical\" href=\"https:\/\/www.gkcpro.com\/de\/product\/used-reefer-container-20ft-40ft\/\" \/>\n<meta property=\"og:locale\" content=\"de_DE\" \/>\n<meta property=\"og:type\" content=\"article\" \/>\n<meta property=\"og:title\" content=\"Used Reefer Container 20ft 40ft - China Reefer Container Factory\" \/>\n<meta property=\"og:description\" content=\"Used Reefer Container for Sale \u2013 Reliable, cost-effective solution for storage and transport. Bulk orders available for wholesalers and distributors.\" \/>\n<meta property=\"og:url\" content=\"https:\/\/www.gkcpro.com\/de\/product\/used-reefer-container-20ft-40ft\/\" \/>\n<meta property=\"og:site_name\" content=\"Container House Co., Ltd.\" \/>\n<meta property=\"article:modified_time\" content=\"2026-04-17T05:46:54+00:00\" \/>\n<meta property=\"og:image\" content=\"https:\/\/www.gkcpro.com\/wp-content\/uploads\/2025\/11\/reefer-container-1.jpg\" \/>\n\t<meta property=\"og:image:width\" content=\"800\" \/>\n\t<meta property=\"og:image:height\" content=\"800\" \/>\n\t<meta property=\"og:image:type\" content=\"image\/jpeg\" \/>\n<meta name=\"twitter:card\" content=\"summary_large_image\" \/>\n<meta name=\"twitter:label1\" content=\"Gesch\u00e4tzte Lesezeit\" \/>\n\t<meta name=\"twitter:data1\" content=\"4\u00a0Minuten\" \/>\n<script type=\"application\/ld+json\" class=\"yoast-schema-graph\">{\"@context\":\"https:\/\/schema.org\",\"@graph\":[{\"@type\":\"WebPage\",\"@id\":\"https:\/\/www.gkcpro.com\/product\/used-reefer-container-20ft-40ft\/\",\"url\":\"https:\/\/www.gkcpro.com\/product\/used-reefer-container-20ft-40ft\/\",\"name\":\"Used Reefer Container 20ft 40ft - China Reefer Container Factory\",\"isPartOf\":{\"@id\":\"https:\/\/www.gkcpro.com\/#website\"},\"primaryImageOfPage\":{\"@id\":\"https:\/\/www.gkcpro.com\/product\/used-reefer-container-20ft-40ft\/#primaryimage\"},\"image\":{\"@id\":\"https:\/\/www.gkcpro.com\/product\/used-reefer-container-20ft-40ft\/#primaryimage\"},\"thumbnailUrl\":\"https:\/\/www.gkcpro.com\/wp-content\/uploads\/2025\/11\/reefer-container-1.jpg\",\"datePublished\":\"2025-11-24T09:18:59+00:00\",\"dateModified\":\"2026-04-17T05:46:54+00:00\",\"description\":\"Used Reefer Container for Sale \u2013 Reliable, cost-effective solution for storage and transport. Bulk orders available for wholesalers and distributors.\",\"breadcrumb\":{\"@id\":\"https:\/\/www.gkcpro.com\/product\/used-reefer-container-20ft-40ft\/#breadcrumb\"},\"inLanguage\":\"de\",\"potentialAction\":[{\"@type\":\"ReadAction\",\"target\":[\"https:\/\/www.gkcpro.com\/product\/used-reefer-container-20ft-40ft\/\"]}]},{\"@type\":\"ImageObject\",\"inLanguage\":\"de\",\"@id\":\"https:\/\/www.gkcpro.com\/product\/used-reefer-container-20ft-40ft\/#primaryimage\",\"url\":\"https:\/\/www.gkcpro.com\/wp-content\/uploads\/2025\/11\/reefer-container-1.jpg\",\"contentUrl\":\"https:\/\/www.gkcpro.com\/wp-content\/uploads\/2025\/11\/reefer-container-1.jpg\",\"width\":800,\"height\":800,\"caption\":\"The 20ft and 40ft reefer containers are designed for safe transport of perishable goods offering temperature control and durability for long-distance shipping\"},{\"@type\":\"BreadcrumbList\",\"@id\":\"https:\/\/www.gkcpro.com\/product\/used-reefer-container-20ft-40ft\/#breadcrumb\",\"itemListElement\":[{\"@type\":\"ListItem\",\"position\":1,\"name\":\"\u9996\u9875\",\"item\":\"https:\/\/www.gkcpro.com\/\"},{\"@type\":\"ListItem\",\"position\":2,\"name\":\"Products\",\"item\":\"https:\/\/www.gkcpro.com\/shop\/\"},{\"@type\":\"ListItem\",\"position\":3,\"name\":\"Used Reefer Container 20ft 40ft\"}]},{\"@type\":\"WebSite\",\"@id\":\"https:\/\/www.gkcpro.com\/#website\",\"url\":\"https:\/\/www.gkcpro.com\/\",\"name\":\"Container House Co., Ltd.\",\"description\":\"Container House factory\",\"potentialAction\":[{\"@type\":\"SearchAction\",\"target\":{\"@type\":\"EntryPoint\",\"urlTemplate\":\"https:\/\/www.gkcpro.com\/?s={search_term_string}\"},\"query-input\":{\"@type\":\"PropertyValueSpecification\",\"valueRequired\":true,\"valueName\":\"search_term_string\"}}],\"inLanguage\":\"de\"}]}<\/script>\n<!-- \/ Yoast SEO plugin. -->","yoast_head_json":{"title":"Gebrauchte Reefer Container 20ft 40ft - China Reefer Container Fabrik","description":"Gebrauchte K\u00fchlcontainer zu verkaufen - Zuverl\u00e4ssige, kosteng\u00fcnstige L\u00f6sung f\u00fcr Lagerung und Transport. Gro\u00dfauftr\u00e4ge f\u00fcr Gro\u00dfh\u00e4ndler und Distributoren verf\u00fcgbar.","robots":{"index":"index","follow":"follow","max-snippet":"max-snippet:-1","max-image-preview":"max-image-preview:large","max-video-preview":"max-video-preview:-1"},"canonical":"https:\/\/www.gkcpro.com\/de\/product\/used-reefer-container-20ft-40ft\/","og_locale":"de_DE","og_type":"article","og_title":"Used Reefer Container 20ft 40ft - China Reefer Container Factory","og_description":"Used Reefer Container for Sale \u2013 Reliable, cost-effective solution for storage and transport. Bulk orders available for wholesalers and distributors.","og_url":"https:\/\/www.gkcpro.com\/de\/product\/used-reefer-container-20ft-40ft\/","og_site_name":"Container House Co., Ltd.","article_modified_time":"2026-04-17T05:46:54+00:00","og_image":[{"width":800,"height":800,"url":"https:\/\/www.gkcpro.com\/wp-content\/uploads\/2025\/11\/reefer-container-1.jpg","type":"image\/jpeg"}],"twitter_card":"summary_large_image","twitter_misc":{"Gesch\u00e4tzte Lesezeit":"4\u00a0Minuten"},"schema":{"@context":"https:\/\/schema.org","@graph":[{"@type":"WebPage","@id":"https:\/\/www.gkcpro.com\/product\/used-reefer-container-20ft-40ft\/","url":"https:\/\/www.gkcpro.com\/product\/used-reefer-container-20ft-40ft\/","name":"Gebrauchte Reefer Container 20ft 40ft - China Reefer Container Fabrik","isPartOf":{"@id":"https:\/\/www.gkcpro.com\/#website"},"primaryImageOfPage":{"@id":"https:\/\/www.gkcpro.com\/product\/used-reefer-container-20ft-40ft\/#primaryimage"},"image":{"@id":"https:\/\/www.gkcpro.com\/product\/used-reefer-container-20ft-40ft\/#primaryimage"},"thumbnailUrl":"https:\/\/www.gkcpro.com\/wp-content\/uploads\/2025\/11\/reefer-container-1.jpg","datePublished":"2025-11-24T09:18:59+00:00","dateModified":"2026-04-17T05:46:54+00:00","description":"Gebrauchte K\u00fchlcontainer zu verkaufen - Zuverl\u00e4ssige, kosteng\u00fcnstige L\u00f6sung f\u00fcr Lagerung und Transport. Gro\u00dfauftr\u00e4ge f\u00fcr Gro\u00dfh\u00e4ndler und Distributoren verf\u00fcgbar.","breadcrumb":{"@id":"https:\/\/www.gkcpro.com\/product\/used-reefer-container-20ft-40ft\/#breadcrumb"},"inLanguage":"de","potentialAction":[{"@type":"ReadAction","target":["https:\/\/www.gkcpro.com\/product\/used-reefer-container-20ft-40ft\/"]}]},{"@type":"ImageObject","inLanguage":"de","@id":"https:\/\/www.gkcpro.com\/product\/used-reefer-container-20ft-40ft\/#primaryimage","url":"https:\/\/www.gkcpro.com\/wp-content\/uploads\/2025\/11\/reefer-container-1.jpg","contentUrl":"https:\/\/www.gkcpro.com\/wp-content\/uploads\/2025\/11\/reefer-container-1.jpg","width":800,"height":800,"caption":"The 20ft and 40ft reefer containers are designed for safe transport of perishable goods offering temperature control and durability for long-distance shipping"},{"@type":"BreadcrumbList","@id":"https:\/\/www.gkcpro.com\/product\/used-reefer-container-20ft-40ft\/#breadcrumb","itemListElement":[{"@type":"ListItem","position":1,"name":"\u9996\u9875","item":"https:\/\/www.gkcpro.com\/"},{"@type":"ListItem","position":2,"name":"Products","item":"https:\/\/www.gkcpro.com\/shop\/"},{"@type":"ListItem","position":3,"name":"Used Reefer Container 20ft 40ft"}]},{"@type":"WebSite","@id":"https:\/\/www.gkcpro.com\/#website","url":"https:\/\/www.gkcpro.com\/","name":"Container House Co. Ltd.","description":"Containerhaus-Fabrik","potentialAction":[{"@type":"SearchAction","target":{"@type":"EntryPoint","urlTemplate":"https:\/\/www.gkcpro.com\/?s={search_term_string}"},"query-input":{"@type":"PropertyValueSpecification","valueRequired":true,"valueName":"search_term_string"}}],"inLanguage":"de"}]}},"_links":{"self":[{"href":"https:\/\/www.gkcpro.com\/de\/wp-json\/wp\/v2\/product\/387","targetHints":{"allow":["GET"]}}],"collection":[{"href":"https:\/\/www.gkcpro.com\/de\/wp-json\/wp\/v2\/product"}],"about":[{"href":"https:\/\/www.gkcpro.com\/de\/wp-json\/wp\/v2\/types\/product"}],"wp:featuredmedia":[{"embeddable":true,"href":"https:\/\/www.gkcpro.com\/de\/wp-json\/wp\/v2\/media\/843"}],"wp:attachment":[{"href":"https:\/\/www.gkcpro.com\/de\/wp-json\/wp\/v2\/media?parent=387"}],"wp:term":[{"taxonomy":"product_brand","embeddable":true,"href":"https:\/\/www.gkcpro.com\/de\/wp-json\/wp\/v2\/product_brand?post=387"},{"taxonomy":"product_cat","embeddable":true,"href":"https:\/\/www.gkcpro.com\/de\/wp-json\/wp\/v2\/product_cat?post=387"},{"taxonomy":"product_tag","embeddable":true,"href":"https:\/\/www.gkcpro.com\/de\/wp-json\/wp\/v2\/product_tag?post=387"}],"curies":[{"name":"wp","href":"https:\/\/api.w.org\/{rel}","templated":true}]}}