{"id":1852,"date":"2026-04-21T13:57:15","date_gmt":"2026-04-21T05:57:15","guid":{"rendered":"https:\/\/www.gkcpro.com\/?post_type=product&#038;p=1852"},"modified":"2026-04-21T13:59:52","modified_gmt":"2026-04-21T05:59:52","slug":"stacked-shipping-container-house","status":"publish","type":"product","link":"https:\/\/www.gkcpro.com\/de\/product\/stacked-shipping-container-house\/","title":{"rendered":"Gestapeltes Versandcontainerhaus"},"content":{"rendered":"<h2 data-path-to-node=\"0\"><b data-path-to-node=\"0\" data-index-in-node=\"0\">F\u00fchrender Hersteller von gestapelten Versandcontainerh\u00e4usern: Moderne Stra\u00dfenansichtsarchitektur<\/b><\/h2>\n<p data-path-to-node=\"1\">In der sich wandelnden Landschaft von Gewerbeimmobilien und Einzelhandel hat sich <b data-path-to-node=\"1\" data-index-in-node=\"68\">Gestapeltes Versandcontainerhaus<\/b> als erstklassige L\u00f6sung f\u00fcr Unternehmer etabliert, die nach wirkungsvoller, mobiler und nachhaltiger Infrastruktur suchen. Unsere Stra\u00dfenansichts-Containerh\u00e4user sind keine standardm\u00e4\u00dfigen wei\u00dfen Flachpackboxen; es sind architektonisch gestaltete, hochwertige Stahlkonstruktionen, die auf Langlebigkeit und \u00e4sthetischen Reiz ausgelegt sind. Durch die Verwendung von High-Cube-Versandcontainern bieten wir eine schl\u00fcsselfertige L\u00f6sung mit hervorragender W\u00e4rmed\u00e4mmung, struktureller Integrit\u00e4t und einem unverwechselbaren \u201cIndustrial-Chic\u201d-Look, der sofort Fu\u00dfg\u00e4nger anzieht. F\u00fcr internationale K\u00e4ufer und Projektmanager l\u00f6st dieses Produkt das Problem hoher Baukosten und langer Vorlaufzeiten, indem es einen Plug-and-Play-Gesch\u00e4ftsraum bietet, der sofort betriebsbereit ist.<\/p>\n<hr data-path-to-node=\"2\" \/>\n<h2 data-path-to-node=\"3\"><b data-path-to-node=\"3\" data-index-in-node=\"0\">Warum professionelle Importeure unsere modularen Mehrst\u00f6ckigen Einheiten w\u00e4hlen<\/b><\/h2>\n<p data-path-to-node=\"4\">Die Beschaffung eines <b data-path-to-node=\"4\" data-index-in-node=\"11\">Gestapeltes Versandcontainerhaus<\/b> von einem spezialisierten Hersteller stellt sicher, dass Ihr Projekt internationale Baustandards erf\u00fcllt und gleichzeitig wettbewerbsf\u00e4hig bleibt. Lieferanten und Entwickler bevorzugen unsere modularen Mehrst\u00f6ckigen Einheiten, weil sie die Komplexit\u00e4ten traditioneller Massivbauweise umgehen.<\/p>\n<ul data-path-to-node=\"5\">\n<li>\n<p data-path-to-node=\"5,0,0\"><b data-path-to-node=\"5,0,0\" data-index-in-node=\"0\">Kosteneffizienz:<\/b> Deutlich geringere Arbeits- und Materialkosten im Vergleich zu dauerhaften Geb\u00e4uden.<\/p>\n<\/li>\n<li>\n<p data-path-to-node=\"5,1,0\"><b data-path-to-node=\"5,1,0\" data-index-in-node=\"0\">Schnelle Einsatzbereitschaft:<\/b> Modulare Komponenten werden werksseitig vorgefertigt und reduzieren die Montagezeit vor Ort um bis zu <b data-path-to-node=\"5,1,0\" data-index-in-node=\"109\">70%<\/b>.<\/p>\n<\/li>\n<li>\n<p data-path-to-node=\"5,2,0\"><b data-path-to-node=\"5,2,0\" data-index-in-node=\"0\">Verm\u00f6genswert-Portabilit\u00e4t:<\/b> Im Gegensatz zu traditionellen Geb\u00e4uden k\u00f6nnen diese Einheiten verlegt werden, wenn ein Mietvertrag endet oder ein besserer Standort gefunden wird.<\/p>\n<\/li>\n<li>\n<p data-path-to-node=\"5,3,0\"><b data-path-to-node=\"5,3,0\" data-index-in-node=\"0\">Nachhaltigkeit:<\/b> Die Wiederverwendung von Stahlcontainern reduziert den CO\u2082-Fu\u00dfabdruck und spricht umweltbewusste Verbraucher an.<\/p>\n<\/li>\n<\/ul>\n<h3 data-path-to-node=\"6\"><b data-path-to-node=\"6\" data-index-in-node=\"0\">Vielseitige Anwendungen f\u00fcr st\u00e4dtische und l\u00e4ndliche Umgebungen<\/b><\/h3>\n<p data-path-to-node=\"7\">Unser <b data-path-to-node=\"7\" data-index-in-node=\"4\">Gestapelte Frachtbox-Geb\u00e4ude<\/b> sind auf Vielseitigkeit ausgelegt. Egal, ob Sie ein trendiges Stadtcaf\u00e9 oder einen abgelegenen Luxus-R\u00fcckzugsort er\u00f6ffnen m\u00f6chten, diese Einheiten passen sich jeder Umgebung an:<\/p>\n<ul data-path-to-node=\"8\">\n<li>\n<p data-path-to-node=\"8,0,0\"><b data-path-to-node=\"8,0,0\" data-index-in-node=\"0\">Kommerziell:<\/b> Spezialit\u00e4tenkaffeegesch\u00e4fte (wie im \u201cCoffee Box\u201d-Modell), Pop-up-L\u00e4den und Bars.<\/p>\n<\/li>\n<li>\n<p data-path-to-node=\"8,1,0\"><b data-path-to-node=\"8,1,0\" data-index-in-node=\"0\">Gastgewerbe:<\/b> Boutique-Containerhotels, Airbnb-Unterk\u00fcnfte und Glamping-Standorte.<\/p>\n<\/li>\n<li>\n<p data-path-to-node=\"8,2,0\"><b data-path-to-node=\"8,2,0\" data-index-in-node=\"0\">B\u00fcrofl\u00e4che:<\/b> Kreativstudios, Co-Working-Spaces und Marketing-Showrooms.<\/p>\n<\/li>\n<\/ul>\n<hr data-path-to-node=\"9\" \/>\n<h2 data-path-to-node=\"10\"><b data-path-to-node=\"10\" data-index-in-node=\"0\">Technische Spezifikationen und Produktzusammensetzung<\/b><\/h2>\n<p data-path-to-node=\"11\">Unser <b data-path-to-node=\"11\" data-index-in-node=\"4\">Gestapeltes Versandcontainerhaus<\/b> wird aus hochwertigem, atmosph\u00e4risch korrosionsbest\u00e4ndigem Stahl (Corten-Stahl) und hochwertigen Verglasungssystemen gefertigt. Nachfolgend die Standardspezifikationen.<\/p>\n<p data-path-to-node=\"11\">\n<table id=\"tablepress-61\" class=\"tablepress tablepress-id-61\">\n<thead>\n<tr class=\"row-1\">\n\t<th class=\"column-1\"><span style=\"color:#1F1F1F;\"><strong>Merkmal<\/strong><\/span><\/th><th class=\"column-2\"><span style=\"color:#1F1F1F;\"><strong>Werksspezifikation<\/strong><\/span><\/th><th class=\"column-3\"><span style=\"color:#1F1F1F;\"><strong>Wettbewerbsvorteil<\/strong><\/span><\/th>\n<\/tr>\n<\/thead>\n<tbody class=\"row-striping row-hover\">\n<tr class=\"row-2\">\n\t<td class=\"column-1\"><span style=\"color:#1F1F1F;\"><strong>Geh\u00e4usematerial<\/strong><\/span><\/td><td class=\"column-2\"><span style=\"color:#1F1F1F;\"><strong>Flugzeug-Aluminiumlegierung<\/strong><\/span><\/td><td class=\"column-3\"><span style=\"color:#1F1F1F;\">Leicht, rostfrei und feuerbest\u00e4ndig<\/span><\/td>\n<\/tr>\n<tr class=\"row-3\">\n\t<td class=\"column-1\"><span style=\"color:#1F1F1F;\"><strong>Glasqualit\u00e4t<\/strong><\/span><\/td><td class=\"column-2\"><span style=\"color:#1F1F1F;\"><strong>Doppelschichtiges Vakuum-Einscheibensicherheitsglas<\/strong><\/span><\/td><td class=\"column-3\"><span style=\"color:#1F1F1F;\">270\u00b0-Blick mit hervorragender Schall-\/W\u00e4rmed\u00e4mmung<\/span><\/td>\n<\/tr>\n<tr class=\"row-4\">\n\t<td class=\"column-1\"><span style=\"color:#1F1F1F;\"><strong>Smart Control<\/strong><\/span><\/td><td class=\"column-2\"><span style=\"color:#1F1F1F;\"><strong>Integriertes Ganzhaus-Smart-System<\/strong><\/span><\/td><td class=\"column-3\"><span style=\"color:#1F1F1F;\">Steuerung von Klimaanlage, Licht und Vorh\u00e4ngen per Sprache\/App<\/span><\/td>\n<\/tr>\n<tr class=\"row-5\">\n\t<td class=\"column-1\"><span style=\"color:#1F1F1F;\"><strong>Struktur<\/strong><\/span><\/td><td class=\"column-2\"><span style=\"color:#1F1F1F;\"><strong>Feuerverzinktes Stahlchassis<\/strong><\/span><\/td><td class=\"column-3\"><span style=\"color:#1F1F1F;\">Hohe Tragf\u00e4higkeit und 100%-Korrosionsschutz<\/span><\/td>\n<\/tr>\n<tr class=\"row-6\">\n\t<td class=\"column-1\"><span style=\"color:#1F1F1F;\"><strong>Mobilit\u00e4t<\/strong><\/span><\/td><td class=\"column-2\"><span style=\"color:#1F1F1F;\"><strong>Kranfertiges Hebesystem<\/strong><\/span><\/td><td class=\"column-3\"><span style=\"color:#1F1F1F;\">Kein Fundament erforderlich; einfach zu verlegen<\/span><\/td>\n<\/tr>\n<\/tbody>\n<\/table>\n<!-- #tablepress-61 from cache --><\/p>\n<hr data-path-to-node=\"13\" \/>\n<h2 data-path-to-node=\"14\"><b data-path-to-node=\"14\" data-index-in-node=\"0\">Vollst\u00e4ndige OEM- &amp; Anpassungsunterst\u00fctzung<\/b><\/h2>\n<p data-path-to-node=\"15\">Wir verstehen, dass jede Marke einzigartig ist. Unser <b data-path-to-node=\"15\" data-index-in-node=\"46\">Gestapeltes Versandcontainerhaus<\/b> unterst\u00fctzt umfassende OEM-Dienstleistungen, um Ihren spezifischen Anforderungen gerecht zu werden. Sie kaufen keine generische Box; Sie entwerfen ein Markenwahrzeichen.<\/p>\n<h3 data-path-to-node=\"16\"><b data-path-to-node=\"16\" data-index-in-node=\"0\">Anpassbare Optionen umfassen:<\/b><\/h3>\n<ul data-path-to-node=\"17\">\n<li>\n<p data-path-to-node=\"17,0,0\"><b data-path-to-node=\"17,0,0\" data-index-in-node=\"0\">Grundrisskonfiguration:<\/b> Gestapelte, versetzte oder auskragende Designs.<\/p>\n<\/li>\n<li>\n<p data-path-to-node=\"17,1,0\"><b data-path-to-node=\"17,1,0\" data-index-in-node=\"0\">Branding:<\/b> Integrierte LED-Beschilderung, individuelle Farbgestaltung und CNC-gefr\u00e4ste Logos.<\/p>\n<\/li>\n<li>\n<p data-path-to-node=\"17,2,0\"><b data-path-to-node=\"17,2,0\" data-index-in-node=\"0\">Innenausbau:<\/b> Vollst\u00e4ndige Sanit\u00e4rinstallation f\u00fcr K\u00fcchen\/B\u00e4der und integrierte HLK-Systeme.<\/p>\n<\/li>\n<li>\n<p data-path-to-node=\"17,3,0\"><b data-path-to-node=\"17,3,0\" data-index-in-node=\"0\">Smart Features:<\/b> Intelligente Schl\u00f6sser, automatische Beleuchtung und Solarpanel-Integration.<\/p>\n<\/li>\n<\/ul>\n<hr data-path-to-node=\"18\" \/>\n<h2 data-path-to-node=\"19\"><b data-path-to-node=\"19\" data-index-in-node=\"0\">Verpackung, Logistik und weltweite Lieferung<\/b><\/h2>\n<p data-path-to-node=\"20\">Wir haben die Logistik f\u00fcr den Versand eines <b data-path-to-node=\"20\" data-index-in-node=\"46\">mehrst\u00f6ckigen containerisierten Hauses<\/b>.<\/p>\n<ul data-path-to-node=\"21\">\n<li>\n<p data-path-to-node=\"21,0,0\"><b data-path-to-node=\"21,0,0\" data-index-in-node=\"0\">perfektioniert.<\/b> Schutz:.<\/p>\n<\/li>\n<li>\n<p data-path-to-node=\"21,1,0\"><b data-path-to-node=\"21,1,0\" data-index-in-node=\"0\">Alle Glasbereiche sind mit Schutzfolie und Holzkisten verst\u00e4rkt.<\/b> Versand:.<\/p>\n<\/li>\n<li>\n<p data-path-to-node=\"21,2,0\"><b data-path-to-node=\"21,2,0\" data-index-in-node=\"0\">Einheiten werden als Standard-SOC (Shipper Owned Containers) oder per Flat Rack verschifft, um die niedrigstm\u00f6glichen Frachtraten zu gew\u00e4hrleisten.<\/b> Globale Reichweite:.<\/p>\n<\/li>\n<\/ul>\n<hr data-path-to-node=\"22\" \/>\n<h2 data-path-to-node=\"23\"><b data-path-to-node=\"23\" data-index-in-node=\"0\">Wir bieten DDP\/CIF-Dienstleistungen zu wichtigen H\u00e4fen in Nordamerika, Europa, Australien und dem Nahen Osten an.<\/b><\/h2>\n<h4 data-path-to-node=\"24\"><b data-path-to-node=\"24\" data-index-in-node=\"0\">Was unsere globalen Partner sagen<\/b><\/h4>\n<p data-path-to-node=\"25\">\u201cNordamerika (Einzelhandelsentwickler)\u2018<\/p>\n<h4 data-path-to-node=\"26\"><b data-path-to-node=\"26\" data-index-in-node=\"0\">\u201eDas \u201aCoffee Box\u2018-Design war ein Wendepunkt f\u00fcr unsere Strandentwicklung. Die strukturelle Steifigkeit und die Dachterrasse wurden zur Hauptattraktion.\u201c<\/b><\/h4>\n<p data-path-to-node=\"27\">\u201cEuropa (Hotelgruppe)\u201d<\/p>\n<h4 data-path-to-node=\"28\"><b data-path-to-node=\"28\" data-index-in-node=\"0\">Australien (Bergbau &amp; Gewerbe)<\/b><\/h4>\n<p data-path-to-node=\"29\">\u201cDie Einhaltung von Vorschriften war unsere gr\u00f6\u00dfte Sorge, doch die Elektro- und Sanit\u00e4rsysteme erf\u00fcllten perfekt die australischen Normen. Die Lieferung erfolgte p\u00fcnktlich und die Plug-and-Play-Installation funktionierte wie angegeben.\u201d<\/p>\n<hr data-path-to-node=\"30\" \/>\n<h2 data-path-to-node=\"31\"><b data-path-to-node=\"31\" data-index-in-node=\"0\">Warum mit uns zusammenarbeiten?<\/b><\/h2>\n<ul data-path-to-node=\"32\">\n<li>\n<p data-path-to-node=\"32,0,0\"><b data-path-to-node=\"32,0,0\" data-index-in-node=\"0\">Produktionsst\u00e4rke:<\/b> Unsere Anlage umfasst 20.000 Quadratmeter mit einer monatlichen Kapazit\u00e4t von 50 Einheiten.<\/p>\n<\/li>\n<li>\n<p data-path-to-node=\"32,1,0\"><b data-path-to-node=\"32,1,0\" data-index-in-node=\"0\">Exzellentes Design:<\/b> Wir nutzen fortschrittliche 3D-Modellierung und BIM, um sicherzustellen, dass jede Schwei\u00dfnaht und jede Schraube perfekt platziert ist.<\/p>\n<\/li>\n<li>\n<p data-path-to-node=\"32,2,0\"><b data-path-to-node=\"32,2,0\" data-index-in-node=\"0\">Strenge Qualit\u00e4tskontrolle:<\/b> Alle <b data-path-to-node=\"32,2,0\" data-index-in-node=\"30\">Gestapeltes Versandcontainerhaus<\/b> Jede Einheit durchl\u00e4uft vor dem Versand einen 48-st\u00fcndigen Wasserdichtigkeitstest und strenge Elektropr\u00fcfungen.<\/p>\n<\/li>\n<li>\n<p data-path-to-node=\"32,3,0\"><b data-path-to-node=\"32,3,0\" data-index-in-node=\"0\">Schnelle Lieferung:<\/b> Standarddesigns sind innerhalb von 25\u201330 Tagen versandbereit.<\/p>\n<\/li>\n<\/ul>\n<hr data-path-to-node=\"33\" \/>\n<h2 data-path-to-node=\"34\"><b data-path-to-node=\"34\" data-index-in-node=\"0\">H\u00e4ufig gestellte Fragen (FAQ)<\/b><\/h2>\n<p data-path-to-node=\"35\"><b data-path-to-node=\"35\" data-index-in-node=\"0\">1. Ben\u00f6tigt das gestapelte Schiffscontainerhaus ein Fundament?<\/b><\/p>\n<p data-path-to-node=\"35\">Ja, ein einfaches Punktfundament oder eine Bodenplatte ist erforderlich, um die Einheit eben und sicher zu verankern, insbesondere bei mehrst\u00f6ckigen Konfigurationen.<\/p>\n<p data-path-to-node=\"36\"><b data-path-to-node=\"36\" data-index-in-node=\"0\">2. Ist die Struktur erdbeben- und windbest\u00e4ndig?<\/b><\/p>\n<p data-path-to-node=\"36\">Absolut. Containerstrukturen sind von Natur aus einige der stabilsten verf\u00fcgbaren Module. Sie sind ausgelegt, um Wind der St\u00e4rke 12 und Erdbeben hoher Magnitude standzuhalten.<\/p>\n<p data-path-to-node=\"37\"><b data-path-to-node=\"37\" data-index-in-node=\"0\">3. Wie wird die Einheit vor Ort montiert?<\/b><\/p>\n<p data-path-to-node=\"37\">Die Einheiten werden zu 90% vorgefertigt geliefert. Vor Ort ben\u00f6tigen Sie lediglich einen Kran, um das obere Modul auf das untere zu stapeln und \u00fcber die Eckbeschl\u00e4ge miteinander zu verschrauben.<\/p>\n<p data-path-to-node=\"38\"><b data-path-to-node=\"38\" data-index-in-node=\"0\">4. Kann ich die Abmessungen der Container anpassen?<\/b><\/p>\n<p data-path-to-node=\"38\">W\u00e4hrend wir prim\u00e4r Standard-20-Fu\u00df- und 40-Fu\u00df-Container aus Liefereffizienzgr\u00fcnden verwenden, k\u00f6nnen wir Container verbinden oder modifizieren, um breitere oder h\u00f6here individuelle R\u00e4ume zu schaffen.<\/p>\n<p data-path-to-node=\"39\"><b data-path-to-node=\"39\" data-index-in-node=\"0\">5. Wie handhaben Sie elektrische und sanit\u00e4re Anschl\u00fcsse?<\/b><\/p>\n<p data-path-to-node=\"39\">Alle Leitungen und Rohre werden w\u00e4hrend der Fertigung vorinstalliert und in den W\u00e4nden verlegt. Nach dem Stapeln der Einheiten m\u00fcssen nur noch die Hauptleitungen an die lokale Versorgung angeschlossen werden.<\/p>","protected":false},"excerpt":{"rendered":"<p><img loading=\"lazy\" decoding=\"async\" class=\"alignnone size-full wp-image-1139\" src=\"https:\/\/www.gkcpro.com\/wp-content\/uploads\/2026\/02\/evaluate.jpg\" alt=\"Meine Container und Containerh\u00e4user werden in viele L\u00e4nder exportiert; dies ist eine Pr\u00e4sentation unserer Kundenreferenzen.\" width=\"1000\" height=\"474\" srcset=\"https:\/\/www.gkcpro.com\/wp-content\/uploads\/2026\/02\/evaluate.jpg 1000w, https:\/\/www.gkcpro.com\/wp-content\/uploads\/2026\/02\/evaluate-300x142.jpg 300w, https:\/\/www.gkcpro.com\/wp-content\/uploads\/2026\/02\/evaluate-768x364.jpg 768w, https:\/\/www.gkcpro.com\/wp-content\/uploads\/2026\/02\/evaluate-18x9.jpg 18w, https:\/\/www.gkcpro.com\/wp-content\/uploads\/2026\/02\/evaluate-624x296.jpg 624w, https:\/\/www.gkcpro.com\/wp-content\/uploads\/2026\/02\/evaluate-800x379.jpg 800w\" sizes=\"auto, (max-width: 1000px) 100vw, 1000px\" \/><img loading=\"lazy\" decoding=\"async\" class=\"alignnone size-full wp-image-1137\" src=\"https:\/\/www.gkcpro.com\/wp-content\/uploads\/2026\/02\/container-house-certificates.jpg\" alt=\"Pr\u00e4sentation internationaler Zertifikate, einschlie\u00dflich ISO 9001, CE und Struktursicherheitszertifizierungen f\u00fcr unsere Export-Containerh\u00e4user und Container\" width=\"1470\" height=\"2000\" srcset=\"https:\/\/www.gkcpro.com\/wp-content\/uploads\/2026\/02\/container-house-certificates.jpg 1470w, https:\/\/www.gkcpro.com\/wp-content\/uploads\/2026\/02\/container-house-certificates-221x300.jpg 221w, https:\/\/www.gkcpro.com\/wp-content\/uploads\/2026\/02\/container-house-certificates-753x1024.jpg 753w, https:\/\/www.gkcpro.com\/wp-content\/uploads\/2026\/02\/container-house-certificates-768x1045.jpg 768w, https:\/\/www.gkcpro.com\/wp-content\/uploads\/2026\/02\/container-house-certificates-1129x1536.jpg 1129w, https:\/\/www.gkcpro.com\/wp-content\/uploads\/2026\/02\/container-house-certificates-9x12.jpg 9w, https:\/\/www.gkcpro.com\/wp-content\/uploads\/2026\/02\/container-house-certificates-624x849.jpg 624w, https:\/\/www.gkcpro.com\/wp-content\/uploads\/2026\/02\/container-house-certificates-800x1088.jpg 800w\" sizes=\"auto, (max-width: 1470px) 100vw, 1470px\" \/><\/p>","protected":false},"featured_media":1870,"template":"","meta":[],"product_brand":[],"product_cat":[26],"product_tag":[],"class_list":{"0":"post-1852","1":"product","2":"type-product","3":"status-publish","4":"has-post-thumbnail","6":"product_cat-container-house","8":"first","9":"instock","10":"shipping-taxable","11":"product-type-simple"},"yoast_head":"<!-- This site is optimized with the Yoast SEO plugin v26.6 - https:\/\/yoast.com\/wordpress\/plugins\/seo\/ -->\n<title>Stacked shipping container house - container house manufacturer<\/title>\n<meta name=\"robots\" content=\"index, follow, max-snippet:-1, max-image-preview:large, max-video-preview:-1\" \/>\n<link rel=\"canonical\" href=\"https:\/\/www.gkcpro.com\/de\/product\/stacked-shipping-container-house\/\" \/>\n<meta property=\"og:locale\" content=\"de_DE\" \/>\n<meta property=\"og:type\" content=\"article\" \/>\n<meta property=\"og:title\" content=\"Stacked shipping container house - container house manufacturer\" \/>\n<meta property=\"og:url\" content=\"https:\/\/www.gkcpro.com\/de\/product\/stacked-shipping-container-house\/\" \/>\n<meta property=\"og:site_name\" content=\"Container House Co., Ltd.\" \/>\n<meta property=\"article:modified_time\" content=\"2026-04-21T05:59:52+00:00\" \/>\n<meta property=\"og:image\" content=\"https:\/\/www.gkcpro.com\/wp-content\/uploads\/2026\/04\/stack-container.webp\" \/>\n\t<meta property=\"og:image:width\" content=\"1\" \/>\n\t<meta property=\"og:image:height\" content=\"1\" \/>\n\t<meta property=\"og:image:type\" content=\"image\/webp\" \/>\n<meta name=\"twitter:card\" content=\"summary_large_image\" \/>\n<meta name=\"twitter:label1\" content=\"Gesch\u00e4tzte Lesezeit\" \/>\n\t<meta name=\"twitter:data1\" content=\"4\u00a0Minuten\" \/>\n<!-- \/ Yoast SEO plugin. -->","yoast_head_json":{"title":"Gestapeltes Versandcontainerhaus - Containerhaus-Hersteller","robots":{"index":"index","follow":"follow","max-snippet":"max-snippet:-1","max-image-preview":"max-image-preview:large","max-video-preview":"max-video-preview:-1"},"canonical":"https:\/\/www.gkcpro.com\/de\/product\/stacked-shipping-container-house\/","og_locale":"de_DE","og_type":"article","og_title":"Stacked shipping container house - container house manufacturer","og_url":"https:\/\/www.gkcpro.com\/de\/product\/stacked-shipping-container-house\/","og_site_name":"Container House Co., Ltd.","article_modified_time":"2026-04-21T05:59:52+00:00","og_image":[{"url":"https:\/\/www.gkcpro.com\/wp-content\/uploads\/2026\/04\/stack-container.webp","width":1,"height":1,"type":"image\/webp"}],"twitter_card":"summary_large_image","twitter_misc":{"Gesch\u00e4tzte Lesezeit":"4\u00a0Minuten"},"schema":{"@context":"https:\/\/schema.org","@graph":[{"@type":"WebPage","@id":"https:\/\/www.gkcpro.com\/product\/stacked-shipping-container-house\/","url":"https:\/\/www.gkcpro.com\/product\/stacked-shipping-container-house\/","name":"Gestapeltes Versandcontainerhaus - Containerhaus-Hersteller","isPartOf":{"@id":"https:\/\/www.gkcpro.com\/#website"},"primaryImageOfPage":{"@id":"https:\/\/www.gkcpro.com\/product\/stacked-shipping-container-house\/#primaryimage"},"image":{"@id":"https:\/\/www.gkcpro.com\/product\/stacked-shipping-container-house\/#primaryimage"},"thumbnailUrl":"https:\/\/www.gkcpro.com\/wp-content\/uploads\/2026\/04\/stack-container.webp","datePublished":"2026-04-21T05:57:15+00:00","dateModified":"2026-04-21T05:59:52+00:00","breadcrumb":{"@id":"https:\/\/www.gkcpro.com\/product\/stacked-shipping-container-house\/#breadcrumb"},"inLanguage":"de","potentialAction":[{"@type":"ReadAction","target":["https:\/\/www.gkcpro.com\/product\/stacked-shipping-container-house\/"]}]},{"@type":"ImageObject","inLanguage":"de","@id":"https:\/\/www.gkcpro.com\/product\/stacked-shipping-container-house\/#primaryimage","url":"https:\/\/www.gkcpro.com\/wp-content\/uploads\/2026\/04\/stack-container.webp","contentUrl":"https:\/\/www.gkcpro.com\/wp-content\/uploads\/2026\/04\/stack-container.webp","caption":"A large-scale stacked container house display showing multiple modular units securely connected vertically and horizontally, highlighting the precision-engineered corner castings and structural bracing."},{"@type":"BreadcrumbList","@id":"https:\/\/www.gkcpro.com\/product\/stacked-shipping-container-house\/#breadcrumb","itemListElement":[{"@type":"ListItem","position":1,"name":"\u9996\u9875","item":"https:\/\/www.gkcpro.com\/"},{"@type":"ListItem","position":2,"name":"Products","item":"https:\/\/www.gkcpro.com\/shop\/"},{"@type":"ListItem","position":3,"name":"Stacked shipping container house"}]},{"@type":"WebSite","@id":"https:\/\/www.gkcpro.com\/#website","url":"https:\/\/www.gkcpro.com\/","name":"Container House Co. Ltd.","description":"Containerhaus-Fabrik","potentialAction":[{"@type":"SearchAction","target":{"@type":"EntryPoint","urlTemplate":"https:\/\/www.gkcpro.com\/?s={search_term_string}"},"query-input":{"@type":"PropertyValueSpecification","valueRequired":true,"valueName":"search_term_string"}}],"inLanguage":"de"}]}},"_links":{"self":[{"href":"https:\/\/www.gkcpro.com\/de\/wp-json\/wp\/v2\/product\/1852","targetHints":{"allow":["GET"]}}],"collection":[{"href":"https:\/\/www.gkcpro.com\/de\/wp-json\/wp\/v2\/product"}],"about":[{"href":"https:\/\/www.gkcpro.com\/de\/wp-json\/wp\/v2\/types\/product"}],"wp:featuredmedia":[{"embeddable":true,"href":"https:\/\/www.gkcpro.com\/de\/wp-json\/wp\/v2\/media\/1870"}],"wp:attachment":[{"href":"https:\/\/www.gkcpro.com\/de\/wp-json\/wp\/v2\/media?parent=1852"}],"wp:term":[{"taxonomy":"product_brand","embeddable":true,"href":"https:\/\/www.gkcpro.com\/de\/wp-json\/wp\/v2\/product_brand?post=1852"},{"taxonomy":"product_cat","embeddable":true,"href":"https:\/\/www.gkcpro.com\/de\/wp-json\/wp\/v2\/product_cat?post=1852"},{"taxonomy":"product_tag","embeddable":true,"href":"https:\/\/www.gkcpro.com\/de\/wp-json\/wp\/v2\/product_tag?post=1852"}],"curies":[{"name":"wp","href":"https:\/\/api.w.org\/{rel}","templated":true}]}}