{"id":1095,"date":"2026-02-25T16:37:33","date_gmt":"2026-02-25T08:37:33","guid":{"rendered":"https:\/\/www.gkcpro.com\/?post_type=product&#038;p=1095"},"modified":"2026-03-02T11:17:23","modified_gmt":"2026-03-02T03:17:23","slug":"china-genset-container-for-exporting-support-oem-odm","status":"publish","type":"product","link":"https:\/\/www.gkcpro.com\/de\/product\/china-genset-container-for-exporting-support-oem-odm\/","title":{"rendered":"China Genset Container f\u00fcr den Export-Support OEM ODM"},"content":{"rendered":"<h1 data-start=\"0\" data-end=\"52\"><strong data-start=\"0\" data-end=\"52\">Genset-Container \u2013 Zuverl\u00e4ssige Energie f\u00fcr Ihre Fracht<\/strong><\/h1>\n<p data-start=\"54\" data-end=\"461\">Beim Transport verderblicher G\u00fcter \u2013 ob Lebensmittel, Medikamente oder empfindliche Materialien \u2013 d\u00fcrfen Sie bei der Stromversorgung keine Kompromisse eingehen. Hier kommen unsere <strong data-start=\"211\" data-end=\"232\">Genset-Container<\/strong>\u00a0ins Spiel. Entwickelt, um Ihre Fracht auch an den entlegensten oder anspruchsvollsten Standorten reibungslos am Laufen zu halten, bieten unsere Container eine effiziente, zuverl\u00e4ssige Energiequelle, die Ihre K\u00fchlkette unabh\u00e4ngig von der Distanz intakt h\u00e4lt.<\/p>\n<h2 data-start=\"463\" data-end=\"500\"><strong data-start=\"463\" data-end=\"500\">Warum unseren Genset-Container w\u00e4hlen?<\/strong><\/h2>\n<ol data-start=\"501\" data-end=\"2614\">\n<li data-start=\"501\" data-end=\"957\">\n<p data-start=\"504\" data-end=\"957\"><strong data-start=\"504\" data-end=\"556\">Ma\u00dfgeschneidert nach Ihren Bed\u00fcrfnissen mit OEM\/ODM-Kapazit\u00e4ten<\/strong><br data-start=\"556\" data-end=\"559\" \/>Wir verstehen, dass jeder Kunde individuelle Energieanforderungen hat, und deshalb bieten wir <strong data-start=\"650\" data-end=\"674\">OEM- und ODM-Dienstleistungen<\/strong>. an. Ob Sie einen ma\u00dfgeschneiderten Generatorcontainer f\u00fcr spezifische Abmessungen, Leistungsausgabe oder Sonderfunktionen ben\u00f6tigen \u2013 wir haben die L\u00f6sung. Dank unserer flexiblen Fertigungskapazit\u00e4ten k\u00f6nnen Sie einen <strong data-start=\"883\" data-end=\"921\">40-Fu\u00df-Generatorsatz-Container<\/strong> exakt nach Ihren Vorgaben bauen lassen.<\/p>\n<\/li>\n<li data-start=\"959\" data-end=\"1364\">\n<p data-start=\"962\" data-end=\"1364\"><strong data-start=\"962\" data-end=\"1001\">Zuverl\u00e4ssige Energie f\u00fcr abgelegene Standorte<\/strong><br data-start=\"1001\" data-end=\"1004\" \/>Unsere Genset-Container sind mit leistungsstarken <strong data-start=\"1056\" data-end=\"1081\">dieselbetriebenen Motoren<\/strong>, ausgestattet, die bis zu 5 Tage kontinuierlich Energie liefern k\u00f6nnen, ohne nachgetankt werden zu m\u00fcssen. Perfekt f\u00fcr <strong data-start=\"1183\" data-end=\"1204\">K\u00fchlcontainer<\/strong> Transporte auf See, Schiene oder der Stra\u00dfe sorgen diese Einheiten daf\u00fcr, dass Ihre Ware auch in Gebieten ohne feste Stromversorgung die ideale Temperatur beh\u00e4lt.<\/p>\n<\/li>\n<li data-start=\"1366\" data-end=\"2283\">\n<p data-start=\"1369\" data-end=\"1398\"><strong data-start=\"1369\" data-end=\"1396\">Wichtige Merkmale &amp; Vorteile<\/strong><\/p>\n<ul data-start=\"1402\" data-end=\"2283\">\n<li data-start=\"1402\" data-end=\"1549\">\n<p data-start=\"1404\" data-end=\"1549\"><strong data-start=\"1404\" data-end=\"1428\">Autarke Energieversorgung<\/strong>: Halten Sie Ihre K\u00fchlkette intakt mit einem <strong data-start=\"1465\" data-end=\"1507\">15 kW \u2013 30,1 PS Generator-Motor<\/strong> , der zuverl\u00e4ssige, konstante Leistung liefert.<\/p>\n<\/li>\n<li data-start=\"1553\" data-end=\"1841\">\n<p data-start=\"1555\" data-end=\"1841\"><strong data-start=\"1555\" data-end=\"1592\">Flexibilit\u00e4t und einfache Installation<\/strong>: W\u00e4hlen Sie zwischen <strong data-start=\"1606\" data-end=\"1625\">Clip-on-Gensets<\/strong> , die einfach an der Vorderseite von K\u00fchlcontainern montiert werden, oder <strong data-start=\"1681\" data-end=\"1703\">Unterflur-Gensets<\/strong> , die an der Trailer-Fahrgestell angebracht werden f\u00fcr l\u00e4ngere Stra\u00dfentransporte. Wir bieten Flexibilit\u00e4t f\u00fcr kurz- und langfristige Anwendungen.<\/p>\n<\/li>\n<li data-start=\"1845\" data-end=\"2054\">\n<p data-start=\"1847\" data-end=\"2054\"><strong data-start=\"1847\" data-end=\"1863\">Sicherheit geht vor<\/strong>Sicherheit und Stabilit\u00e4t <strong data-start=\"1879\" data-end=\"1911\">: Ausgestattet mit<\/strong>, <strong data-start=\"1913\" data-end=\"1938\">automatischer Spannungsregelung<\/strong>, und <strong data-start=\"1944\" data-end=\"1961\">, Schwingungsd\u00e4mpfern<\/strong>, und Schutzgittern.<\/p>\n<\/li>\n<li data-start=\"2058\" data-end=\"2283\">\n<p data-start=\"2060\" data-end=\"2283\"><strong data-start=\"2060\" data-end=\"2092\">sind unsere Genset-Container darauf ausgelegt, Ihre Ger\u00e4te \u2013 und Ihre Fracht \u2013 stets zu sch\u00fctzen.<\/strong>F\u00fcr raue Umgebungen konstruiert <strong data-start=\"2122\" data-end=\"2138\">: Egal, ob Sie in<\/strong> oder <strong data-start=\"2142\" data-end=\"2159\">hei\u00dfem Klima<\/strong> oder in.<\/p>\n<\/li>\n<\/ul>\n<\/li>\n<li data-start=\"2285\" data-end=\"2614\">\n<p data-start=\"2288\" data-end=\"2614\"><strong data-start=\"2288\" data-end=\"2315\">gro\u00dfen H\u00f6hen<\/strong><br data-start=\"2315\" data-end=\"2318\" \/>operieren \u2013 unsere Gensets sind robust gebaut, um extremen Bedingungen standzuhalten und unterbrechungsfreie Leistung zu bieten. <strong data-start=\"2361\" data-end=\"2379\">Das R\u00fcckgrat der K\u00fchlkette<\/strong>, und <strong data-start=\"2385\" data-end=\"2408\">Genset-Container sind unverzichtbar f\u00fcr die<\/strong>. Schifffahrts-, Bahn- <strong data-start=\"2444\" data-end=\"2458\">und Transportbranche<\/strong> . Sie sind so konzipiert, dass sie die <strong data-start=\"2497\" data-end=\"2528\">K\u00fchlkette<\/strong> auf der gesamten Reise unterst\u00fctzen und sicherstellen, dass.<\/p>\n<\/li>\n<\/ol>\n<h2 data-start=\"2616\" data-end=\"2637\"><strong data-start=\"2616\" data-end=\"2637\">temperatur-sensitive Fracht<\/strong><\/h2>\n<ul data-start=\"2638\" data-end=\"3347\">\n<li data-start=\"2638\" data-end=\"2856\">\n<p data-start=\"2640\" data-end=\"2856\"><strong data-start=\"2640\" data-end=\"2677\">sicher und intakt bleibt, selbst wenn die Strominfrastruktur nicht verf\u00fcgbar oder unzuverl\u00e4ssig ist.<\/strong>Warum mit uns zusammenarbeiten? <strong data-start=\"2772\" data-end=\"2810\">Expertise in kundenspezifischer Fertigung<\/strong> : Mit umfangreicher Erfahrung in der Bereitstellung ma\u00dfgeschneiderter Energie-L\u00f6sungen sind wir spezialisiert auf den Bau von.<\/p>\n<\/li>\n<li data-start=\"2857\" data-end=\"3093\">\n<p data-start=\"2859\" data-end=\"3093\"><strong data-start=\"2859\" data-end=\"2888\">hochleistungsf\u00e4higen Genset-Containern<\/strong>, die exakt auf die Bed\u00fcrfnisse Ihres Unternehmens zugeschnitten sind. <strong data-start=\"2946\" data-end=\"2969\">Kosteneffizient &amp; zuverl\u00e4ssig<\/strong> : Durch den direkten Bezug aus unserer Fabrik profitieren Sie von.<\/p>\n<\/li>\n<li data-start=\"3094\" data-end=\"3347\">\n<p data-start=\"3096\" data-end=\"3347\"><strong data-start=\"3096\" data-end=\"3123\">wettbewerbsf\u00e4higen Preisen<\/strong>: Unser <strong data-start=\"3129\" data-end=\"3156\">ohne Qualit\u00e4tseinbu\u00dfen. Wir bieten flexible Auftragsmengen, um Ihren Bedarf zu decken \u2013 von Kleinserien bis zur Massenproduktion.<\/strong> Schnelle Lieferung &amp; Support.<\/p>\n<\/li>\n<\/ul>\n<h2 data-start=\"3349\" data-end=\"3373\"><strong data-start=\"3349\" data-end=\"3371\">: Unsere<\/strong><\/h2>\n<ul data-start=\"3374\" data-end=\"3721\">\n<li data-start=\"3374\" data-end=\"3415\">\n<p data-start=\"3376\" data-end=\"3415\"><strong data-start=\"3376\" data-end=\"3392\">exportfertigen Container<\/strong>sind f\u00fcr schnellen Versand konzipiert, sodass Ihr Genset-Container schnell und effizient bei Ihnen ankommt. Zudem steht Ihnen unser Support-Team stets f\u00fcr Fragen zur Verf\u00fcgung.<\/p>\n<\/li>\n<li data-start=\"3416\" data-end=\"3487\">\n<p data-start=\"3418\" data-end=\"3487\"><strong data-start=\"3418\" data-end=\"3436\">Wichtige Spezifikationen<\/strong>Leistungsausgabe <strong data-start=\"3473\" data-end=\"3481\">40 Fu\u00df<\/strong> : 15 kW \u2013 30,1 PS<\/p>\n<\/li>\n<li data-start=\"3488\" data-end=\"3565\">\n<p data-start=\"3490\" data-end=\"3565\"><strong data-start=\"3490\" data-end=\"3509\">Kraftstoffeffizienz<\/strong>: Bis zu 5 Tage Dauerbetrieb ohne Nachtanken<\/p>\n<\/li>\n<li data-start=\"3566\" data-end=\"3659\">\n<p data-start=\"3568\" data-end=\"3659\"><strong data-start=\"3568\" data-end=\"3587\">Sicherheitsmerkmale<\/strong>: Automatische Spannungsregelung, vibrationsd\u00e4mpfende Aufh\u00e4ngungen und Schutzvorrichtungen<\/p>\n<\/li>\n<li data-start=\"3660\" data-end=\"3721\">\n<p data-start=\"3662\" data-end=\"3721\"><strong data-start=\"3662\" data-end=\"3676\">Langlebigkeit<\/strong>: Konzipiert f\u00fcr den Einsatz unter extremen Umweltbedingungen<\/p>\n<\/li>\n<\/ul>\n<h3 data-start=\"3723\" data-end=\"3960\">Kostenloses Angebot anfordern<\/h3>\n<p data-start=\"3723\" data-end=\"3960\" data-is-last-node=\"\" data-is-only-node=\"\">Bereit, Ihre K\u00fchlkette mit Energie zu versorgen? Entdecken Sie noch heute unsere <strong data-start=\"3770\" data-end=\"3800\">Stromaggregat-Container-L\u00f6sungen<\/strong> und lassen Sie sich von uns die passende L\u00f6sung f\u00fcr Ihr Unternehmen finden. <strong data-start=\"3867\" data-end=\"3885\">Kontaktieren Sie uns jetzt<\/strong> Fordern Sie ein ma\u00dfgeschneidertes Angebot an, und beginnen wir mit Ihrer individuellen Stroml\u00f6sung.<\/p>","protected":false},"excerpt":{"rendered":"<p><img loading=\"lazy\" decoding=\"async\" class=\"alignnone size-full wp-image-1139\" src=\"https:\/\/www.gkcpro.com\/wp-content\/uploads\/2026\/02\/evaluate.jpg\" alt=\"Meine Container werden in viele L\u00e4nder exportiert; dies ist ein Beispiel f\u00fcr die Erfahrungen unserer Kunden.\" width=\"1000\" height=\"474\" srcset=\"https:\/\/www.gkcpro.com\/wp-content\/uploads\/2026\/02\/evaluate.jpg 1000w, https:\/\/www.gkcpro.com\/wp-content\/uploads\/2026\/02\/evaluate-300x142.jpg 300w, https:\/\/www.gkcpro.com\/wp-content\/uploads\/2026\/02\/evaluate-768x364.jpg 768w, https:\/\/www.gkcpro.com\/wp-content\/uploads\/2026\/02\/evaluate-18x9.jpg 18w, https:\/\/www.gkcpro.com\/wp-content\/uploads\/2026\/02\/evaluate-624x296.jpg 624w, https:\/\/www.gkcpro.com\/wp-content\/uploads\/2026\/02\/evaluate-800x379.jpg 800w\" sizes=\"auto, (max-width: 1000px) 100vw, 1000px\" \/><\/p>\n<p><img loading=\"lazy\" decoding=\"async\" class=\"alignnone size-full wp-image-1137\" src=\"https:\/\/www.gkcpro.com\/wp-content\/uploads\/2026\/02\/container-house-certificates.jpg\" alt=\"\" width=\"1470\" height=\"2000\" srcset=\"https:\/\/www.gkcpro.com\/wp-content\/uploads\/2026\/02\/container-house-certificates.jpg 1470w, https:\/\/www.gkcpro.com\/wp-content\/uploads\/2026\/02\/container-house-certificates-221x300.jpg 221w, https:\/\/www.gkcpro.com\/wp-content\/uploads\/2026\/02\/container-house-certificates-753x1024.jpg 753w, https:\/\/www.gkcpro.com\/wp-content\/uploads\/2026\/02\/container-house-certificates-768x1045.jpg 768w, https:\/\/www.gkcpro.com\/wp-content\/uploads\/2026\/02\/container-house-certificates-1129x1536.jpg 1129w, https:\/\/www.gkcpro.com\/wp-content\/uploads\/2026\/02\/container-house-certificates-9x12.jpg 9w, https:\/\/www.gkcpro.com\/wp-content\/uploads\/2026\/02\/container-house-certificates-624x849.jpg 624w, https:\/\/www.gkcpro.com\/wp-content\/uploads\/2026\/02\/container-house-certificates-800x1088.jpg 800w\" sizes=\"auto, (max-width: 1470px) 100vw, 1470px\" \/><\/p>","protected":false},"featured_media":1098,"template":"","meta":[],"product_brand":[],"product_cat":[54],"product_tag":[],"class_list":{"0":"post-1095","1":"product","2":"type-product","3":"status-publish","4":"has-post-thumbnail","6":"product_cat-special-container","8":"first","9":"instock","10":"shipping-taxable","11":"product-type-simple"},"yoast_head":"<!-- This site is optimized with the Yoast SEO plugin v26.6 - https:\/\/yoast.com\/wordpress\/plugins\/seo\/ -->\n<title>China Genset container for exporting-Support OEM ODM<\/title>\n<meta name=\"robots\" content=\"index, follow, max-snippet:-1, max-image-preview:large, max-video-preview:-1\" \/>\n<link rel=\"canonical\" href=\"https:\/\/www.gkcpro.com\/de\/product\/china-genset-container-for-exporting-support-oem-odm\/\" \/>\n<meta property=\"og:locale\" content=\"de_DE\" \/>\n<meta property=\"og:type\" content=\"article\" \/>\n<meta property=\"og:title\" content=\"China Genset container for exporting-Support OEM ODM\" \/>\n<meta property=\"og:url\" content=\"https:\/\/www.gkcpro.com\/de\/product\/china-genset-container-for-exporting-support-oem-odm\/\" \/>\n<meta property=\"og:site_name\" content=\"Container House Co., Ltd.\" \/>\n<meta property=\"article:modified_time\" content=\"2026-03-02T03:17:23+00:00\" \/>\n<meta property=\"og:image\" content=\"https:\/\/www.gkcpro.com\/wp-content\/uploads\/2026\/02\/Genset-container.jpg\" \/>\n\t<meta property=\"og:image:width\" content=\"2451\" \/>\n\t<meta property=\"og:image:height\" content=\"1840\" \/>\n\t<meta property=\"og:image:type\" content=\"image\/jpeg\" \/>\n<meta name=\"twitter:card\" content=\"summary_large_image\" \/>\n<meta name=\"twitter:label1\" content=\"Gesch\u00e4tzte Lesezeit\" \/>\n\t<meta name=\"twitter:data1\" content=\"3\u00a0Minuten\" \/>\n<script type=\"application\/ld+json\" class=\"yoast-schema-graph\">{\"@context\":\"https:\/\/schema.org\",\"@graph\":[{\"@type\":\"WebPage\",\"@id\":\"https:\/\/www.gkcpro.com\/product\/china-genset-container-for-exporting-support-oem-odm\/\",\"url\":\"https:\/\/www.gkcpro.com\/product\/china-genset-container-for-exporting-support-oem-odm\/\",\"name\":\"China Genset container for exporting-Support OEM ODM\",\"isPartOf\":{\"@id\":\"https:\/\/www.gkcpro.com\/#website\"},\"primaryImageOfPage\":{\"@id\":\"https:\/\/www.gkcpro.com\/product\/china-genset-container-for-exporting-support-oem-odm\/#primaryimage\"},\"image\":{\"@id\":\"https:\/\/www.gkcpro.com\/product\/china-genset-container-for-exporting-support-oem-odm\/#primaryimage\"},\"thumbnailUrl\":\"https:\/\/www.gkcpro.com\/wp-content\/uploads\/2026\/02\/Genset-container.jpg\",\"datePublished\":\"2026-02-25T08:37:33+00:00\",\"dateModified\":\"2026-03-02T03:17:23+00:00\",\"breadcrumb\":{\"@id\":\"https:\/\/www.gkcpro.com\/product\/china-genset-container-for-exporting-support-oem-odm\/#breadcrumb\"},\"inLanguage\":\"de\",\"potentialAction\":[{\"@type\":\"ReadAction\",\"target\":[\"https:\/\/www.gkcpro.com\/product\/china-genset-container-for-exporting-support-oem-odm\/\"]}]},{\"@type\":\"ImageObject\",\"inLanguage\":\"de\",\"@id\":\"https:\/\/www.gkcpro.com\/product\/china-genset-container-for-exporting-support-oem-odm\/#primaryimage\",\"url\":\"https:\/\/www.gkcpro.com\/wp-content\/uploads\/2026\/02\/Genset-container.jpg\",\"contentUrl\":\"https:\/\/www.gkcpro.com\/wp-content\/uploads\/2026\/02\/Genset-container.jpg\",\"width\":2451,\"height\":1840,\"caption\":\"This robust teal green genset container offers a weatherproof, secure enclosure for diesel generator sets, ensuring reliable power generation in demanding environments. Built with corrosion-resistant panels, a lockable single door for easy access and maintenance, and adjustable feet for stable placement on uneven ground. Ideal for construction sites, remote facilities, backup power systems, or industrial applications requiring protected genset installation.\"},{\"@type\":\"BreadcrumbList\",\"@id\":\"https:\/\/www.gkcpro.com\/product\/china-genset-container-for-exporting-support-oem-odm\/#breadcrumb\",\"itemListElement\":[{\"@type\":\"ListItem\",\"position\":1,\"name\":\"\u9996\u9875\",\"item\":\"https:\/\/www.gkcpro.com\/\"},{\"@type\":\"ListItem\",\"position\":2,\"name\":\"Products\",\"item\":\"https:\/\/www.gkcpro.com\/shop\/\"},{\"@type\":\"ListItem\",\"position\":3,\"name\":\"China Genset container for exporting-Support OEM ODM\"}]},{\"@type\":\"WebSite\",\"@id\":\"https:\/\/www.gkcpro.com\/#website\",\"url\":\"https:\/\/www.gkcpro.com\/\",\"name\":\"Container House Co., Ltd.\",\"description\":\"Container House factory\",\"potentialAction\":[{\"@type\":\"SearchAction\",\"target\":{\"@type\":\"EntryPoint\",\"urlTemplate\":\"https:\/\/www.gkcpro.com\/?s={search_term_string}\"},\"query-input\":{\"@type\":\"PropertyValueSpecification\",\"valueRequired\":true,\"valueName\":\"search_term_string\"}}],\"inLanguage\":\"de\"}]}<\/script>\n<!-- \/ Yoast SEO plugin. -->","yoast_head_json":{"title":"China Genset Container f\u00fcr den Export-Support OEM ODM","robots":{"index":"index","follow":"follow","max-snippet":"max-snippet:-1","max-image-preview":"max-image-preview:large","max-video-preview":"max-video-preview:-1"},"canonical":"https:\/\/www.gkcpro.com\/de\/product\/china-genset-container-for-exporting-support-oem-odm\/","og_locale":"de_DE","og_type":"article","og_title":"China Genset container for exporting-Support OEM ODM","og_url":"https:\/\/www.gkcpro.com\/de\/product\/china-genset-container-for-exporting-support-oem-odm\/","og_site_name":"Container House Co., Ltd.","article_modified_time":"2026-03-02T03:17:23+00:00","og_image":[{"width":2451,"height":1840,"url":"https:\/\/www.gkcpro.com\/wp-content\/uploads\/2026\/02\/Genset-container.jpg","type":"image\/jpeg"}],"twitter_card":"summary_large_image","twitter_misc":{"Gesch\u00e4tzte Lesezeit":"3\u00a0Minuten"},"schema":{"@context":"https:\/\/schema.org","@graph":[{"@type":"WebPage","@id":"https:\/\/www.gkcpro.com\/product\/china-genset-container-for-exporting-support-oem-odm\/","url":"https:\/\/www.gkcpro.com\/product\/china-genset-container-for-exporting-support-oem-odm\/","name":"China Genset Container f\u00fcr den Export-Support OEM ODM","isPartOf":{"@id":"https:\/\/www.gkcpro.com\/#website"},"primaryImageOfPage":{"@id":"https:\/\/www.gkcpro.com\/product\/china-genset-container-for-exporting-support-oem-odm\/#primaryimage"},"image":{"@id":"https:\/\/www.gkcpro.com\/product\/china-genset-container-for-exporting-support-oem-odm\/#primaryimage"},"thumbnailUrl":"https:\/\/www.gkcpro.com\/wp-content\/uploads\/2026\/02\/Genset-container.jpg","datePublished":"2026-02-25T08:37:33+00:00","dateModified":"2026-03-02T03:17:23+00:00","breadcrumb":{"@id":"https:\/\/www.gkcpro.com\/product\/china-genset-container-for-exporting-support-oem-odm\/#breadcrumb"},"inLanguage":"de","potentialAction":[{"@type":"ReadAction","target":["https:\/\/www.gkcpro.com\/product\/china-genset-container-for-exporting-support-oem-odm\/"]}]},{"@type":"ImageObject","inLanguage":"de","@id":"https:\/\/www.gkcpro.com\/product\/china-genset-container-for-exporting-support-oem-odm\/#primaryimage","url":"https:\/\/www.gkcpro.com\/wp-content\/uploads\/2026\/02\/Genset-container.jpg","contentUrl":"https:\/\/www.gkcpro.com\/wp-content\/uploads\/2026\/02\/Genset-container.jpg","width":2451,"height":1840,"caption":"This robust teal green genset container offers a weatherproof, secure enclosure for diesel generator sets, ensuring reliable power generation in demanding environments. Built with corrosion-resistant panels, a lockable single door for easy access and maintenance, and adjustable feet for stable placement on uneven ground. Ideal for construction sites, remote facilities, backup power systems, or industrial applications requiring protected genset installation."},{"@type":"BreadcrumbList","@id":"https:\/\/www.gkcpro.com\/product\/china-genset-container-for-exporting-support-oem-odm\/#breadcrumb","itemListElement":[{"@type":"ListItem","position":1,"name":"\u9996\u9875","item":"https:\/\/www.gkcpro.com\/"},{"@type":"ListItem","position":2,"name":"Products","item":"https:\/\/www.gkcpro.com\/shop\/"},{"@type":"ListItem","position":3,"name":"China Genset container for exporting-Support OEM ODM"}]},{"@type":"WebSite","@id":"https:\/\/www.gkcpro.com\/#website","url":"https:\/\/www.gkcpro.com\/","name":"Container House Co. Ltd.","description":"Containerhaus-Fabrik","potentialAction":[{"@type":"SearchAction","target":{"@type":"EntryPoint","urlTemplate":"https:\/\/www.gkcpro.com\/?s={search_term_string}"},"query-input":{"@type":"PropertyValueSpecification","valueRequired":true,"valueName":"search_term_string"}}],"inLanguage":"de"}]}},"_links":{"self":[{"href":"https:\/\/www.gkcpro.com\/de\/wp-json\/wp\/v2\/product\/1095","targetHints":{"allow":["GET"]}}],"collection":[{"href":"https:\/\/www.gkcpro.com\/de\/wp-json\/wp\/v2\/product"}],"about":[{"href":"https:\/\/www.gkcpro.com\/de\/wp-json\/wp\/v2\/types\/product"}],"wp:featuredmedia":[{"embeddable":true,"href":"https:\/\/www.gkcpro.com\/de\/wp-json\/wp\/v2\/media\/1098"}],"wp:attachment":[{"href":"https:\/\/www.gkcpro.com\/de\/wp-json\/wp\/v2\/media?parent=1095"}],"wp:term":[{"taxonomy":"product_brand","embeddable":true,"href":"https:\/\/www.gkcpro.com\/de\/wp-json\/wp\/v2\/product_brand?post=1095"},{"taxonomy":"product_cat","embeddable":true,"href":"https:\/\/www.gkcpro.com\/de\/wp-json\/wp\/v2\/product_cat?post=1095"},{"taxonomy":"product_tag","embeddable":true,"href":"https:\/\/www.gkcpro.com\/de\/wp-json\/wp\/v2\/product_tag?post=1095"}],"curies":[{"name":"wp","href":"https:\/\/api.w.org\/{rel}","templated":true}]}}