{"id":1090,"date":"2026-02-25T15:59:33","date_gmt":"2026-02-25T07:59:33","guid":{"rendered":"https:\/\/www.gkcpro.com\/?post_type=product&#038;p=1090"},"modified":"2026-04-17T14:05:44","modified_gmt":"2026-04-17T06:05:44","slug":"motorcycle-storage-container-for-wholesale","status":"publish","type":"product","link":"https:\/\/www.gkcpro.com\/de\/product\/motorcycle-storage-container-for-wholesale\/","title":{"rendered":"Motorrad-Lagercontainer f\u00fcr den Gro\u00dfhandel"},"content":{"rendered":"<div class=\"flex flex-col text-sm pb-25\">\n<article class=\"text-token-text-primary w-full focus:outline-none [--shadow-height:45px] has-data-writing-block:pointer-events-none has-data-writing-block:-mt-(--shadow-height) has-data-writing-block:pt-(--shadow-height) [&amp;:has([data-writing-block])&gt;*]:pointer-events-auto scroll-mt-[calc(var(--header-height)+min(200px,max(70px,20svh)))]\" dir=\"auto\" tabindex=\"-1\" data-turn-id=\"request-WEB:d0aa988f-9249-4d7c-8ffd-62851c5cb263-1\" data-testid=\"conversation-turn-2\" data-scroll-anchor=\"true\" data-turn=\"assistant\">\n<div class=\"text-base my-auto mx-auto pb-10 [--thread-content-margin:--spacing(4)] @w-sm\/main:[--thread-content-margin:--spacing(6)] @w-lg\/main:[--thread-content-margin:--spacing(16)] px-(--thread-content-margin)\">\n<div class=\"[--thread-content-max-width:40rem] @w-lg\/main:[--thread-content-max-width:48rem] mx-auto max-w-(--thread-content-max-width) flex-1 group\/turn-messages focus-visible:outline-hidden relative flex w-full min-w-0 flex-col agent-turn\" tabindex=\"-1\">\n<div class=\"flex max-w-full flex-col grow\">\n<div class=\"min-h-8 text-message relative flex w-full flex-col items-end gap-2 text-start break-words whitespace-normal [.text-message+&amp;]:mt-1\" dir=\"auto\" data-message-author-role=\"assistant\" data-message-id=\"745a2cbb-0321-45c9-ad66-55f6140bf4e7\" data-message-model-slug=\"gpt-5-2\">\n<div class=\"flex w-full flex-col gap-1 empty:hidden first:pt-[1px]\">\n<div class=\"markdown prose dark:prose-invert w-full wrap-break-word light markdown-new-styling\">\n<p data-start=\"0\" data-end=\"66\"><strong data-start=\"0\" data-end=\"66\">Motorrad-Lagercontainer - Ihre sichere, effiziente L\u00f6sung<\/strong><\/p>\n<p data-start=\"68\" data-end=\"341\">Sie suchen nach einer zuverl\u00e4ssigen und kosteng\u00fcnstigen L\u00f6sung f\u00fcr die Lagerung von Motorr\u00e4dern und Fahrr\u00e4dern in gro\u00dfen Mengen? Unser <strong data-start=\"160\" data-end=\"193\">Motorrad-Lagercontainer<\/strong>\u00a0sind f\u00fcr Unternehmen, H\u00e4ndler und Importeure gedacht, die hochwertige Lagereinheiten direkt von einem vertrauensw\u00fcrdigen chinesischen Hersteller beziehen m\u00f6chten.<\/p>\n<h2 data-start=\"343\" data-end=\"392\"><strong data-start=\"343\" data-end=\"392\">Warum sollten Sie sich f\u00fcr unseren Motorrad-Lagercontainer entscheiden?<\/strong><\/h2>\n<ol data-start=\"393\" data-end=\"2557\">\n<li data-start=\"393\" data-end=\"698\">\n<p data-start=\"396\" data-end=\"698\"><strong data-start=\"396\" data-end=\"428\">Langlebiges, wetterfestes Design<\/strong><br data-start=\"428\" data-end=\"431\" \/>Unsere Container halten extremen Witterungsbedingungen stand und sind aus robusten Materialien gefertigt, um einen dauerhaften Schutz f\u00fcr Ihre Motorr\u00e4der und Fahrr\u00e4der zu gew\u00e4hrleisten. Ob Sie sie drinnen oder drau\u00dfen lagern, unsere Container bieten die Sicherheit, die Sie brauchen.<\/p>\n<\/li>\n<li data-start=\"700\" data-end=\"1037\">\n<p data-start=\"703\" data-end=\"1037\"><strong data-start=\"703\" data-end=\"741\">Raum\u00f6konomie mit intelligentem Design<\/strong><br data-start=\"741\" data-end=\"744\" \/>Unsere Container sind in verschiedenen Gr\u00f6\u00dfen erh\u00e4ltlich, wie zum Beispiel der kompakte <strong data-start=\"805\" data-end=\"823\">10ft Container<\/strong> der sich perfekt f\u00fcr die Unterbringung von einem oder zwei Motorr\u00e4dern eignet und gen\u00fcgend Platz f\u00fcr zus\u00e4tzliche Ausr\u00fcstung bietet. Dank des modularen Aufbaus k\u00f6nnen Sie die Aufbewahrungseinheit f\u00fcr einen bequemen Transport und Umzug einfach zerlegen und wieder zusammenbauen.<\/p>\n<\/li>\n<li data-start=\"1039\" data-end=\"1308\">\n<p data-start=\"1042\" data-end=\"1308\"><strong data-start=\"1042\" data-end=\"1072\">Anpassbare &amp; OEM-Optionen<\/strong><br data-start=\"1072\" data-end=\"1075\" \/>Als Hersteller, der sich auf OEM-L\u00f6sungen spezialisiert hat, bieten wir ma\u00dfgeschneiderte Produkte f\u00fcr Ihre spezifischen Anforderungen. W\u00e4hlen Sie aus einer Reihe von Farben, T\u00fcrkonfigurationen und Innenaufteilungen, um die ideale Lagereinrichtung f\u00fcr Ihre Produkte zu schaffen.<\/p>\n<\/li>\n<li data-start=\"1310\" data-end=\"1638\">\n<p data-start=\"1313\" data-end=\"1638\"><strong data-start=\"1313\" data-end=\"1355\">Konform mit internationalen Normen<\/strong><br data-start=\"1355\" data-end=\"1358\" \/>Unsere Container entsprechen den weltweiten Zertifizierungsstandards wie CE, ISO 9001 und anderen und stellen sicher, dass Ihr Produkt die in Ihrem Land geltenden Vorschriften erf\u00fcllt. Ganz gleich, ob Sie in die USA, nach Europa oder in einen anderen Markt importieren m\u00f6chten, unsere Container sind bereit f\u00fcr den Export.<\/p>\n<\/li>\n<li data-start=\"1640\" data-end=\"1961\">\n<p data-start=\"1643\" data-end=\"1961\"><strong data-start=\"1643\" data-end=\"1673\">Kosteneffiziente Gro\u00dfbestellungen<\/strong><br data-start=\"1673\" data-end=\"1676\" \/>Der Kauf direkt von unserer Fabrik bietet den Vorteil, dass <strong data-start=\"1740\" data-end=\"1755\">geringere Kosten<\/strong> f\u00fcr Gro\u00dfbestellungen und ist damit ideal f\u00fcr Gro\u00dfh\u00e4ndler, Distributoren oder Unternehmen, die gro\u00dfe Mengen auf Lager haben. Vergleichen Sie Preise, MOQ und Produktionskapazit\u00e4ten, um das beste Angebot f\u00fcr Ihr Unternehmen zu finden.<\/p>\n<\/li>\n<li data-start=\"1963\" data-end=\"2208\">\n<p data-start=\"1966\" data-end=\"2208\"><strong data-start=\"1966\" data-end=\"1996\">Schneller und zuverl\u00e4ssiger Versand<\/strong><br data-start=\"1996\" data-end=\"1999\" \/>Unsere Container sind f\u00fcr den effizienten Transport und die Verschiffung auf dem See- oder Landweg konzipiert, damit sie sicher und p\u00fcnktlich ankommen. Wir bieten zuverl\u00e4ssige <strong data-start=\"2145\" data-end=\"2177\">Export- und Versanddienstleistungen<\/strong> zugeschnitten auf Ihre Anforderungen.<\/p>\n<\/li>\n<li data-start=\"2210\" data-end=\"2557\">\n<p data-start=\"2213\" data-end=\"2240\"><strong data-start=\"2213\" data-end=\"2238\">Einfacher Bestellvorgang<\/strong><\/p>\n<ul data-start=\"2244\" data-end=\"2557\">\n<li data-start=\"2244\" data-end=\"2363\">\n<p data-start=\"2246\" data-end=\"2363\"><strong data-start=\"2246\" data-end=\"2276\">Durchsuchen Sie unseren Produktkatalog<\/strong>: Entdecken Sie eine gro\u00dfe Auswahl an Motorrad-Lagerbeh\u00e4ltern, die Sie sofort bestellen k\u00f6nnen.<\/p>\n<\/li>\n<li data-start=\"2367\" data-end=\"2456\">\n<p data-start=\"2369\" data-end=\"2456\"><strong data-start=\"2369\" data-end=\"2394\">Angebot anfordern (RFQ)<\/strong>: Kontaktieren Sie uns f\u00fcr individuelle Preis- und Versandinformationen.<\/p>\n<\/li>\n<li data-start=\"2460\" data-end=\"2557\">\n<p data-start=\"2462\" data-end=\"2557\"><strong data-start=\"2462\" data-end=\"2478\">Exportf\u00e4hig<\/strong>: Wir unterst\u00fctzen internationalen Versand und Gro\u00dfbestellungen mit Anpassungsm\u00f6glichkeiten.<\/p>\n<\/li>\n<\/ul>\n<\/li>\n<\/ol>\n<h2 data-start=\"2559\" data-end=\"2582\"><strong data-start=\"2559\" data-end=\"2582\">Wichtige Spezifikationen:<\/strong><\/h2>\n<ul data-start=\"2583\" data-end=\"2817\">\n<li data-start=\"2583\" data-end=\"2646\">\n<p data-start=\"2585\" data-end=\"2646\"><strong data-start=\"2585\" data-end=\"2608\">\u00c4u\u00dfere Abmessungen<\/strong>: 2808mm (L) x 1262mm (B) x 2048mm (H)<\/p>\n<\/li>\n<li data-start=\"2647\" data-end=\"2710\">\n<p data-start=\"2649\" data-end=\"2710\"><strong data-start=\"2649\" data-end=\"2672\">Innere Abmessungen<\/strong>: 2667mm (L) x 1166mm (B) x 1911mm (H)<\/p>\n<\/li>\n<li data-start=\"2711\" data-end=\"2754\">\n<p data-start=\"2713\" data-end=\"2754\"><strong data-start=\"2713\" data-end=\"2729\">T\u00fcr\u00f6ffnung<\/strong>: 1098mm (B) x 1820mm (H)<\/p>\n<\/li>\n<li data-start=\"2755\" data-end=\"2782\">\n<p data-start=\"2757\" data-end=\"2782\"><strong data-start=\"2757\" data-end=\"2775\">Kubikinhalt<\/strong>: 6.0m\u00b3<\/p>\n<\/li>\n<li data-start=\"2783\" data-end=\"2817\">\n<p data-start=\"2785\" data-end=\"2817\"><strong data-start=\"2785\" data-end=\"2795\">Gewicht<\/strong>: 530kg (Bruttogewicht)<\/p>\n<\/li>\n<\/ul>\n<p data-start=\"2819\" data-end=\"3033\">Sind Sie bereit, Ihre L\u00f6sung f\u00fcr die Motorradlagerung zu finden? Bl\u00e4ttern Sie in unserem Katalog, fordern Sie ein Angebot an oder nehmen Sie direkt Kontakt mit uns auf, um loszulegen. Wir helfen Ihnen bei der Suche nach den besten Lagereinheiten direkt vom <strong data-start=\"3014\" data-end=\"3032\">Quelle - China<\/strong>.<\/p>\n<h3 data-start=\"3035\" data-end=\"3297\"><strong data-start=\"3035\" data-end=\"3056\">Kontaktieren Sie uns noch heute!<\/strong><\/h3>\n<p data-start=\"3035\" data-end=\"3297\">F\u00fcr Anfragen oder weitere Informationen \u00fcber Motorrad-Lagercontainer wenden Sie sich bitte an <strong data-start=\"3152\" data-end=\"3167\">Anfrage senden<\/strong> oder wenden Sie sich an unser Team, wenn Sie Hilfe ben\u00f6tigen. Wir gew\u00e4hrleisten einen reibungslosen Bestellvorgang, eine schnelle Lieferung und h\u00f6chste Qualit\u00e4tsstandards.<\/p>\n<\/div>\n<\/div>\n<\/div>\n<\/div>\n<div class=\"z-0 flex min-h-[46px] justify-start\"><\/div>\n<div class=\"mt-3 w-full empty:hidden\">\n<div class=\"text-center\"><\/div>\n<\/div>\n<\/div>\n<\/div>\n<\/article>\n<\/div>\n<div class=\"pointer-events-none h-px w-px absolute bottom-0\" aria-hidden=\"true\" data-edge=\"true\"><\/div>","protected":false},"excerpt":{"rendered":"<p><img loading=\"lazy\" decoding=\"async\" class=\"alignnone size-full wp-image-1139\" src=\"https:\/\/www.gkcpro.com\/wp-content\/uploads\/2026\/02\/evaluate.jpg\" alt=\"Meine Container werden in viele L\u00e4nder exportiert; dies ist ein Beispiel f\u00fcr die Erfahrungen unserer Kunden.\" width=\"1000\" height=\"474\" srcset=\"https:\/\/www.gkcpro.com\/wp-content\/uploads\/2026\/02\/evaluate.jpg 1000w, https:\/\/www.gkcpro.com\/wp-content\/uploads\/2026\/02\/evaluate-300x142.jpg 300w, https:\/\/www.gkcpro.com\/wp-content\/uploads\/2026\/02\/evaluate-768x364.jpg 768w, https:\/\/www.gkcpro.com\/wp-content\/uploads\/2026\/02\/evaluate-18x9.jpg 18w, https:\/\/www.gkcpro.com\/wp-content\/uploads\/2026\/02\/evaluate-624x296.jpg 624w, https:\/\/www.gkcpro.com\/wp-content\/uploads\/2026\/02\/evaluate-800x379.jpg 800w\" sizes=\"auto, (max-width: 1000px) 100vw, 1000px\" \/><\/p>\n<p><img loading=\"lazy\" decoding=\"async\" class=\"alignnone wp-image-1137 size-full\" src=\"https:\/\/www.gkcpro.com\/wp-content\/uploads\/2026\/02\/container-house-certificates.jpg\" alt=\"Pr\u00e4sentation internationaler Zertifikate, einschlie\u00dflich ISO 9001, CE und Struktursicherheitszertifizierungen f\u00fcr unsere Export-Containerh\u00e4user und Container\" width=\"1470\" height=\"2000\" srcset=\"https:\/\/www.gkcpro.com\/wp-content\/uploads\/2026\/02\/container-house-certificates.jpg 1470w, https:\/\/www.gkcpro.com\/wp-content\/uploads\/2026\/02\/container-house-certificates-221x300.jpg 221w, https:\/\/www.gkcpro.com\/wp-content\/uploads\/2026\/02\/container-house-certificates-753x1024.jpg 753w, https:\/\/www.gkcpro.com\/wp-content\/uploads\/2026\/02\/container-house-certificates-768x1045.jpg 768w, https:\/\/www.gkcpro.com\/wp-content\/uploads\/2026\/02\/container-house-certificates-1129x1536.jpg 1129w, https:\/\/www.gkcpro.com\/wp-content\/uploads\/2026\/02\/container-house-certificates-9x12.jpg 9w, https:\/\/www.gkcpro.com\/wp-content\/uploads\/2026\/02\/container-house-certificates-624x849.jpg 624w, https:\/\/www.gkcpro.com\/wp-content\/uploads\/2026\/02\/container-house-certificates-800x1088.jpg 800w\" sizes=\"auto, (max-width: 1470px) 100vw, 1470px\" \/><\/p>","protected":false},"featured_media":1091,"template":"","meta":[],"product_brand":[],"product_cat":[54],"product_tag":[],"class_list":{"0":"post-1090","1":"product","2":"type-product","3":"status-publish","4":"has-post-thumbnail","6":"product_cat-special-container","8":"first","9":"instock","10":"shipping-taxable","11":"product-type-simple"},"yoast_head":"<!-- This site is optimized with the Yoast SEO plugin v26.6 - https:\/\/yoast.com\/wordpress\/plugins\/seo\/ -->\n<title>Motorcycle storage container for wholesale - china container factory<\/title>\n<meta name=\"robots\" content=\"index, follow, max-snippet:-1, max-image-preview:large, max-video-preview:-1\" \/>\n<link rel=\"canonical\" href=\"https:\/\/www.gkcpro.com\/de\/product\/motorcycle-storage-container-for-wholesale\/\" \/>\n<meta property=\"og:locale\" content=\"de_DE\" \/>\n<meta property=\"og:type\" content=\"article\" \/>\n<meta property=\"og:title\" content=\"Motorcycle storage container for wholesale - china container factory\" \/>\n<meta property=\"og:url\" content=\"https:\/\/www.gkcpro.com\/de\/product\/motorcycle-storage-container-for-wholesale\/\" \/>\n<meta property=\"og:site_name\" content=\"Container House Co., Ltd.\" \/>\n<meta property=\"article:modified_time\" content=\"2026-04-17T06:05:44+00:00\" \/>\n<meta property=\"og:image\" content=\"https:\/\/www.gkcpro.com\/wp-content\/uploads\/2026\/02\/\u4e3b\u56fe-01_\u526f\u672c.jpg\" \/>\n\t<meta property=\"og:image:width\" content=\"800\" \/>\n\t<meta property=\"og:image:height\" content=\"800\" \/>\n\t<meta property=\"og:image:type\" content=\"image\/jpeg\" \/>\n<meta name=\"twitter:card\" content=\"summary_large_image\" \/>\n<meta name=\"twitter:label1\" content=\"Gesch\u00e4tzte Lesezeit\" \/>\n\t<meta name=\"twitter:data1\" content=\"3\u00a0Minuten\" \/>\n<script type=\"application\/ld+json\" class=\"yoast-schema-graph\">{\"@context\":\"https:\/\/schema.org\",\"@graph\":[{\"@type\":\"WebPage\",\"@id\":\"https:\/\/www.gkcpro.com\/product\/motorcycle-storage-container-for-wholesale\/\",\"url\":\"https:\/\/www.gkcpro.com\/product\/motorcycle-storage-container-for-wholesale\/\",\"name\":\"Motorcycle storage container for wholesale - china container factory\",\"isPartOf\":{\"@id\":\"https:\/\/www.gkcpro.com\/#website\"},\"primaryImageOfPage\":{\"@id\":\"https:\/\/www.gkcpro.com\/product\/motorcycle-storage-container-for-wholesale\/#primaryimage\"},\"image\":{\"@id\":\"https:\/\/www.gkcpro.com\/product\/motorcycle-storage-container-for-wholesale\/#primaryimage\"},\"thumbnailUrl\":\"https:\/\/www.gkcpro.com\/wp-content\/uploads\/2026\/02\/\u4e3b\u56fe-01_\u526f\u672c.jpg\",\"datePublished\":\"2026-02-25T07:59:33+00:00\",\"dateModified\":\"2026-04-17T06:05:44+00:00\",\"breadcrumb\":{\"@id\":\"https:\/\/www.gkcpro.com\/product\/motorcycle-storage-container-for-wholesale\/#breadcrumb\"},\"inLanguage\":\"de\",\"potentialAction\":[{\"@type\":\"ReadAction\",\"target\":[\"https:\/\/www.gkcpro.com\/product\/motorcycle-storage-container-for-wholesale\/\"]}]},{\"@type\":\"ImageObject\",\"inLanguage\":\"de\",\"@id\":\"https:\/\/www.gkcpro.com\/product\/motorcycle-storage-container-for-wholesale\/#primaryimage\",\"url\":\"https:\/\/www.gkcpro.com\/wp-content\/uploads\/2026\/02\/\u4e3b\u56fe-01_\u526f\u672c.jpg\",\"contentUrl\":\"https:\/\/www.gkcpro.com\/wp-content\/uploads\/2026\/02\/\u4e3b\u56fe-01_\u526f\u672c.jpg\",\"width\":800,\"height\":800,\"caption\":\"This durable green motorcycle storage container provides weatherproof, lockable protection for your motorcycle, dirt bike, or scooter. Featuring corrosion-resistant metal construction, a sturdy single door with secure latches, and adjustable leveling feet for stable installation on uneven surfaces. Perfect for homeowners, workshops, or commercial use needing compact, portable outdoor storage without a full garage.\"},{\"@type\":\"BreadcrumbList\",\"@id\":\"https:\/\/www.gkcpro.com\/product\/motorcycle-storage-container-for-wholesale\/#breadcrumb\",\"itemListElement\":[{\"@type\":\"ListItem\",\"position\":1,\"name\":\"\u9996\u9875\",\"item\":\"https:\/\/www.gkcpro.com\/\"},{\"@type\":\"ListItem\",\"position\":2,\"name\":\"Products\",\"item\":\"https:\/\/www.gkcpro.com\/shop\/\"},{\"@type\":\"ListItem\",\"position\":3,\"name\":\"Motorcycle storage container for wholesale\"}]},{\"@type\":\"WebSite\",\"@id\":\"https:\/\/www.gkcpro.com\/#website\",\"url\":\"https:\/\/www.gkcpro.com\/\",\"name\":\"Container House Co., Ltd.\",\"description\":\"Container House factory\",\"potentialAction\":[{\"@type\":\"SearchAction\",\"target\":{\"@type\":\"EntryPoint\",\"urlTemplate\":\"https:\/\/www.gkcpro.com\/?s={search_term_string}\"},\"query-input\":{\"@type\":\"PropertyValueSpecification\",\"valueRequired\":true,\"valueName\":\"search_term_string\"}}],\"inLanguage\":\"de\"}]}<\/script>\n<!-- \/ Yoast SEO plugin. -->","yoast_head_json":{"title":"Motorrad-Lagercontainer f\u00fcr den Gro\u00dfhandel - china container factory","robots":{"index":"index","follow":"follow","max-snippet":"max-snippet:-1","max-image-preview":"max-image-preview:large","max-video-preview":"max-video-preview:-1"},"canonical":"https:\/\/www.gkcpro.com\/de\/product\/motorcycle-storage-container-for-wholesale\/","og_locale":"de_DE","og_type":"article","og_title":"Motorcycle storage container for wholesale - china container factory","og_url":"https:\/\/www.gkcpro.com\/de\/product\/motorcycle-storage-container-for-wholesale\/","og_site_name":"Container House Co., Ltd.","article_modified_time":"2026-04-17T06:05:44+00:00","og_image":[{"width":800,"height":800,"url":"https:\/\/www.gkcpro.com\/wp-content\/uploads\/2026\/02\/\u4e3b\u56fe-01_\u526f\u672c.jpg","type":"image\/jpeg"}],"twitter_card":"summary_large_image","twitter_misc":{"Gesch\u00e4tzte Lesezeit":"3\u00a0Minuten"},"schema":{"@context":"https:\/\/schema.org","@graph":[{"@type":"WebPage","@id":"https:\/\/www.gkcpro.com\/product\/motorcycle-storage-container-for-wholesale\/","url":"https:\/\/www.gkcpro.com\/product\/motorcycle-storage-container-for-wholesale\/","name":"Motorrad-Lagercontainer f\u00fcr den Gro\u00dfhandel - china container factory","isPartOf":{"@id":"https:\/\/www.gkcpro.com\/#website"},"primaryImageOfPage":{"@id":"https:\/\/www.gkcpro.com\/product\/motorcycle-storage-container-for-wholesale\/#primaryimage"},"image":{"@id":"https:\/\/www.gkcpro.com\/product\/motorcycle-storage-container-for-wholesale\/#primaryimage"},"thumbnailUrl":"https:\/\/www.gkcpro.com\/wp-content\/uploads\/2026\/02\/\u4e3b\u56fe-01_\u526f\u672c.jpg","datePublished":"2026-02-25T07:59:33+00:00","dateModified":"2026-04-17T06:05:44+00:00","breadcrumb":{"@id":"https:\/\/www.gkcpro.com\/product\/motorcycle-storage-container-for-wholesale\/#breadcrumb"},"inLanguage":"de","potentialAction":[{"@type":"ReadAction","target":["https:\/\/www.gkcpro.com\/product\/motorcycle-storage-container-for-wholesale\/"]}]},{"@type":"ImageObject","inLanguage":"de","@id":"https:\/\/www.gkcpro.com\/product\/motorcycle-storage-container-for-wholesale\/#primaryimage","url":"https:\/\/www.gkcpro.com\/wp-content\/uploads\/2026\/02\/\u4e3b\u56fe-01_\u526f\u672c.jpg","contentUrl":"https:\/\/www.gkcpro.com\/wp-content\/uploads\/2026\/02\/\u4e3b\u56fe-01_\u526f\u672c.jpg","width":800,"height":800,"caption":"This durable green motorcycle storage container provides weatherproof, lockable protection for your motorcycle, dirt bike, or scooter. Featuring corrosion-resistant metal construction, a sturdy single door with secure latches, and adjustable leveling feet for stable installation on uneven surfaces. Perfect for homeowners, workshops, or commercial use needing compact, portable outdoor storage without a full garage."},{"@type":"BreadcrumbList","@id":"https:\/\/www.gkcpro.com\/product\/motorcycle-storage-container-for-wholesale\/#breadcrumb","itemListElement":[{"@type":"ListItem","position":1,"name":"\u9996\u9875","item":"https:\/\/www.gkcpro.com\/"},{"@type":"ListItem","position":2,"name":"Products","item":"https:\/\/www.gkcpro.com\/shop\/"},{"@type":"ListItem","position":3,"name":"Motorcycle storage container for wholesale"}]},{"@type":"WebSite","@id":"https:\/\/www.gkcpro.com\/#website","url":"https:\/\/www.gkcpro.com\/","name":"Container House Co. Ltd.","description":"Containerhaus-Fabrik","potentialAction":[{"@type":"SearchAction","target":{"@type":"EntryPoint","urlTemplate":"https:\/\/www.gkcpro.com\/?s={search_term_string}"},"query-input":{"@type":"PropertyValueSpecification","valueRequired":true,"valueName":"search_term_string"}}],"inLanguage":"de"}]}},"_links":{"self":[{"href":"https:\/\/www.gkcpro.com\/de\/wp-json\/wp\/v2\/product\/1090","targetHints":{"allow":["GET"]}}],"collection":[{"href":"https:\/\/www.gkcpro.com\/de\/wp-json\/wp\/v2\/product"}],"about":[{"href":"https:\/\/www.gkcpro.com\/de\/wp-json\/wp\/v2\/types\/product"}],"wp:featuredmedia":[{"embeddable":true,"href":"https:\/\/www.gkcpro.com\/de\/wp-json\/wp\/v2\/media\/1091"}],"wp:attachment":[{"href":"https:\/\/www.gkcpro.com\/de\/wp-json\/wp\/v2\/media?parent=1090"}],"wp:term":[{"taxonomy":"product_brand","embeddable":true,"href":"https:\/\/www.gkcpro.com\/de\/wp-json\/wp\/v2\/product_brand?post=1090"},{"taxonomy":"product_cat","embeddable":true,"href":"https:\/\/www.gkcpro.com\/de\/wp-json\/wp\/v2\/product_cat?post=1090"},{"taxonomy":"product_tag","embeddable":true,"href":"https:\/\/www.gkcpro.com\/de\/wp-json\/wp\/v2\/product_tag?post=1090"}],"curies":[{"name":"wp","href":"https:\/\/api.w.org\/{rel}","templated":true}]}}