{"id":1022,"date":"2026-02-10T10:47:11","date_gmt":"2026-02-10T02:47:11","guid":{"rendered":"https:\/\/www.gkcpro.com\/?post_type=product&#038;p=1022"},"modified":"2026-04-17T14:00:33","modified_gmt":"2026-04-17T06:00:33","slug":"10ft-storage-container-oem-odm-support","status":"publish","type":"product","link":"https:\/\/www.gkcpro.com\/de\/product\/10ft-storage-container-oem-odm-support\/","title":{"rendered":"10ft Lagercontainer\/OEM ODM Unterst\u00fctzung"},"content":{"rendered":"<div class=\"flex flex-col text-sm pb-25\">\n<article class=\"text-token-text-primary w-full focus:outline-none [--shadow-height:45px] has-data-writing-block:pointer-events-none has-data-writing-block:-mt-(--shadow-height) has-data-writing-block:pt-(--shadow-height) [&amp;:has([data-writing-block])&gt;*]:pointer-events-auto [content-visibility:auto] supports-[content-visibility:auto]:[contain-intrinsic-size:auto_100lvh] scroll-mt-[calc(var(--header-height)+min(200px,max(70px,20svh)))]\" dir=\"auto\" tabindex=\"-1\" data-turn-id=\"25060405-75fc-4a70-9ba8-9b7f69246fc9\" data-testid=\"conversation-turn-219\" data-scroll-anchor=\"true\" data-turn=\"assistant\">\n<div class=\"text-base my-auto mx-auto pb-10 [--thread-content-margin:--spacing(4)] @w-sm\/main:[--thread-content-margin:--spacing(6)] @w-lg\/main:[--thread-content-margin:--spacing(16)] px-(--thread-content-margin)\">\n<div class=\"[--thread-content-max-width:40rem] @w-lg\/main:[--thread-content-max-width:48rem] mx-auto max-w-(--thread-content-max-width) flex-1 group\/turn-messages focus-visible:outline-hidden relative flex w-full min-w-0 flex-col agent-turn\" tabindex=\"-1\">\n<div class=\"flex max-w-full flex-col grow\">\n<div class=\"min-h-8 text-message relative flex w-full flex-col items-end gap-2 text-start break-words whitespace-normal [.text-message+&amp;]:mt-1\" dir=\"auto\" data-message-author-role=\"assistant\" data-message-id=\"f9387e06-27b3-4117-88a8-17abcf513fe2\" data-message-model-slug=\"gpt-5-2\">\n<div class=\"flex w-full flex-col gap-1 empty:hidden first:pt-[1px]\">\n<div class=\"markdown prose dark:prose-invert w-full wrap-break-word light markdown-new-styling\">\n<p data-start=\"0\" data-end=\"45\">10ft Lagercontainer von der Fabrik gebaut<\/p>\n<p data-start=\"47\" data-end=\"290\">A <strong data-start=\"49\" data-end=\"75\">10ft Lagercontainer<\/strong> ist eine kleine Stahlbox, in der die Dinge sicher, trocken und leicht zu erreichen sind.<br data-start=\"144\" data-end=\"147\" \/>Wir stellen diesen Container in unserer eigenen Fabrik her, mit starkem Stahl und intelligentem Design. Er ist klein, aber er bietet viel Platz f\u00fcr Werkzeuge, Ausr\u00fcstung und Vorr\u00e4te.<\/p>\n<hr data-start=\"292\" data-end=\"295\" \/>\n<h2 data-start=\"297\" data-end=\"345\">Was ist ein 10ft Lagercontainer?<\/h2>\n<p data-start=\"347\" data-end=\"374\">Stellen Sie sich einen kleinen Stahlraum vor.<\/p>\n<ul data-start=\"376\" data-end=\"428\">\n<li data-start=\"376\" data-end=\"392\">\n<p data-start=\"378\" data-end=\"392\">Kurze L\u00e4nge<\/p>\n<\/li>\n<li data-start=\"393\" data-end=\"409\">\n<p data-start=\"395\" data-end=\"409\">Starke W\u00e4nde<\/p>\n<\/li>\n<li data-start=\"410\" data-end=\"428\">\n<p data-start=\"412\" data-end=\"428\">Abschlie\u00dfbare T\u00fcren<\/p>\n<\/li>\n<\/ul>\n<p data-start=\"430\" data-end=\"539\">Dieser kompakte Aufbewahrungsbeh\u00e4lter passt \u00fcberall hin, wo wenig Platz ist. Er ist leicht zu platzieren, leicht zu benutzen und leicht zu bewegen.<\/p>\n<hr data-start=\"541\" data-end=\"544\" \/>\n<h2 data-start=\"546\" data-end=\"576\">Container Manufacturer Feature<\/h2>\n<p data-start=\"578\" data-end=\"626\">Wir sind kein Vermietungsunternehmen.<br data-start=\"606\" data-end=\"609\" \/>Wir sind der Sch\u00f6pfer.<\/p>\n<p data-start=\"628\" data-end=\"643\">In unserer Fabrik:<\/p>\n<ul data-start=\"644\" data-end=\"782\">\n<li data-start=\"644\" data-end=\"679\">\n<p data-start=\"646\" data-end=\"679\">Stahlbleche werden geschnitten und geformt<\/p>\n<\/li>\n<li data-start=\"680\" data-end=\"713\">\n<p data-start=\"682\" data-end=\"713\">Rahmen sind als ein K\u00f6rper geschwei\u00dft<\/p>\n<\/li>\n<li data-start=\"714\" data-end=\"747\">\n<p data-start=\"716\" data-end=\"747\">T\u00fcren und Schl\u00f6sser sind eingebaut<\/p>\n<\/li>\n<li data-start=\"748\" data-end=\"782\">\n<p data-start=\"750\" data-end=\"782\">R\u00e4der k\u00f6nnen hinzugef\u00fcgt und getestet werden<\/p>\n<\/li>\n<\/ul>\n<p data-start=\"784\" data-end=\"804\">\ud83d\udcca <strong data-start=\"787\" data-end=\"803\">Werksdaten<\/strong>:<\/p>\n<ul data-start=\"805\" data-end=\"920\">\n<li data-start=\"805\" data-end=\"834\">\n<p data-start=\"807\" data-end=\"834\">Stahlst\u00e4rke: 14-Gauge<\/p>\n<\/li>\n<li data-start=\"835\" data-end=\"866\">\n<p data-start=\"837\" data-end=\"866\">Gr\u00f6\u00dfe: 10 Fu\u00df \u00d7 8 Fu\u00df \u00d7 8,5 Fu\u00df<\/p>\n<\/li>\n<li data-start=\"867\" data-end=\"892\">\n<p data-start=\"869\" data-end=\"892\">Bauzeit: 7-10 Tage<\/p>\n<\/li>\n<li data-start=\"893\" data-end=\"920\">\n<p data-start=\"895\" data-end=\"920\">Lebensdauer: 15+ Jahre<\/p>\n<\/li>\n<\/ul>\n<p data-start=\"922\" data-end=\"963\">Dies f\u00fchrt zu einer stabilen Qualit\u00e4t f\u00fcr jede Einheit.<\/p>\n<hr data-start=\"965\" data-end=\"968\" \/>\n<h2 data-start=\"970\" data-end=\"1003\">Warum R\u00e4der ein gro\u00dfer Vorteil sind<\/h2>\n<p data-start=\"1005\" data-end=\"1082\">Ein normaler Container bleibt an einer Stelle stehen.<br data-start=\"1042\" data-end=\"1045\" \/>Ein Lagercontainer auf R\u00e4dern kann sich bewegen.<\/p>\n<p data-start=\"1084\" data-end=\"1096\">Mit R\u00e4dern:<\/p>\n<ul data-start=\"1097\" data-end=\"1235\">\n<li data-start=\"1097\" data-end=\"1130\">\n<p data-start=\"1099\" data-end=\"1130\">Ein oder zwei Personen k\u00f6nnen es rollen<\/p>\n<\/li>\n<li data-start=\"1131\" data-end=\"1169\">\n<p data-start=\"1133\" data-end=\"1169\">Kein Gabelstapler f\u00fcr kurze Umz\u00fcge erforderlich<\/p>\n<\/li>\n<li data-start=\"1170\" data-end=\"1205\">\n<p data-start=\"1172\" data-end=\"1205\">Einfacher Positionswechsel vor Ort<\/p>\n<\/li>\n<li data-start=\"1206\" data-end=\"1235\">\n<p data-start=\"1208\" data-end=\"1235\">Spart Zeit und Arbeitskosten<\/p>\n<\/li>\n<\/ul>\n<p data-start=\"1237\" data-end=\"1279\">Das macht ihn perfekt f\u00fcr stark frequentierte Arbeitsbereiche.<\/p>\n<hr data-start=\"1281\" data-end=\"1284\" \/>\n<h2 data-start=\"1286\" data-end=\"1312\">Starke und sichere Lagerung<\/h2>\n<p data-start=\"1314\" data-end=\"1381\">Das Stahlgeh\u00e4use ist wetterfest.<br data-start=\"1345\" data-end=\"1348\" \/>Der Regen bleibt aus.<br data-start=\"1363\" data-end=\"1366\" \/>Der Staub bleibt drau\u00dfen.<\/p>\n<p data-start=\"1383\" data-end=\"1481\">Im Inneren verwenden wir eine Nockenstangenverriegelung f\u00fcr mehr Sicherheit.<br data-start=\"1434\" data-end=\"1437\" \/>Werkzeuge und Ausr\u00fcstung bleiben Tag und Nacht sicher.<\/p>\n<hr data-start=\"1483\" data-end=\"1486\" \/>\n<h2 data-start=\"1488\" data-end=\"1522\">Kundenspezifische Optionen ab Werk<\/h2>\n<p data-start=\"1524\" data-end=\"1535\">Wir k\u00f6nnen hinzuf\u00fcgen:<\/p>\n<ul data-start=\"1536\" data-end=\"1612\">\n<li data-start=\"1536\" data-end=\"1547\">\n<p data-start=\"1538\" data-end=\"1547\">Regale<\/p>\n<\/li>\n<li data-start=\"1548\" data-end=\"1561\">\n<p data-start=\"1550\" data-end=\"1561\">Entl\u00fcftungs\u00f6ffnungen<\/p>\n<\/li>\n<li data-start=\"1562\" data-end=\"1576\">\n<p data-start=\"1564\" data-end=\"1576\">LED-Leuchten<\/p>\n<\/li>\n<li data-start=\"1577\" data-end=\"1591\">\n<p data-start=\"1579\" data-end=\"1591\">Isolierung<\/p>\n<\/li>\n<li data-start=\"1592\" data-end=\"1612\">\n<p data-start=\"1594\" data-end=\"1612\">Innere Trennw\u00e4nde<\/p>\n<\/li>\n<\/ul>\n<p data-start=\"1614\" data-end=\"1670\">Jeder kleine Lagercontainer ist so gebaut, dass er dem tats\u00e4chlichen Gebrauch entspricht.<\/p>\n<hr data-start=\"1672\" data-end=\"1675\" \/>\n<h2 data-start=\"1677\" data-end=\"1696\">Wo es verwendet wird<\/h2>\n<p data-start=\"1698\" data-end=\"1738\">Die K\u00e4ufer verwenden diesen Mini-Stahlbeh\u00e4lter in:<\/p>\n<ul data-start=\"1739\" data-end=\"1821\">\n<li data-start=\"1739\" data-end=\"1761\">\n<p data-start=\"1741\" data-end=\"1761\">Baustellen<\/p>\n<\/li>\n<li data-start=\"1762\" data-end=\"1779\">\n<p data-start=\"1764\" data-end=\"1779\">Einzelhandelsgesch\u00e4fte<\/p>\n<\/li>\n<li data-start=\"1780\" data-end=\"1793\">\n<p data-start=\"1782\" data-end=\"1793\">Krankenh\u00e4user<\/p>\n<\/li>\n<li data-start=\"1794\" data-end=\"1821\">\n<p data-start=\"1796\" data-end=\"1821\">Fabriken und Werkst\u00e4tten<\/p>\n<\/li>\n<\/ul>\n<p data-start=\"1823\" data-end=\"1870\">Er eignet sich gut f\u00fcr leichte bis mittelschwere Lagerung.<\/p>\n<hr data-start=\"1872\" data-end=\"1875\" \/>\n<h2 data-start=\"1877\" data-end=\"1891\">Letzte Worte<\/h2>\n<p data-start=\"1893\" data-end=\"2049\">A <strong data-start=\"1895\" data-end=\"1921\">10ft Lagercontainer<\/strong> ist klein, stark und clever - vor allem mit R\u00e4dern.<br data-start=\"1973\" data-end=\"1976\" \/>Als Hersteller bauen wir sie f\u00fcr echte Arbeit, echte Standorte und echte Benutzer.<\/p>\n<p data-start=\"2051\" data-end=\"2167\" data-is-last-node=\"\" data-is-only-node=\"\">Wenn Sie eine langlebige, leicht zu bewegende <strong data-start=\"2087\" data-end=\"2113\">10ft Lagercontainer<\/strong>, Setzen Sie sich mit uns in Verbindung, um Werkspreise und kundenspezifische L\u00f6sungen zu erhalten.<\/p>\n<\/div>\n<\/div>\n<\/div>\n<\/div>\n<div class=\"z-0 flex min-h-[46px] justify-start\"><\/div>\n<\/div>\n<\/div>\n<\/article>\n<\/div>\n<div class=\"pointer-events-none h-px w-px absolute bottom-0\" aria-hidden=\"true\" data-edge=\"true\"><\/div>","protected":false},"excerpt":{"rendered":"<p><img loading=\"lazy\" decoding=\"async\" class=\"alignnone size-full wp-image-1139\" src=\"https:\/\/www.gkcpro.com\/wp-content\/uploads\/2026\/02\/evaluate.jpg\" alt=\"Meine Container werden in viele L\u00e4nder exportiert; dies ist ein Beispiel f\u00fcr die Erfahrungen unserer Kunden.\" width=\"1000\" height=\"474\" srcset=\"https:\/\/www.gkcpro.com\/wp-content\/uploads\/2026\/02\/evaluate.jpg 1000w, https:\/\/www.gkcpro.com\/wp-content\/uploads\/2026\/02\/evaluate-300x142.jpg 300w, https:\/\/www.gkcpro.com\/wp-content\/uploads\/2026\/02\/evaluate-768x364.jpg 768w, https:\/\/www.gkcpro.com\/wp-content\/uploads\/2026\/02\/evaluate-18x9.jpg 18w, https:\/\/www.gkcpro.com\/wp-content\/uploads\/2026\/02\/evaluate-624x296.jpg 624w, https:\/\/www.gkcpro.com\/wp-content\/uploads\/2026\/02\/evaluate-800x379.jpg 800w\" sizes=\"auto, (max-width: 1000px) 100vw, 1000px\" \/><img loading=\"lazy\" decoding=\"async\" class=\"alignnone wp-image-1137 size-full\" src=\"https:\/\/www.gkcpro.com\/wp-content\/uploads\/2026\/02\/container-house-certificates.jpg\" alt=\"Pr\u00e4sentation internationaler Zertifikate, einschlie\u00dflich ISO 9001, CE und Struktursicherheitszertifizierungen f\u00fcr unsere Export-Containerh\u00e4user und Container\" width=\"1470\" height=\"2000\" srcset=\"https:\/\/www.gkcpro.com\/wp-content\/uploads\/2026\/02\/container-house-certificates.jpg 1470w, https:\/\/www.gkcpro.com\/wp-content\/uploads\/2026\/02\/container-house-certificates-221x300.jpg 221w, https:\/\/www.gkcpro.com\/wp-content\/uploads\/2026\/02\/container-house-certificates-753x1024.jpg 753w, https:\/\/www.gkcpro.com\/wp-content\/uploads\/2026\/02\/container-house-certificates-768x1045.jpg 768w, https:\/\/www.gkcpro.com\/wp-content\/uploads\/2026\/02\/container-house-certificates-1129x1536.jpg 1129w, https:\/\/www.gkcpro.com\/wp-content\/uploads\/2026\/02\/container-house-certificates-9x12.jpg 9w, https:\/\/www.gkcpro.com\/wp-content\/uploads\/2026\/02\/container-house-certificates-624x849.jpg 624w, https:\/\/www.gkcpro.com\/wp-content\/uploads\/2026\/02\/container-house-certificates-800x1088.jpg 800w\" sizes=\"auto, (max-width: 1470px) 100vw, 1470px\" \/><\/p>","protected":false},"featured_media":1023,"template":"","meta":[],"product_brand":[],"product_cat":[54],"product_tag":[],"class_list":{"0":"post-1022","1":"product","2":"type-product","3":"status-publish","4":"has-post-thumbnail","6":"product_cat-special-container","8":"first","9":"instock","10":"shipping-taxable","11":"product-type-simple"},"yoast_head":"<!-- This site is optimized with the Yoast SEO plugin v26.6 - https:\/\/yoast.com\/wordpress\/plugins\/seo\/ -->\n<title>10ft Storage Container - china container manufacturer<\/title>\n<meta name=\"robots\" content=\"index, follow, max-snippet:-1, max-image-preview:large, max-video-preview:-1\" \/>\n<link rel=\"canonical\" href=\"https:\/\/www.gkcpro.com\/de\/product\/10ft-storage-container-oem-odm-support\/\" \/>\n<meta property=\"og:locale\" content=\"de_DE\" \/>\n<meta property=\"og:type\" content=\"article\" \/>\n<meta property=\"og:title\" content=\"10ft Storage Container - china container manufacturer\" \/>\n<meta property=\"og:url\" content=\"https:\/\/www.gkcpro.com\/de\/product\/10ft-storage-container-oem-odm-support\/\" \/>\n<meta property=\"og:site_name\" content=\"Container House Co., Ltd.\" \/>\n<meta property=\"article:modified_time\" content=\"2026-04-17T06:00:33+00:00\" \/>\n<meta property=\"og:image\" content=\"https:\/\/www.gkcpro.com\/wp-content\/uploads\/2026\/02\/10ft-storage-container.jpg\" \/>\n\t<meta property=\"og:image:width\" content=\"1920\" \/>\n\t<meta property=\"og:image:height\" content=\"1080\" \/>\n\t<meta property=\"og:image:type\" content=\"image\/jpeg\" \/>\n<meta name=\"twitter:card\" content=\"summary_large_image\" \/>\n<meta name=\"twitter:label1\" content=\"Gesch\u00e4tzte Lesezeit\" \/>\n\t<meta name=\"twitter:data1\" content=\"2\u00a0Minuten\" \/>\n<script type=\"application\/ld+json\" class=\"yoast-schema-graph\">{\"@context\":\"https:\/\/schema.org\",\"@graph\":[{\"@type\":\"WebPage\",\"@id\":\"https:\/\/www.gkcpro.com\/product\/10ft-storage-container-oem-odm-support\/\",\"url\":\"https:\/\/www.gkcpro.com\/product\/10ft-storage-container-oem-odm-support\/\",\"name\":\"10ft Storage Container - china container manufacturer\",\"isPartOf\":{\"@id\":\"https:\/\/www.gkcpro.com\/#website\"},\"primaryImageOfPage\":{\"@id\":\"https:\/\/www.gkcpro.com\/product\/10ft-storage-container-oem-odm-support\/#primaryimage\"},\"image\":{\"@id\":\"https:\/\/www.gkcpro.com\/product\/10ft-storage-container-oem-odm-support\/#primaryimage\"},\"thumbnailUrl\":\"https:\/\/www.gkcpro.com\/wp-content\/uploads\/2026\/02\/10ft-storage-container.jpg\",\"datePublished\":\"2026-02-10T02:47:11+00:00\",\"dateModified\":\"2026-04-17T06:00:33+00:00\",\"breadcrumb\":{\"@id\":\"https:\/\/www.gkcpro.com\/product\/10ft-storage-container-oem-odm-support\/#breadcrumb\"},\"inLanguage\":\"de\",\"potentialAction\":[{\"@type\":\"ReadAction\",\"target\":[\"https:\/\/www.gkcpro.com\/product\/10ft-storage-container-oem-odm-support\/\"]}]},{\"@type\":\"ImageObject\",\"inLanguage\":\"de\",\"@id\":\"https:\/\/www.gkcpro.com\/product\/10ft-storage-container-oem-odm-support\/#primaryimage\",\"url\":\"https:\/\/www.gkcpro.com\/wp-content\/uploads\/2026\/02\/10ft-storage-container.jpg\",\"contentUrl\":\"https:\/\/www.gkcpro.com\/wp-content\/uploads\/2026\/02\/10ft-storage-container.jpg\",\"width\":1920,\"height\":1080,\"caption\":\"Reliable 10ft storage container ideal for secure on-site storage and easy stacking\"},{\"@type\":\"BreadcrumbList\",\"@id\":\"https:\/\/www.gkcpro.com\/product\/10ft-storage-container-oem-odm-support\/#breadcrumb\",\"itemListElement\":[{\"@type\":\"ListItem\",\"position\":1,\"name\":\"\u9996\u9875\",\"item\":\"https:\/\/www.gkcpro.com\/\"},{\"@type\":\"ListItem\",\"position\":2,\"name\":\"Products\",\"item\":\"https:\/\/www.gkcpro.com\/shop\/\"},{\"@type\":\"ListItem\",\"position\":3,\"name\":\"10ft Storage Container\/OEM ODM support\"}]},{\"@type\":\"WebSite\",\"@id\":\"https:\/\/www.gkcpro.com\/#website\",\"url\":\"https:\/\/www.gkcpro.com\/\",\"name\":\"Container House Co., Ltd.\",\"description\":\"Container House factory\",\"potentialAction\":[{\"@type\":\"SearchAction\",\"target\":{\"@type\":\"EntryPoint\",\"urlTemplate\":\"https:\/\/www.gkcpro.com\/?s={search_term_string}\"},\"query-input\":{\"@type\":\"PropertyValueSpecification\",\"valueRequired\":true,\"valueName\":\"search_term_string\"}}],\"inLanguage\":\"de\"}]}<\/script>\n<!-- \/ Yoast SEO plugin. -->","yoast_head_json":{"title":"10ft Storage Container - China Container Hersteller","robots":{"index":"index","follow":"follow","max-snippet":"max-snippet:-1","max-image-preview":"max-image-preview:large","max-video-preview":"max-video-preview:-1"},"canonical":"https:\/\/www.gkcpro.com\/de\/product\/10ft-storage-container-oem-odm-support\/","og_locale":"de_DE","og_type":"article","og_title":"10ft Storage Container - china container manufacturer","og_url":"https:\/\/www.gkcpro.com\/de\/product\/10ft-storage-container-oem-odm-support\/","og_site_name":"Container House Co., Ltd.","article_modified_time":"2026-04-17T06:00:33+00:00","og_image":[{"width":1920,"height":1080,"url":"https:\/\/www.gkcpro.com\/wp-content\/uploads\/2026\/02\/10ft-storage-container.jpg","type":"image\/jpeg"}],"twitter_card":"summary_large_image","twitter_misc":{"Gesch\u00e4tzte Lesezeit":"2\u00a0Minuten"},"schema":{"@context":"https:\/\/schema.org","@graph":[{"@type":"WebPage","@id":"https:\/\/www.gkcpro.com\/product\/10ft-storage-container-oem-odm-support\/","url":"https:\/\/www.gkcpro.com\/product\/10ft-storage-container-oem-odm-support\/","name":"10ft Storage Container - China Container Hersteller","isPartOf":{"@id":"https:\/\/www.gkcpro.com\/#website"},"primaryImageOfPage":{"@id":"https:\/\/www.gkcpro.com\/product\/10ft-storage-container-oem-odm-support\/#primaryimage"},"image":{"@id":"https:\/\/www.gkcpro.com\/product\/10ft-storage-container-oem-odm-support\/#primaryimage"},"thumbnailUrl":"https:\/\/www.gkcpro.com\/wp-content\/uploads\/2026\/02\/10ft-storage-container.jpg","datePublished":"2026-02-10T02:47:11+00:00","dateModified":"2026-04-17T06:00:33+00:00","breadcrumb":{"@id":"https:\/\/www.gkcpro.com\/product\/10ft-storage-container-oem-odm-support\/#breadcrumb"},"inLanguage":"de","potentialAction":[{"@type":"ReadAction","target":["https:\/\/www.gkcpro.com\/product\/10ft-storage-container-oem-odm-support\/"]}]},{"@type":"ImageObject","inLanguage":"de","@id":"https:\/\/www.gkcpro.com\/product\/10ft-storage-container-oem-odm-support\/#primaryimage","url":"https:\/\/www.gkcpro.com\/wp-content\/uploads\/2026\/02\/10ft-storage-container.jpg","contentUrl":"https:\/\/www.gkcpro.com\/wp-content\/uploads\/2026\/02\/10ft-storage-container.jpg","width":1920,"height":1080,"caption":"Reliable 10ft storage container ideal for secure on-site storage and easy stacking"},{"@type":"BreadcrumbList","@id":"https:\/\/www.gkcpro.com\/product\/10ft-storage-container-oem-odm-support\/#breadcrumb","itemListElement":[{"@type":"ListItem","position":1,"name":"\u9996\u9875","item":"https:\/\/www.gkcpro.com\/"},{"@type":"ListItem","position":2,"name":"Products","item":"https:\/\/www.gkcpro.com\/shop\/"},{"@type":"ListItem","position":3,"name":"10ft Storage Container\/OEM ODM support"}]},{"@type":"WebSite","@id":"https:\/\/www.gkcpro.com\/#website","url":"https:\/\/www.gkcpro.com\/","name":"Container House Co. Ltd.","description":"Containerhaus-Fabrik","potentialAction":[{"@type":"SearchAction","target":{"@type":"EntryPoint","urlTemplate":"https:\/\/www.gkcpro.com\/?s={search_term_string}"},"query-input":{"@type":"PropertyValueSpecification","valueRequired":true,"valueName":"search_term_string"}}],"inLanguage":"de"}]}},"_links":{"self":[{"href":"https:\/\/www.gkcpro.com\/de\/wp-json\/wp\/v2\/product\/1022","targetHints":{"allow":["GET"]}}],"collection":[{"href":"https:\/\/www.gkcpro.com\/de\/wp-json\/wp\/v2\/product"}],"about":[{"href":"https:\/\/www.gkcpro.com\/de\/wp-json\/wp\/v2\/types\/product"}],"wp:featuredmedia":[{"embeddable":true,"href":"https:\/\/www.gkcpro.com\/de\/wp-json\/wp\/v2\/media\/1023"}],"wp:attachment":[{"href":"https:\/\/www.gkcpro.com\/de\/wp-json\/wp\/v2\/media?parent=1022"}],"wp:term":[{"taxonomy":"product_brand","embeddable":true,"href":"https:\/\/www.gkcpro.com\/de\/wp-json\/wp\/v2\/product_brand?post=1022"},{"taxonomy":"product_cat","embeddable":true,"href":"https:\/\/www.gkcpro.com\/de\/wp-json\/wp\/v2\/product_cat?post=1022"},{"taxonomy":"product_tag","embeddable":true,"href":"https:\/\/www.gkcpro.com\/de\/wp-json\/wp\/v2\/product_tag?post=1022"}],"curies":[{"name":"wp","href":"https:\/\/api.w.org\/{rel}","templated":true}]}}